{"id":229548,"date":"2026-01-06T16:23:19","date_gmt":"2026-01-06T15:23:19","guid":{"rendered":"https:\/\/shop.bantam.ch\/produit\/satanlage-automatisch-traveller-man-4\/"},"modified":"2026-04-18T23:53:52","modified_gmt":"2026-04-18T21:53:52","slug":"satanlage-automatisch-traveller-man-4","status":"publish","type":"product","link":"https:\/\/shop.bantam.ch\/de\/produkt\/satanlage-automatisch-traveller-man-4\/","title":{"rendered":"Satanlage automatisch Traveller Man 4"},"content":{"rendered":"<p><!--StartFragment --><!--StartFragment --><!--StartFragment --><\/p>\n<p>Der Traveller-Man 4 ist eine extrem flache Satellitenantenne, die sich vollautomatisch auf den gew\u00fcnschten Satelliten ausrichtet. Mit nur 14,5\u202fcm H\u00f6he l\u00e4sst sie sich ideal auf einem Caravan oder Wohnmobil montieren, ohne die Fahrzeugh\u00f6he wesentlich zu erh\u00f6hen. Trotz kompakter Bauweise empf\u00e4ngt sie TV-Programme in bester Qualit\u00e4t. Dank integriertem GPS kennt die Antenne beim Start ihren Standort und steuert gezielt den passenden Elevationswinkel an, wodurch die Suchzeit deutlich verk\u00fcrzt wird. Das Auto-Skew-System sorgt automatisch f\u00fcr die richtige Polarisation des LNBs und somit f\u00fcr optimalen Empfang in Europa. Die Antenne ist f\u00fcr zwei Teilnehmer geeignet und wird \u00fcber ein einziges Koaxialkabel mit dem Steuerger\u00e4t verbunden. Eine Montageplatte liegt bei, ein Mobil-Kit f\u00fcr flexible Nutzung ist separat erh\u00e4ltlich. Keine zuk\u00fcnftigen Firmware-Updates notwendig.<\/p>\n<p>&nbsp;<\/p>\n<p>Lieferumfang: inklusiveTraveller-Man 4, Mini-Steuerger\u00e4t, 1m und 10 m Koaxialkabel, Dachdurchf\u00fchrung, Bedienungsanleitung<\/p>\n<p><!--EndFragment --><\/p>\n<p><!--EndFragment --><!--EndFragment --><\/p>\n","protected":false},"excerpt":{"rendered":"<p>Der Traveller-Man 4 ist eine extrem flache Satellitenantenne, die sich vollautomatisch auf den gew\u00fcnschten Satelliten ausrichtet. Mit nur 14,5\u202fcm H\u00f6he l\u00e4sst sie sich ideal auf einem Caravan oder Wohnmobil montieren, ohne die Fahrzeugh\u00f6he wesentlich zu erh\u00f6hen. Trotz kompakter Bauweise empf\u00e4ngt sie TV-Programme in bester Qualit\u00e4t. Dank integriertem GPS kennt die Antenne beim Start ihren Standort [&hellip;]<\/p>\n","protected":false},"featured_media":229538,"template":"","meta":{"_acf_changed":false},"product_featured_cat":[],"product_brand":[],"product_cat":[4524],"product_tag":[],"class_list":{"0":"post-229548","1":"product","2":"type-product","3":"status-publish","4":"has-post-thumbnail","6":"product_cat-sat-anlagen","8":"first","9":"instock","10":"taxable","11":"shipping-taxable","12":"purchasable","13":"product-type-simple"},"acf":[],"yoast_head":"<!-- This site is optimized with the Yoast SEO plugin v27.4 - https:\/\/yoast.com\/product\/yoast-seo-wordpress\/ -->\n<title>Satanlage automatisch Traveller Man 4 - Bantam Camping AG<\/title>\n<meta name=\"robots\" content=\"index, follow, max-snippet:-1, max-image-preview:large, max-video-preview:-1\" \/>\n<link rel=\"canonical\" href=\"https:\/\/shop.bantam.ch\/de\/produkt\/satanlage-automatisch-traveller-man-4\/\" \/>\n<meta property=\"og:locale\" content=\"de_DE\" \/>\n<meta property=\"og:type\" content=\"article\" \/>\n<meta property=\"og:title\" content=\"Satanlage automatisch Traveller Man 4 - Bantam Camping AG\" \/>\n<meta property=\"og:description\" content=\"Der Traveller-Man 4 ist eine extrem flache Satellitenantenne, die sich vollautomatisch auf den gew\u00fcnschten Satelliten ausrichtet. Mit nur 14,5\u202fcm H\u00f6he l\u00e4sst sie sich ideal auf einem Caravan oder Wohnmobil montieren, ohne die Fahrzeugh\u00f6he wesentlich zu erh\u00f6hen. Trotz kompakter Bauweise empf\u00e4ngt sie TV-Programme in bester Qualit\u00e4t. Dank integriertem GPS kennt die Antenne beim Start ihren Standort [&hellip;]\" \/>\n<meta property=\"og:url\" content=\"https:\/\/shop.bantam.ch\/de\/produkt\/satanlage-automatisch-traveller-man-4\/\" \/>\n<meta property=\"og:site_name\" content=\"Bantam Camping AG\" \/>\n<meta property=\"article:modified_time\" content=\"2026-04-18T21:53:52+00:00\" \/>\n<meta name=\"twitter:card\" content=\"summary_large_image\" \/>\n<meta name=\"twitter:label1\" content=\"Gesch\u00e4tzte Lesezeit\" \/>\n\t<meta name=\"twitter:data1\" content=\"1\u00a0Minute\" \/>\n<script type=\"application\/ld+json\" class=\"yoast-schema-graph\">{\"@context\":\"https:\\\/\\\/schema.org\",\"@graph\":[{\"@type\":\"WebPage\",\"@id\":\"https:\\\/\\\/shop.bantam.ch\\\/de\\\/produkt\\\/satanlage-automatisch-traveller-man-4\\\/\",\"url\":\"https:\\\/\\\/shop.bantam.ch\\\/de\\\/produkt\\\/satanlage-automatisch-traveller-man-4\\\/\",\"name\":\"Satanlage automatisch Traveller Man 4 - Bantam Camping AG\",\"isPartOf\":{\"@id\":\"https:\\\/\\\/shop.bantam.ch\\\/de\\\/#website\"},\"primaryImageOfPage\":{\"@id\":\"https:\\\/\\\/shop.bantam.ch\\\/de\\\/produkt\\\/satanlage-automatisch-traveller-man-4\\\/#primaryimage\"},\"image\":{\"@id\":\"https:\\\/\\\/shop.bantam.ch\\\/de\\\/produkt\\\/satanlage-automatisch-traveller-man-4\\\/#primaryimage\"},\"thumbnailUrl\":\"https:\\\/\\\/shop.bantam.ch\\\/wp-content\\\/uploads\\\/2026\\\/01\\\/Movera-L-9976078100.png\",\"datePublished\":\"2026-01-06T15:23:19+00:00\",\"dateModified\":\"2026-04-18T21:53:52+00:00\",\"breadcrumb\":{\"@id\":\"https:\\\/\\\/shop.bantam.ch\\\/de\\\/produkt\\\/satanlage-automatisch-traveller-man-4\\\/#breadcrumb\"},\"inLanguage\":\"de\",\"potentialAction\":[{\"@type\":\"ReadAction\",\"target\":[\"https:\\\/\\\/shop.bantam.ch\\\/de\\\/produkt\\\/satanlage-automatisch-traveller-man-4\\\/\"]}]},{\"@type\":\"ImageObject\",\"inLanguage\":\"de\",\"@id\":\"https:\\\/\\\/shop.bantam.ch\\\/de\\\/produkt\\\/satanlage-automatisch-traveller-man-4\\\/#primaryimage\",\"url\":\"https:\\\/\\\/shop.bantam.ch\\\/wp-content\\\/uploads\\\/2026\\\/01\\\/Movera-L-9976078100.png\",\"contentUrl\":\"https:\\\/\\\/shop.bantam.ch\\\/wp-content\\\/uploads\\\/2026\\\/01\\\/Movera-L-9976078100.png\",\"width\":640,\"height\":571},{\"@type\":\"BreadcrumbList\",\"@id\":\"https:\\\/\\\/shop.bantam.ch\\\/de\\\/produkt\\\/satanlage-automatisch-traveller-man-4\\\/#breadcrumb\",\"itemListElement\":[{\"@type\":\"ListItem\",\"position\":1,\"name\":\"Accueil\",\"item\":\"https:\\\/\\\/shop.bantam.ch\\\/de\\\/\"},{\"@type\":\"ListItem\",\"position\":2,\"name\":\"Shop\",\"item\":\"https:\\\/\\\/shop.bantam.ch\\\/de\\\/shop\\\/\"},{\"@type\":\"ListItem\",\"position\":3,\"name\":\"Satanlage automatisch Traveller Man 4\"}]},{\"@type\":\"WebSite\",\"@id\":\"https:\\\/\\\/shop.bantam.ch\\\/de\\\/#website\",\"url\":\"https:\\\/\\\/shop.bantam.ch\\\/de\\\/\",\"name\":\"Bantam Camping AG\",\"description\":\"\",\"publisher\":{\"@id\":\"https:\\\/\\\/shop.bantam.ch\\\/de\\\/#organization\"},\"inLanguage\":\"de\"},{\"@type\":\"Organization\",\"@id\":\"https:\\\/\\\/shop.bantam.ch\\\/de\\\/#organization\",\"name\":\"Bantam Camping AG\",\"url\":\"https:\\\/\\\/shop.bantam.ch\\\/de\\\/\",\"logo\":{\"@type\":\"ImageObject\",\"inLanguage\":\"de\",\"@id\":\"https:\\\/\\\/shop.bantam.ch\\\/de\\\/#\\\/schema\\\/logo\\\/image\\\/\",\"url\":\"https:\\\/\\\/shop.bantam.ch\\\/wp-content\\\/uploads\\\/2022\\\/12\\\/bantam-logo.png\",\"contentUrl\":\"https:\\\/\\\/shop.bantam.ch\\\/wp-content\\\/uploads\\\/2022\\\/12\\\/bantam-logo.png\",\"width\":320,\"height\":71,\"caption\":\"Bantam Camping AG\"},\"image\":{\"@id\":\"https:\\\/\\\/shop.bantam.ch\\\/de\\\/#\\\/schema\\\/logo\\\/image\\\/\"}}]}<\/script>\n<!-- \/ Yoast SEO plugin. -->","yoast_head_json":{"title":"Satanlage automatisch Traveller Man 4 - Bantam Camping AG","robots":{"index":"index","follow":"follow","max-snippet":"max-snippet:-1","max-image-preview":"max-image-preview:large","max-video-preview":"max-video-preview:-1"},"canonical":"https:\/\/shop.bantam.ch\/de\/produkt\/satanlage-automatisch-traveller-man-4\/","og_locale":"de_DE","og_type":"article","og_title":"Satanlage automatisch Traveller Man 4 - Bantam Camping AG","og_description":"Der Traveller-Man 4 ist eine extrem flache Satellitenantenne, die sich vollautomatisch auf den gew\u00fcnschten Satelliten ausrichtet. Mit nur 14,5\u202fcm H\u00f6he l\u00e4sst sie sich ideal auf einem Caravan oder Wohnmobil montieren, ohne die Fahrzeugh\u00f6he wesentlich zu erh\u00f6hen. Trotz kompakter Bauweise empf\u00e4ngt sie TV-Programme in bester Qualit\u00e4t. Dank integriertem GPS kennt die Antenne beim Start ihren Standort [&hellip;]","og_url":"https:\/\/shop.bantam.ch\/de\/produkt\/satanlage-automatisch-traveller-man-4\/","og_site_name":"Bantam Camping AG","article_modified_time":"2026-04-18T21:53:52+00:00","twitter_card":"summary_large_image","twitter_misc":{"Gesch\u00e4tzte Lesezeit":"1\u00a0Minute"},"schema":{"@context":"https:\/\/schema.org","@graph":[{"@type":"WebPage","@id":"https:\/\/shop.bantam.ch\/de\/produkt\/satanlage-automatisch-traveller-man-4\/","url":"https:\/\/shop.bantam.ch\/de\/produkt\/satanlage-automatisch-traveller-man-4\/","name":"Satanlage automatisch Traveller Man 4 - Bantam Camping AG","isPartOf":{"@id":"https:\/\/shop.bantam.ch\/de\/#website"},"primaryImageOfPage":{"@id":"https:\/\/shop.bantam.ch\/de\/produkt\/satanlage-automatisch-traveller-man-4\/#primaryimage"},"image":{"@id":"https:\/\/shop.bantam.ch\/de\/produkt\/satanlage-automatisch-traveller-man-4\/#primaryimage"},"thumbnailUrl":"https:\/\/shop.bantam.ch\/wp-content\/uploads\/2026\/01\/Movera-L-9976078100.png","datePublished":"2026-01-06T15:23:19+00:00","dateModified":"2026-04-18T21:53:52+00:00","breadcrumb":{"@id":"https:\/\/shop.bantam.ch\/de\/produkt\/satanlage-automatisch-traveller-man-4\/#breadcrumb"},"inLanguage":"de","potentialAction":[{"@type":"ReadAction","target":["https:\/\/shop.bantam.ch\/de\/produkt\/satanlage-automatisch-traveller-man-4\/"]}]},{"@type":"ImageObject","inLanguage":"de","@id":"https:\/\/shop.bantam.ch\/de\/produkt\/satanlage-automatisch-traveller-man-4\/#primaryimage","url":"https:\/\/shop.bantam.ch\/wp-content\/uploads\/2026\/01\/Movera-L-9976078100.png","contentUrl":"https:\/\/shop.bantam.ch\/wp-content\/uploads\/2026\/01\/Movera-L-9976078100.png","width":640,"height":571},{"@type":"BreadcrumbList","@id":"https:\/\/shop.bantam.ch\/de\/produkt\/satanlage-automatisch-traveller-man-4\/#breadcrumb","itemListElement":[{"@type":"ListItem","position":1,"name":"Accueil","item":"https:\/\/shop.bantam.ch\/de\/"},{"@type":"ListItem","position":2,"name":"Shop","item":"https:\/\/shop.bantam.ch\/de\/shop\/"},{"@type":"ListItem","position":3,"name":"Satanlage automatisch Traveller Man 4"}]},{"@type":"WebSite","@id":"https:\/\/shop.bantam.ch\/de\/#website","url":"https:\/\/shop.bantam.ch\/de\/","name":"Bantam Camping AG","description":"","publisher":{"@id":"https:\/\/shop.bantam.ch\/de\/#organization"},"inLanguage":"de"},{"@type":"Organization","@id":"https:\/\/shop.bantam.ch\/de\/#organization","name":"Bantam Camping AG","url":"https:\/\/shop.bantam.ch\/de\/","logo":{"@type":"ImageObject","inLanguage":"de","@id":"https:\/\/shop.bantam.ch\/de\/#\/schema\/logo\/image\/","url":"https:\/\/shop.bantam.ch\/wp-content\/uploads\/2022\/12\/bantam-logo.png","contentUrl":"https:\/\/shop.bantam.ch\/wp-content\/uploads\/2022\/12\/bantam-logo.png","width":320,"height":71,"caption":"Bantam Camping AG"},"image":{"@id":"https:\/\/shop.bantam.ch\/de\/#\/schema\/logo\/image\/"}}]}},"_links":{"self":[{"href":"https:\/\/shop.bantam.ch\/de\/wp-json\/wp\/v2\/product\/229548","targetHints":{"allow":["GET"]}}],"collection":[{"href":"https:\/\/shop.bantam.ch\/de\/wp-json\/wp\/v2\/product"}],"about":[{"href":"https:\/\/shop.bantam.ch\/de\/wp-json\/wp\/v2\/types\/product"}],"wp:featuredmedia":[{"embeddable":true,"href":"https:\/\/shop.bantam.ch\/de\/wp-json\/wp\/v2\/media\/229538"}],"wp:attachment":[{"href":"https:\/\/shop.bantam.ch\/de\/wp-json\/wp\/v2\/media?parent=229548"}],"wp:term":[{"taxonomy":"product_featured_cat","embeddable":true,"href":"https:\/\/shop.bantam.ch\/de\/wp-json\/wp\/v2\/product_featured_cat?post=229548"},{"taxonomy":"product_brand","embeddable":true,"href":"https:\/\/shop.bantam.ch\/de\/wp-json\/wp\/v2\/product_brand?post=229548"},{"taxonomy":"product_cat","embeddable":true,"href":"https:\/\/shop.bantam.ch\/de\/wp-json\/wp\/v2\/product_cat?post=229548"},{"taxonomy":"product_tag","embeddable":true,"href":"https:\/\/shop.bantam.ch\/de\/wp-json\/wp\/v2\/product_tag?post=229548"}],"curies":[{"name":"wp","href":"https:\/\/api.w.org\/{rel}","templated":true}]}}