{"id":229506,"date":"2026-01-06T16:21:59","date_gmt":"2026-01-06T15:21:59","guid":{"rendered":"https:\/\/shop.bantam.ch\/produit\/geka-plus-schlauchstueck-trinkwasser-mit-wasserstopp\/"},"modified":"2026-04-19T02:33:42","modified_gmt":"2026-04-19T00:33:42","slug":"geka-plus-schlauchstueck-trinkwasser-mit-wasserstopp","status":"publish","type":"product","link":"https:\/\/shop.bantam.ch\/de\/produkt\/geka-plus-schlauchstueck-trinkwasser-mit-wasserstopp\/","title":{"rendered":"GEKA plus Schlauchst\u00fcck Trinkwasser mit Wasserstopp"},"content":{"rendered":"<p>Das GEKA plus Schlauchst\u00fcck Trinkwasser mit Wasserstopp bietet eine sichere und hygienische Verbindung f\u00fcr Trinkwassersysteme. Es besteht aus bleifreiem Messing und besitzt eine blaue EPDM-Dichtung als Zeichen gepr\u00fcfter Hygiene. Zertifiziert nach DVGW (DW-0310CQ0490), ist es f\u00fcr den Trinkwassereinsatz geeignet. Die Wasserstopp-Funktion unterbricht den Wasserfluss beim Abkuppeln automatisch, was zus\u00e4tzlichen Komfort und Sicherheit bietet. Das leichtg\u00e4ngige Stecksystem erm\u00f6glicht eine einfache Verbindung und ist extrem robust. Ideal in Kombination mit zertifizierten Trinkwasserschl\u00e4uchen wie Conti Aquapal oder Rehau Rauaqua, garantiert es beste Trinkwasserqualit\u00e4t.<\/p>\n","protected":false},"excerpt":{"rendered":"<p>Das GEKA plus Schlauchst\u00fcck Trinkwasser mit Wasserstopp bietet eine sichere und hygienische Verbindung f\u00fcr Trinkwassersysteme. Es besteht aus bleifreiem Messing und besitzt eine blaue EPDM-Dichtung als Zeichen gepr\u00fcfter Hygiene. Zertifiziert nach DVGW (DW-0310CQ0490), ist es f\u00fcr den Trinkwassereinsatz geeignet. Die Wasserstopp-Funktion unterbricht den Wasserfluss beim Abkuppeln automatisch, was zus\u00e4tzlichen Komfort und Sicherheit bietet. Das leichtg\u00e4ngige [&hellip;]<\/p>\n","protected":false},"featured_media":229502,"template":"","meta":{"_acf_changed":false},"product_featured_cat":[],"product_brand":[],"product_cat":[4622],"product_tag":[],"class_list":{"0":"post-229506","1":"product","2":"type-product","3":"status-publish","4":"has-post-thumbnail","6":"product_cat-schlauchverbinder","8":"first","9":"instock","10":"taxable","11":"shipping-taxable","12":"purchasable","13":"product-type-variable"},"acf":[],"yoast_head":"<!-- This site is optimized with the Yoast SEO plugin v27.4 - https:\/\/yoast.com\/product\/yoast-seo-wordpress\/ -->\n<title>GEKA plus Schlauchst\u00fcck Trinkwasser mit Wasserstopp - Bantam Camping AG<\/title>\n<meta name=\"robots\" content=\"index, follow, max-snippet:-1, max-image-preview:large, max-video-preview:-1\" \/>\n<link rel=\"canonical\" href=\"https:\/\/shop.bantam.ch\/de\/produkt\/geka-plus-schlauchstueck-trinkwasser-mit-wasserstopp\/\" \/>\n<meta property=\"og:locale\" content=\"de_DE\" \/>\n<meta property=\"og:type\" content=\"article\" \/>\n<meta property=\"og:title\" content=\"GEKA plus Schlauchst\u00fcck Trinkwasser mit Wasserstopp - Bantam Camping AG\" \/>\n<meta property=\"og:description\" content=\"Das GEKA plus Schlauchst\u00fcck Trinkwasser mit Wasserstopp bietet eine sichere und hygienische Verbindung f\u00fcr Trinkwassersysteme. Es besteht aus bleifreiem Messing und besitzt eine blaue EPDM-Dichtung als Zeichen gepr\u00fcfter Hygiene. Zertifiziert nach DVGW (DW-0310CQ0490), ist es f\u00fcr den Trinkwassereinsatz geeignet. Die Wasserstopp-Funktion unterbricht den Wasserfluss beim Abkuppeln automatisch, was zus\u00e4tzlichen Komfort und Sicherheit bietet. Das leichtg\u00e4ngige [&hellip;]\" \/>\n<meta property=\"og:url\" content=\"https:\/\/shop.bantam.ch\/de\/produkt\/geka-plus-schlauchstueck-trinkwasser-mit-wasserstopp\/\" \/>\n<meta property=\"og:site_name\" content=\"Bantam Camping AG\" \/>\n<meta property=\"article:modified_time\" content=\"2026-04-19T00:33:42+00:00\" \/>\n<meta name=\"twitter:card\" content=\"summary_large_image\" \/>\n<script type=\"application\/ld+json\" class=\"yoast-schema-graph\">{\"@context\":\"https:\\\/\\\/schema.org\",\"@graph\":[{\"@type\":\"WebPage\",\"@id\":\"https:\\\/\\\/shop.bantam.ch\\\/de\\\/produkt\\\/geka-plus-schlauchstueck-trinkwasser-mit-wasserstopp\\\/\",\"url\":\"https:\\\/\\\/shop.bantam.ch\\\/de\\\/produkt\\\/geka-plus-schlauchstueck-trinkwasser-mit-wasserstopp\\\/\",\"name\":\"GEKA plus Schlauchst\u00fcck Trinkwasser mit Wasserstopp - Bantam Camping AG\",\"isPartOf\":{\"@id\":\"https:\\\/\\\/shop.bantam.ch\\\/de\\\/#website\"},\"primaryImageOfPage\":{\"@id\":\"https:\\\/\\\/shop.bantam.ch\\\/de\\\/produkt\\\/geka-plus-schlauchstueck-trinkwasser-mit-wasserstopp\\\/#primaryimage\"},\"image\":{\"@id\":\"https:\\\/\\\/shop.bantam.ch\\\/de\\\/produkt\\\/geka-plus-schlauchstueck-trinkwasser-mit-wasserstopp\\\/#primaryimage\"},\"thumbnailUrl\":\"https:\\\/\\\/shop.bantam.ch\\\/wp-content\\\/uploads\\\/2026\\\/01\\\/Movera-L-9976054100.png\",\"datePublished\":\"2026-01-06T15:21:59+00:00\",\"dateModified\":\"2026-04-19T00:33:42+00:00\",\"breadcrumb\":{\"@id\":\"https:\\\/\\\/shop.bantam.ch\\\/de\\\/produkt\\\/geka-plus-schlauchstueck-trinkwasser-mit-wasserstopp\\\/#breadcrumb\"},\"inLanguage\":\"de\",\"potentialAction\":[{\"@type\":\"ReadAction\",\"target\":[\"https:\\\/\\\/shop.bantam.ch\\\/de\\\/produkt\\\/geka-plus-schlauchstueck-trinkwasser-mit-wasserstopp\\\/\"]}]},{\"@type\":\"ImageObject\",\"inLanguage\":\"de\",\"@id\":\"https:\\\/\\\/shop.bantam.ch\\\/de\\\/produkt\\\/geka-plus-schlauchstueck-trinkwasser-mit-wasserstopp\\\/#primaryimage\",\"url\":\"https:\\\/\\\/shop.bantam.ch\\\/wp-content\\\/uploads\\\/2026\\\/01\\\/Movera-L-9976054100.png\",\"contentUrl\":\"https:\\\/\\\/shop.bantam.ch\\\/wp-content\\\/uploads\\\/2026\\\/01\\\/Movera-L-9976054100.png\",\"width\":640,\"height\":640},{\"@type\":\"BreadcrumbList\",\"@id\":\"https:\\\/\\\/shop.bantam.ch\\\/de\\\/produkt\\\/geka-plus-schlauchstueck-trinkwasser-mit-wasserstopp\\\/#breadcrumb\",\"itemListElement\":[{\"@type\":\"ListItem\",\"position\":1,\"name\":\"Accueil\",\"item\":\"https:\\\/\\\/shop.bantam.ch\\\/de\\\/\"},{\"@type\":\"ListItem\",\"position\":2,\"name\":\"Shop\",\"item\":\"https:\\\/\\\/shop.bantam.ch\\\/de\\\/shop\\\/\"},{\"@type\":\"ListItem\",\"position\":3,\"name\":\"GEKA plus Schlauchst\u00fcck Trinkwasser mit Wasserstopp\"}]},{\"@type\":\"WebSite\",\"@id\":\"https:\\\/\\\/shop.bantam.ch\\\/de\\\/#website\",\"url\":\"https:\\\/\\\/shop.bantam.ch\\\/de\\\/\",\"name\":\"Bantam Camping AG\",\"description\":\"\",\"publisher\":{\"@id\":\"https:\\\/\\\/shop.bantam.ch\\\/de\\\/#organization\"},\"inLanguage\":\"de\"},{\"@type\":\"Organization\",\"@id\":\"https:\\\/\\\/shop.bantam.ch\\\/de\\\/#organization\",\"name\":\"Bantam Camping AG\",\"url\":\"https:\\\/\\\/shop.bantam.ch\\\/de\\\/\",\"logo\":{\"@type\":\"ImageObject\",\"inLanguage\":\"de\",\"@id\":\"https:\\\/\\\/shop.bantam.ch\\\/de\\\/#\\\/schema\\\/logo\\\/image\\\/\",\"url\":\"https:\\\/\\\/shop.bantam.ch\\\/wp-content\\\/uploads\\\/2022\\\/12\\\/bantam-logo.png\",\"contentUrl\":\"https:\\\/\\\/shop.bantam.ch\\\/wp-content\\\/uploads\\\/2022\\\/12\\\/bantam-logo.png\",\"width\":320,\"height\":71,\"caption\":\"Bantam Camping AG\"},\"image\":{\"@id\":\"https:\\\/\\\/shop.bantam.ch\\\/de\\\/#\\\/schema\\\/logo\\\/image\\\/\"}}]}<\/script>\n<!-- \/ Yoast SEO plugin. -->","yoast_head_json":{"title":"GEKA plus Schlauchst\u00fcck Trinkwasser mit Wasserstopp - Bantam Camping AG","robots":{"index":"index","follow":"follow","max-snippet":"max-snippet:-1","max-image-preview":"max-image-preview:large","max-video-preview":"max-video-preview:-1"},"canonical":"https:\/\/shop.bantam.ch\/de\/produkt\/geka-plus-schlauchstueck-trinkwasser-mit-wasserstopp\/","og_locale":"de_DE","og_type":"article","og_title":"GEKA plus Schlauchst\u00fcck Trinkwasser mit Wasserstopp - Bantam Camping AG","og_description":"Das GEKA plus Schlauchst\u00fcck Trinkwasser mit Wasserstopp bietet eine sichere und hygienische Verbindung f\u00fcr Trinkwassersysteme. Es besteht aus bleifreiem Messing und besitzt eine blaue EPDM-Dichtung als Zeichen gepr\u00fcfter Hygiene. Zertifiziert nach DVGW (DW-0310CQ0490), ist es f\u00fcr den Trinkwassereinsatz geeignet. Die Wasserstopp-Funktion unterbricht den Wasserfluss beim Abkuppeln automatisch, was zus\u00e4tzlichen Komfort und Sicherheit bietet. Das leichtg\u00e4ngige [&hellip;]","og_url":"https:\/\/shop.bantam.ch\/de\/produkt\/geka-plus-schlauchstueck-trinkwasser-mit-wasserstopp\/","og_site_name":"Bantam Camping AG","article_modified_time":"2026-04-19T00:33:42+00:00","twitter_card":"summary_large_image","schema":{"@context":"https:\/\/schema.org","@graph":[{"@type":"WebPage","@id":"https:\/\/shop.bantam.ch\/de\/produkt\/geka-plus-schlauchstueck-trinkwasser-mit-wasserstopp\/","url":"https:\/\/shop.bantam.ch\/de\/produkt\/geka-plus-schlauchstueck-trinkwasser-mit-wasserstopp\/","name":"GEKA plus Schlauchst\u00fcck Trinkwasser mit Wasserstopp - Bantam Camping AG","isPartOf":{"@id":"https:\/\/shop.bantam.ch\/de\/#website"},"primaryImageOfPage":{"@id":"https:\/\/shop.bantam.ch\/de\/produkt\/geka-plus-schlauchstueck-trinkwasser-mit-wasserstopp\/#primaryimage"},"image":{"@id":"https:\/\/shop.bantam.ch\/de\/produkt\/geka-plus-schlauchstueck-trinkwasser-mit-wasserstopp\/#primaryimage"},"thumbnailUrl":"https:\/\/shop.bantam.ch\/wp-content\/uploads\/2026\/01\/Movera-L-9976054100.png","datePublished":"2026-01-06T15:21:59+00:00","dateModified":"2026-04-19T00:33:42+00:00","breadcrumb":{"@id":"https:\/\/shop.bantam.ch\/de\/produkt\/geka-plus-schlauchstueck-trinkwasser-mit-wasserstopp\/#breadcrumb"},"inLanguage":"de","potentialAction":[{"@type":"ReadAction","target":["https:\/\/shop.bantam.ch\/de\/produkt\/geka-plus-schlauchstueck-trinkwasser-mit-wasserstopp\/"]}]},{"@type":"ImageObject","inLanguage":"de","@id":"https:\/\/shop.bantam.ch\/de\/produkt\/geka-plus-schlauchstueck-trinkwasser-mit-wasserstopp\/#primaryimage","url":"https:\/\/shop.bantam.ch\/wp-content\/uploads\/2026\/01\/Movera-L-9976054100.png","contentUrl":"https:\/\/shop.bantam.ch\/wp-content\/uploads\/2026\/01\/Movera-L-9976054100.png","width":640,"height":640},{"@type":"BreadcrumbList","@id":"https:\/\/shop.bantam.ch\/de\/produkt\/geka-plus-schlauchstueck-trinkwasser-mit-wasserstopp\/#breadcrumb","itemListElement":[{"@type":"ListItem","position":1,"name":"Accueil","item":"https:\/\/shop.bantam.ch\/de\/"},{"@type":"ListItem","position":2,"name":"Shop","item":"https:\/\/shop.bantam.ch\/de\/shop\/"},{"@type":"ListItem","position":3,"name":"GEKA plus Schlauchst\u00fcck Trinkwasser mit Wasserstopp"}]},{"@type":"WebSite","@id":"https:\/\/shop.bantam.ch\/de\/#website","url":"https:\/\/shop.bantam.ch\/de\/","name":"Bantam Camping AG","description":"","publisher":{"@id":"https:\/\/shop.bantam.ch\/de\/#organization"},"inLanguage":"de"},{"@type":"Organization","@id":"https:\/\/shop.bantam.ch\/de\/#organization","name":"Bantam Camping AG","url":"https:\/\/shop.bantam.ch\/de\/","logo":{"@type":"ImageObject","inLanguage":"de","@id":"https:\/\/shop.bantam.ch\/de\/#\/schema\/logo\/image\/","url":"https:\/\/shop.bantam.ch\/wp-content\/uploads\/2022\/12\/bantam-logo.png","contentUrl":"https:\/\/shop.bantam.ch\/wp-content\/uploads\/2022\/12\/bantam-logo.png","width":320,"height":71,"caption":"Bantam Camping AG"},"image":{"@id":"https:\/\/shop.bantam.ch\/de\/#\/schema\/logo\/image\/"}}]}},"_links":{"self":[{"href":"https:\/\/shop.bantam.ch\/de\/wp-json\/wp\/v2\/product\/229506","targetHints":{"allow":["GET"]}}],"collection":[{"href":"https:\/\/shop.bantam.ch\/de\/wp-json\/wp\/v2\/product"}],"about":[{"href":"https:\/\/shop.bantam.ch\/de\/wp-json\/wp\/v2\/types\/product"}],"wp:featuredmedia":[{"embeddable":true,"href":"https:\/\/shop.bantam.ch\/de\/wp-json\/wp\/v2\/media\/229502"}],"wp:attachment":[{"href":"https:\/\/shop.bantam.ch\/de\/wp-json\/wp\/v2\/media?parent=229506"}],"wp:term":[{"taxonomy":"product_featured_cat","embeddable":true,"href":"https:\/\/shop.bantam.ch\/de\/wp-json\/wp\/v2\/product_featured_cat?post=229506"},{"taxonomy":"product_brand","embeddable":true,"href":"https:\/\/shop.bantam.ch\/de\/wp-json\/wp\/v2\/product_brand?post=229506"},{"taxonomy":"product_cat","embeddable":true,"href":"https:\/\/shop.bantam.ch\/de\/wp-json\/wp\/v2\/product_cat?post=229506"},{"taxonomy":"product_tag","embeddable":true,"href":"https:\/\/shop.bantam.ch\/de\/wp-json\/wp\/v2\/product_tag?post=229506"}],"curies":[{"name":"wp","href":"https:\/\/api.w.org\/{rel}","templated":true}]}}