{"id":229456,"date":"2026-01-06T16:20:47","date_gmt":"2026-01-06T15:20:47","guid":{"rendered":"https:\/\/shop.bantam.ch\/produit\/markisenbefestigung-heavy-duty-markisen-set\/"},"modified":"2026-05-01T23:46:36","modified_gmt":"2026-05-01T21:46:36","slug":"markisenbefestigung-heavy-duty-markisen-set","status":"publish","type":"product","link":"https:\/\/shop.bantam.ch\/de\/produkt\/markisenbefestigung-heavy-duty-markisen-set\/","title":{"rendered":"Markisenbefestigung Heavy Duty Markisen Set"},"content":{"rendered":"<p><!--StartFragment --><!--StartFragment --><\/p>\n<p>Gemacht f\u00fcr die h\u00e4rtesten Bedingungen beim Camping: Unser Heavy Duty Set f\u00fcr Markisen. Unsere Schraubheringe in diesem Set werden auch mit extrem verdichteten und steinigen Bodenverh\u00e4ltnissen spielend fertig. Die Fix&amp;Go Anker Platte 2.0 gibt Markisenf\u00fc\u00dfe festen Halt und gibt sie bei Bedarf schnell wieder frei. Sechs Peg&amp;Stop HD aus Marineedelstahl, eingeschraubt mit dem Schlagschrauber, halten die Anker Platte bei verdichteten, extrem harten und steinigen Untergrund am Platz. Unser gro\u00dfer Long Aluminium (LA) kommt bei sandigen, mit Steinen durchsetztem Boden zum Einsatz. Der robuste Schraubhering ist durch den Einsatz der H\u00f6henverstellung auch zum Abspannen von Leinen und Zeltabspannung geeignet, bei denen eine gr\u00f6\u00dfere Hebelwirkung am Schraubhering zu erwarten ist.<\/p>\n<p>&nbsp;<\/p>\n<p>In der Tasche enthalten:<\/p>\n<ul>\n<li>1x Impact Adapter<\/li>\n<li>2x Fix&amp;Go Ankerplatte<\/li>\n<li>6x Schraubhering Peg&amp;Stop Heavy Duty 20cm<\/li>\n<li>2x Schraubhering Screw-in peg Long&nbsp;Aluminium 32cm<\/li>\n<\/ul>\n<p><!--EndFragment --><\/p>\n<p><!--EndFragment --><\/p>\n","protected":false},"excerpt":{"rendered":"<p>Gemacht f\u00fcr die h\u00e4rtesten Bedingungen beim Camping: Unser Heavy Duty Set f\u00fcr Markisen. Unsere Schraubheringe in diesem Set werden auch mit extrem verdichteten und steinigen Bodenverh\u00e4ltnissen spielend fertig. Die Fix&amp;Go Anker Platte 2.0 gibt Markisenf\u00fc\u00dfe festen Halt und gibt sie bei Bedarf schnell wieder frei. Sechs Peg&amp;Stop HD aus Marineedelstahl, eingeschraubt mit dem Schlagschrauber, halten [&hellip;]<\/p>\n","protected":false},"featured_media":229454,"template":"","meta":{"_acf_changed":false},"product_featured_cat":[],"product_brand":[],"product_cat":[3988],"product_tag":[],"class_list":{"0":"post-229456","1":"product","2":"type-product","3":"status-publish","4":"has-post-thumbnail","6":"product_cat-zelte-vorzelte-zubehoer","8":"first","9":"instock","10":"taxable","11":"shipping-taxable","12":"purchasable","13":"product-type-simple"},"acf":[],"yoast_head":"<!-- This site is optimized with the Yoast SEO plugin v27.5 - https:\/\/yoast.com\/product\/yoast-seo-wordpress\/ -->\n<title>Markisenbefestigung Heavy Duty Markisen Set - Bantam<\/title>\n<meta name=\"robots\" content=\"index, follow, max-snippet:-1, max-image-preview:large, max-video-preview:-1\" \/>\n<link rel=\"canonical\" href=\"https:\/\/shop.bantam.ch\/de\/produkt\/markisenbefestigung-heavy-duty-markisen-set\/\" \/>\n<meta property=\"og:locale\" content=\"de_DE\" \/>\n<meta property=\"og:type\" content=\"article\" \/>\n<meta property=\"og:title\" content=\"Markisenbefestigung Heavy Duty Markisen Set - Bantam\" \/>\n<meta property=\"og:description\" content=\"Gemacht f\u00fcr die h\u00e4rtesten Bedingungen beim Camping: Unser Heavy Duty Set f\u00fcr Markisen. Unsere Schraubheringe in diesem Set werden auch mit extrem verdichteten und steinigen Bodenverh\u00e4ltnissen spielend fertig. Die Fix&amp;Go Anker Platte 2.0 gibt Markisenf\u00fc\u00dfe festen Halt und gibt sie bei Bedarf schnell wieder frei. Sechs Peg&amp;Stop HD aus Marineedelstahl, eingeschraubt mit dem Schlagschrauber, halten [&hellip;]\" \/>\n<meta property=\"og:url\" content=\"https:\/\/shop.bantam.ch\/de\/produkt\/markisenbefestigung-heavy-duty-markisen-set\/\" \/>\n<meta property=\"og:site_name\" content=\"Bantam\" \/>\n<meta property=\"article:modified_time\" content=\"2026-05-01T21:46:36+00:00\" \/>\n<meta name=\"twitter:card\" content=\"summary_large_image\" \/>\n<meta name=\"twitter:label1\" content=\"Gesch\u00e4tzte Lesezeit\" \/>\n\t<meta name=\"twitter:data1\" content=\"1\u00a0Minute\" \/>\n<script type=\"application\/ld+json\" class=\"yoast-schema-graph\">{\"@context\":\"https:\\\/\\\/schema.org\",\"@graph\":[{\"@type\":\"WebPage\",\"@id\":\"https:\\\/\\\/shop.bantam.ch\\\/de\\\/produkt\\\/markisenbefestigung-heavy-duty-markisen-set\\\/\",\"url\":\"https:\\\/\\\/shop.bantam.ch\\\/de\\\/produkt\\\/markisenbefestigung-heavy-duty-markisen-set\\\/\",\"name\":\"Markisenbefestigung Heavy Duty Markisen Set - Bantam\",\"isPartOf\":{\"@id\":\"https:\\\/\\\/shop.bantam.ch\\\/de\\\/#website\"},\"primaryImageOfPage\":{\"@id\":\"https:\\\/\\\/shop.bantam.ch\\\/de\\\/produkt\\\/markisenbefestigung-heavy-duty-markisen-set\\\/#primaryimage\"},\"image\":{\"@id\":\"https:\\\/\\\/shop.bantam.ch\\\/de\\\/produkt\\\/markisenbefestigung-heavy-duty-markisen-set\\\/#primaryimage\"},\"thumbnailUrl\":\"https:\\\/\\\/shop.bantam.ch\\\/wp-content\\\/uploads\\\/2026\\\/01\\\/Movera-L-9971613100.jpg\",\"datePublished\":\"2026-01-06T15:20:47+00:00\",\"dateModified\":\"2026-05-01T21:46:36+00:00\",\"breadcrumb\":{\"@id\":\"https:\\\/\\\/shop.bantam.ch\\\/de\\\/produkt\\\/markisenbefestigung-heavy-duty-markisen-set\\\/#breadcrumb\"},\"inLanguage\":\"de\",\"potentialAction\":[{\"@type\":\"ReadAction\",\"target\":[\"https:\\\/\\\/shop.bantam.ch\\\/de\\\/produkt\\\/markisenbefestigung-heavy-duty-markisen-set\\\/\"]}]},{\"@type\":\"ImageObject\",\"inLanguage\":\"de\",\"@id\":\"https:\\\/\\\/shop.bantam.ch\\\/de\\\/produkt\\\/markisenbefestigung-heavy-duty-markisen-set\\\/#primaryimage\",\"url\":\"https:\\\/\\\/shop.bantam.ch\\\/wp-content\\\/uploads\\\/2026\\\/01\\\/Movera-L-9971613100.jpg\",\"contentUrl\":\"https:\\\/\\\/shop.bantam.ch\\\/wp-content\\\/uploads\\\/2026\\\/01\\\/Movera-L-9971613100.jpg\",\"width\":640,\"height\":427},{\"@type\":\"BreadcrumbList\",\"@id\":\"https:\\\/\\\/shop.bantam.ch\\\/de\\\/produkt\\\/markisenbefestigung-heavy-duty-markisen-set\\\/#breadcrumb\",\"itemListElement\":[{\"@type\":\"ListItem\",\"position\":1,\"name\":\"Accueil\",\"item\":\"https:\\\/\\\/shop.bantam.ch\\\/de\\\/\"},{\"@type\":\"ListItem\",\"position\":2,\"name\":\"Shop\",\"item\":\"https:\\\/\\\/shop.bantam.ch\\\/de\\\/shop\\\/\"},{\"@type\":\"ListItem\",\"position\":3,\"name\":\"Markisenbefestigung Heavy Duty Markisen Set\"}]},{\"@type\":\"WebSite\",\"@id\":\"https:\\\/\\\/shop.bantam.ch\\\/de\\\/#website\",\"url\":\"https:\\\/\\\/shop.bantam.ch\\\/de\\\/\",\"name\":\"Bantam\",\"description\":\"\",\"publisher\":{\"@id\":\"https:\\\/\\\/shop.bantam.ch\\\/de\\\/#organization\"},\"inLanguage\":\"de\"},{\"@type\":\"Organization\",\"@id\":\"https:\\\/\\\/shop.bantam.ch\\\/de\\\/#organization\",\"name\":\"Bantam\",\"url\":\"https:\\\/\\\/shop.bantam.ch\\\/de\\\/\",\"logo\":{\"@type\":\"ImageObject\",\"inLanguage\":\"de\",\"@id\":\"https:\\\/\\\/shop.bantam.ch\\\/de\\\/#\\\/schema\\\/logo\\\/image\\\/\",\"url\":\"https:\\\/\\\/shop.bantam.ch\\\/wp-content\\\/uploads\\\/2022\\\/12\\\/bantam-logo.png\",\"contentUrl\":\"https:\\\/\\\/shop.bantam.ch\\\/wp-content\\\/uploads\\\/2022\\\/12\\\/bantam-logo.png\",\"width\":320,\"height\":71,\"caption\":\"Bantam\"},\"image\":{\"@id\":\"https:\\\/\\\/shop.bantam.ch\\\/de\\\/#\\\/schema\\\/logo\\\/image\\\/\"}}]}<\/script>\n<!-- \/ Yoast SEO plugin. -->","yoast_head_json":{"title":"Markisenbefestigung Heavy Duty Markisen Set - Bantam","robots":{"index":"index","follow":"follow","max-snippet":"max-snippet:-1","max-image-preview":"max-image-preview:large","max-video-preview":"max-video-preview:-1"},"canonical":"https:\/\/shop.bantam.ch\/de\/produkt\/markisenbefestigung-heavy-duty-markisen-set\/","og_locale":"de_DE","og_type":"article","og_title":"Markisenbefestigung Heavy Duty Markisen Set - Bantam","og_description":"Gemacht f\u00fcr die h\u00e4rtesten Bedingungen beim Camping: Unser Heavy Duty Set f\u00fcr Markisen. Unsere Schraubheringe in diesem Set werden auch mit extrem verdichteten und steinigen Bodenverh\u00e4ltnissen spielend fertig. Die Fix&amp;Go Anker Platte 2.0 gibt Markisenf\u00fc\u00dfe festen Halt und gibt sie bei Bedarf schnell wieder frei. Sechs Peg&amp;Stop HD aus Marineedelstahl, eingeschraubt mit dem Schlagschrauber, halten [&hellip;]","og_url":"https:\/\/shop.bantam.ch\/de\/produkt\/markisenbefestigung-heavy-duty-markisen-set\/","og_site_name":"Bantam","article_modified_time":"2026-05-01T21:46:36+00:00","twitter_card":"summary_large_image","twitter_misc":{"Gesch\u00e4tzte Lesezeit":"1\u00a0Minute"},"schema":{"@context":"https:\/\/schema.org","@graph":[{"@type":"WebPage","@id":"https:\/\/shop.bantam.ch\/de\/produkt\/markisenbefestigung-heavy-duty-markisen-set\/","url":"https:\/\/shop.bantam.ch\/de\/produkt\/markisenbefestigung-heavy-duty-markisen-set\/","name":"Markisenbefestigung Heavy Duty Markisen Set - Bantam","isPartOf":{"@id":"https:\/\/shop.bantam.ch\/de\/#website"},"primaryImageOfPage":{"@id":"https:\/\/shop.bantam.ch\/de\/produkt\/markisenbefestigung-heavy-duty-markisen-set\/#primaryimage"},"image":{"@id":"https:\/\/shop.bantam.ch\/de\/produkt\/markisenbefestigung-heavy-duty-markisen-set\/#primaryimage"},"thumbnailUrl":"https:\/\/shop.bantam.ch\/wp-content\/uploads\/2026\/01\/Movera-L-9971613100.jpg","datePublished":"2026-01-06T15:20:47+00:00","dateModified":"2026-05-01T21:46:36+00:00","breadcrumb":{"@id":"https:\/\/shop.bantam.ch\/de\/produkt\/markisenbefestigung-heavy-duty-markisen-set\/#breadcrumb"},"inLanguage":"de","potentialAction":[{"@type":"ReadAction","target":["https:\/\/shop.bantam.ch\/de\/produkt\/markisenbefestigung-heavy-duty-markisen-set\/"]}]},{"@type":"ImageObject","inLanguage":"de","@id":"https:\/\/shop.bantam.ch\/de\/produkt\/markisenbefestigung-heavy-duty-markisen-set\/#primaryimage","url":"https:\/\/shop.bantam.ch\/wp-content\/uploads\/2026\/01\/Movera-L-9971613100.jpg","contentUrl":"https:\/\/shop.bantam.ch\/wp-content\/uploads\/2026\/01\/Movera-L-9971613100.jpg","width":640,"height":427},{"@type":"BreadcrumbList","@id":"https:\/\/shop.bantam.ch\/de\/produkt\/markisenbefestigung-heavy-duty-markisen-set\/#breadcrumb","itemListElement":[{"@type":"ListItem","position":1,"name":"Accueil","item":"https:\/\/shop.bantam.ch\/de\/"},{"@type":"ListItem","position":2,"name":"Shop","item":"https:\/\/shop.bantam.ch\/de\/shop\/"},{"@type":"ListItem","position":3,"name":"Markisenbefestigung Heavy Duty Markisen Set"}]},{"@type":"WebSite","@id":"https:\/\/shop.bantam.ch\/de\/#website","url":"https:\/\/shop.bantam.ch\/de\/","name":"Bantam","description":"","publisher":{"@id":"https:\/\/shop.bantam.ch\/de\/#organization"},"inLanguage":"de"},{"@type":"Organization","@id":"https:\/\/shop.bantam.ch\/de\/#organization","name":"Bantam","url":"https:\/\/shop.bantam.ch\/de\/","logo":{"@type":"ImageObject","inLanguage":"de","@id":"https:\/\/shop.bantam.ch\/de\/#\/schema\/logo\/image\/","url":"https:\/\/shop.bantam.ch\/wp-content\/uploads\/2022\/12\/bantam-logo.png","contentUrl":"https:\/\/shop.bantam.ch\/wp-content\/uploads\/2022\/12\/bantam-logo.png","width":320,"height":71,"caption":"Bantam"},"image":{"@id":"https:\/\/shop.bantam.ch\/de\/#\/schema\/logo\/image\/"}}]}},"_links":{"self":[{"href":"https:\/\/shop.bantam.ch\/de\/wp-json\/wp\/v2\/product\/229456","targetHints":{"allow":["GET"]}}],"collection":[{"href":"https:\/\/shop.bantam.ch\/de\/wp-json\/wp\/v2\/product"}],"about":[{"href":"https:\/\/shop.bantam.ch\/de\/wp-json\/wp\/v2\/types\/product"}],"wp:featuredmedia":[{"embeddable":true,"href":"https:\/\/shop.bantam.ch\/de\/wp-json\/wp\/v2\/media\/229454"}],"wp:attachment":[{"href":"https:\/\/shop.bantam.ch\/de\/wp-json\/wp\/v2\/media?parent=229456"}],"wp:term":[{"taxonomy":"product_featured_cat","embeddable":true,"href":"https:\/\/shop.bantam.ch\/de\/wp-json\/wp\/v2\/product_featured_cat?post=229456"},{"taxonomy":"product_brand","embeddable":true,"href":"https:\/\/shop.bantam.ch\/de\/wp-json\/wp\/v2\/product_brand?post=229456"},{"taxonomy":"product_cat","embeddable":true,"href":"https:\/\/shop.bantam.ch\/de\/wp-json\/wp\/v2\/product_cat?post=229456"},{"taxonomy":"product_tag","embeddable":true,"href":"https:\/\/shop.bantam.ch\/de\/wp-json\/wp\/v2\/product_tag?post=229456"}],"curies":[{"name":"wp","href":"https:\/\/api.w.org\/{rel}","templated":true}]}}