{"id":229440,"date":"2026-01-06T16:20:13","date_gmt":"2026-01-06T15:20:13","guid":{"rendered":"https:\/\/shop.bantam.ch\/produit\/urin-tank-reiniger-fuer-trenntoiletten-078-l\/"},"modified":"2026-04-19T23:57:18","modified_gmt":"2026-04-19T21:57:18","slug":"urin-tank-reiniger-fuer-trenntoiletten-078-l","status":"publish","type":"product","link":"https:\/\/shop.bantam.ch\/de\/produkt\/urin-tank-reiniger-fuer-trenntoiletten-078-l\/","title":{"rendered":"Urin Tank Reiniger f\u00fcr Trenntoiletten, 0,78 l"},"content":{"rendered":"<p>Separation Toilet \u2013 Urine Tank Fresh bietet eine einfache, hygienische L\u00f6sung f\u00fcr die Handhabung von Urin in Trenntoiletten. Der Urin flie\u00dft durch den Schlauch, wo die Formel bereits ihre Wirkung entfaltet, und weiter in den Beh\u00e4lter, wodurch Frische und Wirksamkeit vom ersten Kontakt an gew\u00e4hrleistet sind. Eine Dosierung h\u00e4lt bis zu f\u00fcnf Tage an und sorgt daf\u00fcr, dass der Beh\u00e4lter w\u00e4hrend der Benutzung und beim Entleeren frisch und geruchsfrei bleibt. Bei vorschriftsm\u00e4\u00dfigem Gebrauch kann der Inhalt des vollen Urinbeh\u00e4lters sicher in jede Toilette entleert werden, die an ein Abwassersystem angeschlossen ist, auch in solche mit einer Kl\u00e4rgrube.<br \/>\nSeparation Toilet\u2013 Urine Tank Fresh harmoniert perfekt mit dem Separation Toilet \u2013 Bowl Cleaner von Thetford und wird in einer Flasche geliefert, die zu 95 % aus recyceltem Kunststoff besteht. Mit einer Nutzungsdauer von bis zu 65 Tagen pro Flasche ist es eine intelligente, verantwortungsvolle Wahl f\u00fcr jedes Abenteuer.<br \/>\nVorteile:<br \/>\n&#8211; Sorgt f\u00fcr t\u00e4gliche Frische und gew\u00e4hrleistet eine wirksame Geruchskontrolle<br \/>\n&#8211; Verhindert die Bildung und entfernt Urinstein im Beh\u00e4lter und in den Schl\u00e4uchen<br \/>\n&#8211; Geeignet f\u00fcr den Urintank aller Trenntoiletten<br \/>\n&#8211; Kann unbedenklich in eine Kl\u00e4rgrube entleert werden (siehe Verwendungsbedingungen)<br \/>\n&#8211; Frischer Orangenduft<br \/>\n&#8211; Flasche aus bis zu 95 % recyceltem Kunststoff<br \/>\n&#8211; Funktioniert perfekt mit Thetford Separation Toilet \u2013 Bowl Cleaner<br \/>\n&#8211; Enth\u00e4lt nat\u00fcrliche Milchs\u00e4ure<br \/>\nVerwendung:<br \/>\n&#8211; 60 ml \u00fcber die Urinsch\u00fcssel in den leeren und trockenen Urinbeh\u00e4lter geben<br \/>\n&#8211; Eine Dosis reicht f\u00fcr 5 Tage Frische.<br \/>\n&#8211; Bis zu 65 Tage Nutzungsdauer pro Flasche (basierend auf einer 60-ml-Dosierung)<br \/>\n&#8211; Wird \u00fcber die Urinsch\u00fcssel hinzugegeben<\/p>\n","protected":false},"excerpt":{"rendered":"<p>Separation Toilet \u2013 Urine Tank Fresh bietet eine einfache, hygienische L\u00f6sung f\u00fcr die Handhabung von Urin in Trenntoiletten. Der Urin flie\u00dft durch den Schlauch, wo die Formel bereits ihre Wirkung entfaltet, und weiter in den Beh\u00e4lter, wodurch Frische und Wirksamkeit vom ersten Kontakt an gew\u00e4hrleistet sind. Eine Dosierung h\u00e4lt bis zu f\u00fcnf Tage an und [&hellip;]<\/p>\n","protected":false},"featured_media":229438,"template":"","meta":{"_acf_changed":false},"product_featured_cat":[],"product_brand":[],"product_cat":[4600],"product_tag":[],"class_list":{"0":"post-229440","1":"product","2":"type-product","3":"status-publish","4":"has-post-thumbnail","6":"product_cat-pflegemittel","8":"first","9":"instock","10":"taxable","11":"shipping-taxable","12":"purchasable","13":"product-type-simple"},"acf":[],"yoast_head":"<!-- This site is optimized with the Yoast SEO plugin v27.4 - https:\/\/yoast.com\/product\/yoast-seo-wordpress\/ -->\n<title>Urin Tank Reiniger f\u00fcr Trenntoiletten, 0,78 l - Bantam Camping AG<\/title>\n<meta name=\"robots\" content=\"index, follow, max-snippet:-1, max-image-preview:large, max-video-preview:-1\" \/>\n<link rel=\"canonical\" href=\"https:\/\/shop.bantam.ch\/de\/produkt\/urin-tank-reiniger-fuer-trenntoiletten-078-l\/\" \/>\n<meta property=\"og:locale\" content=\"de_DE\" \/>\n<meta property=\"og:type\" content=\"article\" \/>\n<meta property=\"og:title\" content=\"Urin Tank Reiniger f\u00fcr Trenntoiletten, 0,78 l - Bantam Camping AG\" \/>\n<meta property=\"og:description\" content=\"Separation Toilet \u2013 Urine Tank Fresh bietet eine einfache, hygienische L\u00f6sung f\u00fcr die Handhabung von Urin in Trenntoiletten. Der Urin flie\u00dft durch den Schlauch, wo die Formel bereits ihre Wirkung entfaltet, und weiter in den Beh\u00e4lter, wodurch Frische und Wirksamkeit vom ersten Kontakt an gew\u00e4hrleistet sind. Eine Dosierung h\u00e4lt bis zu f\u00fcnf Tage an und [&hellip;]\" \/>\n<meta property=\"og:url\" content=\"https:\/\/shop.bantam.ch\/de\/produkt\/urin-tank-reiniger-fuer-trenntoiletten-078-l\/\" \/>\n<meta property=\"og:site_name\" content=\"Bantam Camping AG\" \/>\n<meta property=\"article:modified_time\" content=\"2026-04-19T21:57:18+00:00\" \/>\n<meta name=\"twitter:card\" content=\"summary_large_image\" \/>\n<meta name=\"twitter:label1\" content=\"Gesch\u00e4tzte Lesezeit\" \/>\n\t<meta name=\"twitter:data1\" content=\"1\u00a0Minute\" \/>\n<script type=\"application\/ld+json\" class=\"yoast-schema-graph\">{\"@context\":\"https:\\\/\\\/schema.org\",\"@graph\":[{\"@type\":\"WebPage\",\"@id\":\"https:\\\/\\\/shop.bantam.ch\\\/de\\\/produkt\\\/urin-tank-reiniger-fuer-trenntoiletten-078-l\\\/\",\"url\":\"https:\\\/\\\/shop.bantam.ch\\\/de\\\/produkt\\\/urin-tank-reiniger-fuer-trenntoiletten-078-l\\\/\",\"name\":\"Urin Tank Reiniger f\u00fcr Trenntoiletten, 0,78 l - Bantam Camping AG\",\"isPartOf\":{\"@id\":\"https:\\\/\\\/shop.bantam.ch\\\/de\\\/#website\"},\"primaryImageOfPage\":{\"@id\":\"https:\\\/\\\/shop.bantam.ch\\\/de\\\/produkt\\\/urin-tank-reiniger-fuer-trenntoiletten-078-l\\\/#primaryimage\"},\"image\":{\"@id\":\"https:\\\/\\\/shop.bantam.ch\\\/de\\\/produkt\\\/urin-tank-reiniger-fuer-trenntoiletten-078-l\\\/#primaryimage\"},\"thumbnailUrl\":\"https:\\\/\\\/shop.bantam.ch\\\/wp-content\\\/uploads\\\/2026\\\/01\\\/Movera-L-9975937100.png\",\"datePublished\":\"2026-01-06T15:20:13+00:00\",\"dateModified\":\"2026-04-19T21:57:18+00:00\",\"breadcrumb\":{\"@id\":\"https:\\\/\\\/shop.bantam.ch\\\/de\\\/produkt\\\/urin-tank-reiniger-fuer-trenntoiletten-078-l\\\/#breadcrumb\"},\"inLanguage\":\"de\",\"potentialAction\":[{\"@type\":\"ReadAction\",\"target\":[\"https:\\\/\\\/shop.bantam.ch\\\/de\\\/produkt\\\/urin-tank-reiniger-fuer-trenntoiletten-078-l\\\/\"]}]},{\"@type\":\"ImageObject\",\"inLanguage\":\"de\",\"@id\":\"https:\\\/\\\/shop.bantam.ch\\\/de\\\/produkt\\\/urin-tank-reiniger-fuer-trenntoiletten-078-l\\\/#primaryimage\",\"url\":\"https:\\\/\\\/shop.bantam.ch\\\/wp-content\\\/uploads\\\/2026\\\/01\\\/Movera-L-9975937100.png\",\"contentUrl\":\"https:\\\/\\\/shop.bantam.ch\\\/wp-content\\\/uploads\\\/2026\\\/01\\\/Movera-L-9975937100.png\",\"width\":640,\"height\":1231},{\"@type\":\"BreadcrumbList\",\"@id\":\"https:\\\/\\\/shop.bantam.ch\\\/de\\\/produkt\\\/urin-tank-reiniger-fuer-trenntoiletten-078-l\\\/#breadcrumb\",\"itemListElement\":[{\"@type\":\"ListItem\",\"position\":1,\"name\":\"Accueil\",\"item\":\"https:\\\/\\\/shop.bantam.ch\\\/de\\\/\"},{\"@type\":\"ListItem\",\"position\":2,\"name\":\"Shop\",\"item\":\"https:\\\/\\\/shop.bantam.ch\\\/de\\\/shop\\\/\"},{\"@type\":\"ListItem\",\"position\":3,\"name\":\"Urin Tank Reiniger f\u00fcr Trenntoiletten, 0,78 l\"}]},{\"@type\":\"WebSite\",\"@id\":\"https:\\\/\\\/shop.bantam.ch\\\/de\\\/#website\",\"url\":\"https:\\\/\\\/shop.bantam.ch\\\/de\\\/\",\"name\":\"Bantam Camping AG\",\"description\":\"\",\"publisher\":{\"@id\":\"https:\\\/\\\/shop.bantam.ch\\\/de\\\/#organization\"},\"inLanguage\":\"de\"},{\"@type\":\"Organization\",\"@id\":\"https:\\\/\\\/shop.bantam.ch\\\/de\\\/#organization\",\"name\":\"Bantam Camping AG\",\"url\":\"https:\\\/\\\/shop.bantam.ch\\\/de\\\/\",\"logo\":{\"@type\":\"ImageObject\",\"inLanguage\":\"de\",\"@id\":\"https:\\\/\\\/shop.bantam.ch\\\/de\\\/#\\\/schema\\\/logo\\\/image\\\/\",\"url\":\"https:\\\/\\\/shop.bantam.ch\\\/wp-content\\\/uploads\\\/2022\\\/12\\\/bantam-logo.png\",\"contentUrl\":\"https:\\\/\\\/shop.bantam.ch\\\/wp-content\\\/uploads\\\/2022\\\/12\\\/bantam-logo.png\",\"width\":320,\"height\":71,\"caption\":\"Bantam Camping AG\"},\"image\":{\"@id\":\"https:\\\/\\\/shop.bantam.ch\\\/de\\\/#\\\/schema\\\/logo\\\/image\\\/\"}}]}<\/script>\n<!-- \/ Yoast SEO plugin. -->","yoast_head_json":{"title":"Urin Tank Reiniger f\u00fcr Trenntoiletten, 0,78 l - Bantam Camping AG","robots":{"index":"index","follow":"follow","max-snippet":"max-snippet:-1","max-image-preview":"max-image-preview:large","max-video-preview":"max-video-preview:-1"},"canonical":"https:\/\/shop.bantam.ch\/de\/produkt\/urin-tank-reiniger-fuer-trenntoiletten-078-l\/","og_locale":"de_DE","og_type":"article","og_title":"Urin Tank Reiniger f\u00fcr Trenntoiletten, 0,78 l - Bantam Camping AG","og_description":"Separation Toilet \u2013 Urine Tank Fresh bietet eine einfache, hygienische L\u00f6sung f\u00fcr die Handhabung von Urin in Trenntoiletten. Der Urin flie\u00dft durch den Schlauch, wo die Formel bereits ihre Wirkung entfaltet, und weiter in den Beh\u00e4lter, wodurch Frische und Wirksamkeit vom ersten Kontakt an gew\u00e4hrleistet sind. Eine Dosierung h\u00e4lt bis zu f\u00fcnf Tage an und [&hellip;]","og_url":"https:\/\/shop.bantam.ch\/de\/produkt\/urin-tank-reiniger-fuer-trenntoiletten-078-l\/","og_site_name":"Bantam Camping AG","article_modified_time":"2026-04-19T21:57:18+00:00","twitter_card":"summary_large_image","twitter_misc":{"Gesch\u00e4tzte Lesezeit":"1\u00a0Minute"},"schema":{"@context":"https:\/\/schema.org","@graph":[{"@type":"WebPage","@id":"https:\/\/shop.bantam.ch\/de\/produkt\/urin-tank-reiniger-fuer-trenntoiletten-078-l\/","url":"https:\/\/shop.bantam.ch\/de\/produkt\/urin-tank-reiniger-fuer-trenntoiletten-078-l\/","name":"Urin Tank Reiniger f\u00fcr Trenntoiletten, 0,78 l - Bantam Camping AG","isPartOf":{"@id":"https:\/\/shop.bantam.ch\/de\/#website"},"primaryImageOfPage":{"@id":"https:\/\/shop.bantam.ch\/de\/produkt\/urin-tank-reiniger-fuer-trenntoiletten-078-l\/#primaryimage"},"image":{"@id":"https:\/\/shop.bantam.ch\/de\/produkt\/urin-tank-reiniger-fuer-trenntoiletten-078-l\/#primaryimage"},"thumbnailUrl":"https:\/\/shop.bantam.ch\/wp-content\/uploads\/2026\/01\/Movera-L-9975937100.png","datePublished":"2026-01-06T15:20:13+00:00","dateModified":"2026-04-19T21:57:18+00:00","breadcrumb":{"@id":"https:\/\/shop.bantam.ch\/de\/produkt\/urin-tank-reiniger-fuer-trenntoiletten-078-l\/#breadcrumb"},"inLanguage":"de","potentialAction":[{"@type":"ReadAction","target":["https:\/\/shop.bantam.ch\/de\/produkt\/urin-tank-reiniger-fuer-trenntoiletten-078-l\/"]}]},{"@type":"ImageObject","inLanguage":"de","@id":"https:\/\/shop.bantam.ch\/de\/produkt\/urin-tank-reiniger-fuer-trenntoiletten-078-l\/#primaryimage","url":"https:\/\/shop.bantam.ch\/wp-content\/uploads\/2026\/01\/Movera-L-9975937100.png","contentUrl":"https:\/\/shop.bantam.ch\/wp-content\/uploads\/2026\/01\/Movera-L-9975937100.png","width":640,"height":1231},{"@type":"BreadcrumbList","@id":"https:\/\/shop.bantam.ch\/de\/produkt\/urin-tank-reiniger-fuer-trenntoiletten-078-l\/#breadcrumb","itemListElement":[{"@type":"ListItem","position":1,"name":"Accueil","item":"https:\/\/shop.bantam.ch\/de\/"},{"@type":"ListItem","position":2,"name":"Shop","item":"https:\/\/shop.bantam.ch\/de\/shop\/"},{"@type":"ListItem","position":3,"name":"Urin Tank Reiniger f\u00fcr Trenntoiletten, 0,78 l"}]},{"@type":"WebSite","@id":"https:\/\/shop.bantam.ch\/de\/#website","url":"https:\/\/shop.bantam.ch\/de\/","name":"Bantam Camping AG","description":"","publisher":{"@id":"https:\/\/shop.bantam.ch\/de\/#organization"},"inLanguage":"de"},{"@type":"Organization","@id":"https:\/\/shop.bantam.ch\/de\/#organization","name":"Bantam Camping AG","url":"https:\/\/shop.bantam.ch\/de\/","logo":{"@type":"ImageObject","inLanguage":"de","@id":"https:\/\/shop.bantam.ch\/de\/#\/schema\/logo\/image\/","url":"https:\/\/shop.bantam.ch\/wp-content\/uploads\/2022\/12\/bantam-logo.png","contentUrl":"https:\/\/shop.bantam.ch\/wp-content\/uploads\/2022\/12\/bantam-logo.png","width":320,"height":71,"caption":"Bantam Camping AG"},"image":{"@id":"https:\/\/shop.bantam.ch\/de\/#\/schema\/logo\/image\/"}}]}},"_links":{"self":[{"href":"https:\/\/shop.bantam.ch\/de\/wp-json\/wp\/v2\/product\/229440","targetHints":{"allow":["GET"]}}],"collection":[{"href":"https:\/\/shop.bantam.ch\/de\/wp-json\/wp\/v2\/product"}],"about":[{"href":"https:\/\/shop.bantam.ch\/de\/wp-json\/wp\/v2\/types\/product"}],"wp:featuredmedia":[{"embeddable":true,"href":"https:\/\/shop.bantam.ch\/de\/wp-json\/wp\/v2\/media\/229438"}],"wp:attachment":[{"href":"https:\/\/shop.bantam.ch\/de\/wp-json\/wp\/v2\/media?parent=229440"}],"wp:term":[{"taxonomy":"product_featured_cat","embeddable":true,"href":"https:\/\/shop.bantam.ch\/de\/wp-json\/wp\/v2\/product_featured_cat?post=229440"},{"taxonomy":"product_brand","embeddable":true,"href":"https:\/\/shop.bantam.ch\/de\/wp-json\/wp\/v2\/product_brand?post=229440"},{"taxonomy":"product_cat","embeddable":true,"href":"https:\/\/shop.bantam.ch\/de\/wp-json\/wp\/v2\/product_cat?post=229440"},{"taxonomy":"product_tag","embeddable":true,"href":"https:\/\/shop.bantam.ch\/de\/wp-json\/wp\/v2\/product_tag?post=229440"}],"curies":[{"name":"wp","href":"https:\/\/api.w.org\/{rel}","templated":true}]}}