{"id":229428,"date":"2026-01-06T16:19:52","date_gmt":"2026-01-06T15:19:52","guid":{"rendered":"https:\/\/shop.bantam.ch\/produit\/scheiben-reiniger-green-forest-anti-frost-und-klar-sicht-inhalt-5-l\/"},"modified":"2026-04-18T23:53:39","modified_gmt":"2026-04-18T21:53:39","slug":"scheiben-reiniger-green-forest-anti-frost-und-klar-sicht-inhalt-5-l","status":"publish","type":"product","link":"https:\/\/shop.bantam.ch\/de\/produkt\/scheiben-reiniger-green-forest-anti-frost-und-klar-sicht-inhalt-5-l\/","title":{"rendered":"Scheiben Reiniger Green Forest Anti Frost und Klar Sicht Inhalt 5 l"},"content":{"rendered":"<p><!--StartFragment -->Scheibenreiniger mit Kiefernduft und Winterfrische f\u00fcr die Scheibenwaschanlage im Winter. Beseitigt \u00d6l, Ru\u00df, Salz und sonstige typische Winterverschmutzungen mit wenigen Wischtakten und damit reduziertem Verbrauch. Verhindert D\u00fcsenvereisung und das Einfrieren der Scheibenwaschanlage. Absolut lack-, gummi- und kunststoffvertr\u00e4glich. Verursacht keine Spannungsrisse und Blindstellen an Scheinwerferstreuscheiben. Bestens geeignet f\u00fcr hochwertige Laser-, Matrix-LED- sowie XENON-Scheinwerfer. Getestet auf Mattlacken, folierten Fahrzeugen und empfindlichen Reparaturlacken. Mit Glycerin. H\u00e4lt Gummi geschmeidig. Kein Rubbeln der Wischerbl\u00e4tter. F\u00e4cherd\u00fcsentauglich &#8211; auch ideal f\u00fcr den Einsatz bei neuen Wischertechnologien.<\/p>\n<ul>\n<li>lack-, gummi- und kunststoffvertr\u00e4glich<\/li>\n<li>F\u00e4cherd\u00fcsengeeignet<!--EndFragment --><\/li>\n<\/ul>\n","protected":false},"excerpt":{"rendered":"<p>Scheibenreiniger mit Kiefernduft und Winterfrische f\u00fcr die Scheibenwaschanlage im Winter. Beseitigt \u00d6l, Ru\u00df, Salz und sonstige typische Winterverschmutzungen mit wenigen Wischtakten und damit reduziertem Verbrauch. Verhindert D\u00fcsenvereisung und das Einfrieren der Scheibenwaschanlage. Absolut lack-, gummi- und kunststoffvertr\u00e4glich. Verursacht keine Spannungsrisse und Blindstellen an Scheinwerferstreuscheiben. Bestens geeignet f\u00fcr hochwertige Laser-, Matrix-LED- sowie XENON-Scheinwerfer. Getestet auf Mattlacken, [&hellip;]<\/p>\n","protected":false},"featured_media":229426,"template":"","meta":{"_acf_changed":false},"product_featured_cat":[],"product_brand":[],"product_cat":[5092],"product_tag":[],"class_list":{"0":"post-229428","1":"product","2":"type-product","3":"status-publish","4":"has-post-thumbnail","6":"product_cat-reinigung-spezialreiniger","8":"first","9":"instock","10":"taxable","11":"shipping-taxable","12":"purchasable","13":"product-type-simple"},"acf":[],"yoast_head":"<!-- This site is optimized with the Yoast SEO plugin v27.4 - https:\/\/yoast.com\/product\/yoast-seo-wordpress\/ -->\n<title>Scheiben Reiniger Green Forest Anti Frost und Klar Sicht Inhalt 5 l - Bantam Camping AG<\/title>\n<meta name=\"robots\" content=\"index, follow, max-snippet:-1, max-image-preview:large, max-video-preview:-1\" \/>\n<link rel=\"canonical\" href=\"https:\/\/shop.bantam.ch\/de\/produkt\/scheiben-reiniger-green-forest-anti-frost-und-klar-sicht-inhalt-5-l\/\" \/>\n<meta property=\"og:locale\" content=\"de_DE\" \/>\n<meta property=\"og:type\" content=\"article\" \/>\n<meta property=\"og:title\" content=\"Scheiben Reiniger Green Forest Anti Frost und Klar Sicht Inhalt 5 l - Bantam Camping AG\" \/>\n<meta property=\"og:description\" content=\"Scheibenreiniger mit Kiefernduft und Winterfrische f\u00fcr die Scheibenwaschanlage im Winter. Beseitigt \u00d6l, Ru\u00df, Salz und sonstige typische Winterverschmutzungen mit wenigen Wischtakten und damit reduziertem Verbrauch. Verhindert D\u00fcsenvereisung und das Einfrieren der Scheibenwaschanlage. Absolut lack-, gummi- und kunststoffvertr\u00e4glich. Verursacht keine Spannungsrisse und Blindstellen an Scheinwerferstreuscheiben. Bestens geeignet f\u00fcr hochwertige Laser-, Matrix-LED- sowie XENON-Scheinwerfer. Getestet auf Mattlacken, [&hellip;]\" \/>\n<meta property=\"og:url\" content=\"https:\/\/shop.bantam.ch\/de\/produkt\/scheiben-reiniger-green-forest-anti-frost-und-klar-sicht-inhalt-5-l\/\" \/>\n<meta property=\"og:site_name\" content=\"Bantam Camping AG\" \/>\n<meta property=\"article:modified_time\" content=\"2026-04-18T21:53:39+00:00\" \/>\n<meta name=\"twitter:card\" content=\"summary_large_image\" \/>\n<script type=\"application\/ld+json\" class=\"yoast-schema-graph\">{\"@context\":\"https:\\\/\\\/schema.org\",\"@graph\":[{\"@type\":\"WebPage\",\"@id\":\"https:\\\/\\\/shop.bantam.ch\\\/de\\\/produkt\\\/scheiben-reiniger-green-forest-anti-frost-und-klar-sicht-inhalt-5-l\\\/\",\"url\":\"https:\\\/\\\/shop.bantam.ch\\\/de\\\/produkt\\\/scheiben-reiniger-green-forest-anti-frost-und-klar-sicht-inhalt-5-l\\\/\",\"name\":\"Scheiben Reiniger Green Forest Anti Frost und Klar Sicht Inhalt 5 l - Bantam Camping AG\",\"isPartOf\":{\"@id\":\"https:\\\/\\\/shop.bantam.ch\\\/de\\\/#website\"},\"primaryImageOfPage\":{\"@id\":\"https:\\\/\\\/shop.bantam.ch\\\/de\\\/produkt\\\/scheiben-reiniger-green-forest-anti-frost-und-klar-sicht-inhalt-5-l\\\/#primaryimage\"},\"image\":{\"@id\":\"https:\\\/\\\/shop.bantam.ch\\\/de\\\/produkt\\\/scheiben-reiniger-green-forest-anti-frost-und-klar-sicht-inhalt-5-l\\\/#primaryimage\"},\"thumbnailUrl\":\"https:\\\/\\\/shop.bantam.ch\\\/wp-content\\\/uploads\\\/2026\\\/01\\\/Movera-L-9971603100.png\",\"datePublished\":\"2026-01-06T15:19:52+00:00\",\"dateModified\":\"2026-04-18T21:53:39+00:00\",\"breadcrumb\":{\"@id\":\"https:\\\/\\\/shop.bantam.ch\\\/de\\\/produkt\\\/scheiben-reiniger-green-forest-anti-frost-und-klar-sicht-inhalt-5-l\\\/#breadcrumb\"},\"inLanguage\":\"de\",\"potentialAction\":[{\"@type\":\"ReadAction\",\"target\":[\"https:\\\/\\\/shop.bantam.ch\\\/de\\\/produkt\\\/scheiben-reiniger-green-forest-anti-frost-und-klar-sicht-inhalt-5-l\\\/\"]}]},{\"@type\":\"ImageObject\",\"inLanguage\":\"de\",\"@id\":\"https:\\\/\\\/shop.bantam.ch\\\/de\\\/produkt\\\/scheiben-reiniger-green-forest-anti-frost-und-klar-sicht-inhalt-5-l\\\/#primaryimage\",\"url\":\"https:\\\/\\\/shop.bantam.ch\\\/wp-content\\\/uploads\\\/2026\\\/01\\\/Movera-L-9971603100.png\",\"contentUrl\":\"https:\\\/\\\/shop.bantam.ch\\\/wp-content\\\/uploads\\\/2026\\\/01\\\/Movera-L-9971603100.png\",\"width\":640,\"height\":970},{\"@type\":\"BreadcrumbList\",\"@id\":\"https:\\\/\\\/shop.bantam.ch\\\/de\\\/produkt\\\/scheiben-reiniger-green-forest-anti-frost-und-klar-sicht-inhalt-5-l\\\/#breadcrumb\",\"itemListElement\":[{\"@type\":\"ListItem\",\"position\":1,\"name\":\"Accueil\",\"item\":\"https:\\\/\\\/shop.bantam.ch\\\/de\\\/\"},{\"@type\":\"ListItem\",\"position\":2,\"name\":\"Shop\",\"item\":\"https:\\\/\\\/shop.bantam.ch\\\/de\\\/shop\\\/\"},{\"@type\":\"ListItem\",\"position\":3,\"name\":\"Scheiben Reiniger Green Forest Anti Frost und Klar Sicht Inhalt 5 l\"}]},{\"@type\":\"WebSite\",\"@id\":\"https:\\\/\\\/shop.bantam.ch\\\/de\\\/#website\",\"url\":\"https:\\\/\\\/shop.bantam.ch\\\/de\\\/\",\"name\":\"Bantam Camping AG\",\"description\":\"\",\"publisher\":{\"@id\":\"https:\\\/\\\/shop.bantam.ch\\\/de\\\/#organization\"},\"inLanguage\":\"de\"},{\"@type\":\"Organization\",\"@id\":\"https:\\\/\\\/shop.bantam.ch\\\/de\\\/#organization\",\"name\":\"Bantam Camping AG\",\"url\":\"https:\\\/\\\/shop.bantam.ch\\\/de\\\/\",\"logo\":{\"@type\":\"ImageObject\",\"inLanguage\":\"de\",\"@id\":\"https:\\\/\\\/shop.bantam.ch\\\/de\\\/#\\\/schema\\\/logo\\\/image\\\/\",\"url\":\"https:\\\/\\\/shop.bantam.ch\\\/wp-content\\\/uploads\\\/2022\\\/12\\\/bantam-logo.png\",\"contentUrl\":\"https:\\\/\\\/shop.bantam.ch\\\/wp-content\\\/uploads\\\/2022\\\/12\\\/bantam-logo.png\",\"width\":320,\"height\":71,\"caption\":\"Bantam Camping AG\"},\"image\":{\"@id\":\"https:\\\/\\\/shop.bantam.ch\\\/de\\\/#\\\/schema\\\/logo\\\/image\\\/\"}}]}<\/script>\n<!-- \/ Yoast SEO plugin. -->","yoast_head_json":{"title":"Scheiben Reiniger Green Forest Anti Frost und Klar Sicht Inhalt 5 l - Bantam Camping AG","robots":{"index":"index","follow":"follow","max-snippet":"max-snippet:-1","max-image-preview":"max-image-preview:large","max-video-preview":"max-video-preview:-1"},"canonical":"https:\/\/shop.bantam.ch\/de\/produkt\/scheiben-reiniger-green-forest-anti-frost-und-klar-sicht-inhalt-5-l\/","og_locale":"de_DE","og_type":"article","og_title":"Scheiben Reiniger Green Forest Anti Frost und Klar Sicht Inhalt 5 l - Bantam Camping AG","og_description":"Scheibenreiniger mit Kiefernduft und Winterfrische f\u00fcr die Scheibenwaschanlage im Winter. Beseitigt \u00d6l, Ru\u00df, Salz und sonstige typische Winterverschmutzungen mit wenigen Wischtakten und damit reduziertem Verbrauch. Verhindert D\u00fcsenvereisung und das Einfrieren der Scheibenwaschanlage. Absolut lack-, gummi- und kunststoffvertr\u00e4glich. Verursacht keine Spannungsrisse und Blindstellen an Scheinwerferstreuscheiben. Bestens geeignet f\u00fcr hochwertige Laser-, Matrix-LED- sowie XENON-Scheinwerfer. Getestet auf Mattlacken, [&hellip;]","og_url":"https:\/\/shop.bantam.ch\/de\/produkt\/scheiben-reiniger-green-forest-anti-frost-und-klar-sicht-inhalt-5-l\/","og_site_name":"Bantam Camping AG","article_modified_time":"2026-04-18T21:53:39+00:00","twitter_card":"summary_large_image","schema":{"@context":"https:\/\/schema.org","@graph":[{"@type":"WebPage","@id":"https:\/\/shop.bantam.ch\/de\/produkt\/scheiben-reiniger-green-forest-anti-frost-und-klar-sicht-inhalt-5-l\/","url":"https:\/\/shop.bantam.ch\/de\/produkt\/scheiben-reiniger-green-forest-anti-frost-und-klar-sicht-inhalt-5-l\/","name":"Scheiben Reiniger Green Forest Anti Frost und Klar Sicht Inhalt 5 l - Bantam Camping AG","isPartOf":{"@id":"https:\/\/shop.bantam.ch\/de\/#website"},"primaryImageOfPage":{"@id":"https:\/\/shop.bantam.ch\/de\/produkt\/scheiben-reiniger-green-forest-anti-frost-und-klar-sicht-inhalt-5-l\/#primaryimage"},"image":{"@id":"https:\/\/shop.bantam.ch\/de\/produkt\/scheiben-reiniger-green-forest-anti-frost-und-klar-sicht-inhalt-5-l\/#primaryimage"},"thumbnailUrl":"https:\/\/shop.bantam.ch\/wp-content\/uploads\/2026\/01\/Movera-L-9971603100.png","datePublished":"2026-01-06T15:19:52+00:00","dateModified":"2026-04-18T21:53:39+00:00","breadcrumb":{"@id":"https:\/\/shop.bantam.ch\/de\/produkt\/scheiben-reiniger-green-forest-anti-frost-und-klar-sicht-inhalt-5-l\/#breadcrumb"},"inLanguage":"de","potentialAction":[{"@type":"ReadAction","target":["https:\/\/shop.bantam.ch\/de\/produkt\/scheiben-reiniger-green-forest-anti-frost-und-klar-sicht-inhalt-5-l\/"]}]},{"@type":"ImageObject","inLanguage":"de","@id":"https:\/\/shop.bantam.ch\/de\/produkt\/scheiben-reiniger-green-forest-anti-frost-und-klar-sicht-inhalt-5-l\/#primaryimage","url":"https:\/\/shop.bantam.ch\/wp-content\/uploads\/2026\/01\/Movera-L-9971603100.png","contentUrl":"https:\/\/shop.bantam.ch\/wp-content\/uploads\/2026\/01\/Movera-L-9971603100.png","width":640,"height":970},{"@type":"BreadcrumbList","@id":"https:\/\/shop.bantam.ch\/de\/produkt\/scheiben-reiniger-green-forest-anti-frost-und-klar-sicht-inhalt-5-l\/#breadcrumb","itemListElement":[{"@type":"ListItem","position":1,"name":"Accueil","item":"https:\/\/shop.bantam.ch\/de\/"},{"@type":"ListItem","position":2,"name":"Shop","item":"https:\/\/shop.bantam.ch\/de\/shop\/"},{"@type":"ListItem","position":3,"name":"Scheiben Reiniger Green Forest Anti Frost und Klar Sicht Inhalt 5 l"}]},{"@type":"WebSite","@id":"https:\/\/shop.bantam.ch\/de\/#website","url":"https:\/\/shop.bantam.ch\/de\/","name":"Bantam Camping AG","description":"","publisher":{"@id":"https:\/\/shop.bantam.ch\/de\/#organization"},"inLanguage":"de"},{"@type":"Organization","@id":"https:\/\/shop.bantam.ch\/de\/#organization","name":"Bantam Camping AG","url":"https:\/\/shop.bantam.ch\/de\/","logo":{"@type":"ImageObject","inLanguage":"de","@id":"https:\/\/shop.bantam.ch\/de\/#\/schema\/logo\/image\/","url":"https:\/\/shop.bantam.ch\/wp-content\/uploads\/2022\/12\/bantam-logo.png","contentUrl":"https:\/\/shop.bantam.ch\/wp-content\/uploads\/2022\/12\/bantam-logo.png","width":320,"height":71,"caption":"Bantam Camping AG"},"image":{"@id":"https:\/\/shop.bantam.ch\/de\/#\/schema\/logo\/image\/"}}]}},"_links":{"self":[{"href":"https:\/\/shop.bantam.ch\/de\/wp-json\/wp\/v2\/product\/229428","targetHints":{"allow":["GET"]}}],"collection":[{"href":"https:\/\/shop.bantam.ch\/de\/wp-json\/wp\/v2\/product"}],"about":[{"href":"https:\/\/shop.bantam.ch\/de\/wp-json\/wp\/v2\/types\/product"}],"wp:featuredmedia":[{"embeddable":true,"href":"https:\/\/shop.bantam.ch\/de\/wp-json\/wp\/v2\/media\/229426"}],"wp:attachment":[{"href":"https:\/\/shop.bantam.ch\/de\/wp-json\/wp\/v2\/media?parent=229428"}],"wp:term":[{"taxonomy":"product_featured_cat","embeddable":true,"href":"https:\/\/shop.bantam.ch\/de\/wp-json\/wp\/v2\/product_featured_cat?post=229428"},{"taxonomy":"product_brand","embeddable":true,"href":"https:\/\/shop.bantam.ch\/de\/wp-json\/wp\/v2\/product_brand?post=229428"},{"taxonomy":"product_cat","embeddable":true,"href":"https:\/\/shop.bantam.ch\/de\/wp-json\/wp\/v2\/product_cat?post=229428"},{"taxonomy":"product_tag","embeddable":true,"href":"https:\/\/shop.bantam.ch\/de\/wp-json\/wp\/v2\/product_tag?post=229428"}],"curies":[{"name":"wp","href":"https:\/\/api.w.org\/{rel}","templated":true}]}}