{"id":229394,"date":"2026-01-06T16:19:01","date_gmt":"2026-01-06T15:19:01","guid":{"rendered":"https:\/\/shop.bantam.ch\/produit\/reinigungsspray-bowl-reiniger-fuer-trenntoiletten-05-l\/"},"modified":"2026-04-20T23:51:03","modified_gmt":"2026-04-20T21:51:03","slug":"reinigungsspray-bowl-reiniger-fuer-trenntoiletten-05-l","status":"publish","type":"product","link":"https:\/\/shop.bantam.ch\/de\/produkt\/reinigungsspray-bowl-reiniger-fuer-trenntoiletten-05-l\/","title":{"rendered":"Reinigungsspray Bowl Reiniger f\u00fcr Trenntoiletten, 0,5 l"},"content":{"rendered":"<p>Der Thetford Separation Toilet Bowl Cleaner macht die Reinigung Ihrer Trenntoilette zum Kinderspiel. Mit seiner nat\u00fcrlichen Formel sorgt er bei t\u00e4glicher Anwendung f\u00fcr eine makellose, frische und hygienische Sch\u00fcssel. Das schnell wirkende Spray ben\u00f6tigt nur 15 Sekunden, um die Toilettensch\u00fcssel sauber und gl\u00e4nzend zu halten.<\/p>\n<ul>\n<li>H\u00e4lt die Toilettensch\u00fcssel sauber und gl\u00e4nzend<\/li>\n<li>Naturbasierte Formel<\/li>\n<li>Schnell wirkend: wirkt in nur 15 Sekunden<br \/>\n\t&nbsp;<\/li>\n<\/ul>\n","protected":false},"excerpt":{"rendered":"<p>Der Thetford Separation Toilet Bowl Cleaner macht die Reinigung Ihrer Trenntoilette zum Kinderspiel. Mit seiner nat\u00fcrlichen Formel sorgt er bei t\u00e4glicher Anwendung f\u00fcr eine makellose, frische und hygienische Sch\u00fcssel. Das schnell wirkende Spray ben\u00f6tigt nur 15 Sekunden, um die Toilettensch\u00fcssel sauber und gl\u00e4nzend zu halten. H\u00e4lt die Toilettensch\u00fcssel sauber und gl\u00e4nzend Naturbasierte Formel Schnell wirkend: [&hellip;]<\/p>\n","protected":false},"featured_media":229392,"template":"","meta":{"_acf_changed":false},"product_featured_cat":[],"product_brand":[],"product_cat":[4600],"product_tag":[],"class_list":{"0":"post-229394","1":"product","2":"type-product","3":"status-publish","4":"has-post-thumbnail","6":"product_cat-pflegemittel","8":"first","9":"instock","10":"taxable","11":"shipping-taxable","12":"purchasable","13":"product-type-simple"},"acf":[],"yoast_head":"<!-- This site is optimized with the Yoast SEO plugin v27.4 - https:\/\/yoast.com\/product\/yoast-seo-wordpress\/ -->\n<title>Reinigungsspray Bowl Reiniger f\u00fcr Trenntoiletten, 0,5 l - Bantam Camping AG<\/title>\n<meta name=\"robots\" content=\"index, follow, max-snippet:-1, max-image-preview:large, max-video-preview:-1\" \/>\n<link rel=\"canonical\" href=\"https:\/\/shop.bantam.ch\/de\/produkt\/reinigungsspray-bowl-reiniger-fuer-trenntoiletten-05-l\/\" \/>\n<meta property=\"og:locale\" content=\"de_DE\" \/>\n<meta property=\"og:type\" content=\"article\" \/>\n<meta property=\"og:title\" content=\"Reinigungsspray Bowl Reiniger f\u00fcr Trenntoiletten, 0,5 l - Bantam Camping AG\" \/>\n<meta property=\"og:description\" content=\"Der Thetford Separation Toilet Bowl Cleaner macht die Reinigung Ihrer Trenntoilette zum Kinderspiel. Mit seiner nat\u00fcrlichen Formel sorgt er bei t\u00e4glicher Anwendung f\u00fcr eine makellose, frische und hygienische Sch\u00fcssel. Das schnell wirkende Spray ben\u00f6tigt nur 15 Sekunden, um die Toilettensch\u00fcssel sauber und gl\u00e4nzend zu halten. H\u00e4lt die Toilettensch\u00fcssel sauber und gl\u00e4nzend Naturbasierte Formel Schnell wirkend: [&hellip;]\" \/>\n<meta property=\"og:url\" content=\"https:\/\/shop.bantam.ch\/de\/produkt\/reinigungsspray-bowl-reiniger-fuer-trenntoiletten-05-l\/\" \/>\n<meta property=\"og:site_name\" content=\"Bantam Camping AG\" \/>\n<meta property=\"article:modified_time\" content=\"2026-04-20T21:51:03+00:00\" \/>\n<meta name=\"twitter:card\" content=\"summary_large_image\" \/>\n<script type=\"application\/ld+json\" class=\"yoast-schema-graph\">{\"@context\":\"https:\\\/\\\/schema.org\",\"@graph\":[{\"@type\":\"WebPage\",\"@id\":\"https:\\\/\\\/shop.bantam.ch\\\/de\\\/produkt\\\/reinigungsspray-bowl-reiniger-fuer-trenntoiletten-05-l\\\/\",\"url\":\"https:\\\/\\\/shop.bantam.ch\\\/de\\\/produkt\\\/reinigungsspray-bowl-reiniger-fuer-trenntoiletten-05-l\\\/\",\"name\":\"Reinigungsspray Bowl Reiniger f\u00fcr Trenntoiletten, 0,5 l - Bantam Camping AG\",\"isPartOf\":{\"@id\":\"https:\\\/\\\/shop.bantam.ch\\\/de\\\/#website\"},\"primaryImageOfPage\":{\"@id\":\"https:\\\/\\\/shop.bantam.ch\\\/de\\\/produkt\\\/reinigungsspray-bowl-reiniger-fuer-trenntoiletten-05-l\\\/#primaryimage\"},\"image\":{\"@id\":\"https:\\\/\\\/shop.bantam.ch\\\/de\\\/produkt\\\/reinigungsspray-bowl-reiniger-fuer-trenntoiletten-05-l\\\/#primaryimage\"},\"thumbnailUrl\":\"https:\\\/\\\/shop.bantam.ch\\\/wp-content\\\/uploads\\\/2026\\\/01\\\/Movera-L-9975936100.png\",\"datePublished\":\"2026-01-06T15:19:01+00:00\",\"dateModified\":\"2026-04-20T21:51:03+00:00\",\"breadcrumb\":{\"@id\":\"https:\\\/\\\/shop.bantam.ch\\\/de\\\/produkt\\\/reinigungsspray-bowl-reiniger-fuer-trenntoiletten-05-l\\\/#breadcrumb\"},\"inLanguage\":\"de\",\"potentialAction\":[{\"@type\":\"ReadAction\",\"target\":[\"https:\\\/\\\/shop.bantam.ch\\\/de\\\/produkt\\\/reinigungsspray-bowl-reiniger-fuer-trenntoiletten-05-l\\\/\"]}]},{\"@type\":\"ImageObject\",\"inLanguage\":\"de\",\"@id\":\"https:\\\/\\\/shop.bantam.ch\\\/de\\\/produkt\\\/reinigungsspray-bowl-reiniger-fuer-trenntoiletten-05-l\\\/#primaryimage\",\"url\":\"https:\\\/\\\/shop.bantam.ch\\\/wp-content\\\/uploads\\\/2026\\\/01\\\/Movera-L-9975936100.png\",\"contentUrl\":\"https:\\\/\\\/shop.bantam.ch\\\/wp-content\\\/uploads\\\/2026\\\/01\\\/Movera-L-9975936100.png\",\"width\":640,\"height\":961},{\"@type\":\"BreadcrumbList\",\"@id\":\"https:\\\/\\\/shop.bantam.ch\\\/de\\\/produkt\\\/reinigungsspray-bowl-reiniger-fuer-trenntoiletten-05-l\\\/#breadcrumb\",\"itemListElement\":[{\"@type\":\"ListItem\",\"position\":1,\"name\":\"Accueil\",\"item\":\"https:\\\/\\\/shop.bantam.ch\\\/de\\\/\"},{\"@type\":\"ListItem\",\"position\":2,\"name\":\"Shop\",\"item\":\"https:\\\/\\\/shop.bantam.ch\\\/de\\\/shop\\\/\"},{\"@type\":\"ListItem\",\"position\":3,\"name\":\"Reinigungsspray Bowl Reiniger f\u00fcr Trenntoiletten, 0,5 l\"}]},{\"@type\":\"WebSite\",\"@id\":\"https:\\\/\\\/shop.bantam.ch\\\/de\\\/#website\",\"url\":\"https:\\\/\\\/shop.bantam.ch\\\/de\\\/\",\"name\":\"Bantam Camping AG\",\"description\":\"\",\"publisher\":{\"@id\":\"https:\\\/\\\/shop.bantam.ch\\\/de\\\/#organization\"},\"inLanguage\":\"de\"},{\"@type\":\"Organization\",\"@id\":\"https:\\\/\\\/shop.bantam.ch\\\/de\\\/#organization\",\"name\":\"Bantam Camping AG\",\"url\":\"https:\\\/\\\/shop.bantam.ch\\\/de\\\/\",\"logo\":{\"@type\":\"ImageObject\",\"inLanguage\":\"de\",\"@id\":\"https:\\\/\\\/shop.bantam.ch\\\/de\\\/#\\\/schema\\\/logo\\\/image\\\/\",\"url\":\"https:\\\/\\\/shop.bantam.ch\\\/wp-content\\\/uploads\\\/2022\\\/12\\\/bantam-logo.png\",\"contentUrl\":\"https:\\\/\\\/shop.bantam.ch\\\/wp-content\\\/uploads\\\/2022\\\/12\\\/bantam-logo.png\",\"width\":320,\"height\":71,\"caption\":\"Bantam Camping AG\"},\"image\":{\"@id\":\"https:\\\/\\\/shop.bantam.ch\\\/de\\\/#\\\/schema\\\/logo\\\/image\\\/\"}}]}<\/script>\n<!-- \/ Yoast SEO plugin. -->","yoast_head_json":{"title":"Reinigungsspray Bowl Reiniger f\u00fcr Trenntoiletten, 0,5 l - Bantam Camping AG","robots":{"index":"index","follow":"follow","max-snippet":"max-snippet:-1","max-image-preview":"max-image-preview:large","max-video-preview":"max-video-preview:-1"},"canonical":"https:\/\/shop.bantam.ch\/de\/produkt\/reinigungsspray-bowl-reiniger-fuer-trenntoiletten-05-l\/","og_locale":"de_DE","og_type":"article","og_title":"Reinigungsspray Bowl Reiniger f\u00fcr Trenntoiletten, 0,5 l - Bantam Camping AG","og_description":"Der Thetford Separation Toilet Bowl Cleaner macht die Reinigung Ihrer Trenntoilette zum Kinderspiel. Mit seiner nat\u00fcrlichen Formel sorgt er bei t\u00e4glicher Anwendung f\u00fcr eine makellose, frische und hygienische Sch\u00fcssel. Das schnell wirkende Spray ben\u00f6tigt nur 15 Sekunden, um die Toilettensch\u00fcssel sauber und gl\u00e4nzend zu halten. H\u00e4lt die Toilettensch\u00fcssel sauber und gl\u00e4nzend Naturbasierte Formel Schnell wirkend: [&hellip;]","og_url":"https:\/\/shop.bantam.ch\/de\/produkt\/reinigungsspray-bowl-reiniger-fuer-trenntoiletten-05-l\/","og_site_name":"Bantam Camping AG","article_modified_time":"2026-04-20T21:51:03+00:00","twitter_card":"summary_large_image","schema":{"@context":"https:\/\/schema.org","@graph":[{"@type":"WebPage","@id":"https:\/\/shop.bantam.ch\/de\/produkt\/reinigungsspray-bowl-reiniger-fuer-trenntoiletten-05-l\/","url":"https:\/\/shop.bantam.ch\/de\/produkt\/reinigungsspray-bowl-reiniger-fuer-trenntoiletten-05-l\/","name":"Reinigungsspray Bowl Reiniger f\u00fcr Trenntoiletten, 0,5 l - Bantam Camping AG","isPartOf":{"@id":"https:\/\/shop.bantam.ch\/de\/#website"},"primaryImageOfPage":{"@id":"https:\/\/shop.bantam.ch\/de\/produkt\/reinigungsspray-bowl-reiniger-fuer-trenntoiletten-05-l\/#primaryimage"},"image":{"@id":"https:\/\/shop.bantam.ch\/de\/produkt\/reinigungsspray-bowl-reiniger-fuer-trenntoiletten-05-l\/#primaryimage"},"thumbnailUrl":"https:\/\/shop.bantam.ch\/wp-content\/uploads\/2026\/01\/Movera-L-9975936100.png","datePublished":"2026-01-06T15:19:01+00:00","dateModified":"2026-04-20T21:51:03+00:00","breadcrumb":{"@id":"https:\/\/shop.bantam.ch\/de\/produkt\/reinigungsspray-bowl-reiniger-fuer-trenntoiletten-05-l\/#breadcrumb"},"inLanguage":"de","potentialAction":[{"@type":"ReadAction","target":["https:\/\/shop.bantam.ch\/de\/produkt\/reinigungsspray-bowl-reiniger-fuer-trenntoiletten-05-l\/"]}]},{"@type":"ImageObject","inLanguage":"de","@id":"https:\/\/shop.bantam.ch\/de\/produkt\/reinigungsspray-bowl-reiniger-fuer-trenntoiletten-05-l\/#primaryimage","url":"https:\/\/shop.bantam.ch\/wp-content\/uploads\/2026\/01\/Movera-L-9975936100.png","contentUrl":"https:\/\/shop.bantam.ch\/wp-content\/uploads\/2026\/01\/Movera-L-9975936100.png","width":640,"height":961},{"@type":"BreadcrumbList","@id":"https:\/\/shop.bantam.ch\/de\/produkt\/reinigungsspray-bowl-reiniger-fuer-trenntoiletten-05-l\/#breadcrumb","itemListElement":[{"@type":"ListItem","position":1,"name":"Accueil","item":"https:\/\/shop.bantam.ch\/de\/"},{"@type":"ListItem","position":2,"name":"Shop","item":"https:\/\/shop.bantam.ch\/de\/shop\/"},{"@type":"ListItem","position":3,"name":"Reinigungsspray Bowl Reiniger f\u00fcr Trenntoiletten, 0,5 l"}]},{"@type":"WebSite","@id":"https:\/\/shop.bantam.ch\/de\/#website","url":"https:\/\/shop.bantam.ch\/de\/","name":"Bantam Camping AG","description":"","publisher":{"@id":"https:\/\/shop.bantam.ch\/de\/#organization"},"inLanguage":"de"},{"@type":"Organization","@id":"https:\/\/shop.bantam.ch\/de\/#organization","name":"Bantam Camping AG","url":"https:\/\/shop.bantam.ch\/de\/","logo":{"@type":"ImageObject","inLanguage":"de","@id":"https:\/\/shop.bantam.ch\/de\/#\/schema\/logo\/image\/","url":"https:\/\/shop.bantam.ch\/wp-content\/uploads\/2022\/12\/bantam-logo.png","contentUrl":"https:\/\/shop.bantam.ch\/wp-content\/uploads\/2022\/12\/bantam-logo.png","width":320,"height":71,"caption":"Bantam Camping AG"},"image":{"@id":"https:\/\/shop.bantam.ch\/de\/#\/schema\/logo\/image\/"}}]}},"_links":{"self":[{"href":"https:\/\/shop.bantam.ch\/de\/wp-json\/wp\/v2\/product\/229394","targetHints":{"allow":["GET"]}}],"collection":[{"href":"https:\/\/shop.bantam.ch\/de\/wp-json\/wp\/v2\/product"}],"about":[{"href":"https:\/\/shop.bantam.ch\/de\/wp-json\/wp\/v2\/types\/product"}],"wp:featuredmedia":[{"embeddable":true,"href":"https:\/\/shop.bantam.ch\/de\/wp-json\/wp\/v2\/media\/229392"}],"wp:attachment":[{"href":"https:\/\/shop.bantam.ch\/de\/wp-json\/wp\/v2\/media?parent=229394"}],"wp:term":[{"taxonomy":"product_featured_cat","embeddable":true,"href":"https:\/\/shop.bantam.ch\/de\/wp-json\/wp\/v2\/product_featured_cat?post=229394"},{"taxonomy":"product_brand","embeddable":true,"href":"https:\/\/shop.bantam.ch\/de\/wp-json\/wp\/v2\/product_brand?post=229394"},{"taxonomy":"product_cat","embeddable":true,"href":"https:\/\/shop.bantam.ch\/de\/wp-json\/wp\/v2\/product_cat?post=229394"},{"taxonomy":"product_tag","embeddable":true,"href":"https:\/\/shop.bantam.ch\/de\/wp-json\/wp\/v2\/product_tag?post=229394"}],"curies":[{"name":"wp","href":"https:\/\/api.w.org\/{rel}","templated":true}]}}