{"id":229307,"date":"2026-01-06T16:16:44","date_gmt":"2026-01-06T15:16:44","guid":{"rendered":"https:\/\/shop.bantam.ch\/produit\/kocher-cvh1525g-2-flammig\/"},"modified":"2026-04-29T23:56:06","modified_gmt":"2026-04-29T21:56:06","slug":"kocher-cvh1525g-2-flammig","status":"publish","type":"product","link":"https:\/\/shop.bantam.ch\/de\/produkt\/kocher-cvh1525g-2-flammig\/","title":{"rendered":"Kocher CVH1525G 2-flammig"},"content":{"rendered":"<p>Unterwegs und drau\u00dfen \u2013 und trotzdem kochen wie zu Hause Dieser praktische Gaskocher bietet alles, was Sie brauchen \u2013 auf kleinstem Raum. Zwei Brenner. Ergonomische Bedienung. Automatische Z\u00fcndung (ohne Z\u00fcndh\u00f6lzer oder Feuerzeug). Wenn keine T\u00f6pfe auf dem Kochfeld stehen, erweitert der Soft Close-Glasdeckel die Arbeitsfl\u00e4che. Die Reinigung ist eine Sache von Minuten. Dank Oberfl\u00e4chen aus Edelstahl und abnehmbarem Pfannenaufsatz ist das Ger\u00e4t im Nu wieder sauber.<\/p>\n","protected":false},"excerpt":{"rendered":"<p>Unterwegs und drau\u00dfen \u2013 und trotzdem kochen wie zu Hause Dieser praktische Gaskocher bietet alles, was Sie brauchen \u2013 auf kleinstem Raum. Zwei Brenner. Ergonomische Bedienung. Automatische Z\u00fcndung (ohne Z\u00fcndh\u00f6lzer oder Feuerzeug). Wenn keine T\u00f6pfe auf dem Kochfeld stehen, erweitert der Soft Close-Glasdeckel die Arbeitsfl\u00e4che. Die Reinigung ist eine Sache von Minuten. Dank Oberfl\u00e4chen aus [&hellip;]<\/p>\n","protected":false},"featured_media":229305,"template":"","meta":{"_acf_changed":false},"product_featured_cat":[],"product_brand":[],"product_cat":[4306],"product_tag":[],"class_list":{"0":"post-229307","1":"product","2":"type-product","3":"status-publish","4":"has-post-thumbnail","6":"product_cat-kocher-kocher","8":"first","9":"instock","10":"taxable","11":"shipping-taxable","12":"purchasable","13":"product-type-simple"},"acf":[],"yoast_head":"<!-- This site is optimized with the Yoast SEO plugin v27.5 - https:\/\/yoast.com\/product\/yoast-seo-wordpress\/ -->\n<title>Kocher CVH1525G 2-flammig - Bantam<\/title>\n<meta name=\"robots\" content=\"index, follow, max-snippet:-1, max-image-preview:large, max-video-preview:-1\" \/>\n<link rel=\"canonical\" href=\"https:\/\/shop.bantam.ch\/de\/produkt\/kocher-cvh1525g-2-flammig\/\" \/>\n<meta property=\"og:locale\" content=\"de_DE\" \/>\n<meta property=\"og:type\" content=\"article\" \/>\n<meta property=\"og:title\" content=\"Kocher CVH1525G 2-flammig - Bantam\" \/>\n<meta property=\"og:description\" content=\"Unterwegs und drau\u00dfen \u2013 und trotzdem kochen wie zu Hause Dieser praktische Gaskocher bietet alles, was Sie brauchen \u2013 auf kleinstem Raum. Zwei Brenner. Ergonomische Bedienung. Automatische Z\u00fcndung (ohne Z\u00fcndh\u00f6lzer oder Feuerzeug). Wenn keine T\u00f6pfe auf dem Kochfeld stehen, erweitert der Soft Close-Glasdeckel die Arbeitsfl\u00e4che. Die Reinigung ist eine Sache von Minuten. Dank Oberfl\u00e4chen aus [&hellip;]\" \/>\n<meta property=\"og:url\" content=\"https:\/\/shop.bantam.ch\/de\/produkt\/kocher-cvh1525g-2-flammig\/\" \/>\n<meta property=\"og:site_name\" content=\"Bantam\" \/>\n<meta property=\"article:modified_time\" content=\"2026-04-29T21:56:06+00:00\" \/>\n<meta name=\"twitter:card\" content=\"summary_large_image\" \/>\n<script type=\"application\/ld+json\" class=\"yoast-schema-graph\">{\"@context\":\"https:\\\/\\\/schema.org\",\"@graph\":[{\"@type\":\"WebPage\",\"@id\":\"https:\\\/\\\/shop.bantam.ch\\\/de\\\/produkt\\\/kocher-cvh1525g-2-flammig\\\/\",\"url\":\"https:\\\/\\\/shop.bantam.ch\\\/de\\\/produkt\\\/kocher-cvh1525g-2-flammig\\\/\",\"name\":\"Kocher CVH1525G 2-flammig - Bantam\",\"isPartOf\":{\"@id\":\"https:\\\/\\\/shop.bantam.ch\\\/de\\\/#website\"},\"primaryImageOfPage\":{\"@id\":\"https:\\\/\\\/shop.bantam.ch\\\/de\\\/produkt\\\/kocher-cvh1525g-2-flammig\\\/#primaryimage\"},\"image\":{\"@id\":\"https:\\\/\\\/shop.bantam.ch\\\/de\\\/produkt\\\/kocher-cvh1525g-2-flammig\\\/#primaryimage\"},\"thumbnailUrl\":\"https:\\\/\\\/shop.bantam.ch\\\/wp-content\\\/uploads\\\/2026\\\/01\\\/Movera-L-9975963100.jpg\",\"datePublished\":\"2026-01-06T15:16:44+00:00\",\"dateModified\":\"2026-04-29T21:56:06+00:00\",\"breadcrumb\":{\"@id\":\"https:\\\/\\\/shop.bantam.ch\\\/de\\\/produkt\\\/kocher-cvh1525g-2-flammig\\\/#breadcrumb\"},\"inLanguage\":\"de\",\"potentialAction\":[{\"@type\":\"ReadAction\",\"target\":[\"https:\\\/\\\/shop.bantam.ch\\\/de\\\/produkt\\\/kocher-cvh1525g-2-flammig\\\/\"]}]},{\"@type\":\"ImageObject\",\"inLanguage\":\"de\",\"@id\":\"https:\\\/\\\/shop.bantam.ch\\\/de\\\/produkt\\\/kocher-cvh1525g-2-flammig\\\/#primaryimage\",\"url\":\"https:\\\/\\\/shop.bantam.ch\\\/wp-content\\\/uploads\\\/2026\\\/01\\\/Movera-L-9975963100.jpg\",\"contentUrl\":\"https:\\\/\\\/shop.bantam.ch\\\/wp-content\\\/uploads\\\/2026\\\/01\\\/Movera-L-9975963100.jpg\",\"width\":640,\"height\":640},{\"@type\":\"BreadcrumbList\",\"@id\":\"https:\\\/\\\/shop.bantam.ch\\\/de\\\/produkt\\\/kocher-cvh1525g-2-flammig\\\/#breadcrumb\",\"itemListElement\":[{\"@type\":\"ListItem\",\"position\":1,\"name\":\"Accueil\",\"item\":\"https:\\\/\\\/shop.bantam.ch\\\/de\\\/\"},{\"@type\":\"ListItem\",\"position\":2,\"name\":\"Shop\",\"item\":\"https:\\\/\\\/shop.bantam.ch\\\/de\\\/shop\\\/\"},{\"@type\":\"ListItem\",\"position\":3,\"name\":\"Kocher CVH1525G 2-flammig\"}]},{\"@type\":\"WebSite\",\"@id\":\"https:\\\/\\\/shop.bantam.ch\\\/de\\\/#website\",\"url\":\"https:\\\/\\\/shop.bantam.ch\\\/de\\\/\",\"name\":\"Bantam\",\"description\":\"\",\"publisher\":{\"@id\":\"https:\\\/\\\/shop.bantam.ch\\\/de\\\/#organization\"},\"inLanguage\":\"de\"},{\"@type\":\"Organization\",\"@id\":\"https:\\\/\\\/shop.bantam.ch\\\/de\\\/#organization\",\"name\":\"Bantam\",\"url\":\"https:\\\/\\\/shop.bantam.ch\\\/de\\\/\",\"logo\":{\"@type\":\"ImageObject\",\"inLanguage\":\"de\",\"@id\":\"https:\\\/\\\/shop.bantam.ch\\\/de\\\/#\\\/schema\\\/logo\\\/image\\\/\",\"url\":\"https:\\\/\\\/shop.bantam.ch\\\/wp-content\\\/uploads\\\/2022\\\/12\\\/bantam-logo.png\",\"contentUrl\":\"https:\\\/\\\/shop.bantam.ch\\\/wp-content\\\/uploads\\\/2022\\\/12\\\/bantam-logo.png\",\"width\":320,\"height\":71,\"caption\":\"Bantam\"},\"image\":{\"@id\":\"https:\\\/\\\/shop.bantam.ch\\\/de\\\/#\\\/schema\\\/logo\\\/image\\\/\"}}]}<\/script>\n<!-- \/ Yoast SEO plugin. -->","yoast_head_json":{"title":"Kocher CVH1525G 2-flammig - Bantam","robots":{"index":"index","follow":"follow","max-snippet":"max-snippet:-1","max-image-preview":"max-image-preview:large","max-video-preview":"max-video-preview:-1"},"canonical":"https:\/\/shop.bantam.ch\/de\/produkt\/kocher-cvh1525g-2-flammig\/","og_locale":"de_DE","og_type":"article","og_title":"Kocher CVH1525G 2-flammig - Bantam","og_description":"Unterwegs und drau\u00dfen \u2013 und trotzdem kochen wie zu Hause Dieser praktische Gaskocher bietet alles, was Sie brauchen \u2013 auf kleinstem Raum. Zwei Brenner. Ergonomische Bedienung. Automatische Z\u00fcndung (ohne Z\u00fcndh\u00f6lzer oder Feuerzeug). Wenn keine T\u00f6pfe auf dem Kochfeld stehen, erweitert der Soft Close-Glasdeckel die Arbeitsfl\u00e4che. Die Reinigung ist eine Sache von Minuten. Dank Oberfl\u00e4chen aus [&hellip;]","og_url":"https:\/\/shop.bantam.ch\/de\/produkt\/kocher-cvh1525g-2-flammig\/","og_site_name":"Bantam","article_modified_time":"2026-04-29T21:56:06+00:00","twitter_card":"summary_large_image","schema":{"@context":"https:\/\/schema.org","@graph":[{"@type":"WebPage","@id":"https:\/\/shop.bantam.ch\/de\/produkt\/kocher-cvh1525g-2-flammig\/","url":"https:\/\/shop.bantam.ch\/de\/produkt\/kocher-cvh1525g-2-flammig\/","name":"Kocher CVH1525G 2-flammig - Bantam","isPartOf":{"@id":"https:\/\/shop.bantam.ch\/de\/#website"},"primaryImageOfPage":{"@id":"https:\/\/shop.bantam.ch\/de\/produkt\/kocher-cvh1525g-2-flammig\/#primaryimage"},"image":{"@id":"https:\/\/shop.bantam.ch\/de\/produkt\/kocher-cvh1525g-2-flammig\/#primaryimage"},"thumbnailUrl":"https:\/\/shop.bantam.ch\/wp-content\/uploads\/2026\/01\/Movera-L-9975963100.jpg","datePublished":"2026-01-06T15:16:44+00:00","dateModified":"2026-04-29T21:56:06+00:00","breadcrumb":{"@id":"https:\/\/shop.bantam.ch\/de\/produkt\/kocher-cvh1525g-2-flammig\/#breadcrumb"},"inLanguage":"de","potentialAction":[{"@type":"ReadAction","target":["https:\/\/shop.bantam.ch\/de\/produkt\/kocher-cvh1525g-2-flammig\/"]}]},{"@type":"ImageObject","inLanguage":"de","@id":"https:\/\/shop.bantam.ch\/de\/produkt\/kocher-cvh1525g-2-flammig\/#primaryimage","url":"https:\/\/shop.bantam.ch\/wp-content\/uploads\/2026\/01\/Movera-L-9975963100.jpg","contentUrl":"https:\/\/shop.bantam.ch\/wp-content\/uploads\/2026\/01\/Movera-L-9975963100.jpg","width":640,"height":640},{"@type":"BreadcrumbList","@id":"https:\/\/shop.bantam.ch\/de\/produkt\/kocher-cvh1525g-2-flammig\/#breadcrumb","itemListElement":[{"@type":"ListItem","position":1,"name":"Accueil","item":"https:\/\/shop.bantam.ch\/de\/"},{"@type":"ListItem","position":2,"name":"Shop","item":"https:\/\/shop.bantam.ch\/de\/shop\/"},{"@type":"ListItem","position":3,"name":"Kocher CVH1525G 2-flammig"}]},{"@type":"WebSite","@id":"https:\/\/shop.bantam.ch\/de\/#website","url":"https:\/\/shop.bantam.ch\/de\/","name":"Bantam","description":"","publisher":{"@id":"https:\/\/shop.bantam.ch\/de\/#organization"},"inLanguage":"de"},{"@type":"Organization","@id":"https:\/\/shop.bantam.ch\/de\/#organization","name":"Bantam","url":"https:\/\/shop.bantam.ch\/de\/","logo":{"@type":"ImageObject","inLanguage":"de","@id":"https:\/\/shop.bantam.ch\/de\/#\/schema\/logo\/image\/","url":"https:\/\/shop.bantam.ch\/wp-content\/uploads\/2022\/12\/bantam-logo.png","contentUrl":"https:\/\/shop.bantam.ch\/wp-content\/uploads\/2022\/12\/bantam-logo.png","width":320,"height":71,"caption":"Bantam"},"image":{"@id":"https:\/\/shop.bantam.ch\/de\/#\/schema\/logo\/image\/"}}]}},"_links":{"self":[{"href":"https:\/\/shop.bantam.ch\/de\/wp-json\/wp\/v2\/product\/229307","targetHints":{"allow":["GET"]}}],"collection":[{"href":"https:\/\/shop.bantam.ch\/de\/wp-json\/wp\/v2\/product"}],"about":[{"href":"https:\/\/shop.bantam.ch\/de\/wp-json\/wp\/v2\/types\/product"}],"wp:featuredmedia":[{"embeddable":true,"href":"https:\/\/shop.bantam.ch\/de\/wp-json\/wp\/v2\/media\/229305"}],"wp:attachment":[{"href":"https:\/\/shop.bantam.ch\/de\/wp-json\/wp\/v2\/media?parent=229307"}],"wp:term":[{"taxonomy":"product_featured_cat","embeddable":true,"href":"https:\/\/shop.bantam.ch\/de\/wp-json\/wp\/v2\/product_featured_cat?post=229307"},{"taxonomy":"product_brand","embeddable":true,"href":"https:\/\/shop.bantam.ch\/de\/wp-json\/wp\/v2\/product_brand?post=229307"},{"taxonomy":"product_cat","embeddable":true,"href":"https:\/\/shop.bantam.ch\/de\/wp-json\/wp\/v2\/product_cat?post=229307"},{"taxonomy":"product_tag","embeddable":true,"href":"https:\/\/shop.bantam.ch\/de\/wp-json\/wp\/v2\/product_tag?post=229307"}],"curies":[{"name":"wp","href":"https:\/\/api.w.org\/{rel}","templated":true}]}}