{"id":229183,"date":"2026-01-06T16:13:54","date_gmt":"2026-01-06T15:13:54","guid":{"rendered":"https:\/\/shop.bantam.ch\/produit\/trenntoilettenstreu\/"},"modified":"2026-04-18T23:53:17","modified_gmt":"2026-04-18T21:53:17","slug":"trenntoilettenstreu","status":"publish","type":"product","link":"https:\/\/shop.bantam.ch\/de\/produkt\/trenntoilettenstreu\/","title":{"rendered":"Trenntoilettenstreu"},"content":{"rendered":"<p>Einstreu f\u00fcr Trockentrenntoilette: nat\u00fcrlich und geruchsfrei<br \/>\nTrelino\u00ae Trenntoilettenstreu aus Weichholzfasern* ist die ideale L\u00f6sung zur Abdeckung der Feststoffe in Deiner Trenntoilette. Das hochwertige Produkt wird haupts\u00e4chlich aus Fichten- und Tannenholz hergestellt und zeichnet sich durch seine besonders hohe Saugf\u00e4higkeit aus. Es \u00fcberzeugt durch eine optimale Feuchtigkeitsabsorption und bindet auf nat\u00fcrliche Weise zuverl\u00e4ssig Ger\u00fcche. Die Streu l\u00e4sst sich einfach dosieren, ist nachhaltig und vollst\u00e4ndig kompostierbar. Ein besonderer Vorteil: die Streu ist ein echter Softie. Dank der abgerundeten K\u00f6rnung ist gibt es keine spitzen Fasern, die den Beutel in Deiner Trenntoilette besch\u00e4digen k\u00f6nnten. Um Staubbildung zu minimieren, wurde das Produkt vor der Abf\u00fcllung sorgf\u00e4ltig entstaubt. F\u00fcr eine optimale Haltbarkeit empfehlen wir eine trockene und k\u00fchle Lagerung.<\/p>\n<p>*Der eingesetzte Rohstoff ist ein Nebenprodukt in der S\u00e4geindustrie, es werden keine B\u00e4ume f\u00fcr dieses Produkt gef\u00e4llt.<\/p>\n<p>Anwendung:<br \/>\nZum Abstreuen der Feststoffe ca. 50 g Trelino\u00ae- Streu \u00fcber die Ausscheidungen geben, bis diese gut bedeckt sind.<\/p>\n","protected":false},"excerpt":{"rendered":"<p>Einstreu f\u00fcr Trockentrenntoilette: nat\u00fcrlich und geruchsfrei Trelino\u00ae Trenntoilettenstreu aus Weichholzfasern* ist die ideale L\u00f6sung zur Abdeckung der Feststoffe in Deiner Trenntoilette. Das hochwertige Produkt wird haupts\u00e4chlich aus Fichten- und Tannenholz hergestellt und zeichnet sich durch seine besonders hohe Saugf\u00e4higkeit aus. Es \u00fcberzeugt durch eine optimale Feuchtigkeitsabsorption und bindet auf nat\u00fcrliche Weise zuverl\u00e4ssig Ger\u00fcche. Die Streu [&hellip;]<\/p>\n","protected":false},"featured_media":229179,"template":"","meta":{"_acf_changed":false},"product_featured_cat":[],"product_brand":[],"product_cat":[4108],"product_tag":[],"class_list":{"0":"post-229183","1":"product","2":"type-product","3":"status-publish","4":"has-post-thumbnail","6":"product_cat-campingtoiletten-zubehoer","8":"first","9":"instock","10":"taxable","11":"shipping-taxable","12":"purchasable","13":"product-type-simple"},"acf":[],"yoast_head":"<!-- This site is optimized with the Yoast SEO plugin v27.4 - https:\/\/yoast.com\/product\/yoast-seo-wordpress\/ -->\n<title>Trenntoilettenstreu - Bantam Camping AG<\/title>\n<meta name=\"robots\" content=\"index, follow, max-snippet:-1, max-image-preview:large, max-video-preview:-1\" \/>\n<link rel=\"canonical\" href=\"https:\/\/shop.bantam.ch\/de\/produkt\/trenntoilettenstreu\/\" \/>\n<meta property=\"og:locale\" content=\"de_DE\" \/>\n<meta property=\"og:type\" content=\"article\" \/>\n<meta property=\"og:title\" content=\"Trenntoilettenstreu - Bantam Camping AG\" \/>\n<meta property=\"og:description\" content=\"Einstreu f\u00fcr Trockentrenntoilette: nat\u00fcrlich und geruchsfrei Trelino\u00ae Trenntoilettenstreu aus Weichholzfasern* ist die ideale L\u00f6sung zur Abdeckung der Feststoffe in Deiner Trenntoilette. Das hochwertige Produkt wird haupts\u00e4chlich aus Fichten- und Tannenholz hergestellt und zeichnet sich durch seine besonders hohe Saugf\u00e4higkeit aus. Es \u00fcberzeugt durch eine optimale Feuchtigkeitsabsorption und bindet auf nat\u00fcrliche Weise zuverl\u00e4ssig Ger\u00fcche. Die Streu [&hellip;]\" \/>\n<meta property=\"og:url\" content=\"https:\/\/shop.bantam.ch\/de\/produkt\/trenntoilettenstreu\/\" \/>\n<meta property=\"og:site_name\" content=\"Bantam Camping AG\" \/>\n<meta property=\"article:modified_time\" content=\"2026-04-18T21:53:17+00:00\" \/>\n<meta name=\"twitter:card\" content=\"summary_large_image\" \/>\n<meta name=\"twitter:label1\" content=\"Gesch\u00e4tzte Lesezeit\" \/>\n\t<meta name=\"twitter:data1\" content=\"1\u00a0Minute\" \/>\n<script type=\"application\/ld+json\" class=\"yoast-schema-graph\">{\"@context\":\"https:\\\/\\\/schema.org\",\"@graph\":[{\"@type\":\"WebPage\",\"@id\":\"https:\\\/\\\/shop.bantam.ch\\\/de\\\/produkt\\\/trenntoilettenstreu\\\/\",\"url\":\"https:\\\/\\\/shop.bantam.ch\\\/de\\\/produkt\\\/trenntoilettenstreu\\\/\",\"name\":\"Trenntoilettenstreu - Bantam Camping AG\",\"isPartOf\":{\"@id\":\"https:\\\/\\\/shop.bantam.ch\\\/de\\\/#website\"},\"primaryImageOfPage\":{\"@id\":\"https:\\\/\\\/shop.bantam.ch\\\/de\\\/produkt\\\/trenntoilettenstreu\\\/#primaryimage\"},\"image\":{\"@id\":\"https:\\\/\\\/shop.bantam.ch\\\/de\\\/produkt\\\/trenntoilettenstreu\\\/#primaryimage\"},\"thumbnailUrl\":\"https:\\\/\\\/shop.bantam.ch\\\/wp-content\\\/uploads\\\/2026\\\/01\\\/Movera-L-9975913100.jpg\",\"datePublished\":\"2026-01-06T15:13:54+00:00\",\"dateModified\":\"2026-04-18T21:53:17+00:00\",\"breadcrumb\":{\"@id\":\"https:\\\/\\\/shop.bantam.ch\\\/de\\\/produkt\\\/trenntoilettenstreu\\\/#breadcrumb\"},\"inLanguage\":\"de\",\"potentialAction\":[{\"@type\":\"ReadAction\",\"target\":[\"https:\\\/\\\/shop.bantam.ch\\\/de\\\/produkt\\\/trenntoilettenstreu\\\/\"]}]},{\"@type\":\"ImageObject\",\"inLanguage\":\"de\",\"@id\":\"https:\\\/\\\/shop.bantam.ch\\\/de\\\/produkt\\\/trenntoilettenstreu\\\/#primaryimage\",\"url\":\"https:\\\/\\\/shop.bantam.ch\\\/wp-content\\\/uploads\\\/2026\\\/01\\\/Movera-L-9975913100.jpg\",\"contentUrl\":\"https:\\\/\\\/shop.bantam.ch\\\/wp-content\\\/uploads\\\/2026\\\/01\\\/Movera-L-9975913100.jpg\",\"width\":640,\"height\":640},{\"@type\":\"BreadcrumbList\",\"@id\":\"https:\\\/\\\/shop.bantam.ch\\\/de\\\/produkt\\\/trenntoilettenstreu\\\/#breadcrumb\",\"itemListElement\":[{\"@type\":\"ListItem\",\"position\":1,\"name\":\"Accueil\",\"item\":\"https:\\\/\\\/shop.bantam.ch\\\/de\\\/\"},{\"@type\":\"ListItem\",\"position\":2,\"name\":\"Shop\",\"item\":\"https:\\\/\\\/shop.bantam.ch\\\/de\\\/shop\\\/\"},{\"@type\":\"ListItem\",\"position\":3,\"name\":\"Trenntoilettenstreu\"}]},{\"@type\":\"WebSite\",\"@id\":\"https:\\\/\\\/shop.bantam.ch\\\/de\\\/#website\",\"url\":\"https:\\\/\\\/shop.bantam.ch\\\/de\\\/\",\"name\":\"Bantam Camping AG\",\"description\":\"\",\"publisher\":{\"@id\":\"https:\\\/\\\/shop.bantam.ch\\\/de\\\/#organization\"},\"inLanguage\":\"de\"},{\"@type\":\"Organization\",\"@id\":\"https:\\\/\\\/shop.bantam.ch\\\/de\\\/#organization\",\"name\":\"Bantam Camping AG\",\"url\":\"https:\\\/\\\/shop.bantam.ch\\\/de\\\/\",\"logo\":{\"@type\":\"ImageObject\",\"inLanguage\":\"de\",\"@id\":\"https:\\\/\\\/shop.bantam.ch\\\/de\\\/#\\\/schema\\\/logo\\\/image\\\/\",\"url\":\"https:\\\/\\\/shop.bantam.ch\\\/wp-content\\\/uploads\\\/2022\\\/12\\\/bantam-logo.png\",\"contentUrl\":\"https:\\\/\\\/shop.bantam.ch\\\/wp-content\\\/uploads\\\/2022\\\/12\\\/bantam-logo.png\",\"width\":320,\"height\":71,\"caption\":\"Bantam Camping AG\"},\"image\":{\"@id\":\"https:\\\/\\\/shop.bantam.ch\\\/de\\\/#\\\/schema\\\/logo\\\/image\\\/\"}}]}<\/script>\n<!-- \/ Yoast SEO plugin. -->","yoast_head_json":{"title":"Trenntoilettenstreu - Bantam Camping AG","robots":{"index":"index","follow":"follow","max-snippet":"max-snippet:-1","max-image-preview":"max-image-preview:large","max-video-preview":"max-video-preview:-1"},"canonical":"https:\/\/shop.bantam.ch\/de\/produkt\/trenntoilettenstreu\/","og_locale":"de_DE","og_type":"article","og_title":"Trenntoilettenstreu - Bantam Camping AG","og_description":"Einstreu f\u00fcr Trockentrenntoilette: nat\u00fcrlich und geruchsfrei Trelino\u00ae Trenntoilettenstreu aus Weichholzfasern* ist die ideale L\u00f6sung zur Abdeckung der Feststoffe in Deiner Trenntoilette. Das hochwertige Produkt wird haupts\u00e4chlich aus Fichten- und Tannenholz hergestellt und zeichnet sich durch seine besonders hohe Saugf\u00e4higkeit aus. Es \u00fcberzeugt durch eine optimale Feuchtigkeitsabsorption und bindet auf nat\u00fcrliche Weise zuverl\u00e4ssig Ger\u00fcche. Die Streu [&hellip;]","og_url":"https:\/\/shop.bantam.ch\/de\/produkt\/trenntoilettenstreu\/","og_site_name":"Bantam Camping AG","article_modified_time":"2026-04-18T21:53:17+00:00","twitter_card":"summary_large_image","twitter_misc":{"Gesch\u00e4tzte Lesezeit":"1\u00a0Minute"},"schema":{"@context":"https:\/\/schema.org","@graph":[{"@type":"WebPage","@id":"https:\/\/shop.bantam.ch\/de\/produkt\/trenntoilettenstreu\/","url":"https:\/\/shop.bantam.ch\/de\/produkt\/trenntoilettenstreu\/","name":"Trenntoilettenstreu - Bantam Camping AG","isPartOf":{"@id":"https:\/\/shop.bantam.ch\/de\/#website"},"primaryImageOfPage":{"@id":"https:\/\/shop.bantam.ch\/de\/produkt\/trenntoilettenstreu\/#primaryimage"},"image":{"@id":"https:\/\/shop.bantam.ch\/de\/produkt\/trenntoilettenstreu\/#primaryimage"},"thumbnailUrl":"https:\/\/shop.bantam.ch\/wp-content\/uploads\/2026\/01\/Movera-L-9975913100.jpg","datePublished":"2026-01-06T15:13:54+00:00","dateModified":"2026-04-18T21:53:17+00:00","breadcrumb":{"@id":"https:\/\/shop.bantam.ch\/de\/produkt\/trenntoilettenstreu\/#breadcrumb"},"inLanguage":"de","potentialAction":[{"@type":"ReadAction","target":["https:\/\/shop.bantam.ch\/de\/produkt\/trenntoilettenstreu\/"]}]},{"@type":"ImageObject","inLanguage":"de","@id":"https:\/\/shop.bantam.ch\/de\/produkt\/trenntoilettenstreu\/#primaryimage","url":"https:\/\/shop.bantam.ch\/wp-content\/uploads\/2026\/01\/Movera-L-9975913100.jpg","contentUrl":"https:\/\/shop.bantam.ch\/wp-content\/uploads\/2026\/01\/Movera-L-9975913100.jpg","width":640,"height":640},{"@type":"BreadcrumbList","@id":"https:\/\/shop.bantam.ch\/de\/produkt\/trenntoilettenstreu\/#breadcrumb","itemListElement":[{"@type":"ListItem","position":1,"name":"Accueil","item":"https:\/\/shop.bantam.ch\/de\/"},{"@type":"ListItem","position":2,"name":"Shop","item":"https:\/\/shop.bantam.ch\/de\/shop\/"},{"@type":"ListItem","position":3,"name":"Trenntoilettenstreu"}]},{"@type":"WebSite","@id":"https:\/\/shop.bantam.ch\/de\/#website","url":"https:\/\/shop.bantam.ch\/de\/","name":"Bantam Camping AG","description":"","publisher":{"@id":"https:\/\/shop.bantam.ch\/de\/#organization"},"inLanguage":"de"},{"@type":"Organization","@id":"https:\/\/shop.bantam.ch\/de\/#organization","name":"Bantam Camping AG","url":"https:\/\/shop.bantam.ch\/de\/","logo":{"@type":"ImageObject","inLanguage":"de","@id":"https:\/\/shop.bantam.ch\/de\/#\/schema\/logo\/image\/","url":"https:\/\/shop.bantam.ch\/wp-content\/uploads\/2022\/12\/bantam-logo.png","contentUrl":"https:\/\/shop.bantam.ch\/wp-content\/uploads\/2022\/12\/bantam-logo.png","width":320,"height":71,"caption":"Bantam Camping AG"},"image":{"@id":"https:\/\/shop.bantam.ch\/de\/#\/schema\/logo\/image\/"}}]}},"_links":{"self":[{"href":"https:\/\/shop.bantam.ch\/de\/wp-json\/wp\/v2\/product\/229183","targetHints":{"allow":["GET"]}}],"collection":[{"href":"https:\/\/shop.bantam.ch\/de\/wp-json\/wp\/v2\/product"}],"about":[{"href":"https:\/\/shop.bantam.ch\/de\/wp-json\/wp\/v2\/types\/product"}],"wp:featuredmedia":[{"embeddable":true,"href":"https:\/\/shop.bantam.ch\/de\/wp-json\/wp\/v2\/media\/229179"}],"wp:attachment":[{"href":"https:\/\/shop.bantam.ch\/de\/wp-json\/wp\/v2\/media?parent=229183"}],"wp:term":[{"taxonomy":"product_featured_cat","embeddable":true,"href":"https:\/\/shop.bantam.ch\/de\/wp-json\/wp\/v2\/product_featured_cat?post=229183"},{"taxonomy":"product_brand","embeddable":true,"href":"https:\/\/shop.bantam.ch\/de\/wp-json\/wp\/v2\/product_brand?post=229183"},{"taxonomy":"product_cat","embeddable":true,"href":"https:\/\/shop.bantam.ch\/de\/wp-json\/wp\/v2\/product_cat?post=229183"},{"taxonomy":"product_tag","embeddable":true,"href":"https:\/\/shop.bantam.ch\/de\/wp-json\/wp\/v2\/product_tag?post=229183"}],"curies":[{"name":"wp","href":"https:\/\/api.w.org\/{rel}","templated":true}]}}