{"id":229157,"date":"2026-01-06T16:13:24","date_gmt":"2026-01-06T15:13:24","guid":{"rendered":"https:\/\/shop.bantam.ch\/produit\/trenntoilette-origin-xs-anthrazit\/"},"modified":"2026-04-19T23:56:50","modified_gmt":"2026-04-19T21:56:50","slug":"trenntoilette-origin-xs-anthrazit","status":"publish","type":"product","link":"https:\/\/shop.bantam.ch\/de\/produkt\/trenntoilette-origin-xs-anthrazit\/","title":{"rendered":"Trenntoilette Origin XS anthrazit"},"content":{"rendered":"<p>Minimale Ma\u00dfe, maximale Mobilit\u00e4t &amp; Robustheit: Die Origin XS ist die kleinste Trenntoilette der Trelino\u00ae Familie. Sie passt in winzige Winkel wie das &#8222;&#8220;K\u00fcchenfach&#8220;&#8220; im VW California Ocean, kann \u00fcberall mit hin mitgenommen werden und ist durch ihre Robustheit vielseitig einsetzbar. Die Trelino\u00ae Origin XS wiegt lediglich 5.0 kg. Der aus hochwertigem, wasserfestem PE gefertigte Korpus eignet sich aufgrund des Holzdeckels nur bedingt f\u00fcr den Einsatz in feuchten Umgebungen. Sein nahtloses, l\u00fcckenfreies Design verhindert Auslaufen und sorgt f\u00fcr zuverl\u00e4ssigen Schutz vor Missgeschicken, selbst unterwegs. Die Trelino\u00ae Origin XS \u2022 Trenntoilette ist eine stabile, robuste und unempfindliche Trockentrenntoilette, die Dich \u00fcberall hin begleitet. Belastbarkeit: 150 kg. Die Fertigung erfolgt unter der Ber\u00fccksichtigung hoher Sozialstandards ausschlie\u00dflich in Deutschland.<\/p>\n","protected":false},"excerpt":{"rendered":"<p>Minimale Ma\u00dfe, maximale Mobilit\u00e4t &amp; Robustheit: Die Origin XS ist die kleinste Trenntoilette der Trelino\u00ae Familie. Sie passt in winzige Winkel wie das &#8222;&#8220;K\u00fcchenfach&#8220;&#8220; im VW California Ocean, kann \u00fcberall mit hin mitgenommen werden und ist durch ihre Robustheit vielseitig einsetzbar. Die Trelino\u00ae Origin XS wiegt lediglich 5.0 kg. Der aus hochwertigem, wasserfestem PE gefertigte [&hellip;]<\/p>\n","protected":false},"featured_media":229147,"template":"","meta":{"_acf_changed":false},"product_featured_cat":[],"product_brand":[],"product_cat":[4598],"product_tag":[],"class_list":{"0":"post-229157","1":"product","2":"type-product","3":"status-publish","4":"has-post-thumbnail","6":"product_cat-trenntoiletten","8":"first","9":"instock","10":"taxable","11":"shipping-taxable","12":"purchasable","13":"product-type-simple"},"acf":[],"yoast_head":"<!-- This site is optimized with the Yoast SEO plugin v27.4 - https:\/\/yoast.com\/product\/yoast-seo-wordpress\/ -->\n<title>Trenntoilette Origin XS anthrazit - Bantam Camping AG<\/title>\n<meta name=\"robots\" content=\"index, follow, max-snippet:-1, max-image-preview:large, max-video-preview:-1\" \/>\n<link rel=\"canonical\" href=\"https:\/\/shop.bantam.ch\/de\/produkt\/trenntoilette-origin-xs-anthrazit\/\" \/>\n<meta property=\"og:locale\" content=\"de_DE\" \/>\n<meta property=\"og:type\" content=\"article\" \/>\n<meta property=\"og:title\" content=\"Trenntoilette Origin XS anthrazit - Bantam Camping AG\" \/>\n<meta property=\"og:description\" content=\"Minimale Ma\u00dfe, maximale Mobilit\u00e4t &amp; Robustheit: Die Origin XS ist die kleinste Trenntoilette der Trelino\u00ae Familie. Sie passt in winzige Winkel wie das &#8222;&#8220;K\u00fcchenfach&#8220;&#8220; im VW California Ocean, kann \u00fcberall mit hin mitgenommen werden und ist durch ihre Robustheit vielseitig einsetzbar. Die Trelino\u00ae Origin XS wiegt lediglich 5.0 kg. Der aus hochwertigem, wasserfestem PE gefertigte [&hellip;]\" \/>\n<meta property=\"og:url\" content=\"https:\/\/shop.bantam.ch\/de\/produkt\/trenntoilette-origin-xs-anthrazit\/\" \/>\n<meta property=\"og:site_name\" content=\"Bantam Camping AG\" \/>\n<meta property=\"article:modified_time\" content=\"2026-04-19T21:56:50+00:00\" \/>\n<meta name=\"twitter:card\" content=\"summary_large_image\" \/>\n<meta name=\"twitter:label1\" content=\"Gesch\u00e4tzte Lesezeit\" \/>\n\t<meta name=\"twitter:data1\" content=\"1\u00a0Minute\" \/>\n<script type=\"application\/ld+json\" class=\"yoast-schema-graph\">{\"@context\":\"https:\\\/\\\/schema.org\",\"@graph\":[{\"@type\":\"WebPage\",\"@id\":\"https:\\\/\\\/shop.bantam.ch\\\/de\\\/produkt\\\/trenntoilette-origin-xs-anthrazit\\\/\",\"url\":\"https:\\\/\\\/shop.bantam.ch\\\/de\\\/produkt\\\/trenntoilette-origin-xs-anthrazit\\\/\",\"name\":\"Trenntoilette Origin XS anthrazit - Bantam Camping AG\",\"isPartOf\":{\"@id\":\"https:\\\/\\\/shop.bantam.ch\\\/de\\\/#website\"},\"primaryImageOfPage\":{\"@id\":\"https:\\\/\\\/shop.bantam.ch\\\/de\\\/produkt\\\/trenntoilette-origin-xs-anthrazit\\\/#primaryimage\"},\"image\":{\"@id\":\"https:\\\/\\\/shop.bantam.ch\\\/de\\\/produkt\\\/trenntoilette-origin-xs-anthrazit\\\/#primaryimage\"},\"thumbnailUrl\":\"https:\\\/\\\/shop.bantam.ch\\\/wp-content\\\/uploads\\\/2026\\\/01\\\/Movera-L-9975912100.jpg\",\"datePublished\":\"2026-01-06T15:13:24+00:00\",\"dateModified\":\"2026-04-19T21:56:50+00:00\",\"breadcrumb\":{\"@id\":\"https:\\\/\\\/shop.bantam.ch\\\/de\\\/produkt\\\/trenntoilette-origin-xs-anthrazit\\\/#breadcrumb\"},\"inLanguage\":\"de\",\"potentialAction\":[{\"@type\":\"ReadAction\",\"target\":[\"https:\\\/\\\/shop.bantam.ch\\\/de\\\/produkt\\\/trenntoilette-origin-xs-anthrazit\\\/\"]}]},{\"@type\":\"ImageObject\",\"inLanguage\":\"de\",\"@id\":\"https:\\\/\\\/shop.bantam.ch\\\/de\\\/produkt\\\/trenntoilette-origin-xs-anthrazit\\\/#primaryimage\",\"url\":\"https:\\\/\\\/shop.bantam.ch\\\/wp-content\\\/uploads\\\/2026\\\/01\\\/Movera-L-9975912100.jpg\",\"contentUrl\":\"https:\\\/\\\/shop.bantam.ch\\\/wp-content\\\/uploads\\\/2026\\\/01\\\/Movera-L-9975912100.jpg\",\"width\":640,\"height\":640},{\"@type\":\"BreadcrumbList\",\"@id\":\"https:\\\/\\\/shop.bantam.ch\\\/de\\\/produkt\\\/trenntoilette-origin-xs-anthrazit\\\/#breadcrumb\",\"itemListElement\":[{\"@type\":\"ListItem\",\"position\":1,\"name\":\"Accueil\",\"item\":\"https:\\\/\\\/shop.bantam.ch\\\/de\\\/\"},{\"@type\":\"ListItem\",\"position\":2,\"name\":\"Shop\",\"item\":\"https:\\\/\\\/shop.bantam.ch\\\/de\\\/shop\\\/\"},{\"@type\":\"ListItem\",\"position\":3,\"name\":\"Trenntoilette Origin XS anthrazit\"}]},{\"@type\":\"WebSite\",\"@id\":\"https:\\\/\\\/shop.bantam.ch\\\/de\\\/#website\",\"url\":\"https:\\\/\\\/shop.bantam.ch\\\/de\\\/\",\"name\":\"Bantam Camping AG\",\"description\":\"\",\"publisher\":{\"@id\":\"https:\\\/\\\/shop.bantam.ch\\\/de\\\/#organization\"},\"inLanguage\":\"de\"},{\"@type\":\"Organization\",\"@id\":\"https:\\\/\\\/shop.bantam.ch\\\/de\\\/#organization\",\"name\":\"Bantam Camping AG\",\"url\":\"https:\\\/\\\/shop.bantam.ch\\\/de\\\/\",\"logo\":{\"@type\":\"ImageObject\",\"inLanguage\":\"de\",\"@id\":\"https:\\\/\\\/shop.bantam.ch\\\/de\\\/#\\\/schema\\\/logo\\\/image\\\/\",\"url\":\"https:\\\/\\\/shop.bantam.ch\\\/wp-content\\\/uploads\\\/2022\\\/12\\\/bantam-logo.png\",\"contentUrl\":\"https:\\\/\\\/shop.bantam.ch\\\/wp-content\\\/uploads\\\/2022\\\/12\\\/bantam-logo.png\",\"width\":320,\"height\":71,\"caption\":\"Bantam Camping AG\"},\"image\":{\"@id\":\"https:\\\/\\\/shop.bantam.ch\\\/de\\\/#\\\/schema\\\/logo\\\/image\\\/\"}}]}<\/script>\n<!-- \/ Yoast SEO plugin. -->","yoast_head_json":{"title":"Trenntoilette Origin XS anthrazit - Bantam Camping AG","robots":{"index":"index","follow":"follow","max-snippet":"max-snippet:-1","max-image-preview":"max-image-preview:large","max-video-preview":"max-video-preview:-1"},"canonical":"https:\/\/shop.bantam.ch\/de\/produkt\/trenntoilette-origin-xs-anthrazit\/","og_locale":"de_DE","og_type":"article","og_title":"Trenntoilette Origin XS anthrazit - Bantam Camping AG","og_description":"Minimale Ma\u00dfe, maximale Mobilit\u00e4t &amp; Robustheit: Die Origin XS ist die kleinste Trenntoilette der Trelino\u00ae Familie. Sie passt in winzige Winkel wie das &#8222;&#8220;K\u00fcchenfach&#8220;&#8220; im VW California Ocean, kann \u00fcberall mit hin mitgenommen werden und ist durch ihre Robustheit vielseitig einsetzbar. Die Trelino\u00ae Origin XS wiegt lediglich 5.0 kg. Der aus hochwertigem, wasserfestem PE gefertigte [&hellip;]","og_url":"https:\/\/shop.bantam.ch\/de\/produkt\/trenntoilette-origin-xs-anthrazit\/","og_site_name":"Bantam Camping AG","article_modified_time":"2026-04-19T21:56:50+00:00","twitter_card":"summary_large_image","twitter_misc":{"Gesch\u00e4tzte Lesezeit":"1\u00a0Minute"},"schema":{"@context":"https:\/\/schema.org","@graph":[{"@type":"WebPage","@id":"https:\/\/shop.bantam.ch\/de\/produkt\/trenntoilette-origin-xs-anthrazit\/","url":"https:\/\/shop.bantam.ch\/de\/produkt\/trenntoilette-origin-xs-anthrazit\/","name":"Trenntoilette Origin XS anthrazit - Bantam Camping AG","isPartOf":{"@id":"https:\/\/shop.bantam.ch\/de\/#website"},"primaryImageOfPage":{"@id":"https:\/\/shop.bantam.ch\/de\/produkt\/trenntoilette-origin-xs-anthrazit\/#primaryimage"},"image":{"@id":"https:\/\/shop.bantam.ch\/de\/produkt\/trenntoilette-origin-xs-anthrazit\/#primaryimage"},"thumbnailUrl":"https:\/\/shop.bantam.ch\/wp-content\/uploads\/2026\/01\/Movera-L-9975912100.jpg","datePublished":"2026-01-06T15:13:24+00:00","dateModified":"2026-04-19T21:56:50+00:00","breadcrumb":{"@id":"https:\/\/shop.bantam.ch\/de\/produkt\/trenntoilette-origin-xs-anthrazit\/#breadcrumb"},"inLanguage":"de","potentialAction":[{"@type":"ReadAction","target":["https:\/\/shop.bantam.ch\/de\/produkt\/trenntoilette-origin-xs-anthrazit\/"]}]},{"@type":"ImageObject","inLanguage":"de","@id":"https:\/\/shop.bantam.ch\/de\/produkt\/trenntoilette-origin-xs-anthrazit\/#primaryimage","url":"https:\/\/shop.bantam.ch\/wp-content\/uploads\/2026\/01\/Movera-L-9975912100.jpg","contentUrl":"https:\/\/shop.bantam.ch\/wp-content\/uploads\/2026\/01\/Movera-L-9975912100.jpg","width":640,"height":640},{"@type":"BreadcrumbList","@id":"https:\/\/shop.bantam.ch\/de\/produkt\/trenntoilette-origin-xs-anthrazit\/#breadcrumb","itemListElement":[{"@type":"ListItem","position":1,"name":"Accueil","item":"https:\/\/shop.bantam.ch\/de\/"},{"@type":"ListItem","position":2,"name":"Shop","item":"https:\/\/shop.bantam.ch\/de\/shop\/"},{"@type":"ListItem","position":3,"name":"Trenntoilette Origin XS anthrazit"}]},{"@type":"WebSite","@id":"https:\/\/shop.bantam.ch\/de\/#website","url":"https:\/\/shop.bantam.ch\/de\/","name":"Bantam Camping AG","description":"","publisher":{"@id":"https:\/\/shop.bantam.ch\/de\/#organization"},"inLanguage":"de"},{"@type":"Organization","@id":"https:\/\/shop.bantam.ch\/de\/#organization","name":"Bantam Camping AG","url":"https:\/\/shop.bantam.ch\/de\/","logo":{"@type":"ImageObject","inLanguage":"de","@id":"https:\/\/shop.bantam.ch\/de\/#\/schema\/logo\/image\/","url":"https:\/\/shop.bantam.ch\/wp-content\/uploads\/2022\/12\/bantam-logo.png","contentUrl":"https:\/\/shop.bantam.ch\/wp-content\/uploads\/2022\/12\/bantam-logo.png","width":320,"height":71,"caption":"Bantam Camping AG"},"image":{"@id":"https:\/\/shop.bantam.ch\/de\/#\/schema\/logo\/image\/"}}]}},"_links":{"self":[{"href":"https:\/\/shop.bantam.ch\/de\/wp-json\/wp\/v2\/product\/229157","targetHints":{"allow":["GET"]}}],"collection":[{"href":"https:\/\/shop.bantam.ch\/de\/wp-json\/wp\/v2\/product"}],"about":[{"href":"https:\/\/shop.bantam.ch\/de\/wp-json\/wp\/v2\/types\/product"}],"wp:featuredmedia":[{"embeddable":true,"href":"https:\/\/shop.bantam.ch\/de\/wp-json\/wp\/v2\/media\/229147"}],"wp:attachment":[{"href":"https:\/\/shop.bantam.ch\/de\/wp-json\/wp\/v2\/media?parent=229157"}],"wp:term":[{"taxonomy":"product_featured_cat","embeddable":true,"href":"https:\/\/shop.bantam.ch\/de\/wp-json\/wp\/v2\/product_featured_cat?post=229157"},{"taxonomy":"product_brand","embeddable":true,"href":"https:\/\/shop.bantam.ch\/de\/wp-json\/wp\/v2\/product_brand?post=229157"},{"taxonomy":"product_cat","embeddable":true,"href":"https:\/\/shop.bantam.ch\/de\/wp-json\/wp\/v2\/product_cat?post=229157"},{"taxonomy":"product_tag","embeddable":true,"href":"https:\/\/shop.bantam.ch\/de\/wp-json\/wp\/v2\/product_tag?post=229157"}],"curies":[{"name":"wp","href":"https:\/\/api.w.org\/{rel}","templated":true}]}}