{"id":229037,"date":"2026-01-06T16:11:16","date_gmt":"2026-01-06T15:11:16","guid":{"rendered":"https:\/\/shop.bantam.ch\/produit\/campingtisch-industrial-melrose-120x80-cm-schwarz-mit-holzoptik\/"},"modified":"2026-04-17T23:49:36","modified_gmt":"2026-04-17T21:49:36","slug":"campingtisch-industrial-melrose-120x80-cm-schwarz-mit-holzoptik","status":"publish","type":"product","link":"https:\/\/shop.bantam.ch\/de\/produkt\/campingtisch-industrial-melrose-120x80-cm-schwarz-mit-holzoptik\/","title":{"rendered":"Campingtisch Industrial Melrose 120&#215;80 cm Schwarz mit Holzoptik"},"content":{"rendered":"<p><!--StartFragment -->Ein stilvoller Aluminiumtisch im Industrie-Look mit einer Tischplatte in Holzoptik. Mit Hilfe von Stellschrauben k\u00f6nnen die Tischbeine auf unebenen Fl\u00e4chen angepasst werden. Die Beine sind in zwei verschiedenen H\u00f6hen verstellbar (37\/70 cm). Au\u00dferdem l\u00e4sst sich der Tisch dank der abnehmbaren Beine und der teilbaren Platte sehr kompakt als Koffermodell verstauen. Au\u00dferdem ist der Tisch mit einem Netz unter der MDF-Tischplatte zur Aufbewahrung von Gegenst\u00e4nden und einem Griff zum einfachen Transportieren ausgestattet.<!--EndFragment --><\/p>\n<ul>\n<li><!--StartFragment -->Zusammengeklappt (LxBxH): 80 x 7 x 60,5 cm<!--EndFragment --><\/li>\n<\/ul>\n","protected":false},"excerpt":{"rendered":"<p>Ein stilvoller Aluminiumtisch im Industrie-Look mit einer Tischplatte in Holzoptik. Mit Hilfe von Stellschrauben k\u00f6nnen die Tischbeine auf unebenen Fl\u00e4chen angepasst werden. Die Beine sind in zwei verschiedenen H\u00f6hen verstellbar (37\/70 cm). Au\u00dferdem l\u00e4sst sich der Tisch dank der abnehmbaren Beine und der teilbaren Platte sehr kompakt als Koffermodell verstauen. Au\u00dferdem ist der Tisch mit [&hellip;]<\/p>\n","protected":false},"featured_media":229027,"template":"","meta":{"_acf_changed":false},"product_featured_cat":[],"product_brand":[],"product_cat":[4054],"product_tag":[],"class_list":{"0":"post-229037","1":"product","2":"type-product","3":"status-publish","4":"has-post-thumbnail","6":"product_cat-campingtische","8":"first","9":"instock","10":"taxable","11":"shipping-taxable","12":"purchasable","13":"product-type-simple"},"acf":[],"yoast_head":"<!-- This site is optimized with the Yoast SEO plugin v27.4 - https:\/\/yoast.com\/product\/yoast-seo-wordpress\/ -->\n<title>Campingtisch Industrial Melrose 120x80 cm Schwarz mit Holzoptik - Bantam Camping AG<\/title>\n<meta name=\"robots\" content=\"index, follow, max-snippet:-1, max-image-preview:large, max-video-preview:-1\" \/>\n<link rel=\"canonical\" href=\"https:\/\/shop.bantam.ch\/de\/produkt\/campingtisch-industrial-melrose-120x80-cm-schwarz-mit-holzoptik\/\" \/>\n<meta property=\"og:locale\" content=\"de_DE\" \/>\n<meta property=\"og:type\" content=\"article\" \/>\n<meta property=\"og:title\" content=\"Campingtisch Industrial Melrose 120x80 cm Schwarz mit Holzoptik - Bantam Camping AG\" \/>\n<meta property=\"og:description\" content=\"Ein stilvoller Aluminiumtisch im Industrie-Look mit einer Tischplatte in Holzoptik. Mit Hilfe von Stellschrauben k\u00f6nnen die Tischbeine auf unebenen Fl\u00e4chen angepasst werden. Die Beine sind in zwei verschiedenen H\u00f6hen verstellbar (37\/70 cm). Au\u00dferdem l\u00e4sst sich der Tisch dank der abnehmbaren Beine und der teilbaren Platte sehr kompakt als Koffermodell verstauen. Au\u00dferdem ist der Tisch mit [&hellip;]\" \/>\n<meta property=\"og:url\" content=\"https:\/\/shop.bantam.ch\/de\/produkt\/campingtisch-industrial-melrose-120x80-cm-schwarz-mit-holzoptik\/\" \/>\n<meta property=\"og:site_name\" content=\"Bantam Camping AG\" \/>\n<meta property=\"article:modified_time\" content=\"2026-04-17T21:49:36+00:00\" \/>\n<meta name=\"twitter:card\" content=\"summary_large_image\" \/>\n<script type=\"application\/ld+json\" class=\"yoast-schema-graph\">{\"@context\":\"https:\\\/\\\/schema.org\",\"@graph\":[{\"@type\":\"WebPage\",\"@id\":\"https:\\\/\\\/shop.bantam.ch\\\/de\\\/produkt\\\/campingtisch-industrial-melrose-120x80-cm-schwarz-mit-holzoptik\\\/\",\"url\":\"https:\\\/\\\/shop.bantam.ch\\\/de\\\/produkt\\\/campingtisch-industrial-melrose-120x80-cm-schwarz-mit-holzoptik\\\/\",\"name\":\"Campingtisch Industrial Melrose 120x80 cm Schwarz mit Holzoptik - Bantam Camping AG\",\"isPartOf\":{\"@id\":\"https:\\\/\\\/shop.bantam.ch\\\/de\\\/#website\"},\"primaryImageOfPage\":{\"@id\":\"https:\\\/\\\/shop.bantam.ch\\\/de\\\/produkt\\\/campingtisch-industrial-melrose-120x80-cm-schwarz-mit-holzoptik\\\/#primaryimage\"},\"image\":{\"@id\":\"https:\\\/\\\/shop.bantam.ch\\\/de\\\/produkt\\\/campingtisch-industrial-melrose-120x80-cm-schwarz-mit-holzoptik\\\/#primaryimage\"},\"thumbnailUrl\":\"https:\\\/\\\/shop.bantam.ch\\\/wp-content\\\/uploads\\\/2026\\\/01\\\/Movera-L-9971523100.jpg\",\"datePublished\":\"2026-01-06T15:11:16+00:00\",\"dateModified\":\"2026-04-17T21:49:36+00:00\",\"breadcrumb\":{\"@id\":\"https:\\\/\\\/shop.bantam.ch\\\/de\\\/produkt\\\/campingtisch-industrial-melrose-120x80-cm-schwarz-mit-holzoptik\\\/#breadcrumb\"},\"inLanguage\":\"de\",\"potentialAction\":[{\"@type\":\"ReadAction\",\"target\":[\"https:\\\/\\\/shop.bantam.ch\\\/de\\\/produkt\\\/campingtisch-industrial-melrose-120x80-cm-schwarz-mit-holzoptik\\\/\"]}]},{\"@type\":\"ImageObject\",\"inLanguage\":\"de\",\"@id\":\"https:\\\/\\\/shop.bantam.ch\\\/de\\\/produkt\\\/campingtisch-industrial-melrose-120x80-cm-schwarz-mit-holzoptik\\\/#primaryimage\",\"url\":\"https:\\\/\\\/shop.bantam.ch\\\/wp-content\\\/uploads\\\/2026\\\/01\\\/Movera-L-9971523100.jpg\",\"contentUrl\":\"https:\\\/\\\/shop.bantam.ch\\\/wp-content\\\/uploads\\\/2026\\\/01\\\/Movera-L-9971523100.jpg\",\"width\":640,\"height\":526},{\"@type\":\"BreadcrumbList\",\"@id\":\"https:\\\/\\\/shop.bantam.ch\\\/de\\\/produkt\\\/campingtisch-industrial-melrose-120x80-cm-schwarz-mit-holzoptik\\\/#breadcrumb\",\"itemListElement\":[{\"@type\":\"ListItem\",\"position\":1,\"name\":\"Accueil\",\"item\":\"https:\\\/\\\/shop.bantam.ch\\\/de\\\/\"},{\"@type\":\"ListItem\",\"position\":2,\"name\":\"Shop\",\"item\":\"https:\\\/\\\/shop.bantam.ch\\\/de\\\/shop\\\/\"},{\"@type\":\"ListItem\",\"position\":3,\"name\":\"Campingtisch Industrial Melrose 120&#215;80 cm Schwarz mit Holzoptik\"}]},{\"@type\":\"WebSite\",\"@id\":\"https:\\\/\\\/shop.bantam.ch\\\/de\\\/#website\",\"url\":\"https:\\\/\\\/shop.bantam.ch\\\/de\\\/\",\"name\":\"Bantam Camping AG\",\"description\":\"\",\"publisher\":{\"@id\":\"https:\\\/\\\/shop.bantam.ch\\\/de\\\/#organization\"},\"inLanguage\":\"de\"},{\"@type\":\"Organization\",\"@id\":\"https:\\\/\\\/shop.bantam.ch\\\/de\\\/#organization\",\"name\":\"Bantam Camping AG\",\"url\":\"https:\\\/\\\/shop.bantam.ch\\\/de\\\/\",\"logo\":{\"@type\":\"ImageObject\",\"inLanguage\":\"de\",\"@id\":\"https:\\\/\\\/shop.bantam.ch\\\/de\\\/#\\\/schema\\\/logo\\\/image\\\/\",\"url\":\"https:\\\/\\\/shop.bantam.ch\\\/wp-content\\\/uploads\\\/2022\\\/12\\\/bantam-logo.png\",\"contentUrl\":\"https:\\\/\\\/shop.bantam.ch\\\/wp-content\\\/uploads\\\/2022\\\/12\\\/bantam-logo.png\",\"width\":320,\"height\":71,\"caption\":\"Bantam Camping AG\"},\"image\":{\"@id\":\"https:\\\/\\\/shop.bantam.ch\\\/de\\\/#\\\/schema\\\/logo\\\/image\\\/\"}}]}<\/script>\n<!-- \/ Yoast SEO plugin. -->","yoast_head_json":{"title":"Campingtisch Industrial Melrose 120x80 cm Schwarz mit Holzoptik - Bantam Camping AG","robots":{"index":"index","follow":"follow","max-snippet":"max-snippet:-1","max-image-preview":"max-image-preview:large","max-video-preview":"max-video-preview:-1"},"canonical":"https:\/\/shop.bantam.ch\/de\/produkt\/campingtisch-industrial-melrose-120x80-cm-schwarz-mit-holzoptik\/","og_locale":"de_DE","og_type":"article","og_title":"Campingtisch Industrial Melrose 120x80 cm Schwarz mit Holzoptik - Bantam Camping AG","og_description":"Ein stilvoller Aluminiumtisch im Industrie-Look mit einer Tischplatte in Holzoptik. Mit Hilfe von Stellschrauben k\u00f6nnen die Tischbeine auf unebenen Fl\u00e4chen angepasst werden. Die Beine sind in zwei verschiedenen H\u00f6hen verstellbar (37\/70 cm). Au\u00dferdem l\u00e4sst sich der Tisch dank der abnehmbaren Beine und der teilbaren Platte sehr kompakt als Koffermodell verstauen. Au\u00dferdem ist der Tisch mit [&hellip;]","og_url":"https:\/\/shop.bantam.ch\/de\/produkt\/campingtisch-industrial-melrose-120x80-cm-schwarz-mit-holzoptik\/","og_site_name":"Bantam Camping AG","article_modified_time":"2026-04-17T21:49:36+00:00","twitter_card":"summary_large_image","schema":{"@context":"https:\/\/schema.org","@graph":[{"@type":"WebPage","@id":"https:\/\/shop.bantam.ch\/de\/produkt\/campingtisch-industrial-melrose-120x80-cm-schwarz-mit-holzoptik\/","url":"https:\/\/shop.bantam.ch\/de\/produkt\/campingtisch-industrial-melrose-120x80-cm-schwarz-mit-holzoptik\/","name":"Campingtisch Industrial Melrose 120x80 cm Schwarz mit Holzoptik - Bantam Camping AG","isPartOf":{"@id":"https:\/\/shop.bantam.ch\/de\/#website"},"primaryImageOfPage":{"@id":"https:\/\/shop.bantam.ch\/de\/produkt\/campingtisch-industrial-melrose-120x80-cm-schwarz-mit-holzoptik\/#primaryimage"},"image":{"@id":"https:\/\/shop.bantam.ch\/de\/produkt\/campingtisch-industrial-melrose-120x80-cm-schwarz-mit-holzoptik\/#primaryimage"},"thumbnailUrl":"https:\/\/shop.bantam.ch\/wp-content\/uploads\/2026\/01\/Movera-L-9971523100.jpg","datePublished":"2026-01-06T15:11:16+00:00","dateModified":"2026-04-17T21:49:36+00:00","breadcrumb":{"@id":"https:\/\/shop.bantam.ch\/de\/produkt\/campingtisch-industrial-melrose-120x80-cm-schwarz-mit-holzoptik\/#breadcrumb"},"inLanguage":"de","potentialAction":[{"@type":"ReadAction","target":["https:\/\/shop.bantam.ch\/de\/produkt\/campingtisch-industrial-melrose-120x80-cm-schwarz-mit-holzoptik\/"]}]},{"@type":"ImageObject","inLanguage":"de","@id":"https:\/\/shop.bantam.ch\/de\/produkt\/campingtisch-industrial-melrose-120x80-cm-schwarz-mit-holzoptik\/#primaryimage","url":"https:\/\/shop.bantam.ch\/wp-content\/uploads\/2026\/01\/Movera-L-9971523100.jpg","contentUrl":"https:\/\/shop.bantam.ch\/wp-content\/uploads\/2026\/01\/Movera-L-9971523100.jpg","width":640,"height":526},{"@type":"BreadcrumbList","@id":"https:\/\/shop.bantam.ch\/de\/produkt\/campingtisch-industrial-melrose-120x80-cm-schwarz-mit-holzoptik\/#breadcrumb","itemListElement":[{"@type":"ListItem","position":1,"name":"Accueil","item":"https:\/\/shop.bantam.ch\/de\/"},{"@type":"ListItem","position":2,"name":"Shop","item":"https:\/\/shop.bantam.ch\/de\/shop\/"},{"@type":"ListItem","position":3,"name":"Campingtisch Industrial Melrose 120&#215;80 cm Schwarz mit Holzoptik"}]},{"@type":"WebSite","@id":"https:\/\/shop.bantam.ch\/de\/#website","url":"https:\/\/shop.bantam.ch\/de\/","name":"Bantam Camping AG","description":"","publisher":{"@id":"https:\/\/shop.bantam.ch\/de\/#organization"},"inLanguage":"de"},{"@type":"Organization","@id":"https:\/\/shop.bantam.ch\/de\/#organization","name":"Bantam Camping AG","url":"https:\/\/shop.bantam.ch\/de\/","logo":{"@type":"ImageObject","inLanguage":"de","@id":"https:\/\/shop.bantam.ch\/de\/#\/schema\/logo\/image\/","url":"https:\/\/shop.bantam.ch\/wp-content\/uploads\/2022\/12\/bantam-logo.png","contentUrl":"https:\/\/shop.bantam.ch\/wp-content\/uploads\/2022\/12\/bantam-logo.png","width":320,"height":71,"caption":"Bantam Camping AG"},"image":{"@id":"https:\/\/shop.bantam.ch\/de\/#\/schema\/logo\/image\/"}}]}},"_links":{"self":[{"href":"https:\/\/shop.bantam.ch\/de\/wp-json\/wp\/v2\/product\/229037","targetHints":{"allow":["GET"]}}],"collection":[{"href":"https:\/\/shop.bantam.ch\/de\/wp-json\/wp\/v2\/product"}],"about":[{"href":"https:\/\/shop.bantam.ch\/de\/wp-json\/wp\/v2\/types\/product"}],"wp:featuredmedia":[{"embeddable":true,"href":"https:\/\/shop.bantam.ch\/de\/wp-json\/wp\/v2\/media\/229027"}],"wp:attachment":[{"href":"https:\/\/shop.bantam.ch\/de\/wp-json\/wp\/v2\/media?parent=229037"}],"wp:term":[{"taxonomy":"product_featured_cat","embeddable":true,"href":"https:\/\/shop.bantam.ch\/de\/wp-json\/wp\/v2\/product_featured_cat?post=229037"},{"taxonomy":"product_brand","embeddable":true,"href":"https:\/\/shop.bantam.ch\/de\/wp-json\/wp\/v2\/product_brand?post=229037"},{"taxonomy":"product_cat","embeddable":true,"href":"https:\/\/shop.bantam.ch\/de\/wp-json\/wp\/v2\/product_cat?post=229037"},{"taxonomy":"product_tag","embeddable":true,"href":"https:\/\/shop.bantam.ch\/de\/wp-json\/wp\/v2\/product_tag?post=229037"}],"curies":[{"name":"wp","href":"https:\/\/api.w.org\/{rel}","templated":true}]}}