{"id":228971,"date":"2026-01-06T16:08:12","date_gmt":"2026-01-06T15:08:12","guid":{"rendered":"https:\/\/shop.bantam.ch\/produit\/stuhlset-air-elite-mit-tisch-ablagenetz-und-tragetasche\/"},"modified":"2026-05-03T23:47:09","modified_gmt":"2026-05-03T21:47:09","slug":"stuhlset-air-elite-mit-tisch-ablagenetz-und-tragetasche","status":"publish","type":"product","link":"https:\/\/shop.bantam.ch\/de\/produkt\/stuhlset-air-elite-mit-tisch-ablagenetz-und-tragetasche\/","title":{"rendered":"Stuhlset Air Elite mit Tisch, Ablagenetz und Tragetasche"},"content":{"rendered":"<p><!--StartFragment -->Das kompakte Set bestehend aus einem h\u00f6henverstellbaren Tisch mit Ablagenetz, dazu passenden St\u00fchlen und einer robusten Aufbewahrungstasche. Es ist perfekt f\u00fcr kleinere Wohnmobile und Camper geeignet. Der luxuri\u00f6se Campingtisch AL-246 ist mit einer hitzebest\u00e4ndigen, wasserfesten Tischplatte aus Melamin und einem robusten Aluminiumrahmen mit Pulverbeschichtung ausgestattet. Er verf\u00fcgt \u00fcber stufenlos verstellbare Beine (59-76 cm), die per Schnellverschluss fixiert werden k\u00f6nnen. Die selbstnivellierenden Stabilisierungsf\u00fc\u00dfe sorgen jederzeit f\u00fcr optimalen Halt, auch bei unebenem Terrain. Mit einem Handgriff k\u00f6nnen die Beine unkompliziert eingeklappt werden, wodurch sich der Tisch komfortabel und mit nur 4 cm Dicke sehr platzsparend transportieren l\u00e4sst. Das gro\u00dfe Netz unter dem Tisch ist ideal zum Verstauen von Zeitungen, Zeitschriften, dem Telefon oder anderen Accessoires. Der verstellbare Klappstuhl AA-213 Air-Elite Compact ist einer der luxuri\u00f6sesten und komfortabelsten Campingst\u00fchle! Der Stuhl ist mit einem extra dicken und stabilen 3D-Schaumstoffpolster versehen. Dieser Luxus-Stoff wird um das Sitzrohr auf die R\u00fcckseite geschlagen und l\u00e4uft an der Vorderseite bis nach unten durch, wodurch ein sehr angenehmes Sitzgef\u00fchl entsteht. Das Kopfende der R\u00fcckenlehne weist eine extra dicke Polsterung auf. Der Schaum hat eine offene Zellstruktur, wodurch keine Feuchtigkeit zur\u00fcckgehalten wird. Das l\u00e4sst diesen Stuhl schneller trocknen als St\u00fchle mit einer herk\u00f6mmlichen Schaumstoff-Polsterung. Die R\u00fcckenlehne des Stuhls ist 7-fach verstellbar und zus\u00e4tzlich verf\u00fcgt dieser Stuhl \u00fcber eine stufenlos verstellbare Kopfst\u00fctze. Die R\u00fcckenlehne, Sitzfl\u00e4che und Armlehnen sind f\u00fcr maximale Unterst\u00fctzung ergonomisch geformt. Der eloxierte U-Rahmen sorgt f\u00fcr hohe Stabilit\u00e4t und der Stuhl ist mit nur 6cm Dicke sehr flach und kompakt zu transportieren. R\u00fcckenl\u00e4nge: 65-81 cm. Die ger\u00e4umige Transporttasche mit Rei\u00dfverschluss und Trageriemen besteht aus widerstandsf\u00e4higem 600D Polyester und erm\u00f6glicht eine platzsparende Aufbewahrung.<!--EndFragment --><\/p>\n<p>Ma\u00dfe:&nbsp;<br \/>\nStuhl 48 x 65 &#8211; 81 x 64 cm (B x H x T)<br \/>\nTisch 101 x 59 &#8211; 76 x 65 cm (B x H x T)<\/p>\n<p>Gewicht:<br \/>\nStuhl 110 kg<br \/>\nTisch 50 kg<\/p>\n<p>Material:<br \/>\nBezug 100 % Polyester gepolstert<br \/>\nGestell eloxiertes Aluminium<br \/>\nTischplatte Melamin<\/p>\n","protected":false},"excerpt":{"rendered":"<p>Das kompakte Set bestehend aus einem h\u00f6henverstellbaren Tisch mit Ablagenetz, dazu passenden St\u00fchlen und einer robusten Aufbewahrungstasche. Es ist perfekt f\u00fcr kleinere Wohnmobile und Camper geeignet. Der luxuri\u00f6se Campingtisch AL-246 ist mit einer hitzebest\u00e4ndigen, wasserfesten Tischplatte aus Melamin und einem robusten Aluminiumrahmen mit Pulverbeschichtung ausgestattet. Er verf\u00fcgt \u00fcber stufenlos verstellbare Beine (59-76 cm), die per [&hellip;]<\/p>\n","protected":false},"featured_media":228965,"template":"","meta":{"_acf_changed":false},"product_featured_cat":[],"product_brand":[],"product_cat":[4972,4054],"product_tag":[],"class_list":{"0":"post-228971","1":"product","2":"type-product","3":"status-publish","4":"has-post-thumbnail","6":"product_cat-campingstuehle","7":"product_cat-campingtische","9":"first","10":"instock","11":"taxable","12":"shipping-taxable","13":"purchasable","14":"product-type-simple"},"acf":[],"yoast_head":"<!-- This site is optimized with the Yoast SEO plugin v27.5 - https:\/\/yoast.com\/product\/yoast-seo-wordpress\/ -->\n<title>Stuhlset Air Elite mit Tisch, Ablagenetz und Tragetasche - Bantam<\/title>\n<meta name=\"robots\" content=\"index, follow, max-snippet:-1, max-image-preview:large, max-video-preview:-1\" \/>\n<link rel=\"canonical\" href=\"https:\/\/shop.bantam.ch\/de\/produkt\/stuhlset-air-elite-mit-tisch-ablagenetz-und-tragetasche\/\" \/>\n<meta property=\"og:locale\" content=\"de_DE\" \/>\n<meta property=\"og:type\" content=\"article\" \/>\n<meta property=\"og:title\" content=\"Stuhlset Air Elite mit Tisch, Ablagenetz und Tragetasche - Bantam\" \/>\n<meta property=\"og:description\" content=\"Das kompakte Set bestehend aus einem h\u00f6henverstellbaren Tisch mit Ablagenetz, dazu passenden St\u00fchlen und einer robusten Aufbewahrungstasche. Es ist perfekt f\u00fcr kleinere Wohnmobile und Camper geeignet. Der luxuri\u00f6se Campingtisch AL-246 ist mit einer hitzebest\u00e4ndigen, wasserfesten Tischplatte aus Melamin und einem robusten Aluminiumrahmen mit Pulverbeschichtung ausgestattet. Er verf\u00fcgt \u00fcber stufenlos verstellbare Beine (59-76 cm), die per [&hellip;]\" \/>\n<meta property=\"og:url\" content=\"https:\/\/shop.bantam.ch\/de\/produkt\/stuhlset-air-elite-mit-tisch-ablagenetz-und-tragetasche\/\" \/>\n<meta property=\"og:site_name\" content=\"Bantam\" \/>\n<meta property=\"article:modified_time\" content=\"2026-05-03T21:47:09+00:00\" \/>\n<meta name=\"twitter:card\" content=\"summary_large_image\" \/>\n<meta name=\"twitter:label1\" content=\"Gesch\u00e4tzte Lesezeit\" \/>\n\t<meta name=\"twitter:data1\" content=\"2\u00a0Minuten\" \/>\n<script type=\"application\/ld+json\" class=\"yoast-schema-graph\">{\"@context\":\"https:\\\/\\\/schema.org\",\"@graph\":[{\"@type\":\"WebPage\",\"@id\":\"https:\\\/\\\/shop.bantam.ch\\\/de\\\/produkt\\\/stuhlset-air-elite-mit-tisch-ablagenetz-und-tragetasche\\\/\",\"url\":\"https:\\\/\\\/shop.bantam.ch\\\/de\\\/produkt\\\/stuhlset-air-elite-mit-tisch-ablagenetz-und-tragetasche\\\/\",\"name\":\"Stuhlset Air Elite mit Tisch, Ablagenetz und Tragetasche - Bantam\",\"isPartOf\":{\"@id\":\"https:\\\/\\\/shop.bantam.ch\\\/de\\\/#website\"},\"primaryImageOfPage\":{\"@id\":\"https:\\\/\\\/shop.bantam.ch\\\/de\\\/produkt\\\/stuhlset-air-elite-mit-tisch-ablagenetz-und-tragetasche\\\/#primaryimage\"},\"image\":{\"@id\":\"https:\\\/\\\/shop.bantam.ch\\\/de\\\/produkt\\\/stuhlset-air-elite-mit-tisch-ablagenetz-und-tragetasche\\\/#primaryimage\"},\"thumbnailUrl\":\"https:\\\/\\\/shop.bantam.ch\\\/wp-content\\\/uploads\\\/2026\\\/01\\\/Movera-L-9971509100.jpg\",\"datePublished\":\"2026-01-06T15:08:12+00:00\",\"dateModified\":\"2026-05-03T21:47:09+00:00\",\"breadcrumb\":{\"@id\":\"https:\\\/\\\/shop.bantam.ch\\\/de\\\/produkt\\\/stuhlset-air-elite-mit-tisch-ablagenetz-und-tragetasche\\\/#breadcrumb\"},\"inLanguage\":\"de\",\"potentialAction\":[{\"@type\":\"ReadAction\",\"target\":[\"https:\\\/\\\/shop.bantam.ch\\\/de\\\/produkt\\\/stuhlset-air-elite-mit-tisch-ablagenetz-und-tragetasche\\\/\"]}]},{\"@type\":\"ImageObject\",\"inLanguage\":\"de\",\"@id\":\"https:\\\/\\\/shop.bantam.ch\\\/de\\\/produkt\\\/stuhlset-air-elite-mit-tisch-ablagenetz-und-tragetasche\\\/#primaryimage\",\"url\":\"https:\\\/\\\/shop.bantam.ch\\\/wp-content\\\/uploads\\\/2026\\\/01\\\/Movera-L-9971509100.jpg\",\"contentUrl\":\"https:\\\/\\\/shop.bantam.ch\\\/wp-content\\\/uploads\\\/2026\\\/01\\\/Movera-L-9971509100.jpg\",\"width\":640,\"height\":428},{\"@type\":\"BreadcrumbList\",\"@id\":\"https:\\\/\\\/shop.bantam.ch\\\/de\\\/produkt\\\/stuhlset-air-elite-mit-tisch-ablagenetz-und-tragetasche\\\/#breadcrumb\",\"itemListElement\":[{\"@type\":\"ListItem\",\"position\":1,\"name\":\"Accueil\",\"item\":\"https:\\\/\\\/shop.bantam.ch\\\/de\\\/\"},{\"@type\":\"ListItem\",\"position\":2,\"name\":\"Shop\",\"item\":\"https:\\\/\\\/shop.bantam.ch\\\/de\\\/shop\\\/\"},{\"@type\":\"ListItem\",\"position\":3,\"name\":\"Stuhlset Air Elite mit Tisch, Ablagenetz und Tragetasche\"}]},{\"@type\":\"WebSite\",\"@id\":\"https:\\\/\\\/shop.bantam.ch\\\/de\\\/#website\",\"url\":\"https:\\\/\\\/shop.bantam.ch\\\/de\\\/\",\"name\":\"Bantam\",\"description\":\"\",\"publisher\":{\"@id\":\"https:\\\/\\\/shop.bantam.ch\\\/de\\\/#organization\"},\"inLanguage\":\"de\"},{\"@type\":\"Organization\",\"@id\":\"https:\\\/\\\/shop.bantam.ch\\\/de\\\/#organization\",\"name\":\"Bantam\",\"url\":\"https:\\\/\\\/shop.bantam.ch\\\/de\\\/\",\"logo\":{\"@type\":\"ImageObject\",\"inLanguage\":\"de\",\"@id\":\"https:\\\/\\\/shop.bantam.ch\\\/de\\\/#\\\/schema\\\/logo\\\/image\\\/\",\"url\":\"https:\\\/\\\/shop.bantam.ch\\\/wp-content\\\/uploads\\\/2022\\\/12\\\/bantam-logo.png\",\"contentUrl\":\"https:\\\/\\\/shop.bantam.ch\\\/wp-content\\\/uploads\\\/2022\\\/12\\\/bantam-logo.png\",\"width\":320,\"height\":71,\"caption\":\"Bantam\"},\"image\":{\"@id\":\"https:\\\/\\\/shop.bantam.ch\\\/de\\\/#\\\/schema\\\/logo\\\/image\\\/\"}}]}<\/script>\n<!-- \/ Yoast SEO plugin. -->","yoast_head_json":{"title":"Stuhlset Air Elite mit Tisch, Ablagenetz und Tragetasche - Bantam","robots":{"index":"index","follow":"follow","max-snippet":"max-snippet:-1","max-image-preview":"max-image-preview:large","max-video-preview":"max-video-preview:-1"},"canonical":"https:\/\/shop.bantam.ch\/de\/produkt\/stuhlset-air-elite-mit-tisch-ablagenetz-und-tragetasche\/","og_locale":"de_DE","og_type":"article","og_title":"Stuhlset Air Elite mit Tisch, Ablagenetz und Tragetasche - Bantam","og_description":"Das kompakte Set bestehend aus einem h\u00f6henverstellbaren Tisch mit Ablagenetz, dazu passenden St\u00fchlen und einer robusten Aufbewahrungstasche. Es ist perfekt f\u00fcr kleinere Wohnmobile und Camper geeignet. Der luxuri\u00f6se Campingtisch AL-246 ist mit einer hitzebest\u00e4ndigen, wasserfesten Tischplatte aus Melamin und einem robusten Aluminiumrahmen mit Pulverbeschichtung ausgestattet. Er verf\u00fcgt \u00fcber stufenlos verstellbare Beine (59-76 cm), die per [&hellip;]","og_url":"https:\/\/shop.bantam.ch\/de\/produkt\/stuhlset-air-elite-mit-tisch-ablagenetz-und-tragetasche\/","og_site_name":"Bantam","article_modified_time":"2026-05-03T21:47:09+00:00","twitter_card":"summary_large_image","twitter_misc":{"Gesch\u00e4tzte Lesezeit":"2\u00a0Minuten"},"schema":{"@context":"https:\/\/schema.org","@graph":[{"@type":"WebPage","@id":"https:\/\/shop.bantam.ch\/de\/produkt\/stuhlset-air-elite-mit-tisch-ablagenetz-und-tragetasche\/","url":"https:\/\/shop.bantam.ch\/de\/produkt\/stuhlset-air-elite-mit-tisch-ablagenetz-und-tragetasche\/","name":"Stuhlset Air Elite mit Tisch, Ablagenetz und Tragetasche - Bantam","isPartOf":{"@id":"https:\/\/shop.bantam.ch\/de\/#website"},"primaryImageOfPage":{"@id":"https:\/\/shop.bantam.ch\/de\/produkt\/stuhlset-air-elite-mit-tisch-ablagenetz-und-tragetasche\/#primaryimage"},"image":{"@id":"https:\/\/shop.bantam.ch\/de\/produkt\/stuhlset-air-elite-mit-tisch-ablagenetz-und-tragetasche\/#primaryimage"},"thumbnailUrl":"https:\/\/shop.bantam.ch\/wp-content\/uploads\/2026\/01\/Movera-L-9971509100.jpg","datePublished":"2026-01-06T15:08:12+00:00","dateModified":"2026-05-03T21:47:09+00:00","breadcrumb":{"@id":"https:\/\/shop.bantam.ch\/de\/produkt\/stuhlset-air-elite-mit-tisch-ablagenetz-und-tragetasche\/#breadcrumb"},"inLanguage":"de","potentialAction":[{"@type":"ReadAction","target":["https:\/\/shop.bantam.ch\/de\/produkt\/stuhlset-air-elite-mit-tisch-ablagenetz-und-tragetasche\/"]}]},{"@type":"ImageObject","inLanguage":"de","@id":"https:\/\/shop.bantam.ch\/de\/produkt\/stuhlset-air-elite-mit-tisch-ablagenetz-und-tragetasche\/#primaryimage","url":"https:\/\/shop.bantam.ch\/wp-content\/uploads\/2026\/01\/Movera-L-9971509100.jpg","contentUrl":"https:\/\/shop.bantam.ch\/wp-content\/uploads\/2026\/01\/Movera-L-9971509100.jpg","width":640,"height":428},{"@type":"BreadcrumbList","@id":"https:\/\/shop.bantam.ch\/de\/produkt\/stuhlset-air-elite-mit-tisch-ablagenetz-und-tragetasche\/#breadcrumb","itemListElement":[{"@type":"ListItem","position":1,"name":"Accueil","item":"https:\/\/shop.bantam.ch\/de\/"},{"@type":"ListItem","position":2,"name":"Shop","item":"https:\/\/shop.bantam.ch\/de\/shop\/"},{"@type":"ListItem","position":3,"name":"Stuhlset Air Elite mit Tisch, Ablagenetz und Tragetasche"}]},{"@type":"WebSite","@id":"https:\/\/shop.bantam.ch\/de\/#website","url":"https:\/\/shop.bantam.ch\/de\/","name":"Bantam","description":"","publisher":{"@id":"https:\/\/shop.bantam.ch\/de\/#organization"},"inLanguage":"de"},{"@type":"Organization","@id":"https:\/\/shop.bantam.ch\/de\/#organization","name":"Bantam","url":"https:\/\/shop.bantam.ch\/de\/","logo":{"@type":"ImageObject","inLanguage":"de","@id":"https:\/\/shop.bantam.ch\/de\/#\/schema\/logo\/image\/","url":"https:\/\/shop.bantam.ch\/wp-content\/uploads\/2022\/12\/bantam-logo.png","contentUrl":"https:\/\/shop.bantam.ch\/wp-content\/uploads\/2022\/12\/bantam-logo.png","width":320,"height":71,"caption":"Bantam"},"image":{"@id":"https:\/\/shop.bantam.ch\/de\/#\/schema\/logo\/image\/"}}]}},"_links":{"self":[{"href":"https:\/\/shop.bantam.ch\/de\/wp-json\/wp\/v2\/product\/228971","targetHints":{"allow":["GET"]}}],"collection":[{"href":"https:\/\/shop.bantam.ch\/de\/wp-json\/wp\/v2\/product"}],"about":[{"href":"https:\/\/shop.bantam.ch\/de\/wp-json\/wp\/v2\/types\/product"}],"wp:featuredmedia":[{"embeddable":true,"href":"https:\/\/shop.bantam.ch\/de\/wp-json\/wp\/v2\/media\/228965"}],"wp:attachment":[{"href":"https:\/\/shop.bantam.ch\/de\/wp-json\/wp\/v2\/media?parent=228971"}],"wp:term":[{"taxonomy":"product_featured_cat","embeddable":true,"href":"https:\/\/shop.bantam.ch\/de\/wp-json\/wp\/v2\/product_featured_cat?post=228971"},{"taxonomy":"product_brand","embeddable":true,"href":"https:\/\/shop.bantam.ch\/de\/wp-json\/wp\/v2\/product_brand?post=228971"},{"taxonomy":"product_cat","embeddable":true,"href":"https:\/\/shop.bantam.ch\/de\/wp-json\/wp\/v2\/product_cat?post=228971"},{"taxonomy":"product_tag","embeddable":true,"href":"https:\/\/shop.bantam.ch\/de\/wp-json\/wp\/v2\/product_tag?post=228971"}],"curies":[{"name":"wp","href":"https:\/\/api.w.org\/{rel}","templated":true}]}}