{"id":228919,"date":"2026-01-06T16:07:16","date_gmt":"2026-01-06T15:07:16","guid":{"rendered":"https:\/\/shop.bantam.ch\/produit\/beinauflage-al-231-deluxe-fb-dunkelgrau\/"},"modified":"2026-05-03T23:47:08","modified_gmt":"2026-05-03T21:47:08","slug":"beinauflage-al-231-deluxe-fb-dunkelgrau","status":"publish","type":"product","link":"https:\/\/shop.bantam.ch\/de\/produkt\/beinauflage-al-231-deluxe-fb-dunkelgrau\/","title":{"rendered":"Beinauflage AL \/ 231 Deluxe, Fb. dunkelgrau"},"content":{"rendered":"<p><!--StartFragment --><\/p>\n<p>Eine sehr bequeme Beinst\u00fctze. Sie kann unabh\u00e4ngig vom Stuhl genutzt und im gew\u00fcnschten Abstand positioniert werden. Mit extra komfortablem Polsterstoff versehen. Die komfortable Polsterung dieses Stoffs hat eine offene Gewebestruktur, so dass kaum Feuchtigkeit festgehalten wird. Zudem ist die Fu\u00dfst\u00fctze ergonomisch geformt und mit einem besonders stabilen Rahmen ausgestattet. Nach Gebrauch kann die Fu\u00dfbank flach und kompakt eingeklappt werden.<\/p>\n<p>Material:&nbsp;<br \/>\nBezug 100 % Polyester<br \/>\nGestell Aluminium<\/p>\n<p><!--EndFragment --><\/p>\n","protected":false},"excerpt":{"rendered":"<p>Eine sehr bequeme Beinst\u00fctze. Sie kann unabh\u00e4ngig vom Stuhl genutzt und im gew\u00fcnschten Abstand positioniert werden. Mit extra komfortablem Polsterstoff versehen. Die komfortable Polsterung dieses Stoffs hat eine offene Gewebestruktur, so dass kaum Feuchtigkeit festgehalten wird. Zudem ist die Fu\u00dfst\u00fctze ergonomisch geformt und mit einem besonders stabilen Rahmen ausgestattet. Nach Gebrauch kann die Fu\u00dfbank flach [&hellip;]<\/p>\n","protected":false},"featured_media":228909,"template":"","meta":{"_acf_changed":false},"product_featured_cat":[],"product_brand":[],"product_cat":[4974],"product_tag":[],"class_list":{"0":"post-228919","1":"product","2":"type-product","3":"status-publish","4":"has-post-thumbnail","6":"product_cat-beinauflagen","8":"first","9":"instock","10":"taxable","11":"shipping-taxable","12":"purchasable","13":"product-type-simple"},"acf":[],"yoast_head":"<!-- This site is optimized with the Yoast SEO plugin v27.5 - https:\/\/yoast.com\/product\/yoast-seo-wordpress\/ -->\n<title>Beinauflage AL \/ 231 Deluxe, Fb. dunkelgrau - Bantam<\/title>\n<meta name=\"robots\" content=\"index, follow, max-snippet:-1, max-image-preview:large, max-video-preview:-1\" \/>\n<link rel=\"canonical\" href=\"https:\/\/shop.bantam.ch\/de\/produkt\/beinauflage-al-231-deluxe-fb-dunkelgrau\/\" \/>\n<meta property=\"og:locale\" content=\"de_DE\" \/>\n<meta property=\"og:type\" content=\"article\" \/>\n<meta property=\"og:title\" content=\"Beinauflage AL \/ 231 Deluxe, Fb. dunkelgrau - Bantam\" \/>\n<meta property=\"og:description\" content=\"Eine sehr bequeme Beinst\u00fctze. Sie kann unabh\u00e4ngig vom Stuhl genutzt und im gew\u00fcnschten Abstand positioniert werden. Mit extra komfortablem Polsterstoff versehen. Die komfortable Polsterung dieses Stoffs hat eine offene Gewebestruktur, so dass kaum Feuchtigkeit festgehalten wird. Zudem ist die Fu\u00dfst\u00fctze ergonomisch geformt und mit einem besonders stabilen Rahmen ausgestattet. Nach Gebrauch kann die Fu\u00dfbank flach [&hellip;]\" \/>\n<meta property=\"og:url\" content=\"https:\/\/shop.bantam.ch\/de\/produkt\/beinauflage-al-231-deluxe-fb-dunkelgrau\/\" \/>\n<meta property=\"og:site_name\" content=\"Bantam\" \/>\n<meta property=\"article:modified_time\" content=\"2026-05-03T21:47:08+00:00\" \/>\n<meta name=\"twitter:card\" content=\"summary_large_image\" \/>\n<script type=\"application\/ld+json\" class=\"yoast-schema-graph\">{\"@context\":\"https:\\\/\\\/schema.org\",\"@graph\":[{\"@type\":\"WebPage\",\"@id\":\"https:\\\/\\\/shop.bantam.ch\\\/de\\\/produkt\\\/beinauflage-al-231-deluxe-fb-dunkelgrau\\\/\",\"url\":\"https:\\\/\\\/shop.bantam.ch\\\/de\\\/produkt\\\/beinauflage-al-231-deluxe-fb-dunkelgrau\\\/\",\"name\":\"Beinauflage AL \\\/ 231 Deluxe, Fb. dunkelgrau - Bantam\",\"isPartOf\":{\"@id\":\"https:\\\/\\\/shop.bantam.ch\\\/de\\\/#website\"},\"primaryImageOfPage\":{\"@id\":\"https:\\\/\\\/shop.bantam.ch\\\/de\\\/produkt\\\/beinauflage-al-231-deluxe-fb-dunkelgrau\\\/#primaryimage\"},\"image\":{\"@id\":\"https:\\\/\\\/shop.bantam.ch\\\/de\\\/produkt\\\/beinauflage-al-231-deluxe-fb-dunkelgrau\\\/#primaryimage\"},\"thumbnailUrl\":\"https:\\\/\\\/shop.bantam.ch\\\/wp-content\\\/uploads\\\/2026\\\/01\\\/Movera-L-9971499100.png\",\"datePublished\":\"2026-01-06T15:07:16+00:00\",\"dateModified\":\"2026-05-03T21:47:08+00:00\",\"breadcrumb\":{\"@id\":\"https:\\\/\\\/shop.bantam.ch\\\/de\\\/produkt\\\/beinauflage-al-231-deluxe-fb-dunkelgrau\\\/#breadcrumb\"},\"inLanguage\":\"de\",\"potentialAction\":[{\"@type\":\"ReadAction\",\"target\":[\"https:\\\/\\\/shop.bantam.ch\\\/de\\\/produkt\\\/beinauflage-al-231-deluxe-fb-dunkelgrau\\\/\"]}]},{\"@type\":\"ImageObject\",\"inLanguage\":\"de\",\"@id\":\"https:\\\/\\\/shop.bantam.ch\\\/de\\\/produkt\\\/beinauflage-al-231-deluxe-fb-dunkelgrau\\\/#primaryimage\",\"url\":\"https:\\\/\\\/shop.bantam.ch\\\/wp-content\\\/uploads\\\/2026\\\/01\\\/Movera-L-9971499100.png\",\"contentUrl\":\"https:\\\/\\\/shop.bantam.ch\\\/wp-content\\\/uploads\\\/2026\\\/01\\\/Movera-L-9971499100.png\",\"width\":640,\"height\":647},{\"@type\":\"BreadcrumbList\",\"@id\":\"https:\\\/\\\/shop.bantam.ch\\\/de\\\/produkt\\\/beinauflage-al-231-deluxe-fb-dunkelgrau\\\/#breadcrumb\",\"itemListElement\":[{\"@type\":\"ListItem\",\"position\":1,\"name\":\"Accueil\",\"item\":\"https:\\\/\\\/shop.bantam.ch\\\/de\\\/\"},{\"@type\":\"ListItem\",\"position\":2,\"name\":\"Shop\",\"item\":\"https:\\\/\\\/shop.bantam.ch\\\/de\\\/shop\\\/\"},{\"@type\":\"ListItem\",\"position\":3,\"name\":\"Beinauflage AL \\\/ 231 Deluxe, Fb. dunkelgrau\"}]},{\"@type\":\"WebSite\",\"@id\":\"https:\\\/\\\/shop.bantam.ch\\\/de\\\/#website\",\"url\":\"https:\\\/\\\/shop.bantam.ch\\\/de\\\/\",\"name\":\"Bantam\",\"description\":\"\",\"publisher\":{\"@id\":\"https:\\\/\\\/shop.bantam.ch\\\/de\\\/#organization\"},\"inLanguage\":\"de\"},{\"@type\":\"Organization\",\"@id\":\"https:\\\/\\\/shop.bantam.ch\\\/de\\\/#organization\",\"name\":\"Bantam\",\"url\":\"https:\\\/\\\/shop.bantam.ch\\\/de\\\/\",\"logo\":{\"@type\":\"ImageObject\",\"inLanguage\":\"de\",\"@id\":\"https:\\\/\\\/shop.bantam.ch\\\/de\\\/#\\\/schema\\\/logo\\\/image\\\/\",\"url\":\"https:\\\/\\\/shop.bantam.ch\\\/wp-content\\\/uploads\\\/2022\\\/12\\\/bantam-logo.png\",\"contentUrl\":\"https:\\\/\\\/shop.bantam.ch\\\/wp-content\\\/uploads\\\/2022\\\/12\\\/bantam-logo.png\",\"width\":320,\"height\":71,\"caption\":\"Bantam\"},\"image\":{\"@id\":\"https:\\\/\\\/shop.bantam.ch\\\/de\\\/#\\\/schema\\\/logo\\\/image\\\/\"}}]}<\/script>\n<!-- \/ Yoast SEO plugin. -->","yoast_head_json":{"title":"Beinauflage AL \/ 231 Deluxe, Fb. dunkelgrau - Bantam","robots":{"index":"index","follow":"follow","max-snippet":"max-snippet:-1","max-image-preview":"max-image-preview:large","max-video-preview":"max-video-preview:-1"},"canonical":"https:\/\/shop.bantam.ch\/de\/produkt\/beinauflage-al-231-deluxe-fb-dunkelgrau\/","og_locale":"de_DE","og_type":"article","og_title":"Beinauflage AL \/ 231 Deluxe, Fb. dunkelgrau - Bantam","og_description":"Eine sehr bequeme Beinst\u00fctze. Sie kann unabh\u00e4ngig vom Stuhl genutzt und im gew\u00fcnschten Abstand positioniert werden. Mit extra komfortablem Polsterstoff versehen. Die komfortable Polsterung dieses Stoffs hat eine offene Gewebestruktur, so dass kaum Feuchtigkeit festgehalten wird. Zudem ist die Fu\u00dfst\u00fctze ergonomisch geformt und mit einem besonders stabilen Rahmen ausgestattet. Nach Gebrauch kann die Fu\u00dfbank flach [&hellip;]","og_url":"https:\/\/shop.bantam.ch\/de\/produkt\/beinauflage-al-231-deluxe-fb-dunkelgrau\/","og_site_name":"Bantam","article_modified_time":"2026-05-03T21:47:08+00:00","twitter_card":"summary_large_image","schema":{"@context":"https:\/\/schema.org","@graph":[{"@type":"WebPage","@id":"https:\/\/shop.bantam.ch\/de\/produkt\/beinauflage-al-231-deluxe-fb-dunkelgrau\/","url":"https:\/\/shop.bantam.ch\/de\/produkt\/beinauflage-al-231-deluxe-fb-dunkelgrau\/","name":"Beinauflage AL \/ 231 Deluxe, Fb. dunkelgrau - Bantam","isPartOf":{"@id":"https:\/\/shop.bantam.ch\/de\/#website"},"primaryImageOfPage":{"@id":"https:\/\/shop.bantam.ch\/de\/produkt\/beinauflage-al-231-deluxe-fb-dunkelgrau\/#primaryimage"},"image":{"@id":"https:\/\/shop.bantam.ch\/de\/produkt\/beinauflage-al-231-deluxe-fb-dunkelgrau\/#primaryimage"},"thumbnailUrl":"https:\/\/shop.bantam.ch\/wp-content\/uploads\/2026\/01\/Movera-L-9971499100.png","datePublished":"2026-01-06T15:07:16+00:00","dateModified":"2026-05-03T21:47:08+00:00","breadcrumb":{"@id":"https:\/\/shop.bantam.ch\/de\/produkt\/beinauflage-al-231-deluxe-fb-dunkelgrau\/#breadcrumb"},"inLanguage":"de","potentialAction":[{"@type":"ReadAction","target":["https:\/\/shop.bantam.ch\/de\/produkt\/beinauflage-al-231-deluxe-fb-dunkelgrau\/"]}]},{"@type":"ImageObject","inLanguage":"de","@id":"https:\/\/shop.bantam.ch\/de\/produkt\/beinauflage-al-231-deluxe-fb-dunkelgrau\/#primaryimage","url":"https:\/\/shop.bantam.ch\/wp-content\/uploads\/2026\/01\/Movera-L-9971499100.png","contentUrl":"https:\/\/shop.bantam.ch\/wp-content\/uploads\/2026\/01\/Movera-L-9971499100.png","width":640,"height":647},{"@type":"BreadcrumbList","@id":"https:\/\/shop.bantam.ch\/de\/produkt\/beinauflage-al-231-deluxe-fb-dunkelgrau\/#breadcrumb","itemListElement":[{"@type":"ListItem","position":1,"name":"Accueil","item":"https:\/\/shop.bantam.ch\/de\/"},{"@type":"ListItem","position":2,"name":"Shop","item":"https:\/\/shop.bantam.ch\/de\/shop\/"},{"@type":"ListItem","position":3,"name":"Beinauflage AL \/ 231 Deluxe, Fb. dunkelgrau"}]},{"@type":"WebSite","@id":"https:\/\/shop.bantam.ch\/de\/#website","url":"https:\/\/shop.bantam.ch\/de\/","name":"Bantam","description":"","publisher":{"@id":"https:\/\/shop.bantam.ch\/de\/#organization"},"inLanguage":"de"},{"@type":"Organization","@id":"https:\/\/shop.bantam.ch\/de\/#organization","name":"Bantam","url":"https:\/\/shop.bantam.ch\/de\/","logo":{"@type":"ImageObject","inLanguage":"de","@id":"https:\/\/shop.bantam.ch\/de\/#\/schema\/logo\/image\/","url":"https:\/\/shop.bantam.ch\/wp-content\/uploads\/2022\/12\/bantam-logo.png","contentUrl":"https:\/\/shop.bantam.ch\/wp-content\/uploads\/2022\/12\/bantam-logo.png","width":320,"height":71,"caption":"Bantam"},"image":{"@id":"https:\/\/shop.bantam.ch\/de\/#\/schema\/logo\/image\/"}}]}},"_links":{"self":[{"href":"https:\/\/shop.bantam.ch\/de\/wp-json\/wp\/v2\/product\/228919","targetHints":{"allow":["GET"]}}],"collection":[{"href":"https:\/\/shop.bantam.ch\/de\/wp-json\/wp\/v2\/product"}],"about":[{"href":"https:\/\/shop.bantam.ch\/de\/wp-json\/wp\/v2\/types\/product"}],"wp:featuredmedia":[{"embeddable":true,"href":"https:\/\/shop.bantam.ch\/de\/wp-json\/wp\/v2\/media\/228909"}],"wp:attachment":[{"href":"https:\/\/shop.bantam.ch\/de\/wp-json\/wp\/v2\/media?parent=228919"}],"wp:term":[{"taxonomy":"product_featured_cat","embeddable":true,"href":"https:\/\/shop.bantam.ch\/de\/wp-json\/wp\/v2\/product_featured_cat?post=228919"},{"taxonomy":"product_brand","embeddable":true,"href":"https:\/\/shop.bantam.ch\/de\/wp-json\/wp\/v2\/product_brand?post=228919"},{"taxonomy":"product_cat","embeddable":true,"href":"https:\/\/shop.bantam.ch\/de\/wp-json\/wp\/v2\/product_cat?post=228919"},{"taxonomy":"product_tag","embeddable":true,"href":"https:\/\/shop.bantam.ch\/de\/wp-json\/wp\/v2\/product_tag?post=228919"}],"curies":[{"name":"wp","href":"https:\/\/api.w.org\/{rel}","templated":true}]}}