{"id":228876,"date":"2026-01-06T16:06:04","date_gmt":"2026-01-06T15:06:04","guid":{"rendered":"https:\/\/shop.bantam.ch\/produit\/sog-entlueftung-fuer-clesana\/"},"modified":"2026-04-20T02:40:45","modified_gmt":"2026-04-20T00:40:45","slug":"sog-entlueftung-fuer-clesana","status":"publish","type":"product","link":"https:\/\/shop.bantam.ch\/de\/produkt\/sog-entlueftung-fuer-clesana\/","title":{"rendered":"SOG Entl\u00fcftung f\u00fcr Clesana"},"content":{"rendered":"<p>SOG\u00ae TT, die erste Entl\u00fcftungsanlage auf dem Markt zur innovativen Optimierung f\u00fcr Trockentrenn- und Verschwei\u00dftoiletten, schafft Abhilfe gegen die st\u00f6rende Geruchsbel\u00e4stigung in den begrenzten R\u00e4umen von Freizeitfahrzeugen.<\/p>\n<p>SOG\u00ae TT zeichnet sich durch eine speziell optimierte Filtereinheit mit integriertem L\u00fcfter aus. Der L\u00fcfter kann, durch seine optimale Konstruktion, wahlweise mit einem Schalter an der Fahrzeuginnenwand separat geschaltet werden, oder dank seines geringen Stromverbrauchs von 1,2 Watt dauerhaft laufen. So absorbiert er konstant alle permanent unliebsamen Ger\u00fcche, die durch Kondensatbildung entstehen, aus der Trocken-Trenntoilette gefiltert und nahezu ger\u00e4uschlos nach drau\u00dfen. Ein st\u00e4ndiges Absaugen bringt den Vorteil mit sich, dass die bel\u00e4stigende Kondensatbildung unterbunden wird.<\/p>\n<p>Das Montage-Kit der cleveren Entl\u00fcftung wird mit s\u00e4mtlichen zur Nachr\u00fcstung ben\u00f6tigten Anschl\u00fcssen geliefert.<\/p>\n","protected":false},"excerpt":{"rendered":"<p>SOG\u00ae TT, die erste Entl\u00fcftungsanlage auf dem Markt zur innovativen Optimierung f\u00fcr Trockentrenn- und Verschwei\u00dftoiletten, schafft Abhilfe gegen die st\u00f6rende Geruchsbel\u00e4stigung in den begrenzten R\u00e4umen von Freizeitfahrzeugen. SOG\u00ae TT zeichnet sich durch eine speziell optimierte Filtereinheit mit integriertem L\u00fcfter aus. Der L\u00fcfter kann, durch seine optimale Konstruktion, wahlweise mit einem Schalter an der Fahrzeuginnenwand separat [&hellip;]<\/p>\n","protected":false},"featured_media":228859,"template":"","meta":{"_acf_changed":false},"product_featured_cat":[],"product_brand":[],"product_cat":[4108],"product_tag":[],"class_list":{"0":"post-228876","1":"product","2":"type-product","3":"status-publish","4":"has-post-thumbnail","6":"product_cat-campingtoiletten-zubehoer","8":"first","9":"instock","10":"taxable","11":"shipping-taxable","12":"purchasable","13":"product-type-variable"},"acf":[],"yoast_head":"<!-- This site is optimized with the Yoast SEO plugin v27.4 - https:\/\/yoast.com\/product\/yoast-seo-wordpress\/ -->\n<title>SOG Entl\u00fcftung f\u00fcr Clesana - Bantam Camping AG<\/title>\n<meta name=\"robots\" content=\"index, follow, max-snippet:-1, max-image-preview:large, max-video-preview:-1\" \/>\n<link rel=\"canonical\" href=\"https:\/\/shop.bantam.ch\/de\/produkt\/sog-entlueftung-fuer-clesana\/\" \/>\n<meta property=\"og:locale\" content=\"de_DE\" \/>\n<meta property=\"og:type\" content=\"article\" \/>\n<meta property=\"og:title\" content=\"SOG Entl\u00fcftung f\u00fcr Clesana - Bantam Camping AG\" \/>\n<meta property=\"og:description\" content=\"SOG\u00ae TT, die erste Entl\u00fcftungsanlage auf dem Markt zur innovativen Optimierung f\u00fcr Trockentrenn- und Verschwei\u00dftoiletten, schafft Abhilfe gegen die st\u00f6rende Geruchsbel\u00e4stigung in den begrenzten R\u00e4umen von Freizeitfahrzeugen. SOG\u00ae TT zeichnet sich durch eine speziell optimierte Filtereinheit mit integriertem L\u00fcfter aus. Der L\u00fcfter kann, durch seine optimale Konstruktion, wahlweise mit einem Schalter an der Fahrzeuginnenwand separat [&hellip;]\" \/>\n<meta property=\"og:url\" content=\"https:\/\/shop.bantam.ch\/de\/produkt\/sog-entlueftung-fuer-clesana\/\" \/>\n<meta property=\"og:site_name\" content=\"Bantam Camping AG\" \/>\n<meta property=\"article:modified_time\" content=\"2026-04-20T00:40:45+00:00\" \/>\n<meta name=\"twitter:card\" content=\"summary_large_image\" \/>\n<meta name=\"twitter:label1\" content=\"Gesch\u00e4tzte Lesezeit\" \/>\n\t<meta name=\"twitter:data1\" content=\"1\u00a0Minute\" \/>\n<script type=\"application\/ld+json\" class=\"yoast-schema-graph\">{\"@context\":\"https:\\\/\\\/schema.org\",\"@graph\":[{\"@type\":\"WebPage\",\"@id\":\"https:\\\/\\\/shop.bantam.ch\\\/de\\\/produkt\\\/sog-entlueftung-fuer-clesana\\\/\",\"url\":\"https:\\\/\\\/shop.bantam.ch\\\/de\\\/produkt\\\/sog-entlueftung-fuer-clesana\\\/\",\"name\":\"SOG Entl\u00fcftung f\u00fcr Clesana - Bantam Camping AG\",\"isPartOf\":{\"@id\":\"https:\\\/\\\/shop.bantam.ch\\\/de\\\/#website\"},\"primaryImageOfPage\":{\"@id\":\"https:\\\/\\\/shop.bantam.ch\\\/de\\\/produkt\\\/sog-entlueftung-fuer-clesana\\\/#primaryimage\"},\"image\":{\"@id\":\"https:\\\/\\\/shop.bantam.ch\\\/de\\\/produkt\\\/sog-entlueftung-fuer-clesana\\\/#primaryimage\"},\"thumbnailUrl\":\"https:\\\/\\\/shop.bantam.ch\\\/wp-content\\\/uploads\\\/2026\\\/01\\\/Movera-L-9971018100.jpg\",\"datePublished\":\"2026-01-06T15:06:04+00:00\",\"dateModified\":\"2026-04-20T00:40:45+00:00\",\"breadcrumb\":{\"@id\":\"https:\\\/\\\/shop.bantam.ch\\\/de\\\/produkt\\\/sog-entlueftung-fuer-clesana\\\/#breadcrumb\"},\"inLanguage\":\"de\",\"potentialAction\":[{\"@type\":\"ReadAction\",\"target\":[\"https:\\\/\\\/shop.bantam.ch\\\/de\\\/produkt\\\/sog-entlueftung-fuer-clesana\\\/\"]}]},{\"@type\":\"ImageObject\",\"inLanguage\":\"de\",\"@id\":\"https:\\\/\\\/shop.bantam.ch\\\/de\\\/produkt\\\/sog-entlueftung-fuer-clesana\\\/#primaryimage\",\"url\":\"https:\\\/\\\/shop.bantam.ch\\\/wp-content\\\/uploads\\\/2026\\\/01\\\/Movera-L-9971018100.jpg\",\"contentUrl\":\"https:\\\/\\\/shop.bantam.ch\\\/wp-content\\\/uploads\\\/2026\\\/01\\\/Movera-L-9971018100.jpg\",\"width\":640,\"height\":427},{\"@type\":\"BreadcrumbList\",\"@id\":\"https:\\\/\\\/shop.bantam.ch\\\/de\\\/produkt\\\/sog-entlueftung-fuer-clesana\\\/#breadcrumb\",\"itemListElement\":[{\"@type\":\"ListItem\",\"position\":1,\"name\":\"Accueil\",\"item\":\"https:\\\/\\\/shop.bantam.ch\\\/de\\\/\"},{\"@type\":\"ListItem\",\"position\":2,\"name\":\"Shop\",\"item\":\"https:\\\/\\\/shop.bantam.ch\\\/de\\\/shop\\\/\"},{\"@type\":\"ListItem\",\"position\":3,\"name\":\"SOG Entl\u00fcftung f\u00fcr Clesana\"}]},{\"@type\":\"WebSite\",\"@id\":\"https:\\\/\\\/shop.bantam.ch\\\/de\\\/#website\",\"url\":\"https:\\\/\\\/shop.bantam.ch\\\/de\\\/\",\"name\":\"Bantam Camping AG\",\"description\":\"\",\"publisher\":{\"@id\":\"https:\\\/\\\/shop.bantam.ch\\\/de\\\/#organization\"},\"inLanguage\":\"de\"},{\"@type\":\"Organization\",\"@id\":\"https:\\\/\\\/shop.bantam.ch\\\/de\\\/#organization\",\"name\":\"Bantam Camping AG\",\"url\":\"https:\\\/\\\/shop.bantam.ch\\\/de\\\/\",\"logo\":{\"@type\":\"ImageObject\",\"inLanguage\":\"de\",\"@id\":\"https:\\\/\\\/shop.bantam.ch\\\/de\\\/#\\\/schema\\\/logo\\\/image\\\/\",\"url\":\"https:\\\/\\\/shop.bantam.ch\\\/wp-content\\\/uploads\\\/2022\\\/12\\\/bantam-logo.png\",\"contentUrl\":\"https:\\\/\\\/shop.bantam.ch\\\/wp-content\\\/uploads\\\/2022\\\/12\\\/bantam-logo.png\",\"width\":320,\"height\":71,\"caption\":\"Bantam Camping AG\"},\"image\":{\"@id\":\"https:\\\/\\\/shop.bantam.ch\\\/de\\\/#\\\/schema\\\/logo\\\/image\\\/\"}}]}<\/script>\n<!-- \/ Yoast SEO plugin. -->","yoast_head_json":{"title":"SOG Entl\u00fcftung f\u00fcr Clesana - Bantam Camping AG","robots":{"index":"index","follow":"follow","max-snippet":"max-snippet:-1","max-image-preview":"max-image-preview:large","max-video-preview":"max-video-preview:-1"},"canonical":"https:\/\/shop.bantam.ch\/de\/produkt\/sog-entlueftung-fuer-clesana\/","og_locale":"de_DE","og_type":"article","og_title":"SOG Entl\u00fcftung f\u00fcr Clesana - Bantam Camping AG","og_description":"SOG\u00ae TT, die erste Entl\u00fcftungsanlage auf dem Markt zur innovativen Optimierung f\u00fcr Trockentrenn- und Verschwei\u00dftoiletten, schafft Abhilfe gegen die st\u00f6rende Geruchsbel\u00e4stigung in den begrenzten R\u00e4umen von Freizeitfahrzeugen. SOG\u00ae TT zeichnet sich durch eine speziell optimierte Filtereinheit mit integriertem L\u00fcfter aus. Der L\u00fcfter kann, durch seine optimale Konstruktion, wahlweise mit einem Schalter an der Fahrzeuginnenwand separat [&hellip;]","og_url":"https:\/\/shop.bantam.ch\/de\/produkt\/sog-entlueftung-fuer-clesana\/","og_site_name":"Bantam Camping AG","article_modified_time":"2026-04-20T00:40:45+00:00","twitter_card":"summary_large_image","twitter_misc":{"Gesch\u00e4tzte Lesezeit":"1\u00a0Minute"},"schema":{"@context":"https:\/\/schema.org","@graph":[{"@type":"WebPage","@id":"https:\/\/shop.bantam.ch\/de\/produkt\/sog-entlueftung-fuer-clesana\/","url":"https:\/\/shop.bantam.ch\/de\/produkt\/sog-entlueftung-fuer-clesana\/","name":"SOG Entl\u00fcftung f\u00fcr Clesana - Bantam Camping AG","isPartOf":{"@id":"https:\/\/shop.bantam.ch\/de\/#website"},"primaryImageOfPage":{"@id":"https:\/\/shop.bantam.ch\/de\/produkt\/sog-entlueftung-fuer-clesana\/#primaryimage"},"image":{"@id":"https:\/\/shop.bantam.ch\/de\/produkt\/sog-entlueftung-fuer-clesana\/#primaryimage"},"thumbnailUrl":"https:\/\/shop.bantam.ch\/wp-content\/uploads\/2026\/01\/Movera-L-9971018100.jpg","datePublished":"2026-01-06T15:06:04+00:00","dateModified":"2026-04-20T00:40:45+00:00","breadcrumb":{"@id":"https:\/\/shop.bantam.ch\/de\/produkt\/sog-entlueftung-fuer-clesana\/#breadcrumb"},"inLanguage":"de","potentialAction":[{"@type":"ReadAction","target":["https:\/\/shop.bantam.ch\/de\/produkt\/sog-entlueftung-fuer-clesana\/"]}]},{"@type":"ImageObject","inLanguage":"de","@id":"https:\/\/shop.bantam.ch\/de\/produkt\/sog-entlueftung-fuer-clesana\/#primaryimage","url":"https:\/\/shop.bantam.ch\/wp-content\/uploads\/2026\/01\/Movera-L-9971018100.jpg","contentUrl":"https:\/\/shop.bantam.ch\/wp-content\/uploads\/2026\/01\/Movera-L-9971018100.jpg","width":640,"height":427},{"@type":"BreadcrumbList","@id":"https:\/\/shop.bantam.ch\/de\/produkt\/sog-entlueftung-fuer-clesana\/#breadcrumb","itemListElement":[{"@type":"ListItem","position":1,"name":"Accueil","item":"https:\/\/shop.bantam.ch\/de\/"},{"@type":"ListItem","position":2,"name":"Shop","item":"https:\/\/shop.bantam.ch\/de\/shop\/"},{"@type":"ListItem","position":3,"name":"SOG Entl\u00fcftung f\u00fcr Clesana"}]},{"@type":"WebSite","@id":"https:\/\/shop.bantam.ch\/de\/#website","url":"https:\/\/shop.bantam.ch\/de\/","name":"Bantam Camping AG","description":"","publisher":{"@id":"https:\/\/shop.bantam.ch\/de\/#organization"},"inLanguage":"de"},{"@type":"Organization","@id":"https:\/\/shop.bantam.ch\/de\/#organization","name":"Bantam Camping AG","url":"https:\/\/shop.bantam.ch\/de\/","logo":{"@type":"ImageObject","inLanguage":"de","@id":"https:\/\/shop.bantam.ch\/de\/#\/schema\/logo\/image\/","url":"https:\/\/shop.bantam.ch\/wp-content\/uploads\/2022\/12\/bantam-logo.png","contentUrl":"https:\/\/shop.bantam.ch\/wp-content\/uploads\/2022\/12\/bantam-logo.png","width":320,"height":71,"caption":"Bantam Camping AG"},"image":{"@id":"https:\/\/shop.bantam.ch\/de\/#\/schema\/logo\/image\/"}}]}},"_links":{"self":[{"href":"https:\/\/shop.bantam.ch\/de\/wp-json\/wp\/v2\/product\/228876","targetHints":{"allow":["GET"]}}],"collection":[{"href":"https:\/\/shop.bantam.ch\/de\/wp-json\/wp\/v2\/product"}],"about":[{"href":"https:\/\/shop.bantam.ch\/de\/wp-json\/wp\/v2\/types\/product"}],"wp:featuredmedia":[{"embeddable":true,"href":"https:\/\/shop.bantam.ch\/de\/wp-json\/wp\/v2\/media\/228859"}],"wp:attachment":[{"href":"https:\/\/shop.bantam.ch\/de\/wp-json\/wp\/v2\/media?parent=228876"}],"wp:term":[{"taxonomy":"product_featured_cat","embeddable":true,"href":"https:\/\/shop.bantam.ch\/de\/wp-json\/wp\/v2\/product_featured_cat?post=228876"},{"taxonomy":"product_brand","embeddable":true,"href":"https:\/\/shop.bantam.ch\/de\/wp-json\/wp\/v2\/product_brand?post=228876"},{"taxonomy":"product_cat","embeddable":true,"href":"https:\/\/shop.bantam.ch\/de\/wp-json\/wp\/v2\/product_cat?post=228876"},{"taxonomy":"product_tag","embeddable":true,"href":"https:\/\/shop.bantam.ch\/de\/wp-json\/wp\/v2\/product_tag?post=228876"}],"curies":[{"name":"wp","href":"https:\/\/api.w.org\/{rel}","templated":true}]}}