{"id":228857,"date":"2026-01-06T16:05:54","date_gmt":"2026-01-06T15:05:54","guid":{"rendered":"https:\/\/shop.bantam.ch\/produit\/dachdurchfuehrung-caratec-fuer-solarmodule\/"},"modified":"2026-04-18T23:53:01","modified_gmt":"2026-04-18T21:53:01","slug":"dachdurchfuehrung-caratec-fuer-solarmodule","status":"publish","type":"product","link":"https:\/\/shop.bantam.ch\/de\/produkt\/dachdurchfuehrung-caratec-fuer-solarmodule\/","title":{"rendered":"Dachdurchf\u00fchrung Caratec f\u00fcr Solarmodule"},"content":{"rendered":"<p>Eine hochwertige Dachdurchf\u00fchrung f\u00fcr Solarkabel im Reisemobil, Caravan oder Boot. Gefertigt aus widerstandsf\u00e4higem ASA-Kunststoff (Acrylnitril-Styrol-Acrylester) \u00fcberzeugt sie durch ihre hervorragende Witterungs- und UV-Best\u00e4ndigkeit, selbst unter starker Sonneneinstrahlung und wechselnden Temperaturen. Der mitgelieferte Dichtungssatz erm\u00f6glicht eine sichere und dichte Kabelf\u00fchrung f\u00fcr ein oder zwei Solarmodule. Die Durchf\u00fchrung ist f\u00fcr Solarkabel mit 4 mm\u00b2 Querschnitt ausgelegt und bietet zuverl\u00e4ssigen Schutz vor Feuchtigkeit und mechanischer Belastung. Mit ihrem langlebigen Material und der passgenauen Konstruktion sorgt die CESZ212DDF f\u00fcr eine dauerhaft dichte, sichere und professionelle Kabelverlegung auf dem Fahrzeugdach.<\/p>\n","protected":false},"excerpt":{"rendered":"<p>Eine hochwertige Dachdurchf\u00fchrung f\u00fcr Solarkabel im Reisemobil, Caravan oder Boot. Gefertigt aus widerstandsf\u00e4higem ASA-Kunststoff (Acrylnitril-Styrol-Acrylester) \u00fcberzeugt sie durch ihre hervorragende Witterungs- und UV-Best\u00e4ndigkeit, selbst unter starker Sonneneinstrahlung und wechselnden Temperaturen. Der mitgelieferte Dichtungssatz erm\u00f6glicht eine sichere und dichte Kabelf\u00fchrung f\u00fcr ein oder zwei Solarmodule. Die Durchf\u00fchrung ist f\u00fcr Solarkabel mit 4 mm\u00b2 Querschnitt ausgelegt und [&hellip;]<\/p>\n","protected":false},"featured_media":228851,"template":"","meta":{"_acf_changed":false},"product_featured_cat":[],"product_brand":[],"product_cat":[5124],"product_tag":[],"class_list":{"0":"post-228857","1":"product","2":"type-product","3":"status-publish","4":"has-post-thumbnail","6":"product_cat-weiteres-zubehoer-fuer-solartechnik","8":"first","9":"instock","10":"taxable","11":"shipping-taxable","12":"purchasable","13":"product-type-simple"},"acf":[],"yoast_head":"<!-- This site is optimized with the Yoast SEO plugin v27.4 - https:\/\/yoast.com\/product\/yoast-seo-wordpress\/ -->\n<title>Dachdurchf\u00fchrung Caratec f\u00fcr Solarmodule - Bantam Camping AG<\/title>\n<meta name=\"robots\" content=\"index, follow, max-snippet:-1, max-image-preview:large, max-video-preview:-1\" \/>\n<link rel=\"canonical\" href=\"https:\/\/shop.bantam.ch\/de\/produkt\/dachdurchfuehrung-caratec-fuer-solarmodule\/\" \/>\n<meta property=\"og:locale\" content=\"de_DE\" \/>\n<meta property=\"og:type\" content=\"article\" \/>\n<meta property=\"og:title\" content=\"Dachdurchf\u00fchrung Caratec f\u00fcr Solarmodule - Bantam Camping AG\" \/>\n<meta property=\"og:description\" content=\"Eine hochwertige Dachdurchf\u00fchrung f\u00fcr Solarkabel im Reisemobil, Caravan oder Boot. Gefertigt aus widerstandsf\u00e4higem ASA-Kunststoff (Acrylnitril-Styrol-Acrylester) \u00fcberzeugt sie durch ihre hervorragende Witterungs- und UV-Best\u00e4ndigkeit, selbst unter starker Sonneneinstrahlung und wechselnden Temperaturen. Der mitgelieferte Dichtungssatz erm\u00f6glicht eine sichere und dichte Kabelf\u00fchrung f\u00fcr ein oder zwei Solarmodule. Die Durchf\u00fchrung ist f\u00fcr Solarkabel mit 4 mm\u00b2 Querschnitt ausgelegt und [&hellip;]\" \/>\n<meta property=\"og:url\" content=\"https:\/\/shop.bantam.ch\/de\/produkt\/dachdurchfuehrung-caratec-fuer-solarmodule\/\" \/>\n<meta property=\"og:site_name\" content=\"Bantam Camping AG\" \/>\n<meta property=\"article:modified_time\" content=\"2026-04-18T21:53:01+00:00\" \/>\n<meta name=\"twitter:card\" content=\"summary_large_image\" \/>\n<script type=\"application\/ld+json\" class=\"yoast-schema-graph\">{\"@context\":\"https:\\\/\\\/schema.org\",\"@graph\":[{\"@type\":\"WebPage\",\"@id\":\"https:\\\/\\\/shop.bantam.ch\\\/de\\\/produkt\\\/dachdurchfuehrung-caratec-fuer-solarmodule\\\/\",\"url\":\"https:\\\/\\\/shop.bantam.ch\\\/de\\\/produkt\\\/dachdurchfuehrung-caratec-fuer-solarmodule\\\/\",\"name\":\"Dachdurchf\u00fchrung Caratec f\u00fcr Solarmodule - Bantam Camping AG\",\"isPartOf\":{\"@id\":\"https:\\\/\\\/shop.bantam.ch\\\/de\\\/#website\"},\"primaryImageOfPage\":{\"@id\":\"https:\\\/\\\/shop.bantam.ch\\\/de\\\/produkt\\\/dachdurchfuehrung-caratec-fuer-solarmodule\\\/#primaryimage\"},\"image\":{\"@id\":\"https:\\\/\\\/shop.bantam.ch\\\/de\\\/produkt\\\/dachdurchfuehrung-caratec-fuer-solarmodule\\\/#primaryimage\"},\"thumbnailUrl\":\"https:\\\/\\\/shop.bantam.ch\\\/wp-content\\\/uploads\\\/2026\\\/01\\\/Movera-L-9964298100.jpg\",\"datePublished\":\"2026-01-06T15:05:54+00:00\",\"dateModified\":\"2026-04-18T21:53:01+00:00\",\"breadcrumb\":{\"@id\":\"https:\\\/\\\/shop.bantam.ch\\\/de\\\/produkt\\\/dachdurchfuehrung-caratec-fuer-solarmodule\\\/#breadcrumb\"},\"inLanguage\":\"de\",\"potentialAction\":[{\"@type\":\"ReadAction\",\"target\":[\"https:\\\/\\\/shop.bantam.ch\\\/de\\\/produkt\\\/dachdurchfuehrung-caratec-fuer-solarmodule\\\/\"]}]},{\"@type\":\"ImageObject\",\"inLanguage\":\"de\",\"@id\":\"https:\\\/\\\/shop.bantam.ch\\\/de\\\/produkt\\\/dachdurchfuehrung-caratec-fuer-solarmodule\\\/#primaryimage\",\"url\":\"https:\\\/\\\/shop.bantam.ch\\\/wp-content\\\/uploads\\\/2026\\\/01\\\/Movera-L-9964298100.jpg\",\"contentUrl\":\"https:\\\/\\\/shop.bantam.ch\\\/wp-content\\\/uploads\\\/2026\\\/01\\\/Movera-L-9964298100.jpg\",\"width\":640,\"height\":427},{\"@type\":\"BreadcrumbList\",\"@id\":\"https:\\\/\\\/shop.bantam.ch\\\/de\\\/produkt\\\/dachdurchfuehrung-caratec-fuer-solarmodule\\\/#breadcrumb\",\"itemListElement\":[{\"@type\":\"ListItem\",\"position\":1,\"name\":\"Accueil\",\"item\":\"https:\\\/\\\/shop.bantam.ch\\\/de\\\/\"},{\"@type\":\"ListItem\",\"position\":2,\"name\":\"Shop\",\"item\":\"https:\\\/\\\/shop.bantam.ch\\\/de\\\/shop\\\/\"},{\"@type\":\"ListItem\",\"position\":3,\"name\":\"Dachdurchf\u00fchrung Caratec f\u00fcr Solarmodule\"}]},{\"@type\":\"WebSite\",\"@id\":\"https:\\\/\\\/shop.bantam.ch\\\/de\\\/#website\",\"url\":\"https:\\\/\\\/shop.bantam.ch\\\/de\\\/\",\"name\":\"Bantam Camping AG\",\"description\":\"\",\"publisher\":{\"@id\":\"https:\\\/\\\/shop.bantam.ch\\\/de\\\/#organization\"},\"inLanguage\":\"de\"},{\"@type\":\"Organization\",\"@id\":\"https:\\\/\\\/shop.bantam.ch\\\/de\\\/#organization\",\"name\":\"Bantam Camping AG\",\"url\":\"https:\\\/\\\/shop.bantam.ch\\\/de\\\/\",\"logo\":{\"@type\":\"ImageObject\",\"inLanguage\":\"de\",\"@id\":\"https:\\\/\\\/shop.bantam.ch\\\/de\\\/#\\\/schema\\\/logo\\\/image\\\/\",\"url\":\"https:\\\/\\\/shop.bantam.ch\\\/wp-content\\\/uploads\\\/2022\\\/12\\\/bantam-logo.png\",\"contentUrl\":\"https:\\\/\\\/shop.bantam.ch\\\/wp-content\\\/uploads\\\/2022\\\/12\\\/bantam-logo.png\",\"width\":320,\"height\":71,\"caption\":\"Bantam Camping AG\"},\"image\":{\"@id\":\"https:\\\/\\\/shop.bantam.ch\\\/de\\\/#\\\/schema\\\/logo\\\/image\\\/\"}}]}<\/script>\n<!-- \/ Yoast SEO plugin. -->","yoast_head_json":{"title":"Dachdurchf\u00fchrung Caratec f\u00fcr Solarmodule - Bantam Camping AG","robots":{"index":"index","follow":"follow","max-snippet":"max-snippet:-1","max-image-preview":"max-image-preview:large","max-video-preview":"max-video-preview:-1"},"canonical":"https:\/\/shop.bantam.ch\/de\/produkt\/dachdurchfuehrung-caratec-fuer-solarmodule\/","og_locale":"de_DE","og_type":"article","og_title":"Dachdurchf\u00fchrung Caratec f\u00fcr Solarmodule - Bantam Camping AG","og_description":"Eine hochwertige Dachdurchf\u00fchrung f\u00fcr Solarkabel im Reisemobil, Caravan oder Boot. Gefertigt aus widerstandsf\u00e4higem ASA-Kunststoff (Acrylnitril-Styrol-Acrylester) \u00fcberzeugt sie durch ihre hervorragende Witterungs- und UV-Best\u00e4ndigkeit, selbst unter starker Sonneneinstrahlung und wechselnden Temperaturen. Der mitgelieferte Dichtungssatz erm\u00f6glicht eine sichere und dichte Kabelf\u00fchrung f\u00fcr ein oder zwei Solarmodule. Die Durchf\u00fchrung ist f\u00fcr Solarkabel mit 4 mm\u00b2 Querschnitt ausgelegt und [&hellip;]","og_url":"https:\/\/shop.bantam.ch\/de\/produkt\/dachdurchfuehrung-caratec-fuer-solarmodule\/","og_site_name":"Bantam Camping AG","article_modified_time":"2026-04-18T21:53:01+00:00","twitter_card":"summary_large_image","schema":{"@context":"https:\/\/schema.org","@graph":[{"@type":"WebPage","@id":"https:\/\/shop.bantam.ch\/de\/produkt\/dachdurchfuehrung-caratec-fuer-solarmodule\/","url":"https:\/\/shop.bantam.ch\/de\/produkt\/dachdurchfuehrung-caratec-fuer-solarmodule\/","name":"Dachdurchf\u00fchrung Caratec f\u00fcr Solarmodule - Bantam Camping AG","isPartOf":{"@id":"https:\/\/shop.bantam.ch\/de\/#website"},"primaryImageOfPage":{"@id":"https:\/\/shop.bantam.ch\/de\/produkt\/dachdurchfuehrung-caratec-fuer-solarmodule\/#primaryimage"},"image":{"@id":"https:\/\/shop.bantam.ch\/de\/produkt\/dachdurchfuehrung-caratec-fuer-solarmodule\/#primaryimage"},"thumbnailUrl":"https:\/\/shop.bantam.ch\/wp-content\/uploads\/2026\/01\/Movera-L-9964298100.jpg","datePublished":"2026-01-06T15:05:54+00:00","dateModified":"2026-04-18T21:53:01+00:00","breadcrumb":{"@id":"https:\/\/shop.bantam.ch\/de\/produkt\/dachdurchfuehrung-caratec-fuer-solarmodule\/#breadcrumb"},"inLanguage":"de","potentialAction":[{"@type":"ReadAction","target":["https:\/\/shop.bantam.ch\/de\/produkt\/dachdurchfuehrung-caratec-fuer-solarmodule\/"]}]},{"@type":"ImageObject","inLanguage":"de","@id":"https:\/\/shop.bantam.ch\/de\/produkt\/dachdurchfuehrung-caratec-fuer-solarmodule\/#primaryimage","url":"https:\/\/shop.bantam.ch\/wp-content\/uploads\/2026\/01\/Movera-L-9964298100.jpg","contentUrl":"https:\/\/shop.bantam.ch\/wp-content\/uploads\/2026\/01\/Movera-L-9964298100.jpg","width":640,"height":427},{"@type":"BreadcrumbList","@id":"https:\/\/shop.bantam.ch\/de\/produkt\/dachdurchfuehrung-caratec-fuer-solarmodule\/#breadcrumb","itemListElement":[{"@type":"ListItem","position":1,"name":"Accueil","item":"https:\/\/shop.bantam.ch\/de\/"},{"@type":"ListItem","position":2,"name":"Shop","item":"https:\/\/shop.bantam.ch\/de\/shop\/"},{"@type":"ListItem","position":3,"name":"Dachdurchf\u00fchrung Caratec f\u00fcr Solarmodule"}]},{"@type":"WebSite","@id":"https:\/\/shop.bantam.ch\/de\/#website","url":"https:\/\/shop.bantam.ch\/de\/","name":"Bantam Camping AG","description":"","publisher":{"@id":"https:\/\/shop.bantam.ch\/de\/#organization"},"inLanguage":"de"},{"@type":"Organization","@id":"https:\/\/shop.bantam.ch\/de\/#organization","name":"Bantam Camping AG","url":"https:\/\/shop.bantam.ch\/de\/","logo":{"@type":"ImageObject","inLanguage":"de","@id":"https:\/\/shop.bantam.ch\/de\/#\/schema\/logo\/image\/","url":"https:\/\/shop.bantam.ch\/wp-content\/uploads\/2022\/12\/bantam-logo.png","contentUrl":"https:\/\/shop.bantam.ch\/wp-content\/uploads\/2022\/12\/bantam-logo.png","width":320,"height":71,"caption":"Bantam Camping AG"},"image":{"@id":"https:\/\/shop.bantam.ch\/de\/#\/schema\/logo\/image\/"}}]}},"_links":{"self":[{"href":"https:\/\/shop.bantam.ch\/de\/wp-json\/wp\/v2\/product\/228857","targetHints":{"allow":["GET"]}}],"collection":[{"href":"https:\/\/shop.bantam.ch\/de\/wp-json\/wp\/v2\/product"}],"about":[{"href":"https:\/\/shop.bantam.ch\/de\/wp-json\/wp\/v2\/types\/product"}],"wp:featuredmedia":[{"embeddable":true,"href":"https:\/\/shop.bantam.ch\/de\/wp-json\/wp\/v2\/media\/228851"}],"wp:attachment":[{"href":"https:\/\/shop.bantam.ch\/de\/wp-json\/wp\/v2\/media?parent=228857"}],"wp:term":[{"taxonomy":"product_featured_cat","embeddable":true,"href":"https:\/\/shop.bantam.ch\/de\/wp-json\/wp\/v2\/product_featured_cat?post=228857"},{"taxonomy":"product_brand","embeddable":true,"href":"https:\/\/shop.bantam.ch\/de\/wp-json\/wp\/v2\/product_brand?post=228857"},{"taxonomy":"product_cat","embeddable":true,"href":"https:\/\/shop.bantam.ch\/de\/wp-json\/wp\/v2\/product_cat?post=228857"},{"taxonomy":"product_tag","embeddable":true,"href":"https:\/\/shop.bantam.ch\/de\/wp-json\/wp\/v2\/product_tag?post=228857"}],"curies":[{"name":"wp","href":"https:\/\/api.w.org\/{rel}","templated":true}]}}