{"id":228845,"date":"2026-01-06T16:05:41","date_gmt":"2026-01-06T15:05:41","guid":{"rendered":"https:\/\/shop.bantam.ch\/produit\/vansite-stellplatzfuehrer-2026\/"},"modified":"2026-04-19T23:56:27","modified_gmt":"2026-04-19T21:56:27","slug":"vansite-stellplatzfuehrer-2026","status":"publish","type":"product","link":"https:\/\/shop.bantam.ch\/de\/produkt\/vansite-stellplatzfuehrer-2026\/","title":{"rendered":"VanSite Stellplatzf\u00fchrer 2026"},"content":{"rendered":"<p>Endlose Weiten, grenzenlose Freiheit und Entspannung: Wer mit dem eigenen Fahrzeug unterwegs ist, m\u00f6chte nicht nur viel entdecken, sondern auch dem Alltag entfliehen, fernab von Stress und Stadt \u2013 hin zu Entschleunigung und Natur. Wie sch\u00f6n w\u00e4re es dann, an einzigartigen und naturnahen Pl\u00e4tzen in Europa zu \u00fcbernachten? Egal ob mit Campervan, Wohnmobil, Wohnwagen oder (Dach-)Zelt: Mit dem neuen VanSite Stellplatzf\u00fchrer f\u00fcr 2026 findet man die passende \u00dcbernachtungsm\u00f6glichkeit bei \u00fcber 1.500 privaten Gastgeber:innen, fernab von \u00fcberf\u00fcllten Campingpl\u00e4tzen.<\/p>\n","protected":false},"excerpt":{"rendered":"<p>Endlose Weiten, grenzenlose Freiheit und Entspannung: Wer mit dem eigenen Fahrzeug unterwegs ist, m\u00f6chte nicht nur viel entdecken, sondern auch dem Alltag entfliehen, fernab von Stress und Stadt \u2013 hin zu Entschleunigung und Natur. Wie sch\u00f6n w\u00e4re es dann, an einzigartigen und naturnahen Pl\u00e4tzen in Europa zu \u00fcbernachten? Egal ob mit Campervan, Wohnmobil, Wohnwagen oder [&hellip;]<\/p>\n","protected":false},"featured_media":228843,"template":"","meta":{"_acf_changed":false},"product_featured_cat":[],"product_brand":[],"product_cat":[4346],"product_tag":[],"class_list":{"0":"post-228845","1":"product","2":"type-product","3":"status-publish","4":"has-post-thumbnail","6":"product_cat-stellplatzfuehrer","8":"first","9":"instock","10":"taxable","11":"shipping-taxable","12":"purchasable","13":"product-type-simple"},"acf":[],"yoast_head":"<!-- This site is optimized with the Yoast SEO plugin v27.4 - https:\/\/yoast.com\/product\/yoast-seo-wordpress\/ -->\n<title>VanSite Stellplatzf\u00fchrer 2026 - Bantam Camping AG<\/title>\n<meta name=\"robots\" content=\"index, follow, max-snippet:-1, max-image-preview:large, max-video-preview:-1\" \/>\n<link rel=\"canonical\" href=\"https:\/\/shop.bantam.ch\/de\/produkt\/vansite-stellplatzfuehrer-2026\/\" \/>\n<meta property=\"og:locale\" content=\"de_DE\" \/>\n<meta property=\"og:type\" content=\"article\" \/>\n<meta property=\"og:title\" content=\"VanSite Stellplatzf\u00fchrer 2026 - Bantam Camping AG\" \/>\n<meta property=\"og:description\" content=\"Endlose Weiten, grenzenlose Freiheit und Entspannung: Wer mit dem eigenen Fahrzeug unterwegs ist, m\u00f6chte nicht nur viel entdecken, sondern auch dem Alltag entfliehen, fernab von Stress und Stadt \u2013 hin zu Entschleunigung und Natur. Wie sch\u00f6n w\u00e4re es dann, an einzigartigen und naturnahen Pl\u00e4tzen in Europa zu \u00fcbernachten? Egal ob mit Campervan, Wohnmobil, Wohnwagen oder [&hellip;]\" \/>\n<meta property=\"og:url\" content=\"https:\/\/shop.bantam.ch\/de\/produkt\/vansite-stellplatzfuehrer-2026\/\" \/>\n<meta property=\"og:site_name\" content=\"Bantam Camping AG\" \/>\n<meta property=\"article:modified_time\" content=\"2026-04-19T21:56:27+00:00\" \/>\n<meta name=\"twitter:card\" content=\"summary_large_image\" \/>\n<script type=\"application\/ld+json\" class=\"yoast-schema-graph\">{\"@context\":\"https:\\\/\\\/schema.org\",\"@graph\":[{\"@type\":\"WebPage\",\"@id\":\"https:\\\/\\\/shop.bantam.ch\\\/de\\\/produkt\\\/vansite-stellplatzfuehrer-2026\\\/\",\"url\":\"https:\\\/\\\/shop.bantam.ch\\\/de\\\/produkt\\\/vansite-stellplatzfuehrer-2026\\\/\",\"name\":\"VanSite Stellplatzf\u00fchrer 2026 - Bantam Camping AG\",\"isPartOf\":{\"@id\":\"https:\\\/\\\/shop.bantam.ch\\\/de\\\/#website\"},\"primaryImageOfPage\":{\"@id\":\"https:\\\/\\\/shop.bantam.ch\\\/de\\\/produkt\\\/vansite-stellplatzfuehrer-2026\\\/#primaryimage\"},\"image\":{\"@id\":\"https:\\\/\\\/shop.bantam.ch\\\/de\\\/produkt\\\/vansite-stellplatzfuehrer-2026\\\/#primaryimage\"},\"thumbnailUrl\":\"https:\\\/\\\/shop.bantam.ch\\\/wp-content\\\/uploads\\\/2026\\\/01\\\/Movera-L-9964296100.jpg\",\"datePublished\":\"2026-01-06T15:05:41+00:00\",\"dateModified\":\"2026-04-19T21:56:27+00:00\",\"breadcrumb\":{\"@id\":\"https:\\\/\\\/shop.bantam.ch\\\/de\\\/produkt\\\/vansite-stellplatzfuehrer-2026\\\/#breadcrumb\"},\"inLanguage\":\"de\",\"potentialAction\":[{\"@type\":\"ReadAction\",\"target\":[\"https:\\\/\\\/shop.bantam.ch\\\/de\\\/produkt\\\/vansite-stellplatzfuehrer-2026\\\/\"]}]},{\"@type\":\"ImageObject\",\"inLanguage\":\"de\",\"@id\":\"https:\\\/\\\/shop.bantam.ch\\\/de\\\/produkt\\\/vansite-stellplatzfuehrer-2026\\\/#primaryimage\",\"url\":\"https:\\\/\\\/shop.bantam.ch\\\/wp-content\\\/uploads\\\/2026\\\/01\\\/Movera-L-9964296100.jpg\",\"contentUrl\":\"https:\\\/\\\/shop.bantam.ch\\\/wp-content\\\/uploads\\\/2026\\\/01\\\/Movera-L-9964296100.jpg\",\"width\":640,\"height\":940},{\"@type\":\"BreadcrumbList\",\"@id\":\"https:\\\/\\\/shop.bantam.ch\\\/de\\\/produkt\\\/vansite-stellplatzfuehrer-2026\\\/#breadcrumb\",\"itemListElement\":[{\"@type\":\"ListItem\",\"position\":1,\"name\":\"Accueil\",\"item\":\"https:\\\/\\\/shop.bantam.ch\\\/de\\\/\"},{\"@type\":\"ListItem\",\"position\":2,\"name\":\"Shop\",\"item\":\"https:\\\/\\\/shop.bantam.ch\\\/de\\\/shop\\\/\"},{\"@type\":\"ListItem\",\"position\":3,\"name\":\"VanSite Stellplatzf\u00fchrer 2026\"}]},{\"@type\":\"WebSite\",\"@id\":\"https:\\\/\\\/shop.bantam.ch\\\/de\\\/#website\",\"url\":\"https:\\\/\\\/shop.bantam.ch\\\/de\\\/\",\"name\":\"Bantam Camping AG\",\"description\":\"\",\"publisher\":{\"@id\":\"https:\\\/\\\/shop.bantam.ch\\\/de\\\/#organization\"},\"inLanguage\":\"de\"},{\"@type\":\"Organization\",\"@id\":\"https:\\\/\\\/shop.bantam.ch\\\/de\\\/#organization\",\"name\":\"Bantam Camping AG\",\"url\":\"https:\\\/\\\/shop.bantam.ch\\\/de\\\/\",\"logo\":{\"@type\":\"ImageObject\",\"inLanguage\":\"de\",\"@id\":\"https:\\\/\\\/shop.bantam.ch\\\/de\\\/#\\\/schema\\\/logo\\\/image\\\/\",\"url\":\"https:\\\/\\\/shop.bantam.ch\\\/wp-content\\\/uploads\\\/2022\\\/12\\\/bantam-logo.png\",\"contentUrl\":\"https:\\\/\\\/shop.bantam.ch\\\/wp-content\\\/uploads\\\/2022\\\/12\\\/bantam-logo.png\",\"width\":320,\"height\":71,\"caption\":\"Bantam Camping AG\"},\"image\":{\"@id\":\"https:\\\/\\\/shop.bantam.ch\\\/de\\\/#\\\/schema\\\/logo\\\/image\\\/\"}}]}<\/script>\n<!-- \/ Yoast SEO plugin. -->","yoast_head_json":{"title":"VanSite Stellplatzf\u00fchrer 2026 - Bantam Camping AG","robots":{"index":"index","follow":"follow","max-snippet":"max-snippet:-1","max-image-preview":"max-image-preview:large","max-video-preview":"max-video-preview:-1"},"canonical":"https:\/\/shop.bantam.ch\/de\/produkt\/vansite-stellplatzfuehrer-2026\/","og_locale":"de_DE","og_type":"article","og_title":"VanSite Stellplatzf\u00fchrer 2026 - Bantam Camping AG","og_description":"Endlose Weiten, grenzenlose Freiheit und Entspannung: Wer mit dem eigenen Fahrzeug unterwegs ist, m\u00f6chte nicht nur viel entdecken, sondern auch dem Alltag entfliehen, fernab von Stress und Stadt \u2013 hin zu Entschleunigung und Natur. Wie sch\u00f6n w\u00e4re es dann, an einzigartigen und naturnahen Pl\u00e4tzen in Europa zu \u00fcbernachten? Egal ob mit Campervan, Wohnmobil, Wohnwagen oder [&hellip;]","og_url":"https:\/\/shop.bantam.ch\/de\/produkt\/vansite-stellplatzfuehrer-2026\/","og_site_name":"Bantam Camping AG","article_modified_time":"2026-04-19T21:56:27+00:00","twitter_card":"summary_large_image","schema":{"@context":"https:\/\/schema.org","@graph":[{"@type":"WebPage","@id":"https:\/\/shop.bantam.ch\/de\/produkt\/vansite-stellplatzfuehrer-2026\/","url":"https:\/\/shop.bantam.ch\/de\/produkt\/vansite-stellplatzfuehrer-2026\/","name":"VanSite Stellplatzf\u00fchrer 2026 - Bantam Camping AG","isPartOf":{"@id":"https:\/\/shop.bantam.ch\/de\/#website"},"primaryImageOfPage":{"@id":"https:\/\/shop.bantam.ch\/de\/produkt\/vansite-stellplatzfuehrer-2026\/#primaryimage"},"image":{"@id":"https:\/\/shop.bantam.ch\/de\/produkt\/vansite-stellplatzfuehrer-2026\/#primaryimage"},"thumbnailUrl":"https:\/\/shop.bantam.ch\/wp-content\/uploads\/2026\/01\/Movera-L-9964296100.jpg","datePublished":"2026-01-06T15:05:41+00:00","dateModified":"2026-04-19T21:56:27+00:00","breadcrumb":{"@id":"https:\/\/shop.bantam.ch\/de\/produkt\/vansite-stellplatzfuehrer-2026\/#breadcrumb"},"inLanguage":"de","potentialAction":[{"@type":"ReadAction","target":["https:\/\/shop.bantam.ch\/de\/produkt\/vansite-stellplatzfuehrer-2026\/"]}]},{"@type":"ImageObject","inLanguage":"de","@id":"https:\/\/shop.bantam.ch\/de\/produkt\/vansite-stellplatzfuehrer-2026\/#primaryimage","url":"https:\/\/shop.bantam.ch\/wp-content\/uploads\/2026\/01\/Movera-L-9964296100.jpg","contentUrl":"https:\/\/shop.bantam.ch\/wp-content\/uploads\/2026\/01\/Movera-L-9964296100.jpg","width":640,"height":940},{"@type":"BreadcrumbList","@id":"https:\/\/shop.bantam.ch\/de\/produkt\/vansite-stellplatzfuehrer-2026\/#breadcrumb","itemListElement":[{"@type":"ListItem","position":1,"name":"Accueil","item":"https:\/\/shop.bantam.ch\/de\/"},{"@type":"ListItem","position":2,"name":"Shop","item":"https:\/\/shop.bantam.ch\/de\/shop\/"},{"@type":"ListItem","position":3,"name":"VanSite Stellplatzf\u00fchrer 2026"}]},{"@type":"WebSite","@id":"https:\/\/shop.bantam.ch\/de\/#website","url":"https:\/\/shop.bantam.ch\/de\/","name":"Bantam Camping AG","description":"","publisher":{"@id":"https:\/\/shop.bantam.ch\/de\/#organization"},"inLanguage":"de"},{"@type":"Organization","@id":"https:\/\/shop.bantam.ch\/de\/#organization","name":"Bantam Camping AG","url":"https:\/\/shop.bantam.ch\/de\/","logo":{"@type":"ImageObject","inLanguage":"de","@id":"https:\/\/shop.bantam.ch\/de\/#\/schema\/logo\/image\/","url":"https:\/\/shop.bantam.ch\/wp-content\/uploads\/2022\/12\/bantam-logo.png","contentUrl":"https:\/\/shop.bantam.ch\/wp-content\/uploads\/2022\/12\/bantam-logo.png","width":320,"height":71,"caption":"Bantam Camping AG"},"image":{"@id":"https:\/\/shop.bantam.ch\/de\/#\/schema\/logo\/image\/"}}]}},"_links":{"self":[{"href":"https:\/\/shop.bantam.ch\/de\/wp-json\/wp\/v2\/product\/228845","targetHints":{"allow":["GET"]}}],"collection":[{"href":"https:\/\/shop.bantam.ch\/de\/wp-json\/wp\/v2\/product"}],"about":[{"href":"https:\/\/shop.bantam.ch\/de\/wp-json\/wp\/v2\/types\/product"}],"wp:featuredmedia":[{"embeddable":true,"href":"https:\/\/shop.bantam.ch\/de\/wp-json\/wp\/v2\/media\/228843"}],"wp:attachment":[{"href":"https:\/\/shop.bantam.ch\/de\/wp-json\/wp\/v2\/media?parent=228845"}],"wp:term":[{"taxonomy":"product_featured_cat","embeddable":true,"href":"https:\/\/shop.bantam.ch\/de\/wp-json\/wp\/v2\/product_featured_cat?post=228845"},{"taxonomy":"product_brand","embeddable":true,"href":"https:\/\/shop.bantam.ch\/de\/wp-json\/wp\/v2\/product_brand?post=228845"},{"taxonomy":"product_cat","embeddable":true,"href":"https:\/\/shop.bantam.ch\/de\/wp-json\/wp\/v2\/product_cat?post=228845"},{"taxonomy":"product_tag","embeddable":true,"href":"https:\/\/shop.bantam.ch\/de\/wp-json\/wp\/v2\/product_tag?post=228845"}],"curies":[{"name":"wp","href":"https:\/\/api.w.org\/{rel}","templated":true}]}}