{"id":228719,"date":"2026-01-06T16:00:54","date_gmt":"2026-01-06T15:00:54","guid":{"rendered":"https:\/\/shop.bantam.ch\/produit\/ladewandler-vcc-1212\/"},"modified":"2026-04-18T02:27:34","modified_gmt":"2026-04-18T00:27:34","slug":"ladewandler-vcc-1212","status":"publish","type":"product","link":"https:\/\/shop.bantam.ch\/de\/produkt\/ladewandler-vcc-1212\/","title":{"rendered":"Ladewandler VCC 1212"},"content":{"rendered":"<p><!--StartFragment --><!--StartFragment --><\/p>\n<p>VOTRONIC Lade-Wandler, die die Bordbatterie schnell und batterieschonend gem\u00e4\u00df den Vorgaben der Batterie-Hersteller laden. Selbst bei kurzen Fahrten wird Batterie mit vollem Ladestrom geladen.<\/p>\n<ul>\n<li>Ersetzt herk\u00f6mmliches Trenn-Relais<\/li>\n<li>F\u00fcr alle Lichtmaschinen geeignet<\/li>\n<li>Hohe Ladeleistung selbst bei kurzen Fahrstrecken<\/li>\n<li>Vollladung bei l\u00e4ngerer Fahrt<\/li>\n<li>Optimierte Ladekennlinien f\u00fcr S\u00e4ure-, Gel- und AGM- sowie Lithium LiFePO4-Batterien<\/li>\n<li>Deutlich bessere Energiebilanz bei konventionellen Lichtmaschinen<\/li>\n<li>Automatische Leistungsregelung<\/li>\n<li>Parallelbetrieb zur Leistungserh\u00f6hung m\u00f6glich<\/li>\n<li>F\u00fcr Fahrzeuge mit Euro-6-Norm besonders zu empfehlen<\/li>\n<li>Einfache Installation, kein Eingriff in den Starterkreis<\/li>\n<\/ul>\n<p><!--EndFragment --><\/p>\n<p><!--EndFragment --><\/p>\n","protected":false},"excerpt":{"rendered":"<p>VOTRONIC Lade-Wandler, die die Bordbatterie schnell und batterieschonend gem\u00e4\u00df den Vorgaben der Batterie-Hersteller laden. Selbst bei kurzen Fahrten wird Batterie mit vollem Ladestrom geladen. Ersetzt herk\u00f6mmliches Trenn-Relais F\u00fcr alle Lichtmaschinen geeignet Hohe Ladeleistung selbst bei kurzen Fahrstrecken Vollladung bei l\u00e4ngerer Fahrt Optimierte Ladekennlinien f\u00fcr S\u00e4ure-, Gel- und AGM- sowie Lithium LiFePO4-Batterien Deutlich bessere Energiebilanz bei [&hellip;]<\/p>\n","protected":false},"featured_media":228713,"template":"","meta":{"_acf_changed":false},"product_featured_cat":[],"product_brand":[],"product_cat":[4910],"product_tag":[],"class_list":{"0":"post-228719","1":"product","2":"type-product","3":"status-publish","4":"has-post-thumbnail","6":"product_cat-ladebooster","8":"first","9":"instock","10":"taxable","11":"shipping-taxable","12":"purchasable","13":"product-type-variable"},"acf":[],"yoast_head":"<!-- This site is optimized with the Yoast SEO plugin v27.4 - https:\/\/yoast.com\/product\/yoast-seo-wordpress\/ -->\n<title>Ladewandler VCC 1212 - Bantam Camping AG<\/title>\n<meta name=\"robots\" content=\"index, follow, max-snippet:-1, max-image-preview:large, max-video-preview:-1\" \/>\n<link rel=\"canonical\" href=\"https:\/\/shop.bantam.ch\/de\/produkt\/ladewandler-vcc-1212\/\" \/>\n<meta property=\"og:locale\" content=\"de_DE\" \/>\n<meta property=\"og:type\" content=\"article\" \/>\n<meta property=\"og:title\" content=\"Ladewandler VCC 1212 - Bantam Camping AG\" \/>\n<meta property=\"og:description\" content=\"VOTRONIC Lade-Wandler, die die Bordbatterie schnell und batterieschonend gem\u00e4\u00df den Vorgaben der Batterie-Hersteller laden. Selbst bei kurzen Fahrten wird Batterie mit vollem Ladestrom geladen. Ersetzt herk\u00f6mmliches Trenn-Relais F\u00fcr alle Lichtmaschinen geeignet Hohe Ladeleistung selbst bei kurzen Fahrstrecken Vollladung bei l\u00e4ngerer Fahrt Optimierte Ladekennlinien f\u00fcr S\u00e4ure-, Gel- und AGM- sowie Lithium LiFePO4-Batterien Deutlich bessere Energiebilanz bei [&hellip;]\" \/>\n<meta property=\"og:url\" content=\"https:\/\/shop.bantam.ch\/de\/produkt\/ladewandler-vcc-1212\/\" \/>\n<meta property=\"og:site_name\" content=\"Bantam Camping AG\" \/>\n<meta property=\"article:modified_time\" content=\"2026-04-18T00:27:34+00:00\" \/>\n<meta name=\"twitter:card\" content=\"summary_large_image\" \/>\n<script type=\"application\/ld+json\" class=\"yoast-schema-graph\">{\"@context\":\"https:\\\/\\\/schema.org\",\"@graph\":[{\"@type\":\"WebPage\",\"@id\":\"https:\\\/\\\/shop.bantam.ch\\\/de\\\/produkt\\\/ladewandler-vcc-1212\\\/\",\"url\":\"https:\\\/\\\/shop.bantam.ch\\\/de\\\/produkt\\\/ladewandler-vcc-1212\\\/\",\"name\":\"Ladewandler VCC 1212 - Bantam Camping AG\",\"isPartOf\":{\"@id\":\"https:\\\/\\\/shop.bantam.ch\\\/de\\\/#website\"},\"primaryImageOfPage\":{\"@id\":\"https:\\\/\\\/shop.bantam.ch\\\/de\\\/produkt\\\/ladewandler-vcc-1212\\\/#primaryimage\"},\"image\":{\"@id\":\"https:\\\/\\\/shop.bantam.ch\\\/de\\\/produkt\\\/ladewandler-vcc-1212\\\/#primaryimage\"},\"thumbnailUrl\":\"https:\\\/\\\/shop.bantam.ch\\\/wp-content\\\/uploads\\\/2026\\\/01\\\/Movera-L-9964248100.jpg\",\"datePublished\":\"2026-01-06T15:00:54+00:00\",\"dateModified\":\"2026-04-18T00:27:34+00:00\",\"breadcrumb\":{\"@id\":\"https:\\\/\\\/shop.bantam.ch\\\/de\\\/produkt\\\/ladewandler-vcc-1212\\\/#breadcrumb\"},\"inLanguage\":\"de\",\"potentialAction\":[{\"@type\":\"ReadAction\",\"target\":[\"https:\\\/\\\/shop.bantam.ch\\\/de\\\/produkt\\\/ladewandler-vcc-1212\\\/\"]}]},{\"@type\":\"ImageObject\",\"inLanguage\":\"de\",\"@id\":\"https:\\\/\\\/shop.bantam.ch\\\/de\\\/produkt\\\/ladewandler-vcc-1212\\\/#primaryimage\",\"url\":\"https:\\\/\\\/shop.bantam.ch\\\/wp-content\\\/uploads\\\/2026\\\/01\\\/Movera-L-9964248100.jpg\",\"contentUrl\":\"https:\\\/\\\/shop.bantam.ch\\\/wp-content\\\/uploads\\\/2026\\\/01\\\/Movera-L-9964248100.jpg\",\"width\":640,\"height\":381},{\"@type\":\"BreadcrumbList\",\"@id\":\"https:\\\/\\\/shop.bantam.ch\\\/de\\\/produkt\\\/ladewandler-vcc-1212\\\/#breadcrumb\",\"itemListElement\":[{\"@type\":\"ListItem\",\"position\":1,\"name\":\"Accueil\",\"item\":\"https:\\\/\\\/shop.bantam.ch\\\/de\\\/\"},{\"@type\":\"ListItem\",\"position\":2,\"name\":\"Shop\",\"item\":\"https:\\\/\\\/shop.bantam.ch\\\/de\\\/shop\\\/\"},{\"@type\":\"ListItem\",\"position\":3,\"name\":\"Ladewandler VCC 1212\"}]},{\"@type\":\"WebSite\",\"@id\":\"https:\\\/\\\/shop.bantam.ch\\\/de\\\/#website\",\"url\":\"https:\\\/\\\/shop.bantam.ch\\\/de\\\/\",\"name\":\"Bantam Camping AG\",\"description\":\"\",\"publisher\":{\"@id\":\"https:\\\/\\\/shop.bantam.ch\\\/de\\\/#organization\"},\"inLanguage\":\"de\"},{\"@type\":\"Organization\",\"@id\":\"https:\\\/\\\/shop.bantam.ch\\\/de\\\/#organization\",\"name\":\"Bantam Camping AG\",\"url\":\"https:\\\/\\\/shop.bantam.ch\\\/de\\\/\",\"logo\":{\"@type\":\"ImageObject\",\"inLanguage\":\"de\",\"@id\":\"https:\\\/\\\/shop.bantam.ch\\\/de\\\/#\\\/schema\\\/logo\\\/image\\\/\",\"url\":\"https:\\\/\\\/shop.bantam.ch\\\/wp-content\\\/uploads\\\/2022\\\/12\\\/bantam-logo.png\",\"contentUrl\":\"https:\\\/\\\/shop.bantam.ch\\\/wp-content\\\/uploads\\\/2022\\\/12\\\/bantam-logo.png\",\"width\":320,\"height\":71,\"caption\":\"Bantam Camping AG\"},\"image\":{\"@id\":\"https:\\\/\\\/shop.bantam.ch\\\/de\\\/#\\\/schema\\\/logo\\\/image\\\/\"}}]}<\/script>\n<!-- \/ Yoast SEO plugin. -->","yoast_head_json":{"title":"Ladewandler VCC 1212 - Bantam Camping AG","robots":{"index":"index","follow":"follow","max-snippet":"max-snippet:-1","max-image-preview":"max-image-preview:large","max-video-preview":"max-video-preview:-1"},"canonical":"https:\/\/shop.bantam.ch\/de\/produkt\/ladewandler-vcc-1212\/","og_locale":"de_DE","og_type":"article","og_title":"Ladewandler VCC 1212 - Bantam Camping AG","og_description":"VOTRONIC Lade-Wandler, die die Bordbatterie schnell und batterieschonend gem\u00e4\u00df den Vorgaben der Batterie-Hersteller laden. Selbst bei kurzen Fahrten wird Batterie mit vollem Ladestrom geladen. Ersetzt herk\u00f6mmliches Trenn-Relais F\u00fcr alle Lichtmaschinen geeignet Hohe Ladeleistung selbst bei kurzen Fahrstrecken Vollladung bei l\u00e4ngerer Fahrt Optimierte Ladekennlinien f\u00fcr S\u00e4ure-, Gel- und AGM- sowie Lithium LiFePO4-Batterien Deutlich bessere Energiebilanz bei [&hellip;]","og_url":"https:\/\/shop.bantam.ch\/de\/produkt\/ladewandler-vcc-1212\/","og_site_name":"Bantam Camping AG","article_modified_time":"2026-04-18T00:27:34+00:00","twitter_card":"summary_large_image","schema":{"@context":"https:\/\/schema.org","@graph":[{"@type":"WebPage","@id":"https:\/\/shop.bantam.ch\/de\/produkt\/ladewandler-vcc-1212\/","url":"https:\/\/shop.bantam.ch\/de\/produkt\/ladewandler-vcc-1212\/","name":"Ladewandler VCC 1212 - Bantam Camping AG","isPartOf":{"@id":"https:\/\/shop.bantam.ch\/de\/#website"},"primaryImageOfPage":{"@id":"https:\/\/shop.bantam.ch\/de\/produkt\/ladewandler-vcc-1212\/#primaryimage"},"image":{"@id":"https:\/\/shop.bantam.ch\/de\/produkt\/ladewandler-vcc-1212\/#primaryimage"},"thumbnailUrl":"https:\/\/shop.bantam.ch\/wp-content\/uploads\/2026\/01\/Movera-L-9964248100.jpg","datePublished":"2026-01-06T15:00:54+00:00","dateModified":"2026-04-18T00:27:34+00:00","breadcrumb":{"@id":"https:\/\/shop.bantam.ch\/de\/produkt\/ladewandler-vcc-1212\/#breadcrumb"},"inLanguage":"de","potentialAction":[{"@type":"ReadAction","target":["https:\/\/shop.bantam.ch\/de\/produkt\/ladewandler-vcc-1212\/"]}]},{"@type":"ImageObject","inLanguage":"de","@id":"https:\/\/shop.bantam.ch\/de\/produkt\/ladewandler-vcc-1212\/#primaryimage","url":"https:\/\/shop.bantam.ch\/wp-content\/uploads\/2026\/01\/Movera-L-9964248100.jpg","contentUrl":"https:\/\/shop.bantam.ch\/wp-content\/uploads\/2026\/01\/Movera-L-9964248100.jpg","width":640,"height":381},{"@type":"BreadcrumbList","@id":"https:\/\/shop.bantam.ch\/de\/produkt\/ladewandler-vcc-1212\/#breadcrumb","itemListElement":[{"@type":"ListItem","position":1,"name":"Accueil","item":"https:\/\/shop.bantam.ch\/de\/"},{"@type":"ListItem","position":2,"name":"Shop","item":"https:\/\/shop.bantam.ch\/de\/shop\/"},{"@type":"ListItem","position":3,"name":"Ladewandler VCC 1212"}]},{"@type":"WebSite","@id":"https:\/\/shop.bantam.ch\/de\/#website","url":"https:\/\/shop.bantam.ch\/de\/","name":"Bantam Camping AG","description":"","publisher":{"@id":"https:\/\/shop.bantam.ch\/de\/#organization"},"inLanguage":"de"},{"@type":"Organization","@id":"https:\/\/shop.bantam.ch\/de\/#organization","name":"Bantam Camping AG","url":"https:\/\/shop.bantam.ch\/de\/","logo":{"@type":"ImageObject","inLanguage":"de","@id":"https:\/\/shop.bantam.ch\/de\/#\/schema\/logo\/image\/","url":"https:\/\/shop.bantam.ch\/wp-content\/uploads\/2022\/12\/bantam-logo.png","contentUrl":"https:\/\/shop.bantam.ch\/wp-content\/uploads\/2022\/12\/bantam-logo.png","width":320,"height":71,"caption":"Bantam Camping AG"},"image":{"@id":"https:\/\/shop.bantam.ch\/de\/#\/schema\/logo\/image\/"}}]}},"_links":{"self":[{"href":"https:\/\/shop.bantam.ch\/de\/wp-json\/wp\/v2\/product\/228719","targetHints":{"allow":["GET"]}}],"collection":[{"href":"https:\/\/shop.bantam.ch\/de\/wp-json\/wp\/v2\/product"}],"about":[{"href":"https:\/\/shop.bantam.ch\/de\/wp-json\/wp\/v2\/types\/product"}],"wp:featuredmedia":[{"embeddable":true,"href":"https:\/\/shop.bantam.ch\/de\/wp-json\/wp\/v2\/media\/228713"}],"wp:attachment":[{"href":"https:\/\/shop.bantam.ch\/de\/wp-json\/wp\/v2\/media?parent=228719"}],"wp:term":[{"taxonomy":"product_featured_cat","embeddable":true,"href":"https:\/\/shop.bantam.ch\/de\/wp-json\/wp\/v2\/product_featured_cat?post=228719"},{"taxonomy":"product_brand","embeddable":true,"href":"https:\/\/shop.bantam.ch\/de\/wp-json\/wp\/v2\/product_brand?post=228719"},{"taxonomy":"product_cat","embeddable":true,"href":"https:\/\/shop.bantam.ch\/de\/wp-json\/wp\/v2\/product_cat?post=228719"},{"taxonomy":"product_tag","embeddable":true,"href":"https:\/\/shop.bantam.ch\/de\/wp-json\/wp\/v2\/product_tag?post=228719"}],"curies":[{"name":"wp","href":"https:\/\/api.w.org\/{rel}","templated":true}]}}