{"id":228668,"date":"2026-01-06T15:59:32","date_gmt":"2026-01-06T14:59:32","guid":{"rendered":"https:\/\/shop.bantam.ch\/produit\/solarladeregler-caratec\/"},"modified":"2026-04-22T02:32:33","modified_gmt":"2026-04-22T00:32:33","slug":"solarladeregler-caratec","status":"publish","type":"product","link":"https:\/\/shop.bantam.ch\/de\/produkt\/solarladeregler-caratec\/","title":{"rendered":"Solarladeregler Caratec"},"content":{"rendered":"<p><!--StartFragment -->Der Caratec ist ein leistungsstarker MPPT-Solarregler f\u00fcr Reisemobile, Caravans und Boote mit mittlerer oder gr\u00f6\u00dferer Solaranlage. Dank modernster MPPT-Technologie (Maximum Power Point Tracking) erreicht der Regler eine Tracking-Effizienz von bis zu 99,9 % und einen Energieumwandlungswirkungsgrad von bis zu 98 %. Damit wird jedes verf\u00fcgbare Watt Solarleistung optimal genutzt \u2013 effizient, schnell und zuverl\u00e4ssig.<\/p>\n<p>&nbsp;<\/p>\n<p>Dank der integrierten Bluetooth-Schnittstelle k\u00f6nnen s\u00e4mtliche Betriebsdaten, Ladeparameter und Einstellungen bequem \u00fcber eine mobile App \u00fcberwacht und angepasst werden.<\/p>\n<p>Der Regler unterst\u00fctzt sowohl 12 V- als auch 24 V-Batteriesysteme und ist kompatibel mit einer Vielzahl an Solarmodulen im Spannungsbereich von 16 V bis 92 V. Unterschiedliche Ladekennlinien f\u00fcr die Batterietypen LiFePO\u2084 (LFP), AGM, GEL, Blei-S\u00e4ure (WET) sind einstellbar. Zudem verf\u00fcgt der MPPT-Regler \u00fcber eine frei konfigurierbare Ladekennlinie.<\/p>\n<p>&nbsp;<\/p>\n<p>Mit einer maximalen Solarleistung von 260 W \/ 550 W und einem Ladestrom von bis zu 20 \/ 40 A bietet er erhebliche Leistungsreserven \u2013 ideal f\u00fcr Fahrzeuge mit mittlerem-hohem Energiebedarf oder komplexe Solaranlagen mit mehreren Modulen.<\/p>\n<p>Umfangreiche Schutzfunktionen, darunter Kurzschluss-, \u00dcbertemperatur- und TVS-Blitzschutz, gew\u00e4hrleisten jederzeit einen sicheren Betrieb auch unter anspruchsvollen Umweltbedingungen.<\/p>\n<p>Ein integrierter Ladestrombegrenzer sch\u00fctzt den Regler, wenn die angeschlossenen Solarmodule mehr Ladestrom liefern als er verarbeiten kann.<\/p>\n<p>&nbsp;<\/p>\n<p>Der Solarladeregler ist damit die perfekte L\u00f6sung f\u00fcr autarke Energiesysteme, die maximale Leistung, pr\u00e4zise Steuerung und volle Kontrolle \u00fcber den Energiefluss verlangen.<\/p>\n<p><!--EndFragment --><\/p>\n","protected":false},"excerpt":{"rendered":"<p>Der Caratec ist ein leistungsstarker MPPT-Solarregler f\u00fcr Reisemobile, Caravans und Boote mit mittlerer oder gr\u00f6\u00dferer Solaranlage. Dank modernster MPPT-Technologie (Maximum Power Point Tracking) erreicht der Regler eine Tracking-Effizienz von bis zu 99,9 % und einen Energieumwandlungswirkungsgrad von bis zu 98 %. Damit wird jedes verf\u00fcgbare Watt Solarleistung optimal genutzt \u2013 effizient, schnell und zuverl\u00e4ssig. &nbsp; [&hellip;]<\/p>\n","protected":false},"featured_media":228665,"template":"","meta":{"_acf_changed":false},"product_featured_cat":[],"product_brand":[],"product_cat":[4878],"product_tag":[],"class_list":{"0":"post-228668","1":"product","2":"type-product","3":"status-publish","4":"has-post-thumbnail","6":"product_cat-solar-laderegler","8":"first","9":"instock","10":"taxable","11":"shipping-taxable","12":"purchasable","13":"product-type-variable"},"acf":[],"yoast_head":"<!-- This site is optimized with the Yoast SEO plugin v27.4 - https:\/\/yoast.com\/product\/yoast-seo-wordpress\/ -->\n<title>Solarladeregler Caratec - Bantam Camping AG<\/title>\n<meta name=\"robots\" content=\"index, follow, max-snippet:-1, max-image-preview:large, max-video-preview:-1\" \/>\n<link rel=\"canonical\" href=\"https:\/\/shop.bantam.ch\/de\/produkt\/solarladeregler-caratec\/\" \/>\n<meta property=\"og:locale\" content=\"de_DE\" \/>\n<meta property=\"og:type\" content=\"article\" \/>\n<meta property=\"og:title\" content=\"Solarladeregler Caratec - Bantam Camping AG\" \/>\n<meta property=\"og:description\" content=\"Der Caratec ist ein leistungsstarker MPPT-Solarregler f\u00fcr Reisemobile, Caravans und Boote mit mittlerer oder gr\u00f6\u00dferer Solaranlage. Dank modernster MPPT-Technologie (Maximum Power Point Tracking) erreicht der Regler eine Tracking-Effizienz von bis zu 99,9 % und einen Energieumwandlungswirkungsgrad von bis zu 98 %. Damit wird jedes verf\u00fcgbare Watt Solarleistung optimal genutzt \u2013 effizient, schnell und zuverl\u00e4ssig. &nbsp; [&hellip;]\" \/>\n<meta property=\"og:url\" content=\"https:\/\/shop.bantam.ch\/de\/produkt\/solarladeregler-caratec\/\" \/>\n<meta property=\"og:site_name\" content=\"Bantam Camping AG\" \/>\n<meta property=\"article:modified_time\" content=\"2026-04-22T00:32:33+00:00\" \/>\n<meta name=\"twitter:card\" content=\"summary_large_image\" \/>\n<meta name=\"twitter:label1\" content=\"Gesch\u00e4tzte Lesezeit\" \/>\n\t<meta name=\"twitter:data1\" content=\"1\u00a0Minute\" \/>\n<script type=\"application\/ld+json\" class=\"yoast-schema-graph\">{\"@context\":\"https:\\\/\\\/schema.org\",\"@graph\":[{\"@type\":\"WebPage\",\"@id\":\"https:\\\/\\\/shop.bantam.ch\\\/de\\\/produkt\\\/solarladeregler-caratec\\\/\",\"url\":\"https:\\\/\\\/shop.bantam.ch\\\/de\\\/produkt\\\/solarladeregler-caratec\\\/\",\"name\":\"Solarladeregler Caratec - Bantam Camping AG\",\"isPartOf\":{\"@id\":\"https:\\\/\\\/shop.bantam.ch\\\/de\\\/#website\"},\"primaryImageOfPage\":{\"@id\":\"https:\\\/\\\/shop.bantam.ch\\\/de\\\/produkt\\\/solarladeregler-caratec\\\/#primaryimage\"},\"image\":{\"@id\":\"https:\\\/\\\/shop.bantam.ch\\\/de\\\/produkt\\\/solarladeregler-caratec\\\/#primaryimage\"},\"thumbnailUrl\":\"https:\\\/\\\/shop.bantam.ch\\\/wp-content\\\/uploads\\\/2026\\\/01\\\/Movera-L-9964236100.jpg\",\"datePublished\":\"2026-01-06T14:59:32+00:00\",\"dateModified\":\"2026-04-22T00:32:33+00:00\",\"breadcrumb\":{\"@id\":\"https:\\\/\\\/shop.bantam.ch\\\/de\\\/produkt\\\/solarladeregler-caratec\\\/#breadcrumb\"},\"inLanguage\":\"de\",\"potentialAction\":[{\"@type\":\"ReadAction\",\"target\":[\"https:\\\/\\\/shop.bantam.ch\\\/de\\\/produkt\\\/solarladeregler-caratec\\\/\"]}]},{\"@type\":\"ImageObject\",\"inLanguage\":\"de\",\"@id\":\"https:\\\/\\\/shop.bantam.ch\\\/de\\\/produkt\\\/solarladeregler-caratec\\\/#primaryimage\",\"url\":\"https:\\\/\\\/shop.bantam.ch\\\/wp-content\\\/uploads\\\/2026\\\/01\\\/Movera-L-9964236100.jpg\",\"contentUrl\":\"https:\\\/\\\/shop.bantam.ch\\\/wp-content\\\/uploads\\\/2026\\\/01\\\/Movera-L-9964236100.jpg\",\"width\":640,\"height\":427},{\"@type\":\"BreadcrumbList\",\"@id\":\"https:\\\/\\\/shop.bantam.ch\\\/de\\\/produkt\\\/solarladeregler-caratec\\\/#breadcrumb\",\"itemListElement\":[{\"@type\":\"ListItem\",\"position\":1,\"name\":\"Accueil\",\"item\":\"https:\\\/\\\/shop.bantam.ch\\\/de\\\/\"},{\"@type\":\"ListItem\",\"position\":2,\"name\":\"Shop\",\"item\":\"https:\\\/\\\/shop.bantam.ch\\\/de\\\/shop\\\/\"},{\"@type\":\"ListItem\",\"position\":3,\"name\":\"Solarladeregler Caratec\"}]},{\"@type\":\"WebSite\",\"@id\":\"https:\\\/\\\/shop.bantam.ch\\\/de\\\/#website\",\"url\":\"https:\\\/\\\/shop.bantam.ch\\\/de\\\/\",\"name\":\"Bantam Camping AG\",\"description\":\"\",\"publisher\":{\"@id\":\"https:\\\/\\\/shop.bantam.ch\\\/de\\\/#organization\"},\"inLanguage\":\"de\"},{\"@type\":\"Organization\",\"@id\":\"https:\\\/\\\/shop.bantam.ch\\\/de\\\/#organization\",\"name\":\"Bantam Camping AG\",\"url\":\"https:\\\/\\\/shop.bantam.ch\\\/de\\\/\",\"logo\":{\"@type\":\"ImageObject\",\"inLanguage\":\"de\",\"@id\":\"https:\\\/\\\/shop.bantam.ch\\\/de\\\/#\\\/schema\\\/logo\\\/image\\\/\",\"url\":\"https:\\\/\\\/shop.bantam.ch\\\/wp-content\\\/uploads\\\/2022\\\/12\\\/bantam-logo.png\",\"contentUrl\":\"https:\\\/\\\/shop.bantam.ch\\\/wp-content\\\/uploads\\\/2022\\\/12\\\/bantam-logo.png\",\"width\":320,\"height\":71,\"caption\":\"Bantam Camping AG\"},\"image\":{\"@id\":\"https:\\\/\\\/shop.bantam.ch\\\/de\\\/#\\\/schema\\\/logo\\\/image\\\/\"}}]}<\/script>\n<!-- \/ Yoast SEO plugin. -->","yoast_head_json":{"title":"Solarladeregler Caratec - Bantam Camping AG","robots":{"index":"index","follow":"follow","max-snippet":"max-snippet:-1","max-image-preview":"max-image-preview:large","max-video-preview":"max-video-preview:-1"},"canonical":"https:\/\/shop.bantam.ch\/de\/produkt\/solarladeregler-caratec\/","og_locale":"de_DE","og_type":"article","og_title":"Solarladeregler Caratec - Bantam Camping AG","og_description":"Der Caratec ist ein leistungsstarker MPPT-Solarregler f\u00fcr Reisemobile, Caravans und Boote mit mittlerer oder gr\u00f6\u00dferer Solaranlage. Dank modernster MPPT-Technologie (Maximum Power Point Tracking) erreicht der Regler eine Tracking-Effizienz von bis zu 99,9 % und einen Energieumwandlungswirkungsgrad von bis zu 98 %. Damit wird jedes verf\u00fcgbare Watt Solarleistung optimal genutzt \u2013 effizient, schnell und zuverl\u00e4ssig. &nbsp; [&hellip;]","og_url":"https:\/\/shop.bantam.ch\/de\/produkt\/solarladeregler-caratec\/","og_site_name":"Bantam Camping AG","article_modified_time":"2026-04-22T00:32:33+00:00","twitter_card":"summary_large_image","twitter_misc":{"Gesch\u00e4tzte Lesezeit":"1\u00a0Minute"},"schema":{"@context":"https:\/\/schema.org","@graph":[{"@type":"WebPage","@id":"https:\/\/shop.bantam.ch\/de\/produkt\/solarladeregler-caratec\/","url":"https:\/\/shop.bantam.ch\/de\/produkt\/solarladeregler-caratec\/","name":"Solarladeregler Caratec - Bantam Camping AG","isPartOf":{"@id":"https:\/\/shop.bantam.ch\/de\/#website"},"primaryImageOfPage":{"@id":"https:\/\/shop.bantam.ch\/de\/produkt\/solarladeregler-caratec\/#primaryimage"},"image":{"@id":"https:\/\/shop.bantam.ch\/de\/produkt\/solarladeregler-caratec\/#primaryimage"},"thumbnailUrl":"https:\/\/shop.bantam.ch\/wp-content\/uploads\/2026\/01\/Movera-L-9964236100.jpg","datePublished":"2026-01-06T14:59:32+00:00","dateModified":"2026-04-22T00:32:33+00:00","breadcrumb":{"@id":"https:\/\/shop.bantam.ch\/de\/produkt\/solarladeregler-caratec\/#breadcrumb"},"inLanguage":"de","potentialAction":[{"@type":"ReadAction","target":["https:\/\/shop.bantam.ch\/de\/produkt\/solarladeregler-caratec\/"]}]},{"@type":"ImageObject","inLanguage":"de","@id":"https:\/\/shop.bantam.ch\/de\/produkt\/solarladeregler-caratec\/#primaryimage","url":"https:\/\/shop.bantam.ch\/wp-content\/uploads\/2026\/01\/Movera-L-9964236100.jpg","contentUrl":"https:\/\/shop.bantam.ch\/wp-content\/uploads\/2026\/01\/Movera-L-9964236100.jpg","width":640,"height":427},{"@type":"BreadcrumbList","@id":"https:\/\/shop.bantam.ch\/de\/produkt\/solarladeregler-caratec\/#breadcrumb","itemListElement":[{"@type":"ListItem","position":1,"name":"Accueil","item":"https:\/\/shop.bantam.ch\/de\/"},{"@type":"ListItem","position":2,"name":"Shop","item":"https:\/\/shop.bantam.ch\/de\/shop\/"},{"@type":"ListItem","position":3,"name":"Solarladeregler Caratec"}]},{"@type":"WebSite","@id":"https:\/\/shop.bantam.ch\/de\/#website","url":"https:\/\/shop.bantam.ch\/de\/","name":"Bantam Camping AG","description":"","publisher":{"@id":"https:\/\/shop.bantam.ch\/de\/#organization"},"inLanguage":"de"},{"@type":"Organization","@id":"https:\/\/shop.bantam.ch\/de\/#organization","name":"Bantam Camping AG","url":"https:\/\/shop.bantam.ch\/de\/","logo":{"@type":"ImageObject","inLanguage":"de","@id":"https:\/\/shop.bantam.ch\/de\/#\/schema\/logo\/image\/","url":"https:\/\/shop.bantam.ch\/wp-content\/uploads\/2022\/12\/bantam-logo.png","contentUrl":"https:\/\/shop.bantam.ch\/wp-content\/uploads\/2022\/12\/bantam-logo.png","width":320,"height":71,"caption":"Bantam Camping AG"},"image":{"@id":"https:\/\/shop.bantam.ch\/de\/#\/schema\/logo\/image\/"}}]}},"_links":{"self":[{"href":"https:\/\/shop.bantam.ch\/de\/wp-json\/wp\/v2\/product\/228668","targetHints":{"allow":["GET"]}}],"collection":[{"href":"https:\/\/shop.bantam.ch\/de\/wp-json\/wp\/v2\/product"}],"about":[{"href":"https:\/\/shop.bantam.ch\/de\/wp-json\/wp\/v2\/types\/product"}],"wp:featuredmedia":[{"embeddable":true,"href":"https:\/\/shop.bantam.ch\/de\/wp-json\/wp\/v2\/media\/228665"}],"wp:attachment":[{"href":"https:\/\/shop.bantam.ch\/de\/wp-json\/wp\/v2\/media?parent=228668"}],"wp:term":[{"taxonomy":"product_featured_cat","embeddable":true,"href":"https:\/\/shop.bantam.ch\/de\/wp-json\/wp\/v2\/product_featured_cat?post=228668"},{"taxonomy":"product_brand","embeddable":true,"href":"https:\/\/shop.bantam.ch\/de\/wp-json\/wp\/v2\/product_brand?post=228668"},{"taxonomy":"product_cat","embeddable":true,"href":"https:\/\/shop.bantam.ch\/de\/wp-json\/wp\/v2\/product_cat?post=228668"},{"taxonomy":"product_tag","embeddable":true,"href":"https:\/\/shop.bantam.ch\/de\/wp-json\/wp\/v2\/product_tag?post=228668"}],"curies":[{"name":"wp","href":"https:\/\/api.w.org\/{rel}","templated":true}]}}