{"id":228642,"date":"2026-01-06T15:58:47","date_gmt":"2026-01-06T14:58:47","guid":{"rendered":"https:\/\/shop.bantam.ch\/produit\/flat-air-solar-einzelmodul-next-level-systems-nl-fa-130-m\/"},"modified":"2026-04-17T23:49:14","modified_gmt":"2026-04-17T21:49:14","slug":"flat-air-solar-einzelmodul-next-level-systems-nl-fa-130-m","status":"publish","type":"product","link":"https:\/\/shop.bantam.ch\/de\/produkt\/flat-air-solar-einzelmodul-next-level-systems-nl-fa-130-m\/","title":{"rendered":"Flat Air Solar-Einzelmodul Next Level Systems NL FA 130 M"},"content":{"rendered":"<p><!--StartFragment -->Das monokristalline 130 Wp-Hochleistungsmodul ist eingebettet in einen extrem flachen und leichten Aufbaurahmen. Diese aus witterungsbest\u00e4ndigem PU hergestellte Unterkonstruktion wird ohne Bohren auf das Fahrzeugdach aufgeklebt und gew\u00e4hrleistet durch seine Konstruktion bei nur 17mm Bauh\u00f6he eine optimale Unterl\u00fcftung. Somit ist es jetzt auch m\u00f6glich auf die zumeist empfindliche Dachfl\u00e4che direkt aufzukleben, da das eingebettete Solarmodul und die Dachhaut thermisch entkoppelt sind. Die Solarleistung bleibt dadurch<\/p>\n<p>auch bei hohen Au\u00dfentemperaturen stabil. Das Solarmodul bleibt begehbar, ist auf dem Aufbaurahmen aufgeschraubt und kann bei Bedarf auch problemlos abgenommen werden. Die Anschlussdose sowie die Kabelf\u00fchrung befinden sich auf der Unterseite des Solarmoduls.<\/p>\n<p><!--EndFragment --><\/p>\n","protected":false},"excerpt":{"rendered":"<p>Das monokristalline 130 Wp-Hochleistungsmodul ist eingebettet in einen extrem flachen und leichten Aufbaurahmen. Diese aus witterungsbest\u00e4ndigem PU hergestellte Unterkonstruktion wird ohne Bohren auf das Fahrzeugdach aufgeklebt und gew\u00e4hrleistet durch seine Konstruktion bei nur 17mm Bauh\u00f6he eine optimale Unterl\u00fcftung. Somit ist es jetzt auch m\u00f6glich auf die zumeist empfindliche Dachfl\u00e4che direkt aufzukleben, da das eingebettete Solarmodul [&hellip;]<\/p>\n","protected":false},"featured_media":228638,"template":"","meta":{"_acf_changed":false},"product_featured_cat":[],"product_brand":[],"product_cat":[4880],"product_tag":[],"class_list":{"0":"post-228642","1":"product","2":"type-product","3":"status-publish","4":"has-post-thumbnail","6":"product_cat-solar-sets","8":"first","9":"instock","10":"taxable","11":"shipping-taxable","12":"purchasable","13":"product-type-simple"},"acf":[],"yoast_head":"<!-- This site is optimized with the Yoast SEO plugin v27.4 - https:\/\/yoast.com\/product\/yoast-seo-wordpress\/ -->\n<title>Flat Air Solar-Einzelmodul Next Level Systems NL FA 130 M - Bantam Camping AG<\/title>\n<meta name=\"robots\" content=\"index, follow, max-snippet:-1, max-image-preview:large, max-video-preview:-1\" \/>\n<link rel=\"canonical\" href=\"https:\/\/shop.bantam.ch\/de\/produkt\/flat-air-solar-einzelmodul-next-level-systems-nl-fa-130-m\/\" \/>\n<meta property=\"og:locale\" content=\"de_DE\" \/>\n<meta property=\"og:type\" content=\"article\" \/>\n<meta property=\"og:title\" content=\"Flat Air Solar-Einzelmodul Next Level Systems NL FA 130 M - Bantam Camping AG\" \/>\n<meta property=\"og:description\" content=\"Das monokristalline 130 Wp-Hochleistungsmodul ist eingebettet in einen extrem flachen und leichten Aufbaurahmen. Diese aus witterungsbest\u00e4ndigem PU hergestellte Unterkonstruktion wird ohne Bohren auf das Fahrzeugdach aufgeklebt und gew\u00e4hrleistet durch seine Konstruktion bei nur 17mm Bauh\u00f6he eine optimale Unterl\u00fcftung. Somit ist es jetzt auch m\u00f6glich auf die zumeist empfindliche Dachfl\u00e4che direkt aufzukleben, da das eingebettete Solarmodul [&hellip;]\" \/>\n<meta property=\"og:url\" content=\"https:\/\/shop.bantam.ch\/de\/produkt\/flat-air-solar-einzelmodul-next-level-systems-nl-fa-130-m\/\" \/>\n<meta property=\"og:site_name\" content=\"Bantam Camping AG\" \/>\n<meta property=\"article:modified_time\" content=\"2026-04-17T21:49:14+00:00\" \/>\n<meta name=\"twitter:card\" content=\"summary_large_image\" \/>\n<meta name=\"twitter:label1\" content=\"Gesch\u00e4tzte Lesezeit\" \/>\n\t<meta name=\"twitter:data1\" content=\"1\u00a0Minute\" \/>\n<script type=\"application\/ld+json\" class=\"yoast-schema-graph\">{\"@context\":\"https:\\\/\\\/schema.org\",\"@graph\":[{\"@type\":\"WebPage\",\"@id\":\"https:\\\/\\\/shop.bantam.ch\\\/de\\\/produkt\\\/flat-air-solar-einzelmodul-next-level-systems-nl-fa-130-m\\\/\",\"url\":\"https:\\\/\\\/shop.bantam.ch\\\/de\\\/produkt\\\/flat-air-solar-einzelmodul-next-level-systems-nl-fa-130-m\\\/\",\"name\":\"Flat Air Solar-Einzelmodul Next Level Systems NL FA 130 M - Bantam Camping AG\",\"isPartOf\":{\"@id\":\"https:\\\/\\\/shop.bantam.ch\\\/de\\\/#website\"},\"primaryImageOfPage\":{\"@id\":\"https:\\\/\\\/shop.bantam.ch\\\/de\\\/produkt\\\/flat-air-solar-einzelmodul-next-level-systems-nl-fa-130-m\\\/#primaryimage\"},\"image\":{\"@id\":\"https:\\\/\\\/shop.bantam.ch\\\/de\\\/produkt\\\/flat-air-solar-einzelmodul-next-level-systems-nl-fa-130-m\\\/#primaryimage\"},\"thumbnailUrl\":\"https:\\\/\\\/shop.bantam.ch\\\/wp-content\\\/uploads\\\/2026\\\/01\\\/Movera-L-9964187100.jpg\",\"datePublished\":\"2026-01-06T14:58:47+00:00\",\"dateModified\":\"2026-04-17T21:49:14+00:00\",\"breadcrumb\":{\"@id\":\"https:\\\/\\\/shop.bantam.ch\\\/de\\\/produkt\\\/flat-air-solar-einzelmodul-next-level-systems-nl-fa-130-m\\\/#breadcrumb\"},\"inLanguage\":\"de\",\"potentialAction\":[{\"@type\":\"ReadAction\",\"target\":[\"https:\\\/\\\/shop.bantam.ch\\\/de\\\/produkt\\\/flat-air-solar-einzelmodul-next-level-systems-nl-fa-130-m\\\/\"]}]},{\"@type\":\"ImageObject\",\"inLanguage\":\"de\",\"@id\":\"https:\\\/\\\/shop.bantam.ch\\\/de\\\/produkt\\\/flat-air-solar-einzelmodul-next-level-systems-nl-fa-130-m\\\/#primaryimage\",\"url\":\"https:\\\/\\\/shop.bantam.ch\\\/wp-content\\\/uploads\\\/2026\\\/01\\\/Movera-L-9964187100.jpg\",\"contentUrl\":\"https:\\\/\\\/shop.bantam.ch\\\/wp-content\\\/uploads\\\/2026\\\/01\\\/Movera-L-9964187100.jpg\",\"width\":640,\"height\":350},{\"@type\":\"BreadcrumbList\",\"@id\":\"https:\\\/\\\/shop.bantam.ch\\\/de\\\/produkt\\\/flat-air-solar-einzelmodul-next-level-systems-nl-fa-130-m\\\/#breadcrumb\",\"itemListElement\":[{\"@type\":\"ListItem\",\"position\":1,\"name\":\"Accueil\",\"item\":\"https:\\\/\\\/shop.bantam.ch\\\/de\\\/\"},{\"@type\":\"ListItem\",\"position\":2,\"name\":\"Shop\",\"item\":\"https:\\\/\\\/shop.bantam.ch\\\/de\\\/shop\\\/\"},{\"@type\":\"ListItem\",\"position\":3,\"name\":\"Flat Air Solar-Einzelmodul Next Level Systems NL FA 130 M\"}]},{\"@type\":\"WebSite\",\"@id\":\"https:\\\/\\\/shop.bantam.ch\\\/de\\\/#website\",\"url\":\"https:\\\/\\\/shop.bantam.ch\\\/de\\\/\",\"name\":\"Bantam Camping AG\",\"description\":\"\",\"publisher\":{\"@id\":\"https:\\\/\\\/shop.bantam.ch\\\/de\\\/#organization\"},\"inLanguage\":\"de\"},{\"@type\":\"Organization\",\"@id\":\"https:\\\/\\\/shop.bantam.ch\\\/de\\\/#organization\",\"name\":\"Bantam Camping AG\",\"url\":\"https:\\\/\\\/shop.bantam.ch\\\/de\\\/\",\"logo\":{\"@type\":\"ImageObject\",\"inLanguage\":\"de\",\"@id\":\"https:\\\/\\\/shop.bantam.ch\\\/de\\\/#\\\/schema\\\/logo\\\/image\\\/\",\"url\":\"https:\\\/\\\/shop.bantam.ch\\\/wp-content\\\/uploads\\\/2022\\\/12\\\/bantam-logo.png\",\"contentUrl\":\"https:\\\/\\\/shop.bantam.ch\\\/wp-content\\\/uploads\\\/2022\\\/12\\\/bantam-logo.png\",\"width\":320,\"height\":71,\"caption\":\"Bantam Camping AG\"},\"image\":{\"@id\":\"https:\\\/\\\/shop.bantam.ch\\\/de\\\/#\\\/schema\\\/logo\\\/image\\\/\"}}]}<\/script>\n<!-- \/ Yoast SEO plugin. -->","yoast_head_json":{"title":"Flat Air Solar-Einzelmodul Next Level Systems NL FA 130 M - Bantam Camping AG","robots":{"index":"index","follow":"follow","max-snippet":"max-snippet:-1","max-image-preview":"max-image-preview:large","max-video-preview":"max-video-preview:-1"},"canonical":"https:\/\/shop.bantam.ch\/de\/produkt\/flat-air-solar-einzelmodul-next-level-systems-nl-fa-130-m\/","og_locale":"de_DE","og_type":"article","og_title":"Flat Air Solar-Einzelmodul Next Level Systems NL FA 130 M - Bantam Camping AG","og_description":"Das monokristalline 130 Wp-Hochleistungsmodul ist eingebettet in einen extrem flachen und leichten Aufbaurahmen. Diese aus witterungsbest\u00e4ndigem PU hergestellte Unterkonstruktion wird ohne Bohren auf das Fahrzeugdach aufgeklebt und gew\u00e4hrleistet durch seine Konstruktion bei nur 17mm Bauh\u00f6he eine optimale Unterl\u00fcftung. Somit ist es jetzt auch m\u00f6glich auf die zumeist empfindliche Dachfl\u00e4che direkt aufzukleben, da das eingebettete Solarmodul [&hellip;]","og_url":"https:\/\/shop.bantam.ch\/de\/produkt\/flat-air-solar-einzelmodul-next-level-systems-nl-fa-130-m\/","og_site_name":"Bantam Camping AG","article_modified_time":"2026-04-17T21:49:14+00:00","twitter_card":"summary_large_image","twitter_misc":{"Gesch\u00e4tzte Lesezeit":"1\u00a0Minute"},"schema":{"@context":"https:\/\/schema.org","@graph":[{"@type":"WebPage","@id":"https:\/\/shop.bantam.ch\/de\/produkt\/flat-air-solar-einzelmodul-next-level-systems-nl-fa-130-m\/","url":"https:\/\/shop.bantam.ch\/de\/produkt\/flat-air-solar-einzelmodul-next-level-systems-nl-fa-130-m\/","name":"Flat Air Solar-Einzelmodul Next Level Systems NL FA 130 M - Bantam Camping AG","isPartOf":{"@id":"https:\/\/shop.bantam.ch\/de\/#website"},"primaryImageOfPage":{"@id":"https:\/\/shop.bantam.ch\/de\/produkt\/flat-air-solar-einzelmodul-next-level-systems-nl-fa-130-m\/#primaryimage"},"image":{"@id":"https:\/\/shop.bantam.ch\/de\/produkt\/flat-air-solar-einzelmodul-next-level-systems-nl-fa-130-m\/#primaryimage"},"thumbnailUrl":"https:\/\/shop.bantam.ch\/wp-content\/uploads\/2026\/01\/Movera-L-9964187100.jpg","datePublished":"2026-01-06T14:58:47+00:00","dateModified":"2026-04-17T21:49:14+00:00","breadcrumb":{"@id":"https:\/\/shop.bantam.ch\/de\/produkt\/flat-air-solar-einzelmodul-next-level-systems-nl-fa-130-m\/#breadcrumb"},"inLanguage":"de","potentialAction":[{"@type":"ReadAction","target":["https:\/\/shop.bantam.ch\/de\/produkt\/flat-air-solar-einzelmodul-next-level-systems-nl-fa-130-m\/"]}]},{"@type":"ImageObject","inLanguage":"de","@id":"https:\/\/shop.bantam.ch\/de\/produkt\/flat-air-solar-einzelmodul-next-level-systems-nl-fa-130-m\/#primaryimage","url":"https:\/\/shop.bantam.ch\/wp-content\/uploads\/2026\/01\/Movera-L-9964187100.jpg","contentUrl":"https:\/\/shop.bantam.ch\/wp-content\/uploads\/2026\/01\/Movera-L-9964187100.jpg","width":640,"height":350},{"@type":"BreadcrumbList","@id":"https:\/\/shop.bantam.ch\/de\/produkt\/flat-air-solar-einzelmodul-next-level-systems-nl-fa-130-m\/#breadcrumb","itemListElement":[{"@type":"ListItem","position":1,"name":"Accueil","item":"https:\/\/shop.bantam.ch\/de\/"},{"@type":"ListItem","position":2,"name":"Shop","item":"https:\/\/shop.bantam.ch\/de\/shop\/"},{"@type":"ListItem","position":3,"name":"Flat Air Solar-Einzelmodul Next Level Systems NL FA 130 M"}]},{"@type":"WebSite","@id":"https:\/\/shop.bantam.ch\/de\/#website","url":"https:\/\/shop.bantam.ch\/de\/","name":"Bantam Camping AG","description":"","publisher":{"@id":"https:\/\/shop.bantam.ch\/de\/#organization"},"inLanguage":"de"},{"@type":"Organization","@id":"https:\/\/shop.bantam.ch\/de\/#organization","name":"Bantam Camping AG","url":"https:\/\/shop.bantam.ch\/de\/","logo":{"@type":"ImageObject","inLanguage":"de","@id":"https:\/\/shop.bantam.ch\/de\/#\/schema\/logo\/image\/","url":"https:\/\/shop.bantam.ch\/wp-content\/uploads\/2022\/12\/bantam-logo.png","contentUrl":"https:\/\/shop.bantam.ch\/wp-content\/uploads\/2022\/12\/bantam-logo.png","width":320,"height":71,"caption":"Bantam Camping AG"},"image":{"@id":"https:\/\/shop.bantam.ch\/de\/#\/schema\/logo\/image\/"}}]}},"_links":{"self":[{"href":"https:\/\/shop.bantam.ch\/de\/wp-json\/wp\/v2\/product\/228642","targetHints":{"allow":["GET"]}}],"collection":[{"href":"https:\/\/shop.bantam.ch\/de\/wp-json\/wp\/v2\/product"}],"about":[{"href":"https:\/\/shop.bantam.ch\/de\/wp-json\/wp\/v2\/types\/product"}],"wp:featuredmedia":[{"embeddable":true,"href":"https:\/\/shop.bantam.ch\/de\/wp-json\/wp\/v2\/media\/228638"}],"wp:attachment":[{"href":"https:\/\/shop.bantam.ch\/de\/wp-json\/wp\/v2\/media?parent=228642"}],"wp:term":[{"taxonomy":"product_featured_cat","embeddable":true,"href":"https:\/\/shop.bantam.ch\/de\/wp-json\/wp\/v2\/product_featured_cat?post=228642"},{"taxonomy":"product_brand","embeddable":true,"href":"https:\/\/shop.bantam.ch\/de\/wp-json\/wp\/v2\/product_brand?post=228642"},{"taxonomy":"product_cat","embeddable":true,"href":"https:\/\/shop.bantam.ch\/de\/wp-json\/wp\/v2\/product_cat?post=228642"},{"taxonomy":"product_tag","embeddable":true,"href":"https:\/\/shop.bantam.ch\/de\/wp-json\/wp\/v2\/product_tag?post=228642"}],"curies":[{"name":"wp","href":"https:\/\/api.w.org\/{rel}","templated":true}]}}