{"id":228634,"date":"2026-01-06T15:58:28","date_gmt":"2026-01-06T14:58:28","guid":{"rendered":"https:\/\/shop.bantam.ch\/produit\/flat-air-solar-komplettsystem-next-level-nl-fa\/"},"modified":"2026-04-18T02:27:03","modified_gmt":"2026-04-18T00:27:03","slug":"flat-air-solar-komplettsystem-next-level-nl-fa","status":"publish","type":"product","link":"https:\/\/shop.bantam.ch\/de\/produkt\/flat-air-solar-komplettsystem-next-level-nl-fa\/","title":{"rendered":"Flat Air Solar Komplettsystem Next Level NL FA"},"content":{"rendered":"<p>Komplettset mit allen Bauteilen um eine NL FLAT AIR Solaranlage einzubauen. Alle Komponenten sind steckfertig aufeinander abgestimmt. MC4-Dachdurchf\u00fchrung, Innenraumkabel (6 m), sowie &nbsp;Montagezubeh\u00f6r und MPP-Regler (NL SR 400 MPP) liegen bei. Zum Aufkleben wird ein Klebeset ben\u00f6tigt. Falls nicht vorhanden, das NL Solar-Klebeset mitbestellen.<br \/>\nErweiterbar ist das System durch eine Soldar-Fernanzeige und\/oder die Bluetooth-Anzeige.<\/p>\n","protected":false},"excerpt":{"rendered":"<p>Komplettset mit allen Bauteilen um eine NL FLAT AIR Solaranlage einzubauen. Alle Komponenten sind steckfertig aufeinander abgestimmt. MC4-Dachdurchf\u00fchrung, Innenraumkabel (6 m), sowie &nbsp;Montagezubeh\u00f6r und MPP-Regler (NL SR 400 MPP) liegen bei. Zum Aufkleben wird ein Klebeset ben\u00f6tigt. Falls nicht vorhanden, das NL Solar-Klebeset mitbestellen. Erweiterbar ist das System durch eine Soldar-Fernanzeige und\/oder die Bluetooth-Anzeige.<\/p>\n","protected":false},"featured_media":228628,"template":"","meta":{"_acf_changed":false},"product_featured_cat":[],"product_brand":[],"product_cat":[4880],"product_tag":[],"class_list":{"0":"post-228634","1":"product","2":"type-product","3":"status-publish","4":"has-post-thumbnail","6":"product_cat-solar-sets","8":"first","9":"instock","10":"taxable","11":"shipping-taxable","12":"purchasable","13":"product-type-variable"},"acf":[],"yoast_head":"<!-- This site is optimized with the Yoast SEO plugin v27.4 - https:\/\/yoast.com\/product\/yoast-seo-wordpress\/ -->\n<title>Flat Air Solar Komplettsystem Next Level NL FA - Bantam Camping AG<\/title>\n<meta name=\"robots\" content=\"index, follow, max-snippet:-1, max-image-preview:large, max-video-preview:-1\" \/>\n<link rel=\"canonical\" href=\"https:\/\/shop.bantam.ch\/de\/produkt\/flat-air-solar-komplettsystem-next-level-nl-fa\/\" \/>\n<meta property=\"og:locale\" content=\"de_DE\" \/>\n<meta property=\"og:type\" content=\"article\" \/>\n<meta property=\"og:title\" content=\"Flat Air Solar Komplettsystem Next Level NL FA - Bantam Camping AG\" \/>\n<meta property=\"og:description\" content=\"Komplettset mit allen Bauteilen um eine NL FLAT AIR Solaranlage einzubauen. Alle Komponenten sind steckfertig aufeinander abgestimmt. MC4-Dachdurchf\u00fchrung, Innenraumkabel (6 m), sowie &nbsp;Montagezubeh\u00f6r und MPP-Regler (NL SR 400 MPP) liegen bei. Zum Aufkleben wird ein Klebeset ben\u00f6tigt. Falls nicht vorhanden, das NL Solar-Klebeset mitbestellen. Erweiterbar ist das System durch eine Soldar-Fernanzeige und\/oder die Bluetooth-Anzeige.\" \/>\n<meta property=\"og:url\" content=\"https:\/\/shop.bantam.ch\/de\/produkt\/flat-air-solar-komplettsystem-next-level-nl-fa\/\" \/>\n<meta property=\"og:site_name\" content=\"Bantam Camping AG\" \/>\n<meta property=\"article:modified_time\" content=\"2026-04-18T00:27:03+00:00\" \/>\n<meta name=\"twitter:card\" content=\"summary_large_image\" \/>\n<script type=\"application\/ld+json\" class=\"yoast-schema-graph\">{\"@context\":\"https:\\\/\\\/schema.org\",\"@graph\":[{\"@type\":\"WebPage\",\"@id\":\"https:\\\/\\\/shop.bantam.ch\\\/de\\\/produkt\\\/flat-air-solar-komplettsystem-next-level-nl-fa\\\/\",\"url\":\"https:\\\/\\\/shop.bantam.ch\\\/de\\\/produkt\\\/flat-air-solar-komplettsystem-next-level-nl-fa\\\/\",\"name\":\"Flat Air Solar Komplettsystem Next Level NL FA - Bantam Camping AG\",\"isPartOf\":{\"@id\":\"https:\\\/\\\/shop.bantam.ch\\\/de\\\/#website\"},\"primaryImageOfPage\":{\"@id\":\"https:\\\/\\\/shop.bantam.ch\\\/de\\\/produkt\\\/flat-air-solar-komplettsystem-next-level-nl-fa\\\/#primaryimage\"},\"image\":{\"@id\":\"https:\\\/\\\/shop.bantam.ch\\\/de\\\/produkt\\\/flat-air-solar-komplettsystem-next-level-nl-fa\\\/#primaryimage\"},\"thumbnailUrl\":\"https:\\\/\\\/shop.bantam.ch\\\/wp-content\\\/uploads\\\/2026\\\/01\\\/Movera-L-9964186100.jpg\",\"datePublished\":\"2026-01-06T14:58:28+00:00\",\"dateModified\":\"2026-04-18T00:27:03+00:00\",\"breadcrumb\":{\"@id\":\"https:\\\/\\\/shop.bantam.ch\\\/de\\\/produkt\\\/flat-air-solar-komplettsystem-next-level-nl-fa\\\/#breadcrumb\"},\"inLanguage\":\"de\",\"potentialAction\":[{\"@type\":\"ReadAction\",\"target\":[\"https:\\\/\\\/shop.bantam.ch\\\/de\\\/produkt\\\/flat-air-solar-komplettsystem-next-level-nl-fa\\\/\"]}]},{\"@type\":\"ImageObject\",\"inLanguage\":\"de\",\"@id\":\"https:\\\/\\\/shop.bantam.ch\\\/de\\\/produkt\\\/flat-air-solar-komplettsystem-next-level-nl-fa\\\/#primaryimage\",\"url\":\"https:\\\/\\\/shop.bantam.ch\\\/wp-content\\\/uploads\\\/2026\\\/01\\\/Movera-L-9964186100.jpg\",\"contentUrl\":\"https:\\\/\\\/shop.bantam.ch\\\/wp-content\\\/uploads\\\/2026\\\/01\\\/Movera-L-9964186100.jpg\",\"width\":640,\"height\":350},{\"@type\":\"BreadcrumbList\",\"@id\":\"https:\\\/\\\/shop.bantam.ch\\\/de\\\/produkt\\\/flat-air-solar-komplettsystem-next-level-nl-fa\\\/#breadcrumb\",\"itemListElement\":[{\"@type\":\"ListItem\",\"position\":1,\"name\":\"Accueil\",\"item\":\"https:\\\/\\\/shop.bantam.ch\\\/de\\\/\"},{\"@type\":\"ListItem\",\"position\":2,\"name\":\"Shop\",\"item\":\"https:\\\/\\\/shop.bantam.ch\\\/de\\\/shop\\\/\"},{\"@type\":\"ListItem\",\"position\":3,\"name\":\"Flat Air Solar Komplettsystem Next Level NL FA\"}]},{\"@type\":\"WebSite\",\"@id\":\"https:\\\/\\\/shop.bantam.ch\\\/de\\\/#website\",\"url\":\"https:\\\/\\\/shop.bantam.ch\\\/de\\\/\",\"name\":\"Bantam Camping AG\",\"description\":\"\",\"publisher\":{\"@id\":\"https:\\\/\\\/shop.bantam.ch\\\/de\\\/#organization\"},\"inLanguage\":\"de\"},{\"@type\":\"Organization\",\"@id\":\"https:\\\/\\\/shop.bantam.ch\\\/de\\\/#organization\",\"name\":\"Bantam Camping AG\",\"url\":\"https:\\\/\\\/shop.bantam.ch\\\/de\\\/\",\"logo\":{\"@type\":\"ImageObject\",\"inLanguage\":\"de\",\"@id\":\"https:\\\/\\\/shop.bantam.ch\\\/de\\\/#\\\/schema\\\/logo\\\/image\\\/\",\"url\":\"https:\\\/\\\/shop.bantam.ch\\\/wp-content\\\/uploads\\\/2022\\\/12\\\/bantam-logo.png\",\"contentUrl\":\"https:\\\/\\\/shop.bantam.ch\\\/wp-content\\\/uploads\\\/2022\\\/12\\\/bantam-logo.png\",\"width\":320,\"height\":71,\"caption\":\"Bantam Camping AG\"},\"image\":{\"@id\":\"https:\\\/\\\/shop.bantam.ch\\\/de\\\/#\\\/schema\\\/logo\\\/image\\\/\"}}]}<\/script>\n<!-- \/ Yoast SEO plugin. -->","yoast_head_json":{"title":"Flat Air Solar Komplettsystem Next Level NL FA - Bantam Camping AG","robots":{"index":"index","follow":"follow","max-snippet":"max-snippet:-1","max-image-preview":"max-image-preview:large","max-video-preview":"max-video-preview:-1"},"canonical":"https:\/\/shop.bantam.ch\/de\/produkt\/flat-air-solar-komplettsystem-next-level-nl-fa\/","og_locale":"de_DE","og_type":"article","og_title":"Flat Air Solar Komplettsystem Next Level NL FA - Bantam Camping AG","og_description":"Komplettset mit allen Bauteilen um eine NL FLAT AIR Solaranlage einzubauen. Alle Komponenten sind steckfertig aufeinander abgestimmt. MC4-Dachdurchf\u00fchrung, Innenraumkabel (6 m), sowie &nbsp;Montagezubeh\u00f6r und MPP-Regler (NL SR 400 MPP) liegen bei. Zum Aufkleben wird ein Klebeset ben\u00f6tigt. Falls nicht vorhanden, das NL Solar-Klebeset mitbestellen. Erweiterbar ist das System durch eine Soldar-Fernanzeige und\/oder die Bluetooth-Anzeige.","og_url":"https:\/\/shop.bantam.ch\/de\/produkt\/flat-air-solar-komplettsystem-next-level-nl-fa\/","og_site_name":"Bantam Camping AG","article_modified_time":"2026-04-18T00:27:03+00:00","twitter_card":"summary_large_image","schema":{"@context":"https:\/\/schema.org","@graph":[{"@type":"WebPage","@id":"https:\/\/shop.bantam.ch\/de\/produkt\/flat-air-solar-komplettsystem-next-level-nl-fa\/","url":"https:\/\/shop.bantam.ch\/de\/produkt\/flat-air-solar-komplettsystem-next-level-nl-fa\/","name":"Flat Air Solar Komplettsystem Next Level NL FA - Bantam Camping AG","isPartOf":{"@id":"https:\/\/shop.bantam.ch\/de\/#website"},"primaryImageOfPage":{"@id":"https:\/\/shop.bantam.ch\/de\/produkt\/flat-air-solar-komplettsystem-next-level-nl-fa\/#primaryimage"},"image":{"@id":"https:\/\/shop.bantam.ch\/de\/produkt\/flat-air-solar-komplettsystem-next-level-nl-fa\/#primaryimage"},"thumbnailUrl":"https:\/\/shop.bantam.ch\/wp-content\/uploads\/2026\/01\/Movera-L-9964186100.jpg","datePublished":"2026-01-06T14:58:28+00:00","dateModified":"2026-04-18T00:27:03+00:00","breadcrumb":{"@id":"https:\/\/shop.bantam.ch\/de\/produkt\/flat-air-solar-komplettsystem-next-level-nl-fa\/#breadcrumb"},"inLanguage":"de","potentialAction":[{"@type":"ReadAction","target":["https:\/\/shop.bantam.ch\/de\/produkt\/flat-air-solar-komplettsystem-next-level-nl-fa\/"]}]},{"@type":"ImageObject","inLanguage":"de","@id":"https:\/\/shop.bantam.ch\/de\/produkt\/flat-air-solar-komplettsystem-next-level-nl-fa\/#primaryimage","url":"https:\/\/shop.bantam.ch\/wp-content\/uploads\/2026\/01\/Movera-L-9964186100.jpg","contentUrl":"https:\/\/shop.bantam.ch\/wp-content\/uploads\/2026\/01\/Movera-L-9964186100.jpg","width":640,"height":350},{"@type":"BreadcrumbList","@id":"https:\/\/shop.bantam.ch\/de\/produkt\/flat-air-solar-komplettsystem-next-level-nl-fa\/#breadcrumb","itemListElement":[{"@type":"ListItem","position":1,"name":"Accueil","item":"https:\/\/shop.bantam.ch\/de\/"},{"@type":"ListItem","position":2,"name":"Shop","item":"https:\/\/shop.bantam.ch\/de\/shop\/"},{"@type":"ListItem","position":3,"name":"Flat Air Solar Komplettsystem Next Level NL FA"}]},{"@type":"WebSite","@id":"https:\/\/shop.bantam.ch\/de\/#website","url":"https:\/\/shop.bantam.ch\/de\/","name":"Bantam Camping AG","description":"","publisher":{"@id":"https:\/\/shop.bantam.ch\/de\/#organization"},"inLanguage":"de"},{"@type":"Organization","@id":"https:\/\/shop.bantam.ch\/de\/#organization","name":"Bantam Camping AG","url":"https:\/\/shop.bantam.ch\/de\/","logo":{"@type":"ImageObject","inLanguage":"de","@id":"https:\/\/shop.bantam.ch\/de\/#\/schema\/logo\/image\/","url":"https:\/\/shop.bantam.ch\/wp-content\/uploads\/2022\/12\/bantam-logo.png","contentUrl":"https:\/\/shop.bantam.ch\/wp-content\/uploads\/2022\/12\/bantam-logo.png","width":320,"height":71,"caption":"Bantam Camping AG"},"image":{"@id":"https:\/\/shop.bantam.ch\/de\/#\/schema\/logo\/image\/"}}]}},"_links":{"self":[{"href":"https:\/\/shop.bantam.ch\/de\/wp-json\/wp\/v2\/product\/228634","targetHints":{"allow":["GET"]}}],"collection":[{"href":"https:\/\/shop.bantam.ch\/de\/wp-json\/wp\/v2\/product"}],"about":[{"href":"https:\/\/shop.bantam.ch\/de\/wp-json\/wp\/v2\/types\/product"}],"wp:featuredmedia":[{"embeddable":true,"href":"https:\/\/shop.bantam.ch\/de\/wp-json\/wp\/v2\/media\/228628"}],"wp:attachment":[{"href":"https:\/\/shop.bantam.ch\/de\/wp-json\/wp\/v2\/media?parent=228634"}],"wp:term":[{"taxonomy":"product_featured_cat","embeddable":true,"href":"https:\/\/shop.bantam.ch\/de\/wp-json\/wp\/v2\/product_featured_cat?post=228634"},{"taxonomy":"product_brand","embeddable":true,"href":"https:\/\/shop.bantam.ch\/de\/wp-json\/wp\/v2\/product_brand?post=228634"},{"taxonomy":"product_cat","embeddable":true,"href":"https:\/\/shop.bantam.ch\/de\/wp-json\/wp\/v2\/product_cat?post=228634"},{"taxonomy":"product_tag","embeddable":true,"href":"https:\/\/shop.bantam.ch\/de\/wp-json\/wp\/v2\/product_tag?post=228634"}],"curies":[{"name":"wp","href":"https:\/\/api.w.org\/{rel}","templated":true}]}}