{"id":228622,"date":"2026-01-06T15:58:16","date_gmt":"2026-01-06T14:58:16","guid":{"rendered":"https:\/\/shop.bantam.ch\/produit\/stuhl-small-van-chair\/"},"modified":"2026-04-17T23:49:08","modified_gmt":"2026-04-17T21:49:08","slug":"stuhl-small-van-chair","status":"publish","type":"product","link":"https:\/\/shop.bantam.ch\/de\/produkt\/stuhl-small-van-chair\/","title":{"rendered":"Stuhl Small Van Chair"},"content":{"rendered":"<p>Vaneo Klappstuhl \u2013 Kompakt, Faltbar und Vielseitig<\/p>\n<p>Der Vaneo Klappstuhl von Quipon vereint Funktionalit\u00e4t und Komfort in einem stilvollen Design. Perfekt f\u00fcr den mobilen Einsatz und jeden Campingurlaub, ist dieser Rundrohrstuhl mit einem leichten und stabilen Aluminiumrahmen ausgestattet. Der atmungsaktive 2D Mesh Stoff sorgt f\u00fcr ein angenehmes Sitzgef\u00fchl, w\u00e4hrend die 3-fach verstellbare Armlehne individuell angepasst werden kann, um den Komfort zu maximieren.<br \/>\nEin besonderes Highlight ist das platzsparende Packma\u00df: Der Vaneo l\u00e4sst sich auf nur 60 x 82 x 7,5 cm zusammenfalten, ist somit \u00e4u\u00dferst platzsparend und bestens f\u00fcr Trips mit dem Campervan oder kleineren Freizeitfahrzeugen geeignet.<\/p>\n<p>Der Vaneo ist mehr als nur ein Sitzm\u00f6bel; er ist ein zuverl\u00e4ssiger Begleiter f\u00fcr alle, die ihren Campingurlaub mit Komfort und Stil genie\u00dfen m\u00f6chten. Entdecken Sie die Flexibilit\u00e4t und Bequemlichkeit des Vaneo Stuhls und machen Sie Ihren Outdoor-Aufenthalt noch angenehmer.<\/p>\n<p>Material:&nbsp;<br \/>\nBezug: 100 % Polyester (2D Mesh-Gewebe mit Schaumstoffpolsterung)<br \/>\nGestell: Aluminiumrohr pulverbeschichtet<\/p>\n","protected":false},"excerpt":{"rendered":"<p>Vaneo Klappstuhl \u2013 Kompakt, Faltbar und Vielseitig Der Vaneo Klappstuhl von Quipon vereint Funktionalit\u00e4t und Komfort in einem stilvollen Design. Perfekt f\u00fcr den mobilen Einsatz und jeden Campingurlaub, ist dieser Rundrohrstuhl mit einem leichten und stabilen Aluminiumrahmen ausgestattet. Der atmungsaktive 2D Mesh Stoff sorgt f\u00fcr ein angenehmes Sitzgef\u00fchl, w\u00e4hrend die 3-fach verstellbare Armlehne individuell angepasst [&hellip;]<\/p>\n","protected":false},"featured_media":228620,"template":"","meta":{"_acf_changed":false},"product_featured_cat":[],"product_brand":[],"product_cat":[4972],"product_tag":[],"class_list":{"0":"post-228622","1":"product","2":"type-product","3":"status-publish","4":"has-post-thumbnail","6":"product_cat-campingstuehle","8":"first","9":"instock","10":"taxable","11":"shipping-taxable","12":"purchasable","13":"product-type-simple"},"acf":[],"yoast_head":"<!-- This site is optimized with the Yoast SEO plugin v27.4 - https:\/\/yoast.com\/product\/yoast-seo-wordpress\/ -->\n<title>Stuhl Small Van Chair - Bantam Camping AG<\/title>\n<meta name=\"robots\" content=\"index, follow, max-snippet:-1, max-image-preview:large, max-video-preview:-1\" \/>\n<link rel=\"canonical\" href=\"https:\/\/shop.bantam.ch\/de\/produkt\/stuhl-small-van-chair\/\" \/>\n<meta property=\"og:locale\" content=\"de_DE\" \/>\n<meta property=\"og:type\" content=\"article\" \/>\n<meta property=\"og:title\" content=\"Stuhl Small Van Chair - Bantam Camping AG\" \/>\n<meta property=\"og:description\" content=\"Vaneo Klappstuhl \u2013 Kompakt, Faltbar und Vielseitig Der Vaneo Klappstuhl von Quipon vereint Funktionalit\u00e4t und Komfort in einem stilvollen Design. Perfekt f\u00fcr den mobilen Einsatz und jeden Campingurlaub, ist dieser Rundrohrstuhl mit einem leichten und stabilen Aluminiumrahmen ausgestattet. Der atmungsaktive 2D Mesh Stoff sorgt f\u00fcr ein angenehmes Sitzgef\u00fchl, w\u00e4hrend die 3-fach verstellbare Armlehne individuell angepasst [&hellip;]\" \/>\n<meta property=\"og:url\" content=\"https:\/\/shop.bantam.ch\/de\/produkt\/stuhl-small-van-chair\/\" \/>\n<meta property=\"og:site_name\" content=\"Bantam Camping AG\" \/>\n<meta property=\"article:modified_time\" content=\"2026-04-17T21:49:08+00:00\" \/>\n<meta name=\"twitter:card\" content=\"summary_large_image\" \/>\n<meta name=\"twitter:label1\" content=\"Gesch\u00e4tzte Lesezeit\" \/>\n\t<meta name=\"twitter:data1\" content=\"1\u00a0Minute\" \/>\n<script type=\"application\/ld+json\" class=\"yoast-schema-graph\">{\"@context\":\"https:\\\/\\\/schema.org\",\"@graph\":[{\"@type\":\"WebPage\",\"@id\":\"https:\\\/\\\/shop.bantam.ch\\\/de\\\/produkt\\\/stuhl-small-van-chair\\\/\",\"url\":\"https:\\\/\\\/shop.bantam.ch\\\/de\\\/produkt\\\/stuhl-small-van-chair\\\/\",\"name\":\"Stuhl Small Van Chair - Bantam Camping AG\",\"isPartOf\":{\"@id\":\"https:\\\/\\\/shop.bantam.ch\\\/de\\\/#website\"},\"primaryImageOfPage\":{\"@id\":\"https:\\\/\\\/shop.bantam.ch\\\/de\\\/produkt\\\/stuhl-small-van-chair\\\/#primaryimage\"},\"image\":{\"@id\":\"https:\\\/\\\/shop.bantam.ch\\\/de\\\/produkt\\\/stuhl-small-van-chair\\\/#primaryimage\"},\"thumbnailUrl\":\"https:\\\/\\\/shop.bantam.ch\\\/wp-content\\\/uploads\\\/2026\\\/01\\\/Movera-L-9964214100.jpg\",\"datePublished\":\"2026-01-06T14:58:16+00:00\",\"dateModified\":\"2026-04-17T21:49:08+00:00\",\"breadcrumb\":{\"@id\":\"https:\\\/\\\/shop.bantam.ch\\\/de\\\/produkt\\\/stuhl-small-van-chair\\\/#breadcrumb\"},\"inLanguage\":\"de\",\"potentialAction\":[{\"@type\":\"ReadAction\",\"target\":[\"https:\\\/\\\/shop.bantam.ch\\\/de\\\/produkt\\\/stuhl-small-van-chair\\\/\"]}]},{\"@type\":\"ImageObject\",\"inLanguage\":\"de\",\"@id\":\"https:\\\/\\\/shop.bantam.ch\\\/de\\\/produkt\\\/stuhl-small-van-chair\\\/#primaryimage\",\"url\":\"https:\\\/\\\/shop.bantam.ch\\\/wp-content\\\/uploads\\\/2026\\\/01\\\/Movera-L-9964214100.jpg\",\"contentUrl\":\"https:\\\/\\\/shop.bantam.ch\\\/wp-content\\\/uploads\\\/2026\\\/01\\\/Movera-L-9964214100.jpg\",\"width\":640,\"height\":453},{\"@type\":\"BreadcrumbList\",\"@id\":\"https:\\\/\\\/shop.bantam.ch\\\/de\\\/produkt\\\/stuhl-small-van-chair\\\/#breadcrumb\",\"itemListElement\":[{\"@type\":\"ListItem\",\"position\":1,\"name\":\"Accueil\",\"item\":\"https:\\\/\\\/shop.bantam.ch\\\/de\\\/\"},{\"@type\":\"ListItem\",\"position\":2,\"name\":\"Shop\",\"item\":\"https:\\\/\\\/shop.bantam.ch\\\/de\\\/shop\\\/\"},{\"@type\":\"ListItem\",\"position\":3,\"name\":\"Stuhl Small Van Chair\"}]},{\"@type\":\"WebSite\",\"@id\":\"https:\\\/\\\/shop.bantam.ch\\\/de\\\/#website\",\"url\":\"https:\\\/\\\/shop.bantam.ch\\\/de\\\/\",\"name\":\"Bantam Camping AG\",\"description\":\"\",\"publisher\":{\"@id\":\"https:\\\/\\\/shop.bantam.ch\\\/de\\\/#organization\"},\"inLanguage\":\"de\"},{\"@type\":\"Organization\",\"@id\":\"https:\\\/\\\/shop.bantam.ch\\\/de\\\/#organization\",\"name\":\"Bantam Camping AG\",\"url\":\"https:\\\/\\\/shop.bantam.ch\\\/de\\\/\",\"logo\":{\"@type\":\"ImageObject\",\"inLanguage\":\"de\",\"@id\":\"https:\\\/\\\/shop.bantam.ch\\\/de\\\/#\\\/schema\\\/logo\\\/image\\\/\",\"url\":\"https:\\\/\\\/shop.bantam.ch\\\/wp-content\\\/uploads\\\/2022\\\/12\\\/bantam-logo.png\",\"contentUrl\":\"https:\\\/\\\/shop.bantam.ch\\\/wp-content\\\/uploads\\\/2022\\\/12\\\/bantam-logo.png\",\"width\":320,\"height\":71,\"caption\":\"Bantam Camping AG\"},\"image\":{\"@id\":\"https:\\\/\\\/shop.bantam.ch\\\/de\\\/#\\\/schema\\\/logo\\\/image\\\/\"}}]}<\/script>\n<!-- \/ Yoast SEO plugin. -->","yoast_head_json":{"title":"Stuhl Small Van Chair - Bantam Camping AG","robots":{"index":"index","follow":"follow","max-snippet":"max-snippet:-1","max-image-preview":"max-image-preview:large","max-video-preview":"max-video-preview:-1"},"canonical":"https:\/\/shop.bantam.ch\/de\/produkt\/stuhl-small-van-chair\/","og_locale":"de_DE","og_type":"article","og_title":"Stuhl Small Van Chair - Bantam Camping AG","og_description":"Vaneo Klappstuhl \u2013 Kompakt, Faltbar und Vielseitig Der Vaneo Klappstuhl von Quipon vereint Funktionalit\u00e4t und Komfort in einem stilvollen Design. Perfekt f\u00fcr den mobilen Einsatz und jeden Campingurlaub, ist dieser Rundrohrstuhl mit einem leichten und stabilen Aluminiumrahmen ausgestattet. Der atmungsaktive 2D Mesh Stoff sorgt f\u00fcr ein angenehmes Sitzgef\u00fchl, w\u00e4hrend die 3-fach verstellbare Armlehne individuell angepasst [&hellip;]","og_url":"https:\/\/shop.bantam.ch\/de\/produkt\/stuhl-small-van-chair\/","og_site_name":"Bantam Camping AG","article_modified_time":"2026-04-17T21:49:08+00:00","twitter_card":"summary_large_image","twitter_misc":{"Gesch\u00e4tzte Lesezeit":"1\u00a0Minute"},"schema":{"@context":"https:\/\/schema.org","@graph":[{"@type":"WebPage","@id":"https:\/\/shop.bantam.ch\/de\/produkt\/stuhl-small-van-chair\/","url":"https:\/\/shop.bantam.ch\/de\/produkt\/stuhl-small-van-chair\/","name":"Stuhl Small Van Chair - Bantam Camping AG","isPartOf":{"@id":"https:\/\/shop.bantam.ch\/de\/#website"},"primaryImageOfPage":{"@id":"https:\/\/shop.bantam.ch\/de\/produkt\/stuhl-small-van-chair\/#primaryimage"},"image":{"@id":"https:\/\/shop.bantam.ch\/de\/produkt\/stuhl-small-van-chair\/#primaryimage"},"thumbnailUrl":"https:\/\/shop.bantam.ch\/wp-content\/uploads\/2026\/01\/Movera-L-9964214100.jpg","datePublished":"2026-01-06T14:58:16+00:00","dateModified":"2026-04-17T21:49:08+00:00","breadcrumb":{"@id":"https:\/\/shop.bantam.ch\/de\/produkt\/stuhl-small-van-chair\/#breadcrumb"},"inLanguage":"de","potentialAction":[{"@type":"ReadAction","target":["https:\/\/shop.bantam.ch\/de\/produkt\/stuhl-small-van-chair\/"]}]},{"@type":"ImageObject","inLanguage":"de","@id":"https:\/\/shop.bantam.ch\/de\/produkt\/stuhl-small-van-chair\/#primaryimage","url":"https:\/\/shop.bantam.ch\/wp-content\/uploads\/2026\/01\/Movera-L-9964214100.jpg","contentUrl":"https:\/\/shop.bantam.ch\/wp-content\/uploads\/2026\/01\/Movera-L-9964214100.jpg","width":640,"height":453},{"@type":"BreadcrumbList","@id":"https:\/\/shop.bantam.ch\/de\/produkt\/stuhl-small-van-chair\/#breadcrumb","itemListElement":[{"@type":"ListItem","position":1,"name":"Accueil","item":"https:\/\/shop.bantam.ch\/de\/"},{"@type":"ListItem","position":2,"name":"Shop","item":"https:\/\/shop.bantam.ch\/de\/shop\/"},{"@type":"ListItem","position":3,"name":"Stuhl Small Van Chair"}]},{"@type":"WebSite","@id":"https:\/\/shop.bantam.ch\/de\/#website","url":"https:\/\/shop.bantam.ch\/de\/","name":"Bantam Camping AG","description":"","publisher":{"@id":"https:\/\/shop.bantam.ch\/de\/#organization"},"inLanguage":"de"},{"@type":"Organization","@id":"https:\/\/shop.bantam.ch\/de\/#organization","name":"Bantam Camping AG","url":"https:\/\/shop.bantam.ch\/de\/","logo":{"@type":"ImageObject","inLanguage":"de","@id":"https:\/\/shop.bantam.ch\/de\/#\/schema\/logo\/image\/","url":"https:\/\/shop.bantam.ch\/wp-content\/uploads\/2022\/12\/bantam-logo.png","contentUrl":"https:\/\/shop.bantam.ch\/wp-content\/uploads\/2022\/12\/bantam-logo.png","width":320,"height":71,"caption":"Bantam Camping AG"},"image":{"@id":"https:\/\/shop.bantam.ch\/de\/#\/schema\/logo\/image\/"}}]}},"_links":{"self":[{"href":"https:\/\/shop.bantam.ch\/de\/wp-json\/wp\/v2\/product\/228622","targetHints":{"allow":["GET"]}}],"collection":[{"href":"https:\/\/shop.bantam.ch\/de\/wp-json\/wp\/v2\/product"}],"about":[{"href":"https:\/\/shop.bantam.ch\/de\/wp-json\/wp\/v2\/types\/product"}],"wp:featuredmedia":[{"embeddable":true,"href":"https:\/\/shop.bantam.ch\/de\/wp-json\/wp\/v2\/media\/228620"}],"wp:attachment":[{"href":"https:\/\/shop.bantam.ch\/de\/wp-json\/wp\/v2\/media?parent=228622"}],"wp:term":[{"taxonomy":"product_featured_cat","embeddable":true,"href":"https:\/\/shop.bantam.ch\/de\/wp-json\/wp\/v2\/product_featured_cat?post=228622"},{"taxonomy":"product_brand","embeddable":true,"href":"https:\/\/shop.bantam.ch\/de\/wp-json\/wp\/v2\/product_brand?post=228622"},{"taxonomy":"product_cat","embeddable":true,"href":"https:\/\/shop.bantam.ch\/de\/wp-json\/wp\/v2\/product_cat?post=228622"},{"taxonomy":"product_tag","embeddable":true,"href":"https:\/\/shop.bantam.ch\/de\/wp-json\/wp\/v2\/product_tag?post=228622"}],"curies":[{"name":"wp","href":"https:\/\/api.w.org\/{rel}","templated":true}]}}