{"id":228560,"date":"2026-01-06T15:56:47","date_gmt":"2026-01-06T14:56:47","guid":{"rendered":"https:\/\/shop.bantam.ch\/produit\/flex-leuchte-h-a-b-a-verona-mit-usb-c-fb-schwarz\/"},"modified":"2026-04-17T23:49:00","modified_gmt":"2026-04-17T21:49:00","slug":"flex-leuchte-h-a-b-a-verona-mit-usb-c-fb-schwarz","status":"publish","type":"product","link":"https:\/\/shop.bantam.ch\/de\/produkt\/flex-leuchte-h-a-b-a-verona-mit-usb-c-fb-schwarz\/","title":{"rendered":"Flex-Leuchte H.A.B.A Verona mit USB-C, Fb. schwarz"},"content":{"rendered":"<p><!--StartFragment -->Einer der beliebtesten Aufbau-Spots im HABA-Sortiment: der Verona Flex ist jetzt in einer neuen Version erh\u00e4ltlich. Dieses aktualisierte Modell verf\u00fcgt \u00fcber einen integrierten USB-C Anschluss mit PD 3.0-Technologie f\u00fcr schnelles und effizientes Laden von Smartphone oder Tablet. Mit neutralwei\u00dfem Licht und einer Helligkeit von 150 Lumen ist der Verona Flex sowohl funktional als auch energieeffizient. Der flexible Hals erm\u00f6glicht eine gezielte Ausrichtung des Lichts. Der Abstrahlwinkel von 170\u00b0 sorgt f\u00fcr eine breite und gleichm\u00e4\u00dfige Lichtverteilung. Die Bedienung erfolgt einfach \u00fcber ein Ein-\/Aus- und Touch-Dimmpad auf der R\u00fcckseite des Lampenkopfes.<!--EndFragment --><\/p>\n","protected":false},"excerpt":{"rendered":"<p>Einer der beliebtesten Aufbau-Spots im HABA-Sortiment: der Verona Flex ist jetzt in einer neuen Version erh\u00e4ltlich. Dieses aktualisierte Modell verf\u00fcgt \u00fcber einen integrierten USB-C Anschluss mit PD 3.0-Technologie f\u00fcr schnelles und effizientes Laden von Smartphone oder Tablet. Mit neutralwei\u00dfem Licht und einer Helligkeit von 150 Lumen ist der Verona Flex sowohl funktional als auch energieeffizient. [&hellip;]<\/p>\n","protected":false},"featured_media":228554,"template":"","meta":{"_acf_changed":false},"product_featured_cat":[],"product_brand":[],"product_cat":[4888],"product_tag":[],"class_list":{"0":"post-228560","1":"product","2":"type-product","3":"status-publish","4":"has-post-thumbnail","6":"product_cat-cockpitleuchten","8":"first","9":"instock","10":"taxable","11":"shipping-taxable","12":"purchasable","13":"product-type-simple"},"acf":[],"yoast_head":"<!-- This site is optimized with the Yoast SEO plugin v27.4 - https:\/\/yoast.com\/product\/yoast-seo-wordpress\/ -->\n<title>Flex-Leuchte H.A.B.A Verona mit USB-C, Fb. schwarz - Bantam Camping AG<\/title>\n<meta name=\"robots\" content=\"index, follow, max-snippet:-1, max-image-preview:large, max-video-preview:-1\" \/>\n<link rel=\"canonical\" href=\"https:\/\/shop.bantam.ch\/de\/produkt\/flex-leuchte-h-a-b-a-verona-mit-usb-c-fb-schwarz\/\" \/>\n<meta property=\"og:locale\" content=\"de_DE\" \/>\n<meta property=\"og:type\" content=\"article\" \/>\n<meta property=\"og:title\" content=\"Flex-Leuchte H.A.B.A Verona mit USB-C, Fb. schwarz - Bantam Camping AG\" \/>\n<meta property=\"og:description\" content=\"Einer der beliebtesten Aufbau-Spots im HABA-Sortiment: der Verona Flex ist jetzt in einer neuen Version erh\u00e4ltlich. Dieses aktualisierte Modell verf\u00fcgt \u00fcber einen integrierten USB-C Anschluss mit PD 3.0-Technologie f\u00fcr schnelles und effizientes Laden von Smartphone oder Tablet. Mit neutralwei\u00dfem Licht und einer Helligkeit von 150 Lumen ist der Verona Flex sowohl funktional als auch energieeffizient. [&hellip;]\" \/>\n<meta property=\"og:url\" content=\"https:\/\/shop.bantam.ch\/de\/produkt\/flex-leuchte-h-a-b-a-verona-mit-usb-c-fb-schwarz\/\" \/>\n<meta property=\"og:site_name\" content=\"Bantam Camping AG\" \/>\n<meta property=\"article:modified_time\" content=\"2026-04-17T21:49:00+00:00\" \/>\n<meta name=\"twitter:card\" content=\"summary_large_image\" \/>\n<script type=\"application\/ld+json\" class=\"yoast-schema-graph\">{\"@context\":\"https:\\\/\\\/schema.org\",\"@graph\":[{\"@type\":\"WebPage\",\"@id\":\"https:\\\/\\\/shop.bantam.ch\\\/de\\\/produkt\\\/flex-leuchte-h-a-b-a-verona-mit-usb-c-fb-schwarz\\\/\",\"url\":\"https:\\\/\\\/shop.bantam.ch\\\/de\\\/produkt\\\/flex-leuchte-h-a-b-a-verona-mit-usb-c-fb-schwarz\\\/\",\"name\":\"Flex-Leuchte H.A.B.A Verona mit USB-C, Fb. schwarz - Bantam Camping AG\",\"isPartOf\":{\"@id\":\"https:\\\/\\\/shop.bantam.ch\\\/de\\\/#website\"},\"primaryImageOfPage\":{\"@id\":\"https:\\\/\\\/shop.bantam.ch\\\/de\\\/produkt\\\/flex-leuchte-h-a-b-a-verona-mit-usb-c-fb-schwarz\\\/#primaryimage\"},\"image\":{\"@id\":\"https:\\\/\\\/shop.bantam.ch\\\/de\\\/produkt\\\/flex-leuchte-h-a-b-a-verona-mit-usb-c-fb-schwarz\\\/#primaryimage\"},\"thumbnailUrl\":\"https:\\\/\\\/shop.bantam.ch\\\/wp-content\\\/uploads\\\/2026\\\/01\\\/Movera-L-9964196100.jpg\",\"datePublished\":\"2026-01-06T14:56:47+00:00\",\"dateModified\":\"2026-04-17T21:49:00+00:00\",\"breadcrumb\":{\"@id\":\"https:\\\/\\\/shop.bantam.ch\\\/de\\\/produkt\\\/flex-leuchte-h-a-b-a-verona-mit-usb-c-fb-schwarz\\\/#breadcrumb\"},\"inLanguage\":\"de\",\"potentialAction\":[{\"@type\":\"ReadAction\",\"target\":[\"https:\\\/\\\/shop.bantam.ch\\\/de\\\/produkt\\\/flex-leuchte-h-a-b-a-verona-mit-usb-c-fb-schwarz\\\/\"]}]},{\"@type\":\"ImageObject\",\"inLanguage\":\"de\",\"@id\":\"https:\\\/\\\/shop.bantam.ch\\\/de\\\/produkt\\\/flex-leuchte-h-a-b-a-verona-mit-usb-c-fb-schwarz\\\/#primaryimage\",\"url\":\"https:\\\/\\\/shop.bantam.ch\\\/wp-content\\\/uploads\\\/2026\\\/01\\\/Movera-L-9964196100.jpg\",\"contentUrl\":\"https:\\\/\\\/shop.bantam.ch\\\/wp-content\\\/uploads\\\/2026\\\/01\\\/Movera-L-9964196100.jpg\",\"width\":640,\"height\":828},{\"@type\":\"BreadcrumbList\",\"@id\":\"https:\\\/\\\/shop.bantam.ch\\\/de\\\/produkt\\\/flex-leuchte-h-a-b-a-verona-mit-usb-c-fb-schwarz\\\/#breadcrumb\",\"itemListElement\":[{\"@type\":\"ListItem\",\"position\":1,\"name\":\"Accueil\",\"item\":\"https:\\\/\\\/shop.bantam.ch\\\/de\\\/\"},{\"@type\":\"ListItem\",\"position\":2,\"name\":\"Shop\",\"item\":\"https:\\\/\\\/shop.bantam.ch\\\/de\\\/shop\\\/\"},{\"@type\":\"ListItem\",\"position\":3,\"name\":\"Flex-Leuchte H.A.B.A Verona mit USB-C, Fb. schwarz\"}]},{\"@type\":\"WebSite\",\"@id\":\"https:\\\/\\\/shop.bantam.ch\\\/de\\\/#website\",\"url\":\"https:\\\/\\\/shop.bantam.ch\\\/de\\\/\",\"name\":\"Bantam Camping AG\",\"description\":\"\",\"publisher\":{\"@id\":\"https:\\\/\\\/shop.bantam.ch\\\/de\\\/#organization\"},\"inLanguage\":\"de\"},{\"@type\":\"Organization\",\"@id\":\"https:\\\/\\\/shop.bantam.ch\\\/de\\\/#organization\",\"name\":\"Bantam Camping AG\",\"url\":\"https:\\\/\\\/shop.bantam.ch\\\/de\\\/\",\"logo\":{\"@type\":\"ImageObject\",\"inLanguage\":\"de\",\"@id\":\"https:\\\/\\\/shop.bantam.ch\\\/de\\\/#\\\/schema\\\/logo\\\/image\\\/\",\"url\":\"https:\\\/\\\/shop.bantam.ch\\\/wp-content\\\/uploads\\\/2022\\\/12\\\/bantam-logo.png\",\"contentUrl\":\"https:\\\/\\\/shop.bantam.ch\\\/wp-content\\\/uploads\\\/2022\\\/12\\\/bantam-logo.png\",\"width\":320,\"height\":71,\"caption\":\"Bantam Camping AG\"},\"image\":{\"@id\":\"https:\\\/\\\/shop.bantam.ch\\\/de\\\/#\\\/schema\\\/logo\\\/image\\\/\"}}]}<\/script>\n<!-- \/ Yoast SEO plugin. -->","yoast_head_json":{"title":"Flex-Leuchte H.A.B.A Verona mit USB-C, Fb. schwarz - Bantam Camping AG","robots":{"index":"index","follow":"follow","max-snippet":"max-snippet:-1","max-image-preview":"max-image-preview:large","max-video-preview":"max-video-preview:-1"},"canonical":"https:\/\/shop.bantam.ch\/de\/produkt\/flex-leuchte-h-a-b-a-verona-mit-usb-c-fb-schwarz\/","og_locale":"de_DE","og_type":"article","og_title":"Flex-Leuchte H.A.B.A Verona mit USB-C, Fb. schwarz - Bantam Camping AG","og_description":"Einer der beliebtesten Aufbau-Spots im HABA-Sortiment: der Verona Flex ist jetzt in einer neuen Version erh\u00e4ltlich. Dieses aktualisierte Modell verf\u00fcgt \u00fcber einen integrierten USB-C Anschluss mit PD 3.0-Technologie f\u00fcr schnelles und effizientes Laden von Smartphone oder Tablet. Mit neutralwei\u00dfem Licht und einer Helligkeit von 150 Lumen ist der Verona Flex sowohl funktional als auch energieeffizient. [&hellip;]","og_url":"https:\/\/shop.bantam.ch\/de\/produkt\/flex-leuchte-h-a-b-a-verona-mit-usb-c-fb-schwarz\/","og_site_name":"Bantam Camping AG","article_modified_time":"2026-04-17T21:49:00+00:00","twitter_card":"summary_large_image","schema":{"@context":"https:\/\/schema.org","@graph":[{"@type":"WebPage","@id":"https:\/\/shop.bantam.ch\/de\/produkt\/flex-leuchte-h-a-b-a-verona-mit-usb-c-fb-schwarz\/","url":"https:\/\/shop.bantam.ch\/de\/produkt\/flex-leuchte-h-a-b-a-verona-mit-usb-c-fb-schwarz\/","name":"Flex-Leuchte H.A.B.A Verona mit USB-C, Fb. schwarz - Bantam Camping AG","isPartOf":{"@id":"https:\/\/shop.bantam.ch\/de\/#website"},"primaryImageOfPage":{"@id":"https:\/\/shop.bantam.ch\/de\/produkt\/flex-leuchte-h-a-b-a-verona-mit-usb-c-fb-schwarz\/#primaryimage"},"image":{"@id":"https:\/\/shop.bantam.ch\/de\/produkt\/flex-leuchte-h-a-b-a-verona-mit-usb-c-fb-schwarz\/#primaryimage"},"thumbnailUrl":"https:\/\/shop.bantam.ch\/wp-content\/uploads\/2026\/01\/Movera-L-9964196100.jpg","datePublished":"2026-01-06T14:56:47+00:00","dateModified":"2026-04-17T21:49:00+00:00","breadcrumb":{"@id":"https:\/\/shop.bantam.ch\/de\/produkt\/flex-leuchte-h-a-b-a-verona-mit-usb-c-fb-schwarz\/#breadcrumb"},"inLanguage":"de","potentialAction":[{"@type":"ReadAction","target":["https:\/\/shop.bantam.ch\/de\/produkt\/flex-leuchte-h-a-b-a-verona-mit-usb-c-fb-schwarz\/"]}]},{"@type":"ImageObject","inLanguage":"de","@id":"https:\/\/shop.bantam.ch\/de\/produkt\/flex-leuchte-h-a-b-a-verona-mit-usb-c-fb-schwarz\/#primaryimage","url":"https:\/\/shop.bantam.ch\/wp-content\/uploads\/2026\/01\/Movera-L-9964196100.jpg","contentUrl":"https:\/\/shop.bantam.ch\/wp-content\/uploads\/2026\/01\/Movera-L-9964196100.jpg","width":640,"height":828},{"@type":"BreadcrumbList","@id":"https:\/\/shop.bantam.ch\/de\/produkt\/flex-leuchte-h-a-b-a-verona-mit-usb-c-fb-schwarz\/#breadcrumb","itemListElement":[{"@type":"ListItem","position":1,"name":"Accueil","item":"https:\/\/shop.bantam.ch\/de\/"},{"@type":"ListItem","position":2,"name":"Shop","item":"https:\/\/shop.bantam.ch\/de\/shop\/"},{"@type":"ListItem","position":3,"name":"Flex-Leuchte H.A.B.A Verona mit USB-C, Fb. schwarz"}]},{"@type":"WebSite","@id":"https:\/\/shop.bantam.ch\/de\/#website","url":"https:\/\/shop.bantam.ch\/de\/","name":"Bantam Camping AG","description":"","publisher":{"@id":"https:\/\/shop.bantam.ch\/de\/#organization"},"inLanguage":"de"},{"@type":"Organization","@id":"https:\/\/shop.bantam.ch\/de\/#organization","name":"Bantam Camping AG","url":"https:\/\/shop.bantam.ch\/de\/","logo":{"@type":"ImageObject","inLanguage":"de","@id":"https:\/\/shop.bantam.ch\/de\/#\/schema\/logo\/image\/","url":"https:\/\/shop.bantam.ch\/wp-content\/uploads\/2022\/12\/bantam-logo.png","contentUrl":"https:\/\/shop.bantam.ch\/wp-content\/uploads\/2022\/12\/bantam-logo.png","width":320,"height":71,"caption":"Bantam Camping AG"},"image":{"@id":"https:\/\/shop.bantam.ch\/de\/#\/schema\/logo\/image\/"}}]}},"_links":{"self":[{"href":"https:\/\/shop.bantam.ch\/de\/wp-json\/wp\/v2\/product\/228560","targetHints":{"allow":["GET"]}}],"collection":[{"href":"https:\/\/shop.bantam.ch\/de\/wp-json\/wp\/v2\/product"}],"about":[{"href":"https:\/\/shop.bantam.ch\/de\/wp-json\/wp\/v2\/types\/product"}],"wp:featuredmedia":[{"embeddable":true,"href":"https:\/\/shop.bantam.ch\/de\/wp-json\/wp\/v2\/media\/228554"}],"wp:attachment":[{"href":"https:\/\/shop.bantam.ch\/de\/wp-json\/wp\/v2\/media?parent=228560"}],"wp:term":[{"taxonomy":"product_featured_cat","embeddable":true,"href":"https:\/\/shop.bantam.ch\/de\/wp-json\/wp\/v2\/product_featured_cat?post=228560"},{"taxonomy":"product_brand","embeddable":true,"href":"https:\/\/shop.bantam.ch\/de\/wp-json\/wp\/v2\/product_brand?post=228560"},{"taxonomy":"product_cat","embeddable":true,"href":"https:\/\/shop.bantam.ch\/de\/wp-json\/wp\/v2\/product_cat?post=228560"},{"taxonomy":"product_tag","embeddable":true,"href":"https:\/\/shop.bantam.ch\/de\/wp-json\/wp\/v2\/product_tag?post=228560"}],"curies":[{"name":"wp","href":"https:\/\/api.w.org\/{rel}","templated":true}]}}