{"id":228531,"date":"2026-01-06T15:55:52","date_gmt":"2026-01-06T14:55:52","guid":{"rendered":"https:\/\/shop.bantam.ch\/produit\/tli-premium-batterie\/"},"modified":"2026-04-18T02:26:32","modified_gmt":"2026-04-18T00:26:32","slug":"tli-premium-batterie","status":"publish","type":"product","link":"https:\/\/shop.bantam.ch\/de\/produkt\/tli-premium-batterie\/","title":{"rendered":"TLI Premium Batterie"},"content":{"rendered":"<p><!--StartFragment --><\/p>\n<p>Die (professionellen) Batterien TLI Premium unterscheiden sich von anderen am Markt vorhandenen Lithium-Batterien durch ihre hohe Energiedichte: Bei gleichem Gewicht und gleicher Gr\u00f6\u00dfe speichern sie eine wesentlich h\u00f6here Energiemenge.<\/p>\n<p>Die Batterien TLI Premium enthalten ein hochentwickeltes \u201eBattery Management System\u201c (BMS), das die Spannung jeder Zelle sowohl w\u00e4hrend der Auflade- als auch w\u00e4hrend der Entladephase steuert und somit ihre Lebensdauer erh\u00f6ht. Das BMS gew\u00e4hrleistet ebenfalls den Schutz vor Ausf\u00e4llen durch hohe Temperaturen, \u00dcberlastungen und zu tiefe Entladungen.<\/p>\n<p>Es k\u00f6nnen bis zu 2 Batterien in Reihe und 3 parallel (mit gleicher Kapazit\u00e4t) geschaltet werden.<\/p>\n<ul>\n<li>Lithium-Ionen-Eisenphosphat-Technologie<\/li>\n<li>3 verschiedene Kapazit\u00e4ten in einer Geh\u00e4usegr\u00f6\u00dfe erh\u00e4ltlich<\/li>\n<li>Modernes BMS mit CANBUS, CI-BUS und Wireless Kommunikation<\/li>\n<li>Integriertes Halbleiter-Sicherheitsausl\u00f6ser-Relais<\/li>\n<li>Lagerfunktion<\/li>\n<li>Optional mit Bedienteil erh\u00e4tlich<\/li>\n<\/ul>\n<p><!--EndFragment --><\/p>\n","protected":false},"excerpt":{"rendered":"<p>Die (professionellen) Batterien TLI Premium unterscheiden sich von anderen am Markt vorhandenen Lithium-Batterien durch ihre hohe Energiedichte: Bei gleichem Gewicht und gleicher Gr\u00f6\u00dfe speichern sie eine wesentlich h\u00f6here Energiemenge. Die Batterien TLI Premium enthalten ein hochentwickeltes \u201eBattery Management System\u201c (BMS), das die Spannung jeder Zelle sowohl w\u00e4hrend der Auflade- als auch w\u00e4hrend der Entladephase steuert [&hellip;]<\/p>\n","protected":false},"featured_media":228526,"template":"","meta":{"_acf_changed":false},"product_featured_cat":[],"product_brand":[],"product_cat":[4904],"product_tag":[],"class_list":{"0":"post-228531","1":"product","2":"type-product","3":"status-publish","4":"has-post-thumbnail","6":"product_cat-bordbatterien","8":"first","9":"instock","10":"taxable","11":"shipping-taxable","12":"purchasable","13":"product-type-variable"},"acf":[],"yoast_head":"<!-- This site is optimized with the Yoast SEO plugin v27.4 - https:\/\/yoast.com\/product\/yoast-seo-wordpress\/ -->\n<title>TLI Premium Batterie - Bantam Camping AG<\/title>\n<meta name=\"robots\" content=\"index, follow, max-snippet:-1, max-image-preview:large, max-video-preview:-1\" \/>\n<link rel=\"canonical\" href=\"https:\/\/shop.bantam.ch\/de\/produkt\/tli-premium-batterie\/\" \/>\n<meta property=\"og:locale\" content=\"de_DE\" \/>\n<meta property=\"og:type\" content=\"article\" \/>\n<meta property=\"og:title\" content=\"TLI Premium Batterie - Bantam Camping AG\" \/>\n<meta property=\"og:description\" content=\"Die (professionellen) Batterien TLI Premium unterscheiden sich von anderen am Markt vorhandenen Lithium-Batterien durch ihre hohe Energiedichte: Bei gleichem Gewicht und gleicher Gr\u00f6\u00dfe speichern sie eine wesentlich h\u00f6here Energiemenge. Die Batterien TLI Premium enthalten ein hochentwickeltes \u201eBattery Management System\u201c (BMS), das die Spannung jeder Zelle sowohl w\u00e4hrend der Auflade- als auch w\u00e4hrend der Entladephase steuert [&hellip;]\" \/>\n<meta property=\"og:url\" content=\"https:\/\/shop.bantam.ch\/de\/produkt\/tli-premium-batterie\/\" \/>\n<meta property=\"og:site_name\" content=\"Bantam Camping AG\" \/>\n<meta property=\"article:modified_time\" content=\"2026-04-18T00:26:32+00:00\" \/>\n<meta name=\"twitter:card\" content=\"summary_large_image\" \/>\n<meta name=\"twitter:label1\" content=\"Gesch\u00e4tzte Lesezeit\" \/>\n\t<meta name=\"twitter:data1\" content=\"1\u00a0Minute\" \/>\n<script type=\"application\/ld+json\" class=\"yoast-schema-graph\">{\"@context\":\"https:\\\/\\\/schema.org\",\"@graph\":[{\"@type\":\"WebPage\",\"@id\":\"https:\\\/\\\/shop.bantam.ch\\\/de\\\/produkt\\\/tli-premium-batterie\\\/\",\"url\":\"https:\\\/\\\/shop.bantam.ch\\\/de\\\/produkt\\\/tli-premium-batterie\\\/\",\"name\":\"TLI Premium Batterie - Bantam Camping AG\",\"isPartOf\":{\"@id\":\"https:\\\/\\\/shop.bantam.ch\\\/de\\\/#website\"},\"primaryImageOfPage\":{\"@id\":\"https:\\\/\\\/shop.bantam.ch\\\/de\\\/produkt\\\/tli-premium-batterie\\\/#primaryimage\"},\"image\":{\"@id\":\"https:\\\/\\\/shop.bantam.ch\\\/de\\\/produkt\\\/tli-premium-batterie\\\/#primaryimage\"},\"thumbnailUrl\":\"https:\\\/\\\/shop.bantam.ch\\\/wp-content\\\/uploads\\\/2026\\\/01\\\/Movera-L-0107681100.jpg\",\"datePublished\":\"2026-01-06T14:55:52+00:00\",\"dateModified\":\"2026-04-18T00:26:32+00:00\",\"breadcrumb\":{\"@id\":\"https:\\\/\\\/shop.bantam.ch\\\/de\\\/produkt\\\/tli-premium-batterie\\\/#breadcrumb\"},\"inLanguage\":\"de\",\"potentialAction\":[{\"@type\":\"ReadAction\",\"target\":[\"https:\\\/\\\/shop.bantam.ch\\\/de\\\/produkt\\\/tli-premium-batterie\\\/\"]}]},{\"@type\":\"ImageObject\",\"inLanguage\":\"de\",\"@id\":\"https:\\\/\\\/shop.bantam.ch\\\/de\\\/produkt\\\/tli-premium-batterie\\\/#primaryimage\",\"url\":\"https:\\\/\\\/shop.bantam.ch\\\/wp-content\\\/uploads\\\/2026\\\/01\\\/Movera-L-0107681100.jpg\",\"contentUrl\":\"https:\\\/\\\/shop.bantam.ch\\\/wp-content\\\/uploads\\\/2026\\\/01\\\/Movera-L-0107681100.jpg\",\"width\":640,\"height\":485},{\"@type\":\"BreadcrumbList\",\"@id\":\"https:\\\/\\\/shop.bantam.ch\\\/de\\\/produkt\\\/tli-premium-batterie\\\/#breadcrumb\",\"itemListElement\":[{\"@type\":\"ListItem\",\"position\":1,\"name\":\"Accueil\",\"item\":\"https:\\\/\\\/shop.bantam.ch\\\/de\\\/\"},{\"@type\":\"ListItem\",\"position\":2,\"name\":\"Shop\",\"item\":\"https:\\\/\\\/shop.bantam.ch\\\/de\\\/shop\\\/\"},{\"@type\":\"ListItem\",\"position\":3,\"name\":\"TLI Premium Batterie\"}]},{\"@type\":\"WebSite\",\"@id\":\"https:\\\/\\\/shop.bantam.ch\\\/de\\\/#website\",\"url\":\"https:\\\/\\\/shop.bantam.ch\\\/de\\\/\",\"name\":\"Bantam Camping AG\",\"description\":\"\",\"publisher\":{\"@id\":\"https:\\\/\\\/shop.bantam.ch\\\/de\\\/#organization\"},\"inLanguage\":\"de\"},{\"@type\":\"Organization\",\"@id\":\"https:\\\/\\\/shop.bantam.ch\\\/de\\\/#organization\",\"name\":\"Bantam Camping AG\",\"url\":\"https:\\\/\\\/shop.bantam.ch\\\/de\\\/\",\"logo\":{\"@type\":\"ImageObject\",\"inLanguage\":\"de\",\"@id\":\"https:\\\/\\\/shop.bantam.ch\\\/de\\\/#\\\/schema\\\/logo\\\/image\\\/\",\"url\":\"https:\\\/\\\/shop.bantam.ch\\\/wp-content\\\/uploads\\\/2022\\\/12\\\/bantam-logo.png\",\"contentUrl\":\"https:\\\/\\\/shop.bantam.ch\\\/wp-content\\\/uploads\\\/2022\\\/12\\\/bantam-logo.png\",\"width\":320,\"height\":71,\"caption\":\"Bantam Camping AG\"},\"image\":{\"@id\":\"https:\\\/\\\/shop.bantam.ch\\\/de\\\/#\\\/schema\\\/logo\\\/image\\\/\"}}]}<\/script>\n<!-- \/ Yoast SEO plugin. -->","yoast_head_json":{"title":"TLI Premium Batterie - Bantam Camping AG","robots":{"index":"index","follow":"follow","max-snippet":"max-snippet:-1","max-image-preview":"max-image-preview:large","max-video-preview":"max-video-preview:-1"},"canonical":"https:\/\/shop.bantam.ch\/de\/produkt\/tli-premium-batterie\/","og_locale":"de_DE","og_type":"article","og_title":"TLI Premium Batterie - Bantam Camping AG","og_description":"Die (professionellen) Batterien TLI Premium unterscheiden sich von anderen am Markt vorhandenen Lithium-Batterien durch ihre hohe Energiedichte: Bei gleichem Gewicht und gleicher Gr\u00f6\u00dfe speichern sie eine wesentlich h\u00f6here Energiemenge. Die Batterien TLI Premium enthalten ein hochentwickeltes \u201eBattery Management System\u201c (BMS), das die Spannung jeder Zelle sowohl w\u00e4hrend der Auflade- als auch w\u00e4hrend der Entladephase steuert [&hellip;]","og_url":"https:\/\/shop.bantam.ch\/de\/produkt\/tli-premium-batterie\/","og_site_name":"Bantam Camping AG","article_modified_time":"2026-04-18T00:26:32+00:00","twitter_card":"summary_large_image","twitter_misc":{"Gesch\u00e4tzte Lesezeit":"1\u00a0Minute"},"schema":{"@context":"https:\/\/schema.org","@graph":[{"@type":"WebPage","@id":"https:\/\/shop.bantam.ch\/de\/produkt\/tli-premium-batterie\/","url":"https:\/\/shop.bantam.ch\/de\/produkt\/tli-premium-batterie\/","name":"TLI Premium Batterie - Bantam Camping AG","isPartOf":{"@id":"https:\/\/shop.bantam.ch\/de\/#website"},"primaryImageOfPage":{"@id":"https:\/\/shop.bantam.ch\/de\/produkt\/tli-premium-batterie\/#primaryimage"},"image":{"@id":"https:\/\/shop.bantam.ch\/de\/produkt\/tli-premium-batterie\/#primaryimage"},"thumbnailUrl":"https:\/\/shop.bantam.ch\/wp-content\/uploads\/2026\/01\/Movera-L-0107681100.jpg","datePublished":"2026-01-06T14:55:52+00:00","dateModified":"2026-04-18T00:26:32+00:00","breadcrumb":{"@id":"https:\/\/shop.bantam.ch\/de\/produkt\/tli-premium-batterie\/#breadcrumb"},"inLanguage":"de","potentialAction":[{"@type":"ReadAction","target":["https:\/\/shop.bantam.ch\/de\/produkt\/tli-premium-batterie\/"]}]},{"@type":"ImageObject","inLanguage":"de","@id":"https:\/\/shop.bantam.ch\/de\/produkt\/tli-premium-batterie\/#primaryimage","url":"https:\/\/shop.bantam.ch\/wp-content\/uploads\/2026\/01\/Movera-L-0107681100.jpg","contentUrl":"https:\/\/shop.bantam.ch\/wp-content\/uploads\/2026\/01\/Movera-L-0107681100.jpg","width":640,"height":485},{"@type":"BreadcrumbList","@id":"https:\/\/shop.bantam.ch\/de\/produkt\/tli-premium-batterie\/#breadcrumb","itemListElement":[{"@type":"ListItem","position":1,"name":"Accueil","item":"https:\/\/shop.bantam.ch\/de\/"},{"@type":"ListItem","position":2,"name":"Shop","item":"https:\/\/shop.bantam.ch\/de\/shop\/"},{"@type":"ListItem","position":3,"name":"TLI Premium Batterie"}]},{"@type":"WebSite","@id":"https:\/\/shop.bantam.ch\/de\/#website","url":"https:\/\/shop.bantam.ch\/de\/","name":"Bantam Camping AG","description":"","publisher":{"@id":"https:\/\/shop.bantam.ch\/de\/#organization"},"inLanguage":"de"},{"@type":"Organization","@id":"https:\/\/shop.bantam.ch\/de\/#organization","name":"Bantam Camping AG","url":"https:\/\/shop.bantam.ch\/de\/","logo":{"@type":"ImageObject","inLanguage":"de","@id":"https:\/\/shop.bantam.ch\/de\/#\/schema\/logo\/image\/","url":"https:\/\/shop.bantam.ch\/wp-content\/uploads\/2022\/12\/bantam-logo.png","contentUrl":"https:\/\/shop.bantam.ch\/wp-content\/uploads\/2022\/12\/bantam-logo.png","width":320,"height":71,"caption":"Bantam Camping AG"},"image":{"@id":"https:\/\/shop.bantam.ch\/de\/#\/schema\/logo\/image\/"}}]}},"_links":{"self":[{"href":"https:\/\/shop.bantam.ch\/de\/wp-json\/wp\/v2\/product\/228531","targetHints":{"allow":["GET"]}}],"collection":[{"href":"https:\/\/shop.bantam.ch\/de\/wp-json\/wp\/v2\/product"}],"about":[{"href":"https:\/\/shop.bantam.ch\/de\/wp-json\/wp\/v2\/types\/product"}],"wp:featuredmedia":[{"embeddable":true,"href":"https:\/\/shop.bantam.ch\/de\/wp-json\/wp\/v2\/media\/228526"}],"wp:attachment":[{"href":"https:\/\/shop.bantam.ch\/de\/wp-json\/wp\/v2\/media?parent=228531"}],"wp:term":[{"taxonomy":"product_featured_cat","embeddable":true,"href":"https:\/\/shop.bantam.ch\/de\/wp-json\/wp\/v2\/product_featured_cat?post=228531"},{"taxonomy":"product_brand","embeddable":true,"href":"https:\/\/shop.bantam.ch\/de\/wp-json\/wp\/v2\/product_brand?post=228531"},{"taxonomy":"product_cat","embeddable":true,"href":"https:\/\/shop.bantam.ch\/de\/wp-json\/wp\/v2\/product_cat?post=228531"},{"taxonomy":"product_tag","embeddable":true,"href":"https:\/\/shop.bantam.ch\/de\/wp-json\/wp\/v2\/product_tag?post=228531"}],"curies":[{"name":"wp","href":"https:\/\/api.w.org\/{rel}","templated":true}]}}