{"id":228522,"date":"2026-01-06T15:55:34","date_gmt":"2026-01-06T14:55:34","guid":{"rendered":"https:\/\/shop.bantam.ch\/produit\/pro-inverter-dc-ac-pure-sinus\/"},"modified":"2026-04-19T02:28:09","modified_gmt":"2026-04-19T00:28:09","slug":"pro-inverter-dc-ac-pure-sinus","status":"publish","type":"product","link":"https:\/\/shop.bantam.ch\/de\/produkt\/pro-inverter-dc-ac-pure-sinus\/","title":{"rendered":"Pro Inverter DC AC Pure Sinus"},"content":{"rendered":"<p>Der ALDEN PRO 6 in 1 Inverter liefert 2000 \/ 3000 W Dauerleistung in reiner Sinusqualit\u00e4t \u2013 zuverl\u00e4ssig f\u00fcr empfindliche Elektronik und leistungsstarke Ger\u00e4te.<br \/>\nEin Highlight ist das integrierte 100A \/ 150A Ladeger\u00e4t, regelbar und hocheffizient. Es ist geeignet f\u00fcr Gel-, Blei-S\u00e4ure-, AGM- sowie Lithium-Feststoffbatterien (z. B. LiFePO4) und sorgt f\u00fcr eine schnelle, sichere und schonende Ladung. Die regelbare Landstrombegrenzung erm\u00f6glicht die optimale Nutzung jeder Energiequelle, ohne Sicherungen zu \u00fcberlasten. Mit der ALDEN PRO App behalten Sie jederzeit die volle Kontrolle und \u00fcberwachen den Status in Echtzeit. F\u00fcr h\u00f6chste Sicherheit sorgen \u00dcberlast-, Unterspannungs-, Kurzschluss- und \u00dcberspannungsschutz sowie eine fest integrierte FI-\/RCD-Schutzschaltung. Die Netz-Vorrangschaltung \u00fcbernimmt automatisch die Umschaltung auf externe Versorgung.<br \/>\nAbgerundet wird das Paket durch eine 5-Jahres-Garantie.<\/p>\n<p>&nbsp;<\/p>\n<p>ALDEN PRO \u2013 Energieversorgung wie zuhause, \u00fcberall wo Sie sind. ALDEN PRO 6 in 1 Inverter \u2013 Highlights<\/p>\n<ul>\n<li>2000 W \/ 3000 W Dauerleistung in reiner Sinusqualit\u00e4t \u2013 zuverl\u00e4ssig f\u00fcr empfindliche Elektronik und leistungsstarke Ger\u00e4te<\/li>\n<li>Integriertes 100A \/ 150A Ladeger\u00e4t (regelbar) \u2013 geeignet f\u00fcr Gel-, Blei-S\u00e4ure-, AGM- und Lithium-Feststoffbatterien (z. B. LiFePO4)<\/li>\n<li>Regelbare Landstrombegrenzung \u2013 optimale Nutzung jeder Energiequelle, ohne Sicherungen zu \u00fcberlasten<\/li>\n<li>ALDEN PRO App-Steuerung \u2013 volle Kontrolle, Parameter anpassen und Status in Echtzeit \u00fcberwachen<\/li>\n<li>Umfassende Schutzfunktionen \u2013 Schutz vor \u00dcberlast, Unterspannung, Kurzschluss und \u00dcberspannung<\/li>\n<li>Integrierte FI-\/RCD-Schutzschaltung \u2013 steckerfertig, sicher und vibrationsfest<\/li>\n<li>Netz-Vorrangschaltung \u2013 automatische Umschaltung auf externe Stromversorgung<\/li>\n<li>Externe Bedieneinheit \u2013 im Lieferumfang enthalten, sorgt f\u00fcr zus\u00e4tzlichen Komfort<\/li>\n<li>Hoher Wirkungsgrad \u2013 effizient und zuverl\u00e4ssig auch bei schwachen Stromquellen<\/li>\n<li>5 Jahre Garantie \u2013 f\u00fcr maximale Sicherheit und Vertrauen<\/li>\n<\/ul>\n<p>Lieferumfang:<\/p>\n<p>Inklusive externe Bedieneinheit<\/p>\n","protected":false},"excerpt":{"rendered":"<p>Der ALDEN PRO 6 in 1 Inverter liefert 2000 \/ 3000 W Dauerleistung in reiner Sinusqualit\u00e4t \u2013 zuverl\u00e4ssig f\u00fcr empfindliche Elektronik und leistungsstarke Ger\u00e4te. Ein Highlight ist das integrierte 100A \/ 150A Ladeger\u00e4t, regelbar und hocheffizient. Es ist geeignet f\u00fcr Gel-, Blei-S\u00e4ure-, AGM- sowie Lithium-Feststoffbatterien (z. B. LiFePO4) und sorgt f\u00fcr eine schnelle, sichere und [&hellip;]<\/p>\n","protected":false},"featured_media":228516,"template":"","meta":{"_acf_changed":false},"product_featured_cat":[],"product_brand":[],"product_cat":[4170],"product_tag":[],"class_list":{"0":"post-228522","1":"product","2":"type-product","3":"status-publish","4":"has-post-thumbnail","6":"product_cat-wechselrichter","8":"first","9":"instock","10":"taxable","11":"shipping-taxable","12":"purchasable","13":"product-type-variable"},"acf":[],"yoast_head":"<!-- This site is optimized with the Yoast SEO plugin v27.4 - https:\/\/yoast.com\/product\/yoast-seo-wordpress\/ -->\n<title>Pro Inverter DC AC Pure Sinus - Bantam Camping AG<\/title>\n<meta name=\"robots\" content=\"index, follow, max-snippet:-1, max-image-preview:large, max-video-preview:-1\" \/>\n<link rel=\"canonical\" href=\"https:\/\/shop.bantam.ch\/de\/produkt\/pro-inverter-dc-ac-pure-sinus\/\" \/>\n<meta property=\"og:locale\" content=\"de_DE\" \/>\n<meta property=\"og:type\" content=\"article\" \/>\n<meta property=\"og:title\" content=\"Pro Inverter DC AC Pure Sinus - Bantam Camping AG\" \/>\n<meta property=\"og:description\" content=\"Der ALDEN PRO 6 in 1 Inverter liefert 2000 \/ 3000 W Dauerleistung in reiner Sinusqualit\u00e4t \u2013 zuverl\u00e4ssig f\u00fcr empfindliche Elektronik und leistungsstarke Ger\u00e4te. Ein Highlight ist das integrierte 100A \/ 150A Ladeger\u00e4t, regelbar und hocheffizient. Es ist geeignet f\u00fcr Gel-, Blei-S\u00e4ure-, AGM- sowie Lithium-Feststoffbatterien (z. B. LiFePO4) und sorgt f\u00fcr eine schnelle, sichere und [&hellip;]\" \/>\n<meta property=\"og:url\" content=\"https:\/\/shop.bantam.ch\/de\/produkt\/pro-inverter-dc-ac-pure-sinus\/\" \/>\n<meta property=\"og:site_name\" content=\"Bantam Camping AG\" \/>\n<meta property=\"article:modified_time\" content=\"2026-04-19T00:28:09+00:00\" \/>\n<meta name=\"twitter:card\" content=\"summary_large_image\" \/>\n<meta name=\"twitter:label1\" content=\"Gesch\u00e4tzte Lesezeit\" \/>\n\t<meta name=\"twitter:data1\" content=\"1\u00a0Minute\" \/>\n<script type=\"application\/ld+json\" class=\"yoast-schema-graph\">{\"@context\":\"https:\\\/\\\/schema.org\",\"@graph\":[{\"@type\":\"WebPage\",\"@id\":\"https:\\\/\\\/shop.bantam.ch\\\/de\\\/produkt\\\/pro-inverter-dc-ac-pure-sinus\\\/\",\"url\":\"https:\\\/\\\/shop.bantam.ch\\\/de\\\/produkt\\\/pro-inverter-dc-ac-pure-sinus\\\/\",\"name\":\"Pro Inverter DC AC Pure Sinus - Bantam Camping AG\",\"isPartOf\":{\"@id\":\"https:\\\/\\\/shop.bantam.ch\\\/de\\\/#website\"},\"primaryImageOfPage\":{\"@id\":\"https:\\\/\\\/shop.bantam.ch\\\/de\\\/produkt\\\/pro-inverter-dc-ac-pure-sinus\\\/#primaryimage\"},\"image\":{\"@id\":\"https:\\\/\\\/shop.bantam.ch\\\/de\\\/produkt\\\/pro-inverter-dc-ac-pure-sinus\\\/#primaryimage\"},\"thumbnailUrl\":\"https:\\\/\\\/shop.bantam.ch\\\/wp-content\\\/uploads\\\/2026\\\/01\\\/Movera-L-9964181201.png\",\"datePublished\":\"2026-01-06T14:55:34+00:00\",\"dateModified\":\"2026-04-19T00:28:09+00:00\",\"breadcrumb\":{\"@id\":\"https:\\\/\\\/shop.bantam.ch\\\/de\\\/produkt\\\/pro-inverter-dc-ac-pure-sinus\\\/#breadcrumb\"},\"inLanguage\":\"de\",\"potentialAction\":[{\"@type\":\"ReadAction\",\"target\":[\"https:\\\/\\\/shop.bantam.ch\\\/de\\\/produkt\\\/pro-inverter-dc-ac-pure-sinus\\\/\"]}]},{\"@type\":\"ImageObject\",\"inLanguage\":\"de\",\"@id\":\"https:\\\/\\\/shop.bantam.ch\\\/de\\\/produkt\\\/pro-inverter-dc-ac-pure-sinus\\\/#primaryimage\",\"url\":\"https:\\\/\\\/shop.bantam.ch\\\/wp-content\\\/uploads\\\/2026\\\/01\\\/Movera-L-9964181201.png\",\"contentUrl\":\"https:\\\/\\\/shop.bantam.ch\\\/wp-content\\\/uploads\\\/2026\\\/01\\\/Movera-L-9964181201.png\",\"width\":640,\"height\":406},{\"@type\":\"BreadcrumbList\",\"@id\":\"https:\\\/\\\/shop.bantam.ch\\\/de\\\/produkt\\\/pro-inverter-dc-ac-pure-sinus\\\/#breadcrumb\",\"itemListElement\":[{\"@type\":\"ListItem\",\"position\":1,\"name\":\"Accueil\",\"item\":\"https:\\\/\\\/shop.bantam.ch\\\/de\\\/\"},{\"@type\":\"ListItem\",\"position\":2,\"name\":\"Shop\",\"item\":\"https:\\\/\\\/shop.bantam.ch\\\/de\\\/shop\\\/\"},{\"@type\":\"ListItem\",\"position\":3,\"name\":\"Pro Inverter DC AC Pure Sinus\"}]},{\"@type\":\"WebSite\",\"@id\":\"https:\\\/\\\/shop.bantam.ch\\\/de\\\/#website\",\"url\":\"https:\\\/\\\/shop.bantam.ch\\\/de\\\/\",\"name\":\"Bantam Camping AG\",\"description\":\"\",\"publisher\":{\"@id\":\"https:\\\/\\\/shop.bantam.ch\\\/de\\\/#organization\"},\"inLanguage\":\"de\"},{\"@type\":\"Organization\",\"@id\":\"https:\\\/\\\/shop.bantam.ch\\\/de\\\/#organization\",\"name\":\"Bantam Camping AG\",\"url\":\"https:\\\/\\\/shop.bantam.ch\\\/de\\\/\",\"logo\":{\"@type\":\"ImageObject\",\"inLanguage\":\"de\",\"@id\":\"https:\\\/\\\/shop.bantam.ch\\\/de\\\/#\\\/schema\\\/logo\\\/image\\\/\",\"url\":\"https:\\\/\\\/shop.bantam.ch\\\/wp-content\\\/uploads\\\/2022\\\/12\\\/bantam-logo.png\",\"contentUrl\":\"https:\\\/\\\/shop.bantam.ch\\\/wp-content\\\/uploads\\\/2022\\\/12\\\/bantam-logo.png\",\"width\":320,\"height\":71,\"caption\":\"Bantam Camping AG\"},\"image\":{\"@id\":\"https:\\\/\\\/shop.bantam.ch\\\/de\\\/#\\\/schema\\\/logo\\\/image\\\/\"}}]}<\/script>\n<!-- \/ Yoast SEO plugin. -->","yoast_head_json":{"title":"Pro Inverter DC AC Pure Sinus - Bantam Camping AG","robots":{"index":"index","follow":"follow","max-snippet":"max-snippet:-1","max-image-preview":"max-image-preview:large","max-video-preview":"max-video-preview:-1"},"canonical":"https:\/\/shop.bantam.ch\/de\/produkt\/pro-inverter-dc-ac-pure-sinus\/","og_locale":"de_DE","og_type":"article","og_title":"Pro Inverter DC AC Pure Sinus - Bantam Camping AG","og_description":"Der ALDEN PRO 6 in 1 Inverter liefert 2000 \/ 3000 W Dauerleistung in reiner Sinusqualit\u00e4t \u2013 zuverl\u00e4ssig f\u00fcr empfindliche Elektronik und leistungsstarke Ger\u00e4te. Ein Highlight ist das integrierte 100A \/ 150A Ladeger\u00e4t, regelbar und hocheffizient. Es ist geeignet f\u00fcr Gel-, Blei-S\u00e4ure-, AGM- sowie Lithium-Feststoffbatterien (z. B. LiFePO4) und sorgt f\u00fcr eine schnelle, sichere und [&hellip;]","og_url":"https:\/\/shop.bantam.ch\/de\/produkt\/pro-inverter-dc-ac-pure-sinus\/","og_site_name":"Bantam Camping AG","article_modified_time":"2026-04-19T00:28:09+00:00","twitter_card":"summary_large_image","twitter_misc":{"Gesch\u00e4tzte Lesezeit":"1\u00a0Minute"},"schema":{"@context":"https:\/\/schema.org","@graph":[{"@type":"WebPage","@id":"https:\/\/shop.bantam.ch\/de\/produkt\/pro-inverter-dc-ac-pure-sinus\/","url":"https:\/\/shop.bantam.ch\/de\/produkt\/pro-inverter-dc-ac-pure-sinus\/","name":"Pro Inverter DC AC Pure Sinus - Bantam Camping AG","isPartOf":{"@id":"https:\/\/shop.bantam.ch\/de\/#website"},"primaryImageOfPage":{"@id":"https:\/\/shop.bantam.ch\/de\/produkt\/pro-inverter-dc-ac-pure-sinus\/#primaryimage"},"image":{"@id":"https:\/\/shop.bantam.ch\/de\/produkt\/pro-inverter-dc-ac-pure-sinus\/#primaryimage"},"thumbnailUrl":"https:\/\/shop.bantam.ch\/wp-content\/uploads\/2026\/01\/Movera-L-9964181201.png","datePublished":"2026-01-06T14:55:34+00:00","dateModified":"2026-04-19T00:28:09+00:00","breadcrumb":{"@id":"https:\/\/shop.bantam.ch\/de\/produkt\/pro-inverter-dc-ac-pure-sinus\/#breadcrumb"},"inLanguage":"de","potentialAction":[{"@type":"ReadAction","target":["https:\/\/shop.bantam.ch\/de\/produkt\/pro-inverter-dc-ac-pure-sinus\/"]}]},{"@type":"ImageObject","inLanguage":"de","@id":"https:\/\/shop.bantam.ch\/de\/produkt\/pro-inverter-dc-ac-pure-sinus\/#primaryimage","url":"https:\/\/shop.bantam.ch\/wp-content\/uploads\/2026\/01\/Movera-L-9964181201.png","contentUrl":"https:\/\/shop.bantam.ch\/wp-content\/uploads\/2026\/01\/Movera-L-9964181201.png","width":640,"height":406},{"@type":"BreadcrumbList","@id":"https:\/\/shop.bantam.ch\/de\/produkt\/pro-inverter-dc-ac-pure-sinus\/#breadcrumb","itemListElement":[{"@type":"ListItem","position":1,"name":"Accueil","item":"https:\/\/shop.bantam.ch\/de\/"},{"@type":"ListItem","position":2,"name":"Shop","item":"https:\/\/shop.bantam.ch\/de\/shop\/"},{"@type":"ListItem","position":3,"name":"Pro Inverter DC AC Pure Sinus"}]},{"@type":"WebSite","@id":"https:\/\/shop.bantam.ch\/de\/#website","url":"https:\/\/shop.bantam.ch\/de\/","name":"Bantam Camping AG","description":"","publisher":{"@id":"https:\/\/shop.bantam.ch\/de\/#organization"},"inLanguage":"de"},{"@type":"Organization","@id":"https:\/\/shop.bantam.ch\/de\/#organization","name":"Bantam Camping AG","url":"https:\/\/shop.bantam.ch\/de\/","logo":{"@type":"ImageObject","inLanguage":"de","@id":"https:\/\/shop.bantam.ch\/de\/#\/schema\/logo\/image\/","url":"https:\/\/shop.bantam.ch\/wp-content\/uploads\/2022\/12\/bantam-logo.png","contentUrl":"https:\/\/shop.bantam.ch\/wp-content\/uploads\/2022\/12\/bantam-logo.png","width":320,"height":71,"caption":"Bantam Camping AG"},"image":{"@id":"https:\/\/shop.bantam.ch\/de\/#\/schema\/logo\/image\/"}}]}},"_links":{"self":[{"href":"https:\/\/shop.bantam.ch\/de\/wp-json\/wp\/v2\/product\/228522","targetHints":{"allow":["GET"]}}],"collection":[{"href":"https:\/\/shop.bantam.ch\/de\/wp-json\/wp\/v2\/product"}],"about":[{"href":"https:\/\/shop.bantam.ch\/de\/wp-json\/wp\/v2\/types\/product"}],"wp:featuredmedia":[{"embeddable":true,"href":"https:\/\/shop.bantam.ch\/de\/wp-json\/wp\/v2\/media\/228516"}],"wp:attachment":[{"href":"https:\/\/shop.bantam.ch\/de\/wp-json\/wp\/v2\/media?parent=228522"}],"wp:term":[{"taxonomy":"product_featured_cat","embeddable":true,"href":"https:\/\/shop.bantam.ch\/de\/wp-json\/wp\/v2\/product_featured_cat?post=228522"},{"taxonomy":"product_brand","embeddable":true,"href":"https:\/\/shop.bantam.ch\/de\/wp-json\/wp\/v2\/product_brand?post=228522"},{"taxonomy":"product_cat","embeddable":true,"href":"https:\/\/shop.bantam.ch\/de\/wp-json\/wp\/v2\/product_cat?post=228522"},{"taxonomy":"product_tag","embeddable":true,"href":"https:\/\/shop.bantam.ch\/de\/wp-json\/wp\/v2\/product_tag?post=228522"}],"curies":[{"name":"wp","href":"https:\/\/api.w.org\/{rel}","templated":true}]}}