{"id":228500,"date":"2026-01-06T15:54:57","date_gmt":"2026-01-06T14:54:57","guid":{"rendered":"https:\/\/shop.bantam.ch\/produit\/batterie-untersitz-polar-700-ah-inkl-smart-bms-mit-500a-dauerstrom-bt-wifi-app-can-bus-rs485\/"},"modified":"2026-04-17T23:48:53","modified_gmt":"2026-04-17T21:48:53","slug":"batterie-untersitz-polar-700-ah-inkl-smart-bms-mit-500a-dauerstrom-bt-wifi-app-can-bus-rs485","status":"publish","type":"product","link":"https:\/\/shop.bantam.ch\/de\/produkt\/batterie-untersitz-polar-700-ah-inkl-smart-bms-mit-500a-dauerstrom-bt-wifi-app-can-bus-rs485\/","title":{"rendered":"Batterie Untersitz Polar 700 Ah inkl. Smart BMS mit 500A Dauerstrom &amp; BT\/WiFi App, CAN-Bus, RS485"},"content":{"rendered":"<p>Untersitz-Batterie (F\u00fcr die max. Kapazit\u00e4t unter dem Sitz)<\/p>\n<ul>\n<li>sehr geringe Abmessungen<\/li>\n<li>sehr hohe Entladestr\u00f6me<\/li>\n<li>Wechselrichter bis 6000W<\/li>\n<li>Dauerleistung nutzbar<\/li>\n<li>teilweise mit Doppel-BMS<\/li>\n<li>redundante Absicherung<\/li>\n<li>mit nur 1 Batterie m\u00f6glich<\/li>\n<li>unglaubliche Lebensdauer<\/li>\n<li>von bis zu 7000 Zyklen<\/li>\n<li>kann auch liegend verbaut werden<\/li>\n<\/ul>\n","protected":false},"excerpt":{"rendered":"<p>Untersitz-Batterie (F\u00fcr die max. Kapazit\u00e4t unter dem Sitz) sehr geringe Abmessungen sehr hohe Entladestr\u00f6me Wechselrichter bis 6000W Dauerleistung nutzbar teilweise mit Doppel-BMS redundante Absicherung mit nur 1 Batterie m\u00f6glich unglaubliche Lebensdauer von bis zu 7000 Zyklen kann auch liegend verbaut werden<\/p>\n","protected":false},"featured_media":228494,"template":"","meta":{"_acf_changed":false},"product_featured_cat":[],"product_brand":[],"product_cat":[4904],"product_tag":[],"class_list":{"0":"post-228500","1":"product","2":"type-product","3":"status-publish","4":"has-post-thumbnail","6":"product_cat-bordbatterien","8":"first","9":"instock","10":"taxable","11":"shipping-taxable","12":"purchasable","13":"product-type-simple"},"acf":[],"yoast_head":"<!-- This site is optimized with the Yoast SEO plugin v27.4 - https:\/\/yoast.com\/product\/yoast-seo-wordpress\/ -->\n<title>Batterie Untersitz Polar 700 Ah inkl. Smart BMS mit 500A Dauerstrom &amp; BT\/WiFi App, CAN-Bus, RS485 - Bantam Camping AG<\/title>\n<meta name=\"robots\" content=\"index, follow, max-snippet:-1, max-image-preview:large, max-video-preview:-1\" \/>\n<link rel=\"canonical\" href=\"https:\/\/shop.bantam.ch\/de\/produkt\/batterie-untersitz-polar-700-ah-inkl-smart-bms-mit-500a-dauerstrom-bt-wifi-app-can-bus-rs485\/\" \/>\n<meta property=\"og:locale\" content=\"de_DE\" \/>\n<meta property=\"og:type\" content=\"article\" \/>\n<meta property=\"og:title\" content=\"Batterie Untersitz Polar 700 Ah inkl. Smart BMS mit 500A Dauerstrom &amp; BT\/WiFi App, CAN-Bus, RS485 - Bantam Camping AG\" \/>\n<meta property=\"og:description\" content=\"Untersitz-Batterie (F\u00fcr die max. Kapazit\u00e4t unter dem Sitz) sehr geringe Abmessungen sehr hohe Entladestr\u00f6me Wechselrichter bis 6000W Dauerleistung nutzbar teilweise mit Doppel-BMS redundante Absicherung mit nur 1 Batterie m\u00f6glich unglaubliche Lebensdauer von bis zu 7000 Zyklen kann auch liegend verbaut werden\" \/>\n<meta property=\"og:url\" content=\"https:\/\/shop.bantam.ch\/de\/produkt\/batterie-untersitz-polar-700-ah-inkl-smart-bms-mit-500a-dauerstrom-bt-wifi-app-can-bus-rs485\/\" \/>\n<meta property=\"og:site_name\" content=\"Bantam Camping AG\" \/>\n<meta property=\"article:modified_time\" content=\"2026-04-17T21:48:53+00:00\" \/>\n<meta name=\"twitter:card\" content=\"summary_large_image\" \/>\n<script type=\"application\/ld+json\" class=\"yoast-schema-graph\">{\"@context\":\"https:\\\/\\\/schema.org\",\"@graph\":[{\"@type\":\"WebPage\",\"@id\":\"https:\\\/\\\/shop.bantam.ch\\\/de\\\/produkt\\\/batterie-untersitz-polar-700-ah-inkl-smart-bms-mit-500a-dauerstrom-bt-wifi-app-can-bus-rs485\\\/\",\"url\":\"https:\\\/\\\/shop.bantam.ch\\\/de\\\/produkt\\\/batterie-untersitz-polar-700-ah-inkl-smart-bms-mit-500a-dauerstrom-bt-wifi-app-can-bus-rs485\\\/\",\"name\":\"Batterie Untersitz Polar 700 Ah inkl. Smart BMS mit 500A Dauerstrom &amp; BT\\\/WiFi App, CAN-Bus, RS485 - Bantam Camping AG\",\"isPartOf\":{\"@id\":\"https:\\\/\\\/shop.bantam.ch\\\/de\\\/#website\"},\"primaryImageOfPage\":{\"@id\":\"https:\\\/\\\/shop.bantam.ch\\\/de\\\/produkt\\\/batterie-untersitz-polar-700-ah-inkl-smart-bms-mit-500a-dauerstrom-bt-wifi-app-can-bus-rs485\\\/#primaryimage\"},\"image\":{\"@id\":\"https:\\\/\\\/shop.bantam.ch\\\/de\\\/produkt\\\/batterie-untersitz-polar-700-ah-inkl-smart-bms-mit-500a-dauerstrom-bt-wifi-app-can-bus-rs485\\\/#primaryimage\"},\"thumbnailUrl\":\"https:\\\/\\\/shop.bantam.ch\\\/wp-content\\\/uploads\\\/2026\\\/01\\\/Movera-L-9964173100.png\",\"datePublished\":\"2026-01-06T14:54:57+00:00\",\"dateModified\":\"2026-04-17T21:48:53+00:00\",\"breadcrumb\":{\"@id\":\"https:\\\/\\\/shop.bantam.ch\\\/de\\\/produkt\\\/batterie-untersitz-polar-700-ah-inkl-smart-bms-mit-500a-dauerstrom-bt-wifi-app-can-bus-rs485\\\/#breadcrumb\"},\"inLanguage\":\"de\",\"potentialAction\":[{\"@type\":\"ReadAction\",\"target\":[\"https:\\\/\\\/shop.bantam.ch\\\/de\\\/produkt\\\/batterie-untersitz-polar-700-ah-inkl-smart-bms-mit-500a-dauerstrom-bt-wifi-app-can-bus-rs485\\\/\"]}]},{\"@type\":\"ImageObject\",\"inLanguage\":\"de\",\"@id\":\"https:\\\/\\\/shop.bantam.ch\\\/de\\\/produkt\\\/batterie-untersitz-polar-700-ah-inkl-smart-bms-mit-500a-dauerstrom-bt-wifi-app-can-bus-rs485\\\/#primaryimage\",\"url\":\"https:\\\/\\\/shop.bantam.ch\\\/wp-content\\\/uploads\\\/2026\\\/01\\\/Movera-L-9964173100.png\",\"contentUrl\":\"https:\\\/\\\/shop.bantam.ch\\\/wp-content\\\/uploads\\\/2026\\\/01\\\/Movera-L-9964173100.png\",\"width\":640,\"height\":460},{\"@type\":\"BreadcrumbList\",\"@id\":\"https:\\\/\\\/shop.bantam.ch\\\/de\\\/produkt\\\/batterie-untersitz-polar-700-ah-inkl-smart-bms-mit-500a-dauerstrom-bt-wifi-app-can-bus-rs485\\\/#breadcrumb\",\"itemListElement\":[{\"@type\":\"ListItem\",\"position\":1,\"name\":\"Accueil\",\"item\":\"https:\\\/\\\/shop.bantam.ch\\\/de\\\/\"},{\"@type\":\"ListItem\",\"position\":2,\"name\":\"Shop\",\"item\":\"https:\\\/\\\/shop.bantam.ch\\\/de\\\/shop\\\/\"},{\"@type\":\"ListItem\",\"position\":3,\"name\":\"Batterie Untersitz Polar 700 Ah inkl. Smart BMS mit 500A Dauerstrom &amp; BT\\\/WiFi App, CAN-Bus, RS485\"}]},{\"@type\":\"WebSite\",\"@id\":\"https:\\\/\\\/shop.bantam.ch\\\/de\\\/#website\",\"url\":\"https:\\\/\\\/shop.bantam.ch\\\/de\\\/\",\"name\":\"Bantam Camping AG\",\"description\":\"\",\"publisher\":{\"@id\":\"https:\\\/\\\/shop.bantam.ch\\\/de\\\/#organization\"},\"inLanguage\":\"de\"},{\"@type\":\"Organization\",\"@id\":\"https:\\\/\\\/shop.bantam.ch\\\/de\\\/#organization\",\"name\":\"Bantam Camping AG\",\"url\":\"https:\\\/\\\/shop.bantam.ch\\\/de\\\/\",\"logo\":{\"@type\":\"ImageObject\",\"inLanguage\":\"de\",\"@id\":\"https:\\\/\\\/shop.bantam.ch\\\/de\\\/#\\\/schema\\\/logo\\\/image\\\/\",\"url\":\"https:\\\/\\\/shop.bantam.ch\\\/wp-content\\\/uploads\\\/2022\\\/12\\\/bantam-logo.png\",\"contentUrl\":\"https:\\\/\\\/shop.bantam.ch\\\/wp-content\\\/uploads\\\/2022\\\/12\\\/bantam-logo.png\",\"width\":320,\"height\":71,\"caption\":\"Bantam Camping AG\"},\"image\":{\"@id\":\"https:\\\/\\\/shop.bantam.ch\\\/de\\\/#\\\/schema\\\/logo\\\/image\\\/\"}}]}<\/script>\n<!-- \/ Yoast SEO plugin. -->","yoast_head_json":{"title":"Batterie Untersitz Polar 700 Ah inkl. Smart BMS mit 500A Dauerstrom &amp; BT\/WiFi App, CAN-Bus, RS485 - Bantam Camping AG","robots":{"index":"index","follow":"follow","max-snippet":"max-snippet:-1","max-image-preview":"max-image-preview:large","max-video-preview":"max-video-preview:-1"},"canonical":"https:\/\/shop.bantam.ch\/de\/produkt\/batterie-untersitz-polar-700-ah-inkl-smart-bms-mit-500a-dauerstrom-bt-wifi-app-can-bus-rs485\/","og_locale":"de_DE","og_type":"article","og_title":"Batterie Untersitz Polar 700 Ah inkl. Smart BMS mit 500A Dauerstrom &amp; BT\/WiFi App, CAN-Bus, RS485 - Bantam Camping AG","og_description":"Untersitz-Batterie (F\u00fcr die max. Kapazit\u00e4t unter dem Sitz) sehr geringe Abmessungen sehr hohe Entladestr\u00f6me Wechselrichter bis 6000W Dauerleistung nutzbar teilweise mit Doppel-BMS redundante Absicherung mit nur 1 Batterie m\u00f6glich unglaubliche Lebensdauer von bis zu 7000 Zyklen kann auch liegend verbaut werden","og_url":"https:\/\/shop.bantam.ch\/de\/produkt\/batterie-untersitz-polar-700-ah-inkl-smart-bms-mit-500a-dauerstrom-bt-wifi-app-can-bus-rs485\/","og_site_name":"Bantam Camping AG","article_modified_time":"2026-04-17T21:48:53+00:00","twitter_card":"summary_large_image","schema":{"@context":"https:\/\/schema.org","@graph":[{"@type":"WebPage","@id":"https:\/\/shop.bantam.ch\/de\/produkt\/batterie-untersitz-polar-700-ah-inkl-smart-bms-mit-500a-dauerstrom-bt-wifi-app-can-bus-rs485\/","url":"https:\/\/shop.bantam.ch\/de\/produkt\/batterie-untersitz-polar-700-ah-inkl-smart-bms-mit-500a-dauerstrom-bt-wifi-app-can-bus-rs485\/","name":"Batterie Untersitz Polar 700 Ah inkl. Smart BMS mit 500A Dauerstrom &amp; BT\/WiFi App, CAN-Bus, RS485 - Bantam Camping AG","isPartOf":{"@id":"https:\/\/shop.bantam.ch\/de\/#website"},"primaryImageOfPage":{"@id":"https:\/\/shop.bantam.ch\/de\/produkt\/batterie-untersitz-polar-700-ah-inkl-smart-bms-mit-500a-dauerstrom-bt-wifi-app-can-bus-rs485\/#primaryimage"},"image":{"@id":"https:\/\/shop.bantam.ch\/de\/produkt\/batterie-untersitz-polar-700-ah-inkl-smart-bms-mit-500a-dauerstrom-bt-wifi-app-can-bus-rs485\/#primaryimage"},"thumbnailUrl":"https:\/\/shop.bantam.ch\/wp-content\/uploads\/2026\/01\/Movera-L-9964173100.png","datePublished":"2026-01-06T14:54:57+00:00","dateModified":"2026-04-17T21:48:53+00:00","breadcrumb":{"@id":"https:\/\/shop.bantam.ch\/de\/produkt\/batterie-untersitz-polar-700-ah-inkl-smart-bms-mit-500a-dauerstrom-bt-wifi-app-can-bus-rs485\/#breadcrumb"},"inLanguage":"de","potentialAction":[{"@type":"ReadAction","target":["https:\/\/shop.bantam.ch\/de\/produkt\/batterie-untersitz-polar-700-ah-inkl-smart-bms-mit-500a-dauerstrom-bt-wifi-app-can-bus-rs485\/"]}]},{"@type":"ImageObject","inLanguage":"de","@id":"https:\/\/shop.bantam.ch\/de\/produkt\/batterie-untersitz-polar-700-ah-inkl-smart-bms-mit-500a-dauerstrom-bt-wifi-app-can-bus-rs485\/#primaryimage","url":"https:\/\/shop.bantam.ch\/wp-content\/uploads\/2026\/01\/Movera-L-9964173100.png","contentUrl":"https:\/\/shop.bantam.ch\/wp-content\/uploads\/2026\/01\/Movera-L-9964173100.png","width":640,"height":460},{"@type":"BreadcrumbList","@id":"https:\/\/shop.bantam.ch\/de\/produkt\/batterie-untersitz-polar-700-ah-inkl-smart-bms-mit-500a-dauerstrom-bt-wifi-app-can-bus-rs485\/#breadcrumb","itemListElement":[{"@type":"ListItem","position":1,"name":"Accueil","item":"https:\/\/shop.bantam.ch\/de\/"},{"@type":"ListItem","position":2,"name":"Shop","item":"https:\/\/shop.bantam.ch\/de\/shop\/"},{"@type":"ListItem","position":3,"name":"Batterie Untersitz Polar 700 Ah inkl. Smart BMS mit 500A Dauerstrom &amp; BT\/WiFi App, CAN-Bus, RS485"}]},{"@type":"WebSite","@id":"https:\/\/shop.bantam.ch\/de\/#website","url":"https:\/\/shop.bantam.ch\/de\/","name":"Bantam Camping AG","description":"","publisher":{"@id":"https:\/\/shop.bantam.ch\/de\/#organization"},"inLanguage":"de"},{"@type":"Organization","@id":"https:\/\/shop.bantam.ch\/de\/#organization","name":"Bantam Camping AG","url":"https:\/\/shop.bantam.ch\/de\/","logo":{"@type":"ImageObject","inLanguage":"de","@id":"https:\/\/shop.bantam.ch\/de\/#\/schema\/logo\/image\/","url":"https:\/\/shop.bantam.ch\/wp-content\/uploads\/2022\/12\/bantam-logo.png","contentUrl":"https:\/\/shop.bantam.ch\/wp-content\/uploads\/2022\/12\/bantam-logo.png","width":320,"height":71,"caption":"Bantam Camping AG"},"image":{"@id":"https:\/\/shop.bantam.ch\/de\/#\/schema\/logo\/image\/"}}]}},"_links":{"self":[{"href":"https:\/\/shop.bantam.ch\/de\/wp-json\/wp\/v2\/product\/228500","targetHints":{"allow":["GET"]}}],"collection":[{"href":"https:\/\/shop.bantam.ch\/de\/wp-json\/wp\/v2\/product"}],"about":[{"href":"https:\/\/shop.bantam.ch\/de\/wp-json\/wp\/v2\/types\/product"}],"wp:featuredmedia":[{"embeddable":true,"href":"https:\/\/shop.bantam.ch\/de\/wp-json\/wp\/v2\/media\/228494"}],"wp:attachment":[{"href":"https:\/\/shop.bantam.ch\/de\/wp-json\/wp\/v2\/media?parent=228500"}],"wp:term":[{"taxonomy":"product_featured_cat","embeddable":true,"href":"https:\/\/shop.bantam.ch\/de\/wp-json\/wp\/v2\/product_featured_cat?post=228500"},{"taxonomy":"product_brand","embeddable":true,"href":"https:\/\/shop.bantam.ch\/de\/wp-json\/wp\/v2\/product_brand?post=228500"},{"taxonomy":"product_cat","embeddable":true,"href":"https:\/\/shop.bantam.ch\/de\/wp-json\/wp\/v2\/product_cat?post=228500"},{"taxonomy":"product_tag","embeddable":true,"href":"https:\/\/shop.bantam.ch\/de\/wp-json\/wp\/v2\/product_tag?post=228500"}],"curies":[{"name":"wp","href":"https:\/\/api.w.org\/{rel}","templated":true}]}}