{"id":228472,"date":"2026-01-06T15:54:21","date_gmt":"2026-01-06T14:54:21","guid":{"rendered":"https:\/\/shop.bantam.ch\/produit\/car-shampoo-all-in-one-inhalt-1-l\/"},"modified":"2026-04-17T23:48:53","modified_gmt":"2026-04-17T21:48:53","slug":"car-shampoo-all-in-one-inhalt-1-l","status":"publish","type":"product","link":"https:\/\/shop.bantam.ch\/de\/produkt\/car-shampoo-all-in-one-inhalt-1-l\/","title":{"rendered":"Car-Shampoo All-in-One Inhalt 1 l"},"content":{"rendered":"<p>All-in-One-Shampoo, verleiht nicht nur Ihrem Wohnwagen oder Wohnmobil im Nu eine unvergleichliche Sauberkeit, sondern kann auch f\u00fcr Zelte, Markisen, Boote oder Fahrr\u00e4der genutzt werden.<\/p>\n<ul>\n<li>ausgezeichnet biologisch abbaubar<\/li>\n<li>keine Bioakkumulation in Wasser oder Boden<\/li>\n<li>Nat\u00fcrlicher Ursprung, basierend auf 100 % zertifizierten Bio-Tensiden.<\/li>\n<li>Geeignet f\u00fcr alle Oberfl\u00e4chen und Lackarten<\/li>\n<li>Aprikose\/ Orange<\/li>\n<li>Acryl proofed<\/li>\n<\/ul>\n","protected":false},"excerpt":{"rendered":"<p>All-in-One-Shampoo, verleiht nicht nur Ihrem Wohnwagen oder Wohnmobil im Nu eine unvergleichliche Sauberkeit, sondern kann auch f\u00fcr Zelte, Markisen, Boote oder Fahrr\u00e4der genutzt werden. ausgezeichnet biologisch abbaubar keine Bioakkumulation in Wasser oder Boden Nat\u00fcrlicher Ursprung, basierend auf 100 % zertifizierten Bio-Tensiden. Geeignet f\u00fcr alle Oberfl\u00e4chen und Lackarten Aprikose\/ Orange Acryl proofed<\/p>\n","protected":false},"featured_media":228470,"template":"","meta":{"_acf_changed":false},"product_featured_cat":[],"product_brand":[],"product_cat":[4152],"product_tag":[],"class_list":{"0":"post-228472","1":"product","2":"type-product","3":"status-publish","4":"has-post-thumbnail","6":"product_cat-pflege-reinigungsmittel","8":"first","9":"instock","10":"taxable","11":"shipping-taxable","12":"purchasable","13":"product-type-simple"},"acf":[],"yoast_head":"<!-- This site is optimized with the Yoast SEO plugin v27.4 - https:\/\/yoast.com\/product\/yoast-seo-wordpress\/ -->\n<title>Car-Shampoo All-in-One Inhalt 1 l - Bantam Camping AG<\/title>\n<meta name=\"robots\" content=\"index, follow, max-snippet:-1, max-image-preview:large, max-video-preview:-1\" \/>\n<link rel=\"canonical\" href=\"https:\/\/shop.bantam.ch\/de\/produkt\/car-shampoo-all-in-one-inhalt-1-l\/\" \/>\n<meta property=\"og:locale\" content=\"de_DE\" \/>\n<meta property=\"og:type\" content=\"article\" \/>\n<meta property=\"og:title\" content=\"Car-Shampoo All-in-One Inhalt 1 l - Bantam Camping AG\" \/>\n<meta property=\"og:description\" content=\"All-in-One-Shampoo, verleiht nicht nur Ihrem Wohnwagen oder Wohnmobil im Nu eine unvergleichliche Sauberkeit, sondern kann auch f\u00fcr Zelte, Markisen, Boote oder Fahrr\u00e4der genutzt werden. ausgezeichnet biologisch abbaubar keine Bioakkumulation in Wasser oder Boden Nat\u00fcrlicher Ursprung, basierend auf 100 % zertifizierten Bio-Tensiden. Geeignet f\u00fcr alle Oberfl\u00e4chen und Lackarten Aprikose\/ Orange Acryl proofed\" \/>\n<meta property=\"og:url\" content=\"https:\/\/shop.bantam.ch\/de\/produkt\/car-shampoo-all-in-one-inhalt-1-l\/\" \/>\n<meta property=\"og:site_name\" content=\"Bantam Camping AG\" \/>\n<meta property=\"article:modified_time\" content=\"2026-04-17T21:48:53+00:00\" \/>\n<meta name=\"twitter:card\" content=\"summary_large_image\" \/>\n<script type=\"application\/ld+json\" class=\"yoast-schema-graph\">{\"@context\":\"https:\\\/\\\/schema.org\",\"@graph\":[{\"@type\":\"WebPage\",\"@id\":\"https:\\\/\\\/shop.bantam.ch\\\/de\\\/produkt\\\/car-shampoo-all-in-one-inhalt-1-l\\\/\",\"url\":\"https:\\\/\\\/shop.bantam.ch\\\/de\\\/produkt\\\/car-shampoo-all-in-one-inhalt-1-l\\\/\",\"name\":\"Car-Shampoo All-in-One Inhalt 1 l - Bantam Camping AG\",\"isPartOf\":{\"@id\":\"https:\\\/\\\/shop.bantam.ch\\\/de\\\/#website\"},\"primaryImageOfPage\":{\"@id\":\"https:\\\/\\\/shop.bantam.ch\\\/de\\\/produkt\\\/car-shampoo-all-in-one-inhalt-1-l\\\/#primaryimage\"},\"image\":{\"@id\":\"https:\\\/\\\/shop.bantam.ch\\\/de\\\/produkt\\\/car-shampoo-all-in-one-inhalt-1-l\\\/#primaryimage\"},\"thumbnailUrl\":\"https:\\\/\\\/shop.bantam.ch\\\/wp-content\\\/uploads\\\/2026\\\/01\\\/Movera-L-9966356100.jpg\",\"datePublished\":\"2026-01-06T14:54:21+00:00\",\"dateModified\":\"2026-04-17T21:48:53+00:00\",\"breadcrumb\":{\"@id\":\"https:\\\/\\\/shop.bantam.ch\\\/de\\\/produkt\\\/car-shampoo-all-in-one-inhalt-1-l\\\/#breadcrumb\"},\"inLanguage\":\"de\",\"potentialAction\":[{\"@type\":\"ReadAction\",\"target\":[\"https:\\\/\\\/shop.bantam.ch\\\/de\\\/produkt\\\/car-shampoo-all-in-one-inhalt-1-l\\\/\"]}]},{\"@type\":\"ImageObject\",\"inLanguage\":\"de\",\"@id\":\"https:\\\/\\\/shop.bantam.ch\\\/de\\\/produkt\\\/car-shampoo-all-in-one-inhalt-1-l\\\/#primaryimage\",\"url\":\"https:\\\/\\\/shop.bantam.ch\\\/wp-content\\\/uploads\\\/2026\\\/01\\\/Movera-L-9966356100.jpg\",\"contentUrl\":\"https:\\\/\\\/shop.bantam.ch\\\/wp-content\\\/uploads\\\/2026\\\/01\\\/Movera-L-9966356100.jpg\",\"width\":640,\"height\":854},{\"@type\":\"BreadcrumbList\",\"@id\":\"https:\\\/\\\/shop.bantam.ch\\\/de\\\/produkt\\\/car-shampoo-all-in-one-inhalt-1-l\\\/#breadcrumb\",\"itemListElement\":[{\"@type\":\"ListItem\",\"position\":1,\"name\":\"Accueil\",\"item\":\"https:\\\/\\\/shop.bantam.ch\\\/de\\\/\"},{\"@type\":\"ListItem\",\"position\":2,\"name\":\"Shop\",\"item\":\"https:\\\/\\\/shop.bantam.ch\\\/de\\\/shop\\\/\"},{\"@type\":\"ListItem\",\"position\":3,\"name\":\"Car-Shampoo All-in-One Inhalt 1 l\"}]},{\"@type\":\"WebSite\",\"@id\":\"https:\\\/\\\/shop.bantam.ch\\\/de\\\/#website\",\"url\":\"https:\\\/\\\/shop.bantam.ch\\\/de\\\/\",\"name\":\"Bantam Camping AG\",\"description\":\"\",\"publisher\":{\"@id\":\"https:\\\/\\\/shop.bantam.ch\\\/de\\\/#organization\"},\"inLanguage\":\"de\"},{\"@type\":\"Organization\",\"@id\":\"https:\\\/\\\/shop.bantam.ch\\\/de\\\/#organization\",\"name\":\"Bantam Camping AG\",\"url\":\"https:\\\/\\\/shop.bantam.ch\\\/de\\\/\",\"logo\":{\"@type\":\"ImageObject\",\"inLanguage\":\"de\",\"@id\":\"https:\\\/\\\/shop.bantam.ch\\\/de\\\/#\\\/schema\\\/logo\\\/image\\\/\",\"url\":\"https:\\\/\\\/shop.bantam.ch\\\/wp-content\\\/uploads\\\/2022\\\/12\\\/bantam-logo.png\",\"contentUrl\":\"https:\\\/\\\/shop.bantam.ch\\\/wp-content\\\/uploads\\\/2022\\\/12\\\/bantam-logo.png\",\"width\":320,\"height\":71,\"caption\":\"Bantam Camping AG\"},\"image\":{\"@id\":\"https:\\\/\\\/shop.bantam.ch\\\/de\\\/#\\\/schema\\\/logo\\\/image\\\/\"}}]}<\/script>\n<!-- \/ Yoast SEO plugin. -->","yoast_head_json":{"title":"Car-Shampoo All-in-One Inhalt 1 l - Bantam Camping AG","robots":{"index":"index","follow":"follow","max-snippet":"max-snippet:-1","max-image-preview":"max-image-preview:large","max-video-preview":"max-video-preview:-1"},"canonical":"https:\/\/shop.bantam.ch\/de\/produkt\/car-shampoo-all-in-one-inhalt-1-l\/","og_locale":"de_DE","og_type":"article","og_title":"Car-Shampoo All-in-One Inhalt 1 l - Bantam Camping AG","og_description":"All-in-One-Shampoo, verleiht nicht nur Ihrem Wohnwagen oder Wohnmobil im Nu eine unvergleichliche Sauberkeit, sondern kann auch f\u00fcr Zelte, Markisen, Boote oder Fahrr\u00e4der genutzt werden. ausgezeichnet biologisch abbaubar keine Bioakkumulation in Wasser oder Boden Nat\u00fcrlicher Ursprung, basierend auf 100 % zertifizierten Bio-Tensiden. Geeignet f\u00fcr alle Oberfl\u00e4chen und Lackarten Aprikose\/ Orange Acryl proofed","og_url":"https:\/\/shop.bantam.ch\/de\/produkt\/car-shampoo-all-in-one-inhalt-1-l\/","og_site_name":"Bantam Camping AG","article_modified_time":"2026-04-17T21:48:53+00:00","twitter_card":"summary_large_image","schema":{"@context":"https:\/\/schema.org","@graph":[{"@type":"WebPage","@id":"https:\/\/shop.bantam.ch\/de\/produkt\/car-shampoo-all-in-one-inhalt-1-l\/","url":"https:\/\/shop.bantam.ch\/de\/produkt\/car-shampoo-all-in-one-inhalt-1-l\/","name":"Car-Shampoo All-in-One Inhalt 1 l - Bantam Camping AG","isPartOf":{"@id":"https:\/\/shop.bantam.ch\/de\/#website"},"primaryImageOfPage":{"@id":"https:\/\/shop.bantam.ch\/de\/produkt\/car-shampoo-all-in-one-inhalt-1-l\/#primaryimage"},"image":{"@id":"https:\/\/shop.bantam.ch\/de\/produkt\/car-shampoo-all-in-one-inhalt-1-l\/#primaryimage"},"thumbnailUrl":"https:\/\/shop.bantam.ch\/wp-content\/uploads\/2026\/01\/Movera-L-9966356100.jpg","datePublished":"2026-01-06T14:54:21+00:00","dateModified":"2026-04-17T21:48:53+00:00","breadcrumb":{"@id":"https:\/\/shop.bantam.ch\/de\/produkt\/car-shampoo-all-in-one-inhalt-1-l\/#breadcrumb"},"inLanguage":"de","potentialAction":[{"@type":"ReadAction","target":["https:\/\/shop.bantam.ch\/de\/produkt\/car-shampoo-all-in-one-inhalt-1-l\/"]}]},{"@type":"ImageObject","inLanguage":"de","@id":"https:\/\/shop.bantam.ch\/de\/produkt\/car-shampoo-all-in-one-inhalt-1-l\/#primaryimage","url":"https:\/\/shop.bantam.ch\/wp-content\/uploads\/2026\/01\/Movera-L-9966356100.jpg","contentUrl":"https:\/\/shop.bantam.ch\/wp-content\/uploads\/2026\/01\/Movera-L-9966356100.jpg","width":640,"height":854},{"@type":"BreadcrumbList","@id":"https:\/\/shop.bantam.ch\/de\/produkt\/car-shampoo-all-in-one-inhalt-1-l\/#breadcrumb","itemListElement":[{"@type":"ListItem","position":1,"name":"Accueil","item":"https:\/\/shop.bantam.ch\/de\/"},{"@type":"ListItem","position":2,"name":"Shop","item":"https:\/\/shop.bantam.ch\/de\/shop\/"},{"@type":"ListItem","position":3,"name":"Car-Shampoo All-in-One Inhalt 1 l"}]},{"@type":"WebSite","@id":"https:\/\/shop.bantam.ch\/de\/#website","url":"https:\/\/shop.bantam.ch\/de\/","name":"Bantam Camping AG","description":"","publisher":{"@id":"https:\/\/shop.bantam.ch\/de\/#organization"},"inLanguage":"de"},{"@type":"Organization","@id":"https:\/\/shop.bantam.ch\/de\/#organization","name":"Bantam Camping AG","url":"https:\/\/shop.bantam.ch\/de\/","logo":{"@type":"ImageObject","inLanguage":"de","@id":"https:\/\/shop.bantam.ch\/de\/#\/schema\/logo\/image\/","url":"https:\/\/shop.bantam.ch\/wp-content\/uploads\/2022\/12\/bantam-logo.png","contentUrl":"https:\/\/shop.bantam.ch\/wp-content\/uploads\/2022\/12\/bantam-logo.png","width":320,"height":71,"caption":"Bantam Camping AG"},"image":{"@id":"https:\/\/shop.bantam.ch\/de\/#\/schema\/logo\/image\/"}}]}},"_links":{"self":[{"href":"https:\/\/shop.bantam.ch\/de\/wp-json\/wp\/v2\/product\/228472","targetHints":{"allow":["GET"]}}],"collection":[{"href":"https:\/\/shop.bantam.ch\/de\/wp-json\/wp\/v2\/product"}],"about":[{"href":"https:\/\/shop.bantam.ch\/de\/wp-json\/wp\/v2\/types\/product"}],"wp:featuredmedia":[{"embeddable":true,"href":"https:\/\/shop.bantam.ch\/de\/wp-json\/wp\/v2\/media\/228470"}],"wp:attachment":[{"href":"https:\/\/shop.bantam.ch\/de\/wp-json\/wp\/v2\/media?parent=228472"}],"wp:term":[{"taxonomy":"product_featured_cat","embeddable":true,"href":"https:\/\/shop.bantam.ch\/de\/wp-json\/wp\/v2\/product_featured_cat?post=228472"},{"taxonomy":"product_brand","embeddable":true,"href":"https:\/\/shop.bantam.ch\/de\/wp-json\/wp\/v2\/product_brand?post=228472"},{"taxonomy":"product_cat","embeddable":true,"href":"https:\/\/shop.bantam.ch\/de\/wp-json\/wp\/v2\/product_cat?post=228472"},{"taxonomy":"product_tag","embeddable":true,"href":"https:\/\/shop.bantam.ch\/de\/wp-json\/wp\/v2\/product_tag?post=228472"}],"curies":[{"name":"wp","href":"https:\/\/api.w.org\/{rel}","templated":true}]}}