{"id":228416,"date":"2026-01-06T15:53:05","date_gmt":"2026-01-06T14:53:05","guid":{"rendered":"https:\/\/shop.bantam.ch\/produit\/campingstuhl-california-baja-anthrazit-grau\/"},"modified":"2026-04-18T23:52:20","modified_gmt":"2026-04-18T21:52:20","slug":"campingstuhl-california-baja-anthrazit-grau","status":"publish","type":"product","link":"https:\/\/shop.bantam.ch\/de\/produkt\/campingstuhl-california-baja-anthrazit-grau\/","title":{"rendered":"Campingstuhl California Baja anthrazit grau"},"content":{"rendered":"<p>&nbsp;<\/p>\n<p>Der neue California Baja wurde f\u00fcr maximale Raumeffizienz entwickelt. Dank der speziell entwickelten Slide-Out-Falttechnik aus faserverst\u00e4rktem Nylon, das sowohl bruch- als auch hitzebest\u00e4ndig ist, erreicht er ein au\u00dfergew\u00f6hnlich kleines Packma\u00df, insbesondere f\u00fcr die Verwendung im VW T6 California. Das Original DuraDore\u00ae 3D Mesh macht den Stuhl atmungsaktiv, wasserdurchl\u00e4ssig, pflegeleicht und sorgt f\u00fcr ein angenehmes Sitzgef\u00fchl. Trotz seiner kompakten Bauweise bietet der California Baja hohen Sitzkomfort und zuverl\u00e4ssige Stabilit\u00e4t. Seine besondere St\u00e4rke liegt in der Handlichkeit: Der California Baja kommt mit nur 3,5kg Eigengewicht und findet auch in kleineren Vans und Bussen Platz \u2013 ideal f\u00fcr alle, die mobil sein wollen und ohnehin mit begrenztem Stauraum reisen.<\/p>\n<p>Material:<br \/>\nBezug: 100 % Polyester<br \/>\nGestell: Aluminium<\/p>\n","protected":false},"excerpt":{"rendered":"<p>&nbsp; Der neue California Baja wurde f\u00fcr maximale Raumeffizienz entwickelt. Dank der speziell entwickelten Slide-Out-Falttechnik aus faserverst\u00e4rktem Nylon, das sowohl bruch- als auch hitzebest\u00e4ndig ist, erreicht er ein au\u00dfergew\u00f6hnlich kleines Packma\u00df, insbesondere f\u00fcr die Verwendung im VW T6 California. Das Original DuraDore\u00ae 3D Mesh macht den Stuhl atmungsaktiv, wasserdurchl\u00e4ssig, pflegeleicht und sorgt f\u00fcr ein angenehmes [&hellip;]<\/p>\n","protected":false},"featured_media":228414,"template":"","meta":{"_acf_changed":false},"product_featured_cat":[],"product_brand":[],"product_cat":[4972],"product_tag":[],"class_list":{"0":"post-228416","1":"product","2":"type-product","3":"status-publish","4":"has-post-thumbnail","6":"product_cat-campingstuehle","8":"first","9":"instock","10":"taxable","11":"shipping-taxable","12":"purchasable","13":"product-type-simple"},"acf":[],"yoast_head":"<!-- This site is optimized with the Yoast SEO plugin v27.4 - https:\/\/yoast.com\/product\/yoast-seo-wordpress\/ -->\n<title>Campingstuhl California Baja anthrazit grau - Bantam Camping AG<\/title>\n<meta name=\"robots\" content=\"index, follow, max-snippet:-1, max-image-preview:large, max-video-preview:-1\" \/>\n<link rel=\"canonical\" href=\"https:\/\/shop.bantam.ch\/de\/produkt\/campingstuhl-california-baja-anthrazit-grau\/\" \/>\n<meta property=\"og:locale\" content=\"de_DE\" \/>\n<meta property=\"og:type\" content=\"article\" \/>\n<meta property=\"og:title\" content=\"Campingstuhl California Baja anthrazit grau - Bantam Camping AG\" \/>\n<meta property=\"og:description\" content=\"&nbsp; Der neue California Baja wurde f\u00fcr maximale Raumeffizienz entwickelt. Dank der speziell entwickelten Slide-Out-Falttechnik aus faserverst\u00e4rktem Nylon, das sowohl bruch- als auch hitzebest\u00e4ndig ist, erreicht er ein au\u00dfergew\u00f6hnlich kleines Packma\u00df, insbesondere f\u00fcr die Verwendung im VW T6 California. Das Original DuraDore\u00ae 3D Mesh macht den Stuhl atmungsaktiv, wasserdurchl\u00e4ssig, pflegeleicht und sorgt f\u00fcr ein angenehmes [&hellip;]\" \/>\n<meta property=\"og:url\" content=\"https:\/\/shop.bantam.ch\/de\/produkt\/campingstuhl-california-baja-anthrazit-grau\/\" \/>\n<meta property=\"og:site_name\" content=\"Bantam Camping AG\" \/>\n<meta property=\"article:modified_time\" content=\"2026-04-18T21:52:20+00:00\" \/>\n<meta name=\"twitter:card\" content=\"summary_large_image\" \/>\n<meta name=\"twitter:label1\" content=\"Gesch\u00e4tzte Lesezeit\" \/>\n\t<meta name=\"twitter:data1\" content=\"1\u00a0Minute\" \/>\n<script type=\"application\/ld+json\" class=\"yoast-schema-graph\">{\"@context\":\"https:\\\/\\\/schema.org\",\"@graph\":[{\"@type\":\"WebPage\",\"@id\":\"https:\\\/\\\/shop.bantam.ch\\\/de\\\/produkt\\\/campingstuhl-california-baja-anthrazit-grau\\\/\",\"url\":\"https:\\\/\\\/shop.bantam.ch\\\/de\\\/produkt\\\/campingstuhl-california-baja-anthrazit-grau\\\/\",\"name\":\"Campingstuhl California Baja anthrazit grau - Bantam Camping AG\",\"isPartOf\":{\"@id\":\"https:\\\/\\\/shop.bantam.ch\\\/de\\\/#website\"},\"primaryImageOfPage\":{\"@id\":\"https:\\\/\\\/shop.bantam.ch\\\/de\\\/produkt\\\/campingstuhl-california-baja-anthrazit-grau\\\/#primaryimage\"},\"image\":{\"@id\":\"https:\\\/\\\/shop.bantam.ch\\\/de\\\/produkt\\\/campingstuhl-california-baja-anthrazit-grau\\\/#primaryimage\"},\"thumbnailUrl\":\"https:\\\/\\\/shop.bantam.ch\\\/wp-content\\\/uploads\\\/2026\\\/01\\\/Movera-L-9964156100.png\",\"datePublished\":\"2026-01-06T14:53:05+00:00\",\"dateModified\":\"2026-04-18T21:52:20+00:00\",\"breadcrumb\":{\"@id\":\"https:\\\/\\\/shop.bantam.ch\\\/de\\\/produkt\\\/campingstuhl-california-baja-anthrazit-grau\\\/#breadcrumb\"},\"inLanguage\":\"de\",\"potentialAction\":[{\"@type\":\"ReadAction\",\"target\":[\"https:\\\/\\\/shop.bantam.ch\\\/de\\\/produkt\\\/campingstuhl-california-baja-anthrazit-grau\\\/\"]}]},{\"@type\":\"ImageObject\",\"inLanguage\":\"de\",\"@id\":\"https:\\\/\\\/shop.bantam.ch\\\/de\\\/produkt\\\/campingstuhl-california-baja-anthrazit-grau\\\/#primaryimage\",\"url\":\"https:\\\/\\\/shop.bantam.ch\\\/wp-content\\\/uploads\\\/2026\\\/01\\\/Movera-L-9964156100.png\",\"contentUrl\":\"https:\\\/\\\/shop.bantam.ch\\\/wp-content\\\/uploads\\\/2026\\\/01\\\/Movera-L-9964156100.png\",\"width\":640,\"height\":427},{\"@type\":\"BreadcrumbList\",\"@id\":\"https:\\\/\\\/shop.bantam.ch\\\/de\\\/produkt\\\/campingstuhl-california-baja-anthrazit-grau\\\/#breadcrumb\",\"itemListElement\":[{\"@type\":\"ListItem\",\"position\":1,\"name\":\"Accueil\",\"item\":\"https:\\\/\\\/shop.bantam.ch\\\/de\\\/\"},{\"@type\":\"ListItem\",\"position\":2,\"name\":\"Shop\",\"item\":\"https:\\\/\\\/shop.bantam.ch\\\/de\\\/shop\\\/\"},{\"@type\":\"ListItem\",\"position\":3,\"name\":\"Campingstuhl California Baja anthrazit grau\"}]},{\"@type\":\"WebSite\",\"@id\":\"https:\\\/\\\/shop.bantam.ch\\\/de\\\/#website\",\"url\":\"https:\\\/\\\/shop.bantam.ch\\\/de\\\/\",\"name\":\"Bantam Camping AG\",\"description\":\"\",\"publisher\":{\"@id\":\"https:\\\/\\\/shop.bantam.ch\\\/de\\\/#organization\"},\"inLanguage\":\"de\"},{\"@type\":\"Organization\",\"@id\":\"https:\\\/\\\/shop.bantam.ch\\\/de\\\/#organization\",\"name\":\"Bantam Camping AG\",\"url\":\"https:\\\/\\\/shop.bantam.ch\\\/de\\\/\",\"logo\":{\"@type\":\"ImageObject\",\"inLanguage\":\"de\",\"@id\":\"https:\\\/\\\/shop.bantam.ch\\\/de\\\/#\\\/schema\\\/logo\\\/image\\\/\",\"url\":\"https:\\\/\\\/shop.bantam.ch\\\/wp-content\\\/uploads\\\/2022\\\/12\\\/bantam-logo.png\",\"contentUrl\":\"https:\\\/\\\/shop.bantam.ch\\\/wp-content\\\/uploads\\\/2022\\\/12\\\/bantam-logo.png\",\"width\":320,\"height\":71,\"caption\":\"Bantam Camping AG\"},\"image\":{\"@id\":\"https:\\\/\\\/shop.bantam.ch\\\/de\\\/#\\\/schema\\\/logo\\\/image\\\/\"}}]}<\/script>\n<!-- \/ Yoast SEO plugin. -->","yoast_head_json":{"title":"Campingstuhl California Baja anthrazit grau - Bantam Camping AG","robots":{"index":"index","follow":"follow","max-snippet":"max-snippet:-1","max-image-preview":"max-image-preview:large","max-video-preview":"max-video-preview:-1"},"canonical":"https:\/\/shop.bantam.ch\/de\/produkt\/campingstuhl-california-baja-anthrazit-grau\/","og_locale":"de_DE","og_type":"article","og_title":"Campingstuhl California Baja anthrazit grau - Bantam Camping AG","og_description":"&nbsp; Der neue California Baja wurde f\u00fcr maximale Raumeffizienz entwickelt. Dank der speziell entwickelten Slide-Out-Falttechnik aus faserverst\u00e4rktem Nylon, das sowohl bruch- als auch hitzebest\u00e4ndig ist, erreicht er ein au\u00dfergew\u00f6hnlich kleines Packma\u00df, insbesondere f\u00fcr die Verwendung im VW T6 California. Das Original DuraDore\u00ae 3D Mesh macht den Stuhl atmungsaktiv, wasserdurchl\u00e4ssig, pflegeleicht und sorgt f\u00fcr ein angenehmes [&hellip;]","og_url":"https:\/\/shop.bantam.ch\/de\/produkt\/campingstuhl-california-baja-anthrazit-grau\/","og_site_name":"Bantam Camping AG","article_modified_time":"2026-04-18T21:52:20+00:00","twitter_card":"summary_large_image","twitter_misc":{"Gesch\u00e4tzte Lesezeit":"1\u00a0Minute"},"schema":{"@context":"https:\/\/schema.org","@graph":[{"@type":"WebPage","@id":"https:\/\/shop.bantam.ch\/de\/produkt\/campingstuhl-california-baja-anthrazit-grau\/","url":"https:\/\/shop.bantam.ch\/de\/produkt\/campingstuhl-california-baja-anthrazit-grau\/","name":"Campingstuhl California Baja anthrazit grau - Bantam Camping AG","isPartOf":{"@id":"https:\/\/shop.bantam.ch\/de\/#website"},"primaryImageOfPage":{"@id":"https:\/\/shop.bantam.ch\/de\/produkt\/campingstuhl-california-baja-anthrazit-grau\/#primaryimage"},"image":{"@id":"https:\/\/shop.bantam.ch\/de\/produkt\/campingstuhl-california-baja-anthrazit-grau\/#primaryimage"},"thumbnailUrl":"https:\/\/shop.bantam.ch\/wp-content\/uploads\/2026\/01\/Movera-L-9964156100.png","datePublished":"2026-01-06T14:53:05+00:00","dateModified":"2026-04-18T21:52:20+00:00","breadcrumb":{"@id":"https:\/\/shop.bantam.ch\/de\/produkt\/campingstuhl-california-baja-anthrazit-grau\/#breadcrumb"},"inLanguage":"de","potentialAction":[{"@type":"ReadAction","target":["https:\/\/shop.bantam.ch\/de\/produkt\/campingstuhl-california-baja-anthrazit-grau\/"]}]},{"@type":"ImageObject","inLanguage":"de","@id":"https:\/\/shop.bantam.ch\/de\/produkt\/campingstuhl-california-baja-anthrazit-grau\/#primaryimage","url":"https:\/\/shop.bantam.ch\/wp-content\/uploads\/2026\/01\/Movera-L-9964156100.png","contentUrl":"https:\/\/shop.bantam.ch\/wp-content\/uploads\/2026\/01\/Movera-L-9964156100.png","width":640,"height":427},{"@type":"BreadcrumbList","@id":"https:\/\/shop.bantam.ch\/de\/produkt\/campingstuhl-california-baja-anthrazit-grau\/#breadcrumb","itemListElement":[{"@type":"ListItem","position":1,"name":"Accueil","item":"https:\/\/shop.bantam.ch\/de\/"},{"@type":"ListItem","position":2,"name":"Shop","item":"https:\/\/shop.bantam.ch\/de\/shop\/"},{"@type":"ListItem","position":3,"name":"Campingstuhl California Baja anthrazit grau"}]},{"@type":"WebSite","@id":"https:\/\/shop.bantam.ch\/de\/#website","url":"https:\/\/shop.bantam.ch\/de\/","name":"Bantam Camping AG","description":"","publisher":{"@id":"https:\/\/shop.bantam.ch\/de\/#organization"},"inLanguage":"de"},{"@type":"Organization","@id":"https:\/\/shop.bantam.ch\/de\/#organization","name":"Bantam Camping AG","url":"https:\/\/shop.bantam.ch\/de\/","logo":{"@type":"ImageObject","inLanguage":"de","@id":"https:\/\/shop.bantam.ch\/de\/#\/schema\/logo\/image\/","url":"https:\/\/shop.bantam.ch\/wp-content\/uploads\/2022\/12\/bantam-logo.png","contentUrl":"https:\/\/shop.bantam.ch\/wp-content\/uploads\/2022\/12\/bantam-logo.png","width":320,"height":71,"caption":"Bantam Camping AG"},"image":{"@id":"https:\/\/shop.bantam.ch\/de\/#\/schema\/logo\/image\/"}}]}},"_links":{"self":[{"href":"https:\/\/shop.bantam.ch\/de\/wp-json\/wp\/v2\/product\/228416","targetHints":{"allow":["GET"]}}],"collection":[{"href":"https:\/\/shop.bantam.ch\/de\/wp-json\/wp\/v2\/product"}],"about":[{"href":"https:\/\/shop.bantam.ch\/de\/wp-json\/wp\/v2\/types\/product"}],"wp:featuredmedia":[{"embeddable":true,"href":"https:\/\/shop.bantam.ch\/de\/wp-json\/wp\/v2\/media\/228414"}],"wp:attachment":[{"href":"https:\/\/shop.bantam.ch\/de\/wp-json\/wp\/v2\/media?parent=228416"}],"wp:term":[{"taxonomy":"product_featured_cat","embeddable":true,"href":"https:\/\/shop.bantam.ch\/de\/wp-json\/wp\/v2\/product_featured_cat?post=228416"},{"taxonomy":"product_brand","embeddable":true,"href":"https:\/\/shop.bantam.ch\/de\/wp-json\/wp\/v2\/product_brand?post=228416"},{"taxonomy":"product_cat","embeddable":true,"href":"https:\/\/shop.bantam.ch\/de\/wp-json\/wp\/v2\/product_cat?post=228416"},{"taxonomy":"product_tag","embeddable":true,"href":"https:\/\/shop.bantam.ch\/de\/wp-json\/wp\/v2\/product_tag?post=228416"}],"curies":[{"name":"wp","href":"https:\/\/api.w.org\/{rel}","templated":true}]}}