{"id":228409,"date":"2026-01-06T15:52:42","date_gmt":"2026-01-06T14:52:42","guid":{"rendered":"https:\/\/shop.bantam.ch\/produit\/stuhl-avantgarde-noblesse-ergofit\/"},"modified":"2026-04-18T02:25:44","modified_gmt":"2026-04-18T00:25:44","slug":"stuhl-avantgarde-noblesse-ergofit","status":"publish","type":"product","link":"https:\/\/shop.bantam.ch\/de\/produkt\/stuhl-avantgarde-noblesse-ergofit\/","title":{"rendered":"Stuhl Avantgarde Noblesse Ergofit"},"content":{"rendered":"<p><!--StartFragment -->Der neue Noblesse Ergofit vereint das Beste aus beiden Welten \u2013 hohe Ergonomie bei minimalem Packma\u00df. Dank der, h\u00f6henverstellbaren Kopfst\u00fctze und dem bew\u00e4hrten hohen Sitzkomfort \u00fcberzeugt er mit seiner ErgoShell\u00ae-Technologie, die sich der nat\u00fcrlichen Form der Wirbels\u00e4ule anpasst und optimalen Halt bietet. Das wasserdurchl\u00e4ssige, UV-best\u00e4ndige und besonders sanfte Soft-Mesh-Gewebe DuraDore\u00ae 3D sorgt zus\u00e4tzlich f\u00fcr ein einzigartiges Sitzerlebnis, wie es kein anderer Stuhl bietet. Besonders praktisch: Durch die Kopfst\u00fctze passt sich der Noblesse Ergofit jeder K\u00f6rpergr\u00f6\u00dfe an. Die 7-stufig verstellbaren Armlehnen vervollst\u00e4ndigen das au\u00dfergew\u00f6hnlich bequeme Sitzerlebnis. Der Rahmen besteht aus hochbelastbarem, doppelt beschichtetem DuraLite\u00ae-Leichtmetall. In Kombination mit unserer innovativen SpaceBox\u00ae-Technologie und der verstellbaren Kopfst\u00fctze wird der Noblesse Ergofit noch handlicher und kompakter \u2013 ideal f\u00fcr unterwegs.<\/p>\n<p>&nbsp;<\/p>\n<p>Material:<\/p>\n<p>Bezug: 100 % Polyester<\/p>\n<p>Gestell: DuraLite<\/p>\n<p><!--EndFragment --><\/p>\n","protected":false},"excerpt":{"rendered":"<p>Der neue Noblesse Ergofit vereint das Beste aus beiden Welten \u2013 hohe Ergonomie bei minimalem Packma\u00df. Dank der, h\u00f6henverstellbaren Kopfst\u00fctze und dem bew\u00e4hrten hohen Sitzkomfort \u00fcberzeugt er mit seiner ErgoShell\u00ae-Technologie, die sich der nat\u00fcrlichen Form der Wirbels\u00e4ule anpasst und optimalen Halt bietet. Das wasserdurchl\u00e4ssige, UV-best\u00e4ndige und besonders sanfte Soft-Mesh-Gewebe DuraDore\u00ae 3D sorgt zus\u00e4tzlich f\u00fcr ein [&hellip;]<\/p>\n","protected":false},"featured_media":228404,"template":"","meta":{"_acf_changed":false},"product_featured_cat":[],"product_brand":[],"product_cat":[4972],"product_tag":[],"class_list":{"0":"post-228409","1":"product","2":"type-product","3":"status-publish","4":"has-post-thumbnail","6":"product_cat-campingstuehle","8":"first","9":"instock","10":"taxable","11":"shipping-taxable","12":"purchasable","13":"product-type-variable"},"acf":[],"yoast_head":"<!-- This site is optimized with the Yoast SEO plugin v27.4 - https:\/\/yoast.com\/product\/yoast-seo-wordpress\/ -->\n<title>Stuhl Avantgarde Noblesse Ergofit - Bantam Camping AG<\/title>\n<meta name=\"robots\" content=\"index, follow, max-snippet:-1, max-image-preview:large, max-video-preview:-1\" \/>\n<link rel=\"canonical\" href=\"https:\/\/shop.bantam.ch\/de\/produkt\/stuhl-avantgarde-noblesse-ergofit\/\" \/>\n<meta property=\"og:locale\" content=\"de_DE\" \/>\n<meta property=\"og:type\" content=\"article\" \/>\n<meta property=\"og:title\" content=\"Stuhl Avantgarde Noblesse Ergofit - Bantam Camping AG\" \/>\n<meta property=\"og:description\" content=\"Der neue Noblesse Ergofit vereint das Beste aus beiden Welten \u2013 hohe Ergonomie bei minimalem Packma\u00df. Dank der, h\u00f6henverstellbaren Kopfst\u00fctze und dem bew\u00e4hrten hohen Sitzkomfort \u00fcberzeugt er mit seiner ErgoShell\u00ae-Technologie, die sich der nat\u00fcrlichen Form der Wirbels\u00e4ule anpasst und optimalen Halt bietet. Das wasserdurchl\u00e4ssige, UV-best\u00e4ndige und besonders sanfte Soft-Mesh-Gewebe DuraDore\u00ae 3D sorgt zus\u00e4tzlich f\u00fcr ein [&hellip;]\" \/>\n<meta property=\"og:url\" content=\"https:\/\/shop.bantam.ch\/de\/produkt\/stuhl-avantgarde-noblesse-ergofit\/\" \/>\n<meta property=\"og:site_name\" content=\"Bantam Camping AG\" \/>\n<meta property=\"article:modified_time\" content=\"2026-04-18T00:25:44+00:00\" \/>\n<meta name=\"twitter:card\" content=\"summary_large_image\" \/>\n<meta name=\"twitter:label1\" content=\"Gesch\u00e4tzte Lesezeit\" \/>\n\t<meta name=\"twitter:data1\" content=\"1\u00a0Minute\" \/>\n<script type=\"application\/ld+json\" class=\"yoast-schema-graph\">{\"@context\":\"https:\\\/\\\/schema.org\",\"@graph\":[{\"@type\":\"WebPage\",\"@id\":\"https:\\\/\\\/shop.bantam.ch\\\/de\\\/produkt\\\/stuhl-avantgarde-noblesse-ergofit\\\/\",\"url\":\"https:\\\/\\\/shop.bantam.ch\\\/de\\\/produkt\\\/stuhl-avantgarde-noblesse-ergofit\\\/\",\"name\":\"Stuhl Avantgarde Noblesse Ergofit - Bantam Camping AG\",\"isPartOf\":{\"@id\":\"https:\\\/\\\/shop.bantam.ch\\\/de\\\/#website\"},\"primaryImageOfPage\":{\"@id\":\"https:\\\/\\\/shop.bantam.ch\\\/de\\\/produkt\\\/stuhl-avantgarde-noblesse-ergofit\\\/#primaryimage\"},\"image\":{\"@id\":\"https:\\\/\\\/shop.bantam.ch\\\/de\\\/produkt\\\/stuhl-avantgarde-noblesse-ergofit\\\/#primaryimage\"},\"thumbnailUrl\":\"https:\\\/\\\/shop.bantam.ch\\\/wp-content\\\/uploads\\\/2026\\\/01\\\/Movera-L-9964137100.jpg\",\"datePublished\":\"2026-01-06T14:52:42+00:00\",\"dateModified\":\"2026-04-18T00:25:44+00:00\",\"breadcrumb\":{\"@id\":\"https:\\\/\\\/shop.bantam.ch\\\/de\\\/produkt\\\/stuhl-avantgarde-noblesse-ergofit\\\/#breadcrumb\"},\"inLanguage\":\"de\",\"potentialAction\":[{\"@type\":\"ReadAction\",\"target\":[\"https:\\\/\\\/shop.bantam.ch\\\/de\\\/produkt\\\/stuhl-avantgarde-noblesse-ergofit\\\/\"]}]},{\"@type\":\"ImageObject\",\"inLanguage\":\"de\",\"@id\":\"https:\\\/\\\/shop.bantam.ch\\\/de\\\/produkt\\\/stuhl-avantgarde-noblesse-ergofit\\\/#primaryimage\",\"url\":\"https:\\\/\\\/shop.bantam.ch\\\/wp-content\\\/uploads\\\/2026\\\/01\\\/Movera-L-9964137100.jpg\",\"contentUrl\":\"https:\\\/\\\/shop.bantam.ch\\\/wp-content\\\/uploads\\\/2026\\\/01\\\/Movera-L-9964137100.jpg\",\"width\":640,\"height\":821},{\"@type\":\"BreadcrumbList\",\"@id\":\"https:\\\/\\\/shop.bantam.ch\\\/de\\\/produkt\\\/stuhl-avantgarde-noblesse-ergofit\\\/#breadcrumb\",\"itemListElement\":[{\"@type\":\"ListItem\",\"position\":1,\"name\":\"Accueil\",\"item\":\"https:\\\/\\\/shop.bantam.ch\\\/de\\\/\"},{\"@type\":\"ListItem\",\"position\":2,\"name\":\"Shop\",\"item\":\"https:\\\/\\\/shop.bantam.ch\\\/de\\\/shop\\\/\"},{\"@type\":\"ListItem\",\"position\":3,\"name\":\"Stuhl Avantgarde Noblesse Ergofit\"}]},{\"@type\":\"WebSite\",\"@id\":\"https:\\\/\\\/shop.bantam.ch\\\/de\\\/#website\",\"url\":\"https:\\\/\\\/shop.bantam.ch\\\/de\\\/\",\"name\":\"Bantam Camping AG\",\"description\":\"\",\"publisher\":{\"@id\":\"https:\\\/\\\/shop.bantam.ch\\\/de\\\/#organization\"},\"inLanguage\":\"de\"},{\"@type\":\"Organization\",\"@id\":\"https:\\\/\\\/shop.bantam.ch\\\/de\\\/#organization\",\"name\":\"Bantam Camping AG\",\"url\":\"https:\\\/\\\/shop.bantam.ch\\\/de\\\/\",\"logo\":{\"@type\":\"ImageObject\",\"inLanguage\":\"de\",\"@id\":\"https:\\\/\\\/shop.bantam.ch\\\/de\\\/#\\\/schema\\\/logo\\\/image\\\/\",\"url\":\"https:\\\/\\\/shop.bantam.ch\\\/wp-content\\\/uploads\\\/2022\\\/12\\\/bantam-logo.png\",\"contentUrl\":\"https:\\\/\\\/shop.bantam.ch\\\/wp-content\\\/uploads\\\/2022\\\/12\\\/bantam-logo.png\",\"width\":320,\"height\":71,\"caption\":\"Bantam Camping AG\"},\"image\":{\"@id\":\"https:\\\/\\\/shop.bantam.ch\\\/de\\\/#\\\/schema\\\/logo\\\/image\\\/\"}}]}<\/script>\n<!-- \/ Yoast SEO plugin. -->","yoast_head_json":{"title":"Stuhl Avantgarde Noblesse Ergofit - Bantam Camping AG","robots":{"index":"index","follow":"follow","max-snippet":"max-snippet:-1","max-image-preview":"max-image-preview:large","max-video-preview":"max-video-preview:-1"},"canonical":"https:\/\/shop.bantam.ch\/de\/produkt\/stuhl-avantgarde-noblesse-ergofit\/","og_locale":"de_DE","og_type":"article","og_title":"Stuhl Avantgarde Noblesse Ergofit - Bantam Camping AG","og_description":"Der neue Noblesse Ergofit vereint das Beste aus beiden Welten \u2013 hohe Ergonomie bei minimalem Packma\u00df. Dank der, h\u00f6henverstellbaren Kopfst\u00fctze und dem bew\u00e4hrten hohen Sitzkomfort \u00fcberzeugt er mit seiner ErgoShell\u00ae-Technologie, die sich der nat\u00fcrlichen Form der Wirbels\u00e4ule anpasst und optimalen Halt bietet. Das wasserdurchl\u00e4ssige, UV-best\u00e4ndige und besonders sanfte Soft-Mesh-Gewebe DuraDore\u00ae 3D sorgt zus\u00e4tzlich f\u00fcr ein [&hellip;]","og_url":"https:\/\/shop.bantam.ch\/de\/produkt\/stuhl-avantgarde-noblesse-ergofit\/","og_site_name":"Bantam Camping AG","article_modified_time":"2026-04-18T00:25:44+00:00","twitter_card":"summary_large_image","twitter_misc":{"Gesch\u00e4tzte Lesezeit":"1\u00a0Minute"},"schema":{"@context":"https:\/\/schema.org","@graph":[{"@type":"WebPage","@id":"https:\/\/shop.bantam.ch\/de\/produkt\/stuhl-avantgarde-noblesse-ergofit\/","url":"https:\/\/shop.bantam.ch\/de\/produkt\/stuhl-avantgarde-noblesse-ergofit\/","name":"Stuhl Avantgarde Noblesse Ergofit - Bantam Camping AG","isPartOf":{"@id":"https:\/\/shop.bantam.ch\/de\/#website"},"primaryImageOfPage":{"@id":"https:\/\/shop.bantam.ch\/de\/produkt\/stuhl-avantgarde-noblesse-ergofit\/#primaryimage"},"image":{"@id":"https:\/\/shop.bantam.ch\/de\/produkt\/stuhl-avantgarde-noblesse-ergofit\/#primaryimage"},"thumbnailUrl":"https:\/\/shop.bantam.ch\/wp-content\/uploads\/2026\/01\/Movera-L-9964137100.jpg","datePublished":"2026-01-06T14:52:42+00:00","dateModified":"2026-04-18T00:25:44+00:00","breadcrumb":{"@id":"https:\/\/shop.bantam.ch\/de\/produkt\/stuhl-avantgarde-noblesse-ergofit\/#breadcrumb"},"inLanguage":"de","potentialAction":[{"@type":"ReadAction","target":["https:\/\/shop.bantam.ch\/de\/produkt\/stuhl-avantgarde-noblesse-ergofit\/"]}]},{"@type":"ImageObject","inLanguage":"de","@id":"https:\/\/shop.bantam.ch\/de\/produkt\/stuhl-avantgarde-noblesse-ergofit\/#primaryimage","url":"https:\/\/shop.bantam.ch\/wp-content\/uploads\/2026\/01\/Movera-L-9964137100.jpg","contentUrl":"https:\/\/shop.bantam.ch\/wp-content\/uploads\/2026\/01\/Movera-L-9964137100.jpg","width":640,"height":821},{"@type":"BreadcrumbList","@id":"https:\/\/shop.bantam.ch\/de\/produkt\/stuhl-avantgarde-noblesse-ergofit\/#breadcrumb","itemListElement":[{"@type":"ListItem","position":1,"name":"Accueil","item":"https:\/\/shop.bantam.ch\/de\/"},{"@type":"ListItem","position":2,"name":"Shop","item":"https:\/\/shop.bantam.ch\/de\/shop\/"},{"@type":"ListItem","position":3,"name":"Stuhl Avantgarde Noblesse Ergofit"}]},{"@type":"WebSite","@id":"https:\/\/shop.bantam.ch\/de\/#website","url":"https:\/\/shop.bantam.ch\/de\/","name":"Bantam Camping AG","description":"","publisher":{"@id":"https:\/\/shop.bantam.ch\/de\/#organization"},"inLanguage":"de"},{"@type":"Organization","@id":"https:\/\/shop.bantam.ch\/de\/#organization","name":"Bantam Camping AG","url":"https:\/\/shop.bantam.ch\/de\/","logo":{"@type":"ImageObject","inLanguage":"de","@id":"https:\/\/shop.bantam.ch\/de\/#\/schema\/logo\/image\/","url":"https:\/\/shop.bantam.ch\/wp-content\/uploads\/2022\/12\/bantam-logo.png","contentUrl":"https:\/\/shop.bantam.ch\/wp-content\/uploads\/2022\/12\/bantam-logo.png","width":320,"height":71,"caption":"Bantam Camping AG"},"image":{"@id":"https:\/\/shop.bantam.ch\/de\/#\/schema\/logo\/image\/"}}]}},"_links":{"self":[{"href":"https:\/\/shop.bantam.ch\/de\/wp-json\/wp\/v2\/product\/228409","targetHints":{"allow":["GET"]}}],"collection":[{"href":"https:\/\/shop.bantam.ch\/de\/wp-json\/wp\/v2\/product"}],"about":[{"href":"https:\/\/shop.bantam.ch\/de\/wp-json\/wp\/v2\/types\/product"}],"wp:featuredmedia":[{"embeddable":true,"href":"https:\/\/shop.bantam.ch\/de\/wp-json\/wp\/v2\/media\/228404"}],"wp:attachment":[{"href":"https:\/\/shop.bantam.ch\/de\/wp-json\/wp\/v2\/media?parent=228409"}],"wp:term":[{"taxonomy":"product_featured_cat","embeddable":true,"href":"https:\/\/shop.bantam.ch\/de\/wp-json\/wp\/v2\/product_featured_cat?post=228409"},{"taxonomy":"product_brand","embeddable":true,"href":"https:\/\/shop.bantam.ch\/de\/wp-json\/wp\/v2\/product_brand?post=228409"},{"taxonomy":"product_cat","embeddable":true,"href":"https:\/\/shop.bantam.ch\/de\/wp-json\/wp\/v2\/product_cat?post=228409"},{"taxonomy":"product_tag","embeddable":true,"href":"https:\/\/shop.bantam.ch\/de\/wp-json\/wp\/v2\/product_tag?post=228409"}],"curies":[{"name":"wp","href":"https:\/\/api.w.org\/{rel}","templated":true}]}}