{"id":228272,"date":"2026-01-06T15:49:40","date_gmt":"2026-01-06T14:49:40","guid":{"rendered":"https:\/\/shop.bantam.ch\/produit\/stellplatzfuehrer-wellness-mit-dem-wohnmobil-2\/"},"modified":"2026-05-11T23:46:06","modified_gmt":"2026-05-11T21:46:06","slug":"stellplatzfuehrer-wellness-mit-dem-wohnmobil-2","status":"publish","type":"product","link":"https:\/\/shop.bantam.ch\/de\/produkt\/stellplatzfuehrer-wellness-mit-dem-wohnmobil-2\/","title":{"rendered":"Stellplatzf\u00fchrer Wellness mit dem Wohnmobil"},"content":{"rendered":"<p><!--StartFragment -->Im herrlich warmen Wasser entspannen, den Stress des Alltags hinter sich lassen \u2013 und dann im gewohnten Bett des eigenen Wohnmobils \u00fcbernachten. Damit dieser Verw\u00f6hn-Urlaub funktioniert, widmet sich Reisemobil International mit seinem neuen Stellplatzf\u00fchrer jenen Thermen in Deutschland, die \u00fcber einen \u00dcbernachtungsplatz f\u00fcr Wohnmobile vor der T\u00fcr oder im Umkreis bis zu f\u00fcnf Kilometern verf\u00fcgen.<!--EndFragment --><\/p>\n","protected":false},"excerpt":{"rendered":"<p>Im herrlich warmen Wasser entspannen, den Stress des Alltags hinter sich lassen \u2013 und dann im gewohnten Bett des eigenen Wohnmobils \u00fcbernachten. Damit dieser Verw\u00f6hn-Urlaub funktioniert, widmet sich Reisemobil International mit seinem neuen Stellplatzf\u00fchrer jenen Thermen in Deutschland, die \u00fcber einen \u00dcbernachtungsplatz f\u00fcr Wohnmobile vor der T\u00fcr oder im Umkreis bis zu f\u00fcnf Kilometern verf\u00fcgen.<\/p>\n","protected":false},"featured_media":228270,"template":"","meta":{"_acf_changed":false},"product_featured_cat":[],"product_brand":[],"product_cat":[4346],"product_tag":[],"class_list":{"0":"post-228272","1":"product","2":"type-product","3":"status-publish","4":"has-post-thumbnail","6":"product_cat-stellplatzfuehrer","8":"first","9":"instock","10":"taxable","11":"shipping-taxable","12":"purchasable","13":"product-type-simple"},"acf":[],"yoast_head":"<!-- This site is optimized with the Yoast SEO plugin v27.5 - https:\/\/yoast.com\/product\/yoast-seo-wordpress\/ -->\n<title>Stellplatzf\u00fchrer Wellness mit dem Wohnmobil - Bantam<\/title>\n<meta name=\"robots\" content=\"index, follow, max-snippet:-1, max-image-preview:large, max-video-preview:-1\" \/>\n<link rel=\"canonical\" href=\"https:\/\/shop.bantam.ch\/de\/produkt\/stellplatzfuehrer-wellness-mit-dem-wohnmobil-2\/\" \/>\n<meta property=\"og:locale\" content=\"de_DE\" \/>\n<meta property=\"og:type\" content=\"article\" \/>\n<meta property=\"og:title\" content=\"Stellplatzf\u00fchrer Wellness mit dem Wohnmobil - Bantam\" \/>\n<meta property=\"og:description\" content=\"Im herrlich warmen Wasser entspannen, den Stress des Alltags hinter sich lassen \u2013 und dann im gewohnten Bett des eigenen Wohnmobils \u00fcbernachten. Damit dieser Verw\u00f6hn-Urlaub funktioniert, widmet sich Reisemobil International mit seinem neuen Stellplatzf\u00fchrer jenen Thermen in Deutschland, die \u00fcber einen \u00dcbernachtungsplatz f\u00fcr Wohnmobile vor der T\u00fcr oder im Umkreis bis zu f\u00fcnf Kilometern verf\u00fcgen.\" \/>\n<meta property=\"og:url\" content=\"https:\/\/shop.bantam.ch\/de\/produkt\/stellplatzfuehrer-wellness-mit-dem-wohnmobil-2\/\" \/>\n<meta property=\"og:site_name\" content=\"Bantam\" \/>\n<meta property=\"article:modified_time\" content=\"2026-05-11T21:46:06+00:00\" \/>\n<meta name=\"twitter:card\" content=\"summary_large_image\" \/>\n<script type=\"application\/ld+json\" class=\"yoast-schema-graph\">{\"@context\":\"https:\\\/\\\/schema.org\",\"@graph\":[{\"@type\":\"WebPage\",\"@id\":\"https:\\\/\\\/shop.bantam.ch\\\/de\\\/produkt\\\/stellplatzfuehrer-wellness-mit-dem-wohnmobil-2\\\/\",\"url\":\"https:\\\/\\\/shop.bantam.ch\\\/de\\\/produkt\\\/stellplatzfuehrer-wellness-mit-dem-wohnmobil-2\\\/\",\"name\":\"Stellplatzf\u00fchrer Wellness mit dem Wohnmobil - Bantam\",\"isPartOf\":{\"@id\":\"https:\\\/\\\/shop.bantam.ch\\\/de\\\/#website\"},\"primaryImageOfPage\":{\"@id\":\"https:\\\/\\\/shop.bantam.ch\\\/de\\\/produkt\\\/stellplatzfuehrer-wellness-mit-dem-wohnmobil-2\\\/#primaryimage\"},\"image\":{\"@id\":\"https:\\\/\\\/shop.bantam.ch\\\/de\\\/produkt\\\/stellplatzfuehrer-wellness-mit-dem-wohnmobil-2\\\/#primaryimage\"},\"thumbnailUrl\":\"https:\\\/\\\/shop.bantam.ch\\\/wp-content\\\/uploads\\\/2026\\\/01\\\/Movera-L-9963876100.jpg\",\"datePublished\":\"2026-01-06T14:49:40+00:00\",\"dateModified\":\"2026-05-11T21:46:06+00:00\",\"breadcrumb\":{\"@id\":\"https:\\\/\\\/shop.bantam.ch\\\/de\\\/produkt\\\/stellplatzfuehrer-wellness-mit-dem-wohnmobil-2\\\/#breadcrumb\"},\"inLanguage\":\"de\",\"potentialAction\":[{\"@type\":\"ReadAction\",\"target\":[\"https:\\\/\\\/shop.bantam.ch\\\/de\\\/produkt\\\/stellplatzfuehrer-wellness-mit-dem-wohnmobil-2\\\/\"]}]},{\"@type\":\"ImageObject\",\"inLanguage\":\"de\",\"@id\":\"https:\\\/\\\/shop.bantam.ch\\\/de\\\/produkt\\\/stellplatzfuehrer-wellness-mit-dem-wohnmobil-2\\\/#primaryimage\",\"url\":\"https:\\\/\\\/shop.bantam.ch\\\/wp-content\\\/uploads\\\/2026\\\/01\\\/Movera-L-9963876100.jpg\",\"contentUrl\":\"https:\\\/\\\/shop.bantam.ch\\\/wp-content\\\/uploads\\\/2026\\\/01\\\/Movera-L-9963876100.jpg\",\"width\":640,\"height\":912},{\"@type\":\"BreadcrumbList\",\"@id\":\"https:\\\/\\\/shop.bantam.ch\\\/de\\\/produkt\\\/stellplatzfuehrer-wellness-mit-dem-wohnmobil-2\\\/#breadcrumb\",\"itemListElement\":[{\"@type\":\"ListItem\",\"position\":1,\"name\":\"Accueil\",\"item\":\"https:\\\/\\\/shop.bantam.ch\\\/de\\\/\"},{\"@type\":\"ListItem\",\"position\":2,\"name\":\"Shop\",\"item\":\"https:\\\/\\\/shop.bantam.ch\\\/de\\\/shop\\\/\"},{\"@type\":\"ListItem\",\"position\":3,\"name\":\"Stellplatzf\u00fchrer Wellness mit dem Wohnmobil\"}]},{\"@type\":\"WebSite\",\"@id\":\"https:\\\/\\\/shop.bantam.ch\\\/de\\\/#website\",\"url\":\"https:\\\/\\\/shop.bantam.ch\\\/de\\\/\",\"name\":\"Bantam\",\"description\":\"\",\"publisher\":{\"@id\":\"https:\\\/\\\/shop.bantam.ch\\\/de\\\/#organization\"},\"inLanguage\":\"de\"},{\"@type\":\"Organization\",\"@id\":\"https:\\\/\\\/shop.bantam.ch\\\/de\\\/#organization\",\"name\":\"Bantam\",\"url\":\"https:\\\/\\\/shop.bantam.ch\\\/de\\\/\",\"logo\":{\"@type\":\"ImageObject\",\"inLanguage\":\"de\",\"@id\":\"https:\\\/\\\/shop.bantam.ch\\\/de\\\/#\\\/schema\\\/logo\\\/image\\\/\",\"url\":\"https:\\\/\\\/shop.bantam.ch\\\/wp-content\\\/uploads\\\/2022\\\/12\\\/bantam-logo.png\",\"contentUrl\":\"https:\\\/\\\/shop.bantam.ch\\\/wp-content\\\/uploads\\\/2022\\\/12\\\/bantam-logo.png\",\"width\":320,\"height\":71,\"caption\":\"Bantam\"},\"image\":{\"@id\":\"https:\\\/\\\/shop.bantam.ch\\\/de\\\/#\\\/schema\\\/logo\\\/image\\\/\"}}]}<\/script>\n<!-- \/ Yoast SEO plugin. -->","yoast_head_json":{"title":"Stellplatzf\u00fchrer Wellness mit dem Wohnmobil - Bantam","robots":{"index":"index","follow":"follow","max-snippet":"max-snippet:-1","max-image-preview":"max-image-preview:large","max-video-preview":"max-video-preview:-1"},"canonical":"https:\/\/shop.bantam.ch\/de\/produkt\/stellplatzfuehrer-wellness-mit-dem-wohnmobil-2\/","og_locale":"de_DE","og_type":"article","og_title":"Stellplatzf\u00fchrer Wellness mit dem Wohnmobil - Bantam","og_description":"Im herrlich warmen Wasser entspannen, den Stress des Alltags hinter sich lassen \u2013 und dann im gewohnten Bett des eigenen Wohnmobils \u00fcbernachten. Damit dieser Verw\u00f6hn-Urlaub funktioniert, widmet sich Reisemobil International mit seinem neuen Stellplatzf\u00fchrer jenen Thermen in Deutschland, die \u00fcber einen \u00dcbernachtungsplatz f\u00fcr Wohnmobile vor der T\u00fcr oder im Umkreis bis zu f\u00fcnf Kilometern verf\u00fcgen.","og_url":"https:\/\/shop.bantam.ch\/de\/produkt\/stellplatzfuehrer-wellness-mit-dem-wohnmobil-2\/","og_site_name":"Bantam","article_modified_time":"2026-05-11T21:46:06+00:00","twitter_card":"summary_large_image","schema":{"@context":"https:\/\/schema.org","@graph":[{"@type":"WebPage","@id":"https:\/\/shop.bantam.ch\/de\/produkt\/stellplatzfuehrer-wellness-mit-dem-wohnmobil-2\/","url":"https:\/\/shop.bantam.ch\/de\/produkt\/stellplatzfuehrer-wellness-mit-dem-wohnmobil-2\/","name":"Stellplatzf\u00fchrer Wellness mit dem Wohnmobil - Bantam","isPartOf":{"@id":"https:\/\/shop.bantam.ch\/de\/#website"},"primaryImageOfPage":{"@id":"https:\/\/shop.bantam.ch\/de\/produkt\/stellplatzfuehrer-wellness-mit-dem-wohnmobil-2\/#primaryimage"},"image":{"@id":"https:\/\/shop.bantam.ch\/de\/produkt\/stellplatzfuehrer-wellness-mit-dem-wohnmobil-2\/#primaryimage"},"thumbnailUrl":"https:\/\/shop.bantam.ch\/wp-content\/uploads\/2026\/01\/Movera-L-9963876100.jpg","datePublished":"2026-01-06T14:49:40+00:00","dateModified":"2026-05-11T21:46:06+00:00","breadcrumb":{"@id":"https:\/\/shop.bantam.ch\/de\/produkt\/stellplatzfuehrer-wellness-mit-dem-wohnmobil-2\/#breadcrumb"},"inLanguage":"de","potentialAction":[{"@type":"ReadAction","target":["https:\/\/shop.bantam.ch\/de\/produkt\/stellplatzfuehrer-wellness-mit-dem-wohnmobil-2\/"]}]},{"@type":"ImageObject","inLanguage":"de","@id":"https:\/\/shop.bantam.ch\/de\/produkt\/stellplatzfuehrer-wellness-mit-dem-wohnmobil-2\/#primaryimage","url":"https:\/\/shop.bantam.ch\/wp-content\/uploads\/2026\/01\/Movera-L-9963876100.jpg","contentUrl":"https:\/\/shop.bantam.ch\/wp-content\/uploads\/2026\/01\/Movera-L-9963876100.jpg","width":640,"height":912},{"@type":"BreadcrumbList","@id":"https:\/\/shop.bantam.ch\/de\/produkt\/stellplatzfuehrer-wellness-mit-dem-wohnmobil-2\/#breadcrumb","itemListElement":[{"@type":"ListItem","position":1,"name":"Accueil","item":"https:\/\/shop.bantam.ch\/de\/"},{"@type":"ListItem","position":2,"name":"Shop","item":"https:\/\/shop.bantam.ch\/de\/shop\/"},{"@type":"ListItem","position":3,"name":"Stellplatzf\u00fchrer Wellness mit dem Wohnmobil"}]},{"@type":"WebSite","@id":"https:\/\/shop.bantam.ch\/de\/#website","url":"https:\/\/shop.bantam.ch\/de\/","name":"Bantam","description":"","publisher":{"@id":"https:\/\/shop.bantam.ch\/de\/#organization"},"inLanguage":"de"},{"@type":"Organization","@id":"https:\/\/shop.bantam.ch\/de\/#organization","name":"Bantam","url":"https:\/\/shop.bantam.ch\/de\/","logo":{"@type":"ImageObject","inLanguage":"de","@id":"https:\/\/shop.bantam.ch\/de\/#\/schema\/logo\/image\/","url":"https:\/\/shop.bantam.ch\/wp-content\/uploads\/2022\/12\/bantam-logo.png","contentUrl":"https:\/\/shop.bantam.ch\/wp-content\/uploads\/2022\/12\/bantam-logo.png","width":320,"height":71,"caption":"Bantam"},"image":{"@id":"https:\/\/shop.bantam.ch\/de\/#\/schema\/logo\/image\/"}}]}},"_links":{"self":[{"href":"https:\/\/shop.bantam.ch\/de\/wp-json\/wp\/v2\/product\/228272","targetHints":{"allow":["GET"]}}],"collection":[{"href":"https:\/\/shop.bantam.ch\/de\/wp-json\/wp\/v2\/product"}],"about":[{"href":"https:\/\/shop.bantam.ch\/de\/wp-json\/wp\/v2\/types\/product"}],"wp:featuredmedia":[{"embeddable":true,"href":"https:\/\/shop.bantam.ch\/de\/wp-json\/wp\/v2\/media\/228270"}],"wp:attachment":[{"href":"https:\/\/shop.bantam.ch\/de\/wp-json\/wp\/v2\/media?parent=228272"}],"wp:term":[{"taxonomy":"product_featured_cat","embeddable":true,"href":"https:\/\/shop.bantam.ch\/de\/wp-json\/wp\/v2\/product_featured_cat?post=228272"},{"taxonomy":"product_brand","embeddable":true,"href":"https:\/\/shop.bantam.ch\/de\/wp-json\/wp\/v2\/product_brand?post=228272"},{"taxonomy":"product_cat","embeddable":true,"href":"https:\/\/shop.bantam.ch\/de\/wp-json\/wp\/v2\/product_cat?post=228272"},{"taxonomy":"product_tag","embeddable":true,"href":"https:\/\/shop.bantam.ch\/de\/wp-json\/wp\/v2\/product_tag?post=228272"}],"curies":[{"name":"wp","href":"https:\/\/api.w.org\/{rel}","templated":true}]}}