{"id":228246,"date":"2026-01-06T15:48:46","date_gmt":"2026-01-06T14:48:46","guid":{"rendered":"https:\/\/shop.bantam.ch\/produit\/kopressorkuehlbox-arctic-chill\/"},"modified":"2026-04-19T02:26:29","modified_gmt":"2026-04-19T00:26:29","slug":"kopressorkuehlbox-arctic-chill","status":"publish","type":"product","link":"https:\/\/shop.bantam.ch\/de\/produkt\/kopressorkuehlbox-arctic-chill\/","title":{"rendered":"Kopressork\u00fchlbox Arctic Chill"},"content":{"rendered":"<p>Die Kompressork\u00fchlboxen Arctic Chill 40 und 50 bieten die optimale L\u00f6sung, um Lebensmittel mit 230 V oder 12 V Stromversorgung bis zu -20 \u00b0C zu k\u00fchlen. Ihr klares Design integriert praktische Features wie Temperaturregelung \u00fcber ein LED-Display oder eine kostenlose Bluetooth-App. Beide Modelle bieten zudem Unterspannungsschutz, einen Kippschutz bis zu 40 Grad, einen 5 V\/1 A USB-Ladeanschluss und Innenbeleuchtung.<\/p>\n<ul>\n<li>-20 \u00b0C bis +20 \u00b0C<\/li>\n<li>App-Funktion zur \u00dcberwachung und Steuerung mit der kostenlosen Outwell-App<\/li>\n<li>5 V\/1 A USB-Ladeanschluss<\/li>\n<li>LED-Anzeige und Steuerung<\/li>\n<li>Innenbeleuchtung<\/li>\n<li>Robustes Kunststoffgeh\u00e4use und Deckel<\/li>\n<li>Abnehmbarer Deckel \u00f6ffnet nach links oder rechts<\/li>\n<li>Wasserdichte Innenseite<\/li>\n<li>Flacher integrierter Griff mit Befestigungspunkt<\/li>\n<li>Kann mit 12V oder 230V verwendet werden<\/li>\n<li>Lieferung mit 230-V-Adapter und Kabeln f\u00fcr EU- und UK-Stecker<\/li>\n<li>250 cm 12 V-Kabel und 210 cm 230 V-Kabel<\/li>\n<li>Unterspannungsschutz<\/li>\n<li>Kippschutz 40 Grad<\/li>\n<li>Innenteiler<\/li>\n<\/ul>\n","protected":false},"excerpt":{"rendered":"<p>Die Kompressork\u00fchlboxen Arctic Chill 40 und 50 bieten die optimale L\u00f6sung, um Lebensmittel mit 230 V oder 12 V Stromversorgung bis zu -20 \u00b0C zu k\u00fchlen. Ihr klares Design integriert praktische Features wie Temperaturregelung \u00fcber ein LED-Display oder eine kostenlose Bluetooth-App. Beide Modelle bieten zudem Unterspannungsschutz, einen Kippschutz bis zu 40 Grad, einen 5 V\/1 [&hellip;]<\/p>\n","protected":false},"featured_media":228230,"template":"","meta":{"_acf_changed":false},"product_featured_cat":[],"product_brand":[],"product_cat":[4546],"product_tag":[],"class_list":{"0":"post-228246","1":"product","2":"type-product","3":"status-publish","4":"has-post-thumbnail","6":"product_cat-kompressor-kuehlboxen-kuehlboxen","8":"first","9":"instock","10":"taxable","11":"shipping-taxable","12":"purchasable","13":"product-type-variable"},"acf":[],"yoast_head":"<!-- This site is optimized with the Yoast SEO plugin v27.4 - https:\/\/yoast.com\/product\/yoast-seo-wordpress\/ -->\n<title>Kopressork\u00fchlbox Arctic Chill - Bantam Camping AG<\/title>\n<meta name=\"robots\" content=\"index, follow, max-snippet:-1, max-image-preview:large, max-video-preview:-1\" \/>\n<link rel=\"canonical\" href=\"https:\/\/shop.bantam.ch\/de\/produkt\/kopressorkuehlbox-arctic-chill\/\" \/>\n<meta property=\"og:locale\" content=\"de_DE\" \/>\n<meta property=\"og:type\" content=\"article\" \/>\n<meta property=\"og:title\" content=\"Kopressork\u00fchlbox Arctic Chill - Bantam Camping AG\" \/>\n<meta property=\"og:description\" content=\"Die Kompressork\u00fchlboxen Arctic Chill 40 und 50 bieten die optimale L\u00f6sung, um Lebensmittel mit 230 V oder 12 V Stromversorgung bis zu -20 \u00b0C zu k\u00fchlen. Ihr klares Design integriert praktische Features wie Temperaturregelung \u00fcber ein LED-Display oder eine kostenlose Bluetooth-App. Beide Modelle bieten zudem Unterspannungsschutz, einen Kippschutz bis zu 40 Grad, einen 5 V\/1 [&hellip;]\" \/>\n<meta property=\"og:url\" content=\"https:\/\/shop.bantam.ch\/de\/produkt\/kopressorkuehlbox-arctic-chill\/\" \/>\n<meta property=\"og:site_name\" content=\"Bantam Camping AG\" \/>\n<meta property=\"article:modified_time\" content=\"2026-04-19T00:26:29+00:00\" \/>\n<meta name=\"twitter:card\" content=\"summary_large_image\" \/>\n<meta name=\"twitter:label1\" content=\"Gesch\u00e4tzte Lesezeit\" \/>\n\t<meta name=\"twitter:data1\" content=\"1\u00a0Minute\" \/>\n<script type=\"application\/ld+json\" class=\"yoast-schema-graph\">{\"@context\":\"https:\\\/\\\/schema.org\",\"@graph\":[{\"@type\":\"WebPage\",\"@id\":\"https:\\\/\\\/shop.bantam.ch\\\/de\\\/produkt\\\/kopressorkuehlbox-arctic-chill\\\/\",\"url\":\"https:\\\/\\\/shop.bantam.ch\\\/de\\\/produkt\\\/kopressorkuehlbox-arctic-chill\\\/\",\"name\":\"Kopressork\u00fchlbox Arctic Chill - Bantam Camping AG\",\"isPartOf\":{\"@id\":\"https:\\\/\\\/shop.bantam.ch\\\/de\\\/#website\"},\"primaryImageOfPage\":{\"@id\":\"https:\\\/\\\/shop.bantam.ch\\\/de\\\/produkt\\\/kopressorkuehlbox-arctic-chill\\\/#primaryimage\"},\"image\":{\"@id\":\"https:\\\/\\\/shop.bantam.ch\\\/de\\\/produkt\\\/kopressorkuehlbox-arctic-chill\\\/#primaryimage\"},\"thumbnailUrl\":\"https:\\\/\\\/shop.bantam.ch\\\/wp-content\\\/uploads\\\/2026\\\/01\\\/Movera-L-9963868100.png\",\"datePublished\":\"2026-01-06T14:48:46+00:00\",\"dateModified\":\"2026-04-19T00:26:29+00:00\",\"breadcrumb\":{\"@id\":\"https:\\\/\\\/shop.bantam.ch\\\/de\\\/produkt\\\/kopressorkuehlbox-arctic-chill\\\/#breadcrumb\"},\"inLanguage\":\"de\",\"potentialAction\":[{\"@type\":\"ReadAction\",\"target\":[\"https:\\\/\\\/shop.bantam.ch\\\/de\\\/produkt\\\/kopressorkuehlbox-arctic-chill\\\/\"]}]},{\"@type\":\"ImageObject\",\"inLanguage\":\"de\",\"@id\":\"https:\\\/\\\/shop.bantam.ch\\\/de\\\/produkt\\\/kopressorkuehlbox-arctic-chill\\\/#primaryimage\",\"url\":\"https:\\\/\\\/shop.bantam.ch\\\/wp-content\\\/uploads\\\/2026\\\/01\\\/Movera-L-9963868100.png\",\"contentUrl\":\"https:\\\/\\\/shop.bantam.ch\\\/wp-content\\\/uploads\\\/2026\\\/01\\\/Movera-L-9963868100.png\",\"width\":640,\"height\":360},{\"@type\":\"BreadcrumbList\",\"@id\":\"https:\\\/\\\/shop.bantam.ch\\\/de\\\/produkt\\\/kopressorkuehlbox-arctic-chill\\\/#breadcrumb\",\"itemListElement\":[{\"@type\":\"ListItem\",\"position\":1,\"name\":\"Accueil\",\"item\":\"https:\\\/\\\/shop.bantam.ch\\\/de\\\/\"},{\"@type\":\"ListItem\",\"position\":2,\"name\":\"Shop\",\"item\":\"https:\\\/\\\/shop.bantam.ch\\\/de\\\/shop\\\/\"},{\"@type\":\"ListItem\",\"position\":3,\"name\":\"Kopressork\u00fchlbox Arctic Chill\"}]},{\"@type\":\"WebSite\",\"@id\":\"https:\\\/\\\/shop.bantam.ch\\\/de\\\/#website\",\"url\":\"https:\\\/\\\/shop.bantam.ch\\\/de\\\/\",\"name\":\"Bantam Camping AG\",\"description\":\"\",\"publisher\":{\"@id\":\"https:\\\/\\\/shop.bantam.ch\\\/de\\\/#organization\"},\"inLanguage\":\"de\"},{\"@type\":\"Organization\",\"@id\":\"https:\\\/\\\/shop.bantam.ch\\\/de\\\/#organization\",\"name\":\"Bantam Camping AG\",\"url\":\"https:\\\/\\\/shop.bantam.ch\\\/de\\\/\",\"logo\":{\"@type\":\"ImageObject\",\"inLanguage\":\"de\",\"@id\":\"https:\\\/\\\/shop.bantam.ch\\\/de\\\/#\\\/schema\\\/logo\\\/image\\\/\",\"url\":\"https:\\\/\\\/shop.bantam.ch\\\/wp-content\\\/uploads\\\/2022\\\/12\\\/bantam-logo.png\",\"contentUrl\":\"https:\\\/\\\/shop.bantam.ch\\\/wp-content\\\/uploads\\\/2022\\\/12\\\/bantam-logo.png\",\"width\":320,\"height\":71,\"caption\":\"Bantam Camping AG\"},\"image\":{\"@id\":\"https:\\\/\\\/shop.bantam.ch\\\/de\\\/#\\\/schema\\\/logo\\\/image\\\/\"}}]}<\/script>\n<!-- \/ Yoast SEO plugin. -->","yoast_head_json":{"title":"Kopressork\u00fchlbox Arctic Chill - Bantam Camping AG","robots":{"index":"index","follow":"follow","max-snippet":"max-snippet:-1","max-image-preview":"max-image-preview:large","max-video-preview":"max-video-preview:-1"},"canonical":"https:\/\/shop.bantam.ch\/de\/produkt\/kopressorkuehlbox-arctic-chill\/","og_locale":"de_DE","og_type":"article","og_title":"Kopressork\u00fchlbox Arctic Chill - Bantam Camping AG","og_description":"Die Kompressork\u00fchlboxen Arctic Chill 40 und 50 bieten die optimale L\u00f6sung, um Lebensmittel mit 230 V oder 12 V Stromversorgung bis zu -20 \u00b0C zu k\u00fchlen. Ihr klares Design integriert praktische Features wie Temperaturregelung \u00fcber ein LED-Display oder eine kostenlose Bluetooth-App. Beide Modelle bieten zudem Unterspannungsschutz, einen Kippschutz bis zu 40 Grad, einen 5 V\/1 [&hellip;]","og_url":"https:\/\/shop.bantam.ch\/de\/produkt\/kopressorkuehlbox-arctic-chill\/","og_site_name":"Bantam Camping AG","article_modified_time":"2026-04-19T00:26:29+00:00","twitter_card":"summary_large_image","twitter_misc":{"Gesch\u00e4tzte Lesezeit":"1\u00a0Minute"},"schema":{"@context":"https:\/\/schema.org","@graph":[{"@type":"WebPage","@id":"https:\/\/shop.bantam.ch\/de\/produkt\/kopressorkuehlbox-arctic-chill\/","url":"https:\/\/shop.bantam.ch\/de\/produkt\/kopressorkuehlbox-arctic-chill\/","name":"Kopressork\u00fchlbox Arctic Chill - Bantam Camping AG","isPartOf":{"@id":"https:\/\/shop.bantam.ch\/de\/#website"},"primaryImageOfPage":{"@id":"https:\/\/shop.bantam.ch\/de\/produkt\/kopressorkuehlbox-arctic-chill\/#primaryimage"},"image":{"@id":"https:\/\/shop.bantam.ch\/de\/produkt\/kopressorkuehlbox-arctic-chill\/#primaryimage"},"thumbnailUrl":"https:\/\/shop.bantam.ch\/wp-content\/uploads\/2026\/01\/Movera-L-9963868100.png","datePublished":"2026-01-06T14:48:46+00:00","dateModified":"2026-04-19T00:26:29+00:00","breadcrumb":{"@id":"https:\/\/shop.bantam.ch\/de\/produkt\/kopressorkuehlbox-arctic-chill\/#breadcrumb"},"inLanguage":"de","potentialAction":[{"@type":"ReadAction","target":["https:\/\/shop.bantam.ch\/de\/produkt\/kopressorkuehlbox-arctic-chill\/"]}]},{"@type":"ImageObject","inLanguage":"de","@id":"https:\/\/shop.bantam.ch\/de\/produkt\/kopressorkuehlbox-arctic-chill\/#primaryimage","url":"https:\/\/shop.bantam.ch\/wp-content\/uploads\/2026\/01\/Movera-L-9963868100.png","contentUrl":"https:\/\/shop.bantam.ch\/wp-content\/uploads\/2026\/01\/Movera-L-9963868100.png","width":640,"height":360},{"@type":"BreadcrumbList","@id":"https:\/\/shop.bantam.ch\/de\/produkt\/kopressorkuehlbox-arctic-chill\/#breadcrumb","itemListElement":[{"@type":"ListItem","position":1,"name":"Accueil","item":"https:\/\/shop.bantam.ch\/de\/"},{"@type":"ListItem","position":2,"name":"Shop","item":"https:\/\/shop.bantam.ch\/de\/shop\/"},{"@type":"ListItem","position":3,"name":"Kopressork\u00fchlbox Arctic Chill"}]},{"@type":"WebSite","@id":"https:\/\/shop.bantam.ch\/de\/#website","url":"https:\/\/shop.bantam.ch\/de\/","name":"Bantam Camping AG","description":"","publisher":{"@id":"https:\/\/shop.bantam.ch\/de\/#organization"},"inLanguage":"de"},{"@type":"Organization","@id":"https:\/\/shop.bantam.ch\/de\/#organization","name":"Bantam Camping AG","url":"https:\/\/shop.bantam.ch\/de\/","logo":{"@type":"ImageObject","inLanguage":"de","@id":"https:\/\/shop.bantam.ch\/de\/#\/schema\/logo\/image\/","url":"https:\/\/shop.bantam.ch\/wp-content\/uploads\/2022\/12\/bantam-logo.png","contentUrl":"https:\/\/shop.bantam.ch\/wp-content\/uploads\/2022\/12\/bantam-logo.png","width":320,"height":71,"caption":"Bantam Camping AG"},"image":{"@id":"https:\/\/shop.bantam.ch\/de\/#\/schema\/logo\/image\/"}}]}},"_links":{"self":[{"href":"https:\/\/shop.bantam.ch\/de\/wp-json\/wp\/v2\/product\/228246","targetHints":{"allow":["GET"]}}],"collection":[{"href":"https:\/\/shop.bantam.ch\/de\/wp-json\/wp\/v2\/product"}],"about":[{"href":"https:\/\/shop.bantam.ch\/de\/wp-json\/wp\/v2\/types\/product"}],"wp:featuredmedia":[{"embeddable":true,"href":"https:\/\/shop.bantam.ch\/de\/wp-json\/wp\/v2\/media\/228230"}],"wp:attachment":[{"href":"https:\/\/shop.bantam.ch\/de\/wp-json\/wp\/v2\/media?parent=228246"}],"wp:term":[{"taxonomy":"product_featured_cat","embeddable":true,"href":"https:\/\/shop.bantam.ch\/de\/wp-json\/wp\/v2\/product_featured_cat?post=228246"},{"taxonomy":"product_brand","embeddable":true,"href":"https:\/\/shop.bantam.ch\/de\/wp-json\/wp\/v2\/product_brand?post=228246"},{"taxonomy":"product_cat","embeddable":true,"href":"https:\/\/shop.bantam.ch\/de\/wp-json\/wp\/v2\/product_cat?post=228246"},{"taxonomy":"product_tag","embeddable":true,"href":"https:\/\/shop.bantam.ch\/de\/wp-json\/wp\/v2\/product_tag?post=228246"}],"curies":[{"name":"wp","href":"https:\/\/api.w.org\/{rel}","templated":true}]}}