{"id":228142,"date":"2026-01-06T15:47:18","date_gmt":"2026-01-06T14:47:18","guid":{"rendered":"https:\/\/shop.bantam.ch\/produit\/campingmatte-dreamcatcher-10-cm\/"},"modified":"2026-04-18T23:51:52","modified_gmt":"2026-04-18T21:51:52","slug":"campingmatte-dreamcatcher-10-cm","status":"publish","type":"product","link":"https:\/\/shop.bantam.ch\/de\/produkt\/campingmatte-dreamcatcher-10-cm\/","title":{"rendered":"Campingmatte Dreamcatcher 10 cm"},"content":{"rendered":"<p><!--StartFragment -->Genie\u00dfen Sie zuverl\u00e4ssigen Schlafkomfort, wohin auch immer Ihre Abenteuer Sie f\u00fchren. Die Outwell Dreamcatcher Single-Matte kombiniert praktische Funktionen und intelligentes Design, um Paaren, Familien und komforthungrigen Campern einen verbesserten Schlaf im Freien zu bieten. Die innovativen horizontalen St\u00fctzzonenausschnitte reduzieren das Gewicht und das Packma\u00df, ohne Kompromisse bei Stabilit\u00e4t oder Komfort einzugehen. Zusammen mit dem weichen, ger\u00e4uscharmen Polyester-Obermaterial aus Pfirsich und den statischen Seitenw\u00e4nden bietet diese Matte eine ausgewogene Unterst\u00fctzung und eine hochwertige Schlaffl\u00e4che. Ein doppeltes flaches High-Flow-Ventil sorgt f\u00fcr m\u00fcheloses Aufblasen und Entleeren, w\u00e4hrend das kompakte Packma\u00df und die mitgelieferte Tragetasche den Transport erleichtern. Nat\u00fcrlich ist es auch PFAS-frei f\u00fcr eine sicherere Anwendung.<\/p>\n<p>&nbsp;<\/p>\n<ul>\n<li>(Elite-Zonenunterst\u00fctzung f\u00fcr besseren Schlaf)<\/li>\n<li>Flaches High-Flow-Ventil verbessert den Luftstrom (Weicher und leiser Polyester-Pfirsich-Oberstoff)<\/li>\n<li>Horizontale Luftkan\u00e4le reduzieren Gewicht und Packma\u00df<\/li>\n<li>Tragetasche f\u00fcr einfache Lagerung und Transport<\/li>\n<li>PFAS-frei<\/li>\n<\/ul>\n<p>&nbsp;<\/p>\n<p>Material: 100 % Polyester<\/p>\n<p><!--EndFragment --><\/p>\n","protected":false},"excerpt":{"rendered":"<p>Genie\u00dfen Sie zuverl\u00e4ssigen Schlafkomfort, wohin auch immer Ihre Abenteuer Sie f\u00fchren. Die Outwell Dreamcatcher Single-Matte kombiniert praktische Funktionen und intelligentes Design, um Paaren, Familien und komforthungrigen Campern einen verbesserten Schlaf im Freien zu bieten. Die innovativen horizontalen St\u00fctzzonenausschnitte reduzieren das Gewicht und das Packma\u00df, ohne Kompromisse bei Stabilit\u00e4t oder Komfort einzugehen. Zusammen mit dem weichen, [&hellip;]<\/p>\n","protected":false},"featured_media":228132,"template":"","meta":{"_acf_changed":false},"product_featured_cat":[],"product_brand":[],"product_cat":[4354],"product_tag":[],"class_list":{"0":"post-228142","1":"product","2":"type-product","3":"status-publish","4":"has-post-thumbnail","6":"product_cat-luftbetten-matratzen","8":"first","9":"instock","10":"taxable","11":"shipping-taxable","12":"purchasable","13":"product-type-simple"},"acf":[],"yoast_head":"<!-- This site is optimized with the Yoast SEO plugin v27.4 - https:\/\/yoast.com\/product\/yoast-seo-wordpress\/ -->\n<title>Campingmatte Dreamcatcher 10 cm - Bantam Camping AG<\/title>\n<meta name=\"robots\" content=\"index, follow, max-snippet:-1, max-image-preview:large, max-video-preview:-1\" \/>\n<link rel=\"canonical\" href=\"https:\/\/shop.bantam.ch\/de\/produkt\/campingmatte-dreamcatcher-10-cm\/\" \/>\n<meta property=\"og:locale\" content=\"de_DE\" \/>\n<meta property=\"og:type\" content=\"article\" \/>\n<meta property=\"og:title\" content=\"Campingmatte Dreamcatcher 10 cm - Bantam Camping AG\" \/>\n<meta property=\"og:description\" content=\"Genie\u00dfen Sie zuverl\u00e4ssigen Schlafkomfort, wohin auch immer Ihre Abenteuer Sie f\u00fchren. Die Outwell Dreamcatcher Single-Matte kombiniert praktische Funktionen und intelligentes Design, um Paaren, Familien und komforthungrigen Campern einen verbesserten Schlaf im Freien zu bieten. Die innovativen horizontalen St\u00fctzzonenausschnitte reduzieren das Gewicht und das Packma\u00df, ohne Kompromisse bei Stabilit\u00e4t oder Komfort einzugehen. Zusammen mit dem weichen, [&hellip;]\" \/>\n<meta property=\"og:url\" content=\"https:\/\/shop.bantam.ch\/de\/produkt\/campingmatte-dreamcatcher-10-cm\/\" \/>\n<meta property=\"og:site_name\" content=\"Bantam Camping AG\" \/>\n<meta property=\"article:modified_time\" content=\"2026-04-18T21:51:52+00:00\" \/>\n<meta name=\"twitter:card\" content=\"summary_large_image\" \/>\n<meta name=\"twitter:label1\" content=\"Gesch\u00e4tzte Lesezeit\" \/>\n\t<meta name=\"twitter:data1\" content=\"1\u00a0Minute\" \/>\n<script type=\"application\/ld+json\" class=\"yoast-schema-graph\">{\"@context\":\"https:\\\/\\\/schema.org\",\"@graph\":[{\"@type\":\"WebPage\",\"@id\":\"https:\\\/\\\/shop.bantam.ch\\\/de\\\/produkt\\\/campingmatte-dreamcatcher-10-cm\\\/\",\"url\":\"https:\\\/\\\/shop.bantam.ch\\\/de\\\/produkt\\\/campingmatte-dreamcatcher-10-cm\\\/\",\"name\":\"Campingmatte Dreamcatcher 10 cm - Bantam Camping AG\",\"isPartOf\":{\"@id\":\"https:\\\/\\\/shop.bantam.ch\\\/de\\\/#website\"},\"primaryImageOfPage\":{\"@id\":\"https:\\\/\\\/shop.bantam.ch\\\/de\\\/produkt\\\/campingmatte-dreamcatcher-10-cm\\\/#primaryimage\"},\"image\":{\"@id\":\"https:\\\/\\\/shop.bantam.ch\\\/de\\\/produkt\\\/campingmatte-dreamcatcher-10-cm\\\/#primaryimage\"},\"thumbnailUrl\":\"https:\\\/\\\/shop.bantam.ch\\\/wp-content\\\/uploads\\\/2026\\\/01\\\/Movera-L-9963853100.jpg\",\"datePublished\":\"2026-01-06T14:47:18+00:00\",\"dateModified\":\"2026-04-18T21:51:52+00:00\",\"breadcrumb\":{\"@id\":\"https:\\\/\\\/shop.bantam.ch\\\/de\\\/produkt\\\/campingmatte-dreamcatcher-10-cm\\\/#breadcrumb\"},\"inLanguage\":\"de\",\"potentialAction\":[{\"@type\":\"ReadAction\",\"target\":[\"https:\\\/\\\/shop.bantam.ch\\\/de\\\/produkt\\\/campingmatte-dreamcatcher-10-cm\\\/\"]}]},{\"@type\":\"ImageObject\",\"inLanguage\":\"de\",\"@id\":\"https:\\\/\\\/shop.bantam.ch\\\/de\\\/produkt\\\/campingmatte-dreamcatcher-10-cm\\\/#primaryimage\",\"url\":\"https:\\\/\\\/shop.bantam.ch\\\/wp-content\\\/uploads\\\/2026\\\/01\\\/Movera-L-9963853100.jpg\",\"contentUrl\":\"https:\\\/\\\/shop.bantam.ch\\\/wp-content\\\/uploads\\\/2026\\\/01\\\/Movera-L-9963853100.jpg\",\"width\":640,\"height\":360},{\"@type\":\"BreadcrumbList\",\"@id\":\"https:\\\/\\\/shop.bantam.ch\\\/de\\\/produkt\\\/campingmatte-dreamcatcher-10-cm\\\/#breadcrumb\",\"itemListElement\":[{\"@type\":\"ListItem\",\"position\":1,\"name\":\"Accueil\",\"item\":\"https:\\\/\\\/shop.bantam.ch\\\/de\\\/\"},{\"@type\":\"ListItem\",\"position\":2,\"name\":\"Shop\",\"item\":\"https:\\\/\\\/shop.bantam.ch\\\/de\\\/shop\\\/\"},{\"@type\":\"ListItem\",\"position\":3,\"name\":\"Campingmatte Dreamcatcher 10 cm\"}]},{\"@type\":\"WebSite\",\"@id\":\"https:\\\/\\\/shop.bantam.ch\\\/de\\\/#website\",\"url\":\"https:\\\/\\\/shop.bantam.ch\\\/de\\\/\",\"name\":\"Bantam Camping AG\",\"description\":\"\",\"publisher\":{\"@id\":\"https:\\\/\\\/shop.bantam.ch\\\/de\\\/#organization\"},\"inLanguage\":\"de\"},{\"@type\":\"Organization\",\"@id\":\"https:\\\/\\\/shop.bantam.ch\\\/de\\\/#organization\",\"name\":\"Bantam Camping AG\",\"url\":\"https:\\\/\\\/shop.bantam.ch\\\/de\\\/\",\"logo\":{\"@type\":\"ImageObject\",\"inLanguage\":\"de\",\"@id\":\"https:\\\/\\\/shop.bantam.ch\\\/de\\\/#\\\/schema\\\/logo\\\/image\\\/\",\"url\":\"https:\\\/\\\/shop.bantam.ch\\\/wp-content\\\/uploads\\\/2022\\\/12\\\/bantam-logo.png\",\"contentUrl\":\"https:\\\/\\\/shop.bantam.ch\\\/wp-content\\\/uploads\\\/2022\\\/12\\\/bantam-logo.png\",\"width\":320,\"height\":71,\"caption\":\"Bantam Camping AG\"},\"image\":{\"@id\":\"https:\\\/\\\/shop.bantam.ch\\\/de\\\/#\\\/schema\\\/logo\\\/image\\\/\"}}]}<\/script>\n<!-- \/ Yoast SEO plugin. -->","yoast_head_json":{"title":"Campingmatte Dreamcatcher 10 cm - Bantam Camping AG","robots":{"index":"index","follow":"follow","max-snippet":"max-snippet:-1","max-image-preview":"max-image-preview:large","max-video-preview":"max-video-preview:-1"},"canonical":"https:\/\/shop.bantam.ch\/de\/produkt\/campingmatte-dreamcatcher-10-cm\/","og_locale":"de_DE","og_type":"article","og_title":"Campingmatte Dreamcatcher 10 cm - Bantam Camping AG","og_description":"Genie\u00dfen Sie zuverl\u00e4ssigen Schlafkomfort, wohin auch immer Ihre Abenteuer Sie f\u00fchren. Die Outwell Dreamcatcher Single-Matte kombiniert praktische Funktionen und intelligentes Design, um Paaren, Familien und komforthungrigen Campern einen verbesserten Schlaf im Freien zu bieten. Die innovativen horizontalen St\u00fctzzonenausschnitte reduzieren das Gewicht und das Packma\u00df, ohne Kompromisse bei Stabilit\u00e4t oder Komfort einzugehen. Zusammen mit dem weichen, [&hellip;]","og_url":"https:\/\/shop.bantam.ch\/de\/produkt\/campingmatte-dreamcatcher-10-cm\/","og_site_name":"Bantam Camping AG","article_modified_time":"2026-04-18T21:51:52+00:00","twitter_card":"summary_large_image","twitter_misc":{"Gesch\u00e4tzte Lesezeit":"1\u00a0Minute"},"schema":{"@context":"https:\/\/schema.org","@graph":[{"@type":"WebPage","@id":"https:\/\/shop.bantam.ch\/de\/produkt\/campingmatte-dreamcatcher-10-cm\/","url":"https:\/\/shop.bantam.ch\/de\/produkt\/campingmatte-dreamcatcher-10-cm\/","name":"Campingmatte Dreamcatcher 10 cm - Bantam Camping AG","isPartOf":{"@id":"https:\/\/shop.bantam.ch\/de\/#website"},"primaryImageOfPage":{"@id":"https:\/\/shop.bantam.ch\/de\/produkt\/campingmatte-dreamcatcher-10-cm\/#primaryimage"},"image":{"@id":"https:\/\/shop.bantam.ch\/de\/produkt\/campingmatte-dreamcatcher-10-cm\/#primaryimage"},"thumbnailUrl":"https:\/\/shop.bantam.ch\/wp-content\/uploads\/2026\/01\/Movera-L-9963853100.jpg","datePublished":"2026-01-06T14:47:18+00:00","dateModified":"2026-04-18T21:51:52+00:00","breadcrumb":{"@id":"https:\/\/shop.bantam.ch\/de\/produkt\/campingmatte-dreamcatcher-10-cm\/#breadcrumb"},"inLanguage":"de","potentialAction":[{"@type":"ReadAction","target":["https:\/\/shop.bantam.ch\/de\/produkt\/campingmatte-dreamcatcher-10-cm\/"]}]},{"@type":"ImageObject","inLanguage":"de","@id":"https:\/\/shop.bantam.ch\/de\/produkt\/campingmatte-dreamcatcher-10-cm\/#primaryimage","url":"https:\/\/shop.bantam.ch\/wp-content\/uploads\/2026\/01\/Movera-L-9963853100.jpg","contentUrl":"https:\/\/shop.bantam.ch\/wp-content\/uploads\/2026\/01\/Movera-L-9963853100.jpg","width":640,"height":360},{"@type":"BreadcrumbList","@id":"https:\/\/shop.bantam.ch\/de\/produkt\/campingmatte-dreamcatcher-10-cm\/#breadcrumb","itemListElement":[{"@type":"ListItem","position":1,"name":"Accueil","item":"https:\/\/shop.bantam.ch\/de\/"},{"@type":"ListItem","position":2,"name":"Shop","item":"https:\/\/shop.bantam.ch\/de\/shop\/"},{"@type":"ListItem","position":3,"name":"Campingmatte Dreamcatcher 10 cm"}]},{"@type":"WebSite","@id":"https:\/\/shop.bantam.ch\/de\/#website","url":"https:\/\/shop.bantam.ch\/de\/","name":"Bantam Camping AG","description":"","publisher":{"@id":"https:\/\/shop.bantam.ch\/de\/#organization"},"inLanguage":"de"},{"@type":"Organization","@id":"https:\/\/shop.bantam.ch\/de\/#organization","name":"Bantam Camping AG","url":"https:\/\/shop.bantam.ch\/de\/","logo":{"@type":"ImageObject","inLanguage":"de","@id":"https:\/\/shop.bantam.ch\/de\/#\/schema\/logo\/image\/","url":"https:\/\/shop.bantam.ch\/wp-content\/uploads\/2022\/12\/bantam-logo.png","contentUrl":"https:\/\/shop.bantam.ch\/wp-content\/uploads\/2022\/12\/bantam-logo.png","width":320,"height":71,"caption":"Bantam Camping AG"},"image":{"@id":"https:\/\/shop.bantam.ch\/de\/#\/schema\/logo\/image\/"}}]}},"_links":{"self":[{"href":"https:\/\/shop.bantam.ch\/de\/wp-json\/wp\/v2\/product\/228142","targetHints":{"allow":["GET"]}}],"collection":[{"href":"https:\/\/shop.bantam.ch\/de\/wp-json\/wp\/v2\/product"}],"about":[{"href":"https:\/\/shop.bantam.ch\/de\/wp-json\/wp\/v2\/types\/product"}],"wp:featuredmedia":[{"embeddable":true,"href":"https:\/\/shop.bantam.ch\/de\/wp-json\/wp\/v2\/media\/228132"}],"wp:attachment":[{"href":"https:\/\/shop.bantam.ch\/de\/wp-json\/wp\/v2\/media?parent=228142"}],"wp:term":[{"taxonomy":"product_featured_cat","embeddable":true,"href":"https:\/\/shop.bantam.ch\/de\/wp-json\/wp\/v2\/product_featured_cat?post=228142"},{"taxonomy":"product_brand","embeddable":true,"href":"https:\/\/shop.bantam.ch\/de\/wp-json\/wp\/v2\/product_brand?post=228142"},{"taxonomy":"product_cat","embeddable":true,"href":"https:\/\/shop.bantam.ch\/de\/wp-json\/wp\/v2\/product_cat?post=228142"},{"taxonomy":"product_tag","embeddable":true,"href":"https:\/\/shop.bantam.ch\/de\/wp-json\/wp\/v2\/product_tag?post=228142"}],"curies":[{"name":"wp","href":"https:\/\/api.w.org\/{rel}","templated":true}]}}