{"id":228100,"date":"2026-01-06T15:45:59","date_gmt":"2026-01-06T14:45:59","guid":{"rendered":"https:\/\/shop.bantam.ch\/produit\/dualer-einbaucharger-2-x-usb-c-18-w\/"},"modified":"2026-04-20T02:35:49","modified_gmt":"2026-04-20T00:35:49","slug":"dualer-einbaucharger-2-x-usb-c-18-w","status":"publish","type":"product","link":"https:\/\/shop.bantam.ch\/de\/produkt\/dualer-einbaucharger-2-x-usb-c-18-w\/","title":{"rendered":"Dualer Einbaucharger 2 x USB-C, 18 W"},"content":{"rendered":"<p>Immer ein voller Akku &#8211; Der zukunftssichere USB-C Charger f\u00fcr Wohnmobil, Caravan &amp; Boot in schwarz.<\/p>\n<p>Der duale USB-C-Charger setzt neue Ma\u00dfst\u00e4be als einheitlicher Standard f\u00fcr Ladebuchsen und erm\u00f6glicht ein schnelles, unkompliziertes Laden unterwegs. Ob im Wohnmobil, Caravan oder Boot &#8211; diese innovative Ladestation versorgt alle mobilen Endger\u00e4te zuverl\u00e4ssig mit Energie. Smartphones, Tablets, Digitalkameras, Kopfh\u00f6rer oder mobile Lautsprecher werden effizient und bis zu 50 % schneller geladen als mit herk\u00f6mmlichen USB-A-Ladeger\u00e4ten.<\/p>\n<p>Maximale Energieeffizienz f\u00fcr unterwegs<br \/>\nEgal ob auf Reisen, beim Camping oder an Bord eines Bootes &#8211; dieser USB-C-Charger bietet Ihnen eine zukunftssichere L\u00f6sung f\u00fcr alle mobilen Ladeanforderungen. Die einfache Installation und das moderne Design machen ihn zur perfekten Erg\u00e4nzung Ihrer Bordausstattung.<\/p>\n<p>Eigenschaften:<\/p>\n<ul>\n<li>Zukunftssicher: USB-C-Anschluss f\u00fcr universelles Laden&nbsp;<\/li>\n<li>Highspeed-Ladung: Bis zu 50 % schneller als USB-A-Ladeger\u00e4te&nbsp;<\/li>\n<li>Einfache Montage: Kompatibel mit Berker- und Inprojal-Schalterprogrammen&nbsp;<\/li>\n<li>Robust &amp; sicher: Schutz vor Kurzschl\u00fcssen, \u00dcberspannung und hohen Temperaturen&nbsp;<\/li>\n<li>Vielseitig einsetzbar: Geeignet f\u00fcr Wandst\u00e4rken bis 17 mm&nbsp;<\/li>\n<li>Optionale Features: Staubschutz f\u00fcr noch mehr Sicherheit&nbsp;<\/li>\n<li>Flexible Varianten: offenen Kabelenden mit 150 mm Kabel&nbsp;<\/li>\n<li>Passend f\u00fcr jedes Interieur: Erh\u00e4ltlich in Schwarz oder Wei\u00df<\/li>\n<\/ul>\n<p>Technische Daten:<\/p>\n<ul>\n<li>Anschlu\u00df 1: USB-C Buchse<\/li>\n<li>Anschlu\u00df 2: USB-C Buchse<\/li>\n<li>Eingangsnennspannung: 12-24 V<\/li>\n<li>Ausgangsleistung: 2 x 18 W<\/li>\n<li>Gesamtleistung:&nbsp;<\/li>\n<li>5,0V &#8211; max. 3,0 A (15 W)<\/li>\n<li>9,0V &#8211; max. 2,0 A (18 W)<\/li>\n<li>12,0V &#8211; max. 3,0 A (36 W)<\/li>\n<li>Strom im Stand-By-Modus: 2 mA<\/li>\n<li>Gewicht: 27 g<\/li>\n<li>Betriebstemperatur: -20 C\u00b0 bis 70 C\u00b0<\/li>\n<li>Lagertemperatur: -40 C\u00b0 bis 90 C\u00b0<\/li>\n<li>Lebensdauer Ein- Aussteckzyklen: USB-C ca. 10000<\/li>\n<li>Durchmesser Front: 36 mm<\/li>\n<li>Durchmesser Einbau: 27 mm<\/li>\n<li>Tiefe: 44,5 mm<\/li>\n<li>Farbe: schwarz o. wei\u00df<\/li>\n<li>Kabell\u00e4nge: 150 mm<\/li>\n<\/ul>\n","protected":false},"excerpt":{"rendered":"<p>Immer ein voller Akku &#8211; Der zukunftssichere USB-C Charger f\u00fcr Wohnmobil, Caravan &amp; Boot in schwarz. Der duale USB-C-Charger setzt neue Ma\u00dfst\u00e4be als einheitlicher Standard f\u00fcr Ladebuchsen und erm\u00f6glicht ein schnelles, unkompliziertes Laden unterwegs. Ob im Wohnmobil, Caravan oder Boot &#8211; diese innovative Ladestation versorgt alle mobilen Endger\u00e4te zuverl\u00e4ssig mit Energie. Smartphones, Tablets, Digitalkameras, Kopfh\u00f6rer [&hellip;]<\/p>\n","protected":false},"featured_media":228090,"template":"","meta":{"_acf_changed":false},"product_featured_cat":[],"product_brand":[],"product_cat":[4194],"product_tag":[],"class_list":{"0":"post-228100","1":"product","2":"type-product","3":"status-publish","4":"has-post-thumbnail","6":"product_cat-12-24v-stecker","8":"first","9":"instock","10":"taxable","11":"shipping-taxable","12":"purchasable","13":"product-type-variable"},"acf":[],"yoast_head":"<!-- This site is optimized with the Yoast SEO plugin v27.4 - https:\/\/yoast.com\/product\/yoast-seo-wordpress\/ -->\n<title>Dualer Einbaucharger 2 x USB-C, 18 W - Bantam Camping AG<\/title>\n<meta name=\"robots\" content=\"index, follow, max-snippet:-1, max-image-preview:large, max-video-preview:-1\" \/>\n<link rel=\"canonical\" href=\"https:\/\/shop.bantam.ch\/de\/produkt\/dualer-einbaucharger-2-x-usb-c-18-w\/\" \/>\n<meta property=\"og:locale\" content=\"de_DE\" \/>\n<meta property=\"og:type\" content=\"article\" \/>\n<meta property=\"og:title\" content=\"Dualer Einbaucharger 2 x USB-C, 18 W - Bantam Camping AG\" \/>\n<meta property=\"og:description\" content=\"Immer ein voller Akku &#8211; Der zukunftssichere USB-C Charger f\u00fcr Wohnmobil, Caravan &amp; Boot in schwarz. Der duale USB-C-Charger setzt neue Ma\u00dfst\u00e4be als einheitlicher Standard f\u00fcr Ladebuchsen und erm\u00f6glicht ein schnelles, unkompliziertes Laden unterwegs. Ob im Wohnmobil, Caravan oder Boot &#8211; diese innovative Ladestation versorgt alle mobilen Endger\u00e4te zuverl\u00e4ssig mit Energie. Smartphones, Tablets, Digitalkameras, Kopfh\u00f6rer [&hellip;]\" \/>\n<meta property=\"og:url\" content=\"https:\/\/shop.bantam.ch\/de\/produkt\/dualer-einbaucharger-2-x-usb-c-18-w\/\" \/>\n<meta property=\"og:site_name\" content=\"Bantam Camping AG\" \/>\n<meta property=\"article:modified_time\" content=\"2026-04-20T00:35:49+00:00\" \/>\n<meta name=\"twitter:card\" content=\"summary_large_image\" \/>\n<meta name=\"twitter:label1\" content=\"Gesch\u00e4tzte Lesezeit\" \/>\n\t<meta name=\"twitter:data1\" content=\"1\u00a0Minute\" \/>\n<script type=\"application\/ld+json\" class=\"yoast-schema-graph\">{\"@context\":\"https:\\\/\\\/schema.org\",\"@graph\":[{\"@type\":\"WebPage\",\"@id\":\"https:\\\/\\\/shop.bantam.ch\\\/de\\\/produkt\\\/dualer-einbaucharger-2-x-usb-c-18-w\\\/\",\"url\":\"https:\\\/\\\/shop.bantam.ch\\\/de\\\/produkt\\\/dualer-einbaucharger-2-x-usb-c-18-w\\\/\",\"name\":\"Dualer Einbaucharger 2 x USB-C, 18 W - Bantam Camping AG\",\"isPartOf\":{\"@id\":\"https:\\\/\\\/shop.bantam.ch\\\/de\\\/#website\"},\"primaryImageOfPage\":{\"@id\":\"https:\\\/\\\/shop.bantam.ch\\\/de\\\/produkt\\\/dualer-einbaucharger-2-x-usb-c-18-w\\\/#primaryimage\"},\"image\":{\"@id\":\"https:\\\/\\\/shop.bantam.ch\\\/de\\\/produkt\\\/dualer-einbaucharger-2-x-usb-c-18-w\\\/#primaryimage\"},\"thumbnailUrl\":\"https:\\\/\\\/shop.bantam.ch\\\/wp-content\\\/uploads\\\/2026\\\/01\\\/Movera-L-9963844100.png\",\"datePublished\":\"2026-01-06T14:45:59+00:00\",\"dateModified\":\"2026-04-20T00:35:49+00:00\",\"breadcrumb\":{\"@id\":\"https:\\\/\\\/shop.bantam.ch\\\/de\\\/produkt\\\/dualer-einbaucharger-2-x-usb-c-18-w\\\/#breadcrumb\"},\"inLanguage\":\"de\",\"potentialAction\":[{\"@type\":\"ReadAction\",\"target\":[\"https:\\\/\\\/shop.bantam.ch\\\/de\\\/produkt\\\/dualer-einbaucharger-2-x-usb-c-18-w\\\/\"]}]},{\"@type\":\"ImageObject\",\"inLanguage\":\"de\",\"@id\":\"https:\\\/\\\/shop.bantam.ch\\\/de\\\/produkt\\\/dualer-einbaucharger-2-x-usb-c-18-w\\\/#primaryimage\",\"url\":\"https:\\\/\\\/shop.bantam.ch\\\/wp-content\\\/uploads\\\/2026\\\/01\\\/Movera-L-9963844100.png\",\"contentUrl\":\"https:\\\/\\\/shop.bantam.ch\\\/wp-content\\\/uploads\\\/2026\\\/01\\\/Movera-L-9963844100.png\",\"width\":640,\"height\":1144},{\"@type\":\"BreadcrumbList\",\"@id\":\"https:\\\/\\\/shop.bantam.ch\\\/de\\\/produkt\\\/dualer-einbaucharger-2-x-usb-c-18-w\\\/#breadcrumb\",\"itemListElement\":[{\"@type\":\"ListItem\",\"position\":1,\"name\":\"Accueil\",\"item\":\"https:\\\/\\\/shop.bantam.ch\\\/de\\\/\"},{\"@type\":\"ListItem\",\"position\":2,\"name\":\"Shop\",\"item\":\"https:\\\/\\\/shop.bantam.ch\\\/de\\\/shop\\\/\"},{\"@type\":\"ListItem\",\"position\":3,\"name\":\"Dualer Einbaucharger 2 x USB-C, 18 W\"}]},{\"@type\":\"WebSite\",\"@id\":\"https:\\\/\\\/shop.bantam.ch\\\/de\\\/#website\",\"url\":\"https:\\\/\\\/shop.bantam.ch\\\/de\\\/\",\"name\":\"Bantam Camping AG\",\"description\":\"\",\"publisher\":{\"@id\":\"https:\\\/\\\/shop.bantam.ch\\\/de\\\/#organization\"},\"inLanguage\":\"de\"},{\"@type\":\"Organization\",\"@id\":\"https:\\\/\\\/shop.bantam.ch\\\/de\\\/#organization\",\"name\":\"Bantam Camping AG\",\"url\":\"https:\\\/\\\/shop.bantam.ch\\\/de\\\/\",\"logo\":{\"@type\":\"ImageObject\",\"inLanguage\":\"de\",\"@id\":\"https:\\\/\\\/shop.bantam.ch\\\/de\\\/#\\\/schema\\\/logo\\\/image\\\/\",\"url\":\"https:\\\/\\\/shop.bantam.ch\\\/wp-content\\\/uploads\\\/2022\\\/12\\\/bantam-logo.png\",\"contentUrl\":\"https:\\\/\\\/shop.bantam.ch\\\/wp-content\\\/uploads\\\/2022\\\/12\\\/bantam-logo.png\",\"width\":320,\"height\":71,\"caption\":\"Bantam Camping AG\"},\"image\":{\"@id\":\"https:\\\/\\\/shop.bantam.ch\\\/de\\\/#\\\/schema\\\/logo\\\/image\\\/\"}}]}<\/script>\n<!-- \/ Yoast SEO plugin. -->","yoast_head_json":{"title":"Dualer Einbaucharger 2 x USB-C, 18 W - Bantam Camping AG","robots":{"index":"index","follow":"follow","max-snippet":"max-snippet:-1","max-image-preview":"max-image-preview:large","max-video-preview":"max-video-preview:-1"},"canonical":"https:\/\/shop.bantam.ch\/de\/produkt\/dualer-einbaucharger-2-x-usb-c-18-w\/","og_locale":"de_DE","og_type":"article","og_title":"Dualer Einbaucharger 2 x USB-C, 18 W - Bantam Camping AG","og_description":"Immer ein voller Akku &#8211; Der zukunftssichere USB-C Charger f\u00fcr Wohnmobil, Caravan &amp; Boot in schwarz. Der duale USB-C-Charger setzt neue Ma\u00dfst\u00e4be als einheitlicher Standard f\u00fcr Ladebuchsen und erm\u00f6glicht ein schnelles, unkompliziertes Laden unterwegs. Ob im Wohnmobil, Caravan oder Boot &#8211; diese innovative Ladestation versorgt alle mobilen Endger\u00e4te zuverl\u00e4ssig mit Energie. Smartphones, Tablets, Digitalkameras, Kopfh\u00f6rer [&hellip;]","og_url":"https:\/\/shop.bantam.ch\/de\/produkt\/dualer-einbaucharger-2-x-usb-c-18-w\/","og_site_name":"Bantam Camping AG","article_modified_time":"2026-04-20T00:35:49+00:00","twitter_card":"summary_large_image","twitter_misc":{"Gesch\u00e4tzte Lesezeit":"1\u00a0Minute"},"schema":{"@context":"https:\/\/schema.org","@graph":[{"@type":"WebPage","@id":"https:\/\/shop.bantam.ch\/de\/produkt\/dualer-einbaucharger-2-x-usb-c-18-w\/","url":"https:\/\/shop.bantam.ch\/de\/produkt\/dualer-einbaucharger-2-x-usb-c-18-w\/","name":"Dualer Einbaucharger 2 x USB-C, 18 W - Bantam Camping AG","isPartOf":{"@id":"https:\/\/shop.bantam.ch\/de\/#website"},"primaryImageOfPage":{"@id":"https:\/\/shop.bantam.ch\/de\/produkt\/dualer-einbaucharger-2-x-usb-c-18-w\/#primaryimage"},"image":{"@id":"https:\/\/shop.bantam.ch\/de\/produkt\/dualer-einbaucharger-2-x-usb-c-18-w\/#primaryimage"},"thumbnailUrl":"https:\/\/shop.bantam.ch\/wp-content\/uploads\/2026\/01\/Movera-L-9963844100.png","datePublished":"2026-01-06T14:45:59+00:00","dateModified":"2026-04-20T00:35:49+00:00","breadcrumb":{"@id":"https:\/\/shop.bantam.ch\/de\/produkt\/dualer-einbaucharger-2-x-usb-c-18-w\/#breadcrumb"},"inLanguage":"de","potentialAction":[{"@type":"ReadAction","target":["https:\/\/shop.bantam.ch\/de\/produkt\/dualer-einbaucharger-2-x-usb-c-18-w\/"]}]},{"@type":"ImageObject","inLanguage":"de","@id":"https:\/\/shop.bantam.ch\/de\/produkt\/dualer-einbaucharger-2-x-usb-c-18-w\/#primaryimage","url":"https:\/\/shop.bantam.ch\/wp-content\/uploads\/2026\/01\/Movera-L-9963844100.png","contentUrl":"https:\/\/shop.bantam.ch\/wp-content\/uploads\/2026\/01\/Movera-L-9963844100.png","width":640,"height":1144},{"@type":"BreadcrumbList","@id":"https:\/\/shop.bantam.ch\/de\/produkt\/dualer-einbaucharger-2-x-usb-c-18-w\/#breadcrumb","itemListElement":[{"@type":"ListItem","position":1,"name":"Accueil","item":"https:\/\/shop.bantam.ch\/de\/"},{"@type":"ListItem","position":2,"name":"Shop","item":"https:\/\/shop.bantam.ch\/de\/shop\/"},{"@type":"ListItem","position":3,"name":"Dualer Einbaucharger 2 x USB-C, 18 W"}]},{"@type":"WebSite","@id":"https:\/\/shop.bantam.ch\/de\/#website","url":"https:\/\/shop.bantam.ch\/de\/","name":"Bantam Camping AG","description":"","publisher":{"@id":"https:\/\/shop.bantam.ch\/de\/#organization"},"inLanguage":"de"},{"@type":"Organization","@id":"https:\/\/shop.bantam.ch\/de\/#organization","name":"Bantam Camping AG","url":"https:\/\/shop.bantam.ch\/de\/","logo":{"@type":"ImageObject","inLanguage":"de","@id":"https:\/\/shop.bantam.ch\/de\/#\/schema\/logo\/image\/","url":"https:\/\/shop.bantam.ch\/wp-content\/uploads\/2022\/12\/bantam-logo.png","contentUrl":"https:\/\/shop.bantam.ch\/wp-content\/uploads\/2022\/12\/bantam-logo.png","width":320,"height":71,"caption":"Bantam Camping AG"},"image":{"@id":"https:\/\/shop.bantam.ch\/de\/#\/schema\/logo\/image\/"}}]}},"_links":{"self":[{"href":"https:\/\/shop.bantam.ch\/de\/wp-json\/wp\/v2\/product\/228100","targetHints":{"allow":["GET"]}}],"collection":[{"href":"https:\/\/shop.bantam.ch\/de\/wp-json\/wp\/v2\/product"}],"about":[{"href":"https:\/\/shop.bantam.ch\/de\/wp-json\/wp\/v2\/types\/product"}],"wp:featuredmedia":[{"embeddable":true,"href":"https:\/\/shop.bantam.ch\/de\/wp-json\/wp\/v2\/media\/228090"}],"wp:attachment":[{"href":"https:\/\/shop.bantam.ch\/de\/wp-json\/wp\/v2\/media?parent=228100"}],"wp:term":[{"taxonomy":"product_featured_cat","embeddable":true,"href":"https:\/\/shop.bantam.ch\/de\/wp-json\/wp\/v2\/product_featured_cat?post=228100"},{"taxonomy":"product_brand","embeddable":true,"href":"https:\/\/shop.bantam.ch\/de\/wp-json\/wp\/v2\/product_brand?post=228100"},{"taxonomy":"product_cat","embeddable":true,"href":"https:\/\/shop.bantam.ch\/de\/wp-json\/wp\/v2\/product_cat?post=228100"},{"taxonomy":"product_tag","embeddable":true,"href":"https:\/\/shop.bantam.ch\/de\/wp-json\/wp\/v2\/product_tag?post=228100"}],"curies":[{"name":"wp","href":"https:\/\/api.w.org\/{rel}","templated":true}]}}