{"id":228070,"date":"2026-01-06T15:45:19","date_gmt":"2026-01-06T14:45:19","guid":{"rendered":"https:\/\/shop.bantam.ch\/produit\/led-campinglampe-epsilon-bulb\/"},"modified":"2026-05-10T23:47:12","modified_gmt":"2026-05-10T21:47:12","slug":"led-campinglampe-epsilon-bulb","status":"publish","type":"product","link":"https:\/\/shop.bantam.ch\/de\/produkt\/led-campinglampe-epsilon-bulb\/","title":{"rendered":"LED-Campinglampe Epsilon Bulb"},"content":{"rendered":"<p><!--StartFragment -->Die Epsilon Bulb von Outwell ist eine kompakte und praktische H\u00e4ngelampe, die f\u00fcr eine helle Beleuchtung bei Ihren Campingabenteuern sorgt. Mit einer energieeffizienten LED-Leuchte ist diese Gl\u00fchbirne ideal f\u00fcr die Beleuchtung Ihres Zeltes, Ihres Vordachs oder Ihres Au\u00dfenbereichs und dimmbar, damit Sie das richtige Ambiente w\u00e4hlen k\u00f6nnen. Durch das leichte Design und die integrierte Aufh\u00e4ngeschlaufe l\u00e4sst er sich leicht \u00fcberall aufh\u00e4ngen. Mit ihrer einfachen Einrichtung und effizienten Leistung ist diese Gl\u00fchbirne eine gro\u00dfartige Erg\u00e4nzung f\u00fcr Ihre Campingausr\u00fcstung.<!--EndFragment --><\/p>\n","protected":false},"excerpt":{"rendered":"<p>Die Epsilon Bulb von Outwell ist eine kompakte und praktische H\u00e4ngelampe, die f\u00fcr eine helle Beleuchtung bei Ihren Campingabenteuern sorgt. Mit einer energieeffizienten LED-Leuchte ist diese Gl\u00fchbirne ideal f\u00fcr die Beleuchtung Ihres Zeltes, Ihres Vordachs oder Ihres Au\u00dfenbereichs und dimmbar, damit Sie das richtige Ambiente w\u00e4hlen k\u00f6nnen. Durch das leichte Design und die integrierte Aufh\u00e4ngeschlaufe [&hellip;]<\/p>\n","protected":false},"featured_media":228066,"template":"","meta":{"_acf_changed":false},"product_featured_cat":[],"product_brand":[],"product_cat":[4362],"product_tag":[],"class_list":{"0":"post-228070","1":"product","2":"type-product","3":"status-publish","4":"has-post-thumbnail","6":"product_cat-batterie-akkulampen","8":"first","9":"instock","10":"taxable","11":"shipping-taxable","12":"purchasable","13":"product-type-simple"},"acf":[],"yoast_head":"<!-- This site is optimized with the Yoast SEO plugin v27.5 - https:\/\/yoast.com\/product\/yoast-seo-wordpress\/ -->\n<title>LED-Campinglampe Epsilon Bulb - Bantam<\/title>\n<meta name=\"robots\" content=\"index, follow, max-snippet:-1, max-image-preview:large, max-video-preview:-1\" \/>\n<link rel=\"canonical\" href=\"https:\/\/shop.bantam.ch\/de\/produkt\/led-campinglampe-epsilon-bulb\/\" \/>\n<meta property=\"og:locale\" content=\"de_DE\" \/>\n<meta property=\"og:type\" content=\"article\" \/>\n<meta property=\"og:title\" content=\"LED-Campinglampe Epsilon Bulb - Bantam\" \/>\n<meta property=\"og:description\" content=\"Die Epsilon Bulb von Outwell ist eine kompakte und praktische H\u00e4ngelampe, die f\u00fcr eine helle Beleuchtung bei Ihren Campingabenteuern sorgt. Mit einer energieeffizienten LED-Leuchte ist diese Gl\u00fchbirne ideal f\u00fcr die Beleuchtung Ihres Zeltes, Ihres Vordachs oder Ihres Au\u00dfenbereichs und dimmbar, damit Sie das richtige Ambiente w\u00e4hlen k\u00f6nnen. Durch das leichte Design und die integrierte Aufh\u00e4ngeschlaufe [&hellip;]\" \/>\n<meta property=\"og:url\" content=\"https:\/\/shop.bantam.ch\/de\/produkt\/led-campinglampe-epsilon-bulb\/\" \/>\n<meta property=\"og:site_name\" content=\"Bantam\" \/>\n<meta property=\"article:modified_time\" content=\"2026-05-10T21:47:12+00:00\" \/>\n<meta name=\"twitter:card\" content=\"summary_large_image\" \/>\n<script type=\"application\/ld+json\" class=\"yoast-schema-graph\">{\"@context\":\"https:\\\/\\\/schema.org\",\"@graph\":[{\"@type\":\"WebPage\",\"@id\":\"https:\\\/\\\/shop.bantam.ch\\\/de\\\/produkt\\\/led-campinglampe-epsilon-bulb\\\/\",\"url\":\"https:\\\/\\\/shop.bantam.ch\\\/de\\\/produkt\\\/led-campinglampe-epsilon-bulb\\\/\",\"name\":\"LED-Campinglampe Epsilon Bulb - Bantam\",\"isPartOf\":{\"@id\":\"https:\\\/\\\/shop.bantam.ch\\\/de\\\/#website\"},\"primaryImageOfPage\":{\"@id\":\"https:\\\/\\\/shop.bantam.ch\\\/de\\\/produkt\\\/led-campinglampe-epsilon-bulb\\\/#primaryimage\"},\"image\":{\"@id\":\"https:\\\/\\\/shop.bantam.ch\\\/de\\\/produkt\\\/led-campinglampe-epsilon-bulb\\\/#primaryimage\"},\"thumbnailUrl\":\"https:\\\/\\\/shop.bantam.ch\\\/wp-content\\\/uploads\\\/2026\\\/01\\\/Movera-L-9963838100.jpg\",\"datePublished\":\"2026-01-06T14:45:19+00:00\",\"dateModified\":\"2026-05-10T21:47:12+00:00\",\"breadcrumb\":{\"@id\":\"https:\\\/\\\/shop.bantam.ch\\\/de\\\/produkt\\\/led-campinglampe-epsilon-bulb\\\/#breadcrumb\"},\"inLanguage\":\"de\",\"potentialAction\":[{\"@type\":\"ReadAction\",\"target\":[\"https:\\\/\\\/shop.bantam.ch\\\/de\\\/produkt\\\/led-campinglampe-epsilon-bulb\\\/\"]}]},{\"@type\":\"ImageObject\",\"inLanguage\":\"de\",\"@id\":\"https:\\\/\\\/shop.bantam.ch\\\/de\\\/produkt\\\/led-campinglampe-epsilon-bulb\\\/#primaryimage\",\"url\":\"https:\\\/\\\/shop.bantam.ch\\\/wp-content\\\/uploads\\\/2026\\\/01\\\/Movera-L-9963838100.jpg\",\"contentUrl\":\"https:\\\/\\\/shop.bantam.ch\\\/wp-content\\\/uploads\\\/2026\\\/01\\\/Movera-L-9963838100.jpg\",\"width\":640,\"height\":360},{\"@type\":\"BreadcrumbList\",\"@id\":\"https:\\\/\\\/shop.bantam.ch\\\/de\\\/produkt\\\/led-campinglampe-epsilon-bulb\\\/#breadcrumb\",\"itemListElement\":[{\"@type\":\"ListItem\",\"position\":1,\"name\":\"Accueil\",\"item\":\"https:\\\/\\\/shop.bantam.ch\\\/de\\\/\"},{\"@type\":\"ListItem\",\"position\":2,\"name\":\"Shop\",\"item\":\"https:\\\/\\\/shop.bantam.ch\\\/de\\\/shop\\\/\"},{\"@type\":\"ListItem\",\"position\":3,\"name\":\"LED-Campinglampe Epsilon Bulb\"}]},{\"@type\":\"WebSite\",\"@id\":\"https:\\\/\\\/shop.bantam.ch\\\/de\\\/#website\",\"url\":\"https:\\\/\\\/shop.bantam.ch\\\/de\\\/\",\"name\":\"Bantam\",\"description\":\"\",\"publisher\":{\"@id\":\"https:\\\/\\\/shop.bantam.ch\\\/de\\\/#organization\"},\"inLanguage\":\"de\"},{\"@type\":\"Organization\",\"@id\":\"https:\\\/\\\/shop.bantam.ch\\\/de\\\/#organization\",\"name\":\"Bantam\",\"url\":\"https:\\\/\\\/shop.bantam.ch\\\/de\\\/\",\"logo\":{\"@type\":\"ImageObject\",\"inLanguage\":\"de\",\"@id\":\"https:\\\/\\\/shop.bantam.ch\\\/de\\\/#\\\/schema\\\/logo\\\/image\\\/\",\"url\":\"https:\\\/\\\/shop.bantam.ch\\\/wp-content\\\/uploads\\\/2022\\\/12\\\/bantam-logo.png\",\"contentUrl\":\"https:\\\/\\\/shop.bantam.ch\\\/wp-content\\\/uploads\\\/2022\\\/12\\\/bantam-logo.png\",\"width\":320,\"height\":71,\"caption\":\"Bantam\"},\"image\":{\"@id\":\"https:\\\/\\\/shop.bantam.ch\\\/de\\\/#\\\/schema\\\/logo\\\/image\\\/\"}}]}<\/script>\n<!-- \/ Yoast SEO plugin. -->","yoast_head_json":{"title":"LED-Campinglampe Epsilon Bulb - Bantam","robots":{"index":"index","follow":"follow","max-snippet":"max-snippet:-1","max-image-preview":"max-image-preview:large","max-video-preview":"max-video-preview:-1"},"canonical":"https:\/\/shop.bantam.ch\/de\/produkt\/led-campinglampe-epsilon-bulb\/","og_locale":"de_DE","og_type":"article","og_title":"LED-Campinglampe Epsilon Bulb - Bantam","og_description":"Die Epsilon Bulb von Outwell ist eine kompakte und praktische H\u00e4ngelampe, die f\u00fcr eine helle Beleuchtung bei Ihren Campingabenteuern sorgt. Mit einer energieeffizienten LED-Leuchte ist diese Gl\u00fchbirne ideal f\u00fcr die Beleuchtung Ihres Zeltes, Ihres Vordachs oder Ihres Au\u00dfenbereichs und dimmbar, damit Sie das richtige Ambiente w\u00e4hlen k\u00f6nnen. Durch das leichte Design und die integrierte Aufh\u00e4ngeschlaufe [&hellip;]","og_url":"https:\/\/shop.bantam.ch\/de\/produkt\/led-campinglampe-epsilon-bulb\/","og_site_name":"Bantam","article_modified_time":"2026-05-10T21:47:12+00:00","twitter_card":"summary_large_image","schema":{"@context":"https:\/\/schema.org","@graph":[{"@type":"WebPage","@id":"https:\/\/shop.bantam.ch\/de\/produkt\/led-campinglampe-epsilon-bulb\/","url":"https:\/\/shop.bantam.ch\/de\/produkt\/led-campinglampe-epsilon-bulb\/","name":"LED-Campinglampe Epsilon Bulb - Bantam","isPartOf":{"@id":"https:\/\/shop.bantam.ch\/de\/#website"},"primaryImageOfPage":{"@id":"https:\/\/shop.bantam.ch\/de\/produkt\/led-campinglampe-epsilon-bulb\/#primaryimage"},"image":{"@id":"https:\/\/shop.bantam.ch\/de\/produkt\/led-campinglampe-epsilon-bulb\/#primaryimage"},"thumbnailUrl":"https:\/\/shop.bantam.ch\/wp-content\/uploads\/2026\/01\/Movera-L-9963838100.jpg","datePublished":"2026-01-06T14:45:19+00:00","dateModified":"2026-05-10T21:47:12+00:00","breadcrumb":{"@id":"https:\/\/shop.bantam.ch\/de\/produkt\/led-campinglampe-epsilon-bulb\/#breadcrumb"},"inLanguage":"de","potentialAction":[{"@type":"ReadAction","target":["https:\/\/shop.bantam.ch\/de\/produkt\/led-campinglampe-epsilon-bulb\/"]}]},{"@type":"ImageObject","inLanguage":"de","@id":"https:\/\/shop.bantam.ch\/de\/produkt\/led-campinglampe-epsilon-bulb\/#primaryimage","url":"https:\/\/shop.bantam.ch\/wp-content\/uploads\/2026\/01\/Movera-L-9963838100.jpg","contentUrl":"https:\/\/shop.bantam.ch\/wp-content\/uploads\/2026\/01\/Movera-L-9963838100.jpg","width":640,"height":360},{"@type":"BreadcrumbList","@id":"https:\/\/shop.bantam.ch\/de\/produkt\/led-campinglampe-epsilon-bulb\/#breadcrumb","itemListElement":[{"@type":"ListItem","position":1,"name":"Accueil","item":"https:\/\/shop.bantam.ch\/de\/"},{"@type":"ListItem","position":2,"name":"Shop","item":"https:\/\/shop.bantam.ch\/de\/shop\/"},{"@type":"ListItem","position":3,"name":"LED-Campinglampe Epsilon Bulb"}]},{"@type":"WebSite","@id":"https:\/\/shop.bantam.ch\/de\/#website","url":"https:\/\/shop.bantam.ch\/de\/","name":"Bantam","description":"","publisher":{"@id":"https:\/\/shop.bantam.ch\/de\/#organization"},"inLanguage":"de"},{"@type":"Organization","@id":"https:\/\/shop.bantam.ch\/de\/#organization","name":"Bantam","url":"https:\/\/shop.bantam.ch\/de\/","logo":{"@type":"ImageObject","inLanguage":"de","@id":"https:\/\/shop.bantam.ch\/de\/#\/schema\/logo\/image\/","url":"https:\/\/shop.bantam.ch\/wp-content\/uploads\/2022\/12\/bantam-logo.png","contentUrl":"https:\/\/shop.bantam.ch\/wp-content\/uploads\/2022\/12\/bantam-logo.png","width":320,"height":71,"caption":"Bantam"},"image":{"@id":"https:\/\/shop.bantam.ch\/de\/#\/schema\/logo\/image\/"}}]}},"_links":{"self":[{"href":"https:\/\/shop.bantam.ch\/de\/wp-json\/wp\/v2\/product\/228070","targetHints":{"allow":["GET"]}}],"collection":[{"href":"https:\/\/shop.bantam.ch\/de\/wp-json\/wp\/v2\/product"}],"about":[{"href":"https:\/\/shop.bantam.ch\/de\/wp-json\/wp\/v2\/types\/product"}],"wp:featuredmedia":[{"embeddable":true,"href":"https:\/\/shop.bantam.ch\/de\/wp-json\/wp\/v2\/media\/228066"}],"wp:attachment":[{"href":"https:\/\/shop.bantam.ch\/de\/wp-json\/wp\/v2\/media?parent=228070"}],"wp:term":[{"taxonomy":"product_featured_cat","embeddable":true,"href":"https:\/\/shop.bantam.ch\/de\/wp-json\/wp\/v2\/product_featured_cat?post=228070"},{"taxonomy":"product_brand","embeddable":true,"href":"https:\/\/shop.bantam.ch\/de\/wp-json\/wp\/v2\/product_brand?post=228070"},{"taxonomy":"product_cat","embeddable":true,"href":"https:\/\/shop.bantam.ch\/de\/wp-json\/wp\/v2\/product_cat?post=228070"},{"taxonomy":"product_tag","embeddable":true,"href":"https:\/\/shop.bantam.ch\/de\/wp-json\/wp\/v2\/product_tag?post=228070"}],"curies":[{"name":"wp","href":"https:\/\/api.w.org\/{rel}","templated":true}]}}