{"id":228038,"date":"2026-01-06T15:41:25","date_gmt":"2026-01-06T14:41:25","guid":{"rendered":"https:\/\/shop.bantam.ch\/produit\/faltstuhl-justy-xl-air-mesh\/"},"modified":"2026-04-18T23:51:44","modified_gmt":"2026-04-18T21:51:44","slug":"faltstuhl-justy-xl-air-mesh","status":"publish","type":"product","link":"https:\/\/shop.bantam.ch\/de\/produkt\/faltstuhl-justy-xl-air-mesh\/","title":{"rendered":"Faltstuhl Justy XL Air Mesh"},"content":{"rendered":"<p><!--StartFragment -->Die n\u00e4chste Generation der uquip Campingst\u00fchle setzt neue Ma\u00dfst\u00e4be in Sachen Komfort und Funktionalit\u00e4t. Dank des modernen Air Mesh Comfort+ sind die St\u00fchle besonders bequem und w\u00e4rmeregulierend. ROXY ist ein universell einsetzbarer Faltstuhl mit perfekter Sitzh\u00f6he f\u00fcr Campingtische. Er bietet hohen Sitzkomfort, einen Flaschenhalter, sowie einen integrierten Flaschen\u00f6ffner. Die breiten F\u00fc\u00dfe verhindern Einsinken in weichem Untergrund, das stabile Stahlgest\u00e4nge erm\u00f6glicht eine hohe Traglast von 120 kg.<\/p>\n<p>&nbsp;<\/p>\n<p>Material:<\/p>\n<p>Bezug: 100 % Polyester<\/p>\n<p>Gestell: Stahl<\/p>\n<p><!--EndFragment --><\/p>\n","protected":false},"excerpt":{"rendered":"<p>Die n\u00e4chste Generation der uquip Campingst\u00fchle setzt neue Ma\u00dfst\u00e4be in Sachen Komfort und Funktionalit\u00e4t. Dank des modernen Air Mesh Comfort+ sind die St\u00fchle besonders bequem und w\u00e4rmeregulierend. ROXY ist ein universell einsetzbarer Faltstuhl mit perfekter Sitzh\u00f6he f\u00fcr Campingtische. Er bietet hohen Sitzkomfort, einen Flaschenhalter, sowie einen integrierten Flaschen\u00f6ffner. Die breiten F\u00fc\u00dfe verhindern Einsinken in weichem [&hellip;]<\/p>\n","protected":false},"featured_media":228028,"template":"","meta":{"_acf_changed":false},"product_featured_cat":[],"product_brand":[],"product_cat":[4972],"product_tag":[],"class_list":{"0":"post-228038","1":"product","2":"type-product","3":"status-publish","4":"has-post-thumbnail","6":"product_cat-campingstuehle","8":"first","9":"instock","10":"taxable","11":"shipping-taxable","12":"purchasable","13":"product-type-simple"},"acf":[],"yoast_head":"<!-- This site is optimized with the Yoast SEO plugin v27.4 - https:\/\/yoast.com\/product\/yoast-seo-wordpress\/ -->\n<title>Faltstuhl Justy XL Air Mesh - Bantam Camping AG<\/title>\n<meta name=\"robots\" content=\"index, follow, max-snippet:-1, max-image-preview:large, max-video-preview:-1\" \/>\n<link rel=\"canonical\" href=\"https:\/\/shop.bantam.ch\/de\/produkt\/faltstuhl-justy-xl-air-mesh\/\" \/>\n<meta property=\"og:locale\" content=\"de_DE\" \/>\n<meta property=\"og:type\" content=\"article\" \/>\n<meta property=\"og:title\" content=\"Faltstuhl Justy XL Air Mesh - Bantam Camping AG\" \/>\n<meta property=\"og:description\" content=\"Die n\u00e4chste Generation der uquip Campingst\u00fchle setzt neue Ma\u00dfst\u00e4be in Sachen Komfort und Funktionalit\u00e4t. Dank des modernen Air Mesh Comfort+ sind die St\u00fchle besonders bequem und w\u00e4rmeregulierend. ROXY ist ein universell einsetzbarer Faltstuhl mit perfekter Sitzh\u00f6he f\u00fcr Campingtische. Er bietet hohen Sitzkomfort, einen Flaschenhalter, sowie einen integrierten Flaschen\u00f6ffner. Die breiten F\u00fc\u00dfe verhindern Einsinken in weichem [&hellip;]\" \/>\n<meta property=\"og:url\" content=\"https:\/\/shop.bantam.ch\/de\/produkt\/faltstuhl-justy-xl-air-mesh\/\" \/>\n<meta property=\"og:site_name\" content=\"Bantam Camping AG\" \/>\n<meta property=\"article:modified_time\" content=\"2026-04-18T21:51:44+00:00\" \/>\n<meta name=\"twitter:card\" content=\"summary_large_image\" \/>\n<script type=\"application\/ld+json\" class=\"yoast-schema-graph\">{\"@context\":\"https:\\\/\\\/schema.org\",\"@graph\":[{\"@type\":\"WebPage\",\"@id\":\"https:\\\/\\\/shop.bantam.ch\\\/de\\\/produkt\\\/faltstuhl-justy-xl-air-mesh\\\/\",\"url\":\"https:\\\/\\\/shop.bantam.ch\\\/de\\\/produkt\\\/faltstuhl-justy-xl-air-mesh\\\/\",\"name\":\"Faltstuhl Justy XL Air Mesh - Bantam Camping AG\",\"isPartOf\":{\"@id\":\"https:\\\/\\\/shop.bantam.ch\\\/de\\\/#website\"},\"primaryImageOfPage\":{\"@id\":\"https:\\\/\\\/shop.bantam.ch\\\/de\\\/produkt\\\/faltstuhl-justy-xl-air-mesh\\\/#primaryimage\"},\"image\":{\"@id\":\"https:\\\/\\\/shop.bantam.ch\\\/de\\\/produkt\\\/faltstuhl-justy-xl-air-mesh\\\/#primaryimage\"},\"thumbnailUrl\":\"https:\\\/\\\/shop.bantam.ch\\\/wp-content\\\/uploads\\\/2026\\\/01\\\/Movera-L-9963833100.jpg\",\"datePublished\":\"2026-01-06T14:41:25+00:00\",\"dateModified\":\"2026-04-18T21:51:44+00:00\",\"breadcrumb\":{\"@id\":\"https:\\\/\\\/shop.bantam.ch\\\/de\\\/produkt\\\/faltstuhl-justy-xl-air-mesh\\\/#breadcrumb\"},\"inLanguage\":\"de\",\"potentialAction\":[{\"@type\":\"ReadAction\",\"target\":[\"https:\\\/\\\/shop.bantam.ch\\\/de\\\/produkt\\\/faltstuhl-justy-xl-air-mesh\\\/\"]}]},{\"@type\":\"ImageObject\",\"inLanguage\":\"de\",\"@id\":\"https:\\\/\\\/shop.bantam.ch\\\/de\\\/produkt\\\/faltstuhl-justy-xl-air-mesh\\\/#primaryimage\",\"url\":\"https:\\\/\\\/shop.bantam.ch\\\/wp-content\\\/uploads\\\/2026\\\/01\\\/Movera-L-9963833100.jpg\",\"contentUrl\":\"https:\\\/\\\/shop.bantam.ch\\\/wp-content\\\/uploads\\\/2026\\\/01\\\/Movera-L-9963833100.jpg\",\"width\":640,\"height\":640},{\"@type\":\"BreadcrumbList\",\"@id\":\"https:\\\/\\\/shop.bantam.ch\\\/de\\\/produkt\\\/faltstuhl-justy-xl-air-mesh\\\/#breadcrumb\",\"itemListElement\":[{\"@type\":\"ListItem\",\"position\":1,\"name\":\"Accueil\",\"item\":\"https:\\\/\\\/shop.bantam.ch\\\/de\\\/\"},{\"@type\":\"ListItem\",\"position\":2,\"name\":\"Shop\",\"item\":\"https:\\\/\\\/shop.bantam.ch\\\/de\\\/shop\\\/\"},{\"@type\":\"ListItem\",\"position\":3,\"name\":\"Faltstuhl Justy XL Air Mesh\"}]},{\"@type\":\"WebSite\",\"@id\":\"https:\\\/\\\/shop.bantam.ch\\\/de\\\/#website\",\"url\":\"https:\\\/\\\/shop.bantam.ch\\\/de\\\/\",\"name\":\"Bantam Camping AG\",\"description\":\"\",\"publisher\":{\"@id\":\"https:\\\/\\\/shop.bantam.ch\\\/de\\\/#organization\"},\"inLanguage\":\"de\"},{\"@type\":\"Organization\",\"@id\":\"https:\\\/\\\/shop.bantam.ch\\\/de\\\/#organization\",\"name\":\"Bantam Camping AG\",\"url\":\"https:\\\/\\\/shop.bantam.ch\\\/de\\\/\",\"logo\":{\"@type\":\"ImageObject\",\"inLanguage\":\"de\",\"@id\":\"https:\\\/\\\/shop.bantam.ch\\\/de\\\/#\\\/schema\\\/logo\\\/image\\\/\",\"url\":\"https:\\\/\\\/shop.bantam.ch\\\/wp-content\\\/uploads\\\/2022\\\/12\\\/bantam-logo.png\",\"contentUrl\":\"https:\\\/\\\/shop.bantam.ch\\\/wp-content\\\/uploads\\\/2022\\\/12\\\/bantam-logo.png\",\"width\":320,\"height\":71,\"caption\":\"Bantam Camping AG\"},\"image\":{\"@id\":\"https:\\\/\\\/shop.bantam.ch\\\/de\\\/#\\\/schema\\\/logo\\\/image\\\/\"}}]}<\/script>\n<!-- \/ Yoast SEO plugin. -->","yoast_head_json":{"title":"Faltstuhl Justy XL Air Mesh - Bantam Camping AG","robots":{"index":"index","follow":"follow","max-snippet":"max-snippet:-1","max-image-preview":"max-image-preview:large","max-video-preview":"max-video-preview:-1"},"canonical":"https:\/\/shop.bantam.ch\/de\/produkt\/faltstuhl-justy-xl-air-mesh\/","og_locale":"de_DE","og_type":"article","og_title":"Faltstuhl Justy XL Air Mesh - Bantam Camping AG","og_description":"Die n\u00e4chste Generation der uquip Campingst\u00fchle setzt neue Ma\u00dfst\u00e4be in Sachen Komfort und Funktionalit\u00e4t. Dank des modernen Air Mesh Comfort+ sind die St\u00fchle besonders bequem und w\u00e4rmeregulierend. ROXY ist ein universell einsetzbarer Faltstuhl mit perfekter Sitzh\u00f6he f\u00fcr Campingtische. Er bietet hohen Sitzkomfort, einen Flaschenhalter, sowie einen integrierten Flaschen\u00f6ffner. Die breiten F\u00fc\u00dfe verhindern Einsinken in weichem [&hellip;]","og_url":"https:\/\/shop.bantam.ch\/de\/produkt\/faltstuhl-justy-xl-air-mesh\/","og_site_name":"Bantam Camping AG","article_modified_time":"2026-04-18T21:51:44+00:00","twitter_card":"summary_large_image","schema":{"@context":"https:\/\/schema.org","@graph":[{"@type":"WebPage","@id":"https:\/\/shop.bantam.ch\/de\/produkt\/faltstuhl-justy-xl-air-mesh\/","url":"https:\/\/shop.bantam.ch\/de\/produkt\/faltstuhl-justy-xl-air-mesh\/","name":"Faltstuhl Justy XL Air Mesh - Bantam Camping AG","isPartOf":{"@id":"https:\/\/shop.bantam.ch\/de\/#website"},"primaryImageOfPage":{"@id":"https:\/\/shop.bantam.ch\/de\/produkt\/faltstuhl-justy-xl-air-mesh\/#primaryimage"},"image":{"@id":"https:\/\/shop.bantam.ch\/de\/produkt\/faltstuhl-justy-xl-air-mesh\/#primaryimage"},"thumbnailUrl":"https:\/\/shop.bantam.ch\/wp-content\/uploads\/2026\/01\/Movera-L-9963833100.jpg","datePublished":"2026-01-06T14:41:25+00:00","dateModified":"2026-04-18T21:51:44+00:00","breadcrumb":{"@id":"https:\/\/shop.bantam.ch\/de\/produkt\/faltstuhl-justy-xl-air-mesh\/#breadcrumb"},"inLanguage":"de","potentialAction":[{"@type":"ReadAction","target":["https:\/\/shop.bantam.ch\/de\/produkt\/faltstuhl-justy-xl-air-mesh\/"]}]},{"@type":"ImageObject","inLanguage":"de","@id":"https:\/\/shop.bantam.ch\/de\/produkt\/faltstuhl-justy-xl-air-mesh\/#primaryimage","url":"https:\/\/shop.bantam.ch\/wp-content\/uploads\/2026\/01\/Movera-L-9963833100.jpg","contentUrl":"https:\/\/shop.bantam.ch\/wp-content\/uploads\/2026\/01\/Movera-L-9963833100.jpg","width":640,"height":640},{"@type":"BreadcrumbList","@id":"https:\/\/shop.bantam.ch\/de\/produkt\/faltstuhl-justy-xl-air-mesh\/#breadcrumb","itemListElement":[{"@type":"ListItem","position":1,"name":"Accueil","item":"https:\/\/shop.bantam.ch\/de\/"},{"@type":"ListItem","position":2,"name":"Shop","item":"https:\/\/shop.bantam.ch\/de\/shop\/"},{"@type":"ListItem","position":3,"name":"Faltstuhl Justy XL Air Mesh"}]},{"@type":"WebSite","@id":"https:\/\/shop.bantam.ch\/de\/#website","url":"https:\/\/shop.bantam.ch\/de\/","name":"Bantam Camping AG","description":"","publisher":{"@id":"https:\/\/shop.bantam.ch\/de\/#organization"},"inLanguage":"de"},{"@type":"Organization","@id":"https:\/\/shop.bantam.ch\/de\/#organization","name":"Bantam Camping AG","url":"https:\/\/shop.bantam.ch\/de\/","logo":{"@type":"ImageObject","inLanguage":"de","@id":"https:\/\/shop.bantam.ch\/de\/#\/schema\/logo\/image\/","url":"https:\/\/shop.bantam.ch\/wp-content\/uploads\/2022\/12\/bantam-logo.png","contentUrl":"https:\/\/shop.bantam.ch\/wp-content\/uploads\/2022\/12\/bantam-logo.png","width":320,"height":71,"caption":"Bantam Camping AG"},"image":{"@id":"https:\/\/shop.bantam.ch\/de\/#\/schema\/logo\/image\/"}}]}},"_links":{"self":[{"href":"https:\/\/shop.bantam.ch\/de\/wp-json\/wp\/v2\/product\/228038","targetHints":{"allow":["GET"]}}],"collection":[{"href":"https:\/\/shop.bantam.ch\/de\/wp-json\/wp\/v2\/product"}],"about":[{"href":"https:\/\/shop.bantam.ch\/de\/wp-json\/wp\/v2\/types\/product"}],"wp:featuredmedia":[{"embeddable":true,"href":"https:\/\/shop.bantam.ch\/de\/wp-json\/wp\/v2\/media\/228028"}],"wp:attachment":[{"href":"https:\/\/shop.bantam.ch\/de\/wp-json\/wp\/v2\/media?parent=228038"}],"wp:term":[{"taxonomy":"product_featured_cat","embeddable":true,"href":"https:\/\/shop.bantam.ch\/de\/wp-json\/wp\/v2\/product_featured_cat?post=228038"},{"taxonomy":"product_brand","embeddable":true,"href":"https:\/\/shop.bantam.ch\/de\/wp-json\/wp\/v2\/product_brand?post=228038"},{"taxonomy":"product_cat","embeddable":true,"href":"https:\/\/shop.bantam.ch\/de\/wp-json\/wp\/v2\/product_cat?post=228038"},{"taxonomy":"product_tag","embeddable":true,"href":"https:\/\/shop.bantam.ch\/de\/wp-json\/wp\/v2\/product_tag?post=228038"}],"curies":[{"name":"wp","href":"https:\/\/api.w.org\/{rel}","templated":true}]}}