{"id":227918,"date":"2026-01-06T15:38:09","date_gmt":"2026-01-06T14:38:09","guid":{"rendered":"https:\/\/shop.bantam.ch\/produit\/wohnmobil-handbuch-acsi-praxisratgeber-fuer-unterwegs\/"},"modified":"2026-05-10T23:47:05","modified_gmt":"2026-05-10T21:47:05","slug":"wohnmobil-handbuch-acsi-praxisratgeber-fuer-unterwegs","status":"publish","type":"product","link":"https:\/\/shop.bantam.ch\/de\/produkt\/wohnmobil-handbuch-acsi-praxisratgeber-fuer-unterwegs\/","title":{"rendered":"Wohnmobil-Handbuch ACSI Praxisratgeber f\u00fcr unterwegs"},"content":{"rendered":"<p><!--StartFragment -->Ein Muss f\u00fcr jeden Wohnmobilurlauber<\/p>\n<ul>\n<li>Unverzichtbar f\u00fcr alle, die ihr Wohnmobil wirklich verstehen wollen<\/li>\n<li>Voller technischer Infos, Anekdoten, praktischer Tipps und klarer Fotos<\/li>\n<li>Inklusive praktischer Wohnmobil-Checkliste<\/li>\n<\/ul>\n<p>Klar, praktisch und alltagsnah<\/p>\n<p>Das ACSI Wohnmobil-Handbuch ist f\u00fcr alle, die ihr Wohnmobil besser verstehen m\u00f6chten. Schritt f\u00fcr Schritt werden Sie durch alle praktischen Aspekte Ihres Fahrzeugs gef\u00fchrt. Wie funktionieren zum Beispiel Strom- und Wassersysteme, worauf sollten Sie vor der Abfahrt achten und wie beheben Sie unterwegs kleinere Probleme selbst? Und: Wie lernen Sie besser zu fahren und zu rangieren, um Sch\u00e4den m\u00f6glichst zu vermeiden?<\/p>\n<p>Durch spannende Fakten, vertraute Erfahrungen, hilfreiche Praxistipps und anschauliche Fotos lernen Sie Ihr Wohnmobil immer besser kennen. Auch als Technik-Laie k\u00f6nnen Sie k\u00fcnftig kleinere Reparaturen selbst durchf\u00fchren \u2013 und Sie k\u00f6nnen der Werkstatt oder dem H\u00e4ndler klarer erkl\u00e4ren, was los ist. Unterhaltsame Anekdoten schildern typische Camperprobleme \u2013 und liefern gleich die passende L\u00f6sung dazu. Holen Sie das Beste aus Ihrem Wohnmobil heraus.<\/p>\n<p>Ein Wohnmobil steht f\u00fcr Freiheit und Flexibilit\u00e4t. Doch viele Wohnmobilbesitzer stellen bald fest: So ein Fahrzeug ist technisch recht komplex. Dieses Buch ist f\u00fcr alle, die bereits ein Wohnmobil besitzen oder \u00fcber einen Kauf nachdenken. Es hilft Ihnen, Schritt f\u00fcr Schritt die richtigen Entscheidungen zu treffen. Ein unverzichtbares Nachschlagewerk f\u00fcr alle, die mit dem Wohnmobil unterwegs sind \u2013 ob Kastenwagen, (Teil-)Integrierter oder Alkovenmodell!<\/p>\n<p><!--EndFragment --><\/p>\n","protected":false},"excerpt":{"rendered":"<p>Ein Muss f\u00fcr jeden Wohnmobilurlauber Unverzichtbar f\u00fcr alle, die ihr Wohnmobil wirklich verstehen wollen Voller technischer Infos, Anekdoten, praktischer Tipps und klarer Fotos Inklusive praktischer Wohnmobil-Checkliste Klar, praktisch und alltagsnah Das ACSI Wohnmobil-Handbuch ist f\u00fcr alle, die ihr Wohnmobil besser verstehen m\u00f6chten. Schritt f\u00fcr Schritt werden Sie durch alle praktischen Aspekte Ihres Fahrzeugs gef\u00fchrt. Wie [&hellip;]<\/p>\n","protected":false},"featured_media":227916,"template":"","meta":{"_acf_changed":false},"product_featured_cat":[],"product_brand":[],"product_cat":[4350],"product_tag":[],"class_list":{"0":"post-227918","1":"product","2":"type-product","3":"status-publish","4":"has-post-thumbnail","6":"product_cat-sachbuecher","8":"first","9":"instock","10":"taxable","11":"shipping-taxable","12":"purchasable","13":"product-type-simple"},"acf":[],"yoast_head":"<!-- This site is optimized with the Yoast SEO plugin v27.5 - https:\/\/yoast.com\/product\/yoast-seo-wordpress\/ -->\n<title>Wohnmobil-Handbuch ACSI Praxisratgeber f\u00fcr unterwegs - Bantam<\/title>\n<meta name=\"robots\" content=\"index, follow, max-snippet:-1, max-image-preview:large, max-video-preview:-1\" \/>\n<link rel=\"canonical\" href=\"https:\/\/shop.bantam.ch\/de\/produkt\/wohnmobil-handbuch-acsi-praxisratgeber-fuer-unterwegs\/\" \/>\n<meta property=\"og:locale\" content=\"de_DE\" \/>\n<meta property=\"og:type\" content=\"article\" \/>\n<meta property=\"og:title\" content=\"Wohnmobil-Handbuch ACSI Praxisratgeber f\u00fcr unterwegs - Bantam\" \/>\n<meta property=\"og:description\" content=\"Ein Muss f\u00fcr jeden Wohnmobilurlauber Unverzichtbar f\u00fcr alle, die ihr Wohnmobil wirklich verstehen wollen Voller technischer Infos, Anekdoten, praktischer Tipps und klarer Fotos Inklusive praktischer Wohnmobil-Checkliste Klar, praktisch und alltagsnah Das ACSI Wohnmobil-Handbuch ist f\u00fcr alle, die ihr Wohnmobil besser verstehen m\u00f6chten. Schritt f\u00fcr Schritt werden Sie durch alle praktischen Aspekte Ihres Fahrzeugs gef\u00fchrt. Wie [&hellip;]\" \/>\n<meta property=\"og:url\" content=\"https:\/\/shop.bantam.ch\/de\/produkt\/wohnmobil-handbuch-acsi-praxisratgeber-fuer-unterwegs\/\" \/>\n<meta property=\"og:site_name\" content=\"Bantam\" \/>\n<meta property=\"article:modified_time\" content=\"2026-05-10T21:47:05+00:00\" \/>\n<meta name=\"twitter:card\" content=\"summary_large_image\" \/>\n<meta name=\"twitter:label1\" content=\"Gesch\u00e4tzte Lesezeit\" \/>\n\t<meta name=\"twitter:data1\" content=\"1\u00a0Minute\" \/>\n<script type=\"application\/ld+json\" class=\"yoast-schema-graph\">{\"@context\":\"https:\\\/\\\/schema.org\",\"@graph\":[{\"@type\":\"WebPage\",\"@id\":\"https:\\\/\\\/shop.bantam.ch\\\/de\\\/produkt\\\/wohnmobil-handbuch-acsi-praxisratgeber-fuer-unterwegs\\\/\",\"url\":\"https:\\\/\\\/shop.bantam.ch\\\/de\\\/produkt\\\/wohnmobil-handbuch-acsi-praxisratgeber-fuer-unterwegs\\\/\",\"name\":\"Wohnmobil-Handbuch ACSI Praxisratgeber f\u00fcr unterwegs - Bantam\",\"isPartOf\":{\"@id\":\"https:\\\/\\\/shop.bantam.ch\\\/de\\\/#website\"},\"primaryImageOfPage\":{\"@id\":\"https:\\\/\\\/shop.bantam.ch\\\/de\\\/produkt\\\/wohnmobil-handbuch-acsi-praxisratgeber-fuer-unterwegs\\\/#primaryimage\"},\"image\":{\"@id\":\"https:\\\/\\\/shop.bantam.ch\\\/de\\\/produkt\\\/wohnmobil-handbuch-acsi-praxisratgeber-fuer-unterwegs\\\/#primaryimage\"},\"thumbnailUrl\":\"https:\\\/\\\/shop.bantam.ch\\\/wp-content\\\/uploads\\\/2026\\\/01\\\/Movera-L-9963801100.jpg\",\"datePublished\":\"2026-01-06T14:38:09+00:00\",\"dateModified\":\"2026-05-10T21:47:05+00:00\",\"breadcrumb\":{\"@id\":\"https:\\\/\\\/shop.bantam.ch\\\/de\\\/produkt\\\/wohnmobil-handbuch-acsi-praxisratgeber-fuer-unterwegs\\\/#breadcrumb\"},\"inLanguage\":\"de\",\"potentialAction\":[{\"@type\":\"ReadAction\",\"target\":[\"https:\\\/\\\/shop.bantam.ch\\\/de\\\/produkt\\\/wohnmobil-handbuch-acsi-praxisratgeber-fuer-unterwegs\\\/\"]}]},{\"@type\":\"ImageObject\",\"inLanguage\":\"de\",\"@id\":\"https:\\\/\\\/shop.bantam.ch\\\/de\\\/produkt\\\/wohnmobil-handbuch-acsi-praxisratgeber-fuer-unterwegs\\\/#primaryimage\",\"url\":\"https:\\\/\\\/shop.bantam.ch\\\/wp-content\\\/uploads\\\/2026\\\/01\\\/Movera-L-9963801100.jpg\",\"contentUrl\":\"https:\\\/\\\/shop.bantam.ch\\\/wp-content\\\/uploads\\\/2026\\\/01\\\/Movera-L-9963801100.jpg\",\"width\":640,\"height\":670},{\"@type\":\"BreadcrumbList\",\"@id\":\"https:\\\/\\\/shop.bantam.ch\\\/de\\\/produkt\\\/wohnmobil-handbuch-acsi-praxisratgeber-fuer-unterwegs\\\/#breadcrumb\",\"itemListElement\":[{\"@type\":\"ListItem\",\"position\":1,\"name\":\"Accueil\",\"item\":\"https:\\\/\\\/shop.bantam.ch\\\/de\\\/\"},{\"@type\":\"ListItem\",\"position\":2,\"name\":\"Shop\",\"item\":\"https:\\\/\\\/shop.bantam.ch\\\/de\\\/shop\\\/\"},{\"@type\":\"ListItem\",\"position\":3,\"name\":\"Wohnmobil-Handbuch ACSI Praxisratgeber f\u00fcr unterwegs\"}]},{\"@type\":\"WebSite\",\"@id\":\"https:\\\/\\\/shop.bantam.ch\\\/de\\\/#website\",\"url\":\"https:\\\/\\\/shop.bantam.ch\\\/de\\\/\",\"name\":\"Bantam\",\"description\":\"\",\"publisher\":{\"@id\":\"https:\\\/\\\/shop.bantam.ch\\\/de\\\/#organization\"},\"inLanguage\":\"de\"},{\"@type\":\"Organization\",\"@id\":\"https:\\\/\\\/shop.bantam.ch\\\/de\\\/#organization\",\"name\":\"Bantam\",\"url\":\"https:\\\/\\\/shop.bantam.ch\\\/de\\\/\",\"logo\":{\"@type\":\"ImageObject\",\"inLanguage\":\"de\",\"@id\":\"https:\\\/\\\/shop.bantam.ch\\\/de\\\/#\\\/schema\\\/logo\\\/image\\\/\",\"url\":\"https:\\\/\\\/shop.bantam.ch\\\/wp-content\\\/uploads\\\/2022\\\/12\\\/bantam-logo.png\",\"contentUrl\":\"https:\\\/\\\/shop.bantam.ch\\\/wp-content\\\/uploads\\\/2022\\\/12\\\/bantam-logo.png\",\"width\":320,\"height\":71,\"caption\":\"Bantam\"},\"image\":{\"@id\":\"https:\\\/\\\/shop.bantam.ch\\\/de\\\/#\\\/schema\\\/logo\\\/image\\\/\"}}]}<\/script>\n<!-- \/ Yoast SEO plugin. -->","yoast_head_json":{"title":"Wohnmobil-Handbuch ACSI Praxisratgeber f\u00fcr unterwegs - Bantam","robots":{"index":"index","follow":"follow","max-snippet":"max-snippet:-1","max-image-preview":"max-image-preview:large","max-video-preview":"max-video-preview:-1"},"canonical":"https:\/\/shop.bantam.ch\/de\/produkt\/wohnmobil-handbuch-acsi-praxisratgeber-fuer-unterwegs\/","og_locale":"de_DE","og_type":"article","og_title":"Wohnmobil-Handbuch ACSI Praxisratgeber f\u00fcr unterwegs - Bantam","og_description":"Ein Muss f\u00fcr jeden Wohnmobilurlauber Unverzichtbar f\u00fcr alle, die ihr Wohnmobil wirklich verstehen wollen Voller technischer Infos, Anekdoten, praktischer Tipps und klarer Fotos Inklusive praktischer Wohnmobil-Checkliste Klar, praktisch und alltagsnah Das ACSI Wohnmobil-Handbuch ist f\u00fcr alle, die ihr Wohnmobil besser verstehen m\u00f6chten. Schritt f\u00fcr Schritt werden Sie durch alle praktischen Aspekte Ihres Fahrzeugs gef\u00fchrt. Wie [&hellip;]","og_url":"https:\/\/shop.bantam.ch\/de\/produkt\/wohnmobil-handbuch-acsi-praxisratgeber-fuer-unterwegs\/","og_site_name":"Bantam","article_modified_time":"2026-05-10T21:47:05+00:00","twitter_card":"summary_large_image","twitter_misc":{"Gesch\u00e4tzte Lesezeit":"1\u00a0Minute"},"schema":{"@context":"https:\/\/schema.org","@graph":[{"@type":"WebPage","@id":"https:\/\/shop.bantam.ch\/de\/produkt\/wohnmobil-handbuch-acsi-praxisratgeber-fuer-unterwegs\/","url":"https:\/\/shop.bantam.ch\/de\/produkt\/wohnmobil-handbuch-acsi-praxisratgeber-fuer-unterwegs\/","name":"Wohnmobil-Handbuch ACSI Praxisratgeber f\u00fcr unterwegs - Bantam","isPartOf":{"@id":"https:\/\/shop.bantam.ch\/de\/#website"},"primaryImageOfPage":{"@id":"https:\/\/shop.bantam.ch\/de\/produkt\/wohnmobil-handbuch-acsi-praxisratgeber-fuer-unterwegs\/#primaryimage"},"image":{"@id":"https:\/\/shop.bantam.ch\/de\/produkt\/wohnmobil-handbuch-acsi-praxisratgeber-fuer-unterwegs\/#primaryimage"},"thumbnailUrl":"https:\/\/shop.bantam.ch\/wp-content\/uploads\/2026\/01\/Movera-L-9963801100.jpg","datePublished":"2026-01-06T14:38:09+00:00","dateModified":"2026-05-10T21:47:05+00:00","breadcrumb":{"@id":"https:\/\/shop.bantam.ch\/de\/produkt\/wohnmobil-handbuch-acsi-praxisratgeber-fuer-unterwegs\/#breadcrumb"},"inLanguage":"de","potentialAction":[{"@type":"ReadAction","target":["https:\/\/shop.bantam.ch\/de\/produkt\/wohnmobil-handbuch-acsi-praxisratgeber-fuer-unterwegs\/"]}]},{"@type":"ImageObject","inLanguage":"de","@id":"https:\/\/shop.bantam.ch\/de\/produkt\/wohnmobil-handbuch-acsi-praxisratgeber-fuer-unterwegs\/#primaryimage","url":"https:\/\/shop.bantam.ch\/wp-content\/uploads\/2026\/01\/Movera-L-9963801100.jpg","contentUrl":"https:\/\/shop.bantam.ch\/wp-content\/uploads\/2026\/01\/Movera-L-9963801100.jpg","width":640,"height":670},{"@type":"BreadcrumbList","@id":"https:\/\/shop.bantam.ch\/de\/produkt\/wohnmobil-handbuch-acsi-praxisratgeber-fuer-unterwegs\/#breadcrumb","itemListElement":[{"@type":"ListItem","position":1,"name":"Accueil","item":"https:\/\/shop.bantam.ch\/de\/"},{"@type":"ListItem","position":2,"name":"Shop","item":"https:\/\/shop.bantam.ch\/de\/shop\/"},{"@type":"ListItem","position":3,"name":"Wohnmobil-Handbuch ACSI Praxisratgeber f\u00fcr unterwegs"}]},{"@type":"WebSite","@id":"https:\/\/shop.bantam.ch\/de\/#website","url":"https:\/\/shop.bantam.ch\/de\/","name":"Bantam","description":"","publisher":{"@id":"https:\/\/shop.bantam.ch\/de\/#organization"},"inLanguage":"de"},{"@type":"Organization","@id":"https:\/\/shop.bantam.ch\/de\/#organization","name":"Bantam","url":"https:\/\/shop.bantam.ch\/de\/","logo":{"@type":"ImageObject","inLanguage":"de","@id":"https:\/\/shop.bantam.ch\/de\/#\/schema\/logo\/image\/","url":"https:\/\/shop.bantam.ch\/wp-content\/uploads\/2022\/12\/bantam-logo.png","contentUrl":"https:\/\/shop.bantam.ch\/wp-content\/uploads\/2022\/12\/bantam-logo.png","width":320,"height":71,"caption":"Bantam"},"image":{"@id":"https:\/\/shop.bantam.ch\/de\/#\/schema\/logo\/image\/"}}]}},"_links":{"self":[{"href":"https:\/\/shop.bantam.ch\/de\/wp-json\/wp\/v2\/product\/227918","targetHints":{"allow":["GET"]}}],"collection":[{"href":"https:\/\/shop.bantam.ch\/de\/wp-json\/wp\/v2\/product"}],"about":[{"href":"https:\/\/shop.bantam.ch\/de\/wp-json\/wp\/v2\/types\/product"}],"wp:featuredmedia":[{"embeddable":true,"href":"https:\/\/shop.bantam.ch\/de\/wp-json\/wp\/v2\/media\/227916"}],"wp:attachment":[{"href":"https:\/\/shop.bantam.ch\/de\/wp-json\/wp\/v2\/media?parent=227918"}],"wp:term":[{"taxonomy":"product_featured_cat","embeddable":true,"href":"https:\/\/shop.bantam.ch\/de\/wp-json\/wp\/v2\/product_featured_cat?post=227918"},{"taxonomy":"product_brand","embeddable":true,"href":"https:\/\/shop.bantam.ch\/de\/wp-json\/wp\/v2\/product_brand?post=227918"},{"taxonomy":"product_cat","embeddable":true,"href":"https:\/\/shop.bantam.ch\/de\/wp-json\/wp\/v2\/product_cat?post=227918"},{"taxonomy":"product_tag","embeddable":true,"href":"https:\/\/shop.bantam.ch\/de\/wp-json\/wp\/v2\/product_tag?post=227918"}],"curies":[{"name":"wp","href":"https:\/\/api.w.org\/{rel}","templated":true}]}}