{"id":227882,"date":"2026-01-06T15:37:02","date_gmt":"2026-01-06T14:37:02","guid":{"rendered":"https:\/\/shop.bantam.ch\/produit\/stuhlset-al-213-ct-40-2-x-klappstuhl-tisch-netz\/"},"modified":"2026-04-18T23:51:37","modified_gmt":"2026-04-18T21:51:37","slug":"stuhlset-al-213-ct-40-2-x-klappstuhl-tisch-netz","status":"publish","type":"product","link":"https:\/\/shop.bantam.ch\/de\/produkt\/stuhlset-al-213-ct-40-2-x-klappstuhl-tisch-netz\/","title":{"rendered":"Stuhlset AL\/213-CT-40 2 x Klappstuhl + Tisch + Netz"},"content":{"rendered":"<p>Das Crespo Stuhl- und Tischset besteht aus einem Campingtisch mit verst\u00e4rkter Tischplatte und zwei kompakten Klappst\u00fchlen. Zudem ist ein praktisches Ablagenetz f\u00fcr den Tisch und eine passende Tragetasche f\u00fcr das gesamte Set dabei. Durch das kleine Packma\u00df und geringe Gewicht ist das Set besonders f\u00fcr Kastenwagen und Vans geeignet. Ein Set bestehend aus 2 x AL-213 Classic Compact St\u00fchlen, einem AL-246 Tisch mit Aufbewahrungsnetz und Transporttasche. Sehr praktisch und ideal f\u00fcr 2 Personen. Das Set l\u00e4sst sich sehr kompakt transportieren. Insgesamt l\u00e4sst sich das Set kompakt zusammenfalten und ist nur 16 cm dick.<\/p>\n<p>Material:<br \/>\nBezug aus Multifiberstoff: 40 % Polyester, 60 % PVC Polyvinylchlorid<br \/>\nGestell Aluminium<\/p>\n<p>Lieferumfang:<br \/>\n2 Campingst\u00fchle AL 213 mit stufenlos verstellbarem Kopfteil und der 7-fach verstellbaren R\u00fcckenlehne<br \/>\n1 Campingtisch AL\/246-09G mit verst\u00e4rkter Tischplatte in der Gr\u00f6\u00dfe 101 x 65 cm<br \/>\n1 Ablagenetz R\/248<br \/>\n1 Tragetasche f\u00fcr das komplette Set<\/p>\n","protected":false},"excerpt":{"rendered":"<p>Das Crespo Stuhl- und Tischset besteht aus einem Campingtisch mit verst\u00e4rkter Tischplatte und zwei kompakten Klappst\u00fchlen. Zudem ist ein praktisches Ablagenetz f\u00fcr den Tisch und eine passende Tragetasche f\u00fcr das gesamte Set dabei. Durch das kleine Packma\u00df und geringe Gewicht ist das Set besonders f\u00fcr Kastenwagen und Vans geeignet. Ein Set bestehend aus 2 x [&hellip;]<\/p>\n","protected":false},"featured_media":227876,"template":"","meta":{"_acf_changed":false},"product_featured_cat":[],"product_brand":[],"product_cat":[4972],"product_tag":[],"class_list":{"0":"post-227882","1":"product","2":"type-product","3":"status-publish","4":"has-post-thumbnail","6":"product_cat-campingstuehle","8":"first","9":"instock","10":"taxable","11":"shipping-taxable","12":"purchasable","13":"product-type-simple"},"acf":[],"yoast_head":"<!-- This site is optimized with the Yoast SEO plugin v27.4 - https:\/\/yoast.com\/product\/yoast-seo-wordpress\/ -->\n<title>Stuhlset AL\/213-CT-40 2 x Klappstuhl + Tisch + Netz - Bantam Camping AG<\/title>\n<meta name=\"robots\" content=\"index, follow, max-snippet:-1, max-image-preview:large, max-video-preview:-1\" \/>\n<link rel=\"canonical\" href=\"https:\/\/shop.bantam.ch\/de\/produkt\/stuhlset-al-213-ct-40-2-x-klappstuhl-tisch-netz\/\" \/>\n<meta property=\"og:locale\" content=\"de_DE\" \/>\n<meta property=\"og:type\" content=\"article\" \/>\n<meta property=\"og:title\" content=\"Stuhlset AL\/213-CT-40 2 x Klappstuhl + Tisch + Netz - Bantam Camping AG\" \/>\n<meta property=\"og:description\" content=\"Das Crespo Stuhl- und Tischset besteht aus einem Campingtisch mit verst\u00e4rkter Tischplatte und zwei kompakten Klappst\u00fchlen. Zudem ist ein praktisches Ablagenetz f\u00fcr den Tisch und eine passende Tragetasche f\u00fcr das gesamte Set dabei. Durch das kleine Packma\u00df und geringe Gewicht ist das Set besonders f\u00fcr Kastenwagen und Vans geeignet. Ein Set bestehend aus 2 x [&hellip;]\" \/>\n<meta property=\"og:url\" content=\"https:\/\/shop.bantam.ch\/de\/produkt\/stuhlset-al-213-ct-40-2-x-klappstuhl-tisch-netz\/\" \/>\n<meta property=\"og:site_name\" content=\"Bantam Camping AG\" \/>\n<meta property=\"article:modified_time\" content=\"2026-04-18T21:51:37+00:00\" \/>\n<meta name=\"twitter:card\" content=\"summary_large_image\" \/>\n<meta name=\"twitter:label1\" content=\"Gesch\u00e4tzte Lesezeit\" \/>\n\t<meta name=\"twitter:data1\" content=\"1\u00a0Minute\" \/>\n<script type=\"application\/ld+json\" class=\"yoast-schema-graph\">{\"@context\":\"https:\\\/\\\/schema.org\",\"@graph\":[{\"@type\":\"WebPage\",\"@id\":\"https:\\\/\\\/shop.bantam.ch\\\/de\\\/produkt\\\/stuhlset-al-213-ct-40-2-x-klappstuhl-tisch-netz\\\/\",\"url\":\"https:\\\/\\\/shop.bantam.ch\\\/de\\\/produkt\\\/stuhlset-al-213-ct-40-2-x-klappstuhl-tisch-netz\\\/\",\"name\":\"Stuhlset AL\\\/213-CT-40 2 x Klappstuhl + Tisch + Netz - Bantam Camping AG\",\"isPartOf\":{\"@id\":\"https:\\\/\\\/shop.bantam.ch\\\/de\\\/#website\"},\"primaryImageOfPage\":{\"@id\":\"https:\\\/\\\/shop.bantam.ch\\\/de\\\/produkt\\\/stuhlset-al-213-ct-40-2-x-klappstuhl-tisch-netz\\\/#primaryimage\"},\"image\":{\"@id\":\"https:\\\/\\\/shop.bantam.ch\\\/de\\\/produkt\\\/stuhlset-al-213-ct-40-2-x-klappstuhl-tisch-netz\\\/#primaryimage\"},\"thumbnailUrl\":\"https:\\\/\\\/shop.bantam.ch\\\/wp-content\\\/uploads\\\/2026\\\/01\\\/Movera-L-9963790100.jpg\",\"datePublished\":\"2026-01-06T14:37:02+00:00\",\"dateModified\":\"2026-04-18T21:51:37+00:00\",\"breadcrumb\":{\"@id\":\"https:\\\/\\\/shop.bantam.ch\\\/de\\\/produkt\\\/stuhlset-al-213-ct-40-2-x-klappstuhl-tisch-netz\\\/#breadcrumb\"},\"inLanguage\":\"de\",\"potentialAction\":[{\"@type\":\"ReadAction\",\"target\":[\"https:\\\/\\\/shop.bantam.ch\\\/de\\\/produkt\\\/stuhlset-al-213-ct-40-2-x-klappstuhl-tisch-netz\\\/\"]}]},{\"@type\":\"ImageObject\",\"inLanguage\":\"de\",\"@id\":\"https:\\\/\\\/shop.bantam.ch\\\/de\\\/produkt\\\/stuhlset-al-213-ct-40-2-x-klappstuhl-tisch-netz\\\/#primaryimage\",\"url\":\"https:\\\/\\\/shop.bantam.ch\\\/wp-content\\\/uploads\\\/2026\\\/01\\\/Movera-L-9963790100.jpg\",\"contentUrl\":\"https:\\\/\\\/shop.bantam.ch\\\/wp-content\\\/uploads\\\/2026\\\/01\\\/Movera-L-9963790100.jpg\",\"width\":640,\"height\":428},{\"@type\":\"BreadcrumbList\",\"@id\":\"https:\\\/\\\/shop.bantam.ch\\\/de\\\/produkt\\\/stuhlset-al-213-ct-40-2-x-klappstuhl-tisch-netz\\\/#breadcrumb\",\"itemListElement\":[{\"@type\":\"ListItem\",\"position\":1,\"name\":\"Accueil\",\"item\":\"https:\\\/\\\/shop.bantam.ch\\\/de\\\/\"},{\"@type\":\"ListItem\",\"position\":2,\"name\":\"Shop\",\"item\":\"https:\\\/\\\/shop.bantam.ch\\\/de\\\/shop\\\/\"},{\"@type\":\"ListItem\",\"position\":3,\"name\":\"Stuhlset AL\\\/213-CT-40 2 x Klappstuhl + Tisch + Netz\"}]},{\"@type\":\"WebSite\",\"@id\":\"https:\\\/\\\/shop.bantam.ch\\\/de\\\/#website\",\"url\":\"https:\\\/\\\/shop.bantam.ch\\\/de\\\/\",\"name\":\"Bantam Camping AG\",\"description\":\"\",\"publisher\":{\"@id\":\"https:\\\/\\\/shop.bantam.ch\\\/de\\\/#organization\"},\"inLanguage\":\"de\"},{\"@type\":\"Organization\",\"@id\":\"https:\\\/\\\/shop.bantam.ch\\\/de\\\/#organization\",\"name\":\"Bantam Camping AG\",\"url\":\"https:\\\/\\\/shop.bantam.ch\\\/de\\\/\",\"logo\":{\"@type\":\"ImageObject\",\"inLanguage\":\"de\",\"@id\":\"https:\\\/\\\/shop.bantam.ch\\\/de\\\/#\\\/schema\\\/logo\\\/image\\\/\",\"url\":\"https:\\\/\\\/shop.bantam.ch\\\/wp-content\\\/uploads\\\/2022\\\/12\\\/bantam-logo.png\",\"contentUrl\":\"https:\\\/\\\/shop.bantam.ch\\\/wp-content\\\/uploads\\\/2022\\\/12\\\/bantam-logo.png\",\"width\":320,\"height\":71,\"caption\":\"Bantam Camping AG\"},\"image\":{\"@id\":\"https:\\\/\\\/shop.bantam.ch\\\/de\\\/#\\\/schema\\\/logo\\\/image\\\/\"}}]}<\/script>\n<!-- \/ Yoast SEO plugin. -->","yoast_head_json":{"title":"Stuhlset AL\/213-CT-40 2 x Klappstuhl + Tisch + Netz - Bantam Camping AG","robots":{"index":"index","follow":"follow","max-snippet":"max-snippet:-1","max-image-preview":"max-image-preview:large","max-video-preview":"max-video-preview:-1"},"canonical":"https:\/\/shop.bantam.ch\/de\/produkt\/stuhlset-al-213-ct-40-2-x-klappstuhl-tisch-netz\/","og_locale":"de_DE","og_type":"article","og_title":"Stuhlset AL\/213-CT-40 2 x Klappstuhl + Tisch + Netz - Bantam Camping AG","og_description":"Das Crespo Stuhl- und Tischset besteht aus einem Campingtisch mit verst\u00e4rkter Tischplatte und zwei kompakten Klappst\u00fchlen. Zudem ist ein praktisches Ablagenetz f\u00fcr den Tisch und eine passende Tragetasche f\u00fcr das gesamte Set dabei. Durch das kleine Packma\u00df und geringe Gewicht ist das Set besonders f\u00fcr Kastenwagen und Vans geeignet. Ein Set bestehend aus 2 x [&hellip;]","og_url":"https:\/\/shop.bantam.ch\/de\/produkt\/stuhlset-al-213-ct-40-2-x-klappstuhl-tisch-netz\/","og_site_name":"Bantam Camping AG","article_modified_time":"2026-04-18T21:51:37+00:00","twitter_card":"summary_large_image","twitter_misc":{"Gesch\u00e4tzte Lesezeit":"1\u00a0Minute"},"schema":{"@context":"https:\/\/schema.org","@graph":[{"@type":"WebPage","@id":"https:\/\/shop.bantam.ch\/de\/produkt\/stuhlset-al-213-ct-40-2-x-klappstuhl-tisch-netz\/","url":"https:\/\/shop.bantam.ch\/de\/produkt\/stuhlset-al-213-ct-40-2-x-klappstuhl-tisch-netz\/","name":"Stuhlset AL\/213-CT-40 2 x Klappstuhl + Tisch + Netz - Bantam Camping AG","isPartOf":{"@id":"https:\/\/shop.bantam.ch\/de\/#website"},"primaryImageOfPage":{"@id":"https:\/\/shop.bantam.ch\/de\/produkt\/stuhlset-al-213-ct-40-2-x-klappstuhl-tisch-netz\/#primaryimage"},"image":{"@id":"https:\/\/shop.bantam.ch\/de\/produkt\/stuhlset-al-213-ct-40-2-x-klappstuhl-tisch-netz\/#primaryimage"},"thumbnailUrl":"https:\/\/shop.bantam.ch\/wp-content\/uploads\/2026\/01\/Movera-L-9963790100.jpg","datePublished":"2026-01-06T14:37:02+00:00","dateModified":"2026-04-18T21:51:37+00:00","breadcrumb":{"@id":"https:\/\/shop.bantam.ch\/de\/produkt\/stuhlset-al-213-ct-40-2-x-klappstuhl-tisch-netz\/#breadcrumb"},"inLanguage":"de","potentialAction":[{"@type":"ReadAction","target":["https:\/\/shop.bantam.ch\/de\/produkt\/stuhlset-al-213-ct-40-2-x-klappstuhl-tisch-netz\/"]}]},{"@type":"ImageObject","inLanguage":"de","@id":"https:\/\/shop.bantam.ch\/de\/produkt\/stuhlset-al-213-ct-40-2-x-klappstuhl-tisch-netz\/#primaryimage","url":"https:\/\/shop.bantam.ch\/wp-content\/uploads\/2026\/01\/Movera-L-9963790100.jpg","contentUrl":"https:\/\/shop.bantam.ch\/wp-content\/uploads\/2026\/01\/Movera-L-9963790100.jpg","width":640,"height":428},{"@type":"BreadcrumbList","@id":"https:\/\/shop.bantam.ch\/de\/produkt\/stuhlset-al-213-ct-40-2-x-klappstuhl-tisch-netz\/#breadcrumb","itemListElement":[{"@type":"ListItem","position":1,"name":"Accueil","item":"https:\/\/shop.bantam.ch\/de\/"},{"@type":"ListItem","position":2,"name":"Shop","item":"https:\/\/shop.bantam.ch\/de\/shop\/"},{"@type":"ListItem","position":3,"name":"Stuhlset AL\/213-CT-40 2 x Klappstuhl + Tisch + Netz"}]},{"@type":"WebSite","@id":"https:\/\/shop.bantam.ch\/de\/#website","url":"https:\/\/shop.bantam.ch\/de\/","name":"Bantam Camping AG","description":"","publisher":{"@id":"https:\/\/shop.bantam.ch\/de\/#organization"},"inLanguage":"de"},{"@type":"Organization","@id":"https:\/\/shop.bantam.ch\/de\/#organization","name":"Bantam Camping AG","url":"https:\/\/shop.bantam.ch\/de\/","logo":{"@type":"ImageObject","inLanguage":"de","@id":"https:\/\/shop.bantam.ch\/de\/#\/schema\/logo\/image\/","url":"https:\/\/shop.bantam.ch\/wp-content\/uploads\/2022\/12\/bantam-logo.png","contentUrl":"https:\/\/shop.bantam.ch\/wp-content\/uploads\/2022\/12\/bantam-logo.png","width":320,"height":71,"caption":"Bantam Camping AG"},"image":{"@id":"https:\/\/shop.bantam.ch\/de\/#\/schema\/logo\/image\/"}}]}},"_links":{"self":[{"href":"https:\/\/shop.bantam.ch\/de\/wp-json\/wp\/v2\/product\/227882","targetHints":{"allow":["GET"]}}],"collection":[{"href":"https:\/\/shop.bantam.ch\/de\/wp-json\/wp\/v2\/product"}],"about":[{"href":"https:\/\/shop.bantam.ch\/de\/wp-json\/wp\/v2\/types\/product"}],"wp:featuredmedia":[{"embeddable":true,"href":"https:\/\/shop.bantam.ch\/de\/wp-json\/wp\/v2\/media\/227876"}],"wp:attachment":[{"href":"https:\/\/shop.bantam.ch\/de\/wp-json\/wp\/v2\/media?parent=227882"}],"wp:term":[{"taxonomy":"product_featured_cat","embeddable":true,"href":"https:\/\/shop.bantam.ch\/de\/wp-json\/wp\/v2\/product_featured_cat?post=227882"},{"taxonomy":"product_brand","embeddable":true,"href":"https:\/\/shop.bantam.ch\/de\/wp-json\/wp\/v2\/product_brand?post=227882"},{"taxonomy":"product_cat","embeddable":true,"href":"https:\/\/shop.bantam.ch\/de\/wp-json\/wp\/v2\/product_cat?post=227882"},{"taxonomy":"product_tag","embeddable":true,"href":"https:\/\/shop.bantam.ch\/de\/wp-json\/wp\/v2\/product_tag?post=227882"}],"curies":[{"name":"wp","href":"https:\/\/api.w.org\/{rel}","templated":true}]}}