{"id":227852,"date":"2026-01-06T15:36:09","date_gmt":"2026-01-06T14:36:09","guid":{"rendered":"https:\/\/shop.bantam.ch\/produit\/sonnenschirm-locarno-o-ca-150-cm-farbe-natur\/"},"modified":"2026-05-10T23:46:58","modified_gmt":"2026-05-10T21:46:58","slug":"sonnenschirm-locarno-o-ca-150-cm-farbe-natur","status":"publish","type":"product","link":"https:\/\/shop.bantam.ch\/de\/produkt\/sonnenschirm-locarno-o-ca-150-cm-farbe-natur\/","title":{"rendered":"Sonnenschirm Locarno \u00d8 ca. 150 cm Farbe natur"},"content":{"rendered":"<p>Schirm LOCARNO ca. 150 cm \u00d8<br \/>\nBespannung 100 % Polyester, ca. 160 g\/m\u00b2, verrottungsfest, wasserabsto\u00dfend impr\u00e4gniert, mit Volant und Bandeinfassung, runder Schirm mit ca. 150 cm \u00d8.<br \/>\nGestell silbergrau pulverbeschichtet, alle Kunststoffteile anthrazitgrau, gro\u00dfer Schieber mit Taste, Drehfeststeller, Kugeltop, Metall-Knicker mit Druckknopf, Stock 2-teilig 22\/25 mm \u00d8 (Ober-\/Unterstock).<br \/>\nErh\u00e4ltlich in den Farben: natur, mandarine, rot, apfelgr\u00fcn, royalblau und anthrazit.<\/p>\n<ul>\n<li>Nur f\u00fcr den privaten Gebrauch im Au\u00dfenbereich.<\/li>\n<li>Zur Verwendung auf Dachterrassen oder an \u00e4hnlich windexponierten Standorten nicht geeignet!<\/li>\n<\/ul>\n","protected":false},"excerpt":{"rendered":"<p>Schirm LOCARNO ca. 150 cm \u00d8 Bespannung 100 % Polyester, ca. 160 g\/m\u00b2, verrottungsfest, wasserabsto\u00dfend impr\u00e4gniert, mit Volant und Bandeinfassung, runder Schirm mit ca. 150 cm \u00d8. Gestell silbergrau pulverbeschichtet, alle Kunststoffteile anthrazitgrau, gro\u00dfer Schieber mit Taste, Drehfeststeller, Kugeltop, Metall-Knicker mit Druckknopf, Stock 2-teilig 22\/25 mm \u00d8 (Ober-\/Unterstock). Erh\u00e4ltlich in den Farben: natur, mandarine, rot, [&hellip;]<\/p>\n","protected":false},"featured_media":227842,"template":"","meta":{"_acf_changed":false},"product_featured_cat":[],"product_brand":[],"product_cat":[4464],"product_tag":[],"class_list":{"0":"post-227852","1":"product","2":"type-product","3":"status-publish","4":"has-post-thumbnail","6":"product_cat-sonnenschirme","8":"first","9":"instock","10":"taxable","11":"shipping-taxable","12":"purchasable","13":"product-type-simple"},"acf":[],"yoast_head":"<!-- This site is optimized with the Yoast SEO plugin v27.5 - https:\/\/yoast.com\/product\/yoast-seo-wordpress\/ -->\n<title>Sonnenschirm Locarno \u00d8 ca. 150 cm Farbe natur - Bantam<\/title>\n<meta name=\"robots\" content=\"index, follow, max-snippet:-1, max-image-preview:large, max-video-preview:-1\" \/>\n<link rel=\"canonical\" href=\"https:\/\/shop.bantam.ch\/de\/produkt\/sonnenschirm-locarno-o-ca-150-cm-farbe-natur\/\" \/>\n<meta property=\"og:locale\" content=\"de_DE\" \/>\n<meta property=\"og:type\" content=\"article\" \/>\n<meta property=\"og:title\" content=\"Sonnenschirm Locarno \u00d8 ca. 150 cm Farbe natur - Bantam\" \/>\n<meta property=\"og:description\" content=\"Schirm LOCARNO ca. 150 cm \u00d8 Bespannung 100 % Polyester, ca. 160 g\/m\u00b2, verrottungsfest, wasserabsto\u00dfend impr\u00e4gniert, mit Volant und Bandeinfassung, runder Schirm mit ca. 150 cm \u00d8. Gestell silbergrau pulverbeschichtet, alle Kunststoffteile anthrazitgrau, gro\u00dfer Schieber mit Taste, Drehfeststeller, Kugeltop, Metall-Knicker mit Druckknopf, Stock 2-teilig 22\/25 mm \u00d8 (Ober-\/Unterstock). Erh\u00e4ltlich in den Farben: natur, mandarine, rot, [&hellip;]\" \/>\n<meta property=\"og:url\" content=\"https:\/\/shop.bantam.ch\/de\/produkt\/sonnenschirm-locarno-o-ca-150-cm-farbe-natur\/\" \/>\n<meta property=\"og:site_name\" content=\"Bantam\" \/>\n<meta property=\"article:modified_time\" content=\"2026-05-10T21:46:58+00:00\" \/>\n<meta name=\"twitter:card\" content=\"summary_large_image\" \/>\n<script type=\"application\/ld+json\" class=\"yoast-schema-graph\">{\"@context\":\"https:\\\/\\\/schema.org\",\"@graph\":[{\"@type\":\"WebPage\",\"@id\":\"https:\\\/\\\/shop.bantam.ch\\\/de\\\/produkt\\\/sonnenschirm-locarno-o-ca-150-cm-farbe-natur\\\/\",\"url\":\"https:\\\/\\\/shop.bantam.ch\\\/de\\\/produkt\\\/sonnenschirm-locarno-o-ca-150-cm-farbe-natur\\\/\",\"name\":\"Sonnenschirm Locarno \u00d8 ca. 150 cm Farbe natur - Bantam\",\"isPartOf\":{\"@id\":\"https:\\\/\\\/shop.bantam.ch\\\/de\\\/#website\"},\"primaryImageOfPage\":{\"@id\":\"https:\\\/\\\/shop.bantam.ch\\\/de\\\/produkt\\\/sonnenschirm-locarno-o-ca-150-cm-farbe-natur\\\/#primaryimage\"},\"image\":{\"@id\":\"https:\\\/\\\/shop.bantam.ch\\\/de\\\/produkt\\\/sonnenschirm-locarno-o-ca-150-cm-farbe-natur\\\/#primaryimage\"},\"thumbnailUrl\":\"https:\\\/\\\/shop.bantam.ch\\\/wp-content\\\/uploads\\\/2026\\\/01\\\/Movera-L-9963782100.jpg\",\"datePublished\":\"2026-01-06T14:36:09+00:00\",\"dateModified\":\"2026-05-10T21:46:58+00:00\",\"breadcrumb\":{\"@id\":\"https:\\\/\\\/shop.bantam.ch\\\/de\\\/produkt\\\/sonnenschirm-locarno-o-ca-150-cm-farbe-natur\\\/#breadcrumb\"},\"inLanguage\":\"de\",\"potentialAction\":[{\"@type\":\"ReadAction\",\"target\":[\"https:\\\/\\\/shop.bantam.ch\\\/de\\\/produkt\\\/sonnenschirm-locarno-o-ca-150-cm-farbe-natur\\\/\"]}]},{\"@type\":\"ImageObject\",\"inLanguage\":\"de\",\"@id\":\"https:\\\/\\\/shop.bantam.ch\\\/de\\\/produkt\\\/sonnenschirm-locarno-o-ca-150-cm-farbe-natur\\\/#primaryimage\",\"url\":\"https:\\\/\\\/shop.bantam.ch\\\/wp-content\\\/uploads\\\/2026\\\/01\\\/Movera-L-9963782100.jpg\",\"contentUrl\":\"https:\\\/\\\/shop.bantam.ch\\\/wp-content\\\/uploads\\\/2026\\\/01\\\/Movera-L-9963782100.jpg\",\"width\":640,\"height\":820},{\"@type\":\"BreadcrumbList\",\"@id\":\"https:\\\/\\\/shop.bantam.ch\\\/de\\\/produkt\\\/sonnenschirm-locarno-o-ca-150-cm-farbe-natur\\\/#breadcrumb\",\"itemListElement\":[{\"@type\":\"ListItem\",\"position\":1,\"name\":\"Accueil\",\"item\":\"https:\\\/\\\/shop.bantam.ch\\\/de\\\/\"},{\"@type\":\"ListItem\",\"position\":2,\"name\":\"Shop\",\"item\":\"https:\\\/\\\/shop.bantam.ch\\\/de\\\/shop\\\/\"},{\"@type\":\"ListItem\",\"position\":3,\"name\":\"Sonnenschirm Locarno \u00d8 ca. 150 cm Farbe natur\"}]},{\"@type\":\"WebSite\",\"@id\":\"https:\\\/\\\/shop.bantam.ch\\\/de\\\/#website\",\"url\":\"https:\\\/\\\/shop.bantam.ch\\\/de\\\/\",\"name\":\"Bantam\",\"description\":\"\",\"publisher\":{\"@id\":\"https:\\\/\\\/shop.bantam.ch\\\/de\\\/#organization\"},\"inLanguage\":\"de\"},{\"@type\":\"Organization\",\"@id\":\"https:\\\/\\\/shop.bantam.ch\\\/de\\\/#organization\",\"name\":\"Bantam\",\"url\":\"https:\\\/\\\/shop.bantam.ch\\\/de\\\/\",\"logo\":{\"@type\":\"ImageObject\",\"inLanguage\":\"de\",\"@id\":\"https:\\\/\\\/shop.bantam.ch\\\/de\\\/#\\\/schema\\\/logo\\\/image\\\/\",\"url\":\"https:\\\/\\\/shop.bantam.ch\\\/wp-content\\\/uploads\\\/2022\\\/12\\\/bantam-logo.png\",\"contentUrl\":\"https:\\\/\\\/shop.bantam.ch\\\/wp-content\\\/uploads\\\/2022\\\/12\\\/bantam-logo.png\",\"width\":320,\"height\":71,\"caption\":\"Bantam\"},\"image\":{\"@id\":\"https:\\\/\\\/shop.bantam.ch\\\/de\\\/#\\\/schema\\\/logo\\\/image\\\/\"}}]}<\/script>\n<!-- \/ Yoast SEO plugin. -->","yoast_head_json":{"title":"Sonnenschirm Locarno \u00d8 ca. 150 cm Farbe natur - Bantam","robots":{"index":"index","follow":"follow","max-snippet":"max-snippet:-1","max-image-preview":"max-image-preview:large","max-video-preview":"max-video-preview:-1"},"canonical":"https:\/\/shop.bantam.ch\/de\/produkt\/sonnenschirm-locarno-o-ca-150-cm-farbe-natur\/","og_locale":"de_DE","og_type":"article","og_title":"Sonnenschirm Locarno \u00d8 ca. 150 cm Farbe natur - Bantam","og_description":"Schirm LOCARNO ca. 150 cm \u00d8 Bespannung 100 % Polyester, ca. 160 g\/m\u00b2, verrottungsfest, wasserabsto\u00dfend impr\u00e4gniert, mit Volant und Bandeinfassung, runder Schirm mit ca. 150 cm \u00d8. Gestell silbergrau pulverbeschichtet, alle Kunststoffteile anthrazitgrau, gro\u00dfer Schieber mit Taste, Drehfeststeller, Kugeltop, Metall-Knicker mit Druckknopf, Stock 2-teilig 22\/25 mm \u00d8 (Ober-\/Unterstock). Erh\u00e4ltlich in den Farben: natur, mandarine, rot, [&hellip;]","og_url":"https:\/\/shop.bantam.ch\/de\/produkt\/sonnenschirm-locarno-o-ca-150-cm-farbe-natur\/","og_site_name":"Bantam","article_modified_time":"2026-05-10T21:46:58+00:00","twitter_card":"summary_large_image","schema":{"@context":"https:\/\/schema.org","@graph":[{"@type":"WebPage","@id":"https:\/\/shop.bantam.ch\/de\/produkt\/sonnenschirm-locarno-o-ca-150-cm-farbe-natur\/","url":"https:\/\/shop.bantam.ch\/de\/produkt\/sonnenschirm-locarno-o-ca-150-cm-farbe-natur\/","name":"Sonnenschirm Locarno \u00d8 ca. 150 cm Farbe natur - Bantam","isPartOf":{"@id":"https:\/\/shop.bantam.ch\/de\/#website"},"primaryImageOfPage":{"@id":"https:\/\/shop.bantam.ch\/de\/produkt\/sonnenschirm-locarno-o-ca-150-cm-farbe-natur\/#primaryimage"},"image":{"@id":"https:\/\/shop.bantam.ch\/de\/produkt\/sonnenschirm-locarno-o-ca-150-cm-farbe-natur\/#primaryimage"},"thumbnailUrl":"https:\/\/shop.bantam.ch\/wp-content\/uploads\/2026\/01\/Movera-L-9963782100.jpg","datePublished":"2026-01-06T14:36:09+00:00","dateModified":"2026-05-10T21:46:58+00:00","breadcrumb":{"@id":"https:\/\/shop.bantam.ch\/de\/produkt\/sonnenschirm-locarno-o-ca-150-cm-farbe-natur\/#breadcrumb"},"inLanguage":"de","potentialAction":[{"@type":"ReadAction","target":["https:\/\/shop.bantam.ch\/de\/produkt\/sonnenschirm-locarno-o-ca-150-cm-farbe-natur\/"]}]},{"@type":"ImageObject","inLanguage":"de","@id":"https:\/\/shop.bantam.ch\/de\/produkt\/sonnenschirm-locarno-o-ca-150-cm-farbe-natur\/#primaryimage","url":"https:\/\/shop.bantam.ch\/wp-content\/uploads\/2026\/01\/Movera-L-9963782100.jpg","contentUrl":"https:\/\/shop.bantam.ch\/wp-content\/uploads\/2026\/01\/Movera-L-9963782100.jpg","width":640,"height":820},{"@type":"BreadcrumbList","@id":"https:\/\/shop.bantam.ch\/de\/produkt\/sonnenschirm-locarno-o-ca-150-cm-farbe-natur\/#breadcrumb","itemListElement":[{"@type":"ListItem","position":1,"name":"Accueil","item":"https:\/\/shop.bantam.ch\/de\/"},{"@type":"ListItem","position":2,"name":"Shop","item":"https:\/\/shop.bantam.ch\/de\/shop\/"},{"@type":"ListItem","position":3,"name":"Sonnenschirm Locarno \u00d8 ca. 150 cm Farbe natur"}]},{"@type":"WebSite","@id":"https:\/\/shop.bantam.ch\/de\/#website","url":"https:\/\/shop.bantam.ch\/de\/","name":"Bantam","description":"","publisher":{"@id":"https:\/\/shop.bantam.ch\/de\/#organization"},"inLanguage":"de"},{"@type":"Organization","@id":"https:\/\/shop.bantam.ch\/de\/#organization","name":"Bantam","url":"https:\/\/shop.bantam.ch\/de\/","logo":{"@type":"ImageObject","inLanguage":"de","@id":"https:\/\/shop.bantam.ch\/de\/#\/schema\/logo\/image\/","url":"https:\/\/shop.bantam.ch\/wp-content\/uploads\/2022\/12\/bantam-logo.png","contentUrl":"https:\/\/shop.bantam.ch\/wp-content\/uploads\/2022\/12\/bantam-logo.png","width":320,"height":71,"caption":"Bantam"},"image":{"@id":"https:\/\/shop.bantam.ch\/de\/#\/schema\/logo\/image\/"}}]}},"_links":{"self":[{"href":"https:\/\/shop.bantam.ch\/de\/wp-json\/wp\/v2\/product\/227852","targetHints":{"allow":["GET"]}}],"collection":[{"href":"https:\/\/shop.bantam.ch\/de\/wp-json\/wp\/v2\/product"}],"about":[{"href":"https:\/\/shop.bantam.ch\/de\/wp-json\/wp\/v2\/types\/product"}],"wp:featuredmedia":[{"embeddable":true,"href":"https:\/\/shop.bantam.ch\/de\/wp-json\/wp\/v2\/media\/227842"}],"wp:attachment":[{"href":"https:\/\/shop.bantam.ch\/de\/wp-json\/wp\/v2\/media?parent=227852"}],"wp:term":[{"taxonomy":"product_featured_cat","embeddable":true,"href":"https:\/\/shop.bantam.ch\/de\/wp-json\/wp\/v2\/product_featured_cat?post=227852"},{"taxonomy":"product_brand","embeddable":true,"href":"https:\/\/shop.bantam.ch\/de\/wp-json\/wp\/v2\/product_brand?post=227852"},{"taxonomy":"product_cat","embeddable":true,"href":"https:\/\/shop.bantam.ch\/de\/wp-json\/wp\/v2\/product_cat?post=227852"},{"taxonomy":"product_tag","embeddable":true,"href":"https:\/\/shop.bantam.ch\/de\/wp-json\/wp\/v2\/product_tag?post=227852"}],"curies":[{"name":"wp","href":"https:\/\/api.w.org\/{rel}","templated":true}]}}