{"id":227700,"date":"2026-01-06T15:32:42","date_gmt":"2026-01-06T14:32:42","guid":{"rendered":"https:\/\/shop.bantam.ch\/produit\/insektenschutz-stichfrei-cooling-roll-on-10-ml\/"},"modified":"2026-04-17T23:47:47","modified_gmt":"2026-04-17T21:47:47","slug":"insektenschutz-stichfrei-cooling-roll-on-10-ml","status":"publish","type":"product","link":"https:\/\/shop.bantam.ch\/de\/produkt\/insektenschutz-stichfrei-cooling-roll-on-10-ml\/","title":{"rendered":"Insektenschutz Stichfrei Cooling Roll-On 10 ml"},"content":{"rendered":"<p>Soforthilfe bei Insektenstichen \u2013 direkt, k\u00fchlend und hautfreundlich<br \/>\nDer Ballistol Stichfrei Cooling Roll-on ist die ideale L\u00f6sung zur \u00e4u\u00dferen Anwendung nach Insektenstichen von M\u00fccken, Wespen, Bienen, Bremsen oder Brennnesseln \u2013 der handliche Roll-on sorgt sofort f\u00fcr Linderung von Juckreiz und Hautirritationen. Die Kombination aus beruhigenden Inhaltsstoffen wie r\u00f6mische Kamille, Spitzwegerich und Thymian macht ihn zum zuverl\u00e4ssigen Begleiter f\u00fcr unterwegs, in der Natur oder zu Hause. Die Anwendung ist bereits f\u00fcr Kinder ab 9 Monaten geeignet.<\/p>\n<p>Hautfreundliche Rezeptur mit gepr\u00fcfter Wirkung<br \/>\nDie dermatologisch getestete Formel unterst\u00fctzt eine schnelle Regeneration der Einstichstelle und beruhigt die Haut sp\u00fcrbar. Der Roll-on enth\u00e4lt nat\u00fcrliche Wirkstoffe und ist frei von reizenden Zusatzstoffen. Durch die hochwertige rostfreie Stahl-Rollkugel wird beim Auftragen ein zus\u00e4tzlicher k\u00fchlender Effekt erzeugt \u2013 ganz ohne zu kleben oder R\u00fcckst\u00e4nde zu hinterlassen. Das handliche Format passt in jede Hosentasche oder Jagdtasche, ideal f\u00fcr Familien, J\u00e4ger und alle Outdoor-Fans.<\/p>\n<p>Einfach auftragen \u2013 sofort Wirkung sp\u00fcren<br \/>\nDer Ballistol Stichfrei Cooling Roll-on wird direkt auf die betroffene Hautstelle aufgetragen. Dabei sollte der Kontakt mit Augen und Schleimh\u00e4uten vermieden werden. Nicht auf offene Wunden auftragen. Sorgt f\u00fcr eine hygienische, punktgenaue Anwendung. Dank seiner nat\u00fcrlichen Inhaltsstoffe eignet sich das Produkt auch f\u00fcr empfindliche Hauttypen und kleine Abenteurer.<\/p>\n<p>Inhalt: 10 ml im handlichen Roll-on-Format<br \/>\nWirkung: Lindert Juckreiz und Hautreizungen sofort<br \/>\nBesonderheiten: Mit nat\u00fcrlichen Extrakten aus Kamille, Thymian, Spitzwegerich<br \/>\nAnwendung: F\u00fcr Kinder ab 9 Monaten geeignet<br \/>\nRoll-on-Kugel: Aus Edelstahl mit zus\u00e4tzlichem K\u00fchleffekt<\/p>\n<p>Inhaltstoffe: Aqua, Alcohol, Disodium Cocoamphoacetate, Plantago Lanceolata Leaf Extract, Laureth-9, Menthol, Dimethyl Glutarate, Isobutyl Angelate, Thymus Vulgaris Leaf Extract, Thymol und Xanthan Gum.<\/p>\n","protected":false},"excerpt":{"rendered":"<p>Soforthilfe bei Insektenstichen \u2013 direkt, k\u00fchlend und hautfreundlich Der Ballistol Stichfrei Cooling Roll-on ist die ideale L\u00f6sung zur \u00e4u\u00dferen Anwendung nach Insektenstichen von M\u00fccken, Wespen, Bienen, Bremsen oder Brennnesseln \u2013 der handliche Roll-on sorgt sofort f\u00fcr Linderung von Juckreiz und Hautirritationen. Die Kombination aus beruhigenden Inhaltsstoffen wie r\u00f6mische Kamille, Spitzwegerich und Thymian macht ihn zum [&hellip;]<\/p>\n","protected":false},"featured_media":227694,"template":"","meta":{"_acf_changed":false},"product_featured_cat":[],"product_brand":[],"product_cat":[4028],"product_tag":[],"class_list":{"0":"post-227700","1":"product","2":"type-product","3":"status-publish","4":"has-post-thumbnail","6":"product_cat-insektenschutz","8":"first","9":"instock","10":"taxable","11":"shipping-taxable","12":"purchasable","13":"product-type-simple"},"acf":[],"yoast_head":"<!-- This site is optimized with the Yoast SEO plugin v27.4 - https:\/\/yoast.com\/product\/yoast-seo-wordpress\/ -->\n<title>Insektenschutz Stichfrei Cooling Roll-On 10 ml - Bantam Camping AG<\/title>\n<meta name=\"robots\" content=\"index, follow, max-snippet:-1, max-image-preview:large, max-video-preview:-1\" \/>\n<link rel=\"canonical\" href=\"https:\/\/shop.bantam.ch\/de\/produkt\/insektenschutz-stichfrei-cooling-roll-on-10-ml\/\" \/>\n<meta property=\"og:locale\" content=\"de_DE\" \/>\n<meta property=\"og:type\" content=\"article\" \/>\n<meta property=\"og:title\" content=\"Insektenschutz Stichfrei Cooling Roll-On 10 ml - Bantam Camping AG\" \/>\n<meta property=\"og:description\" content=\"Soforthilfe bei Insektenstichen \u2013 direkt, k\u00fchlend und hautfreundlich Der Ballistol Stichfrei Cooling Roll-on ist die ideale L\u00f6sung zur \u00e4u\u00dferen Anwendung nach Insektenstichen von M\u00fccken, Wespen, Bienen, Bremsen oder Brennnesseln \u2013 der handliche Roll-on sorgt sofort f\u00fcr Linderung von Juckreiz und Hautirritationen. Die Kombination aus beruhigenden Inhaltsstoffen wie r\u00f6mische Kamille, Spitzwegerich und Thymian macht ihn zum [&hellip;]\" \/>\n<meta property=\"og:url\" content=\"https:\/\/shop.bantam.ch\/de\/produkt\/insektenschutz-stichfrei-cooling-roll-on-10-ml\/\" \/>\n<meta property=\"og:site_name\" content=\"Bantam Camping AG\" \/>\n<meta property=\"article:modified_time\" content=\"2026-04-17T21:47:47+00:00\" \/>\n<meta name=\"twitter:card\" content=\"summary_large_image\" \/>\n<meta name=\"twitter:label1\" content=\"Gesch\u00e4tzte Lesezeit\" \/>\n\t<meta name=\"twitter:data1\" content=\"1\u00a0Minute\" \/>\n<script type=\"application\/ld+json\" class=\"yoast-schema-graph\">{\"@context\":\"https:\\\/\\\/schema.org\",\"@graph\":[{\"@type\":\"WebPage\",\"@id\":\"https:\\\/\\\/shop.bantam.ch\\\/de\\\/produkt\\\/insektenschutz-stichfrei-cooling-roll-on-10-ml\\\/\",\"url\":\"https:\\\/\\\/shop.bantam.ch\\\/de\\\/produkt\\\/insektenschutz-stichfrei-cooling-roll-on-10-ml\\\/\",\"name\":\"Insektenschutz Stichfrei Cooling Roll-On 10 ml - Bantam Camping AG\",\"isPartOf\":{\"@id\":\"https:\\\/\\\/shop.bantam.ch\\\/de\\\/#website\"},\"primaryImageOfPage\":{\"@id\":\"https:\\\/\\\/shop.bantam.ch\\\/de\\\/produkt\\\/insektenschutz-stichfrei-cooling-roll-on-10-ml\\\/#primaryimage\"},\"image\":{\"@id\":\"https:\\\/\\\/shop.bantam.ch\\\/de\\\/produkt\\\/insektenschutz-stichfrei-cooling-roll-on-10-ml\\\/#primaryimage\"},\"thumbnailUrl\":\"https:\\\/\\\/shop.bantam.ch\\\/wp-content\\\/uploads\\\/2026\\\/01\\\/Movera-L-9963642100.jpg\",\"datePublished\":\"2026-01-06T14:32:42+00:00\",\"dateModified\":\"2026-04-17T21:47:47+00:00\",\"breadcrumb\":{\"@id\":\"https:\\\/\\\/shop.bantam.ch\\\/de\\\/produkt\\\/insektenschutz-stichfrei-cooling-roll-on-10-ml\\\/#breadcrumb\"},\"inLanguage\":\"de\",\"potentialAction\":[{\"@type\":\"ReadAction\",\"target\":[\"https:\\\/\\\/shop.bantam.ch\\\/de\\\/produkt\\\/insektenschutz-stichfrei-cooling-roll-on-10-ml\\\/\"]}]},{\"@type\":\"ImageObject\",\"inLanguage\":\"de\",\"@id\":\"https:\\\/\\\/shop.bantam.ch\\\/de\\\/produkt\\\/insektenschutz-stichfrei-cooling-roll-on-10-ml\\\/#primaryimage\",\"url\":\"https:\\\/\\\/shop.bantam.ch\\\/wp-content\\\/uploads\\\/2026\\\/01\\\/Movera-L-9963642100.jpg\",\"contentUrl\":\"https:\\\/\\\/shop.bantam.ch\\\/wp-content\\\/uploads\\\/2026\\\/01\\\/Movera-L-9963642100.jpg\",\"width\":640,\"height\":640},{\"@type\":\"BreadcrumbList\",\"@id\":\"https:\\\/\\\/shop.bantam.ch\\\/de\\\/produkt\\\/insektenschutz-stichfrei-cooling-roll-on-10-ml\\\/#breadcrumb\",\"itemListElement\":[{\"@type\":\"ListItem\",\"position\":1,\"name\":\"Accueil\",\"item\":\"https:\\\/\\\/shop.bantam.ch\\\/de\\\/\"},{\"@type\":\"ListItem\",\"position\":2,\"name\":\"Shop\",\"item\":\"https:\\\/\\\/shop.bantam.ch\\\/de\\\/shop\\\/\"},{\"@type\":\"ListItem\",\"position\":3,\"name\":\"Insektenschutz Stichfrei Cooling Roll-On 10 ml\"}]},{\"@type\":\"WebSite\",\"@id\":\"https:\\\/\\\/shop.bantam.ch\\\/de\\\/#website\",\"url\":\"https:\\\/\\\/shop.bantam.ch\\\/de\\\/\",\"name\":\"Bantam Camping AG\",\"description\":\"\",\"publisher\":{\"@id\":\"https:\\\/\\\/shop.bantam.ch\\\/de\\\/#organization\"},\"inLanguage\":\"de\"},{\"@type\":\"Organization\",\"@id\":\"https:\\\/\\\/shop.bantam.ch\\\/de\\\/#organization\",\"name\":\"Bantam Camping AG\",\"url\":\"https:\\\/\\\/shop.bantam.ch\\\/de\\\/\",\"logo\":{\"@type\":\"ImageObject\",\"inLanguage\":\"de\",\"@id\":\"https:\\\/\\\/shop.bantam.ch\\\/de\\\/#\\\/schema\\\/logo\\\/image\\\/\",\"url\":\"https:\\\/\\\/shop.bantam.ch\\\/wp-content\\\/uploads\\\/2022\\\/12\\\/bantam-logo.png\",\"contentUrl\":\"https:\\\/\\\/shop.bantam.ch\\\/wp-content\\\/uploads\\\/2022\\\/12\\\/bantam-logo.png\",\"width\":320,\"height\":71,\"caption\":\"Bantam Camping AG\"},\"image\":{\"@id\":\"https:\\\/\\\/shop.bantam.ch\\\/de\\\/#\\\/schema\\\/logo\\\/image\\\/\"}}]}<\/script>\n<!-- \/ Yoast SEO plugin. -->","yoast_head_json":{"title":"Insektenschutz Stichfrei Cooling Roll-On 10 ml - Bantam Camping AG","robots":{"index":"index","follow":"follow","max-snippet":"max-snippet:-1","max-image-preview":"max-image-preview:large","max-video-preview":"max-video-preview:-1"},"canonical":"https:\/\/shop.bantam.ch\/de\/produkt\/insektenschutz-stichfrei-cooling-roll-on-10-ml\/","og_locale":"de_DE","og_type":"article","og_title":"Insektenschutz Stichfrei Cooling Roll-On 10 ml - Bantam Camping AG","og_description":"Soforthilfe bei Insektenstichen \u2013 direkt, k\u00fchlend und hautfreundlich Der Ballistol Stichfrei Cooling Roll-on ist die ideale L\u00f6sung zur \u00e4u\u00dferen Anwendung nach Insektenstichen von M\u00fccken, Wespen, Bienen, Bremsen oder Brennnesseln \u2013 der handliche Roll-on sorgt sofort f\u00fcr Linderung von Juckreiz und Hautirritationen. Die Kombination aus beruhigenden Inhaltsstoffen wie r\u00f6mische Kamille, Spitzwegerich und Thymian macht ihn zum [&hellip;]","og_url":"https:\/\/shop.bantam.ch\/de\/produkt\/insektenschutz-stichfrei-cooling-roll-on-10-ml\/","og_site_name":"Bantam Camping AG","article_modified_time":"2026-04-17T21:47:47+00:00","twitter_card":"summary_large_image","twitter_misc":{"Gesch\u00e4tzte Lesezeit":"1\u00a0Minute"},"schema":{"@context":"https:\/\/schema.org","@graph":[{"@type":"WebPage","@id":"https:\/\/shop.bantam.ch\/de\/produkt\/insektenschutz-stichfrei-cooling-roll-on-10-ml\/","url":"https:\/\/shop.bantam.ch\/de\/produkt\/insektenschutz-stichfrei-cooling-roll-on-10-ml\/","name":"Insektenschutz Stichfrei Cooling Roll-On 10 ml - Bantam Camping AG","isPartOf":{"@id":"https:\/\/shop.bantam.ch\/de\/#website"},"primaryImageOfPage":{"@id":"https:\/\/shop.bantam.ch\/de\/produkt\/insektenschutz-stichfrei-cooling-roll-on-10-ml\/#primaryimage"},"image":{"@id":"https:\/\/shop.bantam.ch\/de\/produkt\/insektenschutz-stichfrei-cooling-roll-on-10-ml\/#primaryimage"},"thumbnailUrl":"https:\/\/shop.bantam.ch\/wp-content\/uploads\/2026\/01\/Movera-L-9963642100.jpg","datePublished":"2026-01-06T14:32:42+00:00","dateModified":"2026-04-17T21:47:47+00:00","breadcrumb":{"@id":"https:\/\/shop.bantam.ch\/de\/produkt\/insektenschutz-stichfrei-cooling-roll-on-10-ml\/#breadcrumb"},"inLanguage":"de","potentialAction":[{"@type":"ReadAction","target":["https:\/\/shop.bantam.ch\/de\/produkt\/insektenschutz-stichfrei-cooling-roll-on-10-ml\/"]}]},{"@type":"ImageObject","inLanguage":"de","@id":"https:\/\/shop.bantam.ch\/de\/produkt\/insektenschutz-stichfrei-cooling-roll-on-10-ml\/#primaryimage","url":"https:\/\/shop.bantam.ch\/wp-content\/uploads\/2026\/01\/Movera-L-9963642100.jpg","contentUrl":"https:\/\/shop.bantam.ch\/wp-content\/uploads\/2026\/01\/Movera-L-9963642100.jpg","width":640,"height":640},{"@type":"BreadcrumbList","@id":"https:\/\/shop.bantam.ch\/de\/produkt\/insektenschutz-stichfrei-cooling-roll-on-10-ml\/#breadcrumb","itemListElement":[{"@type":"ListItem","position":1,"name":"Accueil","item":"https:\/\/shop.bantam.ch\/de\/"},{"@type":"ListItem","position":2,"name":"Shop","item":"https:\/\/shop.bantam.ch\/de\/shop\/"},{"@type":"ListItem","position":3,"name":"Insektenschutz Stichfrei Cooling Roll-On 10 ml"}]},{"@type":"WebSite","@id":"https:\/\/shop.bantam.ch\/de\/#website","url":"https:\/\/shop.bantam.ch\/de\/","name":"Bantam Camping AG","description":"","publisher":{"@id":"https:\/\/shop.bantam.ch\/de\/#organization"},"inLanguage":"de"},{"@type":"Organization","@id":"https:\/\/shop.bantam.ch\/de\/#organization","name":"Bantam Camping AG","url":"https:\/\/shop.bantam.ch\/de\/","logo":{"@type":"ImageObject","inLanguage":"de","@id":"https:\/\/shop.bantam.ch\/de\/#\/schema\/logo\/image\/","url":"https:\/\/shop.bantam.ch\/wp-content\/uploads\/2022\/12\/bantam-logo.png","contentUrl":"https:\/\/shop.bantam.ch\/wp-content\/uploads\/2022\/12\/bantam-logo.png","width":320,"height":71,"caption":"Bantam Camping AG"},"image":{"@id":"https:\/\/shop.bantam.ch\/de\/#\/schema\/logo\/image\/"}}]}},"_links":{"self":[{"href":"https:\/\/shop.bantam.ch\/de\/wp-json\/wp\/v2\/product\/227700","targetHints":{"allow":["GET"]}}],"collection":[{"href":"https:\/\/shop.bantam.ch\/de\/wp-json\/wp\/v2\/product"}],"about":[{"href":"https:\/\/shop.bantam.ch\/de\/wp-json\/wp\/v2\/types\/product"}],"wp:featuredmedia":[{"embeddable":true,"href":"https:\/\/shop.bantam.ch\/de\/wp-json\/wp\/v2\/media\/227694"}],"wp:attachment":[{"href":"https:\/\/shop.bantam.ch\/de\/wp-json\/wp\/v2\/media?parent=227700"}],"wp:term":[{"taxonomy":"product_featured_cat","embeddable":true,"href":"https:\/\/shop.bantam.ch\/de\/wp-json\/wp\/v2\/product_featured_cat?post=227700"},{"taxonomy":"product_brand","embeddable":true,"href":"https:\/\/shop.bantam.ch\/de\/wp-json\/wp\/v2\/product_brand?post=227700"},{"taxonomy":"product_cat","embeddable":true,"href":"https:\/\/shop.bantam.ch\/de\/wp-json\/wp\/v2\/product_cat?post=227700"},{"taxonomy":"product_tag","embeddable":true,"href":"https:\/\/shop.bantam.ch\/de\/wp-json\/wp\/v2\/product_tag?post=227700"}],"curies":[{"name":"wp","href":"https:\/\/api.w.org\/{rel}","templated":true}]}}