{"id":227692,"date":"2026-01-06T15:32:35","date_gmt":"2026-01-06T14:32:35","guid":{"rendered":"https:\/\/shop.bantam.ch\/produit\/insektenschutz-stichfrei-tropical-pump-spray-100-ml\/"},"modified":"2026-04-17T23:47:47","modified_gmt":"2026-04-17T21:47:47","slug":"insektenschutz-stichfrei-tropical-pump-spray-100-ml","status":"publish","type":"product","link":"https:\/\/shop.bantam.ch\/de\/produkt\/insektenschutz-stichfrei-tropical-pump-spray-100-ml\/","title":{"rendered":"Insektenschutz Stichfrei Tropical Pump-Spray, 100 ml"},"content":{"rendered":"<p>Ihr Schutzschild gegen tropische M\u00fccken &amp; Zecken<br \/>\nOb Regenwald, Safari oder Strandurlaub \u2013 in tropischen Regionen sind M\u00fccken und Zecken nicht nur l\u00e4stig, sondern k\u00f6nnen auch gef\u00e4hrliche Krankheiten \u00fcbertragen. Mit Ballistol Stichfrei Tropical bist du bis zu 8 Stunden lang zuverl\u00e4ssig gesch\u00fctzt \u2013 ganz ohne DEET, aber mit hochwirksamem Icaridin (20 %) und Citrepel (5 %).<\/p>\n<p>Maximaler Schutz f\u00fcr tropische Abenteuer<br \/>\nDank der innovativen Kombination aus Icaridin &amp; Citrepel wehrt Ballistol Stichfrei Tropical selbst die widerstandsf\u00e4higsten M\u00fccken in tropischen Klimazonen ab. Schwei\u00dfresistent und hautfreundlich, bleibt auch bei hoher Luftfeuchtigkeit wirksam \u2013 perfekt f\u00fcr dein n\u00e4chstes Abenteuer!<br \/>\nLeichte Anwendung \u2013 angenehmes Hautgef\u00fchl<\/p>\n<p>Schnell einziehend &amp; nicht fettend<br \/>\nPflegt die Haut &amp; trocknet sie nicht aus<br \/>\nSanfter, exotischer Duft \u2013 perfekt f\u00fcr M\u00e4nner &amp; Frauen<\/p>\n<p>Ideal f\u00fcr Fernreisen &amp; Outdoor-Abenteuer<br \/>\nOb Dschungeltour, Safari, Backpacking oder Strandurlaub \u2013 Ballistol Stichfrei Tropical ist dein perfekter Begleiter f\u00fcr tropische Regionen.<br \/>\nVertrauen Sie auf bew\u00e4hrte Ballistol-Qualit\u00e4t \u2013 f\u00fcr sorgenfreie Reiseerlebnisse!<\/p>\n<p>Anwendungsempfehlung:<br \/>\nStichfrei gleichm\u00e4\u00dfig auf ungesch\u00fctzte Hautstellen aufspr\u00fchen (ebenfalls Bereiche, die nur durch d\u00fcnne Kleidungsstoffe bedeckt werden). Zur Anwendung im Gesicht: Stichfrei auf die Handfl\u00e4chen spr\u00fchen und im Gesicht verteilen. Die Augenpartie aussparen. Bei Kindern sollte ein Erwachsener helfen.<\/p>\n<p>Eigenschaften:<\/p>\n<ul>\n<li>Bis zu 8 Stunden Schutz vor tropischen Stechm\u00fccken &amp; Zecken<\/li>\n<li>Mit 20 % Icaridin + 5 % Citrepel \u2013 hocheffektive Wirkstoffkombination<\/li>\n<li>Dermatologisch mit \u201eSehr gut\u201c getestet \u2013 sanft zur Haut<\/li>\n<li>DEET-frei \u2013 sicher f\u00fcr Kinder &amp; Schwangere<\/li>\n<li>Hochvertr\u00e4glich &amp; feuchtigkeitsbest\u00e4ndig \u2013 ideal f\u00fcr Tropenreisen<\/li>\n<li>Angenehmer, exotischer Duft \u2013 ohne chemische Ger\u00fcche<\/li>\n<li>F\u00fcr Haut &amp; Kleidung geeignet \u2013 kein Kleben, keine Flecken<\/li>\n<\/ul>\n<p>Inhaltsstoffe &amp; Verpackung:<br \/>\n20 % Icaridin + 5 % Citrepel<br \/>\n&nbsp;<\/p>\n","protected":false},"excerpt":{"rendered":"<p>Ihr Schutzschild gegen tropische M\u00fccken &amp; Zecken Ob Regenwald, Safari oder Strandurlaub \u2013 in tropischen Regionen sind M\u00fccken und Zecken nicht nur l\u00e4stig, sondern k\u00f6nnen auch gef\u00e4hrliche Krankheiten \u00fcbertragen. Mit Ballistol Stichfrei Tropical bist du bis zu 8 Stunden lang zuverl\u00e4ssig gesch\u00fctzt \u2013 ganz ohne DEET, aber mit hochwirksamem Icaridin (20 %) und Citrepel (5 [&hellip;]<\/p>\n","protected":false},"featured_media":227690,"template":"","meta":{"_acf_changed":false},"product_featured_cat":[],"product_brand":[],"product_cat":[4028],"product_tag":[],"class_list":{"0":"post-227692","1":"product","2":"type-product","3":"status-publish","4":"has-post-thumbnail","6":"product_cat-insektenschutz","8":"first","9":"instock","10":"taxable","11":"shipping-taxable","12":"purchasable","13":"product-type-simple"},"acf":[],"yoast_head":"<!-- This site is optimized with the Yoast SEO plugin v27.4 - https:\/\/yoast.com\/product\/yoast-seo-wordpress\/ -->\n<title>Insektenschutz Stichfrei Tropical Pump-Spray, 100 ml - Bantam Camping AG<\/title>\n<meta name=\"robots\" content=\"index, follow, max-snippet:-1, max-image-preview:large, max-video-preview:-1\" \/>\n<link rel=\"canonical\" href=\"https:\/\/shop.bantam.ch\/de\/produkt\/insektenschutz-stichfrei-tropical-pump-spray-100-ml\/\" \/>\n<meta property=\"og:locale\" content=\"de_DE\" \/>\n<meta property=\"og:type\" content=\"article\" \/>\n<meta property=\"og:title\" content=\"Insektenschutz Stichfrei Tropical Pump-Spray, 100 ml - Bantam Camping AG\" \/>\n<meta property=\"og:description\" content=\"Ihr Schutzschild gegen tropische M\u00fccken &amp; Zecken Ob Regenwald, Safari oder Strandurlaub \u2013 in tropischen Regionen sind M\u00fccken und Zecken nicht nur l\u00e4stig, sondern k\u00f6nnen auch gef\u00e4hrliche Krankheiten \u00fcbertragen. Mit Ballistol Stichfrei Tropical bist du bis zu 8 Stunden lang zuverl\u00e4ssig gesch\u00fctzt \u2013 ganz ohne DEET, aber mit hochwirksamem Icaridin (20 %) und Citrepel (5 [&hellip;]\" \/>\n<meta property=\"og:url\" content=\"https:\/\/shop.bantam.ch\/de\/produkt\/insektenschutz-stichfrei-tropical-pump-spray-100-ml\/\" \/>\n<meta property=\"og:site_name\" content=\"Bantam Camping AG\" \/>\n<meta property=\"article:modified_time\" content=\"2026-04-17T21:47:47+00:00\" \/>\n<meta name=\"twitter:card\" content=\"summary_large_image\" \/>\n<meta name=\"twitter:label1\" content=\"Gesch\u00e4tzte Lesezeit\" \/>\n\t<meta name=\"twitter:data1\" content=\"1\u00a0Minute\" \/>\n<script type=\"application\/ld+json\" class=\"yoast-schema-graph\">{\"@context\":\"https:\\\/\\\/schema.org\",\"@graph\":[{\"@type\":\"WebPage\",\"@id\":\"https:\\\/\\\/shop.bantam.ch\\\/de\\\/produkt\\\/insektenschutz-stichfrei-tropical-pump-spray-100-ml\\\/\",\"url\":\"https:\\\/\\\/shop.bantam.ch\\\/de\\\/produkt\\\/insektenschutz-stichfrei-tropical-pump-spray-100-ml\\\/\",\"name\":\"Insektenschutz Stichfrei Tropical Pump-Spray, 100 ml - Bantam Camping AG\",\"isPartOf\":{\"@id\":\"https:\\\/\\\/shop.bantam.ch\\\/de\\\/#website\"},\"primaryImageOfPage\":{\"@id\":\"https:\\\/\\\/shop.bantam.ch\\\/de\\\/produkt\\\/insektenschutz-stichfrei-tropical-pump-spray-100-ml\\\/#primaryimage\"},\"image\":{\"@id\":\"https:\\\/\\\/shop.bantam.ch\\\/de\\\/produkt\\\/insektenschutz-stichfrei-tropical-pump-spray-100-ml\\\/#primaryimage\"},\"thumbnailUrl\":\"https:\\\/\\\/shop.bantam.ch\\\/wp-content\\\/uploads\\\/2026\\\/01\\\/Movera-L-9963641100.jpg\",\"datePublished\":\"2026-01-06T14:32:35+00:00\",\"dateModified\":\"2026-04-17T21:47:47+00:00\",\"breadcrumb\":{\"@id\":\"https:\\\/\\\/shop.bantam.ch\\\/de\\\/produkt\\\/insektenschutz-stichfrei-tropical-pump-spray-100-ml\\\/#breadcrumb\"},\"inLanguage\":\"de\",\"potentialAction\":[{\"@type\":\"ReadAction\",\"target\":[\"https:\\\/\\\/shop.bantam.ch\\\/de\\\/produkt\\\/insektenschutz-stichfrei-tropical-pump-spray-100-ml\\\/\"]}]},{\"@type\":\"ImageObject\",\"inLanguage\":\"de\",\"@id\":\"https:\\\/\\\/shop.bantam.ch\\\/de\\\/produkt\\\/insektenschutz-stichfrei-tropical-pump-spray-100-ml\\\/#primaryimage\",\"url\":\"https:\\\/\\\/shop.bantam.ch\\\/wp-content\\\/uploads\\\/2026\\\/01\\\/Movera-L-9963641100.jpg\",\"contentUrl\":\"https:\\\/\\\/shop.bantam.ch\\\/wp-content\\\/uploads\\\/2026\\\/01\\\/Movera-L-9963641100.jpg\",\"width\":640,\"height\":960},{\"@type\":\"BreadcrumbList\",\"@id\":\"https:\\\/\\\/shop.bantam.ch\\\/de\\\/produkt\\\/insektenschutz-stichfrei-tropical-pump-spray-100-ml\\\/#breadcrumb\",\"itemListElement\":[{\"@type\":\"ListItem\",\"position\":1,\"name\":\"Accueil\",\"item\":\"https:\\\/\\\/shop.bantam.ch\\\/de\\\/\"},{\"@type\":\"ListItem\",\"position\":2,\"name\":\"Shop\",\"item\":\"https:\\\/\\\/shop.bantam.ch\\\/de\\\/shop\\\/\"},{\"@type\":\"ListItem\",\"position\":3,\"name\":\"Insektenschutz Stichfrei Tropical Pump-Spray, 100 ml\"}]},{\"@type\":\"WebSite\",\"@id\":\"https:\\\/\\\/shop.bantam.ch\\\/de\\\/#website\",\"url\":\"https:\\\/\\\/shop.bantam.ch\\\/de\\\/\",\"name\":\"Bantam Camping AG\",\"description\":\"\",\"publisher\":{\"@id\":\"https:\\\/\\\/shop.bantam.ch\\\/de\\\/#organization\"},\"inLanguage\":\"de\"},{\"@type\":\"Organization\",\"@id\":\"https:\\\/\\\/shop.bantam.ch\\\/de\\\/#organization\",\"name\":\"Bantam Camping AG\",\"url\":\"https:\\\/\\\/shop.bantam.ch\\\/de\\\/\",\"logo\":{\"@type\":\"ImageObject\",\"inLanguage\":\"de\",\"@id\":\"https:\\\/\\\/shop.bantam.ch\\\/de\\\/#\\\/schema\\\/logo\\\/image\\\/\",\"url\":\"https:\\\/\\\/shop.bantam.ch\\\/wp-content\\\/uploads\\\/2022\\\/12\\\/bantam-logo.png\",\"contentUrl\":\"https:\\\/\\\/shop.bantam.ch\\\/wp-content\\\/uploads\\\/2022\\\/12\\\/bantam-logo.png\",\"width\":320,\"height\":71,\"caption\":\"Bantam Camping AG\"},\"image\":{\"@id\":\"https:\\\/\\\/shop.bantam.ch\\\/de\\\/#\\\/schema\\\/logo\\\/image\\\/\"}}]}<\/script>\n<!-- \/ Yoast SEO plugin. -->","yoast_head_json":{"title":"Insektenschutz Stichfrei Tropical Pump-Spray, 100 ml - Bantam Camping AG","robots":{"index":"index","follow":"follow","max-snippet":"max-snippet:-1","max-image-preview":"max-image-preview:large","max-video-preview":"max-video-preview:-1"},"canonical":"https:\/\/shop.bantam.ch\/de\/produkt\/insektenschutz-stichfrei-tropical-pump-spray-100-ml\/","og_locale":"de_DE","og_type":"article","og_title":"Insektenschutz Stichfrei Tropical Pump-Spray, 100 ml - Bantam Camping AG","og_description":"Ihr Schutzschild gegen tropische M\u00fccken &amp; Zecken Ob Regenwald, Safari oder Strandurlaub \u2013 in tropischen Regionen sind M\u00fccken und Zecken nicht nur l\u00e4stig, sondern k\u00f6nnen auch gef\u00e4hrliche Krankheiten \u00fcbertragen. Mit Ballistol Stichfrei Tropical bist du bis zu 8 Stunden lang zuverl\u00e4ssig gesch\u00fctzt \u2013 ganz ohne DEET, aber mit hochwirksamem Icaridin (20 %) und Citrepel (5 [&hellip;]","og_url":"https:\/\/shop.bantam.ch\/de\/produkt\/insektenschutz-stichfrei-tropical-pump-spray-100-ml\/","og_site_name":"Bantam Camping AG","article_modified_time":"2026-04-17T21:47:47+00:00","twitter_card":"summary_large_image","twitter_misc":{"Gesch\u00e4tzte Lesezeit":"1\u00a0Minute"},"schema":{"@context":"https:\/\/schema.org","@graph":[{"@type":"WebPage","@id":"https:\/\/shop.bantam.ch\/de\/produkt\/insektenschutz-stichfrei-tropical-pump-spray-100-ml\/","url":"https:\/\/shop.bantam.ch\/de\/produkt\/insektenschutz-stichfrei-tropical-pump-spray-100-ml\/","name":"Insektenschutz Stichfrei Tropical Pump-Spray, 100 ml - Bantam Camping AG","isPartOf":{"@id":"https:\/\/shop.bantam.ch\/de\/#website"},"primaryImageOfPage":{"@id":"https:\/\/shop.bantam.ch\/de\/produkt\/insektenschutz-stichfrei-tropical-pump-spray-100-ml\/#primaryimage"},"image":{"@id":"https:\/\/shop.bantam.ch\/de\/produkt\/insektenschutz-stichfrei-tropical-pump-spray-100-ml\/#primaryimage"},"thumbnailUrl":"https:\/\/shop.bantam.ch\/wp-content\/uploads\/2026\/01\/Movera-L-9963641100.jpg","datePublished":"2026-01-06T14:32:35+00:00","dateModified":"2026-04-17T21:47:47+00:00","breadcrumb":{"@id":"https:\/\/shop.bantam.ch\/de\/produkt\/insektenschutz-stichfrei-tropical-pump-spray-100-ml\/#breadcrumb"},"inLanguage":"de","potentialAction":[{"@type":"ReadAction","target":["https:\/\/shop.bantam.ch\/de\/produkt\/insektenschutz-stichfrei-tropical-pump-spray-100-ml\/"]}]},{"@type":"ImageObject","inLanguage":"de","@id":"https:\/\/shop.bantam.ch\/de\/produkt\/insektenschutz-stichfrei-tropical-pump-spray-100-ml\/#primaryimage","url":"https:\/\/shop.bantam.ch\/wp-content\/uploads\/2026\/01\/Movera-L-9963641100.jpg","contentUrl":"https:\/\/shop.bantam.ch\/wp-content\/uploads\/2026\/01\/Movera-L-9963641100.jpg","width":640,"height":960},{"@type":"BreadcrumbList","@id":"https:\/\/shop.bantam.ch\/de\/produkt\/insektenschutz-stichfrei-tropical-pump-spray-100-ml\/#breadcrumb","itemListElement":[{"@type":"ListItem","position":1,"name":"Accueil","item":"https:\/\/shop.bantam.ch\/de\/"},{"@type":"ListItem","position":2,"name":"Shop","item":"https:\/\/shop.bantam.ch\/de\/shop\/"},{"@type":"ListItem","position":3,"name":"Insektenschutz Stichfrei Tropical Pump-Spray, 100 ml"}]},{"@type":"WebSite","@id":"https:\/\/shop.bantam.ch\/de\/#website","url":"https:\/\/shop.bantam.ch\/de\/","name":"Bantam Camping AG","description":"","publisher":{"@id":"https:\/\/shop.bantam.ch\/de\/#organization"},"inLanguage":"de"},{"@type":"Organization","@id":"https:\/\/shop.bantam.ch\/de\/#organization","name":"Bantam Camping AG","url":"https:\/\/shop.bantam.ch\/de\/","logo":{"@type":"ImageObject","inLanguage":"de","@id":"https:\/\/shop.bantam.ch\/de\/#\/schema\/logo\/image\/","url":"https:\/\/shop.bantam.ch\/wp-content\/uploads\/2022\/12\/bantam-logo.png","contentUrl":"https:\/\/shop.bantam.ch\/wp-content\/uploads\/2022\/12\/bantam-logo.png","width":320,"height":71,"caption":"Bantam Camping AG"},"image":{"@id":"https:\/\/shop.bantam.ch\/de\/#\/schema\/logo\/image\/"}}]}},"_links":{"self":[{"href":"https:\/\/shop.bantam.ch\/de\/wp-json\/wp\/v2\/product\/227692","targetHints":{"allow":["GET"]}}],"collection":[{"href":"https:\/\/shop.bantam.ch\/de\/wp-json\/wp\/v2\/product"}],"about":[{"href":"https:\/\/shop.bantam.ch\/de\/wp-json\/wp\/v2\/types\/product"}],"wp:featuredmedia":[{"embeddable":true,"href":"https:\/\/shop.bantam.ch\/de\/wp-json\/wp\/v2\/media\/227690"}],"wp:attachment":[{"href":"https:\/\/shop.bantam.ch\/de\/wp-json\/wp\/v2\/media?parent=227692"}],"wp:term":[{"taxonomy":"product_featured_cat","embeddable":true,"href":"https:\/\/shop.bantam.ch\/de\/wp-json\/wp\/v2\/product_featured_cat?post=227692"},{"taxonomy":"product_brand","embeddable":true,"href":"https:\/\/shop.bantam.ch\/de\/wp-json\/wp\/v2\/product_brand?post=227692"},{"taxonomy":"product_cat","embeddable":true,"href":"https:\/\/shop.bantam.ch\/de\/wp-json\/wp\/v2\/product_cat?post=227692"},{"taxonomy":"product_tag","embeddable":true,"href":"https:\/\/shop.bantam.ch\/de\/wp-json\/wp\/v2\/product_tag?post=227692"}],"curies":[{"name":"wp","href":"https:\/\/api.w.org\/{rel}","templated":true}]}}