{"id":227688,"date":"2026-01-06T15:32:29","date_gmt":"2026-01-06T14:32:29","guid":{"rendered":"https:\/\/shop.bantam.ch\/produit\/insektenschutz-stichfrei-zecke-pump-spray-100-ml\/"},"modified":"2026-04-19T23:54:46","modified_gmt":"2026-04-19T21:54:46","slug":"insektenschutz-stichfrei-zecke-pump-spray-100-ml","status":"publish","type":"product","link":"https:\/\/shop.bantam.ch\/de\/produkt\/insektenschutz-stichfrei-zecke-pump-spray-100-ml\/","title":{"rendered":"Insektenschutz Stichfrei Zecke Pump-Spray, 100 ml"},"content":{"rendered":"<p>Ihr zuverl\u00e4ssiger Begleiter in Feld, Wald und Wiese<br \/>\nSch\u00fctzen Sie sich und Ihre Familie vor Zeckenstichen \u2013 mit langanhaltendem, hautfreundlichem Schutz! Ballistol Stichfrei Zeckenschutz wurde speziell f\u00fcr Naturfreunde, Outdoor-Sportler, J\u00e4ger, F\u00f6rster und Familien entwickelt. Mit bis zu 8 Stunden Schutz vor Zecken und anderen stechenden Insekten k\u00f6nnen Sie unbeschwert die Natur genie\u00dfen \u2013 ganz ohne Sorgen um Borreliose oder FSME.<\/p>\n<p>Starker Schutz mit hautfreundlicher Pflege.<br \/>\nDank der effektiven Icaridin-Formel (20 %) h\u00e4lt Ballistol Stichfrei Zeckenschutz Zecken zuverl\u00e4ssig fern. Gleichzeitig enth\u00e4lt es hautpflegende Inhaltsstoffe, die die Haut geschmeidig halten und nicht austrocknen \u2013 perfekt f\u00fcr den t\u00e4glichen Gebrauch.<\/p>\n<p>Angenehme Anwendung \u2013 f\u00fcr Haut &amp; Kleidung geeignet<br \/>\nLeicht aufzutragen, zieht schnell ein &amp; hinterl\u00e4sst kein fettiges Gef\u00fchl<br \/>\nKein Verkleben oder Flecken auf Textilien<br \/>\nAngenehmer, zitroniger Duft \u2013 keine st\u00f6renden, chemischen Ger\u00fcche<\/p>\n<p>Anwendungsempfehlung:<br \/>\nStichfrei gleichm\u00e4\u00dfig auf ungesch\u00fctzte Hautstellen aufspr\u00fchen (ebenfalls Bereiche, die nur durch d\u00fcnne Kleidungsstoffe bedeckt werden). Zur Anwendung im Gesicht, Stichfrei auf die Handfl\u00e4chen spr\u00fchen und im Gesicht verteilen. Die Augenpartie aussparen. Bei Kindern sollte ein Erwachsener helfen.<\/p>\n<p>Eigenschaften:<\/p>\n<ul>\n<li>Bis zu 8 Stunden Schutz vor Zecken &amp; weiteren Insekten<\/li>\n<li>Mit 20 % Icaridin \u2013 bew\u00e4hrter Wirkstoff gegen Zecken<\/li>\n<li>Dermatologisch mit \u201eSehr gut\u201c getestet \u2013 hautfreundlich &amp; sanft<\/li>\n<li>DEET-frei \u2013 sicher f\u00fcr regelm\u00e4\u00dfigen Gebrauch<\/li>\n<li>Hautpflegend \u2013 zieht schnell ein &amp; hinterl\u00e4sst kein klebriges Gef\u00fchl<\/li>\n<li>Angenehmer, dezenter Duft \u2013 f\u00fcr M\u00e4nner &amp; Frauen geeignet<\/li>\n<li>Sicher f\u00fcr Schwangere &amp; Stillende<\/li>\n<\/ul>\n<p>Inhaltsstoff:<br \/>\n20 % Icaridin<\/p>\n","protected":false},"excerpt":{"rendered":"<p>Ihr zuverl\u00e4ssiger Begleiter in Feld, Wald und Wiese Sch\u00fctzen Sie sich und Ihre Familie vor Zeckenstichen \u2013 mit langanhaltendem, hautfreundlichem Schutz! Ballistol Stichfrei Zeckenschutz wurde speziell f\u00fcr Naturfreunde, Outdoor-Sportler, J\u00e4ger, F\u00f6rster und Familien entwickelt. Mit bis zu 8 Stunden Schutz vor Zecken und anderen stechenden Insekten k\u00f6nnen Sie unbeschwert die Natur genie\u00dfen \u2013 ganz ohne [&hellip;]<\/p>\n","protected":false},"featured_media":227686,"template":"","meta":{"_acf_changed":false},"product_featured_cat":[],"product_brand":[],"product_cat":[4028],"product_tag":[],"class_list":{"0":"post-227688","1":"product","2":"type-product","3":"status-publish","4":"has-post-thumbnail","6":"product_cat-insektenschutz","8":"first","9":"instock","10":"taxable","11":"shipping-taxable","12":"purchasable","13":"product-type-simple"},"acf":[],"yoast_head":"<!-- This site is optimized with the Yoast SEO plugin v27.4 - https:\/\/yoast.com\/product\/yoast-seo-wordpress\/ -->\n<title>Insektenschutz Stichfrei Zecke Pump-Spray, 100 ml - Bantam Camping AG<\/title>\n<meta name=\"robots\" content=\"index, follow, max-snippet:-1, max-image-preview:large, max-video-preview:-1\" \/>\n<link rel=\"canonical\" href=\"https:\/\/shop.bantam.ch\/de\/produkt\/insektenschutz-stichfrei-zecke-pump-spray-100-ml\/\" \/>\n<meta property=\"og:locale\" content=\"de_DE\" \/>\n<meta property=\"og:type\" content=\"article\" \/>\n<meta property=\"og:title\" content=\"Insektenschutz Stichfrei Zecke Pump-Spray, 100 ml - Bantam Camping AG\" \/>\n<meta property=\"og:description\" content=\"Ihr zuverl\u00e4ssiger Begleiter in Feld, Wald und Wiese Sch\u00fctzen Sie sich und Ihre Familie vor Zeckenstichen \u2013 mit langanhaltendem, hautfreundlichem Schutz! Ballistol Stichfrei Zeckenschutz wurde speziell f\u00fcr Naturfreunde, Outdoor-Sportler, J\u00e4ger, F\u00f6rster und Familien entwickelt. Mit bis zu 8 Stunden Schutz vor Zecken und anderen stechenden Insekten k\u00f6nnen Sie unbeschwert die Natur genie\u00dfen \u2013 ganz ohne [&hellip;]\" \/>\n<meta property=\"og:url\" content=\"https:\/\/shop.bantam.ch\/de\/produkt\/insektenschutz-stichfrei-zecke-pump-spray-100-ml\/\" \/>\n<meta property=\"og:site_name\" content=\"Bantam Camping AG\" \/>\n<meta property=\"article:modified_time\" content=\"2026-04-19T21:54:46+00:00\" \/>\n<meta name=\"twitter:card\" content=\"summary_large_image\" \/>\n<meta name=\"twitter:label1\" content=\"Gesch\u00e4tzte Lesezeit\" \/>\n\t<meta name=\"twitter:data1\" content=\"1\u00a0Minute\" \/>\n<script type=\"application\/ld+json\" class=\"yoast-schema-graph\">{\"@context\":\"https:\\\/\\\/schema.org\",\"@graph\":[{\"@type\":\"WebPage\",\"@id\":\"https:\\\/\\\/shop.bantam.ch\\\/de\\\/produkt\\\/insektenschutz-stichfrei-zecke-pump-spray-100-ml\\\/\",\"url\":\"https:\\\/\\\/shop.bantam.ch\\\/de\\\/produkt\\\/insektenschutz-stichfrei-zecke-pump-spray-100-ml\\\/\",\"name\":\"Insektenschutz Stichfrei Zecke Pump-Spray, 100 ml - Bantam Camping AG\",\"isPartOf\":{\"@id\":\"https:\\\/\\\/shop.bantam.ch\\\/de\\\/#website\"},\"primaryImageOfPage\":{\"@id\":\"https:\\\/\\\/shop.bantam.ch\\\/de\\\/produkt\\\/insektenschutz-stichfrei-zecke-pump-spray-100-ml\\\/#primaryimage\"},\"image\":{\"@id\":\"https:\\\/\\\/shop.bantam.ch\\\/de\\\/produkt\\\/insektenschutz-stichfrei-zecke-pump-spray-100-ml\\\/#primaryimage\"},\"thumbnailUrl\":\"https:\\\/\\\/shop.bantam.ch\\\/wp-content\\\/uploads\\\/2026\\\/01\\\/Movera-L-9963639100.jpg\",\"datePublished\":\"2026-01-06T14:32:29+00:00\",\"dateModified\":\"2026-04-19T21:54:46+00:00\",\"breadcrumb\":{\"@id\":\"https:\\\/\\\/shop.bantam.ch\\\/de\\\/produkt\\\/insektenschutz-stichfrei-zecke-pump-spray-100-ml\\\/#breadcrumb\"},\"inLanguage\":\"de\",\"potentialAction\":[{\"@type\":\"ReadAction\",\"target\":[\"https:\\\/\\\/shop.bantam.ch\\\/de\\\/produkt\\\/insektenschutz-stichfrei-zecke-pump-spray-100-ml\\\/\"]}]},{\"@type\":\"ImageObject\",\"inLanguage\":\"de\",\"@id\":\"https:\\\/\\\/shop.bantam.ch\\\/de\\\/produkt\\\/insektenschutz-stichfrei-zecke-pump-spray-100-ml\\\/#primaryimage\",\"url\":\"https:\\\/\\\/shop.bantam.ch\\\/wp-content\\\/uploads\\\/2026\\\/01\\\/Movera-L-9963639100.jpg\",\"contentUrl\":\"https:\\\/\\\/shop.bantam.ch\\\/wp-content\\\/uploads\\\/2026\\\/01\\\/Movera-L-9963639100.jpg\",\"width\":640,\"height\":960},{\"@type\":\"BreadcrumbList\",\"@id\":\"https:\\\/\\\/shop.bantam.ch\\\/de\\\/produkt\\\/insektenschutz-stichfrei-zecke-pump-spray-100-ml\\\/#breadcrumb\",\"itemListElement\":[{\"@type\":\"ListItem\",\"position\":1,\"name\":\"Accueil\",\"item\":\"https:\\\/\\\/shop.bantam.ch\\\/de\\\/\"},{\"@type\":\"ListItem\",\"position\":2,\"name\":\"Shop\",\"item\":\"https:\\\/\\\/shop.bantam.ch\\\/de\\\/shop\\\/\"},{\"@type\":\"ListItem\",\"position\":3,\"name\":\"Insektenschutz Stichfrei Zecke Pump-Spray, 100 ml\"}]},{\"@type\":\"WebSite\",\"@id\":\"https:\\\/\\\/shop.bantam.ch\\\/de\\\/#website\",\"url\":\"https:\\\/\\\/shop.bantam.ch\\\/de\\\/\",\"name\":\"Bantam Camping AG\",\"description\":\"\",\"publisher\":{\"@id\":\"https:\\\/\\\/shop.bantam.ch\\\/de\\\/#organization\"},\"inLanguage\":\"de\"},{\"@type\":\"Organization\",\"@id\":\"https:\\\/\\\/shop.bantam.ch\\\/de\\\/#organization\",\"name\":\"Bantam Camping AG\",\"url\":\"https:\\\/\\\/shop.bantam.ch\\\/de\\\/\",\"logo\":{\"@type\":\"ImageObject\",\"inLanguage\":\"de\",\"@id\":\"https:\\\/\\\/shop.bantam.ch\\\/de\\\/#\\\/schema\\\/logo\\\/image\\\/\",\"url\":\"https:\\\/\\\/shop.bantam.ch\\\/wp-content\\\/uploads\\\/2022\\\/12\\\/bantam-logo.png\",\"contentUrl\":\"https:\\\/\\\/shop.bantam.ch\\\/wp-content\\\/uploads\\\/2022\\\/12\\\/bantam-logo.png\",\"width\":320,\"height\":71,\"caption\":\"Bantam Camping AG\"},\"image\":{\"@id\":\"https:\\\/\\\/shop.bantam.ch\\\/de\\\/#\\\/schema\\\/logo\\\/image\\\/\"}}]}<\/script>\n<!-- \/ Yoast SEO plugin. -->","yoast_head_json":{"title":"Insektenschutz Stichfrei Zecke Pump-Spray, 100 ml - Bantam Camping AG","robots":{"index":"index","follow":"follow","max-snippet":"max-snippet:-1","max-image-preview":"max-image-preview:large","max-video-preview":"max-video-preview:-1"},"canonical":"https:\/\/shop.bantam.ch\/de\/produkt\/insektenschutz-stichfrei-zecke-pump-spray-100-ml\/","og_locale":"de_DE","og_type":"article","og_title":"Insektenschutz Stichfrei Zecke Pump-Spray, 100 ml - Bantam Camping AG","og_description":"Ihr zuverl\u00e4ssiger Begleiter in Feld, Wald und Wiese Sch\u00fctzen Sie sich und Ihre Familie vor Zeckenstichen \u2013 mit langanhaltendem, hautfreundlichem Schutz! Ballistol Stichfrei Zeckenschutz wurde speziell f\u00fcr Naturfreunde, Outdoor-Sportler, J\u00e4ger, F\u00f6rster und Familien entwickelt. Mit bis zu 8 Stunden Schutz vor Zecken und anderen stechenden Insekten k\u00f6nnen Sie unbeschwert die Natur genie\u00dfen \u2013 ganz ohne [&hellip;]","og_url":"https:\/\/shop.bantam.ch\/de\/produkt\/insektenschutz-stichfrei-zecke-pump-spray-100-ml\/","og_site_name":"Bantam Camping AG","article_modified_time":"2026-04-19T21:54:46+00:00","twitter_card":"summary_large_image","twitter_misc":{"Gesch\u00e4tzte Lesezeit":"1\u00a0Minute"},"schema":{"@context":"https:\/\/schema.org","@graph":[{"@type":"WebPage","@id":"https:\/\/shop.bantam.ch\/de\/produkt\/insektenschutz-stichfrei-zecke-pump-spray-100-ml\/","url":"https:\/\/shop.bantam.ch\/de\/produkt\/insektenschutz-stichfrei-zecke-pump-spray-100-ml\/","name":"Insektenschutz Stichfrei Zecke Pump-Spray, 100 ml - Bantam Camping AG","isPartOf":{"@id":"https:\/\/shop.bantam.ch\/de\/#website"},"primaryImageOfPage":{"@id":"https:\/\/shop.bantam.ch\/de\/produkt\/insektenschutz-stichfrei-zecke-pump-spray-100-ml\/#primaryimage"},"image":{"@id":"https:\/\/shop.bantam.ch\/de\/produkt\/insektenschutz-stichfrei-zecke-pump-spray-100-ml\/#primaryimage"},"thumbnailUrl":"https:\/\/shop.bantam.ch\/wp-content\/uploads\/2026\/01\/Movera-L-9963639100.jpg","datePublished":"2026-01-06T14:32:29+00:00","dateModified":"2026-04-19T21:54:46+00:00","breadcrumb":{"@id":"https:\/\/shop.bantam.ch\/de\/produkt\/insektenschutz-stichfrei-zecke-pump-spray-100-ml\/#breadcrumb"},"inLanguage":"de","potentialAction":[{"@type":"ReadAction","target":["https:\/\/shop.bantam.ch\/de\/produkt\/insektenschutz-stichfrei-zecke-pump-spray-100-ml\/"]}]},{"@type":"ImageObject","inLanguage":"de","@id":"https:\/\/shop.bantam.ch\/de\/produkt\/insektenschutz-stichfrei-zecke-pump-spray-100-ml\/#primaryimage","url":"https:\/\/shop.bantam.ch\/wp-content\/uploads\/2026\/01\/Movera-L-9963639100.jpg","contentUrl":"https:\/\/shop.bantam.ch\/wp-content\/uploads\/2026\/01\/Movera-L-9963639100.jpg","width":640,"height":960},{"@type":"BreadcrumbList","@id":"https:\/\/shop.bantam.ch\/de\/produkt\/insektenschutz-stichfrei-zecke-pump-spray-100-ml\/#breadcrumb","itemListElement":[{"@type":"ListItem","position":1,"name":"Accueil","item":"https:\/\/shop.bantam.ch\/de\/"},{"@type":"ListItem","position":2,"name":"Shop","item":"https:\/\/shop.bantam.ch\/de\/shop\/"},{"@type":"ListItem","position":3,"name":"Insektenschutz Stichfrei Zecke Pump-Spray, 100 ml"}]},{"@type":"WebSite","@id":"https:\/\/shop.bantam.ch\/de\/#website","url":"https:\/\/shop.bantam.ch\/de\/","name":"Bantam Camping AG","description":"","publisher":{"@id":"https:\/\/shop.bantam.ch\/de\/#organization"},"inLanguage":"de"},{"@type":"Organization","@id":"https:\/\/shop.bantam.ch\/de\/#organization","name":"Bantam Camping AG","url":"https:\/\/shop.bantam.ch\/de\/","logo":{"@type":"ImageObject","inLanguage":"de","@id":"https:\/\/shop.bantam.ch\/de\/#\/schema\/logo\/image\/","url":"https:\/\/shop.bantam.ch\/wp-content\/uploads\/2022\/12\/bantam-logo.png","contentUrl":"https:\/\/shop.bantam.ch\/wp-content\/uploads\/2022\/12\/bantam-logo.png","width":320,"height":71,"caption":"Bantam Camping AG"},"image":{"@id":"https:\/\/shop.bantam.ch\/de\/#\/schema\/logo\/image\/"}}]}},"_links":{"self":[{"href":"https:\/\/shop.bantam.ch\/de\/wp-json\/wp\/v2\/product\/227688","targetHints":{"allow":["GET"]}}],"collection":[{"href":"https:\/\/shop.bantam.ch\/de\/wp-json\/wp\/v2\/product"}],"about":[{"href":"https:\/\/shop.bantam.ch\/de\/wp-json\/wp\/v2\/types\/product"}],"wp:featuredmedia":[{"embeddable":true,"href":"https:\/\/shop.bantam.ch\/de\/wp-json\/wp\/v2\/media\/227686"}],"wp:attachment":[{"href":"https:\/\/shop.bantam.ch\/de\/wp-json\/wp\/v2\/media?parent=227688"}],"wp:term":[{"taxonomy":"product_featured_cat","embeddable":true,"href":"https:\/\/shop.bantam.ch\/de\/wp-json\/wp\/v2\/product_featured_cat?post=227688"},{"taxonomy":"product_brand","embeddable":true,"href":"https:\/\/shop.bantam.ch\/de\/wp-json\/wp\/v2\/product_brand?post=227688"},{"taxonomy":"product_cat","embeddable":true,"href":"https:\/\/shop.bantam.ch\/de\/wp-json\/wp\/v2\/product_cat?post=227688"},{"taxonomy":"product_tag","embeddable":true,"href":"https:\/\/shop.bantam.ch\/de\/wp-json\/wp\/v2\/product_tag?post=227688"}],"curies":[{"name":"wp","href":"https:\/\/api.w.org\/{rel}","templated":true}]}}