{"id":227664,"date":"2026-01-06T15:31:56","date_gmt":"2026-01-06T14:31:56","guid":{"rendered":"https:\/\/shop.bantam.ch\/produit\/textilreiniger-inhalt-500-ml\/"},"modified":"2026-04-17T23:47:34","modified_gmt":"2026-04-17T21:47:34","slug":"textilreiniger-inhalt-500-ml","status":"publish","type":"product","link":"https:\/\/shop.bantam.ch\/de\/produkt\/textilreiniger-inhalt-500-ml\/","title":{"rendered":"Textilreiniger Inhalt 500 ml"},"content":{"rendered":"<p>Der Crespo- Polsterreiniger wurde speziell f\u00fcr die optimale Reinigung und Pflege aller Bez\u00fcge von Crespo-St\u00fchlen entwickelt. Diese fortschrittliche Formel entfernt m\u00fchelos Schmutz, Flecken und andere Verunreinigungen, ohne den Stoff zu besch\u00e4digen oder zu verf\u00e4rben. Der einfach anzuwendende Reiniger l\u00e4sst Ihre St\u00fchle wieder wie neu aussehen, so dass Sie immer ein frisches und sauberes Sitzgef\u00fchl genie\u00dfen k\u00f6nnen, ob zu Hause oder auf dem Campingplatz.<\/p>\n<p>Wie wird es verwendet?<br \/>\nZuerst den zu entfernenden Fleck anfeuchten, dann den Textilreiniger auf den Fleck spr\u00fchen und ca. 30 Sekunden einwirken lassen, dann mit einer weichen B\u00fcrste oder einem Tuch behandeln, ggf. weiteren Textilreiniger aufspr\u00fchen. Lassen Sie den Fleck nicht eintrocknen, sondern sp\u00fclen Sie ihn gr\u00fcndlich mit Wasser aus. Lassen Sie die Oberfl\u00e4che gr\u00fcndlich trocknen, vorzugsweise in einem gut bel\u00fcfteten Raum (nicht in direktem Sonnenlicht).&nbsp;<\/p>\n","protected":false},"excerpt":{"rendered":"<p>Der Crespo- Polsterreiniger wurde speziell f\u00fcr die optimale Reinigung und Pflege aller Bez\u00fcge von Crespo-St\u00fchlen entwickelt. Diese fortschrittliche Formel entfernt m\u00fchelos Schmutz, Flecken und andere Verunreinigungen, ohne den Stoff zu besch\u00e4digen oder zu verf\u00e4rben. Der einfach anzuwendende Reiniger l\u00e4sst Ihre St\u00fchle wieder wie neu aussehen, so dass Sie immer ein frisches und sauberes Sitzgef\u00fchl genie\u00dfen [&hellip;]<\/p>\n","protected":false},"featured_media":227662,"template":"","meta":{"_acf_changed":false},"product_featured_cat":[],"product_brand":[],"product_cat":[5092],"product_tag":[],"class_list":{"0":"post-227664","1":"product","2":"type-product","3":"status-publish","4":"has-post-thumbnail","6":"product_cat-reinigung-spezialreiniger","8":"first","9":"instock","10":"taxable","11":"shipping-taxable","12":"purchasable","13":"product-type-simple"},"acf":[],"yoast_head":"<!-- This site is optimized with the Yoast SEO plugin v27.4 - https:\/\/yoast.com\/product\/yoast-seo-wordpress\/ -->\n<title>Textilreiniger Inhalt 500 ml - Bantam Camping AG<\/title>\n<meta name=\"robots\" content=\"index, follow, max-snippet:-1, max-image-preview:large, max-video-preview:-1\" \/>\n<link rel=\"canonical\" href=\"https:\/\/shop.bantam.ch\/de\/produkt\/textilreiniger-inhalt-500-ml\/\" \/>\n<meta property=\"og:locale\" content=\"de_DE\" \/>\n<meta property=\"og:type\" content=\"article\" \/>\n<meta property=\"og:title\" content=\"Textilreiniger Inhalt 500 ml - Bantam Camping AG\" \/>\n<meta property=\"og:description\" content=\"Der Crespo- Polsterreiniger wurde speziell f\u00fcr die optimale Reinigung und Pflege aller Bez\u00fcge von Crespo-St\u00fchlen entwickelt. Diese fortschrittliche Formel entfernt m\u00fchelos Schmutz, Flecken und andere Verunreinigungen, ohne den Stoff zu besch\u00e4digen oder zu verf\u00e4rben. Der einfach anzuwendende Reiniger l\u00e4sst Ihre St\u00fchle wieder wie neu aussehen, so dass Sie immer ein frisches und sauberes Sitzgef\u00fchl genie\u00dfen [&hellip;]\" \/>\n<meta property=\"og:url\" content=\"https:\/\/shop.bantam.ch\/de\/produkt\/textilreiniger-inhalt-500-ml\/\" \/>\n<meta property=\"og:site_name\" content=\"Bantam Camping AG\" \/>\n<meta property=\"article:modified_time\" content=\"2026-04-17T21:47:34+00:00\" \/>\n<meta name=\"twitter:card\" content=\"summary_large_image\" \/>\n<meta name=\"twitter:label1\" content=\"Gesch\u00e4tzte Lesezeit\" \/>\n\t<meta name=\"twitter:data1\" content=\"1\u00a0Minute\" \/>\n<script type=\"application\/ld+json\" class=\"yoast-schema-graph\">{\"@context\":\"https:\\\/\\\/schema.org\",\"@graph\":[{\"@type\":\"WebPage\",\"@id\":\"https:\\\/\\\/shop.bantam.ch\\\/de\\\/produkt\\\/textilreiniger-inhalt-500-ml\\\/\",\"url\":\"https:\\\/\\\/shop.bantam.ch\\\/de\\\/produkt\\\/textilreiniger-inhalt-500-ml\\\/\",\"name\":\"Textilreiniger Inhalt 500 ml - Bantam Camping AG\",\"isPartOf\":{\"@id\":\"https:\\\/\\\/shop.bantam.ch\\\/de\\\/#website\"},\"primaryImageOfPage\":{\"@id\":\"https:\\\/\\\/shop.bantam.ch\\\/de\\\/produkt\\\/textilreiniger-inhalt-500-ml\\\/#primaryimage\"},\"image\":{\"@id\":\"https:\\\/\\\/shop.bantam.ch\\\/de\\\/produkt\\\/textilreiniger-inhalt-500-ml\\\/#primaryimage\"},\"thumbnailUrl\":\"https:\\\/\\\/shop.bantam.ch\\\/wp-content\\\/uploads\\\/2026\\\/01\\\/Movera-L-9966026100.jpg\",\"datePublished\":\"2026-01-06T14:31:56+00:00\",\"dateModified\":\"2026-04-17T21:47:34+00:00\",\"breadcrumb\":{\"@id\":\"https:\\\/\\\/shop.bantam.ch\\\/de\\\/produkt\\\/textilreiniger-inhalt-500-ml\\\/#breadcrumb\"},\"inLanguage\":\"de\",\"potentialAction\":[{\"@type\":\"ReadAction\",\"target\":[\"https:\\\/\\\/shop.bantam.ch\\\/de\\\/produkt\\\/textilreiniger-inhalt-500-ml\\\/\"]}]},{\"@type\":\"ImageObject\",\"inLanguage\":\"de\",\"@id\":\"https:\\\/\\\/shop.bantam.ch\\\/de\\\/produkt\\\/textilreiniger-inhalt-500-ml\\\/#primaryimage\",\"url\":\"https:\\\/\\\/shop.bantam.ch\\\/wp-content\\\/uploads\\\/2026\\\/01\\\/Movera-L-9966026100.jpg\",\"contentUrl\":\"https:\\\/\\\/shop.bantam.ch\\\/wp-content\\\/uploads\\\/2026\\\/01\\\/Movera-L-9966026100.jpg\",\"width\":640,\"height\":807},{\"@type\":\"BreadcrumbList\",\"@id\":\"https:\\\/\\\/shop.bantam.ch\\\/de\\\/produkt\\\/textilreiniger-inhalt-500-ml\\\/#breadcrumb\",\"itemListElement\":[{\"@type\":\"ListItem\",\"position\":1,\"name\":\"Accueil\",\"item\":\"https:\\\/\\\/shop.bantam.ch\\\/de\\\/\"},{\"@type\":\"ListItem\",\"position\":2,\"name\":\"Shop\",\"item\":\"https:\\\/\\\/shop.bantam.ch\\\/de\\\/shop\\\/\"},{\"@type\":\"ListItem\",\"position\":3,\"name\":\"Textilreiniger Inhalt 500 ml\"}]},{\"@type\":\"WebSite\",\"@id\":\"https:\\\/\\\/shop.bantam.ch\\\/de\\\/#website\",\"url\":\"https:\\\/\\\/shop.bantam.ch\\\/de\\\/\",\"name\":\"Bantam Camping AG\",\"description\":\"\",\"publisher\":{\"@id\":\"https:\\\/\\\/shop.bantam.ch\\\/de\\\/#organization\"},\"inLanguage\":\"de\"},{\"@type\":\"Organization\",\"@id\":\"https:\\\/\\\/shop.bantam.ch\\\/de\\\/#organization\",\"name\":\"Bantam Camping AG\",\"url\":\"https:\\\/\\\/shop.bantam.ch\\\/de\\\/\",\"logo\":{\"@type\":\"ImageObject\",\"inLanguage\":\"de\",\"@id\":\"https:\\\/\\\/shop.bantam.ch\\\/de\\\/#\\\/schema\\\/logo\\\/image\\\/\",\"url\":\"https:\\\/\\\/shop.bantam.ch\\\/wp-content\\\/uploads\\\/2022\\\/12\\\/bantam-logo.png\",\"contentUrl\":\"https:\\\/\\\/shop.bantam.ch\\\/wp-content\\\/uploads\\\/2022\\\/12\\\/bantam-logo.png\",\"width\":320,\"height\":71,\"caption\":\"Bantam Camping AG\"},\"image\":{\"@id\":\"https:\\\/\\\/shop.bantam.ch\\\/de\\\/#\\\/schema\\\/logo\\\/image\\\/\"}}]}<\/script>\n<!-- \/ Yoast SEO plugin. -->","yoast_head_json":{"title":"Textilreiniger Inhalt 500 ml - Bantam Camping AG","robots":{"index":"index","follow":"follow","max-snippet":"max-snippet:-1","max-image-preview":"max-image-preview:large","max-video-preview":"max-video-preview:-1"},"canonical":"https:\/\/shop.bantam.ch\/de\/produkt\/textilreiniger-inhalt-500-ml\/","og_locale":"de_DE","og_type":"article","og_title":"Textilreiniger Inhalt 500 ml - Bantam Camping AG","og_description":"Der Crespo- Polsterreiniger wurde speziell f\u00fcr die optimale Reinigung und Pflege aller Bez\u00fcge von Crespo-St\u00fchlen entwickelt. Diese fortschrittliche Formel entfernt m\u00fchelos Schmutz, Flecken und andere Verunreinigungen, ohne den Stoff zu besch\u00e4digen oder zu verf\u00e4rben. Der einfach anzuwendende Reiniger l\u00e4sst Ihre St\u00fchle wieder wie neu aussehen, so dass Sie immer ein frisches und sauberes Sitzgef\u00fchl genie\u00dfen [&hellip;]","og_url":"https:\/\/shop.bantam.ch\/de\/produkt\/textilreiniger-inhalt-500-ml\/","og_site_name":"Bantam Camping AG","article_modified_time":"2026-04-17T21:47:34+00:00","twitter_card":"summary_large_image","twitter_misc":{"Gesch\u00e4tzte Lesezeit":"1\u00a0Minute"},"schema":{"@context":"https:\/\/schema.org","@graph":[{"@type":"WebPage","@id":"https:\/\/shop.bantam.ch\/de\/produkt\/textilreiniger-inhalt-500-ml\/","url":"https:\/\/shop.bantam.ch\/de\/produkt\/textilreiniger-inhalt-500-ml\/","name":"Textilreiniger Inhalt 500 ml - Bantam Camping AG","isPartOf":{"@id":"https:\/\/shop.bantam.ch\/de\/#website"},"primaryImageOfPage":{"@id":"https:\/\/shop.bantam.ch\/de\/produkt\/textilreiniger-inhalt-500-ml\/#primaryimage"},"image":{"@id":"https:\/\/shop.bantam.ch\/de\/produkt\/textilreiniger-inhalt-500-ml\/#primaryimage"},"thumbnailUrl":"https:\/\/shop.bantam.ch\/wp-content\/uploads\/2026\/01\/Movera-L-9966026100.jpg","datePublished":"2026-01-06T14:31:56+00:00","dateModified":"2026-04-17T21:47:34+00:00","breadcrumb":{"@id":"https:\/\/shop.bantam.ch\/de\/produkt\/textilreiniger-inhalt-500-ml\/#breadcrumb"},"inLanguage":"de","potentialAction":[{"@type":"ReadAction","target":["https:\/\/shop.bantam.ch\/de\/produkt\/textilreiniger-inhalt-500-ml\/"]}]},{"@type":"ImageObject","inLanguage":"de","@id":"https:\/\/shop.bantam.ch\/de\/produkt\/textilreiniger-inhalt-500-ml\/#primaryimage","url":"https:\/\/shop.bantam.ch\/wp-content\/uploads\/2026\/01\/Movera-L-9966026100.jpg","contentUrl":"https:\/\/shop.bantam.ch\/wp-content\/uploads\/2026\/01\/Movera-L-9966026100.jpg","width":640,"height":807},{"@type":"BreadcrumbList","@id":"https:\/\/shop.bantam.ch\/de\/produkt\/textilreiniger-inhalt-500-ml\/#breadcrumb","itemListElement":[{"@type":"ListItem","position":1,"name":"Accueil","item":"https:\/\/shop.bantam.ch\/de\/"},{"@type":"ListItem","position":2,"name":"Shop","item":"https:\/\/shop.bantam.ch\/de\/shop\/"},{"@type":"ListItem","position":3,"name":"Textilreiniger Inhalt 500 ml"}]},{"@type":"WebSite","@id":"https:\/\/shop.bantam.ch\/de\/#website","url":"https:\/\/shop.bantam.ch\/de\/","name":"Bantam Camping AG","description":"","publisher":{"@id":"https:\/\/shop.bantam.ch\/de\/#organization"},"inLanguage":"de"},{"@type":"Organization","@id":"https:\/\/shop.bantam.ch\/de\/#organization","name":"Bantam Camping AG","url":"https:\/\/shop.bantam.ch\/de\/","logo":{"@type":"ImageObject","inLanguage":"de","@id":"https:\/\/shop.bantam.ch\/de\/#\/schema\/logo\/image\/","url":"https:\/\/shop.bantam.ch\/wp-content\/uploads\/2022\/12\/bantam-logo.png","contentUrl":"https:\/\/shop.bantam.ch\/wp-content\/uploads\/2022\/12\/bantam-logo.png","width":320,"height":71,"caption":"Bantam Camping AG"},"image":{"@id":"https:\/\/shop.bantam.ch\/de\/#\/schema\/logo\/image\/"}}]}},"_links":{"self":[{"href":"https:\/\/shop.bantam.ch\/de\/wp-json\/wp\/v2\/product\/227664","targetHints":{"allow":["GET"]}}],"collection":[{"href":"https:\/\/shop.bantam.ch\/de\/wp-json\/wp\/v2\/product"}],"about":[{"href":"https:\/\/shop.bantam.ch\/de\/wp-json\/wp\/v2\/types\/product"}],"wp:featuredmedia":[{"embeddable":true,"href":"https:\/\/shop.bantam.ch\/de\/wp-json\/wp\/v2\/media\/227662"}],"wp:attachment":[{"href":"https:\/\/shop.bantam.ch\/de\/wp-json\/wp\/v2\/media?parent=227664"}],"wp:term":[{"taxonomy":"product_featured_cat","embeddable":true,"href":"https:\/\/shop.bantam.ch\/de\/wp-json\/wp\/v2\/product_featured_cat?post=227664"},{"taxonomy":"product_brand","embeddable":true,"href":"https:\/\/shop.bantam.ch\/de\/wp-json\/wp\/v2\/product_brand?post=227664"},{"taxonomy":"product_cat","embeddable":true,"href":"https:\/\/shop.bantam.ch\/de\/wp-json\/wp\/v2\/product_cat?post=227664"},{"taxonomy":"product_tag","embeddable":true,"href":"https:\/\/shop.bantam.ch\/de\/wp-json\/wp\/v2\/product_tag?post=227664"}],"curies":[{"name":"wp","href":"https:\/\/api.w.org\/{rel}","templated":true}]}}