{"id":227632,"date":"2026-01-06T15:30:57","date_gmt":"2026-01-06T14:30:57","guid":{"rendered":"https:\/\/shop.bantam.ch\/produit\/batterie-varta-professional-deep-cycle-led\/"},"modified":"2026-04-18T02:21:42","modified_gmt":"2026-04-18T00:21:42","slug":"batterie-varta-professional-deep-cycle-led","status":"publish","type":"product","link":"https:\/\/shop.bantam.ch\/de\/produkt\/batterie-varta-professional-deep-cycle-led\/","title":{"rendered":"Batterie VARTA Professional Deep Cycle LED"},"content":{"rendered":"<p>Starter- und Versorgungsbatterie in einem: Die langlebigen und wartungsfreien Versorgungsbatterien der LED-Serie eignen sich durch eine hohe Zyklenfestigkeit, eine minimale Selbstentladung und hohe K\u00e4ltepr\u00fcfstr\u00f6me ideal f\u00fcr den Dual-Power-Betrieb in Wohnmobilen und Booten mit mittlerem Energiebedarf.<\/p>\n<p>Die patentierte PowerFrame-Gittertechnologie sorgt f\u00fcr h\u00f6chste Zuverl\u00e4ssigkeit dank geminderter Korrosion und erh\u00f6hter Stabilit\u00e4t und ein hervorragendes Ladeverhalten bei einem geringeren Innenwiderstand. Eine VARTA Professional Dual Purpose EFB bringt auch im teilentladenen Zustand und bei niedrigen Temperaturen \u00fcberragende Leistung.<\/p>\n<p>Mit ihren optimierten Eigenschaften l\u00f6st die LED-Serie die im Bereich der Freizeitanwendungen besonders popul\u00e4re LFD-Serie ab.<\/p>\n","protected":false},"excerpt":{"rendered":"<p>Starter- und Versorgungsbatterie in einem: Die langlebigen und wartungsfreien Versorgungsbatterien der LED-Serie eignen sich durch eine hohe Zyklenfestigkeit, eine minimale Selbstentladung und hohe K\u00e4ltepr\u00fcfstr\u00f6me ideal f\u00fcr den Dual-Power-Betrieb in Wohnmobilen und Booten mit mittlerem Energiebedarf. Die patentierte PowerFrame-Gittertechnologie sorgt f\u00fcr h\u00f6chste Zuverl\u00e4ssigkeit dank geminderter Korrosion und erh\u00f6hter Stabilit\u00e4t und ein hervorragendes Ladeverhalten bei einem geringeren [&hellip;]<\/p>\n","protected":false},"featured_media":227614,"template":"","meta":{"_acf_changed":false},"product_featured_cat":[],"product_brand":[],"product_cat":[4904],"product_tag":[],"class_list":{"0":"post-227632","1":"product","2":"type-product","3":"status-publish","4":"has-post-thumbnail","6":"product_cat-bordbatterien","8":"first","9":"instock","10":"taxable","11":"shipping-taxable","12":"purchasable","13":"product-type-variable"},"acf":[],"yoast_head":"<!-- This site is optimized with the Yoast SEO plugin v27.4 - https:\/\/yoast.com\/product\/yoast-seo-wordpress\/ -->\n<title>Batterie VARTA Professional Deep Cycle LED - Bantam Camping AG<\/title>\n<meta name=\"robots\" content=\"index, follow, max-snippet:-1, max-image-preview:large, max-video-preview:-1\" \/>\n<link rel=\"canonical\" href=\"https:\/\/shop.bantam.ch\/de\/produkt\/batterie-varta-professional-deep-cycle-led\/\" \/>\n<meta property=\"og:locale\" content=\"de_DE\" \/>\n<meta property=\"og:type\" content=\"article\" \/>\n<meta property=\"og:title\" content=\"Batterie VARTA Professional Deep Cycle LED - Bantam Camping AG\" \/>\n<meta property=\"og:description\" content=\"Starter- und Versorgungsbatterie in einem: Die langlebigen und wartungsfreien Versorgungsbatterien der LED-Serie eignen sich durch eine hohe Zyklenfestigkeit, eine minimale Selbstentladung und hohe K\u00e4ltepr\u00fcfstr\u00f6me ideal f\u00fcr den Dual-Power-Betrieb in Wohnmobilen und Booten mit mittlerem Energiebedarf. Die patentierte PowerFrame-Gittertechnologie sorgt f\u00fcr h\u00f6chste Zuverl\u00e4ssigkeit dank geminderter Korrosion und erh\u00f6hter Stabilit\u00e4t und ein hervorragendes Ladeverhalten bei einem geringeren [&hellip;]\" \/>\n<meta property=\"og:url\" content=\"https:\/\/shop.bantam.ch\/de\/produkt\/batterie-varta-professional-deep-cycle-led\/\" \/>\n<meta property=\"og:site_name\" content=\"Bantam Camping AG\" \/>\n<meta property=\"article:modified_time\" content=\"2026-04-18T00:21:42+00:00\" \/>\n<meta name=\"twitter:card\" content=\"summary_large_image\" \/>\n<meta name=\"twitter:label1\" content=\"Gesch\u00e4tzte Lesezeit\" \/>\n\t<meta name=\"twitter:data1\" content=\"1\u00a0Minute\" \/>\n<script type=\"application\/ld+json\" class=\"yoast-schema-graph\">{\"@context\":\"https:\\\/\\\/schema.org\",\"@graph\":[{\"@type\":\"WebPage\",\"@id\":\"https:\\\/\\\/shop.bantam.ch\\\/de\\\/produkt\\\/batterie-varta-professional-deep-cycle-led\\\/\",\"url\":\"https:\\\/\\\/shop.bantam.ch\\\/de\\\/produkt\\\/batterie-varta-professional-deep-cycle-led\\\/\",\"name\":\"Batterie VARTA Professional Deep Cycle LED - Bantam Camping AG\",\"isPartOf\":{\"@id\":\"https:\\\/\\\/shop.bantam.ch\\\/de\\\/#website\"},\"primaryImageOfPage\":{\"@id\":\"https:\\\/\\\/shop.bantam.ch\\\/de\\\/produkt\\\/batterie-varta-professional-deep-cycle-led\\\/#primaryimage\"},\"image\":{\"@id\":\"https:\\\/\\\/shop.bantam.ch\\\/de\\\/produkt\\\/batterie-varta-professional-deep-cycle-led\\\/#primaryimage\"},\"thumbnailUrl\":\"https:\\\/\\\/shop.bantam.ch\\\/wp-content\\\/uploads\\\/2026\\\/01\\\/Movera-L-9963570100.png\",\"datePublished\":\"2026-01-06T14:30:57+00:00\",\"dateModified\":\"2026-04-18T00:21:42+00:00\",\"breadcrumb\":{\"@id\":\"https:\\\/\\\/shop.bantam.ch\\\/de\\\/produkt\\\/batterie-varta-professional-deep-cycle-led\\\/#breadcrumb\"},\"inLanguage\":\"de\",\"potentialAction\":[{\"@type\":\"ReadAction\",\"target\":[\"https:\\\/\\\/shop.bantam.ch\\\/de\\\/produkt\\\/batterie-varta-professional-deep-cycle-led\\\/\"]}]},{\"@type\":\"ImageObject\",\"inLanguage\":\"de\",\"@id\":\"https:\\\/\\\/shop.bantam.ch\\\/de\\\/produkt\\\/batterie-varta-professional-deep-cycle-led\\\/#primaryimage\",\"url\":\"https:\\\/\\\/shop.bantam.ch\\\/wp-content\\\/uploads\\\/2026\\\/01\\\/Movera-L-9963570100.png\",\"contentUrl\":\"https:\\\/\\\/shop.bantam.ch\\\/wp-content\\\/uploads\\\/2026\\\/01\\\/Movera-L-9963570100.png\",\"width\":500,\"height\":500},{\"@type\":\"BreadcrumbList\",\"@id\":\"https:\\\/\\\/shop.bantam.ch\\\/de\\\/produkt\\\/batterie-varta-professional-deep-cycle-led\\\/#breadcrumb\",\"itemListElement\":[{\"@type\":\"ListItem\",\"position\":1,\"name\":\"Accueil\",\"item\":\"https:\\\/\\\/shop.bantam.ch\\\/de\\\/\"},{\"@type\":\"ListItem\",\"position\":2,\"name\":\"Shop\",\"item\":\"https:\\\/\\\/shop.bantam.ch\\\/de\\\/shop\\\/\"},{\"@type\":\"ListItem\",\"position\":3,\"name\":\"Batterie VARTA Professional Deep Cycle LED\"}]},{\"@type\":\"WebSite\",\"@id\":\"https:\\\/\\\/shop.bantam.ch\\\/de\\\/#website\",\"url\":\"https:\\\/\\\/shop.bantam.ch\\\/de\\\/\",\"name\":\"Bantam Camping AG\",\"description\":\"\",\"publisher\":{\"@id\":\"https:\\\/\\\/shop.bantam.ch\\\/de\\\/#organization\"},\"inLanguage\":\"de\"},{\"@type\":\"Organization\",\"@id\":\"https:\\\/\\\/shop.bantam.ch\\\/de\\\/#organization\",\"name\":\"Bantam Camping AG\",\"url\":\"https:\\\/\\\/shop.bantam.ch\\\/de\\\/\",\"logo\":{\"@type\":\"ImageObject\",\"inLanguage\":\"de\",\"@id\":\"https:\\\/\\\/shop.bantam.ch\\\/de\\\/#\\\/schema\\\/logo\\\/image\\\/\",\"url\":\"https:\\\/\\\/shop.bantam.ch\\\/wp-content\\\/uploads\\\/2022\\\/12\\\/bantam-logo.png\",\"contentUrl\":\"https:\\\/\\\/shop.bantam.ch\\\/wp-content\\\/uploads\\\/2022\\\/12\\\/bantam-logo.png\",\"width\":320,\"height\":71,\"caption\":\"Bantam Camping AG\"},\"image\":{\"@id\":\"https:\\\/\\\/shop.bantam.ch\\\/de\\\/#\\\/schema\\\/logo\\\/image\\\/\"}}]}<\/script>\n<!-- \/ Yoast SEO plugin. -->","yoast_head_json":{"title":"Batterie VARTA Professional Deep Cycle LED - Bantam Camping AG","robots":{"index":"index","follow":"follow","max-snippet":"max-snippet:-1","max-image-preview":"max-image-preview:large","max-video-preview":"max-video-preview:-1"},"canonical":"https:\/\/shop.bantam.ch\/de\/produkt\/batterie-varta-professional-deep-cycle-led\/","og_locale":"de_DE","og_type":"article","og_title":"Batterie VARTA Professional Deep Cycle LED - Bantam Camping AG","og_description":"Starter- und Versorgungsbatterie in einem: Die langlebigen und wartungsfreien Versorgungsbatterien der LED-Serie eignen sich durch eine hohe Zyklenfestigkeit, eine minimale Selbstentladung und hohe K\u00e4ltepr\u00fcfstr\u00f6me ideal f\u00fcr den Dual-Power-Betrieb in Wohnmobilen und Booten mit mittlerem Energiebedarf. Die patentierte PowerFrame-Gittertechnologie sorgt f\u00fcr h\u00f6chste Zuverl\u00e4ssigkeit dank geminderter Korrosion und erh\u00f6hter Stabilit\u00e4t und ein hervorragendes Ladeverhalten bei einem geringeren [&hellip;]","og_url":"https:\/\/shop.bantam.ch\/de\/produkt\/batterie-varta-professional-deep-cycle-led\/","og_site_name":"Bantam Camping AG","article_modified_time":"2026-04-18T00:21:42+00:00","twitter_card":"summary_large_image","twitter_misc":{"Gesch\u00e4tzte Lesezeit":"1\u00a0Minute"},"schema":{"@context":"https:\/\/schema.org","@graph":[{"@type":"WebPage","@id":"https:\/\/shop.bantam.ch\/de\/produkt\/batterie-varta-professional-deep-cycle-led\/","url":"https:\/\/shop.bantam.ch\/de\/produkt\/batterie-varta-professional-deep-cycle-led\/","name":"Batterie VARTA Professional Deep Cycle LED - Bantam Camping AG","isPartOf":{"@id":"https:\/\/shop.bantam.ch\/de\/#website"},"primaryImageOfPage":{"@id":"https:\/\/shop.bantam.ch\/de\/produkt\/batterie-varta-professional-deep-cycle-led\/#primaryimage"},"image":{"@id":"https:\/\/shop.bantam.ch\/de\/produkt\/batterie-varta-professional-deep-cycle-led\/#primaryimage"},"thumbnailUrl":"https:\/\/shop.bantam.ch\/wp-content\/uploads\/2026\/01\/Movera-L-9963570100.png","datePublished":"2026-01-06T14:30:57+00:00","dateModified":"2026-04-18T00:21:42+00:00","breadcrumb":{"@id":"https:\/\/shop.bantam.ch\/de\/produkt\/batterie-varta-professional-deep-cycle-led\/#breadcrumb"},"inLanguage":"de","potentialAction":[{"@type":"ReadAction","target":["https:\/\/shop.bantam.ch\/de\/produkt\/batterie-varta-professional-deep-cycle-led\/"]}]},{"@type":"ImageObject","inLanguage":"de","@id":"https:\/\/shop.bantam.ch\/de\/produkt\/batterie-varta-professional-deep-cycle-led\/#primaryimage","url":"https:\/\/shop.bantam.ch\/wp-content\/uploads\/2026\/01\/Movera-L-9963570100.png","contentUrl":"https:\/\/shop.bantam.ch\/wp-content\/uploads\/2026\/01\/Movera-L-9963570100.png","width":500,"height":500},{"@type":"BreadcrumbList","@id":"https:\/\/shop.bantam.ch\/de\/produkt\/batterie-varta-professional-deep-cycle-led\/#breadcrumb","itemListElement":[{"@type":"ListItem","position":1,"name":"Accueil","item":"https:\/\/shop.bantam.ch\/de\/"},{"@type":"ListItem","position":2,"name":"Shop","item":"https:\/\/shop.bantam.ch\/de\/shop\/"},{"@type":"ListItem","position":3,"name":"Batterie VARTA Professional Deep Cycle LED"}]},{"@type":"WebSite","@id":"https:\/\/shop.bantam.ch\/de\/#website","url":"https:\/\/shop.bantam.ch\/de\/","name":"Bantam Camping AG","description":"","publisher":{"@id":"https:\/\/shop.bantam.ch\/de\/#organization"},"inLanguage":"de"},{"@type":"Organization","@id":"https:\/\/shop.bantam.ch\/de\/#organization","name":"Bantam Camping AG","url":"https:\/\/shop.bantam.ch\/de\/","logo":{"@type":"ImageObject","inLanguage":"de","@id":"https:\/\/shop.bantam.ch\/de\/#\/schema\/logo\/image\/","url":"https:\/\/shop.bantam.ch\/wp-content\/uploads\/2022\/12\/bantam-logo.png","contentUrl":"https:\/\/shop.bantam.ch\/wp-content\/uploads\/2022\/12\/bantam-logo.png","width":320,"height":71,"caption":"Bantam Camping AG"},"image":{"@id":"https:\/\/shop.bantam.ch\/de\/#\/schema\/logo\/image\/"}}]}},"_links":{"self":[{"href":"https:\/\/shop.bantam.ch\/de\/wp-json\/wp\/v2\/product\/227632","targetHints":{"allow":["GET"]}}],"collection":[{"href":"https:\/\/shop.bantam.ch\/de\/wp-json\/wp\/v2\/product"}],"about":[{"href":"https:\/\/shop.bantam.ch\/de\/wp-json\/wp\/v2\/types\/product"}],"wp:featuredmedia":[{"embeddable":true,"href":"https:\/\/shop.bantam.ch\/de\/wp-json\/wp\/v2\/media\/227614"}],"wp:attachment":[{"href":"https:\/\/shop.bantam.ch\/de\/wp-json\/wp\/v2\/media?parent=227632"}],"wp:term":[{"taxonomy":"product_featured_cat","embeddable":true,"href":"https:\/\/shop.bantam.ch\/de\/wp-json\/wp\/v2\/product_featured_cat?post=227632"},{"taxonomy":"product_brand","embeddable":true,"href":"https:\/\/shop.bantam.ch\/de\/wp-json\/wp\/v2\/product_brand?post=227632"},{"taxonomy":"product_cat","embeddable":true,"href":"https:\/\/shop.bantam.ch\/de\/wp-json\/wp\/v2\/product_cat?post=227632"},{"taxonomy":"product_tag","embeddable":true,"href":"https:\/\/shop.bantam.ch\/de\/wp-json\/wp\/v2\/product_tag?post=227632"}],"curies":[{"name":"wp","href":"https:\/\/api.w.org\/{rel}","templated":true}]}}