{"id":227608,"date":"2026-01-06T15:30:44","date_gmt":"2026-01-06T14:30:44","guid":{"rendered":"https:\/\/shop.bantam.ch\/produit\/anti-schlupf-weiss\/"},"modified":"2026-04-23T23:48:26","modified_gmt":"2026-04-23T21:48:26","slug":"anti-schlupf-weiss","status":"publish","type":"product","link":"https:\/\/shop.bantam.ch\/de\/produkt\/anti-schlupf-weiss\/","title":{"rendered":"Anti-Schlupf wei\u00df"},"content":{"rendered":"<p>Der Anti-Schlupf ist die perfekte Erg\u00e4nzung f\u00fcr alle, die das Beste aus ihrer Clesana C1 herausholen m\u00f6chten. Er verhindert ungewollten Folienverbrauch, maximiert die Beutelanzahl und bietet eine einfache und nachhaltige L\u00f6sung f\u00fcr etwaig auftretenden Schlupf.<br \/>\nVorteile auf einen Blick:<\/p>\n<ul>\n<li>Effiziente Nutzung des Liners: Der Anti-Schlupf verhindert, dass Folie ungewollt abgezogen wird. Dadurch bleibt der Beutel selbst bei mehrmaliger Nutzung klein und kompakt.<\/li>\n<li>Mehr Beutel pro Liner: Pro Kassette stehen Ihnen 80 cm mehr Liner zur Verf\u00fcgung, da der unn\u00f6tige Folienverbrauch durch Schlupf eliminiert wird.<\/li>\n<li>Kinderleichte Nachr\u00fcstung: Das Anti-Schlupf-Set kann einfach an jeder Clesana C1 nachger\u00fcstet werden.<\/li>\n<\/ul>\n","protected":false},"excerpt":{"rendered":"<p>Der Anti-Schlupf ist die perfekte Erg\u00e4nzung f\u00fcr alle, die das Beste aus ihrer Clesana C1 herausholen m\u00f6chten. Er verhindert ungewollten Folienverbrauch, maximiert die Beutelanzahl und bietet eine einfache und nachhaltige L\u00f6sung f\u00fcr etwaig auftretenden Schlupf. Vorteile auf einen Blick: Effiziente Nutzung des Liners: Der Anti-Schlupf verhindert, dass Folie ungewollt abgezogen wird. Dadurch bleibt der Beutel [&hellip;]<\/p>\n","protected":false},"featured_media":227604,"template":"","meta":{"_acf_changed":false},"product_featured_cat":[],"product_brand":[],"product_cat":[5156],"product_tag":[],"class_list":{"0":"post-227608","1":"product","2":"type-product","3":"status-publish","4":"has-post-thumbnail","6":"product_cat-sonstiges-zubehoer-fuer-campingtoiletten","8":"first","9":"instock","10":"taxable","11":"shipping-taxable","12":"purchasable","13":"product-type-simple"},"acf":[],"yoast_head":"<!-- This site is optimized with the Yoast SEO plugin v27.4 - https:\/\/yoast.com\/product\/yoast-seo-wordpress\/ -->\n<title>Anti-Schlupf wei\u00df - Bantam Camping AG<\/title>\n<meta name=\"robots\" content=\"index, follow, max-snippet:-1, max-image-preview:large, max-video-preview:-1\" \/>\n<link rel=\"canonical\" href=\"https:\/\/shop.bantam.ch\/de\/produkt\/anti-schlupf-weiss\/\" \/>\n<meta property=\"og:locale\" content=\"de_DE\" \/>\n<meta property=\"og:type\" content=\"article\" \/>\n<meta property=\"og:title\" content=\"Anti-Schlupf wei\u00df - Bantam Camping AG\" \/>\n<meta property=\"og:description\" content=\"Der Anti-Schlupf ist die perfekte Erg\u00e4nzung f\u00fcr alle, die das Beste aus ihrer Clesana C1 herausholen m\u00f6chten. Er verhindert ungewollten Folienverbrauch, maximiert die Beutelanzahl und bietet eine einfache und nachhaltige L\u00f6sung f\u00fcr etwaig auftretenden Schlupf. Vorteile auf einen Blick: Effiziente Nutzung des Liners: Der Anti-Schlupf verhindert, dass Folie ungewollt abgezogen wird. Dadurch bleibt der Beutel [&hellip;]\" \/>\n<meta property=\"og:url\" content=\"https:\/\/shop.bantam.ch\/de\/produkt\/anti-schlupf-weiss\/\" \/>\n<meta property=\"og:site_name\" content=\"Bantam Camping AG\" \/>\n<meta property=\"article:modified_time\" content=\"2026-04-23T21:48:26+00:00\" \/>\n<meta name=\"twitter:card\" content=\"summary_large_image\" \/>\n<meta name=\"twitter:label1\" content=\"Gesch\u00e4tzte Lesezeit\" \/>\n\t<meta name=\"twitter:data1\" content=\"1\u00a0Minute\" \/>\n<script type=\"application\/ld+json\" class=\"yoast-schema-graph\">{\"@context\":\"https:\\\/\\\/schema.org\",\"@graph\":[{\"@type\":\"WebPage\",\"@id\":\"https:\\\/\\\/shop.bantam.ch\\\/de\\\/produkt\\\/anti-schlupf-weiss\\\/\",\"url\":\"https:\\\/\\\/shop.bantam.ch\\\/de\\\/produkt\\\/anti-schlupf-weiss\\\/\",\"name\":\"Anti-Schlupf wei\u00df - Bantam Camping AG\",\"isPartOf\":{\"@id\":\"https:\\\/\\\/shop.bantam.ch\\\/de\\\/#website\"},\"primaryImageOfPage\":{\"@id\":\"https:\\\/\\\/shop.bantam.ch\\\/de\\\/produkt\\\/anti-schlupf-weiss\\\/#primaryimage\"},\"image\":{\"@id\":\"https:\\\/\\\/shop.bantam.ch\\\/de\\\/produkt\\\/anti-schlupf-weiss\\\/#primaryimage\"},\"thumbnailUrl\":\"https:\\\/\\\/shop.bantam.ch\\\/wp-content\\\/uploads\\\/2026\\\/01\\\/Movera-L-9966337100.jpg\",\"datePublished\":\"2026-01-06T14:30:44+00:00\",\"dateModified\":\"2026-04-23T21:48:26+00:00\",\"breadcrumb\":{\"@id\":\"https:\\\/\\\/shop.bantam.ch\\\/de\\\/produkt\\\/anti-schlupf-weiss\\\/#breadcrumb\"},\"inLanguage\":\"de\",\"potentialAction\":[{\"@type\":\"ReadAction\",\"target\":[\"https:\\\/\\\/shop.bantam.ch\\\/de\\\/produkt\\\/anti-schlupf-weiss\\\/\"]}]},{\"@type\":\"ImageObject\",\"inLanguage\":\"de\",\"@id\":\"https:\\\/\\\/shop.bantam.ch\\\/de\\\/produkt\\\/anti-schlupf-weiss\\\/#primaryimage\",\"url\":\"https:\\\/\\\/shop.bantam.ch\\\/wp-content\\\/uploads\\\/2026\\\/01\\\/Movera-L-9966337100.jpg\",\"contentUrl\":\"https:\\\/\\\/shop.bantam.ch\\\/wp-content\\\/uploads\\\/2026\\\/01\\\/Movera-L-9966337100.jpg\",\"width\":640,\"height\":640},{\"@type\":\"BreadcrumbList\",\"@id\":\"https:\\\/\\\/shop.bantam.ch\\\/de\\\/produkt\\\/anti-schlupf-weiss\\\/#breadcrumb\",\"itemListElement\":[{\"@type\":\"ListItem\",\"position\":1,\"name\":\"Accueil\",\"item\":\"https:\\\/\\\/shop.bantam.ch\\\/de\\\/\"},{\"@type\":\"ListItem\",\"position\":2,\"name\":\"Shop\",\"item\":\"https:\\\/\\\/shop.bantam.ch\\\/de\\\/shop\\\/\"},{\"@type\":\"ListItem\",\"position\":3,\"name\":\"Anti-Schlupf wei\u00df\"}]},{\"@type\":\"WebSite\",\"@id\":\"https:\\\/\\\/shop.bantam.ch\\\/de\\\/#website\",\"url\":\"https:\\\/\\\/shop.bantam.ch\\\/de\\\/\",\"name\":\"Bantam Camping AG\",\"description\":\"\",\"publisher\":{\"@id\":\"https:\\\/\\\/shop.bantam.ch\\\/de\\\/#organization\"},\"inLanguage\":\"de\"},{\"@type\":\"Organization\",\"@id\":\"https:\\\/\\\/shop.bantam.ch\\\/de\\\/#organization\",\"name\":\"Bantam Camping AG\",\"url\":\"https:\\\/\\\/shop.bantam.ch\\\/de\\\/\",\"logo\":{\"@type\":\"ImageObject\",\"inLanguage\":\"de\",\"@id\":\"https:\\\/\\\/shop.bantam.ch\\\/de\\\/#\\\/schema\\\/logo\\\/image\\\/\",\"url\":\"https:\\\/\\\/shop.bantam.ch\\\/wp-content\\\/uploads\\\/2022\\\/12\\\/bantam-logo.png\",\"contentUrl\":\"https:\\\/\\\/shop.bantam.ch\\\/wp-content\\\/uploads\\\/2022\\\/12\\\/bantam-logo.png\",\"width\":320,\"height\":71,\"caption\":\"Bantam Camping AG\"},\"image\":{\"@id\":\"https:\\\/\\\/shop.bantam.ch\\\/de\\\/#\\\/schema\\\/logo\\\/image\\\/\"}}]}<\/script>\n<!-- \/ Yoast SEO plugin. -->","yoast_head_json":{"title":"Anti-Schlupf wei\u00df - Bantam Camping AG","robots":{"index":"index","follow":"follow","max-snippet":"max-snippet:-1","max-image-preview":"max-image-preview:large","max-video-preview":"max-video-preview:-1"},"canonical":"https:\/\/shop.bantam.ch\/de\/produkt\/anti-schlupf-weiss\/","og_locale":"de_DE","og_type":"article","og_title":"Anti-Schlupf wei\u00df - Bantam Camping AG","og_description":"Der Anti-Schlupf ist die perfekte Erg\u00e4nzung f\u00fcr alle, die das Beste aus ihrer Clesana C1 herausholen m\u00f6chten. Er verhindert ungewollten Folienverbrauch, maximiert die Beutelanzahl und bietet eine einfache und nachhaltige L\u00f6sung f\u00fcr etwaig auftretenden Schlupf. Vorteile auf einen Blick: Effiziente Nutzung des Liners: Der Anti-Schlupf verhindert, dass Folie ungewollt abgezogen wird. Dadurch bleibt der Beutel [&hellip;]","og_url":"https:\/\/shop.bantam.ch\/de\/produkt\/anti-schlupf-weiss\/","og_site_name":"Bantam Camping AG","article_modified_time":"2026-04-23T21:48:26+00:00","twitter_card":"summary_large_image","twitter_misc":{"Gesch\u00e4tzte Lesezeit":"1\u00a0Minute"},"schema":{"@context":"https:\/\/schema.org","@graph":[{"@type":"WebPage","@id":"https:\/\/shop.bantam.ch\/de\/produkt\/anti-schlupf-weiss\/","url":"https:\/\/shop.bantam.ch\/de\/produkt\/anti-schlupf-weiss\/","name":"Anti-Schlupf wei\u00df - Bantam Camping AG","isPartOf":{"@id":"https:\/\/shop.bantam.ch\/de\/#website"},"primaryImageOfPage":{"@id":"https:\/\/shop.bantam.ch\/de\/produkt\/anti-schlupf-weiss\/#primaryimage"},"image":{"@id":"https:\/\/shop.bantam.ch\/de\/produkt\/anti-schlupf-weiss\/#primaryimage"},"thumbnailUrl":"https:\/\/shop.bantam.ch\/wp-content\/uploads\/2026\/01\/Movera-L-9966337100.jpg","datePublished":"2026-01-06T14:30:44+00:00","dateModified":"2026-04-23T21:48:26+00:00","breadcrumb":{"@id":"https:\/\/shop.bantam.ch\/de\/produkt\/anti-schlupf-weiss\/#breadcrumb"},"inLanguage":"de","potentialAction":[{"@type":"ReadAction","target":["https:\/\/shop.bantam.ch\/de\/produkt\/anti-schlupf-weiss\/"]}]},{"@type":"ImageObject","inLanguage":"de","@id":"https:\/\/shop.bantam.ch\/de\/produkt\/anti-schlupf-weiss\/#primaryimage","url":"https:\/\/shop.bantam.ch\/wp-content\/uploads\/2026\/01\/Movera-L-9966337100.jpg","contentUrl":"https:\/\/shop.bantam.ch\/wp-content\/uploads\/2026\/01\/Movera-L-9966337100.jpg","width":640,"height":640},{"@type":"BreadcrumbList","@id":"https:\/\/shop.bantam.ch\/de\/produkt\/anti-schlupf-weiss\/#breadcrumb","itemListElement":[{"@type":"ListItem","position":1,"name":"Accueil","item":"https:\/\/shop.bantam.ch\/de\/"},{"@type":"ListItem","position":2,"name":"Shop","item":"https:\/\/shop.bantam.ch\/de\/shop\/"},{"@type":"ListItem","position":3,"name":"Anti-Schlupf wei\u00df"}]},{"@type":"WebSite","@id":"https:\/\/shop.bantam.ch\/de\/#website","url":"https:\/\/shop.bantam.ch\/de\/","name":"Bantam Camping AG","description":"","publisher":{"@id":"https:\/\/shop.bantam.ch\/de\/#organization"},"inLanguage":"de"},{"@type":"Organization","@id":"https:\/\/shop.bantam.ch\/de\/#organization","name":"Bantam Camping AG","url":"https:\/\/shop.bantam.ch\/de\/","logo":{"@type":"ImageObject","inLanguage":"de","@id":"https:\/\/shop.bantam.ch\/de\/#\/schema\/logo\/image\/","url":"https:\/\/shop.bantam.ch\/wp-content\/uploads\/2022\/12\/bantam-logo.png","contentUrl":"https:\/\/shop.bantam.ch\/wp-content\/uploads\/2022\/12\/bantam-logo.png","width":320,"height":71,"caption":"Bantam Camping AG"},"image":{"@id":"https:\/\/shop.bantam.ch\/de\/#\/schema\/logo\/image\/"}}]}},"_links":{"self":[{"href":"https:\/\/shop.bantam.ch\/de\/wp-json\/wp\/v2\/product\/227608","targetHints":{"allow":["GET"]}}],"collection":[{"href":"https:\/\/shop.bantam.ch\/de\/wp-json\/wp\/v2\/product"}],"about":[{"href":"https:\/\/shop.bantam.ch\/de\/wp-json\/wp\/v2\/types\/product"}],"wp:featuredmedia":[{"embeddable":true,"href":"https:\/\/shop.bantam.ch\/de\/wp-json\/wp\/v2\/media\/227604"}],"wp:attachment":[{"href":"https:\/\/shop.bantam.ch\/de\/wp-json\/wp\/v2\/media?parent=227608"}],"wp:term":[{"taxonomy":"product_featured_cat","embeddable":true,"href":"https:\/\/shop.bantam.ch\/de\/wp-json\/wp\/v2\/product_featured_cat?post=227608"},{"taxonomy":"product_brand","embeddable":true,"href":"https:\/\/shop.bantam.ch\/de\/wp-json\/wp\/v2\/product_brand?post=227608"},{"taxonomy":"product_cat","embeddable":true,"href":"https:\/\/shop.bantam.ch\/de\/wp-json\/wp\/v2\/product_cat?post=227608"},{"taxonomy":"product_tag","embeddable":true,"href":"https:\/\/shop.bantam.ch\/de\/wp-json\/wp\/v2\/product_tag?post=227608"}],"curies":[{"name":"wp","href":"https:\/\/api.w.org\/{rel}","templated":true}]}}