{"id":227601,"date":"2026-01-06T15:29:33","date_gmt":"2026-01-06T14:29:33","guid":{"rendered":"https:\/\/shop.bantam.ch\/produit\/solarmodul-light-flat-sm-lfs-130-w\/"},"modified":"2026-04-18T02:21:34","modified_gmt":"2026-04-18T00:21:34","slug":"solarmodul-light-flat-sm-lfs-130-w","status":"publish","type":"product","link":"https:\/\/shop.bantam.ch\/de\/produkt\/solarmodul-light-flat-sm-lfs-130-w\/","title":{"rendered":"Solarmodul Light &amp; Flat SM-LFS 130 W"},"content":{"rendered":"<p>Dieses ultrad\u00fcnne, ultraleichte 130-Watt-Solarpanel der Light &amp; Flat-Serie ist ideal f\u00fcr den Einsatz auf Kastenwagen, Microvans oder Hochd\u00e4chern, bei denen die Installationsh\u00f6he so niedrig wie m\u00f6glich sein muss. Das Solarpanel wird direkt auf das Dach des Fahrzeugs geklebt. Leistungsstarke Solarzellen garantieren eine solide Solarleistung.<\/p>\n<p>Lieferumfang:<br \/>\nInklusive 4 m fest am Modul verbundenen Anschlusskabel<\/p>\n","protected":false},"excerpt":{"rendered":"<p>Dieses ultrad\u00fcnne, ultraleichte 130-Watt-Solarpanel der Light &amp; Flat-Serie ist ideal f\u00fcr den Einsatz auf Kastenwagen, Microvans oder Hochd\u00e4chern, bei denen die Installationsh\u00f6he so niedrig wie m\u00f6glich sein muss. Das Solarpanel wird direkt auf das Dach des Fahrzeugs geklebt. Leistungsstarke Solarzellen garantieren eine solide Solarleistung. Lieferumfang: Inklusive 4 m fest am Modul verbundenen Anschlusskabel<\/p>\n","protected":false},"featured_media":227594,"template":"","meta":{"_acf_changed":false},"product_featured_cat":[],"product_brand":[],"product_cat":[4884],"product_tag":[],"class_list":{"0":"post-227601","1":"product","2":"type-product","3":"status-publish","4":"has-post-thumbnail","6":"product_cat-solarmodule","8":"first","9":"instock","10":"taxable","11":"shipping-taxable","12":"purchasable","13":"product-type-variable"},"acf":[],"yoast_head":"<!-- This site is optimized with the Yoast SEO plugin v27.4 - https:\/\/yoast.com\/product\/yoast-seo-wordpress\/ -->\n<title>Solarmodul Light &amp; Flat SM-LFS 130 W - Bantam Camping AG<\/title>\n<meta name=\"robots\" content=\"index, follow, max-snippet:-1, max-image-preview:large, max-video-preview:-1\" \/>\n<link rel=\"canonical\" href=\"https:\/\/shop.bantam.ch\/de\/produkt\/solarmodul-light-flat-sm-lfs-130-w\/\" \/>\n<meta property=\"og:locale\" content=\"de_DE\" \/>\n<meta property=\"og:type\" content=\"article\" \/>\n<meta property=\"og:title\" content=\"Solarmodul Light &amp; Flat SM-LFS 130 W - Bantam Camping AG\" \/>\n<meta property=\"og:description\" content=\"Dieses ultrad\u00fcnne, ultraleichte 130-Watt-Solarpanel der Light &amp; Flat-Serie ist ideal f\u00fcr den Einsatz auf Kastenwagen, Microvans oder Hochd\u00e4chern, bei denen die Installationsh\u00f6he so niedrig wie m\u00f6glich sein muss. Das Solarpanel wird direkt auf das Dach des Fahrzeugs geklebt. Leistungsstarke Solarzellen garantieren eine solide Solarleistung. Lieferumfang: Inklusive 4 m fest am Modul verbundenen Anschlusskabel\" \/>\n<meta property=\"og:url\" content=\"https:\/\/shop.bantam.ch\/de\/produkt\/solarmodul-light-flat-sm-lfs-130-w\/\" \/>\n<meta property=\"og:site_name\" content=\"Bantam Camping AG\" \/>\n<meta property=\"article:modified_time\" content=\"2026-04-18T00:21:34+00:00\" \/>\n<meta name=\"twitter:card\" content=\"summary_large_image\" \/>\n<script type=\"application\/ld+json\" class=\"yoast-schema-graph\">{\"@context\":\"https:\\\/\\\/schema.org\",\"@graph\":[{\"@type\":\"WebPage\",\"@id\":\"https:\\\/\\\/shop.bantam.ch\\\/de\\\/produkt\\\/solarmodul-light-flat-sm-lfs-130-w\\\/\",\"url\":\"https:\\\/\\\/shop.bantam.ch\\\/de\\\/produkt\\\/solarmodul-light-flat-sm-lfs-130-w\\\/\",\"name\":\"Solarmodul Light &amp; Flat SM-LFS 130 W - Bantam Camping AG\",\"isPartOf\":{\"@id\":\"https:\\\/\\\/shop.bantam.ch\\\/de\\\/#website\"},\"primaryImageOfPage\":{\"@id\":\"https:\\\/\\\/shop.bantam.ch\\\/de\\\/produkt\\\/solarmodul-light-flat-sm-lfs-130-w\\\/#primaryimage\"},\"image\":{\"@id\":\"https:\\\/\\\/shop.bantam.ch\\\/de\\\/produkt\\\/solarmodul-light-flat-sm-lfs-130-w\\\/#primaryimage\"},\"thumbnailUrl\":\"https:\\\/\\\/shop.bantam.ch\\\/wp-content\\\/uploads\\\/2026\\\/01\\\/Movera-L-9960631100.jpg\",\"datePublished\":\"2026-01-06T14:29:33+00:00\",\"dateModified\":\"2026-04-18T00:21:34+00:00\",\"breadcrumb\":{\"@id\":\"https:\\\/\\\/shop.bantam.ch\\\/de\\\/produkt\\\/solarmodul-light-flat-sm-lfs-130-w\\\/#breadcrumb\"},\"inLanguage\":\"de\",\"potentialAction\":[{\"@type\":\"ReadAction\",\"target\":[\"https:\\\/\\\/shop.bantam.ch\\\/de\\\/produkt\\\/solarmodul-light-flat-sm-lfs-130-w\\\/\"]}]},{\"@type\":\"ImageObject\",\"inLanguage\":\"de\",\"@id\":\"https:\\\/\\\/shop.bantam.ch\\\/de\\\/produkt\\\/solarmodul-light-flat-sm-lfs-130-w\\\/#primaryimage\",\"url\":\"https:\\\/\\\/shop.bantam.ch\\\/wp-content\\\/uploads\\\/2026\\\/01\\\/Movera-L-9960631100.jpg\",\"contentUrl\":\"https:\\\/\\\/shop.bantam.ch\\\/wp-content\\\/uploads\\\/2026\\\/01\\\/Movera-L-9960631100.jpg\",\"width\":640,\"height\":222},{\"@type\":\"BreadcrumbList\",\"@id\":\"https:\\\/\\\/shop.bantam.ch\\\/de\\\/produkt\\\/solarmodul-light-flat-sm-lfs-130-w\\\/#breadcrumb\",\"itemListElement\":[{\"@type\":\"ListItem\",\"position\":1,\"name\":\"Accueil\",\"item\":\"https:\\\/\\\/shop.bantam.ch\\\/de\\\/\"},{\"@type\":\"ListItem\",\"position\":2,\"name\":\"Shop\",\"item\":\"https:\\\/\\\/shop.bantam.ch\\\/de\\\/shop\\\/\"},{\"@type\":\"ListItem\",\"position\":3,\"name\":\"Solarmodul Light &amp; Flat SM-LFS 130 W\"}]},{\"@type\":\"WebSite\",\"@id\":\"https:\\\/\\\/shop.bantam.ch\\\/de\\\/#website\",\"url\":\"https:\\\/\\\/shop.bantam.ch\\\/de\\\/\",\"name\":\"Bantam Camping AG\",\"description\":\"\",\"publisher\":{\"@id\":\"https:\\\/\\\/shop.bantam.ch\\\/de\\\/#organization\"},\"inLanguage\":\"de\"},{\"@type\":\"Organization\",\"@id\":\"https:\\\/\\\/shop.bantam.ch\\\/de\\\/#organization\",\"name\":\"Bantam Camping AG\",\"url\":\"https:\\\/\\\/shop.bantam.ch\\\/de\\\/\",\"logo\":{\"@type\":\"ImageObject\",\"inLanguage\":\"de\",\"@id\":\"https:\\\/\\\/shop.bantam.ch\\\/de\\\/#\\\/schema\\\/logo\\\/image\\\/\",\"url\":\"https:\\\/\\\/shop.bantam.ch\\\/wp-content\\\/uploads\\\/2022\\\/12\\\/bantam-logo.png\",\"contentUrl\":\"https:\\\/\\\/shop.bantam.ch\\\/wp-content\\\/uploads\\\/2022\\\/12\\\/bantam-logo.png\",\"width\":320,\"height\":71,\"caption\":\"Bantam Camping AG\"},\"image\":{\"@id\":\"https:\\\/\\\/shop.bantam.ch\\\/de\\\/#\\\/schema\\\/logo\\\/image\\\/\"}}]}<\/script>\n<!-- \/ Yoast SEO plugin. -->","yoast_head_json":{"title":"Solarmodul Light &amp; Flat SM-LFS 130 W - Bantam Camping AG","robots":{"index":"index","follow":"follow","max-snippet":"max-snippet:-1","max-image-preview":"max-image-preview:large","max-video-preview":"max-video-preview:-1"},"canonical":"https:\/\/shop.bantam.ch\/de\/produkt\/solarmodul-light-flat-sm-lfs-130-w\/","og_locale":"de_DE","og_type":"article","og_title":"Solarmodul Light &amp; Flat SM-LFS 130 W - Bantam Camping AG","og_description":"Dieses ultrad\u00fcnne, ultraleichte 130-Watt-Solarpanel der Light &amp; Flat-Serie ist ideal f\u00fcr den Einsatz auf Kastenwagen, Microvans oder Hochd\u00e4chern, bei denen die Installationsh\u00f6he so niedrig wie m\u00f6glich sein muss. Das Solarpanel wird direkt auf das Dach des Fahrzeugs geklebt. Leistungsstarke Solarzellen garantieren eine solide Solarleistung. Lieferumfang: Inklusive 4 m fest am Modul verbundenen Anschlusskabel","og_url":"https:\/\/shop.bantam.ch\/de\/produkt\/solarmodul-light-flat-sm-lfs-130-w\/","og_site_name":"Bantam Camping AG","article_modified_time":"2026-04-18T00:21:34+00:00","twitter_card":"summary_large_image","schema":{"@context":"https:\/\/schema.org","@graph":[{"@type":"WebPage","@id":"https:\/\/shop.bantam.ch\/de\/produkt\/solarmodul-light-flat-sm-lfs-130-w\/","url":"https:\/\/shop.bantam.ch\/de\/produkt\/solarmodul-light-flat-sm-lfs-130-w\/","name":"Solarmodul Light &amp; Flat SM-LFS 130 W - Bantam Camping AG","isPartOf":{"@id":"https:\/\/shop.bantam.ch\/de\/#website"},"primaryImageOfPage":{"@id":"https:\/\/shop.bantam.ch\/de\/produkt\/solarmodul-light-flat-sm-lfs-130-w\/#primaryimage"},"image":{"@id":"https:\/\/shop.bantam.ch\/de\/produkt\/solarmodul-light-flat-sm-lfs-130-w\/#primaryimage"},"thumbnailUrl":"https:\/\/shop.bantam.ch\/wp-content\/uploads\/2026\/01\/Movera-L-9960631100.jpg","datePublished":"2026-01-06T14:29:33+00:00","dateModified":"2026-04-18T00:21:34+00:00","breadcrumb":{"@id":"https:\/\/shop.bantam.ch\/de\/produkt\/solarmodul-light-flat-sm-lfs-130-w\/#breadcrumb"},"inLanguage":"de","potentialAction":[{"@type":"ReadAction","target":["https:\/\/shop.bantam.ch\/de\/produkt\/solarmodul-light-flat-sm-lfs-130-w\/"]}]},{"@type":"ImageObject","inLanguage":"de","@id":"https:\/\/shop.bantam.ch\/de\/produkt\/solarmodul-light-flat-sm-lfs-130-w\/#primaryimage","url":"https:\/\/shop.bantam.ch\/wp-content\/uploads\/2026\/01\/Movera-L-9960631100.jpg","contentUrl":"https:\/\/shop.bantam.ch\/wp-content\/uploads\/2026\/01\/Movera-L-9960631100.jpg","width":640,"height":222},{"@type":"BreadcrumbList","@id":"https:\/\/shop.bantam.ch\/de\/produkt\/solarmodul-light-flat-sm-lfs-130-w\/#breadcrumb","itemListElement":[{"@type":"ListItem","position":1,"name":"Accueil","item":"https:\/\/shop.bantam.ch\/de\/"},{"@type":"ListItem","position":2,"name":"Shop","item":"https:\/\/shop.bantam.ch\/de\/shop\/"},{"@type":"ListItem","position":3,"name":"Solarmodul Light &amp; Flat SM-LFS 130 W"}]},{"@type":"WebSite","@id":"https:\/\/shop.bantam.ch\/de\/#website","url":"https:\/\/shop.bantam.ch\/de\/","name":"Bantam Camping AG","description":"","publisher":{"@id":"https:\/\/shop.bantam.ch\/de\/#organization"},"inLanguage":"de"},{"@type":"Organization","@id":"https:\/\/shop.bantam.ch\/de\/#organization","name":"Bantam Camping AG","url":"https:\/\/shop.bantam.ch\/de\/","logo":{"@type":"ImageObject","inLanguage":"de","@id":"https:\/\/shop.bantam.ch\/de\/#\/schema\/logo\/image\/","url":"https:\/\/shop.bantam.ch\/wp-content\/uploads\/2022\/12\/bantam-logo.png","contentUrl":"https:\/\/shop.bantam.ch\/wp-content\/uploads\/2022\/12\/bantam-logo.png","width":320,"height":71,"caption":"Bantam Camping AG"},"image":{"@id":"https:\/\/shop.bantam.ch\/de\/#\/schema\/logo\/image\/"}}]}},"_links":{"self":[{"href":"https:\/\/shop.bantam.ch\/de\/wp-json\/wp\/v2\/product\/227601","targetHints":{"allow":["GET"]}}],"collection":[{"href":"https:\/\/shop.bantam.ch\/de\/wp-json\/wp\/v2\/product"}],"about":[{"href":"https:\/\/shop.bantam.ch\/de\/wp-json\/wp\/v2\/types\/product"}],"wp:featuredmedia":[{"embeddable":true,"href":"https:\/\/shop.bantam.ch\/de\/wp-json\/wp\/v2\/media\/227594"}],"wp:attachment":[{"href":"https:\/\/shop.bantam.ch\/de\/wp-json\/wp\/v2\/media?parent=227601"}],"wp:term":[{"taxonomy":"product_featured_cat","embeddable":true,"href":"https:\/\/shop.bantam.ch\/de\/wp-json\/wp\/v2\/product_featured_cat?post=227601"},{"taxonomy":"product_brand","embeddable":true,"href":"https:\/\/shop.bantam.ch\/de\/wp-json\/wp\/v2\/product_brand?post=227601"},{"taxonomy":"product_cat","embeddable":true,"href":"https:\/\/shop.bantam.ch\/de\/wp-json\/wp\/v2\/product_cat?post=227601"},{"taxonomy":"product_tag","embeddable":true,"href":"https:\/\/shop.bantam.ch\/de\/wp-json\/wp\/v2\/product_tag?post=227601"}],"curies":[{"name":"wp","href":"https:\/\/api.w.org\/{rel}","templated":true}]}}