{"id":227576,"date":"2026-01-06T15:28:53","date_gmt":"2026-01-06T14:28:53","guid":{"rendered":"https:\/\/shop.bantam.ch\/produit\/batterie-professional-agm-la-95-95-ah-k20\/"},"modified":"2026-04-17T23:47:19","modified_gmt":"2026-04-17T21:47:19","slug":"batterie-professional-agm-la-95-95-ah-k20","status":"publish","type":"product","link":"https:\/\/shop.bantam.ch\/de\/produkt\/batterie-professional-agm-la-95-95-ah-k20\/","title":{"rendered":"Batterie Professional AGM LA 95 95 Ah K20"},"content":{"rendered":"<p>Blei-S\u00e4ure Batterie der Spitzenklasse mit 3 &#8211; 4 facher Zyklenfestigkeit gegen\u00fcber herk\u00f6mmlichen Batterien. Zuverl\u00e4ssiger Energielieferant f\u00fcr Ihr Reisemobil und Caravan. Geeignet auch f\u00fcr Dual Power zum Starten und Versorgen (z. B. Caravanrangierantrieb und Beleuchtung). Hohe Energienutzung durch die M\u00f6glichkeit einer schnellen Wiederaufladung. Sicherheitsventile und Wartungsfreiheit bieten eine extrem sichere Handhabung.<\/p>\n<ul>\n<li>Kapazit\u00e4t: 95 Ah<\/li>\n<li>Zyklen bei 50% DOD: 400<\/li>\n<li>Endpolart: 1 (normale Rundpole)<\/li>\n<li>Schaltung: 0 (Pluspol rechts)<\/li>\n<li>Wartungsfrei nach EN: ja<\/li>\n<li>Empfohlener Ladestrom: 9,5 A<\/li>\n<li>Max. Ladespannung: 14,8 V<\/li>\n<li>Max. Ladestrom: 33,25 A<\/li>\n<\/ul>\n","protected":false},"excerpt":{"rendered":"<p>Blei-S\u00e4ure Batterie der Spitzenklasse mit 3 &#8211; 4 facher Zyklenfestigkeit gegen\u00fcber herk\u00f6mmlichen Batterien. Zuverl\u00e4ssiger Energielieferant f\u00fcr Ihr Reisemobil und Caravan. Geeignet auch f\u00fcr Dual Power zum Starten und Versorgen (z. B. Caravanrangierantrieb und Beleuchtung). Hohe Energienutzung durch die M\u00f6glichkeit einer schnellen Wiederaufladung. Sicherheitsventile und Wartungsfreiheit bieten eine extrem sichere Handhabung. Kapazit\u00e4t: 95 Ah Zyklen bei [&hellip;]<\/p>\n","protected":false},"featured_media":227574,"template":"","meta":{"_acf_changed":false},"product_featured_cat":[],"product_brand":[],"product_cat":[4904],"product_tag":[],"class_list":{"0":"post-227576","1":"product","2":"type-product","3":"status-publish","4":"has-post-thumbnail","6":"product_cat-bordbatterien","8":"first","9":"instock","10":"taxable","11":"shipping-taxable","12":"purchasable","13":"product-type-simple"},"acf":[],"yoast_head":"<!-- This site is optimized with the Yoast SEO plugin v27.4 - https:\/\/yoast.com\/product\/yoast-seo-wordpress\/ -->\n<title>Batterie Professional AGM LA 95 95 Ah K20 - Bantam Camping AG<\/title>\n<meta name=\"robots\" content=\"index, follow, max-snippet:-1, max-image-preview:large, max-video-preview:-1\" \/>\n<link rel=\"canonical\" href=\"https:\/\/shop.bantam.ch\/de\/produkt\/batterie-professional-agm-la-95-95-ah-k20\/\" \/>\n<meta property=\"og:locale\" content=\"de_DE\" \/>\n<meta property=\"og:type\" content=\"article\" \/>\n<meta property=\"og:title\" content=\"Batterie Professional AGM LA 95 95 Ah K20 - Bantam Camping AG\" \/>\n<meta property=\"og:description\" content=\"Blei-S\u00e4ure Batterie der Spitzenklasse mit 3 &#8211; 4 facher Zyklenfestigkeit gegen\u00fcber herk\u00f6mmlichen Batterien. Zuverl\u00e4ssiger Energielieferant f\u00fcr Ihr Reisemobil und Caravan. Geeignet auch f\u00fcr Dual Power zum Starten und Versorgen (z. B. Caravanrangierantrieb und Beleuchtung). Hohe Energienutzung durch die M\u00f6glichkeit einer schnellen Wiederaufladung. Sicherheitsventile und Wartungsfreiheit bieten eine extrem sichere Handhabung. Kapazit\u00e4t: 95 Ah Zyklen bei [&hellip;]\" \/>\n<meta property=\"og:url\" content=\"https:\/\/shop.bantam.ch\/de\/produkt\/batterie-professional-agm-la-95-95-ah-k20\/\" \/>\n<meta property=\"og:site_name\" content=\"Bantam Camping AG\" \/>\n<meta property=\"article:modified_time\" content=\"2026-04-17T21:47:19+00:00\" \/>\n<meta name=\"twitter:card\" content=\"summary_large_image\" \/>\n<script type=\"application\/ld+json\" class=\"yoast-schema-graph\">{\"@context\":\"https:\\\/\\\/schema.org\",\"@graph\":[{\"@type\":\"WebPage\",\"@id\":\"https:\\\/\\\/shop.bantam.ch\\\/de\\\/produkt\\\/batterie-professional-agm-la-95-95-ah-k20\\\/\",\"url\":\"https:\\\/\\\/shop.bantam.ch\\\/de\\\/produkt\\\/batterie-professional-agm-la-95-95-ah-k20\\\/\",\"name\":\"Batterie Professional AGM LA 95 95 Ah K20 - Bantam Camping AG\",\"isPartOf\":{\"@id\":\"https:\\\/\\\/shop.bantam.ch\\\/de\\\/#website\"},\"primaryImageOfPage\":{\"@id\":\"https:\\\/\\\/shop.bantam.ch\\\/de\\\/produkt\\\/batterie-professional-agm-la-95-95-ah-k20\\\/#primaryimage\"},\"image\":{\"@id\":\"https:\\\/\\\/shop.bantam.ch\\\/de\\\/produkt\\\/batterie-professional-agm-la-95-95-ah-k20\\\/#primaryimage\"},\"thumbnailUrl\":\"https:\\\/\\\/shop.bantam.ch\\\/wp-content\\\/uploads\\\/2026\\\/01\\\/Movera-L-9963508100.png\",\"datePublished\":\"2026-01-06T14:28:53+00:00\",\"dateModified\":\"2026-04-17T21:47:19+00:00\",\"breadcrumb\":{\"@id\":\"https:\\\/\\\/shop.bantam.ch\\\/de\\\/produkt\\\/batterie-professional-agm-la-95-95-ah-k20\\\/#breadcrumb\"},\"inLanguage\":\"de\",\"potentialAction\":[{\"@type\":\"ReadAction\",\"target\":[\"https:\\\/\\\/shop.bantam.ch\\\/de\\\/produkt\\\/batterie-professional-agm-la-95-95-ah-k20\\\/\"]}]},{\"@type\":\"ImageObject\",\"inLanguage\":\"de\",\"@id\":\"https:\\\/\\\/shop.bantam.ch\\\/de\\\/produkt\\\/batterie-professional-agm-la-95-95-ah-k20\\\/#primaryimage\",\"url\":\"https:\\\/\\\/shop.bantam.ch\\\/wp-content\\\/uploads\\\/2026\\\/01\\\/Movera-L-9963508100.png\",\"contentUrl\":\"https:\\\/\\\/shop.bantam.ch\\\/wp-content\\\/uploads\\\/2026\\\/01\\\/Movera-L-9963508100.png\",\"width\":640,\"height\":580},{\"@type\":\"BreadcrumbList\",\"@id\":\"https:\\\/\\\/shop.bantam.ch\\\/de\\\/produkt\\\/batterie-professional-agm-la-95-95-ah-k20\\\/#breadcrumb\",\"itemListElement\":[{\"@type\":\"ListItem\",\"position\":1,\"name\":\"Accueil\",\"item\":\"https:\\\/\\\/shop.bantam.ch\\\/de\\\/\"},{\"@type\":\"ListItem\",\"position\":2,\"name\":\"Shop\",\"item\":\"https:\\\/\\\/shop.bantam.ch\\\/de\\\/shop\\\/\"},{\"@type\":\"ListItem\",\"position\":3,\"name\":\"Batterie Professional AGM LA 95 95 Ah K20\"}]},{\"@type\":\"WebSite\",\"@id\":\"https:\\\/\\\/shop.bantam.ch\\\/de\\\/#website\",\"url\":\"https:\\\/\\\/shop.bantam.ch\\\/de\\\/\",\"name\":\"Bantam Camping AG\",\"description\":\"\",\"publisher\":{\"@id\":\"https:\\\/\\\/shop.bantam.ch\\\/de\\\/#organization\"},\"inLanguage\":\"de\"},{\"@type\":\"Organization\",\"@id\":\"https:\\\/\\\/shop.bantam.ch\\\/de\\\/#organization\",\"name\":\"Bantam Camping AG\",\"url\":\"https:\\\/\\\/shop.bantam.ch\\\/de\\\/\",\"logo\":{\"@type\":\"ImageObject\",\"inLanguage\":\"de\",\"@id\":\"https:\\\/\\\/shop.bantam.ch\\\/de\\\/#\\\/schema\\\/logo\\\/image\\\/\",\"url\":\"https:\\\/\\\/shop.bantam.ch\\\/wp-content\\\/uploads\\\/2022\\\/12\\\/bantam-logo.png\",\"contentUrl\":\"https:\\\/\\\/shop.bantam.ch\\\/wp-content\\\/uploads\\\/2022\\\/12\\\/bantam-logo.png\",\"width\":320,\"height\":71,\"caption\":\"Bantam Camping AG\"},\"image\":{\"@id\":\"https:\\\/\\\/shop.bantam.ch\\\/de\\\/#\\\/schema\\\/logo\\\/image\\\/\"}}]}<\/script>\n<!-- \/ Yoast SEO plugin. -->","yoast_head_json":{"title":"Batterie Professional AGM LA 95 95 Ah K20 - Bantam Camping AG","robots":{"index":"index","follow":"follow","max-snippet":"max-snippet:-1","max-image-preview":"max-image-preview:large","max-video-preview":"max-video-preview:-1"},"canonical":"https:\/\/shop.bantam.ch\/de\/produkt\/batterie-professional-agm-la-95-95-ah-k20\/","og_locale":"de_DE","og_type":"article","og_title":"Batterie Professional AGM LA 95 95 Ah K20 - Bantam Camping AG","og_description":"Blei-S\u00e4ure Batterie der Spitzenklasse mit 3 &#8211; 4 facher Zyklenfestigkeit gegen\u00fcber herk\u00f6mmlichen Batterien. Zuverl\u00e4ssiger Energielieferant f\u00fcr Ihr Reisemobil und Caravan. Geeignet auch f\u00fcr Dual Power zum Starten und Versorgen (z. B. Caravanrangierantrieb und Beleuchtung). Hohe Energienutzung durch die M\u00f6glichkeit einer schnellen Wiederaufladung. Sicherheitsventile und Wartungsfreiheit bieten eine extrem sichere Handhabung. Kapazit\u00e4t: 95 Ah Zyklen bei [&hellip;]","og_url":"https:\/\/shop.bantam.ch\/de\/produkt\/batterie-professional-agm-la-95-95-ah-k20\/","og_site_name":"Bantam Camping AG","article_modified_time":"2026-04-17T21:47:19+00:00","twitter_card":"summary_large_image","schema":{"@context":"https:\/\/schema.org","@graph":[{"@type":"WebPage","@id":"https:\/\/shop.bantam.ch\/de\/produkt\/batterie-professional-agm-la-95-95-ah-k20\/","url":"https:\/\/shop.bantam.ch\/de\/produkt\/batterie-professional-agm-la-95-95-ah-k20\/","name":"Batterie Professional AGM LA 95 95 Ah K20 - Bantam Camping AG","isPartOf":{"@id":"https:\/\/shop.bantam.ch\/de\/#website"},"primaryImageOfPage":{"@id":"https:\/\/shop.bantam.ch\/de\/produkt\/batterie-professional-agm-la-95-95-ah-k20\/#primaryimage"},"image":{"@id":"https:\/\/shop.bantam.ch\/de\/produkt\/batterie-professional-agm-la-95-95-ah-k20\/#primaryimage"},"thumbnailUrl":"https:\/\/shop.bantam.ch\/wp-content\/uploads\/2026\/01\/Movera-L-9963508100.png","datePublished":"2026-01-06T14:28:53+00:00","dateModified":"2026-04-17T21:47:19+00:00","breadcrumb":{"@id":"https:\/\/shop.bantam.ch\/de\/produkt\/batterie-professional-agm-la-95-95-ah-k20\/#breadcrumb"},"inLanguage":"de","potentialAction":[{"@type":"ReadAction","target":["https:\/\/shop.bantam.ch\/de\/produkt\/batterie-professional-agm-la-95-95-ah-k20\/"]}]},{"@type":"ImageObject","inLanguage":"de","@id":"https:\/\/shop.bantam.ch\/de\/produkt\/batterie-professional-agm-la-95-95-ah-k20\/#primaryimage","url":"https:\/\/shop.bantam.ch\/wp-content\/uploads\/2026\/01\/Movera-L-9963508100.png","contentUrl":"https:\/\/shop.bantam.ch\/wp-content\/uploads\/2026\/01\/Movera-L-9963508100.png","width":640,"height":580},{"@type":"BreadcrumbList","@id":"https:\/\/shop.bantam.ch\/de\/produkt\/batterie-professional-agm-la-95-95-ah-k20\/#breadcrumb","itemListElement":[{"@type":"ListItem","position":1,"name":"Accueil","item":"https:\/\/shop.bantam.ch\/de\/"},{"@type":"ListItem","position":2,"name":"Shop","item":"https:\/\/shop.bantam.ch\/de\/shop\/"},{"@type":"ListItem","position":3,"name":"Batterie Professional AGM LA 95 95 Ah K20"}]},{"@type":"WebSite","@id":"https:\/\/shop.bantam.ch\/de\/#website","url":"https:\/\/shop.bantam.ch\/de\/","name":"Bantam Camping AG","description":"","publisher":{"@id":"https:\/\/shop.bantam.ch\/de\/#organization"},"inLanguage":"de"},{"@type":"Organization","@id":"https:\/\/shop.bantam.ch\/de\/#organization","name":"Bantam Camping AG","url":"https:\/\/shop.bantam.ch\/de\/","logo":{"@type":"ImageObject","inLanguage":"de","@id":"https:\/\/shop.bantam.ch\/de\/#\/schema\/logo\/image\/","url":"https:\/\/shop.bantam.ch\/wp-content\/uploads\/2022\/12\/bantam-logo.png","contentUrl":"https:\/\/shop.bantam.ch\/wp-content\/uploads\/2022\/12\/bantam-logo.png","width":320,"height":71,"caption":"Bantam Camping AG"},"image":{"@id":"https:\/\/shop.bantam.ch\/de\/#\/schema\/logo\/image\/"}}]}},"_links":{"self":[{"href":"https:\/\/shop.bantam.ch\/de\/wp-json\/wp\/v2\/product\/227576","targetHints":{"allow":["GET"]}}],"collection":[{"href":"https:\/\/shop.bantam.ch\/de\/wp-json\/wp\/v2\/product"}],"about":[{"href":"https:\/\/shop.bantam.ch\/de\/wp-json\/wp\/v2\/types\/product"}],"wp:featuredmedia":[{"embeddable":true,"href":"https:\/\/shop.bantam.ch\/de\/wp-json\/wp\/v2\/media\/227574"}],"wp:attachment":[{"href":"https:\/\/shop.bantam.ch\/de\/wp-json\/wp\/v2\/media?parent=227576"}],"wp:term":[{"taxonomy":"product_featured_cat","embeddable":true,"href":"https:\/\/shop.bantam.ch\/de\/wp-json\/wp\/v2\/product_featured_cat?post=227576"},{"taxonomy":"product_brand","embeddable":true,"href":"https:\/\/shop.bantam.ch\/de\/wp-json\/wp\/v2\/product_brand?post=227576"},{"taxonomy":"product_cat","embeddable":true,"href":"https:\/\/shop.bantam.ch\/de\/wp-json\/wp\/v2\/product_cat?post=227576"},{"taxonomy":"product_tag","embeddable":true,"href":"https:\/\/shop.bantam.ch\/de\/wp-json\/wp\/v2\/product_tag?post=227576"}],"curies":[{"name":"wp","href":"https:\/\/api.w.org\/{rel}","templated":true}]}}