{"id":227572,"date":"2026-01-06T15:28:45","date_gmt":"2026-01-06T14:28:45","guid":{"rendered":"https:\/\/shop.bantam.ch\/produit\/stuhl-set-bloody-2-x-stuhl-roxy-1-x-tisch-variety-m\/"},"modified":"2026-04-18T23:50:55","modified_gmt":"2026-04-18T21:50:55","slug":"stuhl-set-bloody-2-x-stuhl-roxy-1-x-tisch-variety-m","status":"publish","type":"product","link":"https:\/\/shop.bantam.ch\/de\/produkt\/stuhl-set-bloody-2-x-stuhl-roxy-1-x-tisch-variety-m\/","title":{"rendered":"Stuhl Set Bloody 2 x Stuhl Roxy &amp; 1 x Tisch Variety M"},"content":{"rendered":"<p>Stuhl Set Bloody bestehend aus 2 x Stuhl Roxy &amp; 1 x Tisch Variety M&nbsp;<\/p>\n<p>ROXY ist ein universell einsetzbarer Faltstuhl mit perfekter Sitzh\u00f6he f\u00fcr Campingtische. Er bietet hohen Sitzkomfort, einen Flaschenhalter, sowie einen integrierten Flaschen\u00f6ffner. Die breiten F\u00fc\u00dfe verhindern Einsinken in weichem Untergrund, das stabile Stahlgest\u00e4nge und das hochwertige Rip-Stop Polyester erm\u00f6glichen die hohe Traglast von 120 kg.&nbsp;Packma\u00df: 97 x 23 x 23 cm (B x H x T).&nbsp;<\/p>\n<p>Material:&nbsp;<br \/>\nBezug 100 % Polyester<br \/>\nGestell Stahl<\/p>\n<p>\nVARIETY ist ein praktischer Falttisch mit kleinem Packma\u00df. Die faltbare Tischplatte l\u00e4sst sich einfach reinigen und die Beine sind stufenlos h\u00f6henverstellbar. Ein Netz bietet zus\u00e4tzliche Ablagefl\u00e4che. Das hochwertige Aluminium erm\u00f6glicht die hohe Traglast von 30 kg und einen besonders stabilen Stand auf unebenem Untergrund. Packma\u00df: 91 x 15 x 15 cm (B x H x T).<\/p>\n<p>Material:<br \/>\nGestell und Platte aus Aluminium<\/p>\n<p>\nLieferumfang:<br \/>\n2 x Stuhl Roxy<br \/>\n1 x Tisch Variety M<\/p>\n","protected":false},"excerpt":{"rendered":"<p>Stuhl Set Bloody bestehend aus 2 x Stuhl Roxy &amp; 1 x Tisch Variety M&nbsp; ROXY ist ein universell einsetzbarer Faltstuhl mit perfekter Sitzh\u00f6he f\u00fcr Campingtische. Er bietet hohen Sitzkomfort, einen Flaschenhalter, sowie einen integrierten Flaschen\u00f6ffner. Die breiten F\u00fc\u00dfe verhindern Einsinken in weichem Untergrund, das stabile Stahlgest\u00e4nge und das hochwertige Rip-Stop Polyester erm\u00f6glichen die hohe [&hellip;]<\/p>\n","protected":false},"featured_media":227562,"template":"","meta":{"_acf_changed":false},"product_featured_cat":[],"product_brand":[],"product_cat":[4972,4054],"product_tag":[],"class_list":{"0":"post-227572","1":"product","2":"type-product","3":"status-publish","4":"has-post-thumbnail","6":"product_cat-campingstuehle","7":"product_cat-campingtische","9":"first","10":"instock","11":"taxable","12":"shipping-taxable","13":"purchasable","14":"product-type-simple"},"acf":[],"yoast_head":"<!-- This site is optimized with the Yoast SEO plugin v27.4 - https:\/\/yoast.com\/product\/yoast-seo-wordpress\/ -->\n<title>Stuhl Set Bloody 2 x Stuhl Roxy &amp; 1 x Tisch Variety M - Bantam Camping AG<\/title>\n<meta name=\"robots\" content=\"index, follow, max-snippet:-1, max-image-preview:large, max-video-preview:-1\" \/>\n<link rel=\"canonical\" href=\"https:\/\/shop.bantam.ch\/de\/produkt\/stuhl-set-bloody-2-x-stuhl-roxy-1-x-tisch-variety-m\/\" \/>\n<meta property=\"og:locale\" content=\"de_DE\" \/>\n<meta property=\"og:type\" content=\"article\" \/>\n<meta property=\"og:title\" content=\"Stuhl Set Bloody 2 x Stuhl Roxy &amp; 1 x Tisch Variety M - Bantam Camping AG\" \/>\n<meta property=\"og:description\" content=\"Stuhl Set Bloody bestehend aus 2 x Stuhl Roxy &amp; 1 x Tisch Variety M&nbsp; ROXY ist ein universell einsetzbarer Faltstuhl mit perfekter Sitzh\u00f6he f\u00fcr Campingtische. Er bietet hohen Sitzkomfort, einen Flaschenhalter, sowie einen integrierten Flaschen\u00f6ffner. Die breiten F\u00fc\u00dfe verhindern Einsinken in weichem Untergrund, das stabile Stahlgest\u00e4nge und das hochwertige Rip-Stop Polyester erm\u00f6glichen die hohe [&hellip;]\" \/>\n<meta property=\"og:url\" content=\"https:\/\/shop.bantam.ch\/de\/produkt\/stuhl-set-bloody-2-x-stuhl-roxy-1-x-tisch-variety-m\/\" \/>\n<meta property=\"og:site_name\" content=\"Bantam Camping AG\" \/>\n<meta property=\"article:modified_time\" content=\"2026-04-18T21:50:55+00:00\" \/>\n<meta name=\"twitter:card\" content=\"summary_large_image\" \/>\n<meta name=\"twitter:label1\" content=\"Gesch\u00e4tzte Lesezeit\" \/>\n\t<meta name=\"twitter:data1\" content=\"1\u00a0Minute\" \/>\n<script type=\"application\/ld+json\" class=\"yoast-schema-graph\">{\"@context\":\"https:\\\/\\\/schema.org\",\"@graph\":[{\"@type\":\"WebPage\",\"@id\":\"https:\\\/\\\/shop.bantam.ch\\\/de\\\/produkt\\\/stuhl-set-bloody-2-x-stuhl-roxy-1-x-tisch-variety-m\\\/\",\"url\":\"https:\\\/\\\/shop.bantam.ch\\\/de\\\/produkt\\\/stuhl-set-bloody-2-x-stuhl-roxy-1-x-tisch-variety-m\\\/\",\"name\":\"Stuhl Set Bloody 2 x Stuhl Roxy &amp; 1 x Tisch Variety M - Bantam Camping AG\",\"isPartOf\":{\"@id\":\"https:\\\/\\\/shop.bantam.ch\\\/de\\\/#website\"},\"primaryImageOfPage\":{\"@id\":\"https:\\\/\\\/shop.bantam.ch\\\/de\\\/produkt\\\/stuhl-set-bloody-2-x-stuhl-roxy-1-x-tisch-variety-m\\\/#primaryimage\"},\"image\":{\"@id\":\"https:\\\/\\\/shop.bantam.ch\\\/de\\\/produkt\\\/stuhl-set-bloody-2-x-stuhl-roxy-1-x-tisch-variety-m\\\/#primaryimage\"},\"thumbnailUrl\":\"https:\\\/\\\/shop.bantam.ch\\\/wp-content\\\/uploads\\\/2026\\\/01\\\/Movera-L-9963507100.png\",\"datePublished\":\"2026-01-06T14:28:45+00:00\",\"dateModified\":\"2026-04-18T21:50:55+00:00\",\"breadcrumb\":{\"@id\":\"https:\\\/\\\/shop.bantam.ch\\\/de\\\/produkt\\\/stuhl-set-bloody-2-x-stuhl-roxy-1-x-tisch-variety-m\\\/#breadcrumb\"},\"inLanguage\":\"de\",\"potentialAction\":[{\"@type\":\"ReadAction\",\"target\":[\"https:\\\/\\\/shop.bantam.ch\\\/de\\\/produkt\\\/stuhl-set-bloody-2-x-stuhl-roxy-1-x-tisch-variety-m\\\/\"]}]},{\"@type\":\"ImageObject\",\"inLanguage\":\"de\",\"@id\":\"https:\\\/\\\/shop.bantam.ch\\\/de\\\/produkt\\\/stuhl-set-bloody-2-x-stuhl-roxy-1-x-tisch-variety-m\\\/#primaryimage\",\"url\":\"https:\\\/\\\/shop.bantam.ch\\\/wp-content\\\/uploads\\\/2026\\\/01\\\/Movera-L-9963507100.png\",\"contentUrl\":\"https:\\\/\\\/shop.bantam.ch\\\/wp-content\\\/uploads\\\/2026\\\/01\\\/Movera-L-9963507100.png\",\"width\":640,\"height\":640},{\"@type\":\"BreadcrumbList\",\"@id\":\"https:\\\/\\\/shop.bantam.ch\\\/de\\\/produkt\\\/stuhl-set-bloody-2-x-stuhl-roxy-1-x-tisch-variety-m\\\/#breadcrumb\",\"itemListElement\":[{\"@type\":\"ListItem\",\"position\":1,\"name\":\"Accueil\",\"item\":\"https:\\\/\\\/shop.bantam.ch\\\/de\\\/\"},{\"@type\":\"ListItem\",\"position\":2,\"name\":\"Shop\",\"item\":\"https:\\\/\\\/shop.bantam.ch\\\/de\\\/shop\\\/\"},{\"@type\":\"ListItem\",\"position\":3,\"name\":\"Stuhl Set Bloody 2 x Stuhl Roxy &amp; 1 x Tisch Variety M\"}]},{\"@type\":\"WebSite\",\"@id\":\"https:\\\/\\\/shop.bantam.ch\\\/de\\\/#website\",\"url\":\"https:\\\/\\\/shop.bantam.ch\\\/de\\\/\",\"name\":\"Bantam Camping AG\",\"description\":\"\",\"publisher\":{\"@id\":\"https:\\\/\\\/shop.bantam.ch\\\/de\\\/#organization\"},\"inLanguage\":\"de\"},{\"@type\":\"Organization\",\"@id\":\"https:\\\/\\\/shop.bantam.ch\\\/de\\\/#organization\",\"name\":\"Bantam Camping AG\",\"url\":\"https:\\\/\\\/shop.bantam.ch\\\/de\\\/\",\"logo\":{\"@type\":\"ImageObject\",\"inLanguage\":\"de\",\"@id\":\"https:\\\/\\\/shop.bantam.ch\\\/de\\\/#\\\/schema\\\/logo\\\/image\\\/\",\"url\":\"https:\\\/\\\/shop.bantam.ch\\\/wp-content\\\/uploads\\\/2022\\\/12\\\/bantam-logo.png\",\"contentUrl\":\"https:\\\/\\\/shop.bantam.ch\\\/wp-content\\\/uploads\\\/2022\\\/12\\\/bantam-logo.png\",\"width\":320,\"height\":71,\"caption\":\"Bantam Camping AG\"},\"image\":{\"@id\":\"https:\\\/\\\/shop.bantam.ch\\\/de\\\/#\\\/schema\\\/logo\\\/image\\\/\"}}]}<\/script>\n<!-- \/ Yoast SEO plugin. -->","yoast_head_json":{"title":"Stuhl Set Bloody 2 x Stuhl Roxy &amp; 1 x Tisch Variety M - Bantam Camping AG","robots":{"index":"index","follow":"follow","max-snippet":"max-snippet:-1","max-image-preview":"max-image-preview:large","max-video-preview":"max-video-preview:-1"},"canonical":"https:\/\/shop.bantam.ch\/de\/produkt\/stuhl-set-bloody-2-x-stuhl-roxy-1-x-tisch-variety-m\/","og_locale":"de_DE","og_type":"article","og_title":"Stuhl Set Bloody 2 x Stuhl Roxy &amp; 1 x Tisch Variety M - Bantam Camping AG","og_description":"Stuhl Set Bloody bestehend aus 2 x Stuhl Roxy &amp; 1 x Tisch Variety M&nbsp; ROXY ist ein universell einsetzbarer Faltstuhl mit perfekter Sitzh\u00f6he f\u00fcr Campingtische. Er bietet hohen Sitzkomfort, einen Flaschenhalter, sowie einen integrierten Flaschen\u00f6ffner. Die breiten F\u00fc\u00dfe verhindern Einsinken in weichem Untergrund, das stabile Stahlgest\u00e4nge und das hochwertige Rip-Stop Polyester erm\u00f6glichen die hohe [&hellip;]","og_url":"https:\/\/shop.bantam.ch\/de\/produkt\/stuhl-set-bloody-2-x-stuhl-roxy-1-x-tisch-variety-m\/","og_site_name":"Bantam Camping AG","article_modified_time":"2026-04-18T21:50:55+00:00","twitter_card":"summary_large_image","twitter_misc":{"Gesch\u00e4tzte Lesezeit":"1\u00a0Minute"},"schema":{"@context":"https:\/\/schema.org","@graph":[{"@type":"WebPage","@id":"https:\/\/shop.bantam.ch\/de\/produkt\/stuhl-set-bloody-2-x-stuhl-roxy-1-x-tisch-variety-m\/","url":"https:\/\/shop.bantam.ch\/de\/produkt\/stuhl-set-bloody-2-x-stuhl-roxy-1-x-tisch-variety-m\/","name":"Stuhl Set Bloody 2 x Stuhl Roxy &amp; 1 x Tisch Variety M - Bantam Camping AG","isPartOf":{"@id":"https:\/\/shop.bantam.ch\/de\/#website"},"primaryImageOfPage":{"@id":"https:\/\/shop.bantam.ch\/de\/produkt\/stuhl-set-bloody-2-x-stuhl-roxy-1-x-tisch-variety-m\/#primaryimage"},"image":{"@id":"https:\/\/shop.bantam.ch\/de\/produkt\/stuhl-set-bloody-2-x-stuhl-roxy-1-x-tisch-variety-m\/#primaryimage"},"thumbnailUrl":"https:\/\/shop.bantam.ch\/wp-content\/uploads\/2026\/01\/Movera-L-9963507100.png","datePublished":"2026-01-06T14:28:45+00:00","dateModified":"2026-04-18T21:50:55+00:00","breadcrumb":{"@id":"https:\/\/shop.bantam.ch\/de\/produkt\/stuhl-set-bloody-2-x-stuhl-roxy-1-x-tisch-variety-m\/#breadcrumb"},"inLanguage":"de","potentialAction":[{"@type":"ReadAction","target":["https:\/\/shop.bantam.ch\/de\/produkt\/stuhl-set-bloody-2-x-stuhl-roxy-1-x-tisch-variety-m\/"]}]},{"@type":"ImageObject","inLanguage":"de","@id":"https:\/\/shop.bantam.ch\/de\/produkt\/stuhl-set-bloody-2-x-stuhl-roxy-1-x-tisch-variety-m\/#primaryimage","url":"https:\/\/shop.bantam.ch\/wp-content\/uploads\/2026\/01\/Movera-L-9963507100.png","contentUrl":"https:\/\/shop.bantam.ch\/wp-content\/uploads\/2026\/01\/Movera-L-9963507100.png","width":640,"height":640},{"@type":"BreadcrumbList","@id":"https:\/\/shop.bantam.ch\/de\/produkt\/stuhl-set-bloody-2-x-stuhl-roxy-1-x-tisch-variety-m\/#breadcrumb","itemListElement":[{"@type":"ListItem","position":1,"name":"Accueil","item":"https:\/\/shop.bantam.ch\/de\/"},{"@type":"ListItem","position":2,"name":"Shop","item":"https:\/\/shop.bantam.ch\/de\/shop\/"},{"@type":"ListItem","position":3,"name":"Stuhl Set Bloody 2 x Stuhl Roxy &amp; 1 x Tisch Variety M"}]},{"@type":"WebSite","@id":"https:\/\/shop.bantam.ch\/de\/#website","url":"https:\/\/shop.bantam.ch\/de\/","name":"Bantam Camping AG","description":"","publisher":{"@id":"https:\/\/shop.bantam.ch\/de\/#organization"},"inLanguage":"de"},{"@type":"Organization","@id":"https:\/\/shop.bantam.ch\/de\/#organization","name":"Bantam Camping AG","url":"https:\/\/shop.bantam.ch\/de\/","logo":{"@type":"ImageObject","inLanguage":"de","@id":"https:\/\/shop.bantam.ch\/de\/#\/schema\/logo\/image\/","url":"https:\/\/shop.bantam.ch\/wp-content\/uploads\/2022\/12\/bantam-logo.png","contentUrl":"https:\/\/shop.bantam.ch\/wp-content\/uploads\/2022\/12\/bantam-logo.png","width":320,"height":71,"caption":"Bantam Camping AG"},"image":{"@id":"https:\/\/shop.bantam.ch\/de\/#\/schema\/logo\/image\/"}}]}},"_links":{"self":[{"href":"https:\/\/shop.bantam.ch\/de\/wp-json\/wp\/v2\/product\/227572","targetHints":{"allow":["GET"]}}],"collection":[{"href":"https:\/\/shop.bantam.ch\/de\/wp-json\/wp\/v2\/product"}],"about":[{"href":"https:\/\/shop.bantam.ch\/de\/wp-json\/wp\/v2\/types\/product"}],"wp:featuredmedia":[{"embeddable":true,"href":"https:\/\/shop.bantam.ch\/de\/wp-json\/wp\/v2\/media\/227562"}],"wp:attachment":[{"href":"https:\/\/shop.bantam.ch\/de\/wp-json\/wp\/v2\/media?parent=227572"}],"wp:term":[{"taxonomy":"product_featured_cat","embeddable":true,"href":"https:\/\/shop.bantam.ch\/de\/wp-json\/wp\/v2\/product_featured_cat?post=227572"},{"taxonomy":"product_brand","embeddable":true,"href":"https:\/\/shop.bantam.ch\/de\/wp-json\/wp\/v2\/product_brand?post=227572"},{"taxonomy":"product_cat","embeddable":true,"href":"https:\/\/shop.bantam.ch\/de\/wp-json\/wp\/v2\/product_cat?post=227572"},{"taxonomy":"product_tag","embeddable":true,"href":"https:\/\/shop.bantam.ch\/de\/wp-json\/wp\/v2\/product_tag?post=227572"}],"curies":[{"name":"wp","href":"https:\/\/api.w.org\/{rel}","templated":true}]}}