{"id":227559,"date":"2026-01-06T15:28:24","date_gmt":"2026-01-06T14:28:24","guid":{"rendered":"https:\/\/shop.bantam.ch\/produit\/led-regenrinne-dometic-rt200\/"},"modified":"2026-05-02T02:16:42","modified_gmt":"2026-05-02T00:16:42","slug":"led-regenrinne-dometic-rt200","status":"publish","type":"product","link":"https:\/\/shop.bantam.ch\/de\/produkt\/led-regenrinne-dometic-rt200\/","title":{"rendered":"LED Regenrinne Dometic RT200"},"content":{"rendered":"<p>Kommt Ihnen das bekannt vor? Jedes Mal, wenn Sie an einem Regentag die Schiebet\u00fcr Ihres Wohnmobils \u00f6ffnen, kommt Ihnen ein Schwall Wasser entgegen. W\u00e4re es nicht sinnvoll, dieses \u00c4rgernis durch eine simple Nachr\u00fcstung zu beseitigen? Die Dometic RainTec RT 200 verhindert, dass Wasser in Ihr Fahrzeug (oder auf Sie) l\u00e4uft. Sie dient au\u00dferdem als Au\u00dfenbeleuchtung Ein Dimmschalter und eine praktische Fernbedienung sind im Lieferumfang enthalten.<\/p>\n<p>Eigenschaften:<\/p>\n<ul>\n<li>Verhindert das Eindringen von Regen bei ge\u00f6ffneter Schiebet\u00fcr<\/li>\n<li>Pulverbeschichtetes Aluminiumprofil \u2013 langlebig und&nbsp;witterungsbest\u00e4ndig<\/li>\n<li>Beleuchtet den Raum neben dem Fahrzeug mit dimmbaren,&nbsp;warmwei\u00dfen LEDs (3000K)<\/li>\n<li>Hochwertige COB-LEDs erzeugen ein kontinuierliches Lichtband&nbsp;anstelle einzelner Lichtpunkte<\/li>\n<li>Neueste LED-Technik mit einer Lebensdauer von 50.000 Stunden<\/li>\n<\/ul>\n","protected":false},"excerpt":{"rendered":"<p>Kommt Ihnen das bekannt vor? Jedes Mal, wenn Sie an einem Regentag die Schiebet\u00fcr Ihres Wohnmobils \u00f6ffnen, kommt Ihnen ein Schwall Wasser entgegen. W\u00e4re es nicht sinnvoll, dieses \u00c4rgernis durch eine simple Nachr\u00fcstung zu beseitigen? Die Dometic RainTec RT 200 verhindert, dass Wasser in Ihr Fahrzeug (oder auf Sie) l\u00e4uft. Sie dient au\u00dferdem als Au\u00dfenbeleuchtung [&hellip;]<\/p>\n","protected":false},"featured_media":227552,"template":"","meta":{"_acf_changed":false},"product_featured_cat":[],"product_brand":[],"product_cat":[4186],"product_tag":[],"class_list":{"0":"post-227559","1":"product","2":"type-product","3":"status-publish","4":"has-post-thumbnail","6":"product_cat-beleuchtung","8":"first","9":"instock","10":"taxable","11":"shipping-taxable","12":"purchasable","13":"product-type-variable"},"acf":[],"yoast_head":"<!-- This site is optimized with the Yoast SEO plugin v27.5 - https:\/\/yoast.com\/product\/yoast-seo-wordpress\/ -->\n<title>LED Regenrinne Dometic RT200 - Bantam<\/title>\n<meta name=\"robots\" content=\"index, follow, max-snippet:-1, max-image-preview:large, max-video-preview:-1\" \/>\n<link rel=\"canonical\" href=\"https:\/\/shop.bantam.ch\/de\/produkt\/led-regenrinne-dometic-rt200\/\" \/>\n<meta property=\"og:locale\" content=\"de_DE\" \/>\n<meta property=\"og:type\" content=\"article\" \/>\n<meta property=\"og:title\" content=\"LED Regenrinne Dometic RT200 - Bantam\" \/>\n<meta property=\"og:description\" content=\"Kommt Ihnen das bekannt vor? Jedes Mal, wenn Sie an einem Regentag die Schiebet\u00fcr Ihres Wohnmobils \u00f6ffnen, kommt Ihnen ein Schwall Wasser entgegen. W\u00e4re es nicht sinnvoll, dieses \u00c4rgernis durch eine simple Nachr\u00fcstung zu beseitigen? Die Dometic RainTec RT 200 verhindert, dass Wasser in Ihr Fahrzeug (oder auf Sie) l\u00e4uft. Sie dient au\u00dferdem als Au\u00dfenbeleuchtung [&hellip;]\" \/>\n<meta property=\"og:url\" content=\"https:\/\/shop.bantam.ch\/de\/produkt\/led-regenrinne-dometic-rt200\/\" \/>\n<meta property=\"og:site_name\" content=\"Bantam\" \/>\n<meta property=\"article:modified_time\" content=\"2026-05-02T00:16:42+00:00\" \/>\n<meta name=\"twitter:card\" content=\"summary_large_image\" \/>\n<meta name=\"twitter:label1\" content=\"Gesch\u00e4tzte Lesezeit\" \/>\n\t<meta name=\"twitter:data1\" content=\"1\u00a0Minute\" \/>\n<script type=\"application\/ld+json\" class=\"yoast-schema-graph\">{\"@context\":\"https:\\\/\\\/schema.org\",\"@graph\":[{\"@type\":\"WebPage\",\"@id\":\"https:\\\/\\\/shop.bantam.ch\\\/de\\\/produkt\\\/led-regenrinne-dometic-rt200\\\/\",\"url\":\"https:\\\/\\\/shop.bantam.ch\\\/de\\\/produkt\\\/led-regenrinne-dometic-rt200\\\/\",\"name\":\"LED Regenrinne Dometic RT200 - Bantam\",\"isPartOf\":{\"@id\":\"https:\\\/\\\/shop.bantam.ch\\\/de\\\/#website\"},\"primaryImageOfPage\":{\"@id\":\"https:\\\/\\\/shop.bantam.ch\\\/de\\\/produkt\\\/led-regenrinne-dometic-rt200\\\/#primaryimage\"},\"image\":{\"@id\":\"https:\\\/\\\/shop.bantam.ch\\\/de\\\/produkt\\\/led-regenrinne-dometic-rt200\\\/#primaryimage\"},\"thumbnailUrl\":\"https:\\\/\\\/shop.bantam.ch\\\/wp-content\\\/uploads\\\/2026\\\/01\\\/Movera-L-9963469100.jpg\",\"datePublished\":\"2026-01-06T14:28:24+00:00\",\"dateModified\":\"2026-05-02T00:16:42+00:00\",\"breadcrumb\":{\"@id\":\"https:\\\/\\\/shop.bantam.ch\\\/de\\\/produkt\\\/led-regenrinne-dometic-rt200\\\/#breadcrumb\"},\"inLanguage\":\"de\",\"potentialAction\":[{\"@type\":\"ReadAction\",\"target\":[\"https:\\\/\\\/shop.bantam.ch\\\/de\\\/produkt\\\/led-regenrinne-dometic-rt200\\\/\"]}]},{\"@type\":\"ImageObject\",\"inLanguage\":\"de\",\"@id\":\"https:\\\/\\\/shop.bantam.ch\\\/de\\\/produkt\\\/led-regenrinne-dometic-rt200\\\/#primaryimage\",\"url\":\"https:\\\/\\\/shop.bantam.ch\\\/wp-content\\\/uploads\\\/2026\\\/01\\\/Movera-L-9963469100.jpg\",\"contentUrl\":\"https:\\\/\\\/shop.bantam.ch\\\/wp-content\\\/uploads\\\/2026\\\/01\\\/Movera-L-9963469100.jpg\",\"width\":640,\"height\":640},{\"@type\":\"BreadcrumbList\",\"@id\":\"https:\\\/\\\/shop.bantam.ch\\\/de\\\/produkt\\\/led-regenrinne-dometic-rt200\\\/#breadcrumb\",\"itemListElement\":[{\"@type\":\"ListItem\",\"position\":1,\"name\":\"Accueil\",\"item\":\"https:\\\/\\\/shop.bantam.ch\\\/de\\\/\"},{\"@type\":\"ListItem\",\"position\":2,\"name\":\"Shop\",\"item\":\"https:\\\/\\\/shop.bantam.ch\\\/de\\\/shop\\\/\"},{\"@type\":\"ListItem\",\"position\":3,\"name\":\"LED Regenrinne Dometic RT200\"}]},{\"@type\":\"WebSite\",\"@id\":\"https:\\\/\\\/shop.bantam.ch\\\/de\\\/#website\",\"url\":\"https:\\\/\\\/shop.bantam.ch\\\/de\\\/\",\"name\":\"Bantam\",\"description\":\"\",\"publisher\":{\"@id\":\"https:\\\/\\\/shop.bantam.ch\\\/de\\\/#organization\"},\"inLanguage\":\"de\"},{\"@type\":\"Organization\",\"@id\":\"https:\\\/\\\/shop.bantam.ch\\\/de\\\/#organization\",\"name\":\"Bantam\",\"url\":\"https:\\\/\\\/shop.bantam.ch\\\/de\\\/\",\"logo\":{\"@type\":\"ImageObject\",\"inLanguage\":\"de\",\"@id\":\"https:\\\/\\\/shop.bantam.ch\\\/de\\\/#\\\/schema\\\/logo\\\/image\\\/\",\"url\":\"https:\\\/\\\/shop.bantam.ch\\\/wp-content\\\/uploads\\\/2022\\\/12\\\/bantam-logo.png\",\"contentUrl\":\"https:\\\/\\\/shop.bantam.ch\\\/wp-content\\\/uploads\\\/2022\\\/12\\\/bantam-logo.png\",\"width\":320,\"height\":71,\"caption\":\"Bantam\"},\"image\":{\"@id\":\"https:\\\/\\\/shop.bantam.ch\\\/de\\\/#\\\/schema\\\/logo\\\/image\\\/\"}}]}<\/script>\n<!-- \/ Yoast SEO plugin. -->","yoast_head_json":{"title":"LED Regenrinne Dometic RT200 - Bantam","robots":{"index":"index","follow":"follow","max-snippet":"max-snippet:-1","max-image-preview":"max-image-preview:large","max-video-preview":"max-video-preview:-1"},"canonical":"https:\/\/shop.bantam.ch\/de\/produkt\/led-regenrinne-dometic-rt200\/","og_locale":"de_DE","og_type":"article","og_title":"LED Regenrinne Dometic RT200 - Bantam","og_description":"Kommt Ihnen das bekannt vor? Jedes Mal, wenn Sie an einem Regentag die Schiebet\u00fcr Ihres Wohnmobils \u00f6ffnen, kommt Ihnen ein Schwall Wasser entgegen. W\u00e4re es nicht sinnvoll, dieses \u00c4rgernis durch eine simple Nachr\u00fcstung zu beseitigen? Die Dometic RainTec RT 200 verhindert, dass Wasser in Ihr Fahrzeug (oder auf Sie) l\u00e4uft. Sie dient au\u00dferdem als Au\u00dfenbeleuchtung [&hellip;]","og_url":"https:\/\/shop.bantam.ch\/de\/produkt\/led-regenrinne-dometic-rt200\/","og_site_name":"Bantam","article_modified_time":"2026-05-02T00:16:42+00:00","twitter_card":"summary_large_image","twitter_misc":{"Gesch\u00e4tzte Lesezeit":"1\u00a0Minute"},"schema":{"@context":"https:\/\/schema.org","@graph":[{"@type":"WebPage","@id":"https:\/\/shop.bantam.ch\/de\/produkt\/led-regenrinne-dometic-rt200\/","url":"https:\/\/shop.bantam.ch\/de\/produkt\/led-regenrinne-dometic-rt200\/","name":"LED Regenrinne Dometic RT200 - Bantam","isPartOf":{"@id":"https:\/\/shop.bantam.ch\/de\/#website"},"primaryImageOfPage":{"@id":"https:\/\/shop.bantam.ch\/de\/produkt\/led-regenrinne-dometic-rt200\/#primaryimage"},"image":{"@id":"https:\/\/shop.bantam.ch\/de\/produkt\/led-regenrinne-dometic-rt200\/#primaryimage"},"thumbnailUrl":"https:\/\/shop.bantam.ch\/wp-content\/uploads\/2026\/01\/Movera-L-9963469100.jpg","datePublished":"2026-01-06T14:28:24+00:00","dateModified":"2026-05-02T00:16:42+00:00","breadcrumb":{"@id":"https:\/\/shop.bantam.ch\/de\/produkt\/led-regenrinne-dometic-rt200\/#breadcrumb"},"inLanguage":"de","potentialAction":[{"@type":"ReadAction","target":["https:\/\/shop.bantam.ch\/de\/produkt\/led-regenrinne-dometic-rt200\/"]}]},{"@type":"ImageObject","inLanguage":"de","@id":"https:\/\/shop.bantam.ch\/de\/produkt\/led-regenrinne-dometic-rt200\/#primaryimage","url":"https:\/\/shop.bantam.ch\/wp-content\/uploads\/2026\/01\/Movera-L-9963469100.jpg","contentUrl":"https:\/\/shop.bantam.ch\/wp-content\/uploads\/2026\/01\/Movera-L-9963469100.jpg","width":640,"height":640},{"@type":"BreadcrumbList","@id":"https:\/\/shop.bantam.ch\/de\/produkt\/led-regenrinne-dometic-rt200\/#breadcrumb","itemListElement":[{"@type":"ListItem","position":1,"name":"Accueil","item":"https:\/\/shop.bantam.ch\/de\/"},{"@type":"ListItem","position":2,"name":"Shop","item":"https:\/\/shop.bantam.ch\/de\/shop\/"},{"@type":"ListItem","position":3,"name":"LED Regenrinne Dometic RT200"}]},{"@type":"WebSite","@id":"https:\/\/shop.bantam.ch\/de\/#website","url":"https:\/\/shop.bantam.ch\/de\/","name":"Bantam","description":"","publisher":{"@id":"https:\/\/shop.bantam.ch\/de\/#organization"},"inLanguage":"de"},{"@type":"Organization","@id":"https:\/\/shop.bantam.ch\/de\/#organization","name":"Bantam","url":"https:\/\/shop.bantam.ch\/de\/","logo":{"@type":"ImageObject","inLanguage":"de","@id":"https:\/\/shop.bantam.ch\/de\/#\/schema\/logo\/image\/","url":"https:\/\/shop.bantam.ch\/wp-content\/uploads\/2022\/12\/bantam-logo.png","contentUrl":"https:\/\/shop.bantam.ch\/wp-content\/uploads\/2022\/12\/bantam-logo.png","width":320,"height":71,"caption":"Bantam"},"image":{"@id":"https:\/\/shop.bantam.ch\/de\/#\/schema\/logo\/image\/"}}]}},"_links":{"self":[{"href":"https:\/\/shop.bantam.ch\/de\/wp-json\/wp\/v2\/product\/227559","targetHints":{"allow":["GET"]}}],"collection":[{"href":"https:\/\/shop.bantam.ch\/de\/wp-json\/wp\/v2\/product"}],"about":[{"href":"https:\/\/shop.bantam.ch\/de\/wp-json\/wp\/v2\/types\/product"}],"wp:featuredmedia":[{"embeddable":true,"href":"https:\/\/shop.bantam.ch\/de\/wp-json\/wp\/v2\/media\/227552"}],"wp:attachment":[{"href":"https:\/\/shop.bantam.ch\/de\/wp-json\/wp\/v2\/media?parent=227559"}],"wp:term":[{"taxonomy":"product_featured_cat","embeddable":true,"href":"https:\/\/shop.bantam.ch\/de\/wp-json\/wp\/v2\/product_featured_cat?post=227559"},{"taxonomy":"product_brand","embeddable":true,"href":"https:\/\/shop.bantam.ch\/de\/wp-json\/wp\/v2\/product_brand?post=227559"},{"taxonomy":"product_cat","embeddable":true,"href":"https:\/\/shop.bantam.ch\/de\/wp-json\/wp\/v2\/product_cat?post=227559"},{"taxonomy":"product_tag","embeddable":true,"href":"https:\/\/shop.bantam.ch\/de\/wp-json\/wp\/v2\/product_tag?post=227559"}],"curies":[{"name":"wp","href":"https:\/\/api.w.org\/{rel}","templated":true}]}}