{"id":227535,"date":"2026-01-06T15:27:28","date_gmt":"2026-01-06T14:27:28","guid":{"rendered":"https:\/\/shop.bantam.ch\/produit\/bentcho-schlafsack-inkl-kapuze\/"},"modified":"2026-05-11T02:20:44","modified_gmt":"2026-05-11T00:20:44","slug":"bentcho-schlafsack-inkl-kapuze","status":"publish","type":"product","link":"https:\/\/shop.bantam.ch\/de\/produkt\/bentcho-schlafsack-inkl-kapuze\/","title":{"rendered":"Bentcho Schlafsack inkl. Kapuze"},"content":{"rendered":"<p>Bentcho ist ein, vollwertiger warmer Schlafsack und multifunktional. Das coole Design ist ein Eyecatcher f\u00fcr drau\u00dfen und drinnen. Der Bentcho ist ein Multitalent und l\u00e4sst sich vielseitig verwandeln.<\/p>\n<p>Der Bentcho vereint folgende Eigenschaften bzw. Funktionalit\u00e4ten:<\/p>\n<ul>\n<li>Vollwertiger Schlafsack in der Gr\u00f6\u00dfe 200 \u00d7 80 cm. Der Bentcho ist mit einem SBS Marken-Rei\u00dfverschluss ausgestattet. Der Bentcho ist koppelbar aufgrund seines umlaufenden Rei\u00dfverschlusses.<\/li>\n<li>Flauschige Decke in der Gr\u00f6\u00dfe 200 \u00d7 160 cm<\/li>\n<li>Poncho- Funktion mit ankn\u00f6pfbarer Kapuze. Durch Druckkn\u00f6pfe auf einer Seite l\u00e4sst sich die Kapuze einkn\u00f6pfen und es entsteht ein praktischer Poncho.<\/li>\n<li>Die Fashion Wendetasche ist ein praktischer Begleiter in der City oder auf der Fashion week.<\/li>\n<li>Die Wendetasche kann auch als flauschiges Kopfkissen genutzt werden.<\/li>\n<li>Bentcho ist ein perfekter Begleiter f\u00fcr die City, Vanlife, Caravaning, Camping, am Strand und beim Festivals.<\/li>\n<\/ul>\n<p>Material:<br \/>\nOberseite: 100% Micro Polyester&nbsp;<br \/>\nInnenseite: 100% Polyester-Sherpa Fleece<br \/>\nF\u00fcllung: 100% Polyester<\/p>\n<p>Lieferumfang:<br \/>\n1 Schlafsack, 1 Kapuze, 1 Wendetasche<\/p>\n","protected":false},"excerpt":{"rendered":"<p>Bentcho ist ein, vollwertiger warmer Schlafsack und multifunktional. Das coole Design ist ein Eyecatcher f\u00fcr drau\u00dfen und drinnen. Der Bentcho ist ein Multitalent und l\u00e4sst sich vielseitig verwandeln. Der Bentcho vereint folgende Eigenschaften bzw. Funktionalit\u00e4ten: Vollwertiger Schlafsack in der Gr\u00f6\u00dfe 200 \u00d7 80 cm. Der Bentcho ist mit einem SBS Marken-Rei\u00dfverschluss ausgestattet. Der Bentcho ist [&hellip;]<\/p>\n","protected":false},"featured_media":227516,"template":"","meta":{"_acf_changed":false},"product_featured_cat":[],"product_brand":[],"product_cat":[4042],"product_tag":[],"class_list":{"0":"post-227535","1":"product","2":"type-product","3":"status-publish","4":"has-post-thumbnail","6":"product_cat-schlafsaecke","8":"first","9":"instock","10":"taxable","11":"shipping-taxable","12":"purchasable","13":"product-type-variable"},"acf":[],"yoast_head":"<!-- This site is optimized with the Yoast SEO plugin v27.5 - https:\/\/yoast.com\/product\/yoast-seo-wordpress\/ -->\n<title>Bentcho Schlafsack inkl. Kapuze - Bantam<\/title>\n<meta name=\"robots\" content=\"index, follow, max-snippet:-1, max-image-preview:large, max-video-preview:-1\" \/>\n<link rel=\"canonical\" href=\"https:\/\/shop.bantam.ch\/de\/produkt\/bentcho-schlafsack-inkl-kapuze\/\" \/>\n<meta property=\"og:locale\" content=\"de_DE\" \/>\n<meta property=\"og:type\" content=\"article\" \/>\n<meta property=\"og:title\" content=\"Bentcho Schlafsack inkl. Kapuze - Bantam\" \/>\n<meta property=\"og:description\" content=\"Bentcho ist ein, vollwertiger warmer Schlafsack und multifunktional. Das coole Design ist ein Eyecatcher f\u00fcr drau\u00dfen und drinnen. Der Bentcho ist ein Multitalent und l\u00e4sst sich vielseitig verwandeln. Der Bentcho vereint folgende Eigenschaften bzw. Funktionalit\u00e4ten: Vollwertiger Schlafsack in der Gr\u00f6\u00dfe 200 \u00d7 80 cm. Der Bentcho ist mit einem SBS Marken-Rei\u00dfverschluss ausgestattet. Der Bentcho ist [&hellip;]\" \/>\n<meta property=\"og:url\" content=\"https:\/\/shop.bantam.ch\/de\/produkt\/bentcho-schlafsack-inkl-kapuze\/\" \/>\n<meta property=\"og:site_name\" content=\"Bantam\" \/>\n<meta property=\"article:modified_time\" content=\"2026-05-11T00:20:44+00:00\" \/>\n<meta name=\"twitter:card\" content=\"summary_large_image\" \/>\n<meta name=\"twitter:label1\" content=\"Gesch\u00e4tzte Lesezeit\" \/>\n\t<meta name=\"twitter:data1\" content=\"1\u00a0Minute\" \/>\n<script type=\"application\/ld+json\" class=\"yoast-schema-graph\">{\"@context\":\"https:\\\/\\\/schema.org\",\"@graph\":[{\"@type\":\"WebPage\",\"@id\":\"https:\\\/\\\/shop.bantam.ch\\\/de\\\/produkt\\\/bentcho-schlafsack-inkl-kapuze\\\/\",\"url\":\"https:\\\/\\\/shop.bantam.ch\\\/de\\\/produkt\\\/bentcho-schlafsack-inkl-kapuze\\\/\",\"name\":\"Bentcho Schlafsack inkl. Kapuze - Bantam\",\"isPartOf\":{\"@id\":\"https:\\\/\\\/shop.bantam.ch\\\/de\\\/#website\"},\"primaryImageOfPage\":{\"@id\":\"https:\\\/\\\/shop.bantam.ch\\\/de\\\/produkt\\\/bentcho-schlafsack-inkl-kapuze\\\/#primaryimage\"},\"image\":{\"@id\":\"https:\\\/\\\/shop.bantam.ch\\\/de\\\/produkt\\\/bentcho-schlafsack-inkl-kapuze\\\/#primaryimage\"},\"thumbnailUrl\":\"https:\\\/\\\/shop.bantam.ch\\\/wp-content\\\/uploads\\\/2026\\\/01\\\/Movera-L-9963298701.jpg\",\"datePublished\":\"2026-01-06T14:27:28+00:00\",\"dateModified\":\"2026-05-11T00:20:44+00:00\",\"breadcrumb\":{\"@id\":\"https:\\\/\\\/shop.bantam.ch\\\/de\\\/produkt\\\/bentcho-schlafsack-inkl-kapuze\\\/#breadcrumb\"},\"inLanguage\":\"de\",\"potentialAction\":[{\"@type\":\"ReadAction\",\"target\":[\"https:\\\/\\\/shop.bantam.ch\\\/de\\\/produkt\\\/bentcho-schlafsack-inkl-kapuze\\\/\"]}]},{\"@type\":\"ImageObject\",\"inLanguage\":\"de\",\"@id\":\"https:\\\/\\\/shop.bantam.ch\\\/de\\\/produkt\\\/bentcho-schlafsack-inkl-kapuze\\\/#primaryimage\",\"url\":\"https:\\\/\\\/shop.bantam.ch\\\/wp-content\\\/uploads\\\/2026\\\/01\\\/Movera-L-9963298701.jpg\",\"contentUrl\":\"https:\\\/\\\/shop.bantam.ch\\\/wp-content\\\/uploads\\\/2026\\\/01\\\/Movera-L-9963298701.jpg\",\"width\":640,\"height\":428},{\"@type\":\"BreadcrumbList\",\"@id\":\"https:\\\/\\\/shop.bantam.ch\\\/de\\\/produkt\\\/bentcho-schlafsack-inkl-kapuze\\\/#breadcrumb\",\"itemListElement\":[{\"@type\":\"ListItem\",\"position\":1,\"name\":\"Accueil\",\"item\":\"https:\\\/\\\/shop.bantam.ch\\\/de\\\/\"},{\"@type\":\"ListItem\",\"position\":2,\"name\":\"Shop\",\"item\":\"https:\\\/\\\/shop.bantam.ch\\\/de\\\/shop\\\/\"},{\"@type\":\"ListItem\",\"position\":3,\"name\":\"Bentcho Schlafsack inkl. Kapuze\"}]},{\"@type\":\"WebSite\",\"@id\":\"https:\\\/\\\/shop.bantam.ch\\\/de\\\/#website\",\"url\":\"https:\\\/\\\/shop.bantam.ch\\\/de\\\/\",\"name\":\"Bantam\",\"description\":\"\",\"publisher\":{\"@id\":\"https:\\\/\\\/shop.bantam.ch\\\/de\\\/#organization\"},\"inLanguage\":\"de\"},{\"@type\":\"Organization\",\"@id\":\"https:\\\/\\\/shop.bantam.ch\\\/de\\\/#organization\",\"name\":\"Bantam\",\"url\":\"https:\\\/\\\/shop.bantam.ch\\\/de\\\/\",\"logo\":{\"@type\":\"ImageObject\",\"inLanguage\":\"de\",\"@id\":\"https:\\\/\\\/shop.bantam.ch\\\/de\\\/#\\\/schema\\\/logo\\\/image\\\/\",\"url\":\"https:\\\/\\\/shop.bantam.ch\\\/wp-content\\\/uploads\\\/2022\\\/12\\\/bantam-logo.png\",\"contentUrl\":\"https:\\\/\\\/shop.bantam.ch\\\/wp-content\\\/uploads\\\/2022\\\/12\\\/bantam-logo.png\",\"width\":320,\"height\":71,\"caption\":\"Bantam\"},\"image\":{\"@id\":\"https:\\\/\\\/shop.bantam.ch\\\/de\\\/#\\\/schema\\\/logo\\\/image\\\/\"}}]}<\/script>\n<!-- \/ Yoast SEO plugin. -->","yoast_head_json":{"title":"Bentcho Schlafsack inkl. Kapuze - Bantam","robots":{"index":"index","follow":"follow","max-snippet":"max-snippet:-1","max-image-preview":"max-image-preview:large","max-video-preview":"max-video-preview:-1"},"canonical":"https:\/\/shop.bantam.ch\/de\/produkt\/bentcho-schlafsack-inkl-kapuze\/","og_locale":"de_DE","og_type":"article","og_title":"Bentcho Schlafsack inkl. Kapuze - Bantam","og_description":"Bentcho ist ein, vollwertiger warmer Schlafsack und multifunktional. Das coole Design ist ein Eyecatcher f\u00fcr drau\u00dfen und drinnen. Der Bentcho ist ein Multitalent und l\u00e4sst sich vielseitig verwandeln. Der Bentcho vereint folgende Eigenschaften bzw. Funktionalit\u00e4ten: Vollwertiger Schlafsack in der Gr\u00f6\u00dfe 200 \u00d7 80 cm. Der Bentcho ist mit einem SBS Marken-Rei\u00dfverschluss ausgestattet. Der Bentcho ist [&hellip;]","og_url":"https:\/\/shop.bantam.ch\/de\/produkt\/bentcho-schlafsack-inkl-kapuze\/","og_site_name":"Bantam","article_modified_time":"2026-05-11T00:20:44+00:00","twitter_card":"summary_large_image","twitter_misc":{"Gesch\u00e4tzte Lesezeit":"1\u00a0Minute"},"schema":{"@context":"https:\/\/schema.org","@graph":[{"@type":"WebPage","@id":"https:\/\/shop.bantam.ch\/de\/produkt\/bentcho-schlafsack-inkl-kapuze\/","url":"https:\/\/shop.bantam.ch\/de\/produkt\/bentcho-schlafsack-inkl-kapuze\/","name":"Bentcho Schlafsack inkl. Kapuze - Bantam","isPartOf":{"@id":"https:\/\/shop.bantam.ch\/de\/#website"},"primaryImageOfPage":{"@id":"https:\/\/shop.bantam.ch\/de\/produkt\/bentcho-schlafsack-inkl-kapuze\/#primaryimage"},"image":{"@id":"https:\/\/shop.bantam.ch\/de\/produkt\/bentcho-schlafsack-inkl-kapuze\/#primaryimage"},"thumbnailUrl":"https:\/\/shop.bantam.ch\/wp-content\/uploads\/2026\/01\/Movera-L-9963298701.jpg","datePublished":"2026-01-06T14:27:28+00:00","dateModified":"2026-05-11T00:20:44+00:00","breadcrumb":{"@id":"https:\/\/shop.bantam.ch\/de\/produkt\/bentcho-schlafsack-inkl-kapuze\/#breadcrumb"},"inLanguage":"de","potentialAction":[{"@type":"ReadAction","target":["https:\/\/shop.bantam.ch\/de\/produkt\/bentcho-schlafsack-inkl-kapuze\/"]}]},{"@type":"ImageObject","inLanguage":"de","@id":"https:\/\/shop.bantam.ch\/de\/produkt\/bentcho-schlafsack-inkl-kapuze\/#primaryimage","url":"https:\/\/shop.bantam.ch\/wp-content\/uploads\/2026\/01\/Movera-L-9963298701.jpg","contentUrl":"https:\/\/shop.bantam.ch\/wp-content\/uploads\/2026\/01\/Movera-L-9963298701.jpg","width":640,"height":428},{"@type":"BreadcrumbList","@id":"https:\/\/shop.bantam.ch\/de\/produkt\/bentcho-schlafsack-inkl-kapuze\/#breadcrumb","itemListElement":[{"@type":"ListItem","position":1,"name":"Accueil","item":"https:\/\/shop.bantam.ch\/de\/"},{"@type":"ListItem","position":2,"name":"Shop","item":"https:\/\/shop.bantam.ch\/de\/shop\/"},{"@type":"ListItem","position":3,"name":"Bentcho Schlafsack inkl. Kapuze"}]},{"@type":"WebSite","@id":"https:\/\/shop.bantam.ch\/de\/#website","url":"https:\/\/shop.bantam.ch\/de\/","name":"Bantam","description":"","publisher":{"@id":"https:\/\/shop.bantam.ch\/de\/#organization"},"inLanguage":"de"},{"@type":"Organization","@id":"https:\/\/shop.bantam.ch\/de\/#organization","name":"Bantam","url":"https:\/\/shop.bantam.ch\/de\/","logo":{"@type":"ImageObject","inLanguage":"de","@id":"https:\/\/shop.bantam.ch\/de\/#\/schema\/logo\/image\/","url":"https:\/\/shop.bantam.ch\/wp-content\/uploads\/2022\/12\/bantam-logo.png","contentUrl":"https:\/\/shop.bantam.ch\/wp-content\/uploads\/2022\/12\/bantam-logo.png","width":320,"height":71,"caption":"Bantam"},"image":{"@id":"https:\/\/shop.bantam.ch\/de\/#\/schema\/logo\/image\/"}}]}},"_links":{"self":[{"href":"https:\/\/shop.bantam.ch\/de\/wp-json\/wp\/v2\/product\/227535","targetHints":{"allow":["GET"]}}],"collection":[{"href":"https:\/\/shop.bantam.ch\/de\/wp-json\/wp\/v2\/product"}],"about":[{"href":"https:\/\/shop.bantam.ch\/de\/wp-json\/wp\/v2\/types\/product"}],"wp:featuredmedia":[{"embeddable":true,"href":"https:\/\/shop.bantam.ch\/de\/wp-json\/wp\/v2\/media\/227516"}],"wp:attachment":[{"href":"https:\/\/shop.bantam.ch\/de\/wp-json\/wp\/v2\/media?parent=227535"}],"wp:term":[{"taxonomy":"product_featured_cat","embeddable":true,"href":"https:\/\/shop.bantam.ch\/de\/wp-json\/wp\/v2\/product_featured_cat?post=227535"},{"taxonomy":"product_brand","embeddable":true,"href":"https:\/\/shop.bantam.ch\/de\/wp-json\/wp\/v2\/product_brand?post=227535"},{"taxonomy":"product_cat","embeddable":true,"href":"https:\/\/shop.bantam.ch\/de\/wp-json\/wp\/v2\/product_cat?post=227535"},{"taxonomy":"product_tag","embeddable":true,"href":"https:\/\/shop.bantam.ch\/de\/wp-json\/wp\/v2\/product_tag?post=227535"}],"curies":[{"name":"wp","href":"https:\/\/api.w.org\/{rel}","templated":true}]}}