{"id":227410,"date":"2026-01-06T15:24:28","date_gmt":"2026-01-06T14:24:28","guid":{"rendered":"https:\/\/shop.bantam.ch\/produit\/infotainer-2-teil-multimediasystem-9-zoll-display-rechnereinheit\/"},"modified":"2026-04-21T23:52:00","modified_gmt":"2026-04-21T21:52:00","slug":"infotainer-2-teil-multimediasystem-9-zoll-display-rechnereinheit","status":"publish","type":"product","link":"https:\/\/shop.bantam.ch\/de\/produkt\/infotainer-2-teil-multimediasystem-9-zoll-display-rechnereinheit\/","title":{"rendered":"Infotainer 2-teil. Multimediasystem 9 Zoll Display + Rechnereinheit"},"content":{"rendered":"<p><!--StartFragment -->Der Z-N1000 ist ein innovatives Infotainment System mit 9\u201c\/22,9 cm Touchscreen zum universellen Einbau, z.B. in Fahrzeuge, die nicht \u00fcber einen \u00fcblichen 1- oder 2-DIN Einbauslot verf\u00fcgen: Reise- und Expeditionsmobile, Rei\u00adse\u00adbusse, Nutz- und Sonder\u00adfahr\u00adzeu\u00adge oder selbstausgebaute Fahrzeuge. Der Z-N1000 besteht aus einem Monitor und einer separaten Rechnereinheit. Beide Komponenten lassen sich individuell installieren, der Rechner z.B. im Hand\u00adschuhfach, der Mittelkonsole oder im Fu\u00dfraum. Nach der Montage werden Rechner und Monitor \u00fcber ein 1,3 m langes Datenkabel verbunden. Der Z-N1000 ist ein top ausgestattetes Multimediasystem mit DAB+ Dop\u00adpel\u00adtuner, UKW Autoradio, zwei USB-Ports und Bluetooth. Es unterst\u00fctzt Wireless Android Auto\u2122 sowie Wireless Apple CarPlay (detaillierte Ausstattungsliste siehe gegen\u00fcberliegende Seite). Es lassen sich bis zu drei Ka\u00adme\u00adra\u00adsysteme (AHD 720\/1080p, CVBS) anschlie\u00dfen, inklusive der ZENEC Mul\u00adti\u00adview-Varianten.<!--EndFragment --><\/p>\n","protected":false},"excerpt":{"rendered":"<p>Der Z-N1000 ist ein innovatives Infotainment System mit 9\u201c\/22,9 cm Touchscreen zum universellen Einbau, z.B. in Fahrzeuge, die nicht \u00fcber einen \u00fcblichen 1- oder 2-DIN Einbauslot verf\u00fcgen: Reise- und Expeditionsmobile, Rei\u00adse\u00adbusse, Nutz- und Sonder\u00adfahr\u00adzeu\u00adge oder selbstausgebaute Fahrzeuge. Der Z-N1000 besteht aus einem Monitor und einer separaten Rechnereinheit. Beide Komponenten lassen sich individuell installieren, der Rechner [&hellip;]<\/p>\n","protected":false},"featured_media":227402,"template":"","meta":{"_acf_changed":false},"product_featured_cat":[],"product_brand":[],"product_cat":[5000],"product_tag":[],"class_list":{"0":"post-227410","1":"product","2":"type-product","3":"status-publish","4":"has-post-thumbnail","6":"product_cat-monitore","8":"first","9":"instock","10":"taxable","11":"shipping-taxable","12":"purchasable","13":"product-type-simple"},"acf":[],"yoast_head":"<!-- This site is optimized with the Yoast SEO plugin v27.4 - https:\/\/yoast.com\/product\/yoast-seo-wordpress\/ -->\n<title>Infotainer 2-teil. Multimediasystem 9 Zoll Display + Rechnereinheit - Bantam Camping AG<\/title>\n<meta name=\"robots\" content=\"index, follow, max-snippet:-1, max-image-preview:large, max-video-preview:-1\" \/>\n<link rel=\"canonical\" href=\"https:\/\/shop.bantam.ch\/de\/produkt\/infotainer-2-teil-multimediasystem-9-zoll-display-rechnereinheit\/\" \/>\n<meta property=\"og:locale\" content=\"de_DE\" \/>\n<meta property=\"og:type\" content=\"article\" \/>\n<meta property=\"og:title\" content=\"Infotainer 2-teil. Multimediasystem 9 Zoll Display + Rechnereinheit - Bantam Camping AG\" \/>\n<meta property=\"og:description\" content=\"Der Z-N1000 ist ein innovatives Infotainment System mit 9\u201c\/22,9 cm Touchscreen zum universellen Einbau, z.B. in Fahrzeuge, die nicht \u00fcber einen \u00fcblichen 1- oder 2-DIN Einbauslot verf\u00fcgen: Reise- und Expeditionsmobile, Rei\u00adse\u00adbusse, Nutz- und Sonder\u00adfahr\u00adzeu\u00adge oder selbstausgebaute Fahrzeuge. Der Z-N1000 besteht aus einem Monitor und einer separaten Rechnereinheit. Beide Komponenten lassen sich individuell installieren, der Rechner [&hellip;]\" \/>\n<meta property=\"og:url\" content=\"https:\/\/shop.bantam.ch\/de\/produkt\/infotainer-2-teil-multimediasystem-9-zoll-display-rechnereinheit\/\" \/>\n<meta property=\"og:site_name\" content=\"Bantam Camping AG\" \/>\n<meta property=\"article:modified_time\" content=\"2026-04-21T21:52:00+00:00\" \/>\n<meta name=\"twitter:card\" content=\"summary_large_image\" \/>\n<meta name=\"twitter:label1\" content=\"Gesch\u00e4tzte Lesezeit\" \/>\n\t<meta name=\"twitter:data1\" content=\"1\u00a0Minute\" \/>\n<script type=\"application\/ld+json\" class=\"yoast-schema-graph\">{\"@context\":\"https:\\\/\\\/schema.org\",\"@graph\":[{\"@type\":\"WebPage\",\"@id\":\"https:\\\/\\\/shop.bantam.ch\\\/de\\\/produkt\\\/infotainer-2-teil-multimediasystem-9-zoll-display-rechnereinheit\\\/\",\"url\":\"https:\\\/\\\/shop.bantam.ch\\\/de\\\/produkt\\\/infotainer-2-teil-multimediasystem-9-zoll-display-rechnereinheit\\\/\",\"name\":\"Infotainer 2-teil. Multimediasystem 9 Zoll Display + Rechnereinheit - Bantam Camping AG\",\"isPartOf\":{\"@id\":\"https:\\\/\\\/shop.bantam.ch\\\/de\\\/#website\"},\"primaryImageOfPage\":{\"@id\":\"https:\\\/\\\/shop.bantam.ch\\\/de\\\/produkt\\\/infotainer-2-teil-multimediasystem-9-zoll-display-rechnereinheit\\\/#primaryimage\"},\"image\":{\"@id\":\"https:\\\/\\\/shop.bantam.ch\\\/de\\\/produkt\\\/infotainer-2-teil-multimediasystem-9-zoll-display-rechnereinheit\\\/#primaryimage\"},\"thumbnailUrl\":\"https:\\\/\\\/shop.bantam.ch\\\/wp-content\\\/uploads\\\/2026\\\/01\\\/Movera-L-9959291100.png\",\"datePublished\":\"2026-01-06T14:24:28+00:00\",\"dateModified\":\"2026-04-21T21:52:00+00:00\",\"breadcrumb\":{\"@id\":\"https:\\\/\\\/shop.bantam.ch\\\/de\\\/produkt\\\/infotainer-2-teil-multimediasystem-9-zoll-display-rechnereinheit\\\/#breadcrumb\"},\"inLanguage\":\"de\",\"potentialAction\":[{\"@type\":\"ReadAction\",\"target\":[\"https:\\\/\\\/shop.bantam.ch\\\/de\\\/produkt\\\/infotainer-2-teil-multimediasystem-9-zoll-display-rechnereinheit\\\/\"]}]},{\"@type\":\"ImageObject\",\"inLanguage\":\"de\",\"@id\":\"https:\\\/\\\/shop.bantam.ch\\\/de\\\/produkt\\\/infotainer-2-teil-multimediasystem-9-zoll-display-rechnereinheit\\\/#primaryimage\",\"url\":\"https:\\\/\\\/shop.bantam.ch\\\/wp-content\\\/uploads\\\/2026\\\/01\\\/Movera-L-9959291100.png\",\"contentUrl\":\"https:\\\/\\\/shop.bantam.ch\\\/wp-content\\\/uploads\\\/2026\\\/01\\\/Movera-L-9959291100.png\",\"width\":640,\"height\":436},{\"@type\":\"BreadcrumbList\",\"@id\":\"https:\\\/\\\/shop.bantam.ch\\\/de\\\/produkt\\\/infotainer-2-teil-multimediasystem-9-zoll-display-rechnereinheit\\\/#breadcrumb\",\"itemListElement\":[{\"@type\":\"ListItem\",\"position\":1,\"name\":\"Accueil\",\"item\":\"https:\\\/\\\/shop.bantam.ch\\\/de\\\/\"},{\"@type\":\"ListItem\",\"position\":2,\"name\":\"Shop\",\"item\":\"https:\\\/\\\/shop.bantam.ch\\\/de\\\/shop\\\/\"},{\"@type\":\"ListItem\",\"position\":3,\"name\":\"Infotainer 2-teil. Multimediasystem 9 Zoll Display + Rechnereinheit\"}]},{\"@type\":\"WebSite\",\"@id\":\"https:\\\/\\\/shop.bantam.ch\\\/de\\\/#website\",\"url\":\"https:\\\/\\\/shop.bantam.ch\\\/de\\\/\",\"name\":\"Bantam Camping AG\",\"description\":\"\",\"publisher\":{\"@id\":\"https:\\\/\\\/shop.bantam.ch\\\/de\\\/#organization\"},\"inLanguage\":\"de\"},{\"@type\":\"Organization\",\"@id\":\"https:\\\/\\\/shop.bantam.ch\\\/de\\\/#organization\",\"name\":\"Bantam Camping AG\",\"url\":\"https:\\\/\\\/shop.bantam.ch\\\/de\\\/\",\"logo\":{\"@type\":\"ImageObject\",\"inLanguage\":\"de\",\"@id\":\"https:\\\/\\\/shop.bantam.ch\\\/de\\\/#\\\/schema\\\/logo\\\/image\\\/\",\"url\":\"https:\\\/\\\/shop.bantam.ch\\\/wp-content\\\/uploads\\\/2022\\\/12\\\/bantam-logo.png\",\"contentUrl\":\"https:\\\/\\\/shop.bantam.ch\\\/wp-content\\\/uploads\\\/2022\\\/12\\\/bantam-logo.png\",\"width\":320,\"height\":71,\"caption\":\"Bantam Camping AG\"},\"image\":{\"@id\":\"https:\\\/\\\/shop.bantam.ch\\\/de\\\/#\\\/schema\\\/logo\\\/image\\\/\"}}]}<\/script>\n<!-- \/ Yoast SEO plugin. -->","yoast_head_json":{"title":"Infotainer 2-teil. Multimediasystem 9 Zoll Display + Rechnereinheit - Bantam Camping AG","robots":{"index":"index","follow":"follow","max-snippet":"max-snippet:-1","max-image-preview":"max-image-preview:large","max-video-preview":"max-video-preview:-1"},"canonical":"https:\/\/shop.bantam.ch\/de\/produkt\/infotainer-2-teil-multimediasystem-9-zoll-display-rechnereinheit\/","og_locale":"de_DE","og_type":"article","og_title":"Infotainer 2-teil. Multimediasystem 9 Zoll Display + Rechnereinheit - Bantam Camping AG","og_description":"Der Z-N1000 ist ein innovatives Infotainment System mit 9\u201c\/22,9 cm Touchscreen zum universellen Einbau, z.B. in Fahrzeuge, die nicht \u00fcber einen \u00fcblichen 1- oder 2-DIN Einbauslot verf\u00fcgen: Reise- und Expeditionsmobile, Rei\u00adse\u00adbusse, Nutz- und Sonder\u00adfahr\u00adzeu\u00adge oder selbstausgebaute Fahrzeuge. Der Z-N1000 besteht aus einem Monitor und einer separaten Rechnereinheit. Beide Komponenten lassen sich individuell installieren, der Rechner [&hellip;]","og_url":"https:\/\/shop.bantam.ch\/de\/produkt\/infotainer-2-teil-multimediasystem-9-zoll-display-rechnereinheit\/","og_site_name":"Bantam Camping AG","article_modified_time":"2026-04-21T21:52:00+00:00","twitter_card":"summary_large_image","twitter_misc":{"Gesch\u00e4tzte Lesezeit":"1\u00a0Minute"},"schema":{"@context":"https:\/\/schema.org","@graph":[{"@type":"WebPage","@id":"https:\/\/shop.bantam.ch\/de\/produkt\/infotainer-2-teil-multimediasystem-9-zoll-display-rechnereinheit\/","url":"https:\/\/shop.bantam.ch\/de\/produkt\/infotainer-2-teil-multimediasystem-9-zoll-display-rechnereinheit\/","name":"Infotainer 2-teil. Multimediasystem 9 Zoll Display + Rechnereinheit - Bantam Camping AG","isPartOf":{"@id":"https:\/\/shop.bantam.ch\/de\/#website"},"primaryImageOfPage":{"@id":"https:\/\/shop.bantam.ch\/de\/produkt\/infotainer-2-teil-multimediasystem-9-zoll-display-rechnereinheit\/#primaryimage"},"image":{"@id":"https:\/\/shop.bantam.ch\/de\/produkt\/infotainer-2-teil-multimediasystem-9-zoll-display-rechnereinheit\/#primaryimage"},"thumbnailUrl":"https:\/\/shop.bantam.ch\/wp-content\/uploads\/2026\/01\/Movera-L-9959291100.png","datePublished":"2026-01-06T14:24:28+00:00","dateModified":"2026-04-21T21:52:00+00:00","breadcrumb":{"@id":"https:\/\/shop.bantam.ch\/de\/produkt\/infotainer-2-teil-multimediasystem-9-zoll-display-rechnereinheit\/#breadcrumb"},"inLanguage":"de","potentialAction":[{"@type":"ReadAction","target":["https:\/\/shop.bantam.ch\/de\/produkt\/infotainer-2-teil-multimediasystem-9-zoll-display-rechnereinheit\/"]}]},{"@type":"ImageObject","inLanguage":"de","@id":"https:\/\/shop.bantam.ch\/de\/produkt\/infotainer-2-teil-multimediasystem-9-zoll-display-rechnereinheit\/#primaryimage","url":"https:\/\/shop.bantam.ch\/wp-content\/uploads\/2026\/01\/Movera-L-9959291100.png","contentUrl":"https:\/\/shop.bantam.ch\/wp-content\/uploads\/2026\/01\/Movera-L-9959291100.png","width":640,"height":436},{"@type":"BreadcrumbList","@id":"https:\/\/shop.bantam.ch\/de\/produkt\/infotainer-2-teil-multimediasystem-9-zoll-display-rechnereinheit\/#breadcrumb","itemListElement":[{"@type":"ListItem","position":1,"name":"Accueil","item":"https:\/\/shop.bantam.ch\/de\/"},{"@type":"ListItem","position":2,"name":"Shop","item":"https:\/\/shop.bantam.ch\/de\/shop\/"},{"@type":"ListItem","position":3,"name":"Infotainer 2-teil. Multimediasystem 9 Zoll Display + Rechnereinheit"}]},{"@type":"WebSite","@id":"https:\/\/shop.bantam.ch\/de\/#website","url":"https:\/\/shop.bantam.ch\/de\/","name":"Bantam Camping AG","description":"","publisher":{"@id":"https:\/\/shop.bantam.ch\/de\/#organization"},"inLanguage":"de"},{"@type":"Organization","@id":"https:\/\/shop.bantam.ch\/de\/#organization","name":"Bantam Camping AG","url":"https:\/\/shop.bantam.ch\/de\/","logo":{"@type":"ImageObject","inLanguage":"de","@id":"https:\/\/shop.bantam.ch\/de\/#\/schema\/logo\/image\/","url":"https:\/\/shop.bantam.ch\/wp-content\/uploads\/2022\/12\/bantam-logo.png","contentUrl":"https:\/\/shop.bantam.ch\/wp-content\/uploads\/2022\/12\/bantam-logo.png","width":320,"height":71,"caption":"Bantam Camping AG"},"image":{"@id":"https:\/\/shop.bantam.ch\/de\/#\/schema\/logo\/image\/"}}]}},"_links":{"self":[{"href":"https:\/\/shop.bantam.ch\/de\/wp-json\/wp\/v2\/product\/227410","targetHints":{"allow":["GET"]}}],"collection":[{"href":"https:\/\/shop.bantam.ch\/de\/wp-json\/wp\/v2\/product"}],"about":[{"href":"https:\/\/shop.bantam.ch\/de\/wp-json\/wp\/v2\/types\/product"}],"wp:featuredmedia":[{"embeddable":true,"href":"https:\/\/shop.bantam.ch\/de\/wp-json\/wp\/v2\/media\/227402"}],"wp:attachment":[{"href":"https:\/\/shop.bantam.ch\/de\/wp-json\/wp\/v2\/media?parent=227410"}],"wp:term":[{"taxonomy":"product_featured_cat","embeddable":true,"href":"https:\/\/shop.bantam.ch\/de\/wp-json\/wp\/v2\/product_featured_cat?post=227410"},{"taxonomy":"product_brand","embeddable":true,"href":"https:\/\/shop.bantam.ch\/de\/wp-json\/wp\/v2\/product_brand?post=227410"},{"taxonomy":"product_cat","embeddable":true,"href":"https:\/\/shop.bantam.ch\/de\/wp-json\/wp\/v2\/product_cat?post=227410"},{"taxonomy":"product_tag","embeddable":true,"href":"https:\/\/shop.bantam.ch\/de\/wp-json\/wp\/v2\/product_tag?post=227410"}],"curies":[{"name":"wp","href":"https:\/\/api.w.org\/{rel}","templated":true}]}}