{"id":227400,"date":"2026-01-06T15:24:18","date_gmt":"2026-01-06T14:24:18","guid":{"rendered":"https:\/\/shop.bantam.ch\/produit\/batterieladegeraet-orion-xs-1400-dc-dc-charger\/"},"modified":"2026-04-17T23:46:42","modified_gmt":"2026-04-17T21:46:42","slug":"batterieladegeraet-orion-xs-1400-dc-dc-charger","status":"publish","type":"product","link":"https:\/\/shop.bantam.ch\/de\/produkt\/batterieladegeraet-orion-xs-1400-dc-dc-charger\/","title":{"rendered":"Batterieladeger\u00e4t Orion XS 1400 DC-DC Charger"},"content":{"rendered":"<p><!--StartFragment -->Der Orion XS 1400 ist ein leistungsstarker, vielseitiger DC-DC-Ladebooster, der sowohl in 12V- als auch 24V-Systemen einsetzbar ist. Mit einem einstellbaren Ladestrom bis 50 Ampere und frei definierbarer Ausgangsspannung passt er sich flexibel an unterschiedlichste Systeme an. Die galvanische Trennung sorgt f\u00fcr zus\u00e4tzliche Sicherheit und Systemunabh\u00e4ngigkeit, besonders in komplexen Installationen.<\/p>\n<p>&nbsp;<\/p>\n<p>Mit bis zu 1.400 Watt Ladeleistung bei gleichzeitig hoher Effizienz stellt der Orion XS sicher, dass auch gro\u00dfe Verbraucher oder Batterieb\u00e4nke zuverl\u00e4ssig und z\u00fcgig geladen werden. Der Ladestrom l\u00e4sst sich pr\u00e4zise in 0,1-A-Schritten regulieren \u2013 ideal f\u00fcr sensible Systeme und zur optimalen Anpassung an Lichtmaschinen oder Batteriekapazit\u00e4ten.<\/p>\n<p>&nbsp;<\/p>\n<p>Dank eines l\u00fcfterlosen Designs mit Aluminium-Platinenk\u00fchlung erreicht der Ladebooster einen Wirkungsgrad von bis zu 98,5 %. Gleichzeitig bleibt das Ger\u00e4t kompakt, ger\u00e4uschlos und widerstandsf\u00e4hig \u2013 selbst bei hoher Last oder sommerlichen Temperaturen. Die thermische Leistungsanpassung sch\u00fctzt vor \u00dcberhitzung, ohne den Betrieb abrupt zu unterbrechen.<\/p>\n<p><!--EndFragment --><\/p>\n","protected":false},"excerpt":{"rendered":"<p>Der Orion XS 1400 ist ein leistungsstarker, vielseitiger DC-DC-Ladebooster, der sowohl in 12V- als auch 24V-Systemen einsetzbar ist. Mit einem einstellbaren Ladestrom bis 50 Ampere und frei definierbarer Ausgangsspannung passt er sich flexibel an unterschiedlichste Systeme an. Die galvanische Trennung sorgt f\u00fcr zus\u00e4tzliche Sicherheit und Systemunabh\u00e4ngigkeit, besonders in komplexen Installationen. &nbsp; Mit bis zu 1.400 [&hellip;]<\/p>\n","protected":false},"featured_media":227398,"template":"","meta":{"_acf_changed":false},"product_featured_cat":[],"product_brand":[],"product_cat":[4190],"product_tag":[],"class_list":{"0":"post-227400","1":"product","2":"type-product","3":"status-publish","4":"has-post-thumbnail","6":"product_cat-batterieladegeraete","8":"first","9":"instock","10":"taxable","11":"shipping-taxable","12":"purchasable","13":"product-type-simple"},"acf":[],"yoast_head":"<!-- This site is optimized with the Yoast SEO plugin v27.4 - https:\/\/yoast.com\/product\/yoast-seo-wordpress\/ -->\n<title>Batterieladeger\u00e4t Orion XS 1400 DC-DC Charger - Bantam Camping AG<\/title>\n<meta name=\"robots\" content=\"index, follow, max-snippet:-1, max-image-preview:large, max-video-preview:-1\" \/>\n<link rel=\"canonical\" href=\"https:\/\/shop.bantam.ch\/de\/produkt\/batterieladegeraet-orion-xs-1400-dc-dc-charger\/\" \/>\n<meta property=\"og:locale\" content=\"de_DE\" \/>\n<meta property=\"og:type\" content=\"article\" \/>\n<meta property=\"og:title\" content=\"Batterieladeger\u00e4t Orion XS 1400 DC-DC Charger - Bantam Camping AG\" \/>\n<meta property=\"og:description\" content=\"Der Orion XS 1400 ist ein leistungsstarker, vielseitiger DC-DC-Ladebooster, der sowohl in 12V- als auch 24V-Systemen einsetzbar ist. Mit einem einstellbaren Ladestrom bis 50 Ampere und frei definierbarer Ausgangsspannung passt er sich flexibel an unterschiedlichste Systeme an. Die galvanische Trennung sorgt f\u00fcr zus\u00e4tzliche Sicherheit und Systemunabh\u00e4ngigkeit, besonders in komplexen Installationen. &nbsp; Mit bis zu 1.400 [&hellip;]\" \/>\n<meta property=\"og:url\" content=\"https:\/\/shop.bantam.ch\/de\/produkt\/batterieladegeraet-orion-xs-1400-dc-dc-charger\/\" \/>\n<meta property=\"og:site_name\" content=\"Bantam Camping AG\" \/>\n<meta property=\"article:modified_time\" content=\"2026-04-17T21:46:42+00:00\" \/>\n<meta name=\"twitter:card\" content=\"summary_large_image\" \/>\n<meta name=\"twitter:label1\" content=\"Gesch\u00e4tzte Lesezeit\" \/>\n\t<meta name=\"twitter:data1\" content=\"1\u00a0Minute\" \/>\n<script type=\"application\/ld+json\" class=\"yoast-schema-graph\">{\"@context\":\"https:\\\/\\\/schema.org\",\"@graph\":[{\"@type\":\"WebPage\",\"@id\":\"https:\\\/\\\/shop.bantam.ch\\\/de\\\/produkt\\\/batterieladegeraet-orion-xs-1400-dc-dc-charger\\\/\",\"url\":\"https:\\\/\\\/shop.bantam.ch\\\/de\\\/produkt\\\/batterieladegeraet-orion-xs-1400-dc-dc-charger\\\/\",\"name\":\"Batterieladeger\u00e4t Orion XS 1400 DC-DC Charger - Bantam Camping AG\",\"isPartOf\":{\"@id\":\"https:\\\/\\\/shop.bantam.ch\\\/de\\\/#website\"},\"primaryImageOfPage\":{\"@id\":\"https:\\\/\\\/shop.bantam.ch\\\/de\\\/produkt\\\/batterieladegeraet-orion-xs-1400-dc-dc-charger\\\/#primaryimage\"},\"image\":{\"@id\":\"https:\\\/\\\/shop.bantam.ch\\\/de\\\/produkt\\\/batterieladegeraet-orion-xs-1400-dc-dc-charger\\\/#primaryimage\"},\"thumbnailUrl\":\"https:\\\/\\\/shop.bantam.ch\\\/wp-content\\\/uploads\\\/2026\\\/01\\\/Movera-L-9959058100.jpg\",\"datePublished\":\"2026-01-06T14:24:18+00:00\",\"dateModified\":\"2026-04-17T21:46:42+00:00\",\"breadcrumb\":{\"@id\":\"https:\\\/\\\/shop.bantam.ch\\\/de\\\/produkt\\\/batterieladegeraet-orion-xs-1400-dc-dc-charger\\\/#breadcrumb\"},\"inLanguage\":\"de\",\"potentialAction\":[{\"@type\":\"ReadAction\",\"target\":[\"https:\\\/\\\/shop.bantam.ch\\\/de\\\/produkt\\\/batterieladegeraet-orion-xs-1400-dc-dc-charger\\\/\"]}]},{\"@type\":\"ImageObject\",\"inLanguage\":\"de\",\"@id\":\"https:\\\/\\\/shop.bantam.ch\\\/de\\\/produkt\\\/batterieladegeraet-orion-xs-1400-dc-dc-charger\\\/#primaryimage\",\"url\":\"https:\\\/\\\/shop.bantam.ch\\\/wp-content\\\/uploads\\\/2026\\\/01\\\/Movera-L-9959058100.jpg\",\"contentUrl\":\"https:\\\/\\\/shop.bantam.ch\\\/wp-content\\\/uploads\\\/2026\\\/01\\\/Movera-L-9959058100.jpg\",\"width\":640,\"height\":640},{\"@type\":\"BreadcrumbList\",\"@id\":\"https:\\\/\\\/shop.bantam.ch\\\/de\\\/produkt\\\/batterieladegeraet-orion-xs-1400-dc-dc-charger\\\/#breadcrumb\",\"itemListElement\":[{\"@type\":\"ListItem\",\"position\":1,\"name\":\"Accueil\",\"item\":\"https:\\\/\\\/shop.bantam.ch\\\/de\\\/\"},{\"@type\":\"ListItem\",\"position\":2,\"name\":\"Shop\",\"item\":\"https:\\\/\\\/shop.bantam.ch\\\/de\\\/shop\\\/\"},{\"@type\":\"ListItem\",\"position\":3,\"name\":\"Batterieladeger\u00e4t Orion XS 1400 DC-DC Charger\"}]},{\"@type\":\"WebSite\",\"@id\":\"https:\\\/\\\/shop.bantam.ch\\\/de\\\/#website\",\"url\":\"https:\\\/\\\/shop.bantam.ch\\\/de\\\/\",\"name\":\"Bantam Camping AG\",\"description\":\"\",\"publisher\":{\"@id\":\"https:\\\/\\\/shop.bantam.ch\\\/de\\\/#organization\"},\"inLanguage\":\"de\"},{\"@type\":\"Organization\",\"@id\":\"https:\\\/\\\/shop.bantam.ch\\\/de\\\/#organization\",\"name\":\"Bantam Camping AG\",\"url\":\"https:\\\/\\\/shop.bantam.ch\\\/de\\\/\",\"logo\":{\"@type\":\"ImageObject\",\"inLanguage\":\"de\",\"@id\":\"https:\\\/\\\/shop.bantam.ch\\\/de\\\/#\\\/schema\\\/logo\\\/image\\\/\",\"url\":\"https:\\\/\\\/shop.bantam.ch\\\/wp-content\\\/uploads\\\/2022\\\/12\\\/bantam-logo.png\",\"contentUrl\":\"https:\\\/\\\/shop.bantam.ch\\\/wp-content\\\/uploads\\\/2022\\\/12\\\/bantam-logo.png\",\"width\":320,\"height\":71,\"caption\":\"Bantam Camping AG\"},\"image\":{\"@id\":\"https:\\\/\\\/shop.bantam.ch\\\/de\\\/#\\\/schema\\\/logo\\\/image\\\/\"}}]}<\/script>\n<!-- \/ Yoast SEO plugin. -->","yoast_head_json":{"title":"Batterieladeger\u00e4t Orion XS 1400 DC-DC Charger - Bantam Camping AG","robots":{"index":"index","follow":"follow","max-snippet":"max-snippet:-1","max-image-preview":"max-image-preview:large","max-video-preview":"max-video-preview:-1"},"canonical":"https:\/\/shop.bantam.ch\/de\/produkt\/batterieladegeraet-orion-xs-1400-dc-dc-charger\/","og_locale":"de_DE","og_type":"article","og_title":"Batterieladeger\u00e4t Orion XS 1400 DC-DC Charger - Bantam Camping AG","og_description":"Der Orion XS 1400 ist ein leistungsstarker, vielseitiger DC-DC-Ladebooster, der sowohl in 12V- als auch 24V-Systemen einsetzbar ist. Mit einem einstellbaren Ladestrom bis 50 Ampere und frei definierbarer Ausgangsspannung passt er sich flexibel an unterschiedlichste Systeme an. Die galvanische Trennung sorgt f\u00fcr zus\u00e4tzliche Sicherheit und Systemunabh\u00e4ngigkeit, besonders in komplexen Installationen. &nbsp; Mit bis zu 1.400 [&hellip;]","og_url":"https:\/\/shop.bantam.ch\/de\/produkt\/batterieladegeraet-orion-xs-1400-dc-dc-charger\/","og_site_name":"Bantam Camping AG","article_modified_time":"2026-04-17T21:46:42+00:00","twitter_card":"summary_large_image","twitter_misc":{"Gesch\u00e4tzte Lesezeit":"1\u00a0Minute"},"schema":{"@context":"https:\/\/schema.org","@graph":[{"@type":"WebPage","@id":"https:\/\/shop.bantam.ch\/de\/produkt\/batterieladegeraet-orion-xs-1400-dc-dc-charger\/","url":"https:\/\/shop.bantam.ch\/de\/produkt\/batterieladegeraet-orion-xs-1400-dc-dc-charger\/","name":"Batterieladeger\u00e4t Orion XS 1400 DC-DC Charger - Bantam Camping AG","isPartOf":{"@id":"https:\/\/shop.bantam.ch\/de\/#website"},"primaryImageOfPage":{"@id":"https:\/\/shop.bantam.ch\/de\/produkt\/batterieladegeraet-orion-xs-1400-dc-dc-charger\/#primaryimage"},"image":{"@id":"https:\/\/shop.bantam.ch\/de\/produkt\/batterieladegeraet-orion-xs-1400-dc-dc-charger\/#primaryimage"},"thumbnailUrl":"https:\/\/shop.bantam.ch\/wp-content\/uploads\/2026\/01\/Movera-L-9959058100.jpg","datePublished":"2026-01-06T14:24:18+00:00","dateModified":"2026-04-17T21:46:42+00:00","breadcrumb":{"@id":"https:\/\/shop.bantam.ch\/de\/produkt\/batterieladegeraet-orion-xs-1400-dc-dc-charger\/#breadcrumb"},"inLanguage":"de","potentialAction":[{"@type":"ReadAction","target":["https:\/\/shop.bantam.ch\/de\/produkt\/batterieladegeraet-orion-xs-1400-dc-dc-charger\/"]}]},{"@type":"ImageObject","inLanguage":"de","@id":"https:\/\/shop.bantam.ch\/de\/produkt\/batterieladegeraet-orion-xs-1400-dc-dc-charger\/#primaryimage","url":"https:\/\/shop.bantam.ch\/wp-content\/uploads\/2026\/01\/Movera-L-9959058100.jpg","contentUrl":"https:\/\/shop.bantam.ch\/wp-content\/uploads\/2026\/01\/Movera-L-9959058100.jpg","width":640,"height":640},{"@type":"BreadcrumbList","@id":"https:\/\/shop.bantam.ch\/de\/produkt\/batterieladegeraet-orion-xs-1400-dc-dc-charger\/#breadcrumb","itemListElement":[{"@type":"ListItem","position":1,"name":"Accueil","item":"https:\/\/shop.bantam.ch\/de\/"},{"@type":"ListItem","position":2,"name":"Shop","item":"https:\/\/shop.bantam.ch\/de\/shop\/"},{"@type":"ListItem","position":3,"name":"Batterieladeger\u00e4t Orion XS 1400 DC-DC Charger"}]},{"@type":"WebSite","@id":"https:\/\/shop.bantam.ch\/de\/#website","url":"https:\/\/shop.bantam.ch\/de\/","name":"Bantam Camping AG","description":"","publisher":{"@id":"https:\/\/shop.bantam.ch\/de\/#organization"},"inLanguage":"de"},{"@type":"Organization","@id":"https:\/\/shop.bantam.ch\/de\/#organization","name":"Bantam Camping AG","url":"https:\/\/shop.bantam.ch\/de\/","logo":{"@type":"ImageObject","inLanguage":"de","@id":"https:\/\/shop.bantam.ch\/de\/#\/schema\/logo\/image\/","url":"https:\/\/shop.bantam.ch\/wp-content\/uploads\/2022\/12\/bantam-logo.png","contentUrl":"https:\/\/shop.bantam.ch\/wp-content\/uploads\/2022\/12\/bantam-logo.png","width":320,"height":71,"caption":"Bantam Camping AG"},"image":{"@id":"https:\/\/shop.bantam.ch\/de\/#\/schema\/logo\/image\/"}}]}},"_links":{"self":[{"href":"https:\/\/shop.bantam.ch\/de\/wp-json\/wp\/v2\/product\/227400","targetHints":{"allow":["GET"]}}],"collection":[{"href":"https:\/\/shop.bantam.ch\/de\/wp-json\/wp\/v2\/product"}],"about":[{"href":"https:\/\/shop.bantam.ch\/de\/wp-json\/wp\/v2\/types\/product"}],"wp:featuredmedia":[{"embeddable":true,"href":"https:\/\/shop.bantam.ch\/de\/wp-json\/wp\/v2\/media\/227398"}],"wp:attachment":[{"href":"https:\/\/shop.bantam.ch\/de\/wp-json\/wp\/v2\/media?parent=227400"}],"wp:term":[{"taxonomy":"product_featured_cat","embeddable":true,"href":"https:\/\/shop.bantam.ch\/de\/wp-json\/wp\/v2\/product_featured_cat?post=227400"},{"taxonomy":"product_brand","embeddable":true,"href":"https:\/\/shop.bantam.ch\/de\/wp-json\/wp\/v2\/product_brand?post=227400"},{"taxonomy":"product_cat","embeddable":true,"href":"https:\/\/shop.bantam.ch\/de\/wp-json\/wp\/v2\/product_cat?post=227400"},{"taxonomy":"product_tag","embeddable":true,"href":"https:\/\/shop.bantam.ch\/de\/wp-json\/wp\/v2\/product_tag?post=227400"}],"curies":[{"name":"wp","href":"https:\/\/api.w.org\/{rel}","templated":true}]}}