{"id":227382,"date":"2026-01-06T15:23:34","date_gmt":"2026-01-06T14:23:34","guid":{"rendered":"https:\/\/shop.bantam.ch\/produit\/inet-x-connectivity-set\/"},"modified":"2026-04-17T23:46:42","modified_gmt":"2026-04-17T21:46:42","slug":"inet-x-connectivity-set","status":"publish","type":"product","link":"https:\/\/shop.bantam.ch\/de\/produkt\/inet-x-connectivity-set\/","title":{"rendered":"INet X Connectivity Set"},"content":{"rendered":"<p><!--StartFragment --><\/p>\n<p><strong>Truma iNet X System<\/strong><\/p>\n<p>Das Truma iNet X System erm\u00f6glicht die zentrale Steuerung mehrerer Ger\u00e4te und bietet gleichzeitig n\u00fctzliche Services. Kurzum: es steht f\u00fcr maximalen Komfort. Das System umfasst das Truma iNet X (Pro) Panel, die dazugeh\u00f6rige App und das Truma iNet X Connect. Mit dem Truma iNet X Connect ist eine Fernsteuerung m\u00f6glich, sodass Sie bereits vom Strand oder der Skipiste aus alles f\u00fcr Ihre R\u00fcckkehr vorbereiten k\u00f6nnen.<\/p>\n<p>Dank der Updatef\u00e4higkeit des gesamten Systems bleibt es stets auf dem neuesten Stand und entwickelt sich kontinuierlich weiter. W\u00e4hrend das Truma iNet X Panel nachger\u00fcstet werden kann, wird das Truma iNet X Pro Panel lediglich werksseitig verbaut.<\/p>\n<p>&nbsp;<\/p>\n<p><strong>Truma iNet X Connect<\/strong><\/p>\n<p>Das Remote-Modul Truma iNet X Connect erm\u00f6glicht die Nutzung der Truma iNet X App von unterwegs. Sie k\u00f6nnen Ihre an das Truma iNet X System angeschlossenen Ger\u00e4te jetzt<\/p>\n<p>bequem aus der Ferne steuern und Statusanzeigen einsehen, ohne in de N\u00e4he Ihres Fahrzeugs sein zu m\u00fcssen. Einfach den Remote-Control-Service** aktivieren und schon kann es los gehen.<\/p>\n<p>&nbsp;<\/p>\n<p>So funktioniert\u2019s<\/p>\n<p>Das Remote-Modul wird \u00fcber ein Kabel mit dem Truma iNet X (Pro) Panel oder der Aventa 2.Gen (mit Interface) verbunden. Sobald die Truma iNet X App mit dem Panel verbunden ist, wird Truma iNet X Connect automatisch erkannt und wechselt zu einem Willkommensbildschirm in der Truma iNet X App. In wenigen Schritten ist der Service aktiviert und es kann los gehen.<\/p>\n<p>&nbsp;<\/p>\n<p><strong>Truma iNet X Panel (inkl. Truma iNet X App)<\/strong><\/p>\n<p>Mit dem Truma iNet X Panel steuern Sie die wichtigsten Komfortprodukte in Ihrem Fahrzeug und profi tieren von praktischen Services. Die Bedienung erfolgt \u00fcber einen 4,3\u201c Touchscreen. Mit nur wenigen Kicks ist alles eingestellt. Dank integriertem Bluetooth l\u00e4sst sich das Truma iNet X Panel auch bequem \u00fcber die kostenlose Truma iNet X App steuern.<\/p>\n<p><strong>Wichtig:<\/strong><\/p>\n<p>Die Truma iNet X App ist notwendig, um Updates auf das Truma iNet X Panel zu spielen und einzelne Einstellungen vorzunehmen (z.B. Einstellung der Timer, Einrichtung Truma LevelControl)<\/p>\n<p>&nbsp;<\/p>\n<ul>\n<li>Intuitiv: Bedienung via Touchscreen und kostenfreier App<\/li>\n<li>Praktisch: n\u00fctzliche Services, wie z.B. Timer<\/li>\n<li>Updatef\u00e4hig: Aktualisierungen bequem via App durchf\u00fchrbar<\/li>\n<li>Mobil: Steuerung von unterwegs m\u00f6glich *<\/li>\n<\/ul>\n<p>&nbsp;<\/p>\n<p>*in Verbindung mit Truma iNet X Connect<\/p>\n<p>&nbsp;<\/p>\n<p>Technische Daten:<\/p>\n<ul>\n<li>Touchscreen-Display: TFT-LCD 4,3&#8243; (resistiv)<\/li>\n<li>Betriebstemperaturbereich: \u201330 \u00b0C bis +70 \u00b0C<\/li>\n<li>Lagertemperaturbereich: \u201330 \u00b0C bis +70 \u00b0C<\/li>\n<li>Schnittstellen: TIN-Bus, CI-Bus, CAN-Bus, Bluetooth<\/li>\n<li>Bluetooth: Ausgangsleistung: 5 dBm, Tune-up tolerance: +\/\u2013 3 dBm<\/li>\n<li>Spannungsversorgung: 12 V (8 V \u2013 16 V)<\/li>\n<li>Leistungsaufnahme: 1,5 W (13 mA)<\/li>\n<li>Batterie: Batterie CR 2032<\/li>\n<li>Gewicht: ca. 150 g<\/li>\n<li>Ma\u00dfe: 96,7 x 120,1 x 31 mm (L x B x H)<\/li>\n<\/ul>\n<p>&nbsp;<\/p>\n<p>Lieferumfang:<\/p>\n<p>Bedienteil, 12 V-Anschlu\u00dfkabel, Gebrauchsanleitung, Einbauanleitung, Kabelbinder, Sicherungshalter<\/p>\n<p>&nbsp;<\/p>\n<p><strong>Truma iNet X Panel und Truma iNet X App<\/strong><\/p>\n<p>Funktionsumfang<\/p>\n<p>&nbsp;<\/p>\n<p><strong>Kompatible Ger\u00e4te:<\/strong><\/p>\n<p>Combi-Modelle von Truma, Alde 3020 HE, Aventa-Modelle, Saphir-Modelle, Dometic Freshjet, Truma LevelControl<\/p>\n<p>&nbsp;<\/p>\n<ul>\n<li>Heizung und Klimaanlage mit nur wenigen Klicks einstellen<\/li>\n<li>Passende Wassertemperatur f\u00fcr jeden Anlass w\u00e4hlen<\/li>\n<li>Gasf\u00fcllstand jederzeit checken via Truma LevelControl<\/li>\n<li>Bis zu 6 Timer gleichzeitig einstellen<\/li>\n<li>Au\u00dfen- und Innentemperatur immer im Blick<\/li>\n<li>Bei Problemen konkrete Hilfestellungen erhalten<\/li>\n<\/ul>\n<p><strong>Truma iNet X Connectivity Set<\/strong><\/p>\n<p>Set zum Nachr\u00fcsten. Wechsel vom Bedienteil Truma CP plus auf das Truma iNet X Panel.<\/p>\n<p>&nbsp;<\/p>\n<p>Lieferumfang:<\/p>\n<p>1x Truma iNet X Panel, 1x Abdeckrahmen iNet X Panel,<\/p>\n<p>1x Truma iNet X Connect, CAN-Kabel 3 m, Kabelbinder 100 x 2,5mm schwarz,<\/p>\n<p>Sicherungshalter inkl. Sicherung 1 AF, Gebrauchsanleitung, Einbauanleitung<\/p>\n<p>&nbsp;<\/p>\n<p>&nbsp;<\/p>\n<p><!--EndFragment --><\/p>\n","protected":false},"excerpt":{"rendered":"<p>Truma iNet X System Das Truma iNet X System erm\u00f6glicht die zentrale Steuerung mehrerer Ger\u00e4te und bietet gleichzeitig n\u00fctzliche Services. Kurzum: es steht f\u00fcr maximalen Komfort. Das System umfasst das Truma iNet X (Pro) Panel, die dazugeh\u00f6rige App und das Truma iNet X Connect. Mit dem Truma iNet X Connect ist eine Fernsteuerung m\u00f6glich, sodass [&hellip;]<\/p>\n","protected":false},"featured_media":227378,"template":"","meta":{"_acf_changed":false},"product_featured_cat":[],"product_brand":[],"product_cat":[5166],"product_tag":[],"class_list":{"0":"post-227382","1":"product","2":"type-product","3":"status-publish","4":"has-post-thumbnail","6":"product_cat-zubehoer-heizungen","8":"first","9":"instock","10":"taxable","11":"shipping-taxable","12":"purchasable","13":"product-type-simple"},"acf":[],"yoast_head":"<!-- This site is optimized with the Yoast SEO plugin v27.4 - https:\/\/yoast.com\/product\/yoast-seo-wordpress\/ -->\n<title>INet X Connectivity Set - Bantam Camping AG<\/title>\n<meta name=\"robots\" content=\"index, follow, max-snippet:-1, max-image-preview:large, max-video-preview:-1\" \/>\n<link rel=\"canonical\" href=\"https:\/\/shop.bantam.ch\/de\/produkt\/inet-x-connectivity-set\/\" \/>\n<meta property=\"og:locale\" content=\"de_DE\" \/>\n<meta property=\"og:type\" content=\"article\" \/>\n<meta property=\"og:title\" content=\"INet X Connectivity Set - Bantam Camping AG\" \/>\n<meta property=\"og:description\" content=\"Truma iNet X System Das Truma iNet X System erm\u00f6glicht die zentrale Steuerung mehrerer Ger\u00e4te und bietet gleichzeitig n\u00fctzliche Services. Kurzum: es steht f\u00fcr maximalen Komfort. Das System umfasst das Truma iNet X (Pro) Panel, die dazugeh\u00f6rige App und das Truma iNet X Connect. Mit dem Truma iNet X Connect ist eine Fernsteuerung m\u00f6glich, sodass [&hellip;]\" \/>\n<meta property=\"og:url\" content=\"https:\/\/shop.bantam.ch\/de\/produkt\/inet-x-connectivity-set\/\" \/>\n<meta property=\"og:site_name\" content=\"Bantam Camping AG\" \/>\n<meta property=\"article:modified_time\" content=\"2026-04-17T21:46:42+00:00\" \/>\n<meta name=\"twitter:card\" content=\"summary_large_image\" \/>\n<meta name=\"twitter:label1\" content=\"Gesch\u00e4tzte Lesezeit\" \/>\n\t<meta name=\"twitter:data1\" content=\"3\u00a0Minuten\" \/>\n<script type=\"application\/ld+json\" class=\"yoast-schema-graph\">{\"@context\":\"https:\\\/\\\/schema.org\",\"@graph\":[{\"@type\":\"WebPage\",\"@id\":\"https:\\\/\\\/shop.bantam.ch\\\/de\\\/produkt\\\/inet-x-connectivity-set\\\/\",\"url\":\"https:\\\/\\\/shop.bantam.ch\\\/de\\\/produkt\\\/inet-x-connectivity-set\\\/\",\"name\":\"INet X Connectivity Set - Bantam Camping AG\",\"isPartOf\":{\"@id\":\"https:\\\/\\\/shop.bantam.ch\\\/de\\\/#website\"},\"primaryImageOfPage\":{\"@id\":\"https:\\\/\\\/shop.bantam.ch\\\/de\\\/produkt\\\/inet-x-connectivity-set\\\/#primaryimage\"},\"image\":{\"@id\":\"https:\\\/\\\/shop.bantam.ch\\\/de\\\/produkt\\\/inet-x-connectivity-set\\\/#primaryimage\"},\"thumbnailUrl\":\"https:\\\/\\\/shop.bantam.ch\\\/wp-content\\\/uploads\\\/2026\\\/01\\\/Movera-L-9958933100.jpg\",\"datePublished\":\"2026-01-06T14:23:34+00:00\",\"dateModified\":\"2026-04-17T21:46:42+00:00\",\"breadcrumb\":{\"@id\":\"https:\\\/\\\/shop.bantam.ch\\\/de\\\/produkt\\\/inet-x-connectivity-set\\\/#breadcrumb\"},\"inLanguage\":\"de\",\"potentialAction\":[{\"@type\":\"ReadAction\",\"target\":[\"https:\\\/\\\/shop.bantam.ch\\\/de\\\/produkt\\\/inet-x-connectivity-set\\\/\"]}]},{\"@type\":\"ImageObject\",\"inLanguage\":\"de\",\"@id\":\"https:\\\/\\\/shop.bantam.ch\\\/de\\\/produkt\\\/inet-x-connectivity-set\\\/#primaryimage\",\"url\":\"https:\\\/\\\/shop.bantam.ch\\\/wp-content\\\/uploads\\\/2026\\\/01\\\/Movera-L-9958933100.jpg\",\"contentUrl\":\"https:\\\/\\\/shop.bantam.ch\\\/wp-content\\\/uploads\\\/2026\\\/01\\\/Movera-L-9958933100.jpg\",\"width\":640,\"height\":441},{\"@type\":\"BreadcrumbList\",\"@id\":\"https:\\\/\\\/shop.bantam.ch\\\/de\\\/produkt\\\/inet-x-connectivity-set\\\/#breadcrumb\",\"itemListElement\":[{\"@type\":\"ListItem\",\"position\":1,\"name\":\"Accueil\",\"item\":\"https:\\\/\\\/shop.bantam.ch\\\/de\\\/\"},{\"@type\":\"ListItem\",\"position\":2,\"name\":\"Shop\",\"item\":\"https:\\\/\\\/shop.bantam.ch\\\/de\\\/shop\\\/\"},{\"@type\":\"ListItem\",\"position\":3,\"name\":\"INet X Connectivity Set\"}]},{\"@type\":\"WebSite\",\"@id\":\"https:\\\/\\\/shop.bantam.ch\\\/de\\\/#website\",\"url\":\"https:\\\/\\\/shop.bantam.ch\\\/de\\\/\",\"name\":\"Bantam Camping AG\",\"description\":\"\",\"publisher\":{\"@id\":\"https:\\\/\\\/shop.bantam.ch\\\/de\\\/#organization\"},\"inLanguage\":\"de\"},{\"@type\":\"Organization\",\"@id\":\"https:\\\/\\\/shop.bantam.ch\\\/de\\\/#organization\",\"name\":\"Bantam Camping AG\",\"url\":\"https:\\\/\\\/shop.bantam.ch\\\/de\\\/\",\"logo\":{\"@type\":\"ImageObject\",\"inLanguage\":\"de\",\"@id\":\"https:\\\/\\\/shop.bantam.ch\\\/de\\\/#\\\/schema\\\/logo\\\/image\\\/\",\"url\":\"https:\\\/\\\/shop.bantam.ch\\\/wp-content\\\/uploads\\\/2022\\\/12\\\/bantam-logo.png\",\"contentUrl\":\"https:\\\/\\\/shop.bantam.ch\\\/wp-content\\\/uploads\\\/2022\\\/12\\\/bantam-logo.png\",\"width\":320,\"height\":71,\"caption\":\"Bantam Camping AG\"},\"image\":{\"@id\":\"https:\\\/\\\/shop.bantam.ch\\\/de\\\/#\\\/schema\\\/logo\\\/image\\\/\"}}]}<\/script>\n<!-- \/ Yoast SEO plugin. -->","yoast_head_json":{"title":"INet X Connectivity Set - Bantam Camping AG","robots":{"index":"index","follow":"follow","max-snippet":"max-snippet:-1","max-image-preview":"max-image-preview:large","max-video-preview":"max-video-preview:-1"},"canonical":"https:\/\/shop.bantam.ch\/de\/produkt\/inet-x-connectivity-set\/","og_locale":"de_DE","og_type":"article","og_title":"INet X Connectivity Set - Bantam Camping AG","og_description":"Truma iNet X System Das Truma iNet X System erm\u00f6glicht die zentrale Steuerung mehrerer Ger\u00e4te und bietet gleichzeitig n\u00fctzliche Services. Kurzum: es steht f\u00fcr maximalen Komfort. Das System umfasst das Truma iNet X (Pro) Panel, die dazugeh\u00f6rige App und das Truma iNet X Connect. Mit dem Truma iNet X Connect ist eine Fernsteuerung m\u00f6glich, sodass [&hellip;]","og_url":"https:\/\/shop.bantam.ch\/de\/produkt\/inet-x-connectivity-set\/","og_site_name":"Bantam Camping AG","article_modified_time":"2026-04-17T21:46:42+00:00","twitter_card":"summary_large_image","twitter_misc":{"Gesch\u00e4tzte Lesezeit":"3\u00a0Minuten"},"schema":{"@context":"https:\/\/schema.org","@graph":[{"@type":"WebPage","@id":"https:\/\/shop.bantam.ch\/de\/produkt\/inet-x-connectivity-set\/","url":"https:\/\/shop.bantam.ch\/de\/produkt\/inet-x-connectivity-set\/","name":"INet X Connectivity Set - Bantam Camping AG","isPartOf":{"@id":"https:\/\/shop.bantam.ch\/de\/#website"},"primaryImageOfPage":{"@id":"https:\/\/shop.bantam.ch\/de\/produkt\/inet-x-connectivity-set\/#primaryimage"},"image":{"@id":"https:\/\/shop.bantam.ch\/de\/produkt\/inet-x-connectivity-set\/#primaryimage"},"thumbnailUrl":"https:\/\/shop.bantam.ch\/wp-content\/uploads\/2026\/01\/Movera-L-9958933100.jpg","datePublished":"2026-01-06T14:23:34+00:00","dateModified":"2026-04-17T21:46:42+00:00","breadcrumb":{"@id":"https:\/\/shop.bantam.ch\/de\/produkt\/inet-x-connectivity-set\/#breadcrumb"},"inLanguage":"de","potentialAction":[{"@type":"ReadAction","target":["https:\/\/shop.bantam.ch\/de\/produkt\/inet-x-connectivity-set\/"]}]},{"@type":"ImageObject","inLanguage":"de","@id":"https:\/\/shop.bantam.ch\/de\/produkt\/inet-x-connectivity-set\/#primaryimage","url":"https:\/\/shop.bantam.ch\/wp-content\/uploads\/2026\/01\/Movera-L-9958933100.jpg","contentUrl":"https:\/\/shop.bantam.ch\/wp-content\/uploads\/2026\/01\/Movera-L-9958933100.jpg","width":640,"height":441},{"@type":"BreadcrumbList","@id":"https:\/\/shop.bantam.ch\/de\/produkt\/inet-x-connectivity-set\/#breadcrumb","itemListElement":[{"@type":"ListItem","position":1,"name":"Accueil","item":"https:\/\/shop.bantam.ch\/de\/"},{"@type":"ListItem","position":2,"name":"Shop","item":"https:\/\/shop.bantam.ch\/de\/shop\/"},{"@type":"ListItem","position":3,"name":"INet X Connectivity Set"}]},{"@type":"WebSite","@id":"https:\/\/shop.bantam.ch\/de\/#website","url":"https:\/\/shop.bantam.ch\/de\/","name":"Bantam Camping AG","description":"","publisher":{"@id":"https:\/\/shop.bantam.ch\/de\/#organization"},"inLanguage":"de"},{"@type":"Organization","@id":"https:\/\/shop.bantam.ch\/de\/#organization","name":"Bantam Camping AG","url":"https:\/\/shop.bantam.ch\/de\/","logo":{"@type":"ImageObject","inLanguage":"de","@id":"https:\/\/shop.bantam.ch\/de\/#\/schema\/logo\/image\/","url":"https:\/\/shop.bantam.ch\/wp-content\/uploads\/2022\/12\/bantam-logo.png","contentUrl":"https:\/\/shop.bantam.ch\/wp-content\/uploads\/2022\/12\/bantam-logo.png","width":320,"height":71,"caption":"Bantam Camping AG"},"image":{"@id":"https:\/\/shop.bantam.ch\/de\/#\/schema\/logo\/image\/"}}]}},"_links":{"self":[{"href":"https:\/\/shop.bantam.ch\/de\/wp-json\/wp\/v2\/product\/227382","targetHints":{"allow":["GET"]}}],"collection":[{"href":"https:\/\/shop.bantam.ch\/de\/wp-json\/wp\/v2\/product"}],"about":[{"href":"https:\/\/shop.bantam.ch\/de\/wp-json\/wp\/v2\/types\/product"}],"wp:featuredmedia":[{"embeddable":true,"href":"https:\/\/shop.bantam.ch\/de\/wp-json\/wp\/v2\/media\/227378"}],"wp:attachment":[{"href":"https:\/\/shop.bantam.ch\/de\/wp-json\/wp\/v2\/media?parent=227382"}],"wp:term":[{"taxonomy":"product_featured_cat","embeddable":true,"href":"https:\/\/shop.bantam.ch\/de\/wp-json\/wp\/v2\/product_featured_cat?post=227382"},{"taxonomy":"product_brand","embeddable":true,"href":"https:\/\/shop.bantam.ch\/de\/wp-json\/wp\/v2\/product_brand?post=227382"},{"taxonomy":"product_cat","embeddable":true,"href":"https:\/\/shop.bantam.ch\/de\/wp-json\/wp\/v2\/product_cat?post=227382"},{"taxonomy":"product_tag","embeddable":true,"href":"https:\/\/shop.bantam.ch\/de\/wp-json\/wp\/v2\/product_tag?post=227382"}],"curies":[{"name":"wp","href":"https:\/\/api.w.org\/{rel}","templated":true}]}}